{"id":7980,"date":"2022-11-17T10:22:08","date_gmt":"2022-11-17T10:22:08","guid":{"rendered":"https:\/\/everydaychemshop.com\/es\/?post_type=product&#038;p=7980"},"modified":"2023-04-07T08:16:04","modified_gmt":"2023-04-07T08:16:04","slug":"sales-de-bano-droga","status":"publish","type":"product","link":"https:\/\/everydaychemshop.com\/es\/product\/sales-de-bano-droga\/","title":{"rendered":"Drogas de sales de ba\u00f1o"},"content":{"rendered":"<h1>Comprar Sales de Ba\u00f1o online<\/h1>\n<p><a href=\"https:\/\/everydaychemshop.com\/es\/product\/sales-de-bano-droga\/\">Comprar Sales de Ba\u00f1o online<\/a>. Las sales de ba\u00f1o son una droga de dise\u00f1o de abuso con informes de intoxicaci\u00f3n peligrosa en los departamentos de emergencia de todo EE. UU. Las &#8220;sales de ba\u00f1o&#8221; no son un producto de higiene utilizado para ba\u00f1arse, como podr\u00eda implicar su nombre, sino que son peligrosas catinonas sint\u00e9ticas (&#8220;hechas por el hombre&#8221;). Las catinonas son estimulantes que se encuentran en la planta khat, cultivada en el este de \u00c1frica y <a href=\"https:\/\/en.wikipedia.org\/wiki\/Bath_salts_(drug)\">el<\/a> sur de Arabia. Estas drogas que alteran la mente son potentes estimulantes del sistema nervioso central que inhiben el sistema de recaptaci\u00f3n de dopamina-norepinefrina (neurotransmisores en el cerebro).<\/p>\n","protected":false},"excerpt":{"rendered":"<p>Las sales de ba\u00f1o son una droga de dise\u00f1o de abuso con informes de intoxicaci\u00f3n peligrosa en los departamentos de emergencia de los EE. UU.<\/p>\n","protected":false},"featured_media":7982,"comment_status":"open","ping_status":"closed","template":"","meta":{"inline_featured_image":false},"product_brand":[],"product_cat":[116],"product_tag":[],"class_list":{"0":"post-7980","1":"product","2":"type-product","3":"status-publish","4":"has-post-thumbnail","6":"product_cat-pain-killers","8":"first","9":"instock","10":"shipping-taxable","11":"purchasable","12":"product-type-simple"},"yoast_head":"<!-- This site is optimized with the Yoast SEO Premium plugin v19.2 (Yoast SEO v27.3) - https:\/\/yoast.com\/product\/yoast-seo-premium-wordpress\/ -->\n<title>Comprar Sales de Ba\u00f1o online - Everyday Chem Shop<\/title>\n<meta name=\"description\" content=\"Comprar Sales de Ba\u00f1o online. Vendemos sales de ba\u00f1o de la mejor calidad en l\u00ednea. P\u00f3ngase en contacto para obtener m\u00e1s informaci\u00f3n y precios para su pedido.\" \/>\n<meta name=\"robots\" content=\"index, follow, max-snippet:-1, max-image-preview:large, max-video-preview:-1\" \/>\n<link rel=\"canonical\" href=\"https:\/\/everydaychemshop.com\/es\/product\/sales-de-bano-droga\/\" \/>\n<meta property=\"og:locale\" content=\"en_US\" \/>\n<meta property=\"og:type\" content=\"article\" \/>\n<meta property=\"og:title\" content=\"Drogas de sales de ba\u00f1o\" \/>\n<meta property=\"og:description\" content=\"Comprar Sales de Ba\u00f1o online. Vendemos sales de ba\u00f1o de la mejor calidad en l\u00ednea. P\u00f3ngase en contacto para obtener m\u00e1s informaci\u00f3n y precios para su pedido.\" \/>\n<meta property=\"og:url\" content=\"https:\/\/everydaychemshop.com\/es\/product\/sales-de-bano-droga\/\" \/>\n<meta property=\"og:site_name\" content=\"Everyday Chem Shop\" \/>\n<meta property=\"article:modified_time\" content=\"2023-04-07T08:16:04+00:00\" \/>\n<meta property=\"og:image\" content=\"https:\/\/everydaychemshop.com\/es\/wp-content\/uploads\/sites\/4\/2022\/11\/Bath-salts-drug-1.jpg\" \/>\n\t<meta property=\"og:image:width\" content=\"300\" \/>\n\t<meta property=\"og:image:height\" content=\"200\" \/>\n\t<meta property=\"og:image:type\" content=\"image\/jpeg\" \/>\n<meta name=\"twitter:card\" content=\"summary_large_image\" \/>\n<meta name=\"twitter:label1\" content=\"Est. reading time\" \/>\n\t<meta name=\"twitter:data1\" content=\"1 minute\" \/>\n<script type=\"application\/ld+json\" class=\"yoast-schema-graph\">{\"@context\":\"https:\\\/\\\/schema.org\",\"@graph\":[{\"@type\":\"WebPage\",\"@id\":\"https:\\\/\\\/everydaychemshop.com\\\/es\\\/product\\\/sales-de-bano-droga\\\/\",\"url\":\"https:\\\/\\\/everydaychemshop.com\\\/es\\\/product\\\/sales-de-bano-droga\\\/\",\"name\":\"Comprar Sales de Ba\u00f1o online - Everyday Chem Shop\",\"isPartOf\":{\"@id\":\"https:\\\/\\\/everydaychemshop.com\\\/es\\\/#website\"},\"primaryImageOfPage\":{\"@id\":\"https:\\\/\\\/everydaychemshop.com\\\/es\\\/product\\\/sales-de-bano-droga\\\/#primaryimage\"},\"image\":{\"@id\":\"https:\\\/\\\/everydaychemshop.com\\\/es\\\/product\\\/sales-de-bano-droga\\\/#primaryimage\"},\"thumbnailUrl\":\"https:\\\/\\\/everydaychemshop.com\\\/es\\\/wp-content\\\/uploads\\\/sites\\\/4\\\/2022\\\/11\\\/Bath-salts-drug-1.jpg\",\"datePublished\":\"2022-11-17T10:22:08+00:00\",\"dateModified\":\"2023-04-07T08:16:04+00:00\",\"description\":\"Comprar Sales de Ba\u00f1o online. Vendemos sales de ba\u00f1o de la mejor calidad en l\u00ednea. P\u00f3ngase en contacto para obtener m\u00e1s informaci\u00f3n y precios para su pedido.\",\"breadcrumb\":{\"@id\":\"https:\\\/\\\/everydaychemshop.com\\\/es\\\/product\\\/sales-de-bano-droga\\\/#breadcrumb\"},\"inLanguage\":\"en-US\",\"potentialAction\":[{\"@type\":\"ReadAction\",\"target\":[\"https:\\\/\\\/everydaychemshop.com\\\/es\\\/product\\\/sales-de-bano-droga\\\/\"]}]},{\"@type\":\"ImageObject\",\"inLanguage\":\"en-US\",\"@id\":\"https:\\\/\\\/everydaychemshop.com\\\/es\\\/product\\\/sales-de-bano-droga\\\/#primaryimage\",\"url\":\"https:\\\/\\\/everydaychemshop.com\\\/es\\\/wp-content\\\/uploads\\\/sites\\\/4\\\/2022\\\/11\\\/Bath-salts-drug-1.jpg\",\"contentUrl\":\"https:\\\/\\\/everydaychemshop.com\\\/es\\\/wp-content\\\/uploads\\\/sites\\\/4\\\/2022\\\/11\\\/Bath-salts-drug-1.jpg\",\"width\":300,\"height\":200,\"caption\":\"Comprar Sales de Ba\u00f1o online\"},{\"@type\":\"BreadcrumbList\",\"@id\":\"https:\\\/\\\/everydaychemshop.com\\\/es\\\/product\\\/sales-de-bano-droga\\\/#breadcrumb\",\"itemListElement\":[{\"@type\":\"ListItem\",\"position\":1,\"name\":\"Home\",\"item\":\"https:\\\/\\\/everydaychemshop.com\\\/es\\\/\"},{\"@type\":\"ListItem\",\"position\":2,\"name\":\"Productos\",\"item\":\"https:\\\/\\\/everydaychemshop.com\\\/es\\\/productos\\\/\"},{\"@type\":\"ListItem\",\"position\":3,\"name\":\"Drogas de sales de ba\u00f1o\"}]},{\"@type\":\"WebSite\",\"@id\":\"https:\\\/\\\/everydaychemshop.com\\\/es\\\/#website\",\"url\":\"https:\\\/\\\/everydaychemshop.com\\\/es\\\/\",\"name\":\"Everyday Chem Shop\",\"description\":\"\",\"potentialAction\":[{\"@type\":\"SearchAction\",\"target\":{\"@type\":\"EntryPoint\",\"urlTemplate\":\"https:\\\/\\\/everydaychemshop.com\\\/es\\\/?s={search_term_string}\"},\"query-input\":{\"@type\":\"PropertyValueSpecification\",\"valueRequired\":true,\"valueName\":\"search_term_string\"}}],\"inLanguage\":\"en-US\"}]}<\/script>\n<!-- \/ Yoast SEO Premium plugin. -->","yoast_head_json":{"title":"Comprar Sales de Ba\u00f1o online - Everyday Chem Shop","description":"Comprar Sales de Ba\u00f1o online. Vendemos sales de ba\u00f1o de la mejor calidad en l\u00ednea. P\u00f3ngase en contacto para obtener m\u00e1s informaci\u00f3n y precios para su pedido.","robots":{"index":"index","follow":"follow","max-snippet":"max-snippet:-1","max-image-preview":"max-image-preview:large","max-video-preview":"max-video-preview:-1"},"canonical":"https:\/\/everydaychemshop.com\/es\/product\/sales-de-bano-droga\/","og_locale":"en_US","og_type":"article","og_title":"Drogas de sales de ba\u00f1o","og_description":"Comprar Sales de Ba\u00f1o online. Vendemos sales de ba\u00f1o de la mejor calidad en l\u00ednea. P\u00f3ngase en contacto para obtener m\u00e1s informaci\u00f3n y precios para su pedido.","og_url":"https:\/\/everydaychemshop.com\/es\/product\/sales-de-bano-droga\/","og_site_name":"Everyday Chem Shop","article_modified_time":"2023-04-07T08:16:04+00:00","og_image":[{"width":300,"height":200,"url":"https:\/\/everydaychemshop.com\/es\/wp-content\/uploads\/sites\/4\/2022\/11\/Bath-salts-drug-1.jpg","type":"image\/jpeg"}],"twitter_card":"summary_large_image","twitter_misc":{"Est. reading time":"1 minute"},"schema":{"@context":"https:\/\/schema.org","@graph":[{"@type":"WebPage","@id":"https:\/\/everydaychemshop.com\/es\/product\/sales-de-bano-droga\/","url":"https:\/\/everydaychemshop.com\/es\/product\/sales-de-bano-droga\/","name":"Comprar Sales de Ba\u00f1o online - Everyday Chem Shop","isPartOf":{"@id":"https:\/\/everydaychemshop.com\/es\/#website"},"primaryImageOfPage":{"@id":"https:\/\/everydaychemshop.com\/es\/product\/sales-de-bano-droga\/#primaryimage"},"image":{"@id":"https:\/\/everydaychemshop.com\/es\/product\/sales-de-bano-droga\/#primaryimage"},"thumbnailUrl":"https:\/\/everydaychemshop.com\/es\/wp-content\/uploads\/sites\/4\/2022\/11\/Bath-salts-drug-1.jpg","datePublished":"2022-11-17T10:22:08+00:00","dateModified":"2023-04-07T08:16:04+00:00","description":"Comprar Sales de Ba\u00f1o online. Vendemos sales de ba\u00f1o de la mejor calidad en l\u00ednea. P\u00f3ngase en contacto para obtener m\u00e1s informaci\u00f3n y precios para su pedido.","breadcrumb":{"@id":"https:\/\/everydaychemshop.com\/es\/product\/sales-de-bano-droga\/#breadcrumb"},"inLanguage":"en-US","potentialAction":[{"@type":"ReadAction","target":["https:\/\/everydaychemshop.com\/es\/product\/sales-de-bano-droga\/"]}]},{"@type":"ImageObject","inLanguage":"en-US","@id":"https:\/\/everydaychemshop.com\/es\/product\/sales-de-bano-droga\/#primaryimage","url":"https:\/\/everydaychemshop.com\/es\/wp-content\/uploads\/sites\/4\/2022\/11\/Bath-salts-drug-1.jpg","contentUrl":"https:\/\/everydaychemshop.com\/es\/wp-content\/uploads\/sites\/4\/2022\/11\/Bath-salts-drug-1.jpg","width":300,"height":200,"caption":"Comprar Sales de Ba\u00f1o online"},{"@type":"BreadcrumbList","@id":"https:\/\/everydaychemshop.com\/es\/product\/sales-de-bano-droga\/#breadcrumb","itemListElement":[{"@type":"ListItem","position":1,"name":"Home","item":"https:\/\/everydaychemshop.com\/es\/"},{"@type":"ListItem","position":2,"name":"Productos","item":"https:\/\/everydaychemshop.com\/es\/productos\/"},{"@type":"ListItem","position":3,"name":"Drogas de sales de ba\u00f1o"}]},{"@type":"WebSite","@id":"https:\/\/everydaychemshop.com\/es\/#website","url":"https:\/\/everydaychemshop.com\/es\/","name":"Everyday Chem Shop","description":"","potentialAction":[{"@type":"SearchAction","target":{"@type":"EntryPoint","urlTemplate":"https:\/\/everydaychemshop.com\/es\/?s={search_term_string}"},"query-input":{"@type":"PropertyValueSpecification","valueRequired":true,"valueName":"search_term_string"}}],"inLanguage":"en-US"}]}},"_links":{"self":[{"href":"https:\/\/everydaychemshop.com\/es\/wp-json\/wp\/v2\/product\/7980","targetHints":{"allow":["GET"]}}],"collection":[{"href":"https:\/\/everydaychemshop.com\/es\/wp-json\/wp\/v2\/product"}],"about":[{"href":"https:\/\/everydaychemshop.com\/es\/wp-json\/wp\/v2\/types\/product"}],"replies":[{"embeddable":true,"href":"https:\/\/everydaychemshop.com\/es\/wp-json\/wp\/v2\/comments?post=7980"}],"wp:featuredmedia":[{"embeddable":true,"href":"https:\/\/everydaychemshop.com\/es\/wp-json\/wp\/v2\/media\/7982"}],"wp:attachment":[{"href":"https:\/\/everydaychemshop.com\/es\/wp-json\/wp\/v2\/media?parent=7980"}],"wp:term":[{"taxonomy":"product_brand","embeddable":true,"href":"https:\/\/everydaychemshop.com\/es\/wp-json\/wp\/v2\/product_brand?post=7980"},{"taxonomy":"product_cat","embeddable":true,"href":"https:\/\/everydaychemshop.com\/es\/wp-json\/wp\/v2\/product_cat?post=7980"},{"taxonomy":"product_tag","embeddable":true,"href":"https:\/\/everydaychemshop.com\/es\/wp-json\/wp\/v2\/product_tag?post=7980"}],"curies":[{"name":"wp","href":"https:\/\/api.w.org\/{rel}","templated":true}]}}