{"id":7988,"date":"2022-11-18T17:54:58","date_gmt":"2022-11-18T17:54:58","guid":{"rendered":"https:\/\/everydaychemshop.com\/es\/?post_type=product&#038;p=7988"},"modified":"2025-01-15T09:02:37","modified_gmt":"2025-01-15T09:02:37","slug":"2-fluorometanfetamina-2-fma-hcl","status":"publish","type":"product","link":"https:\/\/everydaychemshop.com\/es\/product\/2-fluorometanfetamina-2-fma-hcl\/","title":{"rendered":"2-fluorometanfetamina (2-FMA HCl)"},"content":{"rendered":"<h1>Comprar 2-FMA HCl en l\u00ednea<\/h1>\n<p><a href=\"https:\/\/everydaychemshop.com\/es\/product\/2-fluorometanfetamina-2-fma-hcl\/\">Comprar 2-FMA HCl en l\u00ednea<\/a>. 2-FMA es la abreviatura de 2-fluorometanfetamina. 2-FMA es un qu\u00edmico de investigaci\u00f3n\u00a0que pertenece a la clase de las anfetaminas. 2-FMA es muy similar a otros estimulantes como 2-FA, 3-FA y 4-FMA. Se le conoce com\u00fanmente como un sustituto de la anfetamina. Se cree que 2-FMA produce los resultados de su investigaci\u00f3n al actuar sobre los receptores de dopamina y norepinefrina en el cerebro. Se est\u00e1 convirtiendo en el favorito de los investigadores de laboratorio que prefieren experimentar con estimulantes. Los resultados experimentales de 2-FMA incluyen con frecuencia estimulaci\u00f3n, euforia f\u00edsica, mejora t\u00e1ctil, deriva, aumento de la libido, mejora de la concentraci\u00f3n, desinhibici\u00f3n, aceleraci\u00f3n del pensamiento, distorsi\u00f3n del tiempo, aumento de la apreciaci\u00f3n musical y <a href=\"https:\/\/en.wikipedia.org\/wiki\/2-Fluoromethamphetamine\">mejora<\/a> de la resistencia.<\/p>\n<p>&nbsp;<\/p>\n<h2><b>\u00bfD\u00f3nde comprar 2-FMA?<\/b><\/h2>\n<p>Aqu\u00ed en Chemical Planet, vendemos 2-FMA de muy alta calidad, generalmente en forma de polvo. Sin embargo, si desea un formulario diferente, no dude en comunicarse con nosotros para ver si tenemos otro disponible, ya que lo tenemos con frecuencia. Debe tener al menos 18 a\u00f1os para comprarnos 2-FMA y tambi\u00e9n debe cumplir con las leyes de investigaci\u00f3n qu\u00edmica de su pa\u00eds. Nuestros productos qu\u00edmicos no est\u00e1n dise\u00f1ados para el consumo humano o animal, solo est\u00e1n destinados a fines de investigaci\u00f3n.<\/p>\n<p>&nbsp;<\/p>\n<h2><b>Legalidad 2-FMA<\/b><\/h2>\n<p>2-FMA es ilegal en Canad\u00e1, China, Alemania, Nueva Zelanda y el Reino Unido. Tambi\u00e9n podr\u00eda ser potencialmente ilegal en otras naciones con leyes an\u00e1logas estrictas, como los Estados Unidos.<\/p>\n<p><strong>Almacene siempre en un lugar fresco y seco para una vida \u00fatil m\u00e1xima. Este producto est\u00e1 dise\u00f1ado \u00fanicamente para aplicaciones forenses y de investigaci\u00f3n. Por lo tanto, NO est\u00e1 destinado al consumo humano ni a pruebas in vivo de ning\u00fan tipo en animales ni en ning\u00fan organismo vivo.<\/strong><\/p>\n","protected":false},"excerpt":{"rendered":"<p>\u00bfQu\u00e9 es 2-FMA? 2-FMA es la abreviatura de 2-fluorometanfetamina. 2-FMA es un qu\u00edmico de investigaci\u00f3n que cae en la clase de anfetamina.<\/p>\n","protected":false},"featured_media":7990,"comment_status":"open","ping_status":"closed","template":"","meta":{"inline_featured_image":false},"product_brand":[],"product_cat":[264],"product_tag":[],"class_list":{"0":"post-7988","1":"product","2":"type-product","3":"status-publish","4":"has-post-thumbnail","6":"product_cat-investigacion-quimica","8":"first","9":"instock","10":"shipping-taxable","11":"purchasable","12":"product-type-variable","13":"has-default-attributes"},"yoast_head":"<!-- This site is optimized with the Yoast SEO Premium plugin v19.2 (Yoast SEO v27.3) - https:\/\/yoast.com\/product\/yoast-seo-premium-wordpress\/ -->\n<title>Comprar 2-FMA HCl en l\u00ednea - Everyday Chem Shop<\/title>\n<meta name=\"description\" content=\"Comprar 2-FMA HCl en l\u00ednea. Vendemos 2-FMA HCl de la mejor calidad en l\u00ednea. P\u00f3ngase en contacto para obtener m\u00e1s informaci\u00f3n y precios sobre c\u00f3mo hacer un pedido.\" \/>\n<meta name=\"robots\" content=\"index, follow, max-snippet:-1, max-image-preview:large, max-video-preview:-1\" \/>\n<link rel=\"canonical\" href=\"https:\/\/everydaychemshop.com\/es\/product\/2-fluorometanfetamina-2-fma-hcl\/\" \/>\n<meta property=\"og:locale\" content=\"en_US\" \/>\n<meta property=\"og:type\" content=\"article\" \/>\n<meta property=\"og:title\" content=\"2-fluorometanfetamina (2-FMA HCl)\" \/>\n<meta property=\"og:description\" content=\"Comprar 2-FMA HCl en l\u00ednea. Vendemos 2-FMA HCl de la mejor calidad en l\u00ednea. P\u00f3ngase en contacto para obtener m\u00e1s informaci\u00f3n y precios sobre c\u00f3mo hacer un pedido.\" \/>\n<meta property=\"og:url\" content=\"https:\/\/everydaychemshop.com\/es\/product\/2-fluorometanfetamina-2-fma-hcl\/\" \/>\n<meta property=\"og:site_name\" content=\"Everyday Chem Shop\" \/>\n<meta property=\"article:modified_time\" content=\"2025-01-15T09:02:37+00:00\" \/>\n<meta property=\"og:image\" content=\"https:\/\/everydaychemshop.com\/es\/wp-content\/uploads\/sites\/4\/2022\/11\/2-Fluoromethamphetamine-2-FMA-HCL.png\" \/>\n\t<meta property=\"og:image:width\" content=\"289\" \/>\n\t<meta property=\"og:image:height\" content=\"200\" \/>\n\t<meta property=\"og:image:type\" content=\"image\/png\" \/>\n<meta name=\"twitter:card\" content=\"summary_large_image\" \/>\n<meta name=\"twitter:label1\" content=\"Est. reading time\" \/>\n\t<meta name=\"twitter:data1\" content=\"2 minutes\" \/>\n<script type=\"application\/ld+json\" class=\"yoast-schema-graph\">{\"@context\":\"https:\\\/\\\/schema.org\",\"@graph\":[{\"@type\":\"WebPage\",\"@id\":\"https:\\\/\\\/everydaychemshop.com\\\/es\\\/product\\\/2-fluorometanfetamina-2-fma-hcl\\\/\",\"url\":\"https:\\\/\\\/everydaychemshop.com\\\/es\\\/product\\\/2-fluorometanfetamina-2-fma-hcl\\\/\",\"name\":\"Comprar 2-FMA HCl en l\u00ednea - Everyday Chem Shop\",\"isPartOf\":{\"@id\":\"https:\\\/\\\/everydaychemshop.com\\\/es\\\/#website\"},\"primaryImageOfPage\":{\"@id\":\"https:\\\/\\\/everydaychemshop.com\\\/es\\\/product\\\/2-fluorometanfetamina-2-fma-hcl\\\/#primaryimage\"},\"image\":{\"@id\":\"https:\\\/\\\/everydaychemshop.com\\\/es\\\/product\\\/2-fluorometanfetamina-2-fma-hcl\\\/#primaryimage\"},\"thumbnailUrl\":\"https:\\\/\\\/everydaychemshop.com\\\/es\\\/wp-content\\\/uploads\\\/sites\\\/4\\\/2022\\\/11\\\/2-Fluoromethamphetamine-2-FMA-HCL.png\",\"datePublished\":\"2022-11-18T17:54:58+00:00\",\"dateModified\":\"2025-01-15T09:02:37+00:00\",\"description\":\"Comprar 2-FMA HCl en l\u00ednea. Vendemos 2-FMA HCl de la mejor calidad en l\u00ednea. P\u00f3ngase en contacto para obtener m\u00e1s informaci\u00f3n y precios sobre c\u00f3mo hacer un pedido.\",\"breadcrumb\":{\"@id\":\"https:\\\/\\\/everydaychemshop.com\\\/es\\\/product\\\/2-fluorometanfetamina-2-fma-hcl\\\/#breadcrumb\"},\"inLanguage\":\"en-US\",\"potentialAction\":[{\"@type\":\"ReadAction\",\"target\":[\"https:\\\/\\\/everydaychemshop.com\\\/es\\\/product\\\/2-fluorometanfetamina-2-fma-hcl\\\/\"]}]},{\"@type\":\"ImageObject\",\"inLanguage\":\"en-US\",\"@id\":\"https:\\\/\\\/everydaychemshop.com\\\/es\\\/product\\\/2-fluorometanfetamina-2-fma-hcl\\\/#primaryimage\",\"url\":\"https:\\\/\\\/everydaychemshop.com\\\/es\\\/wp-content\\\/uploads\\\/sites\\\/4\\\/2022\\\/11\\\/2-Fluoromethamphetamine-2-FMA-HCL.png\",\"contentUrl\":\"https:\\\/\\\/everydaychemshop.com\\\/es\\\/wp-content\\\/uploads\\\/sites\\\/4\\\/2022\\\/11\\\/2-Fluoromethamphetamine-2-FMA-HCL.png\",\"width\":289,\"height\":200,\"caption\":\"Comprar 2-FMA HCl en l\u00ednea\"},{\"@type\":\"BreadcrumbList\",\"@id\":\"https:\\\/\\\/everydaychemshop.com\\\/es\\\/product\\\/2-fluorometanfetamina-2-fma-hcl\\\/#breadcrumb\",\"itemListElement\":[{\"@type\":\"ListItem\",\"position\":1,\"name\":\"Home\",\"item\":\"https:\\\/\\\/everydaychemshop.com\\\/es\\\/\"},{\"@type\":\"ListItem\",\"position\":2,\"name\":\"Productos\",\"item\":\"https:\\\/\\\/everydaychemshop.com\\\/es\\\/productos\\\/\"},{\"@type\":\"ListItem\",\"position\":3,\"name\":\"2-fluorometanfetamina (2-FMA HCl)\"}]},{\"@type\":\"WebSite\",\"@id\":\"https:\\\/\\\/everydaychemshop.com\\\/es\\\/#website\",\"url\":\"https:\\\/\\\/everydaychemshop.com\\\/es\\\/\",\"name\":\"Everyday Chem Shop\",\"description\":\"\",\"potentialAction\":[{\"@type\":\"SearchAction\",\"target\":{\"@type\":\"EntryPoint\",\"urlTemplate\":\"https:\\\/\\\/everydaychemshop.com\\\/es\\\/?s={search_term_string}\"},\"query-input\":{\"@type\":\"PropertyValueSpecification\",\"valueRequired\":true,\"valueName\":\"search_term_string\"}}],\"inLanguage\":\"en-US\"}]}<\/script>\n<!-- \/ Yoast SEO Premium plugin. -->","yoast_head_json":{"title":"Comprar 2-FMA HCl en l\u00ednea - Everyday Chem Shop","description":"Comprar 2-FMA HCl en l\u00ednea. Vendemos 2-FMA HCl de la mejor calidad en l\u00ednea. P\u00f3ngase en contacto para obtener m\u00e1s informaci\u00f3n y precios sobre c\u00f3mo hacer un pedido.","robots":{"index":"index","follow":"follow","max-snippet":"max-snippet:-1","max-image-preview":"max-image-preview:large","max-video-preview":"max-video-preview:-1"},"canonical":"https:\/\/everydaychemshop.com\/es\/product\/2-fluorometanfetamina-2-fma-hcl\/","og_locale":"en_US","og_type":"article","og_title":"2-fluorometanfetamina (2-FMA HCl)","og_description":"Comprar 2-FMA HCl en l\u00ednea. Vendemos 2-FMA HCl de la mejor calidad en l\u00ednea. P\u00f3ngase en contacto para obtener m\u00e1s informaci\u00f3n y precios sobre c\u00f3mo hacer un pedido.","og_url":"https:\/\/everydaychemshop.com\/es\/product\/2-fluorometanfetamina-2-fma-hcl\/","og_site_name":"Everyday Chem Shop","article_modified_time":"2025-01-15T09:02:37+00:00","og_image":[{"width":289,"height":200,"url":"https:\/\/everydaychemshop.com\/es\/wp-content\/uploads\/sites\/4\/2022\/11\/2-Fluoromethamphetamine-2-FMA-HCL.png","type":"image\/png"}],"twitter_card":"summary_large_image","twitter_misc":{"Est. reading time":"2 minutes"},"schema":{"@context":"https:\/\/schema.org","@graph":[{"@type":"WebPage","@id":"https:\/\/everydaychemshop.com\/es\/product\/2-fluorometanfetamina-2-fma-hcl\/","url":"https:\/\/everydaychemshop.com\/es\/product\/2-fluorometanfetamina-2-fma-hcl\/","name":"Comprar 2-FMA HCl en l\u00ednea - Everyday Chem Shop","isPartOf":{"@id":"https:\/\/everydaychemshop.com\/es\/#website"},"primaryImageOfPage":{"@id":"https:\/\/everydaychemshop.com\/es\/product\/2-fluorometanfetamina-2-fma-hcl\/#primaryimage"},"image":{"@id":"https:\/\/everydaychemshop.com\/es\/product\/2-fluorometanfetamina-2-fma-hcl\/#primaryimage"},"thumbnailUrl":"https:\/\/everydaychemshop.com\/es\/wp-content\/uploads\/sites\/4\/2022\/11\/2-Fluoromethamphetamine-2-FMA-HCL.png","datePublished":"2022-11-18T17:54:58+00:00","dateModified":"2025-01-15T09:02:37+00:00","description":"Comprar 2-FMA HCl en l\u00ednea. Vendemos 2-FMA HCl de la mejor calidad en l\u00ednea. P\u00f3ngase en contacto para obtener m\u00e1s informaci\u00f3n y precios sobre c\u00f3mo hacer un pedido.","breadcrumb":{"@id":"https:\/\/everydaychemshop.com\/es\/product\/2-fluorometanfetamina-2-fma-hcl\/#breadcrumb"},"inLanguage":"en-US","potentialAction":[{"@type":"ReadAction","target":["https:\/\/everydaychemshop.com\/es\/product\/2-fluorometanfetamina-2-fma-hcl\/"]}]},{"@type":"ImageObject","inLanguage":"en-US","@id":"https:\/\/everydaychemshop.com\/es\/product\/2-fluorometanfetamina-2-fma-hcl\/#primaryimage","url":"https:\/\/everydaychemshop.com\/es\/wp-content\/uploads\/sites\/4\/2022\/11\/2-Fluoromethamphetamine-2-FMA-HCL.png","contentUrl":"https:\/\/everydaychemshop.com\/es\/wp-content\/uploads\/sites\/4\/2022\/11\/2-Fluoromethamphetamine-2-FMA-HCL.png","width":289,"height":200,"caption":"Comprar 2-FMA HCl en l\u00ednea"},{"@type":"BreadcrumbList","@id":"https:\/\/everydaychemshop.com\/es\/product\/2-fluorometanfetamina-2-fma-hcl\/#breadcrumb","itemListElement":[{"@type":"ListItem","position":1,"name":"Home","item":"https:\/\/everydaychemshop.com\/es\/"},{"@type":"ListItem","position":2,"name":"Productos","item":"https:\/\/everydaychemshop.com\/es\/productos\/"},{"@type":"ListItem","position":3,"name":"2-fluorometanfetamina (2-FMA HCl)"}]},{"@type":"WebSite","@id":"https:\/\/everydaychemshop.com\/es\/#website","url":"https:\/\/everydaychemshop.com\/es\/","name":"Everyday Chem Shop","description":"","potentialAction":[{"@type":"SearchAction","target":{"@type":"EntryPoint","urlTemplate":"https:\/\/everydaychemshop.com\/es\/?s={search_term_string}"},"query-input":{"@type":"PropertyValueSpecification","valueRequired":true,"valueName":"search_term_string"}}],"inLanguage":"en-US"}]}},"_links":{"self":[{"href":"https:\/\/everydaychemshop.com\/es\/wp-json\/wp\/v2\/product\/7988","targetHints":{"allow":["GET"]}}],"collection":[{"href":"https:\/\/everydaychemshop.com\/es\/wp-json\/wp\/v2\/product"}],"about":[{"href":"https:\/\/everydaychemshop.com\/es\/wp-json\/wp\/v2\/types\/product"}],"replies":[{"embeddable":true,"href":"https:\/\/everydaychemshop.com\/es\/wp-json\/wp\/v2\/comments?post=7988"}],"wp:featuredmedia":[{"embeddable":true,"href":"https:\/\/everydaychemshop.com\/es\/wp-json\/wp\/v2\/media\/7990"}],"wp:attachment":[{"href":"https:\/\/everydaychemshop.com\/es\/wp-json\/wp\/v2\/media?parent=7988"}],"wp:term":[{"taxonomy":"product_brand","embeddable":true,"href":"https:\/\/everydaychemshop.com\/es\/wp-json\/wp\/v2\/product_brand?post=7988"},{"taxonomy":"product_cat","embeddable":true,"href":"https:\/\/everydaychemshop.com\/es\/wp-json\/wp\/v2\/product_cat?post=7988"},{"taxonomy":"product_tag","embeddable":true,"href":"https:\/\/everydaychemshop.com\/es\/wp-json\/wp\/v2\/product_tag?post=7988"}],"curies":[{"name":"wp","href":"https:\/\/api.w.org\/{rel}","templated":true}]}}