{"id":8009,"date":"2022-11-18T18:27:54","date_gmt":"2022-11-18T18:27:54","guid":{"rendered":"https:\/\/everydaychemshop.com\/es\/?post_type=product&#038;p=8009"},"modified":"2023-04-07T08:13:32","modified_gmt":"2023-04-07T08:13:32","slug":"comprar-2-mppp-online","status":"publish","type":"product","link":"https:\/\/everydaychemshop.com\/es\/product\/comprar-2-mppp-online\/","title":{"rendered":"2-MPPP"},"content":{"rendered":"<h1>Comprar polvo 2-MPPP en l\u00ednea<\/h1>\n<p class=\"one\"><strong>Nombre qu\u00edmico completo:<\/strong>\u00a0propanoato de (1-metil-4-fenilpiperidin-4-il)<\/p>\n<p><strong>Otros nombres:<\/strong> Desmetilprodina, 1-metil-4-fenil-4-propionoxipiperidina, <a href=\"https:\/\/everydaychemshop.com\/es\/product\/comprar-2-mppp-online\/\">MPPP<\/a><\/p>\n<p><strong>N\u00famero CAS de la sustancia:<\/strong>\u00a013147-09-6<\/p>\n<p><strong>F\u00edsico propiedades:<\/strong>\u00a0Polvo blanco fino<\/p>\n<p><strong>F\u00f3rmula:<\/strong>\u00a0C<sub>15<\/sub>H<sub>21<\/sub>N\u00d0\u017e<sub>2<\/sub><\/p>\n<p><strong>Masa molar de la sustancia:<\/strong>\u00a0247,33 g\/mol<\/p>\n<p><strong>Pureza de la preparaci\u00f3n<\/strong>: 98% y <a href=\"https:\/\/en.wikipedia.org\/wiki\/Desmethylprodine\">arriba<\/a><\/p>\n","protected":false},"excerpt":{"rendered":"<p class=\"one\"><strong>Nombre qu\u00edmico completo:<\/strong>\u00a0propanoato de (1-metil-4-fenilpiperidin-4-il)<\/p>\n<p><strong>Otros nombres:<\/strong> Desmetilprodina, 1-metil-4-fenil-4-propionoxipiperidina, MPPP<\/p>\n<p><strong>N\u00famero CAS de la sustancia:<\/strong>\u00a013147-09-6<\/p>\n<p><strong>F\u00edsico propiedades:<\/strong>\u00a0Polvo blanco fino<\/p>\n<p><strong>F\u00f3rmula:<\/strong>\u00a0C<sub>15<\/sub>H<sub>21<\/sub>N\u00d0\u017e<sub>2<\/sub><\/p>\n<p><strong>Masa molar de la sustancia:<\/strong>\u00a0247,33 g\/mol<\/p>\n<p><strong>Pureza de la preparaci\u00f3n<\/strong>: 98% y arriba<\/p>\n","protected":false},"featured_media":8018,"comment_status":"open","ping_status":"closed","template":"","meta":{"inline_featured_image":false},"product_brand":[],"product_cat":[264],"product_tag":[],"class_list":{"0":"post-8009","1":"product","2":"type-product","3":"status-publish","4":"has-post-thumbnail","6":"product_cat-investigacion-quimica","8":"first","9":"instock","10":"shipping-taxable","11":"purchasable","12":"product-type-variable","13":"has-default-attributes"},"yoast_head":"<!-- This site is optimized with the Yoast SEO Premium plugin v19.2 (Yoast SEO v27.3) - https:\/\/yoast.com\/product\/yoast-seo-premium-wordpress\/ -->\n<title>Comprar polvo 2-MPPP en l\u00ednea - Everyday Chem Shop<\/title>\n<meta name=\"description\" content=\"Comprar polvo 2-MPPP en l\u00ednea. Vendemos polvo 2-MPPP de la mejor calidad en l\u00ednea. P\u00f3ngase en contacto para obtener m\u00e1s informaci\u00f3n y precios.\" \/>\n<meta name=\"robots\" content=\"index, follow, max-snippet:-1, max-image-preview:large, max-video-preview:-1\" \/>\n<link rel=\"canonical\" href=\"https:\/\/everydaychemshop.com\/es\/product\/comprar-2-mppp-online\/\" \/>\n<meta property=\"og:locale\" content=\"en_US\" \/>\n<meta property=\"og:type\" content=\"article\" \/>\n<meta property=\"og:title\" content=\"2-MPPP\" \/>\n<meta property=\"og:description\" content=\"Comprar polvo 2-MPPP en l\u00ednea. Vendemos polvo 2-MPPP de la mejor calidad en l\u00ednea. P\u00f3ngase en contacto para obtener m\u00e1s informaci\u00f3n y precios.\" \/>\n<meta property=\"og:url\" content=\"https:\/\/everydaychemshop.com\/es\/product\/comprar-2-mppp-online\/\" \/>\n<meta property=\"og:site_name\" content=\"Everyday Chem Shop\" \/>\n<meta property=\"article:modified_time\" content=\"2023-04-07T08:13:32+00:00\" \/>\n<meta property=\"og:image\" content=\"https:\/\/everydaychemshop.com\/es\/wp-content\/uploads\/sites\/4\/2022\/11\/2-MPPP.jpg\" \/>\n\t<meta property=\"og:image:width\" content=\"600\" \/>\n\t<meta property=\"og:image:height\" content=\"600\" \/>\n\t<meta property=\"og:image:type\" content=\"image\/jpeg\" \/>\n<meta name=\"twitter:card\" content=\"summary_large_image\" \/>\n<meta name=\"twitter:label1\" content=\"Est. reading time\" \/>\n\t<meta name=\"twitter:data1\" content=\"1 minute\" \/>\n<script type=\"application\/ld+json\" class=\"yoast-schema-graph\">{\"@context\":\"https:\\\/\\\/schema.org\",\"@graph\":[{\"@type\":\"WebPage\",\"@id\":\"https:\\\/\\\/everydaychemshop.com\\\/es\\\/product\\\/comprar-2-mppp-online\\\/\",\"url\":\"https:\\\/\\\/everydaychemshop.com\\\/es\\\/product\\\/comprar-2-mppp-online\\\/\",\"name\":\"Comprar polvo 2-MPPP en l\u00ednea - Everyday Chem Shop\",\"isPartOf\":{\"@id\":\"https:\\\/\\\/everydaychemshop.com\\\/es\\\/#website\"},\"primaryImageOfPage\":{\"@id\":\"https:\\\/\\\/everydaychemshop.com\\\/es\\\/product\\\/comprar-2-mppp-online\\\/#primaryimage\"},\"image\":{\"@id\":\"https:\\\/\\\/everydaychemshop.com\\\/es\\\/product\\\/comprar-2-mppp-online\\\/#primaryimage\"},\"thumbnailUrl\":\"https:\\\/\\\/everydaychemshop.com\\\/es\\\/wp-content\\\/uploads\\\/sites\\\/4\\\/2022\\\/11\\\/2-MPPP.jpg\",\"datePublished\":\"2022-11-18T18:27:54+00:00\",\"dateModified\":\"2023-04-07T08:13:32+00:00\",\"description\":\"Comprar polvo 2-MPPP en l\u00ednea. Vendemos polvo 2-MPPP de la mejor calidad en l\u00ednea. P\u00f3ngase en contacto para obtener m\u00e1s informaci\u00f3n y precios.\",\"breadcrumb\":{\"@id\":\"https:\\\/\\\/everydaychemshop.com\\\/es\\\/product\\\/comprar-2-mppp-online\\\/#breadcrumb\"},\"inLanguage\":\"en-US\",\"potentialAction\":[{\"@type\":\"ReadAction\",\"target\":[\"https:\\\/\\\/everydaychemshop.com\\\/es\\\/product\\\/comprar-2-mppp-online\\\/\"]}]},{\"@type\":\"ImageObject\",\"inLanguage\":\"en-US\",\"@id\":\"https:\\\/\\\/everydaychemshop.com\\\/es\\\/product\\\/comprar-2-mppp-online\\\/#primaryimage\",\"url\":\"https:\\\/\\\/everydaychemshop.com\\\/es\\\/wp-content\\\/uploads\\\/sites\\\/4\\\/2022\\\/11\\\/2-MPPP.jpg\",\"contentUrl\":\"https:\\\/\\\/everydaychemshop.com\\\/es\\\/wp-content\\\/uploads\\\/sites\\\/4\\\/2022\\\/11\\\/2-MPPP.jpg\",\"width\":600,\"height\":600,\"caption\":\"Comprar polvo 2-MPPP en l\u00ednea\"},{\"@type\":\"BreadcrumbList\",\"@id\":\"https:\\\/\\\/everydaychemshop.com\\\/es\\\/product\\\/comprar-2-mppp-online\\\/#breadcrumb\",\"itemListElement\":[{\"@type\":\"ListItem\",\"position\":1,\"name\":\"Home\",\"item\":\"https:\\\/\\\/everydaychemshop.com\\\/es\\\/\"},{\"@type\":\"ListItem\",\"position\":2,\"name\":\"Productos\",\"item\":\"https:\\\/\\\/everydaychemshop.com\\\/es\\\/productos\\\/\"},{\"@type\":\"ListItem\",\"position\":3,\"name\":\"2-MPPP\"}]},{\"@type\":\"WebSite\",\"@id\":\"https:\\\/\\\/everydaychemshop.com\\\/es\\\/#website\",\"url\":\"https:\\\/\\\/everydaychemshop.com\\\/es\\\/\",\"name\":\"Everyday Chem Shop\",\"description\":\"\",\"potentialAction\":[{\"@type\":\"SearchAction\",\"target\":{\"@type\":\"EntryPoint\",\"urlTemplate\":\"https:\\\/\\\/everydaychemshop.com\\\/es\\\/?s={search_term_string}\"},\"query-input\":{\"@type\":\"PropertyValueSpecification\",\"valueRequired\":true,\"valueName\":\"search_term_string\"}}],\"inLanguage\":\"en-US\"}]}<\/script>\n<!-- \/ Yoast SEO Premium plugin. -->","yoast_head_json":{"title":"Comprar polvo 2-MPPP en l\u00ednea - Everyday Chem Shop","description":"Comprar polvo 2-MPPP en l\u00ednea. Vendemos polvo 2-MPPP de la mejor calidad en l\u00ednea. P\u00f3ngase en contacto para obtener m\u00e1s informaci\u00f3n y precios.","robots":{"index":"index","follow":"follow","max-snippet":"max-snippet:-1","max-image-preview":"max-image-preview:large","max-video-preview":"max-video-preview:-1"},"canonical":"https:\/\/everydaychemshop.com\/es\/product\/comprar-2-mppp-online\/","og_locale":"en_US","og_type":"article","og_title":"2-MPPP","og_description":"Comprar polvo 2-MPPP en l\u00ednea. Vendemos polvo 2-MPPP de la mejor calidad en l\u00ednea. P\u00f3ngase en contacto para obtener m\u00e1s informaci\u00f3n y precios.","og_url":"https:\/\/everydaychemshop.com\/es\/product\/comprar-2-mppp-online\/","og_site_name":"Everyday Chem Shop","article_modified_time":"2023-04-07T08:13:32+00:00","og_image":[{"width":600,"height":600,"url":"https:\/\/everydaychemshop.com\/es\/wp-content\/uploads\/sites\/4\/2022\/11\/2-MPPP.jpg","type":"image\/jpeg"}],"twitter_card":"summary_large_image","twitter_misc":{"Est. reading time":"1 minute"},"schema":{"@context":"https:\/\/schema.org","@graph":[{"@type":"WebPage","@id":"https:\/\/everydaychemshop.com\/es\/product\/comprar-2-mppp-online\/","url":"https:\/\/everydaychemshop.com\/es\/product\/comprar-2-mppp-online\/","name":"Comprar polvo 2-MPPP en l\u00ednea - Everyday Chem Shop","isPartOf":{"@id":"https:\/\/everydaychemshop.com\/es\/#website"},"primaryImageOfPage":{"@id":"https:\/\/everydaychemshop.com\/es\/product\/comprar-2-mppp-online\/#primaryimage"},"image":{"@id":"https:\/\/everydaychemshop.com\/es\/product\/comprar-2-mppp-online\/#primaryimage"},"thumbnailUrl":"https:\/\/everydaychemshop.com\/es\/wp-content\/uploads\/sites\/4\/2022\/11\/2-MPPP.jpg","datePublished":"2022-11-18T18:27:54+00:00","dateModified":"2023-04-07T08:13:32+00:00","description":"Comprar polvo 2-MPPP en l\u00ednea. Vendemos polvo 2-MPPP de la mejor calidad en l\u00ednea. P\u00f3ngase en contacto para obtener m\u00e1s informaci\u00f3n y precios.","breadcrumb":{"@id":"https:\/\/everydaychemshop.com\/es\/product\/comprar-2-mppp-online\/#breadcrumb"},"inLanguage":"en-US","potentialAction":[{"@type":"ReadAction","target":["https:\/\/everydaychemshop.com\/es\/product\/comprar-2-mppp-online\/"]}]},{"@type":"ImageObject","inLanguage":"en-US","@id":"https:\/\/everydaychemshop.com\/es\/product\/comprar-2-mppp-online\/#primaryimage","url":"https:\/\/everydaychemshop.com\/es\/wp-content\/uploads\/sites\/4\/2022\/11\/2-MPPP.jpg","contentUrl":"https:\/\/everydaychemshop.com\/es\/wp-content\/uploads\/sites\/4\/2022\/11\/2-MPPP.jpg","width":600,"height":600,"caption":"Comprar polvo 2-MPPP en l\u00ednea"},{"@type":"BreadcrumbList","@id":"https:\/\/everydaychemshop.com\/es\/product\/comprar-2-mppp-online\/#breadcrumb","itemListElement":[{"@type":"ListItem","position":1,"name":"Home","item":"https:\/\/everydaychemshop.com\/es\/"},{"@type":"ListItem","position":2,"name":"Productos","item":"https:\/\/everydaychemshop.com\/es\/productos\/"},{"@type":"ListItem","position":3,"name":"2-MPPP"}]},{"@type":"WebSite","@id":"https:\/\/everydaychemshop.com\/es\/#website","url":"https:\/\/everydaychemshop.com\/es\/","name":"Everyday Chem Shop","description":"","potentialAction":[{"@type":"SearchAction","target":{"@type":"EntryPoint","urlTemplate":"https:\/\/everydaychemshop.com\/es\/?s={search_term_string}"},"query-input":{"@type":"PropertyValueSpecification","valueRequired":true,"valueName":"search_term_string"}}],"inLanguage":"en-US"}]}},"_links":{"self":[{"href":"https:\/\/everydaychemshop.com\/es\/wp-json\/wp\/v2\/product\/8009","targetHints":{"allow":["GET"]}}],"collection":[{"href":"https:\/\/everydaychemshop.com\/es\/wp-json\/wp\/v2\/product"}],"about":[{"href":"https:\/\/everydaychemshop.com\/es\/wp-json\/wp\/v2\/types\/product"}],"replies":[{"embeddable":true,"href":"https:\/\/everydaychemshop.com\/es\/wp-json\/wp\/v2\/comments?post=8009"}],"wp:featuredmedia":[{"embeddable":true,"href":"https:\/\/everydaychemshop.com\/es\/wp-json\/wp\/v2\/media\/8018"}],"wp:attachment":[{"href":"https:\/\/everydaychemshop.com\/es\/wp-json\/wp\/v2\/media?parent=8009"}],"wp:term":[{"taxonomy":"product_brand","embeddable":true,"href":"https:\/\/everydaychemshop.com\/es\/wp-json\/wp\/v2\/product_brand?post=8009"},{"taxonomy":"product_cat","embeddable":true,"href":"https:\/\/everydaychemshop.com\/es\/wp-json\/wp\/v2\/product_cat?post=8009"},{"taxonomy":"product_tag","embeddable":true,"href":"https:\/\/everydaychemshop.com\/es\/wp-json\/wp\/v2\/product_tag?post=8009"}],"curies":[{"name":"wp","href":"https:\/\/api.w.org\/{rel}","templated":true}]}}