{"id":8010,"date":"2022-11-18T20:32:27","date_gmt":"2022-11-18T20:32:27","guid":{"rendered":"https:\/\/everydaychemshop.com\/es\/?post_type=product&#038;p=8010"},"modified":"2023-04-07T08:12:12","modified_gmt":"2023-04-07T08:12:12","slug":"comprar-2c-e-investigacion-quimica","status":"publish","type":"product","link":"https:\/\/everydaychemshop.com\/es\/product\/comprar-2c-e-investigacion-quimica\/","title":{"rendered":"Comprar producto qu\u00edmico de investigaci\u00f3n 2C-E"},"content":{"rendered":"<h1>sustancia qu\u00edmica de investigaci\u00f3n 2C-E<\/h1>\n<p class=\"one\"><a href=\"https:\/\/everydaychemshop.com\/es\/product\/comprar-2c-e-investigacion-quimica\/\">sustancia qu\u00edmica de investigaci\u00f3n 2C-E<\/a>. El agente qu\u00edmico 2C-E (trip) pertenece a la familia 2C, as\u00ed como 2C-I y 2C-H. 2C-E posee efectos psicod\u00e9licos y es feniletilamina. Despu\u00e9s de una serie de experimentos de investigaci\u00f3n, ahora descubrimos que al recibir el polvo 2C-E por v\u00eda intranasal, su dosis est\u00e1ndar no debe exceder los 5 miligramos. Sin embargo, mientras se toma por v\u00eda oral, la dosis no debe ser superior a unos 10-20 miligramos. Se nota que al inhalar por la nariz, observamos un fuerte ardor en unos 10 minutos. En el libro PiHKAL, Shulgin refiere la sustancia 2C-E a la \u00abmedia docena m\u00e1gica\u00bb, <a href=\"https:\/\/en.wikipedia.org\/wiki\/2C-E\">junto<\/a> con la mescalina, 2C-T-2, 2C-B y 2C-T-7. <strong>Compre productos qu\u00edmicos de investigaci\u00f3n 2C-E en l\u00ednea<\/strong><\/p>\n<p>Podemos observar los siguientes efectos de 2C-E: una explosi\u00f3n de energ\u00eda, aumento de la creatividad, efectos visuales, aumento de la tracci\u00f3n. Adem\u00e1s, hay ciertos cambios en la conciencia, dificultades al tratar de enfocar, el pulso se acelera y la temperatura corporal puede aumentar ligeramente. Entre los efectos secundarios de 2C-E, tambi\u00e9n se encuentran\u00a0mareos,\u00a0n\u00e1useas, alta sensibilidad al ruido y miedo. 2C-E a la venta en l\u00ednea<\/p>\n<p>La duraci\u00f3n de la acci\u00f3n de 2C-E es en promedio de 4 a 9 horas. Si comparamos 2C-E con 2C-I, en el transcurso de las pruebas, notamos que 2C-E provoca efectos visuales y sonoros m\u00e1s significativos.<\/p>\n<p>En nuestro sitio web puede comprar 2C-E\u00a0(trip ) solo para estudios qu\u00edmicos y pruebas de laboratorio, pero primero averig\u00fce si esta preparaci\u00f3n es legal en su \u00e1rea de vivienda. Ofrecemos sustancias de alta calidad.<\/p>\n","protected":false},"excerpt":{"rendered":"<p>1 a 3 d\u00edas para EE. UU.\/CANAD\u00c1<br \/>\n2 a 10 d\u00edas para TODOS LOS DEM\u00c1S PA\u00cdSES<\/p>\n","protected":false},"featured_media":8023,"comment_status":"open","ping_status":"closed","template":"","meta":{"inline_featured_image":false},"product_brand":[],"product_cat":[264],"product_tag":[],"class_list":{"0":"post-8010","1":"product","2":"type-product","3":"status-publish","4":"has-post-thumbnail","6":"product_cat-investigacion-quimica","8":"first","9":"instock","10":"sale","11":"shipping-taxable","12":"purchasable","13":"product-type-variable","14":"has-default-attributes"},"yoast_head":"<!-- This site is optimized with the Yoast SEO Premium plugin v19.2 (Yoast SEO v27.3) - https:\/\/yoast.com\/product\/yoast-seo-premium-wordpress\/ -->\n<title>sustancia qu\u00edmica de investigaci\u00f3n 2C-E- Everyday Chem Shop<\/title>\n<meta name=\"description\" content=\"sustancia qu\u00edmica de investigaci\u00f3n 2C-E. Vendemos productos qu\u00edmicos de investigaci\u00f3n 2C-E de la mejor calidad en l\u00ednea. P\u00f3ngase en contacto para obtener m\u00e1s informaci\u00f3n y precios.\" \/>\n<meta name=\"robots\" content=\"index, follow, max-snippet:-1, max-image-preview:large, max-video-preview:-1\" \/>\n<link rel=\"canonical\" href=\"https:\/\/everydaychemshop.com\/es\/product\/comprar-2c-e-investigacion-quimica\/\" \/>\n<meta property=\"og:locale\" content=\"en_US\" \/>\n<meta property=\"og:type\" content=\"article\" \/>\n<meta property=\"og:title\" content=\"Comprar producto qu\u00edmico de investigaci\u00f3n 2C-E\" \/>\n<meta property=\"og:description\" content=\"sustancia qu\u00edmica de investigaci\u00f3n 2C-E. Vendemos productos qu\u00edmicos de investigaci\u00f3n 2C-E de la mejor calidad en l\u00ednea. P\u00f3ngase en contacto para obtener m\u00e1s informaci\u00f3n y precios.\" \/>\n<meta property=\"og:url\" content=\"https:\/\/everydaychemshop.com\/es\/product\/comprar-2c-e-investigacion-quimica\/\" \/>\n<meta property=\"og:site_name\" content=\"Everyday Chem Shop\" \/>\n<meta property=\"article:modified_time\" content=\"2023-04-07T08:12:12+00:00\" \/>\n<meta property=\"og:image\" content=\"https:\/\/everydaychemshop.com\/es\/wp-content\/uploads\/sites\/4\/2022\/11\/2ce.jpg\" \/>\n\t<meta property=\"og:image:width\" content=\"600\" \/>\n\t<meta property=\"og:image:height\" content=\"400\" \/>\n\t<meta property=\"og:image:type\" content=\"image\/jpeg\" \/>\n<meta name=\"twitter:card\" content=\"summary_large_image\" \/>\n<meta name=\"twitter:label1\" content=\"Est. reading time\" \/>\n\t<meta name=\"twitter:data1\" content=\"2 minutes\" \/>\n<script type=\"application\/ld+json\" class=\"yoast-schema-graph\">{\"@context\":\"https:\\\/\\\/schema.org\",\"@graph\":[{\"@type\":\"WebPage\",\"@id\":\"https:\\\/\\\/everydaychemshop.com\\\/es\\\/product\\\/comprar-2c-e-investigacion-quimica\\\/\",\"url\":\"https:\\\/\\\/everydaychemshop.com\\\/es\\\/product\\\/comprar-2c-e-investigacion-quimica\\\/\",\"name\":\"sustancia qu\u00edmica de investigaci\u00f3n 2C-E- Everyday Chem Shop\",\"isPartOf\":{\"@id\":\"https:\\\/\\\/everydaychemshop.com\\\/es\\\/#website\"},\"primaryImageOfPage\":{\"@id\":\"https:\\\/\\\/everydaychemshop.com\\\/es\\\/product\\\/comprar-2c-e-investigacion-quimica\\\/#primaryimage\"},\"image\":{\"@id\":\"https:\\\/\\\/everydaychemshop.com\\\/es\\\/product\\\/comprar-2c-e-investigacion-quimica\\\/#primaryimage\"},\"thumbnailUrl\":\"https:\\\/\\\/everydaychemshop.com\\\/es\\\/wp-content\\\/uploads\\\/sites\\\/4\\\/2022\\\/11\\\/2ce.jpg\",\"datePublished\":\"2022-11-18T20:32:27+00:00\",\"dateModified\":\"2023-04-07T08:12:12+00:00\",\"description\":\"sustancia qu\u00edmica de investigaci\u00f3n 2C-E. Vendemos productos qu\u00edmicos de investigaci\u00f3n 2C-E de la mejor calidad en l\u00ednea. P\u00f3ngase en contacto para obtener m\u00e1s informaci\u00f3n y precios.\",\"breadcrumb\":{\"@id\":\"https:\\\/\\\/everydaychemshop.com\\\/es\\\/product\\\/comprar-2c-e-investigacion-quimica\\\/#breadcrumb\"},\"inLanguage\":\"en-US\",\"potentialAction\":[{\"@type\":\"ReadAction\",\"target\":[\"https:\\\/\\\/everydaychemshop.com\\\/es\\\/product\\\/comprar-2c-e-investigacion-quimica\\\/\"]}]},{\"@type\":\"ImageObject\",\"inLanguage\":\"en-US\",\"@id\":\"https:\\\/\\\/everydaychemshop.com\\\/es\\\/product\\\/comprar-2c-e-investigacion-quimica\\\/#primaryimage\",\"url\":\"https:\\\/\\\/everydaychemshop.com\\\/es\\\/wp-content\\\/uploads\\\/sites\\\/4\\\/2022\\\/11\\\/2ce.jpg\",\"contentUrl\":\"https:\\\/\\\/everydaychemshop.com\\\/es\\\/wp-content\\\/uploads\\\/sites\\\/4\\\/2022\\\/11\\\/2ce.jpg\",\"width\":600,\"height\":400,\"caption\":\"sustancia qu\u00edmica de investigaci\u00f3n 2C-E\"},{\"@type\":\"BreadcrumbList\",\"@id\":\"https:\\\/\\\/everydaychemshop.com\\\/es\\\/product\\\/comprar-2c-e-investigacion-quimica\\\/#breadcrumb\",\"itemListElement\":[{\"@type\":\"ListItem\",\"position\":1,\"name\":\"Home\",\"item\":\"https:\\\/\\\/everydaychemshop.com\\\/es\\\/\"},{\"@type\":\"ListItem\",\"position\":2,\"name\":\"Productos\",\"item\":\"https:\\\/\\\/everydaychemshop.com\\\/es\\\/productos\\\/\"},{\"@type\":\"ListItem\",\"position\":3,\"name\":\"Comprar producto qu\u00edmico de investigaci\u00f3n 2C-E\"}]},{\"@type\":\"WebSite\",\"@id\":\"https:\\\/\\\/everydaychemshop.com\\\/es\\\/#website\",\"url\":\"https:\\\/\\\/everydaychemshop.com\\\/es\\\/\",\"name\":\"Everyday Chem Shop\",\"description\":\"\",\"potentialAction\":[{\"@type\":\"SearchAction\",\"target\":{\"@type\":\"EntryPoint\",\"urlTemplate\":\"https:\\\/\\\/everydaychemshop.com\\\/es\\\/?s={search_term_string}\"},\"query-input\":{\"@type\":\"PropertyValueSpecification\",\"valueRequired\":true,\"valueName\":\"search_term_string\"}}],\"inLanguage\":\"en-US\"}]}<\/script>\n<!-- \/ Yoast SEO Premium plugin. -->","yoast_head_json":{"title":"sustancia qu\u00edmica de investigaci\u00f3n 2C-E- Everyday Chem Shop","description":"sustancia qu\u00edmica de investigaci\u00f3n 2C-E. Vendemos productos qu\u00edmicos de investigaci\u00f3n 2C-E de la mejor calidad en l\u00ednea. P\u00f3ngase en contacto para obtener m\u00e1s informaci\u00f3n y precios.","robots":{"index":"index","follow":"follow","max-snippet":"max-snippet:-1","max-image-preview":"max-image-preview:large","max-video-preview":"max-video-preview:-1"},"canonical":"https:\/\/everydaychemshop.com\/es\/product\/comprar-2c-e-investigacion-quimica\/","og_locale":"en_US","og_type":"article","og_title":"Comprar producto qu\u00edmico de investigaci\u00f3n 2C-E","og_description":"sustancia qu\u00edmica de investigaci\u00f3n 2C-E. Vendemos productos qu\u00edmicos de investigaci\u00f3n 2C-E de la mejor calidad en l\u00ednea. P\u00f3ngase en contacto para obtener m\u00e1s informaci\u00f3n y precios.","og_url":"https:\/\/everydaychemshop.com\/es\/product\/comprar-2c-e-investigacion-quimica\/","og_site_name":"Everyday Chem Shop","article_modified_time":"2023-04-07T08:12:12+00:00","og_image":[{"width":600,"height":400,"url":"https:\/\/everydaychemshop.com\/es\/wp-content\/uploads\/sites\/4\/2022\/11\/2ce.jpg","type":"image\/jpeg"}],"twitter_card":"summary_large_image","twitter_misc":{"Est. reading time":"2 minutes"},"schema":{"@context":"https:\/\/schema.org","@graph":[{"@type":"WebPage","@id":"https:\/\/everydaychemshop.com\/es\/product\/comprar-2c-e-investigacion-quimica\/","url":"https:\/\/everydaychemshop.com\/es\/product\/comprar-2c-e-investigacion-quimica\/","name":"sustancia qu\u00edmica de investigaci\u00f3n 2C-E- Everyday Chem Shop","isPartOf":{"@id":"https:\/\/everydaychemshop.com\/es\/#website"},"primaryImageOfPage":{"@id":"https:\/\/everydaychemshop.com\/es\/product\/comprar-2c-e-investigacion-quimica\/#primaryimage"},"image":{"@id":"https:\/\/everydaychemshop.com\/es\/product\/comprar-2c-e-investigacion-quimica\/#primaryimage"},"thumbnailUrl":"https:\/\/everydaychemshop.com\/es\/wp-content\/uploads\/sites\/4\/2022\/11\/2ce.jpg","datePublished":"2022-11-18T20:32:27+00:00","dateModified":"2023-04-07T08:12:12+00:00","description":"sustancia qu\u00edmica de investigaci\u00f3n 2C-E. Vendemos productos qu\u00edmicos de investigaci\u00f3n 2C-E de la mejor calidad en l\u00ednea. P\u00f3ngase en contacto para obtener m\u00e1s informaci\u00f3n y precios.","breadcrumb":{"@id":"https:\/\/everydaychemshop.com\/es\/product\/comprar-2c-e-investigacion-quimica\/#breadcrumb"},"inLanguage":"en-US","potentialAction":[{"@type":"ReadAction","target":["https:\/\/everydaychemshop.com\/es\/product\/comprar-2c-e-investigacion-quimica\/"]}]},{"@type":"ImageObject","inLanguage":"en-US","@id":"https:\/\/everydaychemshop.com\/es\/product\/comprar-2c-e-investigacion-quimica\/#primaryimage","url":"https:\/\/everydaychemshop.com\/es\/wp-content\/uploads\/sites\/4\/2022\/11\/2ce.jpg","contentUrl":"https:\/\/everydaychemshop.com\/es\/wp-content\/uploads\/sites\/4\/2022\/11\/2ce.jpg","width":600,"height":400,"caption":"sustancia qu\u00edmica de investigaci\u00f3n 2C-E"},{"@type":"BreadcrumbList","@id":"https:\/\/everydaychemshop.com\/es\/product\/comprar-2c-e-investigacion-quimica\/#breadcrumb","itemListElement":[{"@type":"ListItem","position":1,"name":"Home","item":"https:\/\/everydaychemshop.com\/es\/"},{"@type":"ListItem","position":2,"name":"Productos","item":"https:\/\/everydaychemshop.com\/es\/productos\/"},{"@type":"ListItem","position":3,"name":"Comprar producto qu\u00edmico de investigaci\u00f3n 2C-E"}]},{"@type":"WebSite","@id":"https:\/\/everydaychemshop.com\/es\/#website","url":"https:\/\/everydaychemshop.com\/es\/","name":"Everyday Chem Shop","description":"","potentialAction":[{"@type":"SearchAction","target":{"@type":"EntryPoint","urlTemplate":"https:\/\/everydaychemshop.com\/es\/?s={search_term_string}"},"query-input":{"@type":"PropertyValueSpecification","valueRequired":true,"valueName":"search_term_string"}}],"inLanguage":"en-US"}]}},"_links":{"self":[{"href":"https:\/\/everydaychemshop.com\/es\/wp-json\/wp\/v2\/product\/8010","targetHints":{"allow":["GET"]}}],"collection":[{"href":"https:\/\/everydaychemshop.com\/es\/wp-json\/wp\/v2\/product"}],"about":[{"href":"https:\/\/everydaychemshop.com\/es\/wp-json\/wp\/v2\/types\/product"}],"replies":[{"embeddable":true,"href":"https:\/\/everydaychemshop.com\/es\/wp-json\/wp\/v2\/comments?post=8010"}],"wp:featuredmedia":[{"embeddable":true,"href":"https:\/\/everydaychemshop.com\/es\/wp-json\/wp\/v2\/media\/8023"}],"wp:attachment":[{"href":"https:\/\/everydaychemshop.com\/es\/wp-json\/wp\/v2\/media?parent=8010"}],"wp:term":[{"taxonomy":"product_brand","embeddable":true,"href":"https:\/\/everydaychemshop.com\/es\/wp-json\/wp\/v2\/product_brand?post=8010"},{"taxonomy":"product_cat","embeddable":true,"href":"https:\/\/everydaychemshop.com\/es\/wp-json\/wp\/v2\/product_cat?post=8010"},{"taxonomy":"product_tag","embeddable":true,"href":"https:\/\/everydaychemshop.com\/es\/wp-json\/wp\/v2\/product_tag?post=8010"}],"curies":[{"name":"wp","href":"https:\/\/api.w.org\/{rel}","templated":true}]}}