{"id":8024,"date":"2022-11-18T20:42:56","date_gmt":"2022-11-18T20:42:56","guid":{"rendered":"https:\/\/everydaychemshop.com\/es\/?post_type=product&#038;p=8024"},"modified":"2023-04-07T08:10:03","modified_gmt":"2023-04-07T08:10:03","slug":"comprar-3-fmc-3-fluorometcatinona","status":"publish","type":"product","link":"https:\/\/everydaychemshop.com\/es\/product\/comprar-3-fmc-3-fluorometcatinona\/","title":{"rendered":"Comprar 3-FMC | 3- fluorometcatinona"},"content":{"rendered":"<h1 class=\"product_title entry-title\">Comprar 3-FMC Polvo en l\u00ednea<\/h1>\n<p><a href=\"https:\/\/everydaychemshop.com\/es\/product\/comprar-3-fmc-3-fluorometcatinona\/\">Comprar 3-FMC Polvo en l\u00ednea<\/a>. La 3-fluorometcatinona (tambi\u00e9n conocida como 3-FMC) es un compuesto qu\u00edmico compuesto qu\u00edmico de la &lt;a title=&#8221;Fenetilamina sustituida&#8221; href=&#8221;https:\/\/en y catinona clases a title=&#8221;Droga de dise\u00f1o&#8221; href=&#8221;https:\/\/en.wikipedia.org\/wiki\/Drug_de_dise\u00f1o&#8221;&gt;droga_de_dise\u00f1o. Es un is\u00f3mero estructural de flephedrone (4-fluoromethcathinone).<\/p>\n<p>3-Fluoro<i> La iso<\/i>metcatinona se produce como subproducto cuando se sintetiza 3-FMC.<\/p>\n<p>Compre productos qu\u00edmicos en polvo de 3-FMC al por mayor a granel. Precio econ\u00f3mico a granel garantizado.<\/p>\n<p>El polvo de 3-FMC es un estimulante de las clases qu\u00edmicas de fenetilamina, anfetamina y catinona <a href=\"https:\/\/en.wikipedia.org\/wiki\/3-Fluoromethcathinone\">y<\/a> es el is\u00f3mero estructural de 4-FMC (flefedrona)<br \/>\n(RS)-1- (3-Fluorofenil)-2-metilaminopropan-1-ona<\/p>\n<p>Solo uso de reactivo<\/p>\n<p>Compre 3-FMC en polvo en Europa, compre 3-FMC en cristal en Canad\u00e1, d\u00f3nde comprar 3- FMC FMC en l\u00ednea, compre 3-FMC en venta, 3-FMC en l\u00ednea, compre 3-FMC en l\u00ednea, 3-FMC compre en Canad\u00e1, 3-FMC compre en el Reino Unido, calidad 3-FMC en venta, 3-FMC en venta en l\u00ednea, 3- FMC a la venta en EE. UU. en l\u00ednea, compre 3-FMC en l\u00ednea, 3-FMC en polvo a la venta en l\u00ednea, compre gr\u00e1nulos de 3-FPM en el Reino Unido, 3-FPM compre en l\u00ednea, compre 3-FMC cristal en EE. UU., compre 3-FPM en Australia, 3-FMC Comprar polvo en l\u00ednea, Comprar 3-FMC Europa, Comprar 3-FMC Crystal Canad\u00e1, D\u00f3nde comprar 3-FPM Crystal, Comprar 3-FPM Polvo a la venta, 3-FMC Online en EE. UU., Comprar 3-FMC Germnay Online, 3-FMC Polvo Comprar Canad\u00e1, 3FMC Comprar Reino Unido, 3FMC Comprar EE. UU., 3FMC Precio en l\u00ednea, Calidad 3FMC a la venta, 3FMC Polvo a la venta, 3FMC Polvo a la venta EE. UU. en l\u00ednea, 3FMC Cristal a la venta, Hielo 3FMC Polvo legal ,<\/p>\n<p>Qu\u00edmico de investigaci\u00f3n 3-FMC, Comprar qu\u00edmico de investigaci\u00f3n 3-FMC, Qu\u00edmico de investigaci\u00f3n 3-FMC, Comprar qu\u00edmico de investigaci\u00f3n 3-FMC<\/p>\n<p>3- Fluorometcatinona a la venta en l\u00ednea, d\u00f3nde comprar 3-Fluoromethcathinone Online, 3-Fluoromethcathinone Research Chemical For Sale, 3-Fluoromethcathinone Drugs For Sale, Buy 3-Fluoromethcathinone Online, 3-Fluoromethcathinone Buy UK, 3-Fluoromethcathinone For Sale USA, 3-Fluoromethcathinone for sale in Europe<\/p>\n","protected":false},"excerpt":{"rendered":"<p>\u00bfQuiere comprar 3-FMC en polvo en l\u00ednea a un precio bueno y asequible? Aqu\u00ed lo tienes mejor con alta calidad (99% Pureza). Nuestros env\u00edos y entregas de 3-FMC Powder Research Chemicals son 100 % seguros y discretos. Fair Price es el distribuidor l\u00edder de 3-fluorometcatinona y otros productos relacionados en todo el mundo.<br \/>\n3-fluorometcatinona de alta calidad (3-FMC)<\/p>\n","protected":false},"featured_media":8032,"comment_status":"open","ping_status":"closed","template":"","meta":{"inline_featured_image":false},"product_brand":[],"product_cat":[264],"product_tag":[],"class_list":{"0":"post-8024","1":"product","2":"type-product","3":"status-publish","4":"has-post-thumbnail","6":"product_cat-investigacion-quimica","8":"first","9":"instock","10":"shipping-taxable","11":"purchasable","12":"product-type-variable","13":"has-default-attributes"},"yoast_head":"<!-- This site is optimized with the Yoast SEO Premium plugin v19.2 (Yoast SEO v27.3) - https:\/\/yoast.com\/product\/yoast-seo-premium-wordpress\/ -->\n<title>Comprar 3-FMC Polvo en l\u00ednea - Everyday Chem Shop<\/title>\n<meta name=\"description\" content=\"Comprar 3-FMC Polvo en l\u00ednea. Vendemos polvo 3-FMC de la mejor calidad en l\u00ednea. P\u00f3ngase en contacto para obtener m\u00e1s informaci\u00f3n y precios.\" \/>\n<meta name=\"robots\" content=\"index, follow, max-snippet:-1, max-image-preview:large, max-video-preview:-1\" \/>\n<link rel=\"canonical\" href=\"https:\/\/everydaychemshop.com\/es\/product\/comprar-3-fmc-3-fluorometcatinona\/\" \/>\n<meta property=\"og:locale\" content=\"en_US\" \/>\n<meta property=\"og:type\" content=\"article\" \/>\n<meta property=\"og:title\" content=\"Comprar 3-FMC | 3- fluorometcatinona\" \/>\n<meta property=\"og:description\" content=\"Comprar 3-FMC Polvo en l\u00ednea. Vendemos polvo 3-FMC de la mejor calidad en l\u00ednea. P\u00f3ngase en contacto para obtener m\u00e1s informaci\u00f3n y precios.\" \/>\n<meta property=\"og:url\" content=\"https:\/\/everydaychemshop.com\/es\/product\/comprar-3-fmc-3-fluorometcatinona\/\" \/>\n<meta property=\"og:site_name\" content=\"Everyday Chem Shop\" \/>\n<meta property=\"article:modified_time\" content=\"2023-04-07T08:10:03+00:00\" \/>\n<meta property=\"og:image\" content=\"https:\/\/everydaychemshop.com\/es\/wp-content\/uploads\/sites\/4\/2022\/11\/buy-3-FMC.jpg\" \/>\n\t<meta property=\"og:image:width\" content=\"500\" \/>\n\t<meta property=\"og:image:height\" content=\"375\" \/>\n\t<meta property=\"og:image:type\" content=\"image\/jpeg\" \/>\n<meta name=\"twitter:card\" content=\"summary_large_image\" \/>\n<meta name=\"twitter:label1\" content=\"Est. reading time\" \/>\n\t<meta name=\"twitter:data1\" content=\"2 minutes\" \/>\n<script type=\"application\/ld+json\" class=\"yoast-schema-graph\">{\"@context\":\"https:\\\/\\\/schema.org\",\"@graph\":[{\"@type\":\"WebPage\",\"@id\":\"https:\\\/\\\/everydaychemshop.com\\\/es\\\/product\\\/comprar-3-fmc-3-fluorometcatinona\\\/\",\"url\":\"https:\\\/\\\/everydaychemshop.com\\\/es\\\/product\\\/comprar-3-fmc-3-fluorometcatinona\\\/\",\"name\":\"Comprar 3-FMC Polvo en l\u00ednea - Everyday Chem Shop\",\"isPartOf\":{\"@id\":\"https:\\\/\\\/everydaychemshop.com\\\/es\\\/#website\"},\"primaryImageOfPage\":{\"@id\":\"https:\\\/\\\/everydaychemshop.com\\\/es\\\/product\\\/comprar-3-fmc-3-fluorometcatinona\\\/#primaryimage\"},\"image\":{\"@id\":\"https:\\\/\\\/everydaychemshop.com\\\/es\\\/product\\\/comprar-3-fmc-3-fluorometcatinona\\\/#primaryimage\"},\"thumbnailUrl\":\"https:\\\/\\\/everydaychemshop.com\\\/es\\\/wp-content\\\/uploads\\\/sites\\\/4\\\/2022\\\/11\\\/buy-3-FMC.jpg\",\"datePublished\":\"2022-11-18T20:42:56+00:00\",\"dateModified\":\"2023-04-07T08:10:03+00:00\",\"description\":\"Comprar 3-FMC Polvo en l\u00ednea. Vendemos polvo 3-FMC de la mejor calidad en l\u00ednea. P\u00f3ngase en contacto para obtener m\u00e1s informaci\u00f3n y precios.\",\"breadcrumb\":{\"@id\":\"https:\\\/\\\/everydaychemshop.com\\\/es\\\/product\\\/comprar-3-fmc-3-fluorometcatinona\\\/#breadcrumb\"},\"inLanguage\":\"en-US\",\"potentialAction\":[{\"@type\":\"ReadAction\",\"target\":[\"https:\\\/\\\/everydaychemshop.com\\\/es\\\/product\\\/comprar-3-fmc-3-fluorometcatinona\\\/\"]}]},{\"@type\":\"ImageObject\",\"inLanguage\":\"en-US\",\"@id\":\"https:\\\/\\\/everydaychemshop.com\\\/es\\\/product\\\/comprar-3-fmc-3-fluorometcatinona\\\/#primaryimage\",\"url\":\"https:\\\/\\\/everydaychemshop.com\\\/es\\\/wp-content\\\/uploads\\\/sites\\\/4\\\/2022\\\/11\\\/buy-3-FMC.jpg\",\"contentUrl\":\"https:\\\/\\\/everydaychemshop.com\\\/es\\\/wp-content\\\/uploads\\\/sites\\\/4\\\/2022\\\/11\\\/buy-3-FMC.jpg\",\"width\":500,\"height\":375,\"caption\":\"Comprar 3-FMC Polvo en l\u00ednea\"},{\"@type\":\"BreadcrumbList\",\"@id\":\"https:\\\/\\\/everydaychemshop.com\\\/es\\\/product\\\/comprar-3-fmc-3-fluorometcatinona\\\/#breadcrumb\",\"itemListElement\":[{\"@type\":\"ListItem\",\"position\":1,\"name\":\"Home\",\"item\":\"https:\\\/\\\/everydaychemshop.com\\\/es\\\/\"},{\"@type\":\"ListItem\",\"position\":2,\"name\":\"Productos\",\"item\":\"https:\\\/\\\/everydaychemshop.com\\\/es\\\/productos\\\/\"},{\"@type\":\"ListItem\",\"position\":3,\"name\":\"Comprar 3-FMC | 3- fluorometcatinona\"}]},{\"@type\":\"WebSite\",\"@id\":\"https:\\\/\\\/everydaychemshop.com\\\/es\\\/#website\",\"url\":\"https:\\\/\\\/everydaychemshop.com\\\/es\\\/\",\"name\":\"Everyday Chem Shop\",\"description\":\"\",\"potentialAction\":[{\"@type\":\"SearchAction\",\"target\":{\"@type\":\"EntryPoint\",\"urlTemplate\":\"https:\\\/\\\/everydaychemshop.com\\\/es\\\/?s={search_term_string}\"},\"query-input\":{\"@type\":\"PropertyValueSpecification\",\"valueRequired\":true,\"valueName\":\"search_term_string\"}}],\"inLanguage\":\"en-US\"}]}<\/script>\n<!-- \/ Yoast SEO Premium plugin. -->","yoast_head_json":{"title":"Comprar 3-FMC Polvo en l\u00ednea - Everyday Chem Shop","description":"Comprar 3-FMC Polvo en l\u00ednea. Vendemos polvo 3-FMC de la mejor calidad en l\u00ednea. P\u00f3ngase en contacto para obtener m\u00e1s informaci\u00f3n y precios.","robots":{"index":"index","follow":"follow","max-snippet":"max-snippet:-1","max-image-preview":"max-image-preview:large","max-video-preview":"max-video-preview:-1"},"canonical":"https:\/\/everydaychemshop.com\/es\/product\/comprar-3-fmc-3-fluorometcatinona\/","og_locale":"en_US","og_type":"article","og_title":"Comprar 3-FMC | 3- fluorometcatinona","og_description":"Comprar 3-FMC Polvo en l\u00ednea. Vendemos polvo 3-FMC de la mejor calidad en l\u00ednea. P\u00f3ngase en contacto para obtener m\u00e1s informaci\u00f3n y precios.","og_url":"https:\/\/everydaychemshop.com\/es\/product\/comprar-3-fmc-3-fluorometcatinona\/","og_site_name":"Everyday Chem Shop","article_modified_time":"2023-04-07T08:10:03+00:00","og_image":[{"width":500,"height":375,"url":"https:\/\/everydaychemshop.com\/es\/wp-content\/uploads\/sites\/4\/2022\/11\/buy-3-FMC.jpg","type":"image\/jpeg"}],"twitter_card":"summary_large_image","twitter_misc":{"Est. reading time":"2 minutes"},"schema":{"@context":"https:\/\/schema.org","@graph":[{"@type":"WebPage","@id":"https:\/\/everydaychemshop.com\/es\/product\/comprar-3-fmc-3-fluorometcatinona\/","url":"https:\/\/everydaychemshop.com\/es\/product\/comprar-3-fmc-3-fluorometcatinona\/","name":"Comprar 3-FMC Polvo en l\u00ednea - Everyday Chem Shop","isPartOf":{"@id":"https:\/\/everydaychemshop.com\/es\/#website"},"primaryImageOfPage":{"@id":"https:\/\/everydaychemshop.com\/es\/product\/comprar-3-fmc-3-fluorometcatinona\/#primaryimage"},"image":{"@id":"https:\/\/everydaychemshop.com\/es\/product\/comprar-3-fmc-3-fluorometcatinona\/#primaryimage"},"thumbnailUrl":"https:\/\/everydaychemshop.com\/es\/wp-content\/uploads\/sites\/4\/2022\/11\/buy-3-FMC.jpg","datePublished":"2022-11-18T20:42:56+00:00","dateModified":"2023-04-07T08:10:03+00:00","description":"Comprar 3-FMC Polvo en l\u00ednea. Vendemos polvo 3-FMC de la mejor calidad en l\u00ednea. P\u00f3ngase en contacto para obtener m\u00e1s informaci\u00f3n y precios.","breadcrumb":{"@id":"https:\/\/everydaychemshop.com\/es\/product\/comprar-3-fmc-3-fluorometcatinona\/#breadcrumb"},"inLanguage":"en-US","potentialAction":[{"@type":"ReadAction","target":["https:\/\/everydaychemshop.com\/es\/product\/comprar-3-fmc-3-fluorometcatinona\/"]}]},{"@type":"ImageObject","inLanguage":"en-US","@id":"https:\/\/everydaychemshop.com\/es\/product\/comprar-3-fmc-3-fluorometcatinona\/#primaryimage","url":"https:\/\/everydaychemshop.com\/es\/wp-content\/uploads\/sites\/4\/2022\/11\/buy-3-FMC.jpg","contentUrl":"https:\/\/everydaychemshop.com\/es\/wp-content\/uploads\/sites\/4\/2022\/11\/buy-3-FMC.jpg","width":500,"height":375,"caption":"Comprar 3-FMC Polvo en l\u00ednea"},{"@type":"BreadcrumbList","@id":"https:\/\/everydaychemshop.com\/es\/product\/comprar-3-fmc-3-fluorometcatinona\/#breadcrumb","itemListElement":[{"@type":"ListItem","position":1,"name":"Home","item":"https:\/\/everydaychemshop.com\/es\/"},{"@type":"ListItem","position":2,"name":"Productos","item":"https:\/\/everydaychemshop.com\/es\/productos\/"},{"@type":"ListItem","position":3,"name":"Comprar 3-FMC | 3- fluorometcatinona"}]},{"@type":"WebSite","@id":"https:\/\/everydaychemshop.com\/es\/#website","url":"https:\/\/everydaychemshop.com\/es\/","name":"Everyday Chem Shop","description":"","potentialAction":[{"@type":"SearchAction","target":{"@type":"EntryPoint","urlTemplate":"https:\/\/everydaychemshop.com\/es\/?s={search_term_string}"},"query-input":{"@type":"PropertyValueSpecification","valueRequired":true,"valueName":"search_term_string"}}],"inLanguage":"en-US"}]}},"_links":{"self":[{"href":"https:\/\/everydaychemshop.com\/es\/wp-json\/wp\/v2\/product\/8024","targetHints":{"allow":["GET"]}}],"collection":[{"href":"https:\/\/everydaychemshop.com\/es\/wp-json\/wp\/v2\/product"}],"about":[{"href":"https:\/\/everydaychemshop.com\/es\/wp-json\/wp\/v2\/types\/product"}],"replies":[{"embeddable":true,"href":"https:\/\/everydaychemshop.com\/es\/wp-json\/wp\/v2\/comments?post=8024"}],"wp:featuredmedia":[{"embeddable":true,"href":"https:\/\/everydaychemshop.com\/es\/wp-json\/wp\/v2\/media\/8032"}],"wp:attachment":[{"href":"https:\/\/everydaychemshop.com\/es\/wp-json\/wp\/v2\/media?parent=8024"}],"wp:term":[{"taxonomy":"product_brand","embeddable":true,"href":"https:\/\/everydaychemshop.com\/es\/wp-json\/wp\/v2\/product_brand?post=8024"},{"taxonomy":"product_cat","embeddable":true,"href":"https:\/\/everydaychemshop.com\/es\/wp-json\/wp\/v2\/product_cat?post=8024"},{"taxonomy":"product_tag","embeddable":true,"href":"https:\/\/everydaychemshop.com\/es\/wp-json\/wp\/v2\/product_tag?post=8024"}],"curies":[{"name":"wp","href":"https:\/\/api.w.org\/{rel}","templated":true}]}}