{"id":8033,"date":"2022-11-18T20:51:32","date_gmt":"2022-11-18T20:51:32","guid":{"rendered":"https:\/\/everydaychemshop.com\/es\/?post_type=product&#038;p=8033"},"modified":"2023-04-07T08:08:33","modified_gmt":"2023-04-07T08:08:33","slug":"3-fpm-3-fluorofenmetrazina","status":"publish","type":"product","link":"https:\/\/everydaychemshop.com\/es\/product\/3-fpm-3-fluorofenmetrazina\/","title":{"rendered":"3-FPM (3-Fluorofenmetrazina)"},"content":{"rendered":"<h1>Comprar polvo 3-FPM online<\/h1>\n<p><span data-preserver-spaces=\"true\"><a href=\"https:\/\/everydaychemshop.com\/es\/product\/3-fpm-3-fluorofenmetrazina\/\">Comprar polvo 3-FPM online<\/a>. 3-FPM es la abreviatura de 3-Fluorofenmetrazina. 3-FPM es un qu\u00edmico de investigaci\u00f3n que tiene propiedades estimulantes s\u00f3lidas. El 3-FPM pertenece a la clase de sustancias qu\u00edmicas de fenol morfolina. Los hallazgos experimentales de 3-FPM generalmente se consideran muy similares y casi id\u00e9nticos a los de la anfetamina. Los experimentos con 3-FPM generalmente producen un mayor enfoque y motivaci\u00f3n, aceleraci\u00f3n del pensamiento y euforia. Sin embargo, estos resultados a menudo se describen como menos intensos que las anfetaminas u otros estimulantes. El nerviosismo y el insomnio son dos hallazgos que generalmente se ven menos o se ven a tasas reducidas con 3-FPM. Compre polvo de 3-FPM, 3-FPM a la venta en l\u00ednea, compre gr\u00e1nulos de 3-FPM a la venta, compre 3-FPM Crystal en l\u00ednea<\/span><\/p>\n<h2><strong>\u00bfD\u00f3nde comprar 3-FPM?<\/strong><\/h2>\n<p><span data-preserver-spaces=\"true\">Aqu\u00ed en Best Globel Med, tenemos muy alto -calidad 3-FPM a la venta. Nuestro 3-FPM est\u00e1 disponible en forma de polvo y gr\u00e1nulos. Entonces, independientemente del estado qu\u00edmico que prefiera <a href=\"https:\/\/en.wikipedia.org\/wiki\/3-Fluorophenmetrazine\">entre<\/a> estas dos opciones, lo tenemos cubierto.<\/span><\/p>\n<p><span data-preserver-spaces=\"true\">El 3-FPM disponible para la venta es solo destinados a fines de investigaci\u00f3n. No est\u00e1 dise\u00f1ado para uso interno. Tambi\u00e9n debe ser mayor de 18 a\u00f1os para comprarnos 3-FPM y cumplir plenamente con las leyes de su pa\u00eds.<\/span><\/p>\n<h2><strong><span data-preserver-spaces=\"true\">Estado legal de 3-FPM<\/span><\/strong><\/h2>\n<p><span data-preserver-spaces=\"true\">3-FPM es ilegal para comprar, vender o poseer en Israel, Suiza y Estados Unidos. En el Reino Unido, se considera un an\u00e1logo de la fenmetrazina, un f\u00e1rmaco de la lista II que se utiliza para el consumo humano.<\/span><\/p>\n<p><span data-preserver-spaces=\"true\">Almacenar siempre en un lugar fresco. , lugar seco para una m\u00e1xima vida \u00fatil. Este producto est\u00e1 dise\u00f1ado \u00fanicamente para aplicaciones forenses y de investigaci\u00f3n. Por lo tanto, NO est\u00e1 destinado al consumo humano ni a pruebas in vivo de ning\u00fan tipo en animales ni en ning\u00fan organismo vivo.<\/span><\/p>\n","protected":false},"excerpt":{"rendered":"<p><span data-preserver-spaces=\"true\">Compre 3-FMP en l\u00ednea. La <b>3-fluorofenmetrazina\u00a0<\/b>(tambi\u00e9n conocida como\u00a0<b>3-FPM<\/b>,\u00a0<b>3-FPH<\/b>\u00a0y\u00a0<b>PAL-593<\/b>) est\u00e1 disponible para venta en el Reino Unido, EE. UU., Europa (UE). C\u00f3mprelo en Fairpricemedical.com con alta calidad.<\/span><\/p>\n<p><span data-preserver-spaces=\"true\">Compre 3-FMP Powder desde la comodidad de su hogar u oficina, y nosotros lo enviaremos y lo enviaremos a su direcci\u00f3n.<\/span><\/p>\n","protected":false},"featured_media":8039,"comment_status":"open","ping_status":"closed","template":"","meta":{"inline_featured_image":false},"product_brand":[],"product_cat":[264],"product_tag":[],"class_list":{"0":"post-8033","1":"product","2":"type-product","3":"status-publish","4":"has-post-thumbnail","6":"product_cat-investigacion-quimica","8":"first","9":"instock","10":"shipping-taxable","11":"purchasable","12":"product-type-variable","13":"has-default-attributes"},"yoast_head":"<!-- This site is optimized with the Yoast SEO Premium plugin v19.2 (Yoast SEO v27.3) - https:\/\/yoast.com\/product\/yoast-seo-premium-wordpress\/ -->\n<title>Comprar polvo 3-FPM online - Everyday Chem Shop<\/title>\n<meta name=\"description\" content=\"Comprar polvo 3-FPM online. Vendemos polvo de 3-FPM de la mejor calidad en l\u00ednea. P\u00f3ngase en contacto con nosotros para obtener m\u00e1s informaci\u00f3n y precios.\" \/>\n<meta name=\"robots\" content=\"index, follow, max-snippet:-1, max-image-preview:large, max-video-preview:-1\" \/>\n<link rel=\"canonical\" href=\"https:\/\/everydaychemshop.com\/es\/product\/3-fpm-3-fluorofenmetrazina\/\" \/>\n<meta property=\"og:locale\" content=\"en_US\" \/>\n<meta property=\"og:type\" content=\"article\" \/>\n<meta property=\"og:title\" content=\"3-FPM (3-Fluorofenmetrazina)\" \/>\n<meta property=\"og:description\" content=\"Comprar polvo 3-FPM online. Vendemos polvo de 3-FPM de la mejor calidad en l\u00ednea. P\u00f3ngase en contacto con nosotros para obtener m\u00e1s informaci\u00f3n y precios.\" \/>\n<meta property=\"og:url\" content=\"https:\/\/everydaychemshop.com\/es\/product\/3-fpm-3-fluorofenmetrazina\/\" \/>\n<meta property=\"og:site_name\" content=\"Everyday Chem Shop\" \/>\n<meta property=\"article:modified_time\" content=\"2023-04-07T08:08:33+00:00\" \/>\n<meta property=\"og:image\" content=\"https:\/\/everydaychemshop.com\/es\/wp-content\/uploads\/sites\/4\/2022\/11\/3fpm.jpg\" \/>\n\t<meta property=\"og:image:width\" content=\"600\" \/>\n\t<meta property=\"og:image:height\" content=\"600\" \/>\n\t<meta property=\"og:image:type\" content=\"image\/jpeg\" \/>\n<meta name=\"twitter:card\" content=\"summary_large_image\" \/>\n<meta name=\"twitter:label1\" content=\"Est. reading time\" \/>\n\t<meta name=\"twitter:data1\" content=\"2 minutes\" \/>\n<script type=\"application\/ld+json\" class=\"yoast-schema-graph\">{\"@context\":\"https:\\\/\\\/schema.org\",\"@graph\":[{\"@type\":\"WebPage\",\"@id\":\"https:\\\/\\\/everydaychemshop.com\\\/es\\\/product\\\/3-fpm-3-fluorofenmetrazina\\\/\",\"url\":\"https:\\\/\\\/everydaychemshop.com\\\/es\\\/product\\\/3-fpm-3-fluorofenmetrazina\\\/\",\"name\":\"Comprar polvo 3-FPM online - Everyday Chem Shop\",\"isPartOf\":{\"@id\":\"https:\\\/\\\/everydaychemshop.com\\\/es\\\/#website\"},\"primaryImageOfPage\":{\"@id\":\"https:\\\/\\\/everydaychemshop.com\\\/es\\\/product\\\/3-fpm-3-fluorofenmetrazina\\\/#primaryimage\"},\"image\":{\"@id\":\"https:\\\/\\\/everydaychemshop.com\\\/es\\\/product\\\/3-fpm-3-fluorofenmetrazina\\\/#primaryimage\"},\"thumbnailUrl\":\"https:\\\/\\\/everydaychemshop.com\\\/es\\\/wp-content\\\/uploads\\\/sites\\\/4\\\/2022\\\/11\\\/3fpm.jpg\",\"datePublished\":\"2022-11-18T20:51:32+00:00\",\"dateModified\":\"2023-04-07T08:08:33+00:00\",\"description\":\"Comprar polvo 3-FPM online. Vendemos polvo de 3-FPM de la mejor calidad en l\u00ednea. P\u00f3ngase en contacto con nosotros para obtener m\u00e1s informaci\u00f3n y precios.\",\"breadcrumb\":{\"@id\":\"https:\\\/\\\/everydaychemshop.com\\\/es\\\/product\\\/3-fpm-3-fluorofenmetrazina\\\/#breadcrumb\"},\"inLanguage\":\"en-US\",\"potentialAction\":[{\"@type\":\"ReadAction\",\"target\":[\"https:\\\/\\\/everydaychemshop.com\\\/es\\\/product\\\/3-fpm-3-fluorofenmetrazina\\\/\"]}]},{\"@type\":\"ImageObject\",\"inLanguage\":\"en-US\",\"@id\":\"https:\\\/\\\/everydaychemshop.com\\\/es\\\/product\\\/3-fpm-3-fluorofenmetrazina\\\/#primaryimage\",\"url\":\"https:\\\/\\\/everydaychemshop.com\\\/es\\\/wp-content\\\/uploads\\\/sites\\\/4\\\/2022\\\/11\\\/3fpm.jpg\",\"contentUrl\":\"https:\\\/\\\/everydaychemshop.com\\\/es\\\/wp-content\\\/uploads\\\/sites\\\/4\\\/2022\\\/11\\\/3fpm.jpg\",\"width\":600,\"height\":600,\"caption\":\"Comprar polvo 3-FPM online\"},{\"@type\":\"BreadcrumbList\",\"@id\":\"https:\\\/\\\/everydaychemshop.com\\\/es\\\/product\\\/3-fpm-3-fluorofenmetrazina\\\/#breadcrumb\",\"itemListElement\":[{\"@type\":\"ListItem\",\"position\":1,\"name\":\"Home\",\"item\":\"https:\\\/\\\/everydaychemshop.com\\\/es\\\/\"},{\"@type\":\"ListItem\",\"position\":2,\"name\":\"Productos\",\"item\":\"https:\\\/\\\/everydaychemshop.com\\\/es\\\/productos\\\/\"},{\"@type\":\"ListItem\",\"position\":3,\"name\":\"3-FPM (3-Fluorofenmetrazina)\"}]},{\"@type\":\"WebSite\",\"@id\":\"https:\\\/\\\/everydaychemshop.com\\\/es\\\/#website\",\"url\":\"https:\\\/\\\/everydaychemshop.com\\\/es\\\/\",\"name\":\"Everyday Chem Shop\",\"description\":\"\",\"potentialAction\":[{\"@type\":\"SearchAction\",\"target\":{\"@type\":\"EntryPoint\",\"urlTemplate\":\"https:\\\/\\\/everydaychemshop.com\\\/es\\\/?s={search_term_string}\"},\"query-input\":{\"@type\":\"PropertyValueSpecification\",\"valueRequired\":true,\"valueName\":\"search_term_string\"}}],\"inLanguage\":\"en-US\"}]}<\/script>\n<!-- \/ Yoast SEO Premium plugin. -->","yoast_head_json":{"title":"Comprar polvo 3-FPM online - Everyday Chem Shop","description":"Comprar polvo 3-FPM online. Vendemos polvo de 3-FPM de la mejor calidad en l\u00ednea. P\u00f3ngase en contacto con nosotros para obtener m\u00e1s informaci\u00f3n y precios.","robots":{"index":"index","follow":"follow","max-snippet":"max-snippet:-1","max-image-preview":"max-image-preview:large","max-video-preview":"max-video-preview:-1"},"canonical":"https:\/\/everydaychemshop.com\/es\/product\/3-fpm-3-fluorofenmetrazina\/","og_locale":"en_US","og_type":"article","og_title":"3-FPM (3-Fluorofenmetrazina)","og_description":"Comprar polvo 3-FPM online. Vendemos polvo de 3-FPM de la mejor calidad en l\u00ednea. P\u00f3ngase en contacto con nosotros para obtener m\u00e1s informaci\u00f3n y precios.","og_url":"https:\/\/everydaychemshop.com\/es\/product\/3-fpm-3-fluorofenmetrazina\/","og_site_name":"Everyday Chem Shop","article_modified_time":"2023-04-07T08:08:33+00:00","og_image":[{"width":600,"height":600,"url":"https:\/\/everydaychemshop.com\/es\/wp-content\/uploads\/sites\/4\/2022\/11\/3fpm.jpg","type":"image\/jpeg"}],"twitter_card":"summary_large_image","twitter_misc":{"Est. reading time":"2 minutes"},"schema":{"@context":"https:\/\/schema.org","@graph":[{"@type":"WebPage","@id":"https:\/\/everydaychemshop.com\/es\/product\/3-fpm-3-fluorofenmetrazina\/","url":"https:\/\/everydaychemshop.com\/es\/product\/3-fpm-3-fluorofenmetrazina\/","name":"Comprar polvo 3-FPM online - Everyday Chem Shop","isPartOf":{"@id":"https:\/\/everydaychemshop.com\/es\/#website"},"primaryImageOfPage":{"@id":"https:\/\/everydaychemshop.com\/es\/product\/3-fpm-3-fluorofenmetrazina\/#primaryimage"},"image":{"@id":"https:\/\/everydaychemshop.com\/es\/product\/3-fpm-3-fluorofenmetrazina\/#primaryimage"},"thumbnailUrl":"https:\/\/everydaychemshop.com\/es\/wp-content\/uploads\/sites\/4\/2022\/11\/3fpm.jpg","datePublished":"2022-11-18T20:51:32+00:00","dateModified":"2023-04-07T08:08:33+00:00","description":"Comprar polvo 3-FPM online. Vendemos polvo de 3-FPM de la mejor calidad en l\u00ednea. P\u00f3ngase en contacto con nosotros para obtener m\u00e1s informaci\u00f3n y precios.","breadcrumb":{"@id":"https:\/\/everydaychemshop.com\/es\/product\/3-fpm-3-fluorofenmetrazina\/#breadcrumb"},"inLanguage":"en-US","potentialAction":[{"@type":"ReadAction","target":["https:\/\/everydaychemshop.com\/es\/product\/3-fpm-3-fluorofenmetrazina\/"]}]},{"@type":"ImageObject","inLanguage":"en-US","@id":"https:\/\/everydaychemshop.com\/es\/product\/3-fpm-3-fluorofenmetrazina\/#primaryimage","url":"https:\/\/everydaychemshop.com\/es\/wp-content\/uploads\/sites\/4\/2022\/11\/3fpm.jpg","contentUrl":"https:\/\/everydaychemshop.com\/es\/wp-content\/uploads\/sites\/4\/2022\/11\/3fpm.jpg","width":600,"height":600,"caption":"Comprar polvo 3-FPM online"},{"@type":"BreadcrumbList","@id":"https:\/\/everydaychemshop.com\/es\/product\/3-fpm-3-fluorofenmetrazina\/#breadcrumb","itemListElement":[{"@type":"ListItem","position":1,"name":"Home","item":"https:\/\/everydaychemshop.com\/es\/"},{"@type":"ListItem","position":2,"name":"Productos","item":"https:\/\/everydaychemshop.com\/es\/productos\/"},{"@type":"ListItem","position":3,"name":"3-FPM (3-Fluorofenmetrazina)"}]},{"@type":"WebSite","@id":"https:\/\/everydaychemshop.com\/es\/#website","url":"https:\/\/everydaychemshop.com\/es\/","name":"Everyday Chem Shop","description":"","potentialAction":[{"@type":"SearchAction","target":{"@type":"EntryPoint","urlTemplate":"https:\/\/everydaychemshop.com\/es\/?s={search_term_string}"},"query-input":{"@type":"PropertyValueSpecification","valueRequired":true,"valueName":"search_term_string"}}],"inLanguage":"en-US"}]}},"_links":{"self":[{"href":"https:\/\/everydaychemshop.com\/es\/wp-json\/wp\/v2\/product\/8033","targetHints":{"allow":["GET"]}}],"collection":[{"href":"https:\/\/everydaychemshop.com\/es\/wp-json\/wp\/v2\/product"}],"about":[{"href":"https:\/\/everydaychemshop.com\/es\/wp-json\/wp\/v2\/types\/product"}],"replies":[{"embeddable":true,"href":"https:\/\/everydaychemshop.com\/es\/wp-json\/wp\/v2\/comments?post=8033"}],"wp:featuredmedia":[{"embeddable":true,"href":"https:\/\/everydaychemshop.com\/es\/wp-json\/wp\/v2\/media\/8039"}],"wp:attachment":[{"href":"https:\/\/everydaychemshop.com\/es\/wp-json\/wp\/v2\/media?parent=8033"}],"wp:term":[{"taxonomy":"product_brand","embeddable":true,"href":"https:\/\/everydaychemshop.com\/es\/wp-json\/wp\/v2\/product_brand?post=8033"},{"taxonomy":"product_cat","embeddable":true,"href":"https:\/\/everydaychemshop.com\/es\/wp-json\/wp\/v2\/product_cat?post=8033"},{"taxonomy":"product_tag","embeddable":true,"href":"https:\/\/everydaychemshop.com\/es\/wp-json\/wp\/v2\/product_tag?post=8033"}],"curies":[{"name":"wp","href":"https:\/\/api.w.org\/{rel}","templated":true}]}}