{"id":8052,"date":"2022-11-18T21:12:25","date_gmt":"2022-11-18T21:12:25","guid":{"rendered":"https:\/\/everydaychemshop.com\/es\/?post_type=product&#038;p=8052"},"modified":"2023-04-07T08:02:09","modified_gmt":"2023-04-07T08:02:09","slug":"4-clorometactinona-4-cmc-hcl-cristal","status":"publish","type":"product","link":"https:\/\/everydaychemshop.com\/es\/product\/4-clorometactinona-4-cmc-hcl-cristal\/","title":{"rendered":"Cristal de 4-clorometcatinona (4-CMC HCl)"},"content":{"rendered":"<h1>Comprar cristales de 4-CMC online<\/h1>\n<p><a href=\"https:\/\/everydaychemshop.com\/es\/product\/4-clorometactinona-4-cmc-hcl-cristal\/\">Comprar cristales de 4-CMC online<\/a>. 4-CMC es la abreviatura de 4-clorometcatinona. 4-CMC cae en la clase de catinona de productos qu\u00edmicos. Es un estimulante. Este qu\u00edmico de investigaci\u00f3n es muy nuevo en el mercado. <a href=\"https:\/\/en.wikipedia.org\/wiki\/4-Chloromethcathinone\">Esto<\/a> significa que hay muchos investigadores que a\u00fan no lo han probado.<\/p>\n<p><em>Compre 4-CMC<\/em>\u00a0Cristales \u2713 4-Clorometcatinona \u2713 Qu\u00edmico de investigaci\u00f3n de la m\u00e1s alta calidad \u2713 Entrega r\u00e1pida, excelentes precios \u2713 Solo aqu\u00ed en globalhomemed.com<\/p>\n<p>Sin embargo, a pesar de que la 4-CMC es nueva, se dijo que los experimentos preliminares con esta sustancia produjeron resultados de aumento de las emociones, aceleraci\u00f3n de los procesos de pensamiento y altos niveles de energ\u00eda. 4-CMC es muy similar a 4-MMC, bk-MDMA y 3-MMC. Por lo tanto, si ha experimentado con alguno de esos productos qu\u00edmicos de investigaci\u00f3n, entonces tiene una buena idea de qu\u00e9 esperar de los experimentos de investigaci\u00f3n de 4-CMC.<\/p>\n<p>&nbsp;<\/p>\n<h2><b>D\u00f3nde comprar 4-CMC?<\/b><\/h2>\n<p>Aqu\u00ed en Chemical Planet, tenemos 4-CMC de muy alta calidad disponible para la venta. Nuestro 4-CMC normalmente est\u00e1 disponible en forma de cristal. Si no ve el formulario deseado, no dude en comunicarse con nosotros para ver cu\u00e1ndo podr\u00eda volver.<\/p>\n<p>Si planea comprar 4-CMC de Chemical Planet, debe tener al menos 18 a\u00f1os de edad y estar en pleno cumplimiento de todas las leyes de investigaci\u00f3n qu\u00edmica en su pa\u00eds. Nuestros productos qu\u00edmicos est\u00e1n dise\u00f1ados solo para investigaci\u00f3n y no para uso humano o animal.<\/p>\n<h2><b>Legalidad de la 4-CMC<\/b><\/h2>\n<p>La 4-CMC es ilegal en China y Suecia. En Alemania, es una droga controlada \u201cAnlage I\u201d. Muchas otras naciones a\u00fan no han programado este producto qu\u00edmico. Esto se debe en gran parte a que es muy nuevo.<\/p>\n<p><strong>Almacenar siempre en un lugar fresco y seco para una m\u00e1xima vida \u00fatil. Este producto est\u00e1 dise\u00f1ado \u00fanicamente para aplicaciones forenses y de investigaci\u00f3n. Por lo tanto, NO est\u00e1 destinado al consumo humano ni a pruebas in vivo de ning\u00fan tipo en animales ni en ning\u00fan organismo vivo.<\/strong><\/p>\n","protected":false},"excerpt":{"rendered":"<p>Comprar 4-CMC Crystal &amp; Polvo Online Barato. Comprar 4-CMC Crystal &amp; Polvo a granel 99% de pureza. Pedir 4-cloromethcatinona para la venta Reino Unido, Europa<\/p>\n<p>Buscando\u00a0<em>comprar 4<\/em>-cloromethcatinona (<em>4<\/em>\u2013<em>CMC<\/em>\u00a0HCl) clorhidrato <em>cristal<\/em>\u00a0a los mejores precios, \u00a1compre con entrega r\u00e1pida en todo el mundo! Ordene\u00a0<em>4<\/em>\u2013<em>CMC<\/em>\u00a0Reino Unido, Europa.<\/p>\n<p>Compre 4-CMC Crystal &amp; Polvo Online Barato. Comprar 4-CMC Crystal &amp; Polvo a granel 99% de pureza.<\/p>\n","protected":false},"featured_media":8059,"comment_status":"open","ping_status":"closed","template":"","meta":{"inline_featured_image":false},"product_brand":[],"product_cat":[264],"product_tag":[],"class_list":{"0":"post-8052","1":"product","2":"type-product","3":"status-publish","4":"has-post-thumbnail","6":"product_cat-investigacion-quimica","8":"first","9":"instock","10":"shipping-taxable","11":"purchasable","12":"product-type-variable","13":"has-default-attributes"},"yoast_head":"<!-- This site is optimized with the Yoast SEO Premium plugin v19.2 (Yoast SEO v27.3) - https:\/\/yoast.com\/product\/yoast-seo-premium-wordpress\/ -->\n<title>Comprar cristales de 4-CMC online - Everyday Chem Shop<\/title>\n<meta name=\"description\" content=\"Comprar cristales de 4-CMC online. Vendemos cristales de 4-CMC de la mejor calidad en l\u00ednea. P\u00f3ngase en contacto para obtener m\u00e1s informaci\u00f3n y precios.\" \/>\n<meta name=\"robots\" content=\"index, follow, max-snippet:-1, max-image-preview:large, max-video-preview:-1\" \/>\n<link rel=\"canonical\" href=\"https:\/\/everydaychemshop.com\/es\/product\/4-clorometactinona-4-cmc-hcl-cristal\/\" \/>\n<meta property=\"og:locale\" content=\"en_US\" \/>\n<meta property=\"og:type\" content=\"article\" \/>\n<meta property=\"og:title\" content=\"Cristal de 4-clorometcatinona (4-CMC HCl)\" \/>\n<meta property=\"og:description\" content=\"Comprar cristales de 4-CMC online. Vendemos cristales de 4-CMC de la mejor calidad en l\u00ednea. P\u00f3ngase en contacto para obtener m\u00e1s informaci\u00f3n y precios.\" \/>\n<meta property=\"og:url\" content=\"https:\/\/everydaychemshop.com\/es\/product\/4-clorometactinona-4-cmc-hcl-cristal\/\" \/>\n<meta property=\"og:site_name\" content=\"Everyday Chem Shop\" \/>\n<meta property=\"article:modified_time\" content=\"2023-04-07T08:02:09+00:00\" \/>\n<meta property=\"og:image\" content=\"https:\/\/everydaychemshop.com\/es\/wp-content\/uploads\/sites\/4\/2022\/11\/buy-4-Chloromethcathinone.jpg\" \/>\n\t<meta property=\"og:image:width\" content=\"2560\" \/>\n\t<meta property=\"og:image:height\" content=\"1887\" \/>\n\t<meta property=\"og:image:type\" content=\"image\/jpeg\" \/>\n<meta name=\"twitter:card\" content=\"summary_large_image\" \/>\n<meta name=\"twitter:label1\" content=\"Est. reading time\" \/>\n\t<meta name=\"twitter:data1\" content=\"2 minutes\" \/>\n<script type=\"application\/ld+json\" class=\"yoast-schema-graph\">{\"@context\":\"https:\\\/\\\/schema.org\",\"@graph\":[{\"@type\":\"WebPage\",\"@id\":\"https:\\\/\\\/everydaychemshop.com\\\/es\\\/product\\\/4-clorometactinona-4-cmc-hcl-cristal\\\/\",\"url\":\"https:\\\/\\\/everydaychemshop.com\\\/es\\\/product\\\/4-clorometactinona-4-cmc-hcl-cristal\\\/\",\"name\":\"Comprar cristales de 4-CMC online - Everyday Chem Shop\",\"isPartOf\":{\"@id\":\"https:\\\/\\\/everydaychemshop.com\\\/es\\\/#website\"},\"primaryImageOfPage\":{\"@id\":\"https:\\\/\\\/everydaychemshop.com\\\/es\\\/product\\\/4-clorometactinona-4-cmc-hcl-cristal\\\/#primaryimage\"},\"image\":{\"@id\":\"https:\\\/\\\/everydaychemshop.com\\\/es\\\/product\\\/4-clorometactinona-4-cmc-hcl-cristal\\\/#primaryimage\"},\"thumbnailUrl\":\"https:\\\/\\\/everydaychemshop.com\\\/es\\\/wp-content\\\/uploads\\\/sites\\\/4\\\/2022\\\/11\\\/buy-4-Chloromethcathinone.jpg\",\"datePublished\":\"2022-11-18T21:12:25+00:00\",\"dateModified\":\"2023-04-07T08:02:09+00:00\",\"description\":\"Comprar cristales de 4-CMC online. Vendemos cristales de 4-CMC de la mejor calidad en l\u00ednea. P\u00f3ngase en contacto para obtener m\u00e1s informaci\u00f3n y precios.\",\"breadcrumb\":{\"@id\":\"https:\\\/\\\/everydaychemshop.com\\\/es\\\/product\\\/4-clorometactinona-4-cmc-hcl-cristal\\\/#breadcrumb\"},\"inLanguage\":\"en-US\",\"potentialAction\":[{\"@type\":\"ReadAction\",\"target\":[\"https:\\\/\\\/everydaychemshop.com\\\/es\\\/product\\\/4-clorometactinona-4-cmc-hcl-cristal\\\/\"]}]},{\"@type\":\"ImageObject\",\"inLanguage\":\"en-US\",\"@id\":\"https:\\\/\\\/everydaychemshop.com\\\/es\\\/product\\\/4-clorometactinona-4-cmc-hcl-cristal\\\/#primaryimage\",\"url\":\"https:\\\/\\\/everydaychemshop.com\\\/es\\\/wp-content\\\/uploads\\\/sites\\\/4\\\/2022\\\/11\\\/buy-4-Chloromethcathinone.jpg\",\"contentUrl\":\"https:\\\/\\\/everydaychemshop.com\\\/es\\\/wp-content\\\/uploads\\\/sites\\\/4\\\/2022\\\/11\\\/buy-4-Chloromethcathinone.jpg\",\"width\":2560,\"height\":1887,\"caption\":\"Comprar cristales de 4-CMC online\"},{\"@type\":\"BreadcrumbList\",\"@id\":\"https:\\\/\\\/everydaychemshop.com\\\/es\\\/product\\\/4-clorometactinona-4-cmc-hcl-cristal\\\/#breadcrumb\",\"itemListElement\":[{\"@type\":\"ListItem\",\"position\":1,\"name\":\"Home\",\"item\":\"https:\\\/\\\/everydaychemshop.com\\\/es\\\/\"},{\"@type\":\"ListItem\",\"position\":2,\"name\":\"Productos\",\"item\":\"https:\\\/\\\/everydaychemshop.com\\\/es\\\/productos\\\/\"},{\"@type\":\"ListItem\",\"position\":3,\"name\":\"Cristal de 4-clorometcatinona (4-CMC HCl)\"}]},{\"@type\":\"WebSite\",\"@id\":\"https:\\\/\\\/everydaychemshop.com\\\/es\\\/#website\",\"url\":\"https:\\\/\\\/everydaychemshop.com\\\/es\\\/\",\"name\":\"Everyday Chem Shop\",\"description\":\"\",\"potentialAction\":[{\"@type\":\"SearchAction\",\"target\":{\"@type\":\"EntryPoint\",\"urlTemplate\":\"https:\\\/\\\/everydaychemshop.com\\\/es\\\/?s={search_term_string}\"},\"query-input\":{\"@type\":\"PropertyValueSpecification\",\"valueRequired\":true,\"valueName\":\"search_term_string\"}}],\"inLanguage\":\"en-US\"}]}<\/script>\n<!-- \/ Yoast SEO Premium plugin. -->","yoast_head_json":{"title":"Comprar cristales de 4-CMC online - Everyday Chem Shop","description":"Comprar cristales de 4-CMC online. Vendemos cristales de 4-CMC de la mejor calidad en l\u00ednea. P\u00f3ngase en contacto para obtener m\u00e1s informaci\u00f3n y precios.","robots":{"index":"index","follow":"follow","max-snippet":"max-snippet:-1","max-image-preview":"max-image-preview:large","max-video-preview":"max-video-preview:-1"},"canonical":"https:\/\/everydaychemshop.com\/es\/product\/4-clorometactinona-4-cmc-hcl-cristal\/","og_locale":"en_US","og_type":"article","og_title":"Cristal de 4-clorometcatinona (4-CMC HCl)","og_description":"Comprar cristales de 4-CMC online. Vendemos cristales de 4-CMC de la mejor calidad en l\u00ednea. P\u00f3ngase en contacto para obtener m\u00e1s informaci\u00f3n y precios.","og_url":"https:\/\/everydaychemshop.com\/es\/product\/4-clorometactinona-4-cmc-hcl-cristal\/","og_site_name":"Everyday Chem Shop","article_modified_time":"2023-04-07T08:02:09+00:00","og_image":[{"width":2560,"height":1887,"url":"https:\/\/everydaychemshop.com\/es\/wp-content\/uploads\/sites\/4\/2022\/11\/buy-4-Chloromethcathinone.jpg","type":"image\/jpeg"}],"twitter_card":"summary_large_image","twitter_misc":{"Est. reading time":"2 minutes"},"schema":{"@context":"https:\/\/schema.org","@graph":[{"@type":"WebPage","@id":"https:\/\/everydaychemshop.com\/es\/product\/4-clorometactinona-4-cmc-hcl-cristal\/","url":"https:\/\/everydaychemshop.com\/es\/product\/4-clorometactinona-4-cmc-hcl-cristal\/","name":"Comprar cristales de 4-CMC online - Everyday Chem Shop","isPartOf":{"@id":"https:\/\/everydaychemshop.com\/es\/#website"},"primaryImageOfPage":{"@id":"https:\/\/everydaychemshop.com\/es\/product\/4-clorometactinona-4-cmc-hcl-cristal\/#primaryimage"},"image":{"@id":"https:\/\/everydaychemshop.com\/es\/product\/4-clorometactinona-4-cmc-hcl-cristal\/#primaryimage"},"thumbnailUrl":"https:\/\/everydaychemshop.com\/es\/wp-content\/uploads\/sites\/4\/2022\/11\/buy-4-Chloromethcathinone.jpg","datePublished":"2022-11-18T21:12:25+00:00","dateModified":"2023-04-07T08:02:09+00:00","description":"Comprar cristales de 4-CMC online. Vendemos cristales de 4-CMC de la mejor calidad en l\u00ednea. P\u00f3ngase en contacto para obtener m\u00e1s informaci\u00f3n y precios.","breadcrumb":{"@id":"https:\/\/everydaychemshop.com\/es\/product\/4-clorometactinona-4-cmc-hcl-cristal\/#breadcrumb"},"inLanguage":"en-US","potentialAction":[{"@type":"ReadAction","target":["https:\/\/everydaychemshop.com\/es\/product\/4-clorometactinona-4-cmc-hcl-cristal\/"]}]},{"@type":"ImageObject","inLanguage":"en-US","@id":"https:\/\/everydaychemshop.com\/es\/product\/4-clorometactinona-4-cmc-hcl-cristal\/#primaryimage","url":"https:\/\/everydaychemshop.com\/es\/wp-content\/uploads\/sites\/4\/2022\/11\/buy-4-Chloromethcathinone.jpg","contentUrl":"https:\/\/everydaychemshop.com\/es\/wp-content\/uploads\/sites\/4\/2022\/11\/buy-4-Chloromethcathinone.jpg","width":2560,"height":1887,"caption":"Comprar cristales de 4-CMC online"},{"@type":"BreadcrumbList","@id":"https:\/\/everydaychemshop.com\/es\/product\/4-clorometactinona-4-cmc-hcl-cristal\/#breadcrumb","itemListElement":[{"@type":"ListItem","position":1,"name":"Home","item":"https:\/\/everydaychemshop.com\/es\/"},{"@type":"ListItem","position":2,"name":"Productos","item":"https:\/\/everydaychemshop.com\/es\/productos\/"},{"@type":"ListItem","position":3,"name":"Cristal de 4-clorometcatinona (4-CMC HCl)"}]},{"@type":"WebSite","@id":"https:\/\/everydaychemshop.com\/es\/#website","url":"https:\/\/everydaychemshop.com\/es\/","name":"Everyday Chem Shop","description":"","potentialAction":[{"@type":"SearchAction","target":{"@type":"EntryPoint","urlTemplate":"https:\/\/everydaychemshop.com\/es\/?s={search_term_string}"},"query-input":{"@type":"PropertyValueSpecification","valueRequired":true,"valueName":"search_term_string"}}],"inLanguage":"en-US"}]}},"_links":{"self":[{"href":"https:\/\/everydaychemshop.com\/es\/wp-json\/wp\/v2\/product\/8052","targetHints":{"allow":["GET"]}}],"collection":[{"href":"https:\/\/everydaychemshop.com\/es\/wp-json\/wp\/v2\/product"}],"about":[{"href":"https:\/\/everydaychemshop.com\/es\/wp-json\/wp\/v2\/types\/product"}],"replies":[{"embeddable":true,"href":"https:\/\/everydaychemshop.com\/es\/wp-json\/wp\/v2\/comments?post=8052"}],"wp:featuredmedia":[{"embeddable":true,"href":"https:\/\/everydaychemshop.com\/es\/wp-json\/wp\/v2\/media\/8059"}],"wp:attachment":[{"href":"https:\/\/everydaychemshop.com\/es\/wp-json\/wp\/v2\/media?parent=8052"}],"wp:term":[{"taxonomy":"product_brand","embeddable":true,"href":"https:\/\/everydaychemshop.com\/es\/wp-json\/wp\/v2\/product_brand?post=8052"},{"taxonomy":"product_cat","embeddable":true,"href":"https:\/\/everydaychemshop.com\/es\/wp-json\/wp\/v2\/product_cat?post=8052"},{"taxonomy":"product_tag","embeddable":true,"href":"https:\/\/everydaychemshop.com\/es\/wp-json\/wp\/v2\/product_tag?post=8052"}],"curies":[{"name":"wp","href":"https:\/\/api.w.org\/{rel}","templated":true}]}}