{"id":8060,"date":"2022-11-18T21:27:31","date_gmt":"2022-11-18T21:27:31","guid":{"rendered":"https:\/\/everydaychemshop.com\/es\/?post_type=product&#038;p=8060"},"modified":"2023-04-07T08:00:42","modified_gmt":"2023-04-07T08:00:42","slug":"comprar-4-cl-pvp-cristales","status":"publish","type":"product","link":"https:\/\/everydaychemshop.com\/es\/product\/comprar-4-cl-pvp-cristales\/","title":{"rendered":"Comprar Cristales 4-CL-PVP"},"content":{"rendered":"<h1>Comprar Cristales 4-CL-PVP online<\/h1>\n<p><a href=\"https:\/\/everydaychemshop.com\/es\/product\/comprar-4-cl-pvp-cristales\/\">Comprar Cristales 4-CL-PVP online<\/a>. 4-CL-PVP es un an\u00e1logo cristalino de a-PVP. Es un estimulante de libro de texto. Los experimentos de investigaci\u00f3n con 4-CL-PVP tienden a producir hallazgos de locuacidad, mejor estado de alerta, alta energ\u00eda y otros resultados estimulantes. Los hallazgos de 4-CL-PVP tienden a durar menos de tres horas. Tambi\u00e9n se sabe que el qu\u00edmico produce resultados euf\u00f3ricos de moderados a extremos. Los investigadores que buscan una alternativa a la a-PVP encontrar\u00e1n que la 4-CL-PVP es una alternativa adecuada. 4-CL-PVP es un inhibidor de <a href=\"https:\/\/en.wikipedia.org\/wiki\/4-Chloro-alpha-pyrrolidinovalerophenone\">la<\/a> recaptaci\u00f3n de norepinefrina-dopamina. Los hallazgos estimulantes de este qu\u00edmico se deben en gran parte a este hecho.<\/p>\n<h2><b>\u00bfD\u00f3nde comprar 4-CL-PVP?<\/b><\/h2>\n<p>Aqu\u00ed en Chemical Planet, tenemos 4-CL-PVP de muy alta calidad disponible para la venta. Nuestro 4-CL-PVP normalmente est\u00e1 disponible en forma de cristal. Si no ve la forma deseada, no dude en comunicarse con nosotros para ver cu\u00e1ndo volver\u00e1.<\/p>\n<p>Si planea comprar 4-Cl-PVP de Chemical Planet, debe tener al menos 18 a\u00f1os de edad y estar en pleno cumplimiento de todas las leyes de investigaci\u00f3n qu\u00edmica en su pa\u00eds. Nuestros productos qu\u00edmicos est\u00e1n dise\u00f1ados solo para investigaci\u00f3n y no est\u00e1n destinados para uso humano o animal.<\/p>\n<p>&nbsp;<\/p>\n<h2><b>Legalidad de 4-CL-PVP<\/b><\/h2>\n<p>La mayor\u00eda de los gobiernos de todo el mundo no han declarado que el 4-CL-PVP es una sustancia qu\u00edmica ilegal. Esto significa que no est\u00e1 programado en la mayor\u00eda de los lugares. Comun\u00edquese con su gobierno federal para obtener aclaraciones sobre el estado legal de 4-CL-PVP si necesita m\u00e1s informaci\u00f3n.<\/p>\n<p><strong>Almacene siempre en un lugar fresco y seco para una vida \u00fatil m\u00e1xima. Este producto est\u00e1 dise\u00f1ado \u00fanicamente para aplicaciones forenses y de investigaci\u00f3n. Por lo tanto, NO est\u00e1 destinado al consumo humano ni a pruebas in vivo de ning\u00fan tipo en animales ni en ning\u00fan organismo vivo.<\/strong><\/p>\n","protected":false},"excerpt":{"rendered":"<p>Comprar cristales 4-CL-PVP para la venta Reino Unido, Europa, UE. Compre cristales 4-CL-PVP en l\u00ednea, env\u00edo gratuito de la mejor calidad disponible en todo el mundo, m\u00e1s barato que nunca, el mejor precio para ordenar.<\/p>\n<p><em>4<\/em>\u2013<em>CL<\/em>\u2013<em>Cristales PVP en<\/em>\u00a0venta. <em>Compre 4<\/em>\u2013<em>CL<\/em>\u2013<em>cristales PVP<\/em>\u00a0en l\u00ednea, env\u00edo gratuito de alta calidad disponible en todo el mundo, m\u00e1s barato que nunca, el mejor precio para ordenar.<\/p>\n<p>Compre cristales 4-CL-PVP baratos en l\u00ednea. 4-CL-PVP Crystal es un producto estimulante relativamente nuevo y an\u00e1logo del extremadamente popular compuesto a-PVP.<\/p>\n","protected":false},"featured_media":8067,"comment_status":"open","ping_status":"closed","template":"","meta":{"inline_featured_image":false},"product_brand":[],"product_cat":[264],"product_tag":[],"class_list":{"0":"post-8060","1":"product","2":"type-product","3":"status-publish","4":"has-post-thumbnail","6":"product_cat-investigacion-quimica","8":"first","9":"instock","10":"shipping-taxable","11":"purchasable","12":"product-type-variable","13":"has-default-attributes"},"yoast_head":"<!-- This site is optimized with the Yoast SEO Premium plugin v19.2 (Yoast SEO v27.3) - https:\/\/yoast.com\/product\/yoast-seo-premium-wordpress\/ -->\n<title>Comprar Cristales 4-CL-PVP online- Everyday Chem Shop<\/title>\n<meta name=\"description\" content=\"Comprar Cristales 4-CL-PVP online. Vendemos cristales 4-CL-PVP en l\u00ednea. P\u00f3ngase en contacto para obtener m\u00e1s informaci\u00f3n y precios para su pedido.\" \/>\n<meta name=\"robots\" content=\"index, follow, max-snippet:-1, max-image-preview:large, max-video-preview:-1\" \/>\n<link rel=\"canonical\" href=\"https:\/\/everydaychemshop.com\/es\/product\/comprar-4-cl-pvp-cristales\/\" \/>\n<meta property=\"og:locale\" content=\"en_US\" \/>\n<meta property=\"og:type\" content=\"article\" \/>\n<meta property=\"og:title\" content=\"Comprar Cristales 4-CL-PVP\" \/>\n<meta property=\"og:description\" content=\"Comprar Cristales 4-CL-PVP online. Vendemos cristales 4-CL-PVP en l\u00ednea. P\u00f3ngase en contacto para obtener m\u00e1s informaci\u00f3n y precios para su pedido.\" \/>\n<meta property=\"og:url\" content=\"https:\/\/everydaychemshop.com\/es\/product\/comprar-4-cl-pvp-cristales\/\" \/>\n<meta property=\"og:site_name\" content=\"Everyday Chem Shop\" \/>\n<meta property=\"article:modified_time\" content=\"2023-04-07T08:00:42+00:00\" \/>\n<meta property=\"og:image\" content=\"https:\/\/everydaychemshop.com\/es\/wp-content\/uploads\/sites\/4\/2022\/11\/Buy-4-CL-PVP-Crystals.jpg\" \/>\n\t<meta property=\"og:image:width\" content=\"275\" \/>\n\t<meta property=\"og:image:height\" content=\"183\" \/>\n\t<meta property=\"og:image:type\" content=\"image\/jpeg\" \/>\n<meta name=\"twitter:card\" content=\"summary_large_image\" \/>\n<meta name=\"twitter:label1\" content=\"Est. reading time\" \/>\n\t<meta name=\"twitter:data1\" content=\"2 minutes\" \/>\n<script type=\"application\/ld+json\" class=\"yoast-schema-graph\">{\"@context\":\"https:\\\/\\\/schema.org\",\"@graph\":[{\"@type\":\"WebPage\",\"@id\":\"https:\\\/\\\/everydaychemshop.com\\\/es\\\/product\\\/comprar-4-cl-pvp-cristales\\\/\",\"url\":\"https:\\\/\\\/everydaychemshop.com\\\/es\\\/product\\\/comprar-4-cl-pvp-cristales\\\/\",\"name\":\"Comprar Cristales 4-CL-PVP online- Everyday Chem Shop\",\"isPartOf\":{\"@id\":\"https:\\\/\\\/everydaychemshop.com\\\/es\\\/#website\"},\"primaryImageOfPage\":{\"@id\":\"https:\\\/\\\/everydaychemshop.com\\\/es\\\/product\\\/comprar-4-cl-pvp-cristales\\\/#primaryimage\"},\"image\":{\"@id\":\"https:\\\/\\\/everydaychemshop.com\\\/es\\\/product\\\/comprar-4-cl-pvp-cristales\\\/#primaryimage\"},\"thumbnailUrl\":\"https:\\\/\\\/everydaychemshop.com\\\/es\\\/wp-content\\\/uploads\\\/sites\\\/4\\\/2022\\\/11\\\/Buy-4-CL-PVP-Crystals.jpg\",\"datePublished\":\"2022-11-18T21:27:31+00:00\",\"dateModified\":\"2023-04-07T08:00:42+00:00\",\"description\":\"Comprar Cristales 4-CL-PVP online. Vendemos cristales 4-CL-PVP en l\u00ednea. P\u00f3ngase en contacto para obtener m\u00e1s informaci\u00f3n y precios para su pedido.\",\"breadcrumb\":{\"@id\":\"https:\\\/\\\/everydaychemshop.com\\\/es\\\/product\\\/comprar-4-cl-pvp-cristales\\\/#breadcrumb\"},\"inLanguage\":\"en-US\",\"potentialAction\":[{\"@type\":\"ReadAction\",\"target\":[\"https:\\\/\\\/everydaychemshop.com\\\/es\\\/product\\\/comprar-4-cl-pvp-cristales\\\/\"]}]},{\"@type\":\"ImageObject\",\"inLanguage\":\"en-US\",\"@id\":\"https:\\\/\\\/everydaychemshop.com\\\/es\\\/product\\\/comprar-4-cl-pvp-cristales\\\/#primaryimage\",\"url\":\"https:\\\/\\\/everydaychemshop.com\\\/es\\\/wp-content\\\/uploads\\\/sites\\\/4\\\/2022\\\/11\\\/Buy-4-CL-PVP-Crystals.jpg\",\"contentUrl\":\"https:\\\/\\\/everydaychemshop.com\\\/es\\\/wp-content\\\/uploads\\\/sites\\\/4\\\/2022\\\/11\\\/Buy-4-CL-PVP-Crystals.jpg\",\"width\":275,\"height\":183,\"caption\":\"Comprar Cristales 4-CL-PVP online\"},{\"@type\":\"BreadcrumbList\",\"@id\":\"https:\\\/\\\/everydaychemshop.com\\\/es\\\/product\\\/comprar-4-cl-pvp-cristales\\\/#breadcrumb\",\"itemListElement\":[{\"@type\":\"ListItem\",\"position\":1,\"name\":\"Home\",\"item\":\"https:\\\/\\\/everydaychemshop.com\\\/es\\\/\"},{\"@type\":\"ListItem\",\"position\":2,\"name\":\"Productos\",\"item\":\"https:\\\/\\\/everydaychemshop.com\\\/es\\\/productos\\\/\"},{\"@type\":\"ListItem\",\"position\":3,\"name\":\"Comprar Cristales 4-CL-PVP\"}]},{\"@type\":\"WebSite\",\"@id\":\"https:\\\/\\\/everydaychemshop.com\\\/es\\\/#website\",\"url\":\"https:\\\/\\\/everydaychemshop.com\\\/es\\\/\",\"name\":\"Everyday Chem Shop\",\"description\":\"\",\"potentialAction\":[{\"@type\":\"SearchAction\",\"target\":{\"@type\":\"EntryPoint\",\"urlTemplate\":\"https:\\\/\\\/everydaychemshop.com\\\/es\\\/?s={search_term_string}\"},\"query-input\":{\"@type\":\"PropertyValueSpecification\",\"valueRequired\":true,\"valueName\":\"search_term_string\"}}],\"inLanguage\":\"en-US\"}]}<\/script>\n<!-- \/ Yoast SEO Premium plugin. -->","yoast_head_json":{"title":"Comprar Cristales 4-CL-PVP online- Everyday Chem Shop","description":"Comprar Cristales 4-CL-PVP online. Vendemos cristales 4-CL-PVP en l\u00ednea. P\u00f3ngase en contacto para obtener m\u00e1s informaci\u00f3n y precios para su pedido.","robots":{"index":"index","follow":"follow","max-snippet":"max-snippet:-1","max-image-preview":"max-image-preview:large","max-video-preview":"max-video-preview:-1"},"canonical":"https:\/\/everydaychemshop.com\/es\/product\/comprar-4-cl-pvp-cristales\/","og_locale":"en_US","og_type":"article","og_title":"Comprar Cristales 4-CL-PVP","og_description":"Comprar Cristales 4-CL-PVP online. Vendemos cristales 4-CL-PVP en l\u00ednea. P\u00f3ngase en contacto para obtener m\u00e1s informaci\u00f3n y precios para su pedido.","og_url":"https:\/\/everydaychemshop.com\/es\/product\/comprar-4-cl-pvp-cristales\/","og_site_name":"Everyday Chem Shop","article_modified_time":"2023-04-07T08:00:42+00:00","og_image":[{"width":275,"height":183,"url":"https:\/\/everydaychemshop.com\/es\/wp-content\/uploads\/sites\/4\/2022\/11\/Buy-4-CL-PVP-Crystals.jpg","type":"image\/jpeg"}],"twitter_card":"summary_large_image","twitter_misc":{"Est. reading time":"2 minutes"},"schema":{"@context":"https:\/\/schema.org","@graph":[{"@type":"WebPage","@id":"https:\/\/everydaychemshop.com\/es\/product\/comprar-4-cl-pvp-cristales\/","url":"https:\/\/everydaychemshop.com\/es\/product\/comprar-4-cl-pvp-cristales\/","name":"Comprar Cristales 4-CL-PVP online- Everyday Chem Shop","isPartOf":{"@id":"https:\/\/everydaychemshop.com\/es\/#website"},"primaryImageOfPage":{"@id":"https:\/\/everydaychemshop.com\/es\/product\/comprar-4-cl-pvp-cristales\/#primaryimage"},"image":{"@id":"https:\/\/everydaychemshop.com\/es\/product\/comprar-4-cl-pvp-cristales\/#primaryimage"},"thumbnailUrl":"https:\/\/everydaychemshop.com\/es\/wp-content\/uploads\/sites\/4\/2022\/11\/Buy-4-CL-PVP-Crystals.jpg","datePublished":"2022-11-18T21:27:31+00:00","dateModified":"2023-04-07T08:00:42+00:00","description":"Comprar Cristales 4-CL-PVP online. Vendemos cristales 4-CL-PVP en l\u00ednea. P\u00f3ngase en contacto para obtener m\u00e1s informaci\u00f3n y precios para su pedido.","breadcrumb":{"@id":"https:\/\/everydaychemshop.com\/es\/product\/comprar-4-cl-pvp-cristales\/#breadcrumb"},"inLanguage":"en-US","potentialAction":[{"@type":"ReadAction","target":["https:\/\/everydaychemshop.com\/es\/product\/comprar-4-cl-pvp-cristales\/"]}]},{"@type":"ImageObject","inLanguage":"en-US","@id":"https:\/\/everydaychemshop.com\/es\/product\/comprar-4-cl-pvp-cristales\/#primaryimage","url":"https:\/\/everydaychemshop.com\/es\/wp-content\/uploads\/sites\/4\/2022\/11\/Buy-4-CL-PVP-Crystals.jpg","contentUrl":"https:\/\/everydaychemshop.com\/es\/wp-content\/uploads\/sites\/4\/2022\/11\/Buy-4-CL-PVP-Crystals.jpg","width":275,"height":183,"caption":"Comprar Cristales 4-CL-PVP online"},{"@type":"BreadcrumbList","@id":"https:\/\/everydaychemshop.com\/es\/product\/comprar-4-cl-pvp-cristales\/#breadcrumb","itemListElement":[{"@type":"ListItem","position":1,"name":"Home","item":"https:\/\/everydaychemshop.com\/es\/"},{"@type":"ListItem","position":2,"name":"Productos","item":"https:\/\/everydaychemshop.com\/es\/productos\/"},{"@type":"ListItem","position":3,"name":"Comprar Cristales 4-CL-PVP"}]},{"@type":"WebSite","@id":"https:\/\/everydaychemshop.com\/es\/#website","url":"https:\/\/everydaychemshop.com\/es\/","name":"Everyday Chem Shop","description":"","potentialAction":[{"@type":"SearchAction","target":{"@type":"EntryPoint","urlTemplate":"https:\/\/everydaychemshop.com\/es\/?s={search_term_string}"},"query-input":{"@type":"PropertyValueSpecification","valueRequired":true,"valueName":"search_term_string"}}],"inLanguage":"en-US"}]}},"_links":{"self":[{"href":"https:\/\/everydaychemshop.com\/es\/wp-json\/wp\/v2\/product\/8060","targetHints":{"allow":["GET"]}}],"collection":[{"href":"https:\/\/everydaychemshop.com\/es\/wp-json\/wp\/v2\/product"}],"about":[{"href":"https:\/\/everydaychemshop.com\/es\/wp-json\/wp\/v2\/types\/product"}],"replies":[{"embeddable":true,"href":"https:\/\/everydaychemshop.com\/es\/wp-json\/wp\/v2\/comments?post=8060"}],"wp:featuredmedia":[{"embeddable":true,"href":"https:\/\/everydaychemshop.com\/es\/wp-json\/wp\/v2\/media\/8067"}],"wp:attachment":[{"href":"https:\/\/everydaychemshop.com\/es\/wp-json\/wp\/v2\/media?parent=8060"}],"wp:term":[{"taxonomy":"product_brand","embeddable":true,"href":"https:\/\/everydaychemshop.com\/es\/wp-json\/wp\/v2\/product_brand?post=8060"},{"taxonomy":"product_cat","embeddable":true,"href":"https:\/\/everydaychemshop.com\/es\/wp-json\/wp\/v2\/product_cat?post=8060"},{"taxonomy":"product_tag","embeddable":true,"href":"https:\/\/everydaychemshop.com\/es\/wp-json\/wp\/v2\/product_tag?post=8060"}],"curies":[{"name":"wp","href":"https:\/\/api.w.org\/{rel}","templated":true}]}}