{"id":8068,"date":"2022-11-18T21:32:32","date_gmt":"2022-11-18T21:32:32","guid":{"rendered":"https:\/\/everydaychemshop.com\/es\/?post_type=product&#038;p=8068"},"modified":"2023-04-07T07:59:35","modified_gmt":"2023-04-07T07:59:35","slug":"4-etilmetcatinona-4-emc","status":"publish","type":"product","link":"https:\/\/everydaychemshop.com\/es\/product\/4-etilmetcatinona-4-emc\/","title":{"rendered":"4- Etilmetcatinona (4-EMC)"},"content":{"rendered":"<h1>Compre 4- etilmetcatinona (4-EMC) en l\u00ednea<\/h1>\n<p><span data-preserver-spaces=\"true\"><a href=\"https:\/\/everydaychemshop.com\/es\/product\/4-etilmetcatinona-4-emc\/\">Compre 4- etilmetcatinona (4-EMC) en l\u00ednea<\/a>. 4-EMC tiene un nombre IUPAC completo de 1-(4-etil fenil)-2-(metilamino)propano-1-ona, monoclorhidrato, que pertenece a una clase de productos qu\u00edmicos de investigaci\u00f3n llamados estimulantes del sistema nervioso central.<\/span><\/p>\n<p><span data-preserver=\"\">4-Ethylmethcathinone (4-EMC)<\/span><span data-preserver-spaces=\"true\">\u00a0es una droga recreativa de dise\u00f1o de la clase estimulante y entact\u00f3geno. Es un is\u00f3mero estructural de 4-MEC. La <b>4-etilmetcatinona<\/b>\u00a0(<b>4-EMC<\/b>) es una\u00a0droga de dise\u00f1o\u00a0del\u00a0estimulante\u00a0y\u00a0entactogen\u00a0class.<sup id=\"cite_ref-pmid25624004_1-0\" class=\"reference\"><\/sup> Es un is\u00f3mero estructural de\u00a04-MEC\u00a0y 3,4-DMMC. <sup id=\"cite_ref-pmid28456284_2-0\" class=\"reference\"><\/sup>\u00a0Se ha identificado en muchos <a href=\"https:\/\/en.wikipedia.org\/wiki\/4-Ethylmethcathinone\">pa\u00edses<\/a> del mundo, inicialmente en Europa, pero se encontr\u00f3 por primera vez en Australia en 2020.<\/span><\/p>\n<div class=\"mb-5 row\">\n<div class=\"w-100 col\">\n<div class=\"row\">\n<div class=\"col\">\n<div class=\"row\" data-attribute=\"sin\u00f3nimos\">\n<div class=\"text-lg-right vertical -rule product-info-left float-left pl-3 pr-2 pb-3 col-6 col-md-5 col-lg-4 col-xl-3\">Sin\u00f3nimos<\/div>\n<div class=\"float -right pl-3 text-xsm product-info-right col-6 col-md-7 col-lg-8 col-xl-9\">\n<ul class=\" p-0 mb-3 lista-sin estilo\">\n<li class=\"undefined text-lato-bold\"><span class=\"\">4-EMC<\/span><\/li>\n<\/ul>\n<\/div>\n<\/div>\n<\/div>\n<\/div>\n<\/div>\n<\/div>\n<div class=\"mb-5 fila\">\n<div class=\"w-100 col\">\n<h5>Informaci\u00f3n t\u00e9cnica<\/h5>\n<div class=\"fila\">\n<div class=\"col\">\n<div class=\"row\" data-attribute=\"formalName\">\n<div class=\"text -lg-right vertical-rele product-info-left float-left pl-3 pr-2 pb-3 col-6 col-md-5 col-lg-4 col-xl-3\">Nombre formal<\/div>\n<div class=\"float-right pl-3 text-xsm product-info-right col-6 col-md-7 col-lg-8 col-xl-9\">1-(4-etilfenil)-2-( metilamino)propan-1-ona, monoclorhidrato<\/div>\n<\/div>\n<div class=\"row\" data-attribute=\"casNumber\">\n<div class=\"text-lg-right regla-vertical product-info-left float-left pl-3 pr-2 pb-3 col-6 col-md-5 col-lg-4 col-xl-3\">N\u00famero CAS<\/div>\n<div class=\"float-right pl-3 text -xsm product-info-right col-6 col-md-7 col-lg-8 col-xl-9\">1391053-87-4<\/div>\n<\/div>\n<div class=\"fila\">\n<div class=\"text-lg-right regla-vertical producto-info-left float-left pl-3 pr-2 pb-3 col-6 col-md-5 col-lg-4 col- xl-3\">F\u00f3rmula molecular<\/div>\n<div class=\"float-right pl-3 text-xsm product-info-right col-6 col-md-7 col-lg-8 col-xl-9\">C<sub>12<\/sub>H<sub>17<\/sub>NO \u2022 HCl<\/div>\n<\/div>\n<div class=\"fila\" data-attribute=\"formulaWeight\">\n<div class=\"text-lg-right regla-vertical product-info-left float-left pl-3 pr-2 pb-3 col-6 col-md-5 col-lg-4 col-xl-3\">Peso de la f\u00f3rmula<\/div>\n<div class=\"float-right pl-3 text-xsm product-info-right col-6 col-md-7 col-lg-8 col-xl-9\">227,7<\/div>\n<\/div>\n<div>\n<div class=\"text-lg-right regla-vertical product-info-left float-left pl-3 pr-2 pb-3 col-6 col-md-5 col-lg-4 col-xl-3\">Pureza<\/div>\n<div class=\"float-right pl-3 text-xsm product-info-right col-6 col-md-7 col-lg-8 col-xl-9\">\u226597%<\/div>\n<\/div>\n<div class=\"row\" data-attribute=\"formulation\">\n<div class=\"text-lg-right regla-vertical product-info-left float-left pl-3 pr-2 pb-3 col- 6 col-md-5 col-lg-4 col-xl-3\">Formulaci\u00f3n<\/div>\n<div class=\"float-right pl-3 text-xsm product-info-right col-6 col-md-7 col-lg-8 col-xl-9\">Un s\u00f3lido cristalino<\/div>\n<\/div>\n<div class=\"row\" data-attribute=\"solubility\">\n<div class=\"text-lg-right vertical- rule product-info-left float-left pl-3 pr-2 pb-3 col-6 col-md-5 col-lg-4 col-xl-3\">Solubilidad(Obtenga informaci\u00f3n sobre la variaci\u00f3n en la solubilidad )<\/div>\n<div class=\"float-right pl-3 text-xsm product-info-right col-6 col-md-7 co l-lg-8 col-xl-9\">\n<ul class=\" p-0 mb-3 list-unstyled\">\n<li class=\"undefined text-lato-bold\"><span class=\"\">DMF: 1 mg\/ml<\/span><\/li>\n<li class=\"undefined text-lato-bold\"><span class=\"\">DMSO: 2,5 mg\/ml<\/span><\/li>\n<li class=\"undefined text-lato-bold\"><span class=\"\">Etanol: 5 mg\/ml<\/span><\/li>\n<li class=\"undefined text-lato-bold\"><span class=\"\"> PBS (pH 7,2): 10 mg\/ml<\/span><\/li>\n<\/ul>\n<p>4-EMC Crystal comprar Canad\u00e1, 4-EMC Crystal comprar Reino Unido, 4-EMC Crystal comprar EE. UU., 4-EMC Crystal comprar precio en l\u00ednea, calidad 4-EMC Crystal a la venta,<\/p>\n<\/div>\n<\/div>\n<div class=\"row\" data-attribute=\"lambdaMax\">\n<div class=\"text-lg-right vertical- regla producto-info-left float-left pl-3 pr-2 pb-3 col-6 col-md-5 col-lg-4 col-xl-3\">\u03bb<sub>max<\/sub><\/div>\n<div class=\"float-right pl-3 text-xsm product-info-right col-6 col-md-7 col-lg-8 col-xl-9\">260 nm<\/div>\n<\/div>\n<div class=\"row\" data-attribute=\"sonrisas\">\n<div class=\"text-lg-right regla-vertical product-info-left float-left pl-3 pr-2 pb-3 col-6 col- md-5 col-lg-4 col-xl-3\">SONRISAS<\/div>\n<div class=\"float-right pl-3 text-xsm product-info-right col-6 col-md-7 col-lg-8 col-xl-9\">CCC1=CC=C(C (C(NC)C)=O)C=C1<\/div>\n<\/div>\n<div class=\"row\" data-attribute=\"inchi\">\n<div class=\"text-lg-right regla vertical producto -info-left float-left pl-3 pr-2 pb-3 col-6 col-md-5 col-lg-4 col-xl-3\">C\u00f3digo InChi<\/div>\n<div class=\"float-right pl-3 text-xsm product-info-right col-6 col-md-7 col-lg-8 col-xl-9\">InChI=1S\/C12H17NO.ClH\/c1-4-10-5-7-11 (8-6-10)12(14)9(2)13-3;\/h5-9,13H,4H2,1-3H3;1H<\/div>\n<\/div>\n<div>\n<div class=\"text-lg-right regla-vertical product-info-left float-left pl-3 pr-2 pb-3 col-6 col-md-5 col-lg-4 col -xl-3\">Tecla InChi<\/div>\n<div class=\"float-right pl-3 text-xsm product-info-right col-6 col-md-7 col-lg-8 col-xl-9\">GGAVBQDFUOWSJS-UHFFFAOYSA-N<\/div>\n<\/div>\n<div class=\"row\" data-attribute=\"deaSchedule\">\n<div class=\"text-lg-right regla-vertical producto-info-left float-left pl-3 pr-2 pb-3 col-6 col-md-5 col-lg-4 col-xl-3\">Programa DEA<\/div>\n<div>I<\/div>\n<\/div>\n<\/div>\n<\/div>\n<\/div>\n<\/div>\n<div class=\"row\">\n<div class=\"col\">\n<h5>Env\u00edo &amp; Informaci\u00f3n de almacenamiento<\/h5>\n<div class=\"row\">\n<div class=\"col\">\n<div class=\"row\" data-attribute=\"storageTemp\">\n<div class=\"text-lg-right vertical-rule producto-info-left float-left pl-3 pr-2 pb-3 col-6 col-md-5 col-lg-4 col-xl-3\">Almacenamiento<\/div>\n<div class=\"float-right pl-3 text-xsm product-info-right col-6 col-md-7 col-lg-8 col-xl-9\">-20\u00b0C<\/div>\n<\/div>\n<div class=\"fila\" data-attribute=\"direcci\u00f3n\">\n<div class=\"text-lg-right regla-vertical product-info-left float-left pl-3 pr-2 pb-3 col-6 col-md-5 col-lg- 4 col-xl-3\">Env\u00edo<\/div>\n<div class=\"float-right pl-3 text-xsm product-info-right col-6 col-md-7 col-lg-8 col-xl-9 \">Temperatura ambiente\u00a0en EE.\u00a0UU. continental; puede variar en otros lugares<\/div>\n<\/div>\n<div class=\"row\" data-attribute=\"stabilityDisplay\">\n<div class=\"text-lg-right regla-vertical producto-info-left float-left pl-3 pr-2 pb-3 col-6 col-md-5 col-lg-4 col-xl-3\">Estabilidad<\/div>\n<div class=\"float-right pl-3 text-xsm product-info-right col-6 col-md-7 col-lg-8 col-xl-9\">\u2265 2 a\u00f1os<\/div>\n<\/div>\n<\/div>\n<\/div>\n<\/div>\n<\/div>\n<p><span data-preserver-spaces=\"true\">La sustancia qu\u00edmica de investigaci\u00f3n llamada 4-EMC pertenece a las clases qu\u00edmicas de fenetilamina\u00a0y anfetamina y tiene la f\u00f3rmula molecular C12H17NO. El peso f\u00f3rmula tiene un valor de 191.270 g\/mes. Compre 4-EMC en l\u00ednea<\/span><\/p>\n<p><span data-preserver-spaces=\"true\">Debido al gran inter\u00e9s del mercado, presentamos un nuevo producto de catinona que se puede usar para estudios cient\u00edficos. 4-EMC en venta online. La 4-metil metcatinona es una forma isom\u00e9rica que, a su vez, est\u00e1 estrechamente relacionada con la ahora restringida mefedrona, y todas las sustancias qu\u00edmicas enumeradas muestran propiedades estimulantes y entact\u00f3genas. 4-EMC para la venta en l\u00ednea, compre 4-EMC en el Reino Unido, 4-EMC compre en l\u00ednea,<\/span><\/p>\n<p><span data-preserver-spaces=\"true\">Como es t\u00edpico para esto\u00a0clase qu\u00edmica, 4-EMC\u00a0se cree que bloquea la recaptaci\u00f3n de neurotransmisores clave en la hendidura sin\u00e1ptica, con la dopamina y la serotonina como sus objetivos primarios probables. Compre 4-EMC a la venta, 4-EMC en l\u00ednea, Compre 4-EMC en l\u00ednea,<\/span><\/p>\n<p><span data-preserver-spaces=\"true\">La sustancia aparece como un polvo cristalino en condiciones normales. condiciones. Puede prepararlo f\u00e1cilmente para la prueba sin ning\u00fan riesgo de incluir impurezas. 4-EMC puede disolverse en agua y mantenerse seco y en un espacio de almacenamiento herm\u00e9tico.<\/span><\/p>\n<p><span data-preserver-spaces=\"true\">Dado que la sustancia no se ha probado exhaustivamente en el pasado y la mayor parte de lo que se sabe al respecto provienen de analog\u00edas de productos qu\u00edmicos relacionados, los investigadores tienen la oportunidad de mapear su perfil desde cero. Todos los dise\u00f1os de experimentos deben reflejar el estado novedoso de la sustancia qu\u00edmica y dejar un amplio margen de error. 4-EMC a la venta en EE. UU. en l\u00ednea, compre 4-FA en l\u00ednea, compre 4-EMC en l\u00ednea<\/span><\/p>\n<p>Compre 4EMC Crystal en l\u00ednea, compre 4-EMC en EE. UU., compre 4EMC en Australia, compre en l\u00ednea 4-EMC , Comprar 4-EMC Crystal Europa, Comprar 4-EMC Canad\u00e1, D\u00f3nde comprar 4-EMC, 4-EMC comprar Canad\u00e1, 4-EMC comprar Reino Unido, 4-EMC comprar EE. UU., 4-EMC Crystal en l\u00ednea, calidad 4-EMC para venta, 4EMC Polvo para la venta en l\u00ednea, Compre 4-EMC Crystal Uk,<\/p>\n<p>4-cprc,<br \/>\nnormefedrona,<br \/>\netilanfetamina,<br \/>\n3,4-dmmc,<br \/>\n4-mec,<br \/>\nbencedrona,<br \/>\n4-mpd,<br \/>\n4-mpd psiconautwiki,<\/p>\n<p>&nbsp;<\/p>\n<p><strong><span data-preserver-spaces=\"true\">Farmacolog\u00eda<\/span><\/strong><\/p>\n<p><span data-preserver-spaces=\"true\">4EMC tiene una farmacolog\u00eda compleja, pero en esencia es un estimulante sint\u00e9tico y empat\u00f3geno de la misma manera que la metcatinona.<\/span><\/p>\n<p><strong><span data-preserver-spaces=\"true\">Compuestos similares:<\/span><\/strong><\/p>\n<ul>\n<li><span data-preserver-spaces=\"true\">4-MEC<\/span><\/li>\n<li><span data-preserver-spaces=\"true\">Mefedrona<\/span><\/li>\n<li>Methcathinone<\/li>\n<li><span data-preserver-spaces=\"true\">Benzedrona<\/span><\/li>\n<li>4-metilpentedrona<\/li>\n<li><span data-preserver-spaces=\"true\">4-metilbufedrona<\/span><\/li>\n<\/ul>\n<p><strong><span data-preserver-spaces=\"true\">Legalidad:<\/span><\/strong><\/p>\n<p><span data-preserver-spaces=\"true\">4-EMC es no se menciona expl\u00edcitamente como sustancia controlada en ning\u00fan pa\u00eds conocido. A\u00fan as\u00ed, es principalmente una sustancia controlada en el estado estadounidense de Vermont. Como podr\u00eda ser legalmente un an\u00e1logo de 4-MEC o compuestos relacionados, podr\u00eda estar bajo las disposiciones an\u00e1logas de muchos pa\u00edses, como EE. UU. o Gran Breta\u00f1a.<\/span><\/p>\n","protected":false},"excerpt":{"rendered":"<p>Compre polvo 4-EMC en l\u00ednea. Este qu\u00edmico pertenece a la clase de estimulantes y entact\u00f3genos. Es un is\u00f3mero estructural de 4-MEC.<\/p>\n<p>Comprar 4-EMC (4-etilmetcatinona) est\u00e1 disponible para la venta en l\u00ednea en Europa, UE, Reino Unido y EE. UU. en Fairpricemedical.com.<\/p>\n<p>Lo tienes aqu\u00ed a los mejores precios y calidad. Estamos para brindarte la mejor experiencia.<\/p>\n","protected":false},"featured_media":8075,"comment_status":"open","ping_status":"closed","template":"","meta":{"inline_featured_image":false},"product_brand":[],"product_cat":[264],"product_tag":[],"class_list":{"0":"post-8068","1":"product","2":"type-product","3":"status-publish","4":"has-post-thumbnail","6":"product_cat-investigacion-quimica","8":"first","9":"instock","10":"shipping-taxable","11":"purchasable","12":"product-type-variable","13":"has-default-attributes"},"yoast_head":"<!-- This site is optimized with the Yoast SEO Premium plugin v19.2 (Yoast SEO v27.3) - https:\/\/yoast.com\/product\/yoast-seo-premium-wordpress\/ -->\n<title>Compre 4- etilmetcatinona (4-EMC) en l\u00ednea- Everyday Chem Shop<\/title>\n<meta name=\"description\" content=\"Compre 4- etilmetcatinona (4-EMC) en l\u00ednea. Vendemos 4-etilmetcatinona (4-EMC) de la mejor calidad. P\u00f3ngase en contacto para obtener m\u00e1s informaci\u00f3n.\" \/>\n<meta name=\"robots\" content=\"index, follow, max-snippet:-1, max-image-preview:large, max-video-preview:-1\" \/>\n<link rel=\"canonical\" href=\"https:\/\/everydaychemshop.com\/es\/product\/4-etilmetcatinona-4-emc\/\" \/>\n<meta property=\"og:locale\" content=\"en_US\" \/>\n<meta property=\"og:type\" content=\"article\" \/>\n<meta property=\"og:title\" content=\"4- Etilmetcatinona (4-EMC)\" \/>\n<meta property=\"og:description\" content=\"Compre 4- etilmetcatinona (4-EMC) en l\u00ednea. Vendemos 4-etilmetcatinona (4-EMC) de la mejor calidad. P\u00f3ngase en contacto para obtener m\u00e1s informaci\u00f3n.\" \/>\n<meta property=\"og:url\" content=\"https:\/\/everydaychemshop.com\/es\/product\/4-etilmetcatinona-4-emc\/\" \/>\n<meta property=\"og:site_name\" content=\"Everyday Chem Shop\" \/>\n<meta property=\"article:modified_time\" content=\"2023-04-07T07:59:35+00:00\" \/>\n<meta property=\"og:image\" content=\"https:\/\/everydaychemshop.com\/es\/wp-content\/uploads\/sites\/4\/2022\/11\/Buy-4-EMC.jpg\" \/>\n\t<meta property=\"og:image:width\" content=\"230\" \/>\n\t<meta property=\"og:image:height\" content=\"230\" \/>\n\t<meta property=\"og:image:type\" content=\"image\/jpeg\" \/>\n<meta name=\"twitter:card\" content=\"summary_large_image\" \/>\n<meta name=\"twitter:label1\" content=\"Est. reading time\" \/>\n\t<meta name=\"twitter:data1\" content=\"3 minutes\" \/>\n<script type=\"application\/ld+json\" class=\"yoast-schema-graph\">{\"@context\":\"https:\\\/\\\/schema.org\",\"@graph\":[{\"@type\":\"WebPage\",\"@id\":\"https:\\\/\\\/everydaychemshop.com\\\/es\\\/product\\\/4-etilmetcatinona-4-emc\\\/\",\"url\":\"https:\\\/\\\/everydaychemshop.com\\\/es\\\/product\\\/4-etilmetcatinona-4-emc\\\/\",\"name\":\"Compre 4- etilmetcatinona (4-EMC) en l\u00ednea- Everyday Chem Shop\",\"isPartOf\":{\"@id\":\"https:\\\/\\\/everydaychemshop.com\\\/es\\\/#website\"},\"primaryImageOfPage\":{\"@id\":\"https:\\\/\\\/everydaychemshop.com\\\/es\\\/product\\\/4-etilmetcatinona-4-emc\\\/#primaryimage\"},\"image\":{\"@id\":\"https:\\\/\\\/everydaychemshop.com\\\/es\\\/product\\\/4-etilmetcatinona-4-emc\\\/#primaryimage\"},\"thumbnailUrl\":\"https:\\\/\\\/everydaychemshop.com\\\/es\\\/wp-content\\\/uploads\\\/sites\\\/4\\\/2022\\\/11\\\/Buy-4-EMC.jpg\",\"datePublished\":\"2022-11-18T21:32:32+00:00\",\"dateModified\":\"2023-04-07T07:59:35+00:00\",\"description\":\"Compre 4- etilmetcatinona (4-EMC) en l\u00ednea. Vendemos 4-etilmetcatinona (4-EMC) de la mejor calidad. P\u00f3ngase en contacto para obtener m\u00e1s informaci\u00f3n.\",\"breadcrumb\":{\"@id\":\"https:\\\/\\\/everydaychemshop.com\\\/es\\\/product\\\/4-etilmetcatinona-4-emc\\\/#breadcrumb\"},\"inLanguage\":\"en-US\",\"potentialAction\":[{\"@type\":\"ReadAction\",\"target\":[\"https:\\\/\\\/everydaychemshop.com\\\/es\\\/product\\\/4-etilmetcatinona-4-emc\\\/\"]}]},{\"@type\":\"ImageObject\",\"inLanguage\":\"en-US\",\"@id\":\"https:\\\/\\\/everydaychemshop.com\\\/es\\\/product\\\/4-etilmetcatinona-4-emc\\\/#primaryimage\",\"url\":\"https:\\\/\\\/everydaychemshop.com\\\/es\\\/wp-content\\\/uploads\\\/sites\\\/4\\\/2022\\\/11\\\/Buy-4-EMC.jpg\",\"contentUrl\":\"https:\\\/\\\/everydaychemshop.com\\\/es\\\/wp-content\\\/uploads\\\/sites\\\/4\\\/2022\\\/11\\\/Buy-4-EMC.jpg\",\"width\":230,\"height\":230,\"caption\":\"Compre 4- etilmetcatinona (4-EMC) en l\u00ednea\"},{\"@type\":\"BreadcrumbList\",\"@id\":\"https:\\\/\\\/everydaychemshop.com\\\/es\\\/product\\\/4-etilmetcatinona-4-emc\\\/#breadcrumb\",\"itemListElement\":[{\"@type\":\"ListItem\",\"position\":1,\"name\":\"Home\",\"item\":\"https:\\\/\\\/everydaychemshop.com\\\/es\\\/\"},{\"@type\":\"ListItem\",\"position\":2,\"name\":\"Productos\",\"item\":\"https:\\\/\\\/everydaychemshop.com\\\/es\\\/productos\\\/\"},{\"@type\":\"ListItem\",\"position\":3,\"name\":\"4- Etilmetcatinona (4-EMC)\"}]},{\"@type\":\"WebSite\",\"@id\":\"https:\\\/\\\/everydaychemshop.com\\\/es\\\/#website\",\"url\":\"https:\\\/\\\/everydaychemshop.com\\\/es\\\/\",\"name\":\"Everyday Chem Shop\",\"description\":\"\",\"potentialAction\":[{\"@type\":\"SearchAction\",\"target\":{\"@type\":\"EntryPoint\",\"urlTemplate\":\"https:\\\/\\\/everydaychemshop.com\\\/es\\\/?s={search_term_string}\"},\"query-input\":{\"@type\":\"PropertyValueSpecification\",\"valueRequired\":true,\"valueName\":\"search_term_string\"}}],\"inLanguage\":\"en-US\"}]}<\/script>\n<!-- \/ Yoast SEO Premium plugin. -->","yoast_head_json":{"title":"Compre 4- etilmetcatinona (4-EMC) en l\u00ednea- Everyday Chem Shop","description":"Compre 4- etilmetcatinona (4-EMC) en l\u00ednea. Vendemos 4-etilmetcatinona (4-EMC) de la mejor calidad. P\u00f3ngase en contacto para obtener m\u00e1s informaci\u00f3n.","robots":{"index":"index","follow":"follow","max-snippet":"max-snippet:-1","max-image-preview":"max-image-preview:large","max-video-preview":"max-video-preview:-1"},"canonical":"https:\/\/everydaychemshop.com\/es\/product\/4-etilmetcatinona-4-emc\/","og_locale":"en_US","og_type":"article","og_title":"4- Etilmetcatinona (4-EMC)","og_description":"Compre 4- etilmetcatinona (4-EMC) en l\u00ednea. Vendemos 4-etilmetcatinona (4-EMC) de la mejor calidad. P\u00f3ngase en contacto para obtener m\u00e1s informaci\u00f3n.","og_url":"https:\/\/everydaychemshop.com\/es\/product\/4-etilmetcatinona-4-emc\/","og_site_name":"Everyday Chem Shop","article_modified_time":"2023-04-07T07:59:35+00:00","og_image":[{"width":230,"height":230,"url":"https:\/\/everydaychemshop.com\/es\/wp-content\/uploads\/sites\/4\/2022\/11\/Buy-4-EMC.jpg","type":"image\/jpeg"}],"twitter_card":"summary_large_image","twitter_misc":{"Est. reading time":"3 minutes"},"schema":{"@context":"https:\/\/schema.org","@graph":[{"@type":"WebPage","@id":"https:\/\/everydaychemshop.com\/es\/product\/4-etilmetcatinona-4-emc\/","url":"https:\/\/everydaychemshop.com\/es\/product\/4-etilmetcatinona-4-emc\/","name":"Compre 4- etilmetcatinona (4-EMC) en l\u00ednea- Everyday Chem Shop","isPartOf":{"@id":"https:\/\/everydaychemshop.com\/es\/#website"},"primaryImageOfPage":{"@id":"https:\/\/everydaychemshop.com\/es\/product\/4-etilmetcatinona-4-emc\/#primaryimage"},"image":{"@id":"https:\/\/everydaychemshop.com\/es\/product\/4-etilmetcatinona-4-emc\/#primaryimage"},"thumbnailUrl":"https:\/\/everydaychemshop.com\/es\/wp-content\/uploads\/sites\/4\/2022\/11\/Buy-4-EMC.jpg","datePublished":"2022-11-18T21:32:32+00:00","dateModified":"2023-04-07T07:59:35+00:00","description":"Compre 4- etilmetcatinona (4-EMC) en l\u00ednea. Vendemos 4-etilmetcatinona (4-EMC) de la mejor calidad. P\u00f3ngase en contacto para obtener m\u00e1s informaci\u00f3n.","breadcrumb":{"@id":"https:\/\/everydaychemshop.com\/es\/product\/4-etilmetcatinona-4-emc\/#breadcrumb"},"inLanguage":"en-US","potentialAction":[{"@type":"ReadAction","target":["https:\/\/everydaychemshop.com\/es\/product\/4-etilmetcatinona-4-emc\/"]}]},{"@type":"ImageObject","inLanguage":"en-US","@id":"https:\/\/everydaychemshop.com\/es\/product\/4-etilmetcatinona-4-emc\/#primaryimage","url":"https:\/\/everydaychemshop.com\/es\/wp-content\/uploads\/sites\/4\/2022\/11\/Buy-4-EMC.jpg","contentUrl":"https:\/\/everydaychemshop.com\/es\/wp-content\/uploads\/sites\/4\/2022\/11\/Buy-4-EMC.jpg","width":230,"height":230,"caption":"Compre 4- etilmetcatinona (4-EMC) en l\u00ednea"},{"@type":"BreadcrumbList","@id":"https:\/\/everydaychemshop.com\/es\/product\/4-etilmetcatinona-4-emc\/#breadcrumb","itemListElement":[{"@type":"ListItem","position":1,"name":"Home","item":"https:\/\/everydaychemshop.com\/es\/"},{"@type":"ListItem","position":2,"name":"Productos","item":"https:\/\/everydaychemshop.com\/es\/productos\/"},{"@type":"ListItem","position":3,"name":"4- Etilmetcatinona (4-EMC)"}]},{"@type":"WebSite","@id":"https:\/\/everydaychemshop.com\/es\/#website","url":"https:\/\/everydaychemshop.com\/es\/","name":"Everyday Chem Shop","description":"","potentialAction":[{"@type":"SearchAction","target":{"@type":"EntryPoint","urlTemplate":"https:\/\/everydaychemshop.com\/es\/?s={search_term_string}"},"query-input":{"@type":"PropertyValueSpecification","valueRequired":true,"valueName":"search_term_string"}}],"inLanguage":"en-US"}]}},"_links":{"self":[{"href":"https:\/\/everydaychemshop.com\/es\/wp-json\/wp\/v2\/product\/8068","targetHints":{"allow":["GET"]}}],"collection":[{"href":"https:\/\/everydaychemshop.com\/es\/wp-json\/wp\/v2\/product"}],"about":[{"href":"https:\/\/everydaychemshop.com\/es\/wp-json\/wp\/v2\/types\/product"}],"replies":[{"embeddable":true,"href":"https:\/\/everydaychemshop.com\/es\/wp-json\/wp\/v2\/comments?post=8068"}],"wp:featuredmedia":[{"embeddable":true,"href":"https:\/\/everydaychemshop.com\/es\/wp-json\/wp\/v2\/media\/8075"}],"wp:attachment":[{"href":"https:\/\/everydaychemshop.com\/es\/wp-json\/wp\/v2\/media?parent=8068"}],"wp:term":[{"taxonomy":"product_brand","embeddable":true,"href":"https:\/\/everydaychemshop.com\/es\/wp-json\/wp\/v2\/product_brand?post=8068"},{"taxonomy":"product_cat","embeddable":true,"href":"https:\/\/everydaychemshop.com\/es\/wp-json\/wp\/v2\/product_cat?post=8068"},{"taxonomy":"product_tag","embeddable":true,"href":"https:\/\/everydaychemshop.com\/es\/wp-json\/wp\/v2\/product_tag?post=8068"}],"curies":[{"name":"wp","href":"https:\/\/api.w.org\/{rel}","templated":true}]}}