{"id":8084,"date":"2022-11-18T21:42:22","date_gmt":"2022-11-18T21:42:22","guid":{"rendered":"https:\/\/everydaychemshop.com\/es\/?post_type=product&#038;p=8084"},"modified":"2023-04-07T07:55:35","modified_gmt":"2023-04-07T07:55:35","slug":"5f-mdmb-2201-cristales","status":"publish","type":"product","link":"https:\/\/everydaychemshop.com\/es\/product\/5f-mdmb-2201-cristales\/","title":{"rendered":"5F-MDMB-2201 Cristales"},"content":{"rendered":"<div class=\"contenedor\">\n<div class=\"row main-content-wrap\">\n<div class=\"main-content col-lg-12\">\n<div id=\"primary\" class=\"content-area\">\n<p>&nbsp;<\/p>\n<div id=\"product-1685\" class=\"product type-product post-1685 status-publish first instock product_cat-research-chemicals- and-bath-sal product_tag-4f-adb-review product_tag-4f-mdmb-binaca-uk product_tag-5f-polvo product_tag-5f-mdmb-2201 product_tag-5f-mdmb-2201-cannabinoides product_tag-5f-mdmb-2201- cannabinoides-en-venta product_tag-5f-mdmb-2201-en-venta product_tag-5f-mdmb-2201-en-venta-online product_tag-5f-mdmb-2201-polvo product_tag-5f-mdmb-2201-polvo-australia product_tag -5f-mdmb-2201-powder-canada product_tag-5f-mdmb-2201-powder-dosage product_tag-5f-mdmb-2201-powder-for-sale product_tag-5f-mdmb-2201-powder-review product_tag-5f-mdmb -2201-polvo-proveedor product_tag-5f-mdmb-2201-polvo-uk product_tag-5f-mdmb-2201-powder-usa product_tag-5f-mdmb-2201-polvo-proveedor product_tag-5f-mdmb-2201-reddit product_t ag-5f-mdmb-2201-review product_tag-5f-mdmb-pinaca-buy product_tag-5f-sgt-151 product_tag-buy-5f-mdmb-2201 product_tag-buy-5f-mdmb-2201-cannabinoides product_tag-buy-5f -mdmb-2201-online product_tag-buy-5f-mdmb-2201-polvo-online product_tag-buy-diclazepam-uk product_tag-c-liquid-chemical-suspension product_tag-mail-5f-mdmb-2201 product_tag-order-5f- mdmb-2201 product_tag-order-5f-mdmb-2201-online product_tag-order-5f-mdmb-2201-powder product_tag-pure-5f-mdmb-2201-powder product_tag-sgt-151-legal product_tag-d\u00f3nde-comprar -5f-mdmb-2201 tiene-post-miniatura de env\u00edo imponible adquirible variable de tipo de producto tiene atributos predeterminados dise\u00f1o de producto predeterminado\">\n<div id=\"product-tab\" class=\"woocommerce-tabs woocommerce-tabs -dwcbz5qo resp-htabs\">\n<div class=\"resp-tabs-container\">\n<div id=\"tab-description\" class=\"tab-content resp-tab-content resp-tab-content-active\" aria-labelledby=\"tab_item-0\">\n<h1>Comprar 5F-MDMB-2201 Cristales en l\u00ednea<\/h1>\n<p><a href=\"https:\/\/everydaychemshop.com\/es\/product\/5f-mdmb-2201-cristales\/\">Comprar 5F-MDMB-2201 Cristales en l\u00ednea<\/a>. Es un coche de indazol 3 boxamide que est\u00e1 comenzando a verse en productos de cannabis sint\u00e9tico en todo el mundo.<\/p>\n<p>Farmacolog\u00eda:<br \/>\nSe sabe que 5F-MDMB-2201 es un agonista CB1 muy potente, pero no se sabe si tiene una <a href=\"https:\/\/en.wikipedia.org\/wiki\/MMB-2201\">fuerte<\/a> selectividad por CB1, o de hecho si es selectiva en absoluto. Se requerir\u00e1n m\u00e1s pruebas en esta \u00e1rea.<\/p>\n<p>Compuestos similares:<br \/>\n5F-AB-PINACA<br \/>\nPX-3<br \/>\nMDMB-FUBINACA<br \/>\nMDMB-CHMICA<br \/>\nAPINACA<br \/>\nAPICA<br \/>\nADB-PINACA<br \/>\nADBICA<br \/>\nADB-FUBINACA<br \/>\nADB-CHMINACA<br \/>\nAB-PINACA<br \/>\nAB-FUBINACA<br \/>\nAB-CHMINACA<br \/>\nAB-CHFUPYCA<br \/>\n5F-APINACA<br \/>\n5F-AMB<\/p>\n<p>Legalidad:<br \/>\n5F-MDMB-2201 no se sabe que sea considerada una sustancia controlada en cualquier pa\u00eds o jurisdicci\u00f3n importante en este momento, pero puede considerarse un an\u00e1logo del 5F-ADB o compuestos relacionados. Eso podr\u00eda hacer que su venta o posesi\u00f3n sea ilegal en ciertas jurisdicciones, por lo que se debe tener cuidado al importar este qu\u00edmico.<br \/>\n5F-MDMB-2201 se vende \u00fanicamente como qu\u00edmico de investigaci\u00f3n y, por lo tanto, no es apto para el consumo humano o animal. Solo debe ser utilizado por personal capacitado en un laboratorio o entorno forense.<\/p>\n<\/div>\n<\/div>\n<\/div>\n<\/div>\n<p>&nbsp;<\/p>\n<\/div>\n<\/div>\n<\/div>\n<\/div>\n<div class=\"productos relacionados\">\n<div class=\"contenedor\"><\/div>\n<\/div>\n","protected":false},"excerpt":{"rendered":"<p>Compre 5f MDMB 2201 Crystals en l\u00ednea. 5F-MDMB-2201 es un cannabinoide sint\u00e9tico de la familia de los indazoles, y est\u00e1 muy relacionado con el m\u00e1s conocido 5F-MDMB-PINACA.<\/p>\n<p><em>Comprar<\/em>\u00a0puro de alta calidad\u00a0<em>5F<\/em>\u2013<em>MDMB<\/em>\u2013<em>2201<\/em>\u00a0Polvo en l\u00ednea con Bitcoin:\u00a0<em>Comprar<\/em>\u00a0drogas legales en l\u00ednea,\u00a0<em>comprar<\/em>\u00a0investigar productos qu\u00edmicos,\u00a0<em>comprar<\/em>\u00a0polvos farmac\u00e9uticos crudos. <em>5F<\/em>\u2013<em>MDMB<\/em>\u2013<em>2201<\/em><\/p>\n<p>Solicite una muestra para probarla o para\u00a0<em>comprar 5f<\/em> \u2013<em>mdmb<\/em>\u2013<em>2201<\/em>\u00a0a la venta y obtenga env\u00edo gratis en Reino Unido, EE. UU. o Europa.<\/p>\n","protected":false},"featured_media":8091,"comment_status":"open","ping_status":"closed","template":"","meta":{"inline_featured_image":false},"product_brand":[],"product_cat":[264],"product_tag":[],"class_list":{"0":"post-8084","1":"product","2":"type-product","3":"status-publish","4":"has-post-thumbnail","6":"product_cat-investigacion-quimica","8":"first","9":"instock","10":"shipping-taxable","11":"purchasable","12":"product-type-variable","13":"has-default-attributes"},"yoast_head":"<!-- This site is optimized with the Yoast SEO Premium plugin v19.2 (Yoast SEO v27.3) - https:\/\/yoast.com\/product\/yoast-seo-premium-wordpress\/ -->\n<title>Comprar 5F-MDMB-2201 Cristales en l\u00ednea- Everyday Chem Shop<\/title>\n<meta name=\"description\" content=\"Comprar 5F-MDMB-2201 Cristales en l\u00ednea. Vendemos cristales 5F-MDMB-2201 de la mejor calidad en l\u00ednea. P\u00f3ngase en contacto para obtener m\u00e1s informaci\u00f3n y precios.\" \/>\n<meta name=\"robots\" content=\"index, follow, max-snippet:-1, max-image-preview:large, max-video-preview:-1\" \/>\n<link rel=\"canonical\" href=\"https:\/\/everydaychemshop.com\/es\/product\/5f-mdmb-2201-cristales\/\" \/>\n<meta property=\"og:locale\" content=\"en_US\" \/>\n<meta property=\"og:type\" content=\"article\" \/>\n<meta property=\"og:title\" content=\"5F-MDMB-2201 Cristales\" \/>\n<meta property=\"og:description\" content=\"Comprar 5F-MDMB-2201 Cristales en l\u00ednea. Vendemos cristales 5F-MDMB-2201 de la mejor calidad en l\u00ednea. P\u00f3ngase en contacto para obtener m\u00e1s informaci\u00f3n y precios.\" \/>\n<meta property=\"og:url\" content=\"https:\/\/everydaychemshop.com\/es\/product\/5f-mdmb-2201-cristales\/\" \/>\n<meta property=\"og:site_name\" content=\"Everyday Chem Shop\" \/>\n<meta property=\"article:modified_time\" content=\"2023-04-07T07:55:35+00:00\" \/>\n<meta property=\"og:image\" content=\"https:\/\/everydaychemshop.com\/es\/wp-content\/uploads\/sites\/4\/2022\/11\/Buy-5f-MDMB-2201.jpg\" \/>\n\t<meta property=\"og:image:width\" content=\"232\" \/>\n\t<meta property=\"og:image:height\" content=\"217\" \/>\n\t<meta property=\"og:image:type\" content=\"image\/jpeg\" \/>\n<meta name=\"twitter:card\" content=\"summary_large_image\" \/>\n<meta name=\"twitter:label1\" content=\"Est. reading time\" \/>\n\t<meta name=\"twitter:data1\" content=\"1 minute\" \/>\n<script type=\"application\/ld+json\" class=\"yoast-schema-graph\">{\"@context\":\"https:\\\/\\\/schema.org\",\"@graph\":[{\"@type\":\"WebPage\",\"@id\":\"https:\\\/\\\/everydaychemshop.com\\\/es\\\/product\\\/5f-mdmb-2201-cristales\\\/\",\"url\":\"https:\\\/\\\/everydaychemshop.com\\\/es\\\/product\\\/5f-mdmb-2201-cristales\\\/\",\"name\":\"Comprar 5F-MDMB-2201 Cristales en l\u00ednea- Everyday Chem Shop\",\"isPartOf\":{\"@id\":\"https:\\\/\\\/everydaychemshop.com\\\/es\\\/#website\"},\"primaryImageOfPage\":{\"@id\":\"https:\\\/\\\/everydaychemshop.com\\\/es\\\/product\\\/5f-mdmb-2201-cristales\\\/#primaryimage\"},\"image\":{\"@id\":\"https:\\\/\\\/everydaychemshop.com\\\/es\\\/product\\\/5f-mdmb-2201-cristales\\\/#primaryimage\"},\"thumbnailUrl\":\"https:\\\/\\\/everydaychemshop.com\\\/es\\\/wp-content\\\/uploads\\\/sites\\\/4\\\/2022\\\/11\\\/Buy-5f-MDMB-2201.jpg\",\"datePublished\":\"2022-11-18T21:42:22+00:00\",\"dateModified\":\"2023-04-07T07:55:35+00:00\",\"description\":\"Comprar 5F-MDMB-2201 Cristales en l\u00ednea. Vendemos cristales 5F-MDMB-2201 de la mejor calidad en l\u00ednea. P\u00f3ngase en contacto para obtener m\u00e1s informaci\u00f3n y precios.\",\"breadcrumb\":{\"@id\":\"https:\\\/\\\/everydaychemshop.com\\\/es\\\/product\\\/5f-mdmb-2201-cristales\\\/#breadcrumb\"},\"inLanguage\":\"en-US\",\"potentialAction\":[{\"@type\":\"ReadAction\",\"target\":[\"https:\\\/\\\/everydaychemshop.com\\\/es\\\/product\\\/5f-mdmb-2201-cristales\\\/\"]}]},{\"@type\":\"ImageObject\",\"inLanguage\":\"en-US\",\"@id\":\"https:\\\/\\\/everydaychemshop.com\\\/es\\\/product\\\/5f-mdmb-2201-cristales\\\/#primaryimage\",\"url\":\"https:\\\/\\\/everydaychemshop.com\\\/es\\\/wp-content\\\/uploads\\\/sites\\\/4\\\/2022\\\/11\\\/Buy-5f-MDMB-2201.jpg\",\"contentUrl\":\"https:\\\/\\\/everydaychemshop.com\\\/es\\\/wp-content\\\/uploads\\\/sites\\\/4\\\/2022\\\/11\\\/Buy-5f-MDMB-2201.jpg\",\"width\":232,\"height\":217,\"caption\":\"Comprar 5F-MDMB-2201 Cristales en l\u00ednea\"},{\"@type\":\"BreadcrumbList\",\"@id\":\"https:\\\/\\\/everydaychemshop.com\\\/es\\\/product\\\/5f-mdmb-2201-cristales\\\/#breadcrumb\",\"itemListElement\":[{\"@type\":\"ListItem\",\"position\":1,\"name\":\"Home\",\"item\":\"https:\\\/\\\/everydaychemshop.com\\\/es\\\/\"},{\"@type\":\"ListItem\",\"position\":2,\"name\":\"Productos\",\"item\":\"https:\\\/\\\/everydaychemshop.com\\\/es\\\/productos\\\/\"},{\"@type\":\"ListItem\",\"position\":3,\"name\":\"5F-MDMB-2201 Cristales\"}]},{\"@type\":\"WebSite\",\"@id\":\"https:\\\/\\\/everydaychemshop.com\\\/es\\\/#website\",\"url\":\"https:\\\/\\\/everydaychemshop.com\\\/es\\\/\",\"name\":\"Everyday Chem Shop\",\"description\":\"\",\"potentialAction\":[{\"@type\":\"SearchAction\",\"target\":{\"@type\":\"EntryPoint\",\"urlTemplate\":\"https:\\\/\\\/everydaychemshop.com\\\/es\\\/?s={search_term_string}\"},\"query-input\":{\"@type\":\"PropertyValueSpecification\",\"valueRequired\":true,\"valueName\":\"search_term_string\"}}],\"inLanguage\":\"en-US\"}]}<\/script>\n<!-- \/ Yoast SEO Premium plugin. -->","yoast_head_json":{"title":"Comprar 5F-MDMB-2201 Cristales en l\u00ednea- Everyday Chem Shop","description":"Comprar 5F-MDMB-2201 Cristales en l\u00ednea. Vendemos cristales 5F-MDMB-2201 de la mejor calidad en l\u00ednea. P\u00f3ngase en contacto para obtener m\u00e1s informaci\u00f3n y precios.","robots":{"index":"index","follow":"follow","max-snippet":"max-snippet:-1","max-image-preview":"max-image-preview:large","max-video-preview":"max-video-preview:-1"},"canonical":"https:\/\/everydaychemshop.com\/es\/product\/5f-mdmb-2201-cristales\/","og_locale":"en_US","og_type":"article","og_title":"5F-MDMB-2201 Cristales","og_description":"Comprar 5F-MDMB-2201 Cristales en l\u00ednea. Vendemos cristales 5F-MDMB-2201 de la mejor calidad en l\u00ednea. P\u00f3ngase en contacto para obtener m\u00e1s informaci\u00f3n y precios.","og_url":"https:\/\/everydaychemshop.com\/es\/product\/5f-mdmb-2201-cristales\/","og_site_name":"Everyday Chem Shop","article_modified_time":"2023-04-07T07:55:35+00:00","og_image":[{"width":232,"height":217,"url":"https:\/\/everydaychemshop.com\/es\/wp-content\/uploads\/sites\/4\/2022\/11\/Buy-5f-MDMB-2201.jpg","type":"image\/jpeg"}],"twitter_card":"summary_large_image","twitter_misc":{"Est. reading time":"1 minute"},"schema":{"@context":"https:\/\/schema.org","@graph":[{"@type":"WebPage","@id":"https:\/\/everydaychemshop.com\/es\/product\/5f-mdmb-2201-cristales\/","url":"https:\/\/everydaychemshop.com\/es\/product\/5f-mdmb-2201-cristales\/","name":"Comprar 5F-MDMB-2201 Cristales en l\u00ednea- Everyday Chem Shop","isPartOf":{"@id":"https:\/\/everydaychemshop.com\/es\/#website"},"primaryImageOfPage":{"@id":"https:\/\/everydaychemshop.com\/es\/product\/5f-mdmb-2201-cristales\/#primaryimage"},"image":{"@id":"https:\/\/everydaychemshop.com\/es\/product\/5f-mdmb-2201-cristales\/#primaryimage"},"thumbnailUrl":"https:\/\/everydaychemshop.com\/es\/wp-content\/uploads\/sites\/4\/2022\/11\/Buy-5f-MDMB-2201.jpg","datePublished":"2022-11-18T21:42:22+00:00","dateModified":"2023-04-07T07:55:35+00:00","description":"Comprar 5F-MDMB-2201 Cristales en l\u00ednea. Vendemos cristales 5F-MDMB-2201 de la mejor calidad en l\u00ednea. P\u00f3ngase en contacto para obtener m\u00e1s informaci\u00f3n y precios.","breadcrumb":{"@id":"https:\/\/everydaychemshop.com\/es\/product\/5f-mdmb-2201-cristales\/#breadcrumb"},"inLanguage":"en-US","potentialAction":[{"@type":"ReadAction","target":["https:\/\/everydaychemshop.com\/es\/product\/5f-mdmb-2201-cristales\/"]}]},{"@type":"ImageObject","inLanguage":"en-US","@id":"https:\/\/everydaychemshop.com\/es\/product\/5f-mdmb-2201-cristales\/#primaryimage","url":"https:\/\/everydaychemshop.com\/es\/wp-content\/uploads\/sites\/4\/2022\/11\/Buy-5f-MDMB-2201.jpg","contentUrl":"https:\/\/everydaychemshop.com\/es\/wp-content\/uploads\/sites\/4\/2022\/11\/Buy-5f-MDMB-2201.jpg","width":232,"height":217,"caption":"Comprar 5F-MDMB-2201 Cristales en l\u00ednea"},{"@type":"BreadcrumbList","@id":"https:\/\/everydaychemshop.com\/es\/product\/5f-mdmb-2201-cristales\/#breadcrumb","itemListElement":[{"@type":"ListItem","position":1,"name":"Home","item":"https:\/\/everydaychemshop.com\/es\/"},{"@type":"ListItem","position":2,"name":"Productos","item":"https:\/\/everydaychemshop.com\/es\/productos\/"},{"@type":"ListItem","position":3,"name":"5F-MDMB-2201 Cristales"}]},{"@type":"WebSite","@id":"https:\/\/everydaychemshop.com\/es\/#website","url":"https:\/\/everydaychemshop.com\/es\/","name":"Everyday Chem Shop","description":"","potentialAction":[{"@type":"SearchAction","target":{"@type":"EntryPoint","urlTemplate":"https:\/\/everydaychemshop.com\/es\/?s={search_term_string}"},"query-input":{"@type":"PropertyValueSpecification","valueRequired":true,"valueName":"search_term_string"}}],"inLanguage":"en-US"}]}},"_links":{"self":[{"href":"https:\/\/everydaychemshop.com\/es\/wp-json\/wp\/v2\/product\/8084","targetHints":{"allow":["GET"]}}],"collection":[{"href":"https:\/\/everydaychemshop.com\/es\/wp-json\/wp\/v2\/product"}],"about":[{"href":"https:\/\/everydaychemshop.com\/es\/wp-json\/wp\/v2\/types\/product"}],"replies":[{"embeddable":true,"href":"https:\/\/everydaychemshop.com\/es\/wp-json\/wp\/v2\/comments?post=8084"}],"wp:featuredmedia":[{"embeddable":true,"href":"https:\/\/everydaychemshop.com\/es\/wp-json\/wp\/v2\/media\/8091"}],"wp:attachment":[{"href":"https:\/\/everydaychemshop.com\/es\/wp-json\/wp\/v2\/media?parent=8084"}],"wp:term":[{"taxonomy":"product_brand","embeddable":true,"href":"https:\/\/everydaychemshop.com\/es\/wp-json\/wp\/v2\/product_brand?post=8084"},{"taxonomy":"product_cat","embeddable":true,"href":"https:\/\/everydaychemshop.com\/es\/wp-json\/wp\/v2\/product_cat?post=8084"},{"taxonomy":"product_tag","embeddable":true,"href":"https:\/\/everydaychemshop.com\/es\/wp-json\/wp\/v2\/product_tag?post=8084"}],"curies":[{"name":"wp","href":"https:\/\/api.w.org\/{rel}","templated":true}]}}