{"id":8092,"date":"2022-11-18T21:46:46","date_gmt":"2022-11-18T21:46:46","guid":{"rendered":"https:\/\/everydaychemshop.com\/es\/?post_type=product&#038;p=8092"},"modified":"2023-04-07T07:54:24","modified_gmt":"2023-04-07T07:54:24","slug":"adb-pinaca-polvo","status":"publish","type":"product","link":"https:\/\/everydaychemshop.com\/es\/product\/adb-pinaca-polvo\/","title":{"rendered":"Polvo ADB-PINACA"},"content":{"rendered":"<h1 class=\"product_title entry-title\">Comprar ADB-Pinaca en Polvo online<\/h1>\n<p><a href=\"https:\/\/everydaychemshop.com\/es\/product\/adb-pinaca-polvo\/\">Comprar ADB-Pinaca en Polvo online<\/a> Purity 98% Chemical Stock disponible en polvo y amp; Cristal<br \/>\nMetiopropamina \/ MPA<\/p>\n<p>Pureza del polvo ADB-Pinaca<\/p>\n<p>ProName: 5F-MDMB-PINACA 5F-ADB 5FADB ADB en polvo<br \/>\nCasNo: 68585-34- 2<br \/>\nF\u00f3rmula molecular: ADB<br \/>\nAspecto: polvo cristalino blanco<br \/>\nAplicaci\u00f3n: intermedio farmac\u00e9utico<br \/>\nTiempo de entrega: 4-7 d\u00edas para productos listos<br \/>\nPaquete: 1 kg\/bolsa de papel de aluminio<br \/>\nPuerto: Tianjin<br \/>\nCapacidad de producci\u00f3n: 10000 kilogramos\/mes<br \/>\nPureza: &gt;99,5 %<br \/>\nAlmacenamiento: permanecer en lugar fresco, seco y bien sellado<br \/>\nTransporte: por EMS, DHL, FEDEX<br \/>\nContenido de humedad: \u22640,01<\/p>\n<p>Comprar\u00a0<a href=\"https:\/\/en.wikipedia.org\/wiki\/ADB-PINACA\">ADB-Pinaca<\/a> Pureza del polvo 98 % a la venta, proveedores de productos qu\u00edmicos de investigaci\u00f3n, comprar productos qu\u00edmicos de investigaci\u00f3n en China, el mejor sitio para comprar productos qu\u00edmicos de investigaci\u00f3n, productos qu\u00edmicos de investigaci\u00f3n reddit, productos qu\u00edmicos <a href=\"https:\/\/en.wikipedia.org\/wiki\/ADB-PINACA\">de<\/a> investigaci\u00f3n para el culturismo, productos qu\u00edmicos de investigaci\u00f3n baratos en EE. UU., comprar productos qu\u00edmicos de investigaci\u00f3n en l\u00ednea en Europa<\/p>\n","protected":false},"excerpt":{"rendered":"<p>Comprar ADB-Pinaca Polvo Alta Pureza. Compre ADB-Pinaca Powder Pureza 98% de stock qu\u00edmico disponible en polvo y amp; Crystal<\/p>\n<p>Compre ADB-Pinaca Powder para la venta en Europa, Reino Unido, UE, China Pureza 98% Stock qu\u00edmico disponible en polvo y amp; CrystalMethiopropamine \/ MPA ADB-Pinaca Powder Pureza.<\/p>\n","protected":false},"featured_media":8099,"comment_status":"open","ping_status":"closed","template":"","meta":{"inline_featured_image":false},"product_brand":[],"product_cat":[264],"product_tag":[],"class_list":{"0":"post-8092","1":"product","2":"type-product","3":"status-publish","4":"has-post-thumbnail","6":"product_cat-investigacion-quimica","8":"first","9":"instock","10":"shipping-taxable","11":"purchasable","12":"product-type-variable"},"yoast_head":"<!-- This site is optimized with the Yoast SEO Premium plugin v19.2 (Yoast SEO v27.3) - https:\/\/yoast.com\/product\/yoast-seo-premium-wordpress\/ -->\n<title>Comprar ADB-Pinaca en Polvo online - Everyday Chem Shop<\/title>\n<meta name=\"description\" content=\"Comprar ADB-Pinaca en Polvo online. Vendemos polvo ADB-Pinaca de la mejor calidad en l\u00ednea. P\u00f3ngase en contacto para obtener m\u00e1s informaci\u00f3n y precios.\" \/>\n<meta name=\"robots\" content=\"index, follow, max-snippet:-1, max-image-preview:large, max-video-preview:-1\" \/>\n<link rel=\"canonical\" href=\"https:\/\/everydaychemshop.com\/es\/product\/adb-pinaca-polvo\/\" \/>\n<meta property=\"og:locale\" content=\"en_US\" \/>\n<meta property=\"og:type\" content=\"article\" \/>\n<meta property=\"og:title\" content=\"Polvo ADB-PINACA\" \/>\n<meta property=\"og:description\" content=\"Comprar ADB-Pinaca en Polvo online. Vendemos polvo ADB-Pinaca de la mejor calidad en l\u00ednea. P\u00f3ngase en contacto para obtener m\u00e1s informaci\u00f3n y precios.\" \/>\n<meta property=\"og:url\" content=\"https:\/\/everydaychemshop.com\/es\/product\/adb-pinaca-polvo\/\" \/>\n<meta property=\"og:site_name\" content=\"Everyday Chem Shop\" \/>\n<meta property=\"article:modified_time\" content=\"2023-04-07T07:54:24+00:00\" \/>\n<meta property=\"og:image\" content=\"https:\/\/everydaychemshop.com\/es\/wp-content\/uploads\/sites\/4\/2022\/11\/Buy-ADB-Pinaca-Powder.png\" \/>\n\t<meta property=\"og:image:width\" content=\"600\" \/>\n\t<meta property=\"og:image:height\" content=\"400\" \/>\n\t<meta property=\"og:image:type\" content=\"image\/png\" \/>\n<meta name=\"twitter:card\" content=\"summary_large_image\" \/>\n<meta name=\"twitter:label1\" content=\"Est. reading time\" \/>\n\t<meta name=\"twitter:data1\" content=\"1 minute\" \/>\n<script type=\"application\/ld+json\" class=\"yoast-schema-graph\">{\"@context\":\"https:\\\/\\\/schema.org\",\"@graph\":[{\"@type\":\"WebPage\",\"@id\":\"https:\\\/\\\/everydaychemshop.com\\\/es\\\/product\\\/adb-pinaca-polvo\\\/\",\"url\":\"https:\\\/\\\/everydaychemshop.com\\\/es\\\/product\\\/adb-pinaca-polvo\\\/\",\"name\":\"Comprar ADB-Pinaca en Polvo online - Everyday Chem Shop\",\"isPartOf\":{\"@id\":\"https:\\\/\\\/everydaychemshop.com\\\/es\\\/#website\"},\"primaryImageOfPage\":{\"@id\":\"https:\\\/\\\/everydaychemshop.com\\\/es\\\/product\\\/adb-pinaca-polvo\\\/#primaryimage\"},\"image\":{\"@id\":\"https:\\\/\\\/everydaychemshop.com\\\/es\\\/product\\\/adb-pinaca-polvo\\\/#primaryimage\"},\"thumbnailUrl\":\"https:\\\/\\\/everydaychemshop.com\\\/es\\\/wp-content\\\/uploads\\\/sites\\\/4\\\/2022\\\/11\\\/Buy-ADB-Pinaca-Powder.png\",\"datePublished\":\"2022-11-18T21:46:46+00:00\",\"dateModified\":\"2023-04-07T07:54:24+00:00\",\"description\":\"Comprar ADB-Pinaca en Polvo online. Vendemos polvo ADB-Pinaca de la mejor calidad en l\u00ednea. P\u00f3ngase en contacto para obtener m\u00e1s informaci\u00f3n y precios.\",\"breadcrumb\":{\"@id\":\"https:\\\/\\\/everydaychemshop.com\\\/es\\\/product\\\/adb-pinaca-polvo\\\/#breadcrumb\"},\"inLanguage\":\"en-US\",\"potentialAction\":[{\"@type\":\"ReadAction\",\"target\":[\"https:\\\/\\\/everydaychemshop.com\\\/es\\\/product\\\/adb-pinaca-polvo\\\/\"]}]},{\"@type\":\"ImageObject\",\"inLanguage\":\"en-US\",\"@id\":\"https:\\\/\\\/everydaychemshop.com\\\/es\\\/product\\\/adb-pinaca-polvo\\\/#primaryimage\",\"url\":\"https:\\\/\\\/everydaychemshop.com\\\/es\\\/wp-content\\\/uploads\\\/sites\\\/4\\\/2022\\\/11\\\/Buy-ADB-Pinaca-Powder.png\",\"contentUrl\":\"https:\\\/\\\/everydaychemshop.com\\\/es\\\/wp-content\\\/uploads\\\/sites\\\/4\\\/2022\\\/11\\\/Buy-ADB-Pinaca-Powder.png\",\"width\":600,\"height\":400,\"caption\":\"Comprar ADB-Pinaca en Polvo online\"},{\"@type\":\"BreadcrumbList\",\"@id\":\"https:\\\/\\\/everydaychemshop.com\\\/es\\\/product\\\/adb-pinaca-polvo\\\/#breadcrumb\",\"itemListElement\":[{\"@type\":\"ListItem\",\"position\":1,\"name\":\"Home\",\"item\":\"https:\\\/\\\/everydaychemshop.com\\\/es\\\/\"},{\"@type\":\"ListItem\",\"position\":2,\"name\":\"Productos\",\"item\":\"https:\\\/\\\/everydaychemshop.com\\\/es\\\/productos\\\/\"},{\"@type\":\"ListItem\",\"position\":3,\"name\":\"Polvo ADB-PINACA\"}]},{\"@type\":\"WebSite\",\"@id\":\"https:\\\/\\\/everydaychemshop.com\\\/es\\\/#website\",\"url\":\"https:\\\/\\\/everydaychemshop.com\\\/es\\\/\",\"name\":\"Everyday Chem Shop\",\"description\":\"\",\"potentialAction\":[{\"@type\":\"SearchAction\",\"target\":{\"@type\":\"EntryPoint\",\"urlTemplate\":\"https:\\\/\\\/everydaychemshop.com\\\/es\\\/?s={search_term_string}\"},\"query-input\":{\"@type\":\"PropertyValueSpecification\",\"valueRequired\":true,\"valueName\":\"search_term_string\"}}],\"inLanguage\":\"en-US\"}]}<\/script>\n<!-- \/ Yoast SEO Premium plugin. -->","yoast_head_json":{"title":"Comprar ADB-Pinaca en Polvo online - Everyday Chem Shop","description":"Comprar ADB-Pinaca en Polvo online. Vendemos polvo ADB-Pinaca de la mejor calidad en l\u00ednea. P\u00f3ngase en contacto para obtener m\u00e1s informaci\u00f3n y precios.","robots":{"index":"index","follow":"follow","max-snippet":"max-snippet:-1","max-image-preview":"max-image-preview:large","max-video-preview":"max-video-preview:-1"},"canonical":"https:\/\/everydaychemshop.com\/es\/product\/adb-pinaca-polvo\/","og_locale":"en_US","og_type":"article","og_title":"Polvo ADB-PINACA","og_description":"Comprar ADB-Pinaca en Polvo online. Vendemos polvo ADB-Pinaca de la mejor calidad en l\u00ednea. P\u00f3ngase en contacto para obtener m\u00e1s informaci\u00f3n y precios.","og_url":"https:\/\/everydaychemshop.com\/es\/product\/adb-pinaca-polvo\/","og_site_name":"Everyday Chem Shop","article_modified_time":"2023-04-07T07:54:24+00:00","og_image":[{"width":600,"height":400,"url":"https:\/\/everydaychemshop.com\/es\/wp-content\/uploads\/sites\/4\/2022\/11\/Buy-ADB-Pinaca-Powder.png","type":"image\/png"}],"twitter_card":"summary_large_image","twitter_misc":{"Est. reading time":"1 minute"},"schema":{"@context":"https:\/\/schema.org","@graph":[{"@type":"WebPage","@id":"https:\/\/everydaychemshop.com\/es\/product\/adb-pinaca-polvo\/","url":"https:\/\/everydaychemshop.com\/es\/product\/adb-pinaca-polvo\/","name":"Comprar ADB-Pinaca en Polvo online - Everyday Chem Shop","isPartOf":{"@id":"https:\/\/everydaychemshop.com\/es\/#website"},"primaryImageOfPage":{"@id":"https:\/\/everydaychemshop.com\/es\/product\/adb-pinaca-polvo\/#primaryimage"},"image":{"@id":"https:\/\/everydaychemshop.com\/es\/product\/adb-pinaca-polvo\/#primaryimage"},"thumbnailUrl":"https:\/\/everydaychemshop.com\/es\/wp-content\/uploads\/sites\/4\/2022\/11\/Buy-ADB-Pinaca-Powder.png","datePublished":"2022-11-18T21:46:46+00:00","dateModified":"2023-04-07T07:54:24+00:00","description":"Comprar ADB-Pinaca en Polvo online. Vendemos polvo ADB-Pinaca de la mejor calidad en l\u00ednea. P\u00f3ngase en contacto para obtener m\u00e1s informaci\u00f3n y precios.","breadcrumb":{"@id":"https:\/\/everydaychemshop.com\/es\/product\/adb-pinaca-polvo\/#breadcrumb"},"inLanguage":"en-US","potentialAction":[{"@type":"ReadAction","target":["https:\/\/everydaychemshop.com\/es\/product\/adb-pinaca-polvo\/"]}]},{"@type":"ImageObject","inLanguage":"en-US","@id":"https:\/\/everydaychemshop.com\/es\/product\/adb-pinaca-polvo\/#primaryimage","url":"https:\/\/everydaychemshop.com\/es\/wp-content\/uploads\/sites\/4\/2022\/11\/Buy-ADB-Pinaca-Powder.png","contentUrl":"https:\/\/everydaychemshop.com\/es\/wp-content\/uploads\/sites\/4\/2022\/11\/Buy-ADB-Pinaca-Powder.png","width":600,"height":400,"caption":"Comprar ADB-Pinaca en Polvo online"},{"@type":"BreadcrumbList","@id":"https:\/\/everydaychemshop.com\/es\/product\/adb-pinaca-polvo\/#breadcrumb","itemListElement":[{"@type":"ListItem","position":1,"name":"Home","item":"https:\/\/everydaychemshop.com\/es\/"},{"@type":"ListItem","position":2,"name":"Productos","item":"https:\/\/everydaychemshop.com\/es\/productos\/"},{"@type":"ListItem","position":3,"name":"Polvo ADB-PINACA"}]},{"@type":"WebSite","@id":"https:\/\/everydaychemshop.com\/es\/#website","url":"https:\/\/everydaychemshop.com\/es\/","name":"Everyday Chem Shop","description":"","potentialAction":[{"@type":"SearchAction","target":{"@type":"EntryPoint","urlTemplate":"https:\/\/everydaychemshop.com\/es\/?s={search_term_string}"},"query-input":{"@type":"PropertyValueSpecification","valueRequired":true,"valueName":"search_term_string"}}],"inLanguage":"en-US"}]}},"_links":{"self":[{"href":"https:\/\/everydaychemshop.com\/es\/wp-json\/wp\/v2\/product\/8092","targetHints":{"allow":["GET"]}}],"collection":[{"href":"https:\/\/everydaychemshop.com\/es\/wp-json\/wp\/v2\/product"}],"about":[{"href":"https:\/\/everydaychemshop.com\/es\/wp-json\/wp\/v2\/types\/product"}],"replies":[{"embeddable":true,"href":"https:\/\/everydaychemshop.com\/es\/wp-json\/wp\/v2\/comments?post=8092"}],"wp:featuredmedia":[{"embeddable":true,"href":"https:\/\/everydaychemshop.com\/es\/wp-json\/wp\/v2\/media\/8099"}],"wp:attachment":[{"href":"https:\/\/everydaychemshop.com\/es\/wp-json\/wp\/v2\/media?parent=8092"}],"wp:term":[{"taxonomy":"product_brand","embeddable":true,"href":"https:\/\/everydaychemshop.com\/es\/wp-json\/wp\/v2\/product_brand?post=8092"},{"taxonomy":"product_cat","embeddable":true,"href":"https:\/\/everydaychemshop.com\/es\/wp-json\/wp\/v2\/product_cat?post=8092"},{"taxonomy":"product_tag","embeddable":true,"href":"https:\/\/everydaychemshop.com\/es\/wp-json\/wp\/v2\/product_tag?post=8092"}],"curies":[{"name":"wp","href":"https:\/\/api.w.org\/{rel}","templated":true}]}}