{"id":8100,"date":"2022-11-18T21:51:44","date_gmt":"2022-11-18T21:51:44","guid":{"rendered":"https:\/\/everydaychemshop.com\/es\/?post_type=product&#038;p=8100"},"modified":"2023-04-07T07:53:11","modified_gmt":"2023-04-07T07:53:11","slug":"al-lad-polvo","status":"publish","type":"product","link":"https:\/\/everydaychemshop.com\/es\/product\/al-lad-polvo\/","title":{"rendered":"Polvo AL-LAD"},"content":{"rendered":"<h1>Comprar AL-LAD Polvo online<\/h1>\n<p><a href=\"https:\/\/everydaychemshop.com\/es\/product\/al-lad-polvo\/\">Comprar AL-LAD Polvo online<\/a>.\u00a0 Mayorista y proveedor de puro <em>AL-LAD Powder<\/em>\u00a0al precio m\u00e1s bajo y varias materias primas farmac\u00e9uticas de pureza &gt;99 %, productos qu\u00edmicos de investigaci\u00f3n y medicamentos gen\u00e9ricos. Embalaje <a href=\"https:\/\/en.wikipedia.org\/wiki\/AL-LAD\">seguro<\/a> y discreto con seguimiento de env\u00edo.<\/p>\n<p>AL-LAD, tambi\u00e9n conocido como 6-alil-6-nor-LSD, es un an\u00e1logo qu\u00edmico de la dietilamida del \u00e1cido lis\u00e9rgico (LSD). Es una droga psicod\u00e9lica de la clase de la lisergamida que produce efectos psicod\u00e9licos similares a los del LSD cuando se administra.<\/p>\n<p class=\"h2_style\">Detalles r\u00e1pidos<\/p>\n<p>Nombre del producto: AL-LAD<br \/>\nSin\u00f3nimos: AL-LAD, 6-alil-6-nor-LSD<br \/>\nN\u00ba CAS: 65527-61-9<br \/>\nF\u00f3rmula molecular: C22H27N3O<br \/>\nIUPAC: (6aR,9R)-N, N-dietil-7-prop-2-enil-6,6a,8,9-tetrahidro-4H-indolo[4,3-fg]quinolina-9-carboxamida<br \/>\nPeso molecular: 349,5 g\/mol<br \/>\nPureza: 99,6 %<br \/>\nApariencia: Polvo cristalino blanco\/polvo blanquecino<\/p>\n<h2>Proveedor de polvo AL-LAD<\/h2>\n<p>Uno de los principales proveedores de materias primas farmac\u00e9uticas de Europa, somos conocidos por la excepcional variedad de productos y nuestros servicios de env\u00edo directo de medicamentos gen\u00e9ricos de calidad. Al ser un mayorista de polvo AL-LAD, nos esforzamos por ofrecer productos rentables y de alta calidad en el mercado.<\/p>\n","protected":false},"excerpt":{"rendered":"<p>Compre polvo de al-lad a la venta en el Reino Unido, Europa, AU, UE, solicite polvo de al-lad barato 2022, d\u00f3nde comprar polvo de al-lad de alta calidad Entrega al d\u00eda siguiente, ventas de polvo de al-lad.<\/p>\n<p><em>Compre AL<\/em>\u2013<em>LAD Powder<\/em>\u00a0Europa, proveedor verificado de Research Chemicals. Proveedor mayorista\u00a0<em>AL<\/em>\u2013<em>LAD Powder<\/em>\u00a0, env\u00edo directo desde la UE<\/p>\n<p><em>Comprar AL<\/em>\u2013<em>LAD Powder<\/em>\u00a0\u2013 Lisergamidas y otros compuestos de alta calidad al mejor precio. Precios m\u00e1s baratos. Descuento disponible. Env\u00edo r\u00e1pido a todo el mundo<\/p>\n<p><em>Compre Al<\/em>\u2013<em>lad Powder<\/em>\u00a0en l\u00ednea, dietilamida del \u00e1cido 6-alil-6-nor-lis\u00e9rgico (abreviado\u00a0<em>AL<\/em>\u2013<em>LAD<\/em>, tambi\u00e9n conocido como Aladdin) es un alucin\u00f3geno semisint\u00e9tico<\/p>\n","protected":false},"featured_media":8106,"comment_status":"open","ping_status":"closed","template":"","meta":{"inline_featured_image":false},"product_brand":[],"product_cat":[264],"product_tag":[],"class_list":{"0":"post-8100","1":"product","2":"type-product","3":"status-publish","4":"has-post-thumbnail","6":"product_cat-investigacion-quimica","8":"first","9":"instock","10":"shipping-taxable","11":"purchasable","12":"product-type-variable","13":"has-default-attributes"},"yoast_head":"<!-- This site is optimized with the Yoast SEO Premium plugin v19.2 (Yoast SEO v27.3) - https:\/\/yoast.com\/product\/yoast-seo-premium-wordpress\/ -->\n<title>Comprar AL-LAD Polvo online - Everyday Chem Shop<\/title>\n<meta name=\"description\" content=\"Comprar AL-LAD Polvo online. Vendemos polvo AL-LAD en l\u00ednea. P\u00f3ngase en contacto para obtener m\u00e1s informaci\u00f3n y precios para su pedido.\" \/>\n<meta name=\"robots\" content=\"index, follow, max-snippet:-1, max-image-preview:large, max-video-preview:-1\" \/>\n<link rel=\"canonical\" href=\"https:\/\/everydaychemshop.com\/es\/product\/al-lad-polvo\/\" \/>\n<meta property=\"og:locale\" content=\"en_US\" \/>\n<meta property=\"og:type\" content=\"article\" \/>\n<meta property=\"og:title\" content=\"Polvo AL-LAD\" \/>\n<meta property=\"og:description\" content=\"Comprar AL-LAD Polvo online. Vendemos polvo AL-LAD en l\u00ednea. P\u00f3ngase en contacto para obtener m\u00e1s informaci\u00f3n y precios para su pedido.\" \/>\n<meta property=\"og:url\" content=\"https:\/\/everydaychemshop.com\/es\/product\/al-lad-polvo\/\" \/>\n<meta property=\"og:site_name\" content=\"Everyday Chem Shop\" \/>\n<meta property=\"article:modified_time\" content=\"2023-04-07T07:53:11+00:00\" \/>\n<meta property=\"og:image\" content=\"https:\/\/everydaychemshop.com\/es\/wp-content\/uploads\/sites\/4\/2022\/11\/Buy-al-lad-powder.jpg\" \/>\n\t<meta property=\"og:image:width\" content=\"931\" \/>\n\t<meta property=\"og:image:height\" content=\"799\" \/>\n\t<meta property=\"og:image:type\" content=\"image\/jpeg\" \/>\n<meta name=\"twitter:card\" content=\"summary_large_image\" \/>\n<meta name=\"twitter:label1\" content=\"Est. reading time\" \/>\n\t<meta name=\"twitter:data1\" content=\"1 minute\" \/>\n<script type=\"application\/ld+json\" class=\"yoast-schema-graph\">{\"@context\":\"https:\\\/\\\/schema.org\",\"@graph\":[{\"@type\":\"WebPage\",\"@id\":\"https:\\\/\\\/everydaychemshop.com\\\/es\\\/product\\\/al-lad-polvo\\\/\",\"url\":\"https:\\\/\\\/everydaychemshop.com\\\/es\\\/product\\\/al-lad-polvo\\\/\",\"name\":\"Comprar AL-LAD Polvo online - Everyday Chem Shop\",\"isPartOf\":{\"@id\":\"https:\\\/\\\/everydaychemshop.com\\\/es\\\/#website\"},\"primaryImageOfPage\":{\"@id\":\"https:\\\/\\\/everydaychemshop.com\\\/es\\\/product\\\/al-lad-polvo\\\/#primaryimage\"},\"image\":{\"@id\":\"https:\\\/\\\/everydaychemshop.com\\\/es\\\/product\\\/al-lad-polvo\\\/#primaryimage\"},\"thumbnailUrl\":\"https:\\\/\\\/everydaychemshop.com\\\/es\\\/wp-content\\\/uploads\\\/sites\\\/4\\\/2022\\\/11\\\/Buy-al-lad-powder.jpg\",\"datePublished\":\"2022-11-18T21:51:44+00:00\",\"dateModified\":\"2023-04-07T07:53:11+00:00\",\"description\":\"Comprar AL-LAD Polvo online. Vendemos polvo AL-LAD en l\u00ednea. P\u00f3ngase en contacto para obtener m\u00e1s informaci\u00f3n y precios para su pedido.\",\"breadcrumb\":{\"@id\":\"https:\\\/\\\/everydaychemshop.com\\\/es\\\/product\\\/al-lad-polvo\\\/#breadcrumb\"},\"inLanguage\":\"en-US\",\"potentialAction\":[{\"@type\":\"ReadAction\",\"target\":[\"https:\\\/\\\/everydaychemshop.com\\\/es\\\/product\\\/al-lad-polvo\\\/\"]}]},{\"@type\":\"ImageObject\",\"inLanguage\":\"en-US\",\"@id\":\"https:\\\/\\\/everydaychemshop.com\\\/es\\\/product\\\/al-lad-polvo\\\/#primaryimage\",\"url\":\"https:\\\/\\\/everydaychemshop.com\\\/es\\\/wp-content\\\/uploads\\\/sites\\\/4\\\/2022\\\/11\\\/Buy-al-lad-powder.jpg\",\"contentUrl\":\"https:\\\/\\\/everydaychemshop.com\\\/es\\\/wp-content\\\/uploads\\\/sites\\\/4\\\/2022\\\/11\\\/Buy-al-lad-powder.jpg\",\"width\":931,\"height\":799,\"caption\":\"Comprar AL-LAD Polvo online\"},{\"@type\":\"BreadcrumbList\",\"@id\":\"https:\\\/\\\/everydaychemshop.com\\\/es\\\/product\\\/al-lad-polvo\\\/#breadcrumb\",\"itemListElement\":[{\"@type\":\"ListItem\",\"position\":1,\"name\":\"Home\",\"item\":\"https:\\\/\\\/everydaychemshop.com\\\/es\\\/\"},{\"@type\":\"ListItem\",\"position\":2,\"name\":\"Productos\",\"item\":\"https:\\\/\\\/everydaychemshop.com\\\/es\\\/productos\\\/\"},{\"@type\":\"ListItem\",\"position\":3,\"name\":\"Polvo AL-LAD\"}]},{\"@type\":\"WebSite\",\"@id\":\"https:\\\/\\\/everydaychemshop.com\\\/es\\\/#website\",\"url\":\"https:\\\/\\\/everydaychemshop.com\\\/es\\\/\",\"name\":\"Everyday Chem Shop\",\"description\":\"\",\"potentialAction\":[{\"@type\":\"SearchAction\",\"target\":{\"@type\":\"EntryPoint\",\"urlTemplate\":\"https:\\\/\\\/everydaychemshop.com\\\/es\\\/?s={search_term_string}\"},\"query-input\":{\"@type\":\"PropertyValueSpecification\",\"valueRequired\":true,\"valueName\":\"search_term_string\"}}],\"inLanguage\":\"en-US\"}]}<\/script>\n<!-- \/ Yoast SEO Premium plugin. -->","yoast_head_json":{"title":"Comprar AL-LAD Polvo online - Everyday Chem Shop","description":"Comprar AL-LAD Polvo online. Vendemos polvo AL-LAD en l\u00ednea. P\u00f3ngase en contacto para obtener m\u00e1s informaci\u00f3n y precios para su pedido.","robots":{"index":"index","follow":"follow","max-snippet":"max-snippet:-1","max-image-preview":"max-image-preview:large","max-video-preview":"max-video-preview:-1"},"canonical":"https:\/\/everydaychemshop.com\/es\/product\/al-lad-polvo\/","og_locale":"en_US","og_type":"article","og_title":"Polvo AL-LAD","og_description":"Comprar AL-LAD Polvo online. Vendemos polvo AL-LAD en l\u00ednea. P\u00f3ngase en contacto para obtener m\u00e1s informaci\u00f3n y precios para su pedido.","og_url":"https:\/\/everydaychemshop.com\/es\/product\/al-lad-polvo\/","og_site_name":"Everyday Chem Shop","article_modified_time":"2023-04-07T07:53:11+00:00","og_image":[{"width":931,"height":799,"url":"https:\/\/everydaychemshop.com\/es\/wp-content\/uploads\/sites\/4\/2022\/11\/Buy-al-lad-powder.jpg","type":"image\/jpeg"}],"twitter_card":"summary_large_image","twitter_misc":{"Est. reading time":"1 minute"},"schema":{"@context":"https:\/\/schema.org","@graph":[{"@type":"WebPage","@id":"https:\/\/everydaychemshop.com\/es\/product\/al-lad-polvo\/","url":"https:\/\/everydaychemshop.com\/es\/product\/al-lad-polvo\/","name":"Comprar AL-LAD Polvo online - Everyday Chem Shop","isPartOf":{"@id":"https:\/\/everydaychemshop.com\/es\/#website"},"primaryImageOfPage":{"@id":"https:\/\/everydaychemshop.com\/es\/product\/al-lad-polvo\/#primaryimage"},"image":{"@id":"https:\/\/everydaychemshop.com\/es\/product\/al-lad-polvo\/#primaryimage"},"thumbnailUrl":"https:\/\/everydaychemshop.com\/es\/wp-content\/uploads\/sites\/4\/2022\/11\/Buy-al-lad-powder.jpg","datePublished":"2022-11-18T21:51:44+00:00","dateModified":"2023-04-07T07:53:11+00:00","description":"Comprar AL-LAD Polvo online. Vendemos polvo AL-LAD en l\u00ednea. P\u00f3ngase en contacto para obtener m\u00e1s informaci\u00f3n y precios para su pedido.","breadcrumb":{"@id":"https:\/\/everydaychemshop.com\/es\/product\/al-lad-polvo\/#breadcrumb"},"inLanguage":"en-US","potentialAction":[{"@type":"ReadAction","target":["https:\/\/everydaychemshop.com\/es\/product\/al-lad-polvo\/"]}]},{"@type":"ImageObject","inLanguage":"en-US","@id":"https:\/\/everydaychemshop.com\/es\/product\/al-lad-polvo\/#primaryimage","url":"https:\/\/everydaychemshop.com\/es\/wp-content\/uploads\/sites\/4\/2022\/11\/Buy-al-lad-powder.jpg","contentUrl":"https:\/\/everydaychemshop.com\/es\/wp-content\/uploads\/sites\/4\/2022\/11\/Buy-al-lad-powder.jpg","width":931,"height":799,"caption":"Comprar AL-LAD Polvo online"},{"@type":"BreadcrumbList","@id":"https:\/\/everydaychemshop.com\/es\/product\/al-lad-polvo\/#breadcrumb","itemListElement":[{"@type":"ListItem","position":1,"name":"Home","item":"https:\/\/everydaychemshop.com\/es\/"},{"@type":"ListItem","position":2,"name":"Productos","item":"https:\/\/everydaychemshop.com\/es\/productos\/"},{"@type":"ListItem","position":3,"name":"Polvo AL-LAD"}]},{"@type":"WebSite","@id":"https:\/\/everydaychemshop.com\/es\/#website","url":"https:\/\/everydaychemshop.com\/es\/","name":"Everyday Chem Shop","description":"","potentialAction":[{"@type":"SearchAction","target":{"@type":"EntryPoint","urlTemplate":"https:\/\/everydaychemshop.com\/es\/?s={search_term_string}"},"query-input":{"@type":"PropertyValueSpecification","valueRequired":true,"valueName":"search_term_string"}}],"inLanguage":"en-US"}]}},"_links":{"self":[{"href":"https:\/\/everydaychemshop.com\/es\/wp-json\/wp\/v2\/product\/8100","targetHints":{"allow":["GET"]}}],"collection":[{"href":"https:\/\/everydaychemshop.com\/es\/wp-json\/wp\/v2\/product"}],"about":[{"href":"https:\/\/everydaychemshop.com\/es\/wp-json\/wp\/v2\/types\/product"}],"replies":[{"embeddable":true,"href":"https:\/\/everydaychemshop.com\/es\/wp-json\/wp\/v2\/comments?post=8100"}],"wp:featuredmedia":[{"embeddable":true,"href":"https:\/\/everydaychemshop.com\/es\/wp-json\/wp\/v2\/media\/8106"}],"wp:attachment":[{"href":"https:\/\/everydaychemshop.com\/es\/wp-json\/wp\/v2\/media?parent=8100"}],"wp:term":[{"taxonomy":"product_brand","embeddable":true,"href":"https:\/\/everydaychemshop.com\/es\/wp-json\/wp\/v2\/product_brand?post=8100"},{"taxonomy":"product_cat","embeddable":true,"href":"https:\/\/everydaychemshop.com\/es\/wp-json\/wp\/v2\/product_cat?post=8100"},{"taxonomy":"product_tag","embeddable":true,"href":"https:\/\/everydaychemshop.com\/es\/wp-json\/wp\/v2\/product_tag?post=8100"}],"curies":[{"name":"wp","href":"https:\/\/api.w.org\/{rel}","templated":true}]}}