{"id":8134,"date":"2022-11-19T08:42:23","date_gmt":"2022-11-19T08:42:23","guid":{"rendered":"https:\/\/everydaychemshop.com\/es\/?post_type=product&#038;p=8134"},"modified":"2023-04-07T07:47:40","modified_gmt":"2023-04-07T07:47:40","slug":"bk-etil-k-cristales","status":"publish","type":"product","link":"https:\/\/everydaychemshop.com\/es\/product\/bk-etil-k-cristales\/","title":{"rendered":"Cristales de BK-ETIL-K"},"content":{"rendered":"<h1>Comprar cristales BK-ETHYL-K online<\/h1>\n<p>Comprar cristales BK-ETHYL-K online. Compre Bk-Ethyl-K para la venta en l\u00ednea<i>. <\/i>Compre bk -Ethyl-K Chemical al por mayor en l\u00ednea<b><i>. N<\/i>-etilpentilona<\/b>\u00a0(<b>\u03b2-ceto-etilbenzodioxolilpentanamina<\/b>,\u00a0<b>\u03b2k-etil-K<\/b>,\u00a0<b>\u03b2k-EBDP<\/b>,\u00a0<b>ephylone<\/b>) es una\u00a0catinona sustituida\u00a0y\u00a0estimulante f\u00e1rmaco desarrollado en la d\u00e9cada de 1960. Se ha informado como una novela droga de dise\u00f1o en varios pa\u00edses, incluido el Reino Unido, Sud\u00e1frica, Nueva Zelanda, Estados Unidos, y Australia. <a href=\"https:\/\/en.wikipedia.org\/wiki\/N-Ethylpentylone\">En<\/a> 2018, <i>N<\/i>-etilpentilona fue la droga m\u00e1s com\u00fan de la clase de las catinonas que se identific\u00f3 en\u00a0Administraci\u00f3n de Control de Drogas\u00a0incautaciones.<sup id=\"cite_ref-8\" class=\"reference\"><\/sup><\/p>\n<p>Comprar bk-Ethyl-K Chemical al por mayor, cristal Bk-Ethyl-K a la venta<\/p>\n","protected":false},"excerpt":{"rendered":"<p>\u00a1Buscando comprar cristales bk-Ethyl-K baratos para la venta en el Reino Unido, Europa en nuestra tienda fairpricemedical.com con env\u00edo r\u00e1pido a todo el mundo! \u00a1Los mejores cristales de bk-Ethyl-K para ordenar los encontrar\u00e1 aqu\u00ed!<\/p>\n<p>Compre productos qu\u00edmicos bk-Ethyl-K al por mayor en l\u00ednea. productos qu\u00edmicos de investigaci\u00f3n baratos con la mejor pureza.<\/p>\n","protected":false},"featured_media":8139,"comment_status":"open","ping_status":"closed","template":"","meta":{"inline_featured_image":false},"product_brand":[],"product_cat":[264],"product_tag":[],"class_list":{"0":"post-8134","1":"product","2":"type-product","3":"status-publish","4":"has-post-thumbnail","6":"product_cat-investigacion-quimica","8":"first","9":"instock","10":"shipping-taxable","11":"purchasable","12":"product-type-variable","13":"has-default-attributes"},"yoast_head":"<!-- This site is optimized with the Yoast SEO Premium plugin v19.2 (Yoast SEO v27.3) - https:\/\/yoast.com\/product\/yoast-seo-premium-wordpress\/ -->\n<title>Comprar cristales BK-ETHYL-K online - Everyday Chem Shop<\/title>\n<meta name=\"description\" content=\"Comprar cristales BK-ETHYL-K online. Vendemos cristales BK-ETHYL-K de la mejor calidad en l\u00ednea. P\u00f3ngase en contacto para obtener m\u00e1s informaci\u00f3n y precios.\" \/>\n<meta name=\"robots\" content=\"index, follow, max-snippet:-1, max-image-preview:large, max-video-preview:-1\" \/>\n<link rel=\"canonical\" href=\"https:\/\/everydaychemshop.com\/es\/product\/bk-etil-k-cristales\/\" \/>\n<meta property=\"og:locale\" content=\"en_US\" \/>\n<meta property=\"og:type\" content=\"article\" \/>\n<meta property=\"og:title\" content=\"Cristales de BK-ETIL-K\" \/>\n<meta property=\"og:description\" content=\"Comprar cristales BK-ETHYL-K online. Vendemos cristales BK-ETHYL-K de la mejor calidad en l\u00ednea. P\u00f3ngase en contacto para obtener m\u00e1s informaci\u00f3n y precios.\" \/>\n<meta property=\"og:url\" content=\"https:\/\/everydaychemshop.com\/es\/product\/bk-etil-k-cristales\/\" \/>\n<meta property=\"og:site_name\" content=\"Everyday Chem Shop\" \/>\n<meta property=\"article:modified_time\" content=\"2023-04-07T07:47:40+00:00\" \/>\n<meta property=\"og:image\" content=\"https:\/\/everydaychemshop.com\/es\/wp-content\/uploads\/sites\/4\/2022\/11\/Buy-bk-Ethyl-K-Crystals.jpg\" \/>\n\t<meta property=\"og:image:width\" content=\"600\" \/>\n\t<meta property=\"og:image:height\" content=\"600\" \/>\n\t<meta property=\"og:image:type\" content=\"image\/jpeg\" \/>\n<meta name=\"twitter:card\" content=\"summary_large_image\" \/>\n<meta name=\"twitter:label1\" content=\"Est. reading time\" \/>\n\t<meta name=\"twitter:data1\" content=\"1 minute\" \/>\n<script type=\"application\/ld+json\" class=\"yoast-schema-graph\">{\"@context\":\"https:\\\/\\\/schema.org\",\"@graph\":[{\"@type\":\"WebPage\",\"@id\":\"https:\\\/\\\/everydaychemshop.com\\\/es\\\/product\\\/bk-etil-k-cristales\\\/\",\"url\":\"https:\\\/\\\/everydaychemshop.com\\\/es\\\/product\\\/bk-etil-k-cristales\\\/\",\"name\":\"Comprar cristales BK-ETHYL-K online - Everyday Chem Shop\",\"isPartOf\":{\"@id\":\"https:\\\/\\\/everydaychemshop.com\\\/es\\\/#website\"},\"primaryImageOfPage\":{\"@id\":\"https:\\\/\\\/everydaychemshop.com\\\/es\\\/product\\\/bk-etil-k-cristales\\\/#primaryimage\"},\"image\":{\"@id\":\"https:\\\/\\\/everydaychemshop.com\\\/es\\\/product\\\/bk-etil-k-cristales\\\/#primaryimage\"},\"thumbnailUrl\":\"https:\\\/\\\/everydaychemshop.com\\\/es\\\/wp-content\\\/uploads\\\/sites\\\/4\\\/2022\\\/11\\\/Buy-bk-Ethyl-K-Crystals.jpg\",\"datePublished\":\"2022-11-19T08:42:23+00:00\",\"dateModified\":\"2023-04-07T07:47:40+00:00\",\"description\":\"Comprar cristales BK-ETHYL-K online. Vendemos cristales BK-ETHYL-K de la mejor calidad en l\u00ednea. P\u00f3ngase en contacto para obtener m\u00e1s informaci\u00f3n y precios.\",\"breadcrumb\":{\"@id\":\"https:\\\/\\\/everydaychemshop.com\\\/es\\\/product\\\/bk-etil-k-cristales\\\/#breadcrumb\"},\"inLanguage\":\"en-US\",\"potentialAction\":[{\"@type\":\"ReadAction\",\"target\":[\"https:\\\/\\\/everydaychemshop.com\\\/es\\\/product\\\/bk-etil-k-cristales\\\/\"]}]},{\"@type\":\"ImageObject\",\"inLanguage\":\"en-US\",\"@id\":\"https:\\\/\\\/everydaychemshop.com\\\/es\\\/product\\\/bk-etil-k-cristales\\\/#primaryimage\",\"url\":\"https:\\\/\\\/everydaychemshop.com\\\/es\\\/wp-content\\\/uploads\\\/sites\\\/4\\\/2022\\\/11\\\/Buy-bk-Ethyl-K-Crystals.jpg\",\"contentUrl\":\"https:\\\/\\\/everydaychemshop.com\\\/es\\\/wp-content\\\/uploads\\\/sites\\\/4\\\/2022\\\/11\\\/Buy-bk-Ethyl-K-Crystals.jpg\",\"width\":600,\"height\":600,\"caption\":\"Comprar cristales BK-ETHYL-K online\"},{\"@type\":\"BreadcrumbList\",\"@id\":\"https:\\\/\\\/everydaychemshop.com\\\/es\\\/product\\\/bk-etil-k-cristales\\\/#breadcrumb\",\"itemListElement\":[{\"@type\":\"ListItem\",\"position\":1,\"name\":\"Home\",\"item\":\"https:\\\/\\\/everydaychemshop.com\\\/es\\\/\"},{\"@type\":\"ListItem\",\"position\":2,\"name\":\"Productos\",\"item\":\"https:\\\/\\\/everydaychemshop.com\\\/es\\\/productos\\\/\"},{\"@type\":\"ListItem\",\"position\":3,\"name\":\"Cristales de BK-ETIL-K\"}]},{\"@type\":\"WebSite\",\"@id\":\"https:\\\/\\\/everydaychemshop.com\\\/es\\\/#website\",\"url\":\"https:\\\/\\\/everydaychemshop.com\\\/es\\\/\",\"name\":\"Everyday Chem Shop\",\"description\":\"\",\"potentialAction\":[{\"@type\":\"SearchAction\",\"target\":{\"@type\":\"EntryPoint\",\"urlTemplate\":\"https:\\\/\\\/everydaychemshop.com\\\/es\\\/?s={search_term_string}\"},\"query-input\":{\"@type\":\"PropertyValueSpecification\",\"valueRequired\":true,\"valueName\":\"search_term_string\"}}],\"inLanguage\":\"en-US\"}]}<\/script>\n<!-- \/ Yoast SEO Premium plugin. -->","yoast_head_json":{"title":"Comprar cristales BK-ETHYL-K online - Everyday Chem Shop","description":"Comprar cristales BK-ETHYL-K online. Vendemos cristales BK-ETHYL-K de la mejor calidad en l\u00ednea. P\u00f3ngase en contacto para obtener m\u00e1s informaci\u00f3n y precios.","robots":{"index":"index","follow":"follow","max-snippet":"max-snippet:-1","max-image-preview":"max-image-preview:large","max-video-preview":"max-video-preview:-1"},"canonical":"https:\/\/everydaychemshop.com\/es\/product\/bk-etil-k-cristales\/","og_locale":"en_US","og_type":"article","og_title":"Cristales de BK-ETIL-K","og_description":"Comprar cristales BK-ETHYL-K online. Vendemos cristales BK-ETHYL-K de la mejor calidad en l\u00ednea. P\u00f3ngase en contacto para obtener m\u00e1s informaci\u00f3n y precios.","og_url":"https:\/\/everydaychemshop.com\/es\/product\/bk-etil-k-cristales\/","og_site_name":"Everyday Chem Shop","article_modified_time":"2023-04-07T07:47:40+00:00","og_image":[{"width":600,"height":600,"url":"https:\/\/everydaychemshop.com\/es\/wp-content\/uploads\/sites\/4\/2022\/11\/Buy-bk-Ethyl-K-Crystals.jpg","type":"image\/jpeg"}],"twitter_card":"summary_large_image","twitter_misc":{"Est. reading time":"1 minute"},"schema":{"@context":"https:\/\/schema.org","@graph":[{"@type":"WebPage","@id":"https:\/\/everydaychemshop.com\/es\/product\/bk-etil-k-cristales\/","url":"https:\/\/everydaychemshop.com\/es\/product\/bk-etil-k-cristales\/","name":"Comprar cristales BK-ETHYL-K online - Everyday Chem Shop","isPartOf":{"@id":"https:\/\/everydaychemshop.com\/es\/#website"},"primaryImageOfPage":{"@id":"https:\/\/everydaychemshop.com\/es\/product\/bk-etil-k-cristales\/#primaryimage"},"image":{"@id":"https:\/\/everydaychemshop.com\/es\/product\/bk-etil-k-cristales\/#primaryimage"},"thumbnailUrl":"https:\/\/everydaychemshop.com\/es\/wp-content\/uploads\/sites\/4\/2022\/11\/Buy-bk-Ethyl-K-Crystals.jpg","datePublished":"2022-11-19T08:42:23+00:00","dateModified":"2023-04-07T07:47:40+00:00","description":"Comprar cristales BK-ETHYL-K online. Vendemos cristales BK-ETHYL-K de la mejor calidad en l\u00ednea. P\u00f3ngase en contacto para obtener m\u00e1s informaci\u00f3n y precios.","breadcrumb":{"@id":"https:\/\/everydaychemshop.com\/es\/product\/bk-etil-k-cristales\/#breadcrumb"},"inLanguage":"en-US","potentialAction":[{"@type":"ReadAction","target":["https:\/\/everydaychemshop.com\/es\/product\/bk-etil-k-cristales\/"]}]},{"@type":"ImageObject","inLanguage":"en-US","@id":"https:\/\/everydaychemshop.com\/es\/product\/bk-etil-k-cristales\/#primaryimage","url":"https:\/\/everydaychemshop.com\/es\/wp-content\/uploads\/sites\/4\/2022\/11\/Buy-bk-Ethyl-K-Crystals.jpg","contentUrl":"https:\/\/everydaychemshop.com\/es\/wp-content\/uploads\/sites\/4\/2022\/11\/Buy-bk-Ethyl-K-Crystals.jpg","width":600,"height":600,"caption":"Comprar cristales BK-ETHYL-K online"},{"@type":"BreadcrumbList","@id":"https:\/\/everydaychemshop.com\/es\/product\/bk-etil-k-cristales\/#breadcrumb","itemListElement":[{"@type":"ListItem","position":1,"name":"Home","item":"https:\/\/everydaychemshop.com\/es\/"},{"@type":"ListItem","position":2,"name":"Productos","item":"https:\/\/everydaychemshop.com\/es\/productos\/"},{"@type":"ListItem","position":3,"name":"Cristales de BK-ETIL-K"}]},{"@type":"WebSite","@id":"https:\/\/everydaychemshop.com\/es\/#website","url":"https:\/\/everydaychemshop.com\/es\/","name":"Everyday Chem Shop","description":"","potentialAction":[{"@type":"SearchAction","target":{"@type":"EntryPoint","urlTemplate":"https:\/\/everydaychemshop.com\/es\/?s={search_term_string}"},"query-input":{"@type":"PropertyValueSpecification","valueRequired":true,"valueName":"search_term_string"}}],"inLanguage":"en-US"}]}},"_links":{"self":[{"href":"https:\/\/everydaychemshop.com\/es\/wp-json\/wp\/v2\/product\/8134","targetHints":{"allow":["GET"]}}],"collection":[{"href":"https:\/\/everydaychemshop.com\/es\/wp-json\/wp\/v2\/product"}],"about":[{"href":"https:\/\/everydaychemshop.com\/es\/wp-json\/wp\/v2\/types\/product"}],"replies":[{"embeddable":true,"href":"https:\/\/everydaychemshop.com\/es\/wp-json\/wp\/v2\/comments?post=8134"}],"wp:featuredmedia":[{"embeddable":true,"href":"https:\/\/everydaychemshop.com\/es\/wp-json\/wp\/v2\/media\/8139"}],"wp:attachment":[{"href":"https:\/\/everydaychemshop.com\/es\/wp-json\/wp\/v2\/media?parent=8134"}],"wp:term":[{"taxonomy":"product_brand","embeddable":true,"href":"https:\/\/everydaychemshop.com\/es\/wp-json\/wp\/v2\/product_brand?post=8134"},{"taxonomy":"product_cat","embeddable":true,"href":"https:\/\/everydaychemshop.com\/es\/wp-json\/wp\/v2\/product_cat?post=8134"},{"taxonomy":"product_tag","embeddable":true,"href":"https:\/\/everydaychemshop.com\/es\/wp-json\/wp\/v2\/product_tag?post=8134"}],"curies":[{"name":"wp","href":"https:\/\/api.w.org\/{rel}","templated":true}]}}