{"id":8140,"date":"2022-11-19T08:53:59","date_gmt":"2022-11-19T08:53:59","guid":{"rendered":"https:\/\/everydaychemshop.com\/es\/?post_type=product&#038;p=8140"},"modified":"2023-04-07T07:46:00","modified_gmt":"2023-04-07T07:46:00","slug":"hdep-28-novedoso-etilnaftidato","status":"publish","type":"product","link":"https:\/\/everydaychemshop.com\/es\/product\/hdep-28-novedoso-etilnaftidato\/","title":{"rendered":"Hdep-28 Nuevo etilnaftidato"},"content":{"rendered":"<div class=\"contenedor\">\n<div class=\"row main-content-wrap\">\n<div class=\"main-content col-lg-12\">\n<div id=\"primary\" class=\"content-area\">\n<h1>Comprar polvo de cristal Hdep-28 en l\u00ednea<\/h1>\n<div id=\"product-1792\" class=\"product type-product post-1792 status-publish first instock product_cat-research-chemicals- and-bath-salt tiene-post-thumbnail shipping-taxable adquirible product-type-variable tiene-default-attributes product-layout-default\">\n<div id=\"product-tab\" class=\"woocommerce-tabs woocommerce-tabs- xesk56dt resp-htabs\">\n<div class=\"resp-tabs-container\">\n<div id=\"tab-description\" class=\"tab-content resp-tab-content resp-tab-content-active\" aria-labelledby=\"tab_item-0\">\n<p><a href=\"https:\/\/everydaychemshop.com\/es\/product\/hdep-28-novedoso-etilnaftidato\/\">Comprar polvo de cristal Hdep-28 en l\u00ednea<\/a>. Que es un energizante entact\u00f3geno, a menudo se sugiere como 3,4-metilendioxi-N-etilcatinona. La etilona tiene un nombre productivo de 1-(1,3-Benzodioxol-5-il)- 2-(etilamino)- 1-propanona. La f\u00f3rmula subnuclear es C12H15NO3 con una masa ordinaria de 221,251999 Da y una masa monoisot\u00f3pica de 221,104996 Da. Compre etileno\u00a0china. Piedra valiosa de etilona accesible para comprar. Comprar piedras <a href=\"https:\/\/en.wikipedia.org\/wiki\/HDEP-28\">valiosas<\/a> de etileno. Proveedor de etilona. Comprar rebajas de etilona. reembolso de Ethylone<\/p>\n<p>La evaluaci\u00f3n de Ethylone fue coordinada por ACD\/Labs y ChemAxon. Las propiedades previstas por ACD\/Labs demostraron 4 aceptores de seguridad #H, 4 valores de giro libre, un r\u00e9cord de refracci\u00f3n de 1,54 con un factor de presi\u00f3n superficial de 44,3470001220703 dinas\/cm, una motivaci\u00f3n de explosi\u00f3n detr\u00e1s de 172,845 \u00b0C y una restricci\u00f3n de 362,188 \u00b0C a 760 mmHg.<\/p>\n<p>Esto es normal para aplicaciones l\u00f3gicas y de investigaci\u00f3n.<\/p>\n<p>Este objeto ha sido creado y ha intentado cumplir con las normas ISO17025:2005 y Guide 34:2009<\/p>\n<p>Somos la mejor asociaci\u00f3n y tenemos una relaci\u00f3n r\u00e1pida con varios fabricantes y proveedores en todo el mundo. \u00a1Simplemente ofrecemos cosas de calidad de evaluaci\u00f3n premium a nuestros clientes! Algo fundamentalmente lo mismo que en general esperamos cuando compramos art\u00edculos.<\/p>\n<p>Debido a esto, podemos obtener art\u00edculos de la mejor calidad absoluta al costo m\u00e1s genuino y transmitirle la calidad al mejor costo. !<\/p>\n<p>Todo lo que vendemos es de primera calidad, le pedimos a todos los clientes que GC\/MS sus cosas sean precisas y leg\u00edtimas. Realizamos nuestras propias pruebas en cada env\u00edo para asegurarnos de que la calidad de las piezas sobrantes sea del 100 %, nos preocupamos por nuestros clientes y que obtengan definitivamente lo que se avanza con su compra.<\/p>\n<p>Nuestro negocio entusiasm\u00f3 a hood depende de nosotros el tratamiento completo de su solicitud, sin importar qu\u00e9, de una manera \u00fatil. Nunca dejamos ning\u00fan problema en duda, y tratamos de brindarle las mejores recetas y delicados fuegos artificiales a los mejores costos, \u00a1con el transporte m\u00e1s sigiloso posible! Si no es tan dif\u00edcil, \u00a1tenga certeza y haga su solicitud con convicci\u00f3n!<\/p>\n<p>Hemos demostrado ser muy fuertes y en cualquier momento que nos d\u00e9 la puerta abierta, seremos Notable que puede llegar a confiar y hacer negocios estables de todos modos mientras estemos cerca. No permitiremos que baje.<\/p>\n<p>Le damos los n\u00fameros adjuntos una vez que se env\u00eda el grupo con el objetivo de que pueda seguir la progresi\u00f3n de su paquete.<\/p>\n<\/div>\n<\/div>\n<\/div>\n<\/div>\n<p>&nbsp;<\/p>\n<\/div>\n<\/div>\n<\/div>\n<\/div>\n<div class=\"productos relacionados\">\n<div class=\"contenedor\"><\/div>\n<\/div>\n","protected":false},"excerpt":{"rendered":"<p>Compre HDEP-28 Novel Ethylnaphthidate para la venta en el Reino Unido, Europa en l\u00ednea. IUPAC: 2-(naftalen-2-il)-2-(piperidin-2-il)acetato de etilo. Ordene hdep-28 Novel Ethylnaphthidate<\/p>\n<p><em>Compre hdep<\/em>\u2013<em>28 Novel Ethylnaphthidate 1 oz<\/em>\u00a0Ethylnaphthidate, que a veces se denomina\u00a0<em>HDEP<\/em>\u2013<em>28<\/em>\u00a0est\u00e1 dise\u00f1ado como un reemplazo para la serie Phenidate prohibida.<\/p>\n<p>Ethylnaphthidate es un producto nuevo y emocionante disponible para comprar.<br \/>\nEthylnaphthidate, que a veces se denomina HDEP -28 est\u00e1 dise\u00f1ado como un reemplazo para la serie de productos qu\u00edmicos Phenidate recientemente prohibido<br \/>\nEl cliente que trabaja con este producto en el laboratorio puede esperar que produzca una gama similar de efectos en comparaci\u00f3n con los &#8220;fenidatos&#8221;. los investigadores encontrar\u00e1n que HDEP 28\/Ethylnaphhidate es una excelente alternativa al etilfenidato<br \/>\nIUPAC: 2-(naphthalen-2-yl)-2-(piperidin-2-yl)acetate<br \/>\nCAS#: N\/A<br \/>\nPeso molecular: 297,40<br \/>\nF\u00f3rmula: C19H23NO2<\/p>\n","protected":false},"featured_media":8143,"comment_status":"open","ping_status":"closed","template":"","meta":{"inline_featured_image":false},"product_brand":[],"product_cat":[264],"product_tag":[],"class_list":{"0":"post-8140","1":"product","2":"type-product","3":"status-publish","4":"has-post-thumbnail","6":"product_cat-investigacion-quimica","8":"first","9":"instock","10":"shipping-taxable","11":"purchasable","12":"product-type-variable","13":"has-default-attributes"},"yoast_head":"<!-- This site is optimized with the Yoast SEO Premium plugin v19.2 (Yoast SEO v27.3) - https:\/\/yoast.com\/product\/yoast-seo-premium-wordpress\/ -->\n<title>Comprar polvo de cristal Hdep-28 en l\u00ednea- Everyday Chem Shop<\/title>\n<meta name=\"description\" content=\"Comprar polvo de cristal Hdep-28 en l\u00ednea. Vendemos polvo de cristal Hdep-28 de la mejor calidad en l\u00ednea. P\u00f3ngase en contacto para obtener m\u00e1s informaci\u00f3n y precios.\" \/>\n<meta name=\"robots\" content=\"index, follow, max-snippet:-1, max-image-preview:large, max-video-preview:-1\" \/>\n<link rel=\"canonical\" href=\"https:\/\/everydaychemshop.com\/es\/product\/hdep-28-novedoso-etilnaftidato\/\" \/>\n<meta property=\"og:locale\" content=\"en_US\" \/>\n<meta property=\"og:type\" content=\"article\" \/>\n<meta property=\"og:title\" content=\"Hdep-28 Nuevo etilnaftidato\" \/>\n<meta property=\"og:description\" content=\"Comprar polvo de cristal Hdep-28 en l\u00ednea. Vendemos polvo de cristal Hdep-28 de la mejor calidad en l\u00ednea. P\u00f3ngase en contacto para obtener m\u00e1s informaci\u00f3n y precios.\" \/>\n<meta property=\"og:url\" content=\"https:\/\/everydaychemshop.com\/es\/product\/hdep-28-novedoso-etilnaftidato\/\" \/>\n<meta property=\"og:site_name\" content=\"Everyday Chem Shop\" \/>\n<meta property=\"article:modified_time\" content=\"2023-04-07T07:46:00+00:00\" \/>\n<meta property=\"og:image\" content=\"https:\/\/everydaychemshop.com\/es\/wp-content\/uploads\/sites\/4\/2022\/11\/Buy-hdep-28-Novel-Ethylnaphthidate.jpg\" \/>\n\t<meta property=\"og:image:width\" content=\"600\" \/>\n\t<meta property=\"og:image:height\" content=\"600\" \/>\n\t<meta property=\"og:image:type\" content=\"image\/jpeg\" \/>\n<meta name=\"twitter:card\" content=\"summary_large_image\" \/>\n<meta name=\"twitter:label1\" content=\"Est. reading time\" \/>\n\t<meta name=\"twitter:data1\" content=\"2 minutes\" \/>\n<script type=\"application\/ld+json\" class=\"yoast-schema-graph\">{\"@context\":\"https:\\\/\\\/schema.org\",\"@graph\":[{\"@type\":\"WebPage\",\"@id\":\"https:\\\/\\\/everydaychemshop.com\\\/es\\\/product\\\/hdep-28-novedoso-etilnaftidato\\\/\",\"url\":\"https:\\\/\\\/everydaychemshop.com\\\/es\\\/product\\\/hdep-28-novedoso-etilnaftidato\\\/\",\"name\":\"Comprar polvo de cristal Hdep-28 en l\u00ednea- Everyday Chem Shop\",\"isPartOf\":{\"@id\":\"https:\\\/\\\/everydaychemshop.com\\\/es\\\/#website\"},\"primaryImageOfPage\":{\"@id\":\"https:\\\/\\\/everydaychemshop.com\\\/es\\\/product\\\/hdep-28-novedoso-etilnaftidato\\\/#primaryimage\"},\"image\":{\"@id\":\"https:\\\/\\\/everydaychemshop.com\\\/es\\\/product\\\/hdep-28-novedoso-etilnaftidato\\\/#primaryimage\"},\"thumbnailUrl\":\"https:\\\/\\\/everydaychemshop.com\\\/es\\\/wp-content\\\/uploads\\\/sites\\\/4\\\/2022\\\/11\\\/Buy-hdep-28-Novel-Ethylnaphthidate.jpg\",\"datePublished\":\"2022-11-19T08:53:59+00:00\",\"dateModified\":\"2023-04-07T07:46:00+00:00\",\"description\":\"Comprar polvo de cristal Hdep-28 en l\u00ednea. Vendemos polvo de cristal Hdep-28 de la mejor calidad en l\u00ednea. P\u00f3ngase en contacto para obtener m\u00e1s informaci\u00f3n y precios.\",\"breadcrumb\":{\"@id\":\"https:\\\/\\\/everydaychemshop.com\\\/es\\\/product\\\/hdep-28-novedoso-etilnaftidato\\\/#breadcrumb\"},\"inLanguage\":\"en-US\",\"potentialAction\":[{\"@type\":\"ReadAction\",\"target\":[\"https:\\\/\\\/everydaychemshop.com\\\/es\\\/product\\\/hdep-28-novedoso-etilnaftidato\\\/\"]}]},{\"@type\":\"ImageObject\",\"inLanguage\":\"en-US\",\"@id\":\"https:\\\/\\\/everydaychemshop.com\\\/es\\\/product\\\/hdep-28-novedoso-etilnaftidato\\\/#primaryimage\",\"url\":\"https:\\\/\\\/everydaychemshop.com\\\/es\\\/wp-content\\\/uploads\\\/sites\\\/4\\\/2022\\\/11\\\/Buy-hdep-28-Novel-Ethylnaphthidate.jpg\",\"contentUrl\":\"https:\\\/\\\/everydaychemshop.com\\\/es\\\/wp-content\\\/uploads\\\/sites\\\/4\\\/2022\\\/11\\\/Buy-hdep-28-Novel-Ethylnaphthidate.jpg\",\"width\":600,\"height\":600,\"caption\":\"Comprar polvo de cristal Hdep-28 en l\u00ednea\"},{\"@type\":\"BreadcrumbList\",\"@id\":\"https:\\\/\\\/everydaychemshop.com\\\/es\\\/product\\\/hdep-28-novedoso-etilnaftidato\\\/#breadcrumb\",\"itemListElement\":[{\"@type\":\"ListItem\",\"position\":1,\"name\":\"Home\",\"item\":\"https:\\\/\\\/everydaychemshop.com\\\/es\\\/\"},{\"@type\":\"ListItem\",\"position\":2,\"name\":\"Productos\",\"item\":\"https:\\\/\\\/everydaychemshop.com\\\/es\\\/productos\\\/\"},{\"@type\":\"ListItem\",\"position\":3,\"name\":\"Hdep-28 Nuevo etilnaftidato\"}]},{\"@type\":\"WebSite\",\"@id\":\"https:\\\/\\\/everydaychemshop.com\\\/es\\\/#website\",\"url\":\"https:\\\/\\\/everydaychemshop.com\\\/es\\\/\",\"name\":\"Everyday Chem Shop\",\"description\":\"\",\"potentialAction\":[{\"@type\":\"SearchAction\",\"target\":{\"@type\":\"EntryPoint\",\"urlTemplate\":\"https:\\\/\\\/everydaychemshop.com\\\/es\\\/?s={search_term_string}\"},\"query-input\":{\"@type\":\"PropertyValueSpecification\",\"valueRequired\":true,\"valueName\":\"search_term_string\"}}],\"inLanguage\":\"en-US\"}]}<\/script>\n<!-- \/ Yoast SEO Premium plugin. -->","yoast_head_json":{"title":"Comprar polvo de cristal Hdep-28 en l\u00ednea- Everyday Chem Shop","description":"Comprar polvo de cristal Hdep-28 en l\u00ednea. Vendemos polvo de cristal Hdep-28 de la mejor calidad en l\u00ednea. P\u00f3ngase en contacto para obtener m\u00e1s informaci\u00f3n y precios.","robots":{"index":"index","follow":"follow","max-snippet":"max-snippet:-1","max-image-preview":"max-image-preview:large","max-video-preview":"max-video-preview:-1"},"canonical":"https:\/\/everydaychemshop.com\/es\/product\/hdep-28-novedoso-etilnaftidato\/","og_locale":"en_US","og_type":"article","og_title":"Hdep-28 Nuevo etilnaftidato","og_description":"Comprar polvo de cristal Hdep-28 en l\u00ednea. Vendemos polvo de cristal Hdep-28 de la mejor calidad en l\u00ednea. P\u00f3ngase en contacto para obtener m\u00e1s informaci\u00f3n y precios.","og_url":"https:\/\/everydaychemshop.com\/es\/product\/hdep-28-novedoso-etilnaftidato\/","og_site_name":"Everyday Chem Shop","article_modified_time":"2023-04-07T07:46:00+00:00","og_image":[{"width":600,"height":600,"url":"https:\/\/everydaychemshop.com\/es\/wp-content\/uploads\/sites\/4\/2022\/11\/Buy-hdep-28-Novel-Ethylnaphthidate.jpg","type":"image\/jpeg"}],"twitter_card":"summary_large_image","twitter_misc":{"Est. reading time":"2 minutes"},"schema":{"@context":"https:\/\/schema.org","@graph":[{"@type":"WebPage","@id":"https:\/\/everydaychemshop.com\/es\/product\/hdep-28-novedoso-etilnaftidato\/","url":"https:\/\/everydaychemshop.com\/es\/product\/hdep-28-novedoso-etilnaftidato\/","name":"Comprar polvo de cristal Hdep-28 en l\u00ednea- Everyday Chem Shop","isPartOf":{"@id":"https:\/\/everydaychemshop.com\/es\/#website"},"primaryImageOfPage":{"@id":"https:\/\/everydaychemshop.com\/es\/product\/hdep-28-novedoso-etilnaftidato\/#primaryimage"},"image":{"@id":"https:\/\/everydaychemshop.com\/es\/product\/hdep-28-novedoso-etilnaftidato\/#primaryimage"},"thumbnailUrl":"https:\/\/everydaychemshop.com\/es\/wp-content\/uploads\/sites\/4\/2022\/11\/Buy-hdep-28-Novel-Ethylnaphthidate.jpg","datePublished":"2022-11-19T08:53:59+00:00","dateModified":"2023-04-07T07:46:00+00:00","description":"Comprar polvo de cristal Hdep-28 en l\u00ednea. Vendemos polvo de cristal Hdep-28 de la mejor calidad en l\u00ednea. P\u00f3ngase en contacto para obtener m\u00e1s informaci\u00f3n y precios.","breadcrumb":{"@id":"https:\/\/everydaychemshop.com\/es\/product\/hdep-28-novedoso-etilnaftidato\/#breadcrumb"},"inLanguage":"en-US","potentialAction":[{"@type":"ReadAction","target":["https:\/\/everydaychemshop.com\/es\/product\/hdep-28-novedoso-etilnaftidato\/"]}]},{"@type":"ImageObject","inLanguage":"en-US","@id":"https:\/\/everydaychemshop.com\/es\/product\/hdep-28-novedoso-etilnaftidato\/#primaryimage","url":"https:\/\/everydaychemshop.com\/es\/wp-content\/uploads\/sites\/4\/2022\/11\/Buy-hdep-28-Novel-Ethylnaphthidate.jpg","contentUrl":"https:\/\/everydaychemshop.com\/es\/wp-content\/uploads\/sites\/4\/2022\/11\/Buy-hdep-28-Novel-Ethylnaphthidate.jpg","width":600,"height":600,"caption":"Comprar polvo de cristal Hdep-28 en l\u00ednea"},{"@type":"BreadcrumbList","@id":"https:\/\/everydaychemshop.com\/es\/product\/hdep-28-novedoso-etilnaftidato\/#breadcrumb","itemListElement":[{"@type":"ListItem","position":1,"name":"Home","item":"https:\/\/everydaychemshop.com\/es\/"},{"@type":"ListItem","position":2,"name":"Productos","item":"https:\/\/everydaychemshop.com\/es\/productos\/"},{"@type":"ListItem","position":3,"name":"Hdep-28 Nuevo etilnaftidato"}]},{"@type":"WebSite","@id":"https:\/\/everydaychemshop.com\/es\/#website","url":"https:\/\/everydaychemshop.com\/es\/","name":"Everyday Chem Shop","description":"","potentialAction":[{"@type":"SearchAction","target":{"@type":"EntryPoint","urlTemplate":"https:\/\/everydaychemshop.com\/es\/?s={search_term_string}"},"query-input":{"@type":"PropertyValueSpecification","valueRequired":true,"valueName":"search_term_string"}}],"inLanguage":"en-US"}]}},"_links":{"self":[{"href":"https:\/\/everydaychemshop.com\/es\/wp-json\/wp\/v2\/product\/8140","targetHints":{"allow":["GET"]}}],"collection":[{"href":"https:\/\/everydaychemshop.com\/es\/wp-json\/wp\/v2\/product"}],"about":[{"href":"https:\/\/everydaychemshop.com\/es\/wp-json\/wp\/v2\/types\/product"}],"replies":[{"embeddable":true,"href":"https:\/\/everydaychemshop.com\/es\/wp-json\/wp\/v2\/comments?post=8140"}],"wp:featuredmedia":[{"embeddable":true,"href":"https:\/\/everydaychemshop.com\/es\/wp-json\/wp\/v2\/media\/8143"}],"wp:attachment":[{"href":"https:\/\/everydaychemshop.com\/es\/wp-json\/wp\/v2\/media?parent=8140"}],"wp:term":[{"taxonomy":"product_brand","embeddable":true,"href":"https:\/\/everydaychemshop.com\/es\/wp-json\/wp\/v2\/product_brand?post=8140"},{"taxonomy":"product_cat","embeddable":true,"href":"https:\/\/everydaychemshop.com\/es\/wp-json\/wp\/v2\/product_cat?post=8140"},{"taxonomy":"product_tag","embeddable":true,"href":"https:\/\/everydaychemshop.com\/es\/wp-json\/wp\/v2\/product_tag?post=8140"}],"curies":[{"name":"wp","href":"https:\/\/api.w.org\/{rel}","templated":true}]}}