{"id":8258,"date":"2022-11-20T06:13:42","date_gmt":"2022-11-20T06:13:42","guid":{"rendered":"https:\/\/everydaychemshop.com\/es\/?post_type=product&#038;p=8258"},"modified":"2023-04-07T07:23:17","modified_gmt":"2023-04-07T07:23:17","slug":"amnesia-haze-marihuana","status":"publish","type":"product","link":"https:\/\/everydaychemshop.com\/es\/product\/amnesia-haze-marihuana\/","title":{"rendered":"Marihuana Amnesia Haze"},"content":{"rendered":"<h1>Comprar variedad Amnesia Haze online<\/h1>\n<p><a href=\"https:\/\/everydaychemshop.com\/es\/product\/amnesia-haze-marihuana\/\">Comprar variedad Amnesia Haze online<\/a>. Con sabores terrosos de limones y c\u00edtricos, Amnesia\u00a0Haze es la\u00a0<b>variedad sativa<\/b>\u00a0perfecta para empezar el d\u00eda con una sonrisa. El zumbido estimulante y en\u00e9rgico es <a href=\"https:\/\/es.wikipedia.org\/wiki\/Distrito_financiero\">uno<\/a> que no olvidar\u00e1 pronto. \u2026 Con sabores terrosos de limones y c\u00edtricos, Amnesia Haze es la cepa sativa perfecta para empezar el d\u00eda con una sonrisa.<\/p>\n<div class=\"wWOJcd\" role=\"button\" aria-labelledby=\"exacc_VJZrYdLkLtGbgQaatL7QCA58\"><\/div>\n<div id=\"exacc_VJZrYdLkLtGbgQaatL7QCA59\" class=\"MBtdbb\" data-ved=\"2ahUKEwjS3vu0vtDzAhXRTcAKHRqaD4oQ7NUEegQIPxAD\">\n<div class=\" ymu2Hb\">\n<div id=\"_VJZrYdLkLtGbgQaatL7QCA60\" class=\"t0bRye r2fjmd\" data-hveid=\"CD8QBA\" data-ved=\"2ahUKEwjS3vu0vtDzAhXRTcAKHRqaD4oQu04oAHoECD8QBA\">\n<div id=\"VJZrYdLkLtGbgQaatL7QCA__37\">\n<div class=\"wDYxhc\" data-md=\"61\">\n<div class=\"LGOjhe\" role=\"heading\" data-attrid=\"wa:\/description\" data-hveid=\"CDIQAA\"><span class=\"ILfuVd NA6bn\"> <span class=\"hgKElc\">A diferencia de lo que sugiere el nombre,\u00a0<b>Amnesia Haze no te dejar\u00e1 tan drogado<\/b>\u00a0y fuera de tu mente que empezar\u00e1s a olvidarte de todo. Por el contrario, tiene una tendencia a despertar un inter\u00e9s en salidas creativas, provocando oleadas de motivaci\u00f3n y energ\u00eda productiva.<\/span><\/span><\/div>\n<div role=\"heading\" data-attrid=\" wa:\/descripci\u00f3n\" data-hveid=\"CDIQAA\">\n<div class=\"wWOJcd\" role=\"button\" aria-labelledby=\"exacc_VJZrYdLkLtGbgQaatL7QCA53\"><\/div>\n<div id=\"exacc_VJZrYdLkLtGbgQaatL7QCA54\" class=\"MBtdbb\" data-ved=\"2ahUKEwjS3vu0vtDzAhXRTcAKHRqaD4oQ7NUEegQIOhAD\">\n<div class=\"ymu2Hb\">\n<div id=\"_VJZrYdLkLtGbgQaatL7QCA56\" class=\"t0bRye r2fjmd\" data-hveid=\"CDoQBA\" data-ved=\"2ahUKEwjS3vu0vtDzAhXRTcAKHRqaD4oQu04oAHoECDoQBA\">\n<div id=\"VJZrYdLkLtGbgQaatL7QCA__40\">\n<div class=\"wDYxhc\" data-md=\"61\">\n<div data-attrid=\"wa:\/description\" data-hveid=\"CDMQAA\"><span class=\"ILfuVd NA6bn\"><span class=\"hgKElc\">Dado su estado de \u00e1nimo- efectos estimulantes, muchas personas recomiendan Amnesia Haze para la\u00a0<b>ansiedad<\/b>. Existe alguna evidencia de que su ingrediente m\u00e1s activo, el THC, podr\u00eda ayudar a algunas personas a relajarse. Desafortunadamente, este puede no ser el caso para todos. El linaje de Amnesia Haze incluye varias cepas ricas en THC.<\/span><\/span><\/div>\n<\/div>\n<\/div>\n<\/div>\n<\/div>\n<\/div>\n<\/div>\n<\/div>\n<\/div>\n<\/div>\n<\/div>\n<\/div>\n","protected":false},"excerpt":{"rendered":"<p>Con sabores terrosos de limones y c\u00edtricos, Amnesia Haze es una cepa perfecta para empezar el d\u00eda con una sonrisa. El zumbido estimulante y en\u00e9rgico es uno que no olvidar\u00e1 pronto. Su gen\u00e9tica se remonta a las razas aut\u00f3ctonas del sur de Asia y Jamaica, y esta ganadora de la Cannabis Cup (primer lugar en 2004, primer lugar en la Sativa Cup 2012) se ha popularizado desde entonces en los caf\u00e9s de \u00c1msterdam.<\/p>\n","protected":false},"featured_media":8260,"comment_status":"open","ping_status":"closed","template":"","meta":{"inline_featured_image":false},"product_brand":[],"product_cat":[60],"product_tag":[],"class_list":{"0":"post-8258","1":"product","2":"type-product","3":"status-publish","4":"has-post-thumbnail","6":"product_cat-cbd-camo-flor","8":"first","9":"instock","10":"shipping-taxable","11":"purchasable","12":"product-type-variable","13":"has-default-attributes"},"yoast_head":"<!-- This site is optimized with the Yoast SEO Premium plugin v19.2 (Yoast SEO v27.3) - https:\/\/yoast.com\/product\/yoast-seo-premium-wordpress\/ -->\n<title>Comprar variedad Amnesia Haze online - Everyday Chem Shop<\/title>\n<meta name=\"description\" content=\"Comprar variedad Amnesia Haze online. Vendemos la variedad Amnesia\u00a0Haze\u00a0de la mejor calidad en l\u00ednea. P\u00f3ngase en contacto con nosotros para obtener m\u00e1s informaci\u00f3n y precios.\" \/>\n<meta name=\"robots\" content=\"index, follow, max-snippet:-1, max-image-preview:large, max-video-preview:-1\" \/>\n<link rel=\"canonical\" href=\"https:\/\/everydaychemshop.com\/es\/product\/amnesia-haze-marihuana\/\" \/>\n<meta property=\"og:locale\" content=\"en_US\" \/>\n<meta property=\"og:type\" content=\"article\" \/>\n<meta property=\"og:title\" content=\"Marihuana Amnesia Haze\" \/>\n<meta property=\"og:description\" content=\"Comprar variedad Amnesia Haze online. Vendemos la variedad Amnesia\u00a0Haze\u00a0de la mejor calidad en l\u00ednea. P\u00f3ngase en contacto con nosotros para obtener m\u00e1s informaci\u00f3n y precios.\" \/>\n<meta property=\"og:url\" content=\"https:\/\/everydaychemshop.com\/es\/product\/amnesia-haze-marihuana\/\" \/>\n<meta property=\"og:site_name\" content=\"Everyday Chem Shop\" \/>\n<meta property=\"article:modified_time\" content=\"2023-04-07T07:23:17+00:00\" \/>\n<meta property=\"og:image\" content=\"https:\/\/everydaychemshop.com\/es\/wp-content\/uploads\/sites\/4\/2022\/11\/Amnesia-haze.jpg\" \/>\n\t<meta property=\"og:image:width\" content=\"620\" \/>\n\t<meta property=\"og:image:height\" content=\"620\" \/>\n\t<meta property=\"og:image:type\" content=\"image\/jpeg\" \/>\n<meta name=\"twitter:card\" content=\"summary_large_image\" \/>\n<meta name=\"twitter:label1\" content=\"Est. reading time\" \/>\n\t<meta name=\"twitter:data1\" content=\"1 minute\" \/>\n<script type=\"application\/ld+json\" class=\"yoast-schema-graph\">{\"@context\":\"https:\\\/\\\/schema.org\",\"@graph\":[{\"@type\":\"WebPage\",\"@id\":\"https:\\\/\\\/everydaychemshop.com\\\/es\\\/product\\\/amnesia-haze-marihuana\\\/\",\"url\":\"https:\\\/\\\/everydaychemshop.com\\\/es\\\/product\\\/amnesia-haze-marihuana\\\/\",\"name\":\"Comprar variedad Amnesia Haze online - Everyday Chem Shop\",\"isPartOf\":{\"@id\":\"https:\\\/\\\/everydaychemshop.com\\\/es\\\/#website\"},\"primaryImageOfPage\":{\"@id\":\"https:\\\/\\\/everydaychemshop.com\\\/es\\\/product\\\/amnesia-haze-marihuana\\\/#primaryimage\"},\"image\":{\"@id\":\"https:\\\/\\\/everydaychemshop.com\\\/es\\\/product\\\/amnesia-haze-marihuana\\\/#primaryimage\"},\"thumbnailUrl\":\"https:\\\/\\\/everydaychemshop.com\\\/es\\\/wp-content\\\/uploads\\\/sites\\\/4\\\/2022\\\/11\\\/Amnesia-haze.jpg\",\"datePublished\":\"2022-11-20T06:13:42+00:00\",\"dateModified\":\"2023-04-07T07:23:17+00:00\",\"description\":\"Comprar variedad Amnesia Haze online. Vendemos la variedad Amnesia\u00a0Haze\u00a0de la mejor calidad en l\u00ednea. P\u00f3ngase en contacto con nosotros para obtener m\u00e1s informaci\u00f3n y precios.\",\"breadcrumb\":{\"@id\":\"https:\\\/\\\/everydaychemshop.com\\\/es\\\/product\\\/amnesia-haze-marihuana\\\/#breadcrumb\"},\"inLanguage\":\"en-US\",\"potentialAction\":[{\"@type\":\"ReadAction\",\"target\":[\"https:\\\/\\\/everydaychemshop.com\\\/es\\\/product\\\/amnesia-haze-marihuana\\\/\"]}]},{\"@type\":\"ImageObject\",\"inLanguage\":\"en-US\",\"@id\":\"https:\\\/\\\/everydaychemshop.com\\\/es\\\/product\\\/amnesia-haze-marihuana\\\/#primaryimage\",\"url\":\"https:\\\/\\\/everydaychemshop.com\\\/es\\\/wp-content\\\/uploads\\\/sites\\\/4\\\/2022\\\/11\\\/Amnesia-haze.jpg\",\"contentUrl\":\"https:\\\/\\\/everydaychemshop.com\\\/es\\\/wp-content\\\/uploads\\\/sites\\\/4\\\/2022\\\/11\\\/Amnesia-haze.jpg\",\"width\":620,\"height\":620,\"caption\":\"Comprar variedad Amnesia Haze online\"},{\"@type\":\"BreadcrumbList\",\"@id\":\"https:\\\/\\\/everydaychemshop.com\\\/es\\\/product\\\/amnesia-haze-marihuana\\\/#breadcrumb\",\"itemListElement\":[{\"@type\":\"ListItem\",\"position\":1,\"name\":\"Home\",\"item\":\"https:\\\/\\\/everydaychemshop.com\\\/es\\\/\"},{\"@type\":\"ListItem\",\"position\":2,\"name\":\"Productos\",\"item\":\"https:\\\/\\\/everydaychemshop.com\\\/es\\\/productos\\\/\"},{\"@type\":\"ListItem\",\"position\":3,\"name\":\"Marihuana Amnesia Haze\"}]},{\"@type\":\"WebSite\",\"@id\":\"https:\\\/\\\/everydaychemshop.com\\\/es\\\/#website\",\"url\":\"https:\\\/\\\/everydaychemshop.com\\\/es\\\/\",\"name\":\"Everyday Chem Shop\",\"description\":\"\",\"potentialAction\":[{\"@type\":\"SearchAction\",\"target\":{\"@type\":\"EntryPoint\",\"urlTemplate\":\"https:\\\/\\\/everydaychemshop.com\\\/es\\\/?s={search_term_string}\"},\"query-input\":{\"@type\":\"PropertyValueSpecification\",\"valueRequired\":true,\"valueName\":\"search_term_string\"}}],\"inLanguage\":\"en-US\"}]}<\/script>\n<!-- \/ Yoast SEO Premium plugin. -->","yoast_head_json":{"title":"Comprar variedad Amnesia Haze online - Everyday Chem Shop","description":"Comprar variedad Amnesia Haze online. Vendemos la variedad Amnesia\u00a0Haze\u00a0de la mejor calidad en l\u00ednea. P\u00f3ngase en contacto con nosotros para obtener m\u00e1s informaci\u00f3n y precios.","robots":{"index":"index","follow":"follow","max-snippet":"max-snippet:-1","max-image-preview":"max-image-preview:large","max-video-preview":"max-video-preview:-1"},"canonical":"https:\/\/everydaychemshop.com\/es\/product\/amnesia-haze-marihuana\/","og_locale":"en_US","og_type":"article","og_title":"Marihuana Amnesia Haze","og_description":"Comprar variedad Amnesia Haze online. Vendemos la variedad Amnesia\u00a0Haze\u00a0de la mejor calidad en l\u00ednea. P\u00f3ngase en contacto con nosotros para obtener m\u00e1s informaci\u00f3n y precios.","og_url":"https:\/\/everydaychemshop.com\/es\/product\/amnesia-haze-marihuana\/","og_site_name":"Everyday Chem Shop","article_modified_time":"2023-04-07T07:23:17+00:00","og_image":[{"width":620,"height":620,"url":"https:\/\/everydaychemshop.com\/es\/wp-content\/uploads\/sites\/4\/2022\/11\/Amnesia-haze.jpg","type":"image\/jpeg"}],"twitter_card":"summary_large_image","twitter_misc":{"Est. reading time":"1 minute"},"schema":{"@context":"https:\/\/schema.org","@graph":[{"@type":"WebPage","@id":"https:\/\/everydaychemshop.com\/es\/product\/amnesia-haze-marihuana\/","url":"https:\/\/everydaychemshop.com\/es\/product\/amnesia-haze-marihuana\/","name":"Comprar variedad Amnesia Haze online - Everyday Chem Shop","isPartOf":{"@id":"https:\/\/everydaychemshop.com\/es\/#website"},"primaryImageOfPage":{"@id":"https:\/\/everydaychemshop.com\/es\/product\/amnesia-haze-marihuana\/#primaryimage"},"image":{"@id":"https:\/\/everydaychemshop.com\/es\/product\/amnesia-haze-marihuana\/#primaryimage"},"thumbnailUrl":"https:\/\/everydaychemshop.com\/es\/wp-content\/uploads\/sites\/4\/2022\/11\/Amnesia-haze.jpg","datePublished":"2022-11-20T06:13:42+00:00","dateModified":"2023-04-07T07:23:17+00:00","description":"Comprar variedad Amnesia Haze online. Vendemos la variedad Amnesia\u00a0Haze\u00a0de la mejor calidad en l\u00ednea. P\u00f3ngase en contacto con nosotros para obtener m\u00e1s informaci\u00f3n y precios.","breadcrumb":{"@id":"https:\/\/everydaychemshop.com\/es\/product\/amnesia-haze-marihuana\/#breadcrumb"},"inLanguage":"en-US","potentialAction":[{"@type":"ReadAction","target":["https:\/\/everydaychemshop.com\/es\/product\/amnesia-haze-marihuana\/"]}]},{"@type":"ImageObject","inLanguage":"en-US","@id":"https:\/\/everydaychemshop.com\/es\/product\/amnesia-haze-marihuana\/#primaryimage","url":"https:\/\/everydaychemshop.com\/es\/wp-content\/uploads\/sites\/4\/2022\/11\/Amnesia-haze.jpg","contentUrl":"https:\/\/everydaychemshop.com\/es\/wp-content\/uploads\/sites\/4\/2022\/11\/Amnesia-haze.jpg","width":620,"height":620,"caption":"Comprar variedad Amnesia Haze online"},{"@type":"BreadcrumbList","@id":"https:\/\/everydaychemshop.com\/es\/product\/amnesia-haze-marihuana\/#breadcrumb","itemListElement":[{"@type":"ListItem","position":1,"name":"Home","item":"https:\/\/everydaychemshop.com\/es\/"},{"@type":"ListItem","position":2,"name":"Productos","item":"https:\/\/everydaychemshop.com\/es\/productos\/"},{"@type":"ListItem","position":3,"name":"Marihuana Amnesia Haze"}]},{"@type":"WebSite","@id":"https:\/\/everydaychemshop.com\/es\/#website","url":"https:\/\/everydaychemshop.com\/es\/","name":"Everyday Chem Shop","description":"","potentialAction":[{"@type":"SearchAction","target":{"@type":"EntryPoint","urlTemplate":"https:\/\/everydaychemshop.com\/es\/?s={search_term_string}"},"query-input":{"@type":"PropertyValueSpecification","valueRequired":true,"valueName":"search_term_string"}}],"inLanguage":"en-US"}]}},"_links":{"self":[{"href":"https:\/\/everydaychemshop.com\/es\/wp-json\/wp\/v2\/product\/8258","targetHints":{"allow":["GET"]}}],"collection":[{"href":"https:\/\/everydaychemshop.com\/es\/wp-json\/wp\/v2\/product"}],"about":[{"href":"https:\/\/everydaychemshop.com\/es\/wp-json\/wp\/v2\/types\/product"}],"replies":[{"embeddable":true,"href":"https:\/\/everydaychemshop.com\/es\/wp-json\/wp\/v2\/comments?post=8258"}],"wp:featuredmedia":[{"embeddable":true,"href":"https:\/\/everydaychemshop.com\/es\/wp-json\/wp\/v2\/media\/8260"}],"wp:attachment":[{"href":"https:\/\/everydaychemshop.com\/es\/wp-json\/wp\/v2\/media?parent=8258"}],"wp:term":[{"taxonomy":"product_brand","embeddable":true,"href":"https:\/\/everydaychemshop.com\/es\/wp-json\/wp\/v2\/product_brand?post=8258"},{"taxonomy":"product_cat","embeddable":true,"href":"https:\/\/everydaychemshop.com\/es\/wp-json\/wp\/v2\/product_cat?post=8258"},{"taxonomy":"product_tag","embeddable":true,"href":"https:\/\/everydaychemshop.com\/es\/wp-json\/wp\/v2\/product_tag?post=8258"}],"curies":[{"name":"wp","href":"https:\/\/api.w.org\/{rel}","templated":true}]}}