{"id":8268,"date":"2022-11-20T06:26:14","date_gmt":"2022-11-20T06:26:14","guid":{"rendered":"https:\/\/everydaychemshop.com\/es\/?post_type=product&#038;p=8268"},"modified":"2023-04-07T07:22:14","modified_gmt":"2023-04-07T07:22:14","slug":"apolo-11-marihuana","status":"publish","type":"product","link":"https:\/\/everydaychemshop.com\/es\/product\/apolo-11-marihuana\/","title":{"rendered":"Marihuana Apolo 11"},"content":{"rendered":"<h1 id=\"about\">Mejor grado de marihuana Apollo 11 en l\u00ednea<\/h1>\n<div class=\"Detail Body\">\n<p><a href=\"https:\/\/everydaychemshop.com\/es\/product\/apolo-11-marihuana\/\">Mejor grado de marihuana Apollo 11 en l\u00ednea<\/a>. Apollo 11 es una variedad de cannabis h\u00edbrida con indica dominante que produce cogollos con forma de cola de zorro, de color verde salvia en de color y con finos racimos <a href=\"https:\/\/es.wikipedia.org\/wiki\/Distrito_financiero\">de<\/a> pistilos \u00e1mbar junto con una capa arenosa de tricomas. Su esencia es penetrantemente c\u00edtrica y su sabor es de limones sutiles y madera.<\/p>\n<p>Los niveles de THC promedian entre el 16 y el 20\u00a0%. Se sabe que su subid\u00f3n estimula la actividad cerebral, energizando tanto el cuerpo como la mente en un trance que mejora el pensamiento. A veces puede dejar al consumidor distra\u00eddo, lo que permite que las distracciones surjan con facilidad. El cuerpo se relajar\u00e1 hasta quedarse tirado en el sof\u00e1 a medida que el subid\u00f3n crezca gradualmente, induciendo a los munchies, as\u00ed que ten bocadillos a mano. \u00a1El subid\u00f3n de Apollo 11 a menudo se ha descrito como algo fuera de este mundo!<\/p>\n<p>M\u00e1s all\u00e1 de la sequedad en los ojos y la boca, los efectos secundarios negativos incluyen mareos, dolor de cabeza y paranoia cuando se consume por encima de los niveles de tolerancia.<\/p>\n<p>La Apollo 11 tarda entre seis y siete semanas en florecer completamente para la cosecha, siendo la variedad perfecta para el cultivador impaciente.<\/p>\n<\/div>\n<h2 id=\"labs\">Datos de laboratorio<\/h2>\n<table>\n<caption>Datos de laboratorio de cannabinoides<\/caption>\n<thead>\n<tr>\n<th>Cannabinoide<\/th>\n<th>Cantidad<\/th>\n<\/tr>\n<\/thead>\n<tbody>\n<tr>\n<td>THC :<\/td>\n<td>16-20%<\/td>\n<\/tr>\n<tr>\n<td>CBD:<\/td>\n<td>&lt;1%<\/td>\n<\/tr>\n<\/tbody>\n<\/table>\n<h2 id=\"history\">Historia<\/h2>\n<div class=\"Detail Body\">\n<p>Apollo 11 es la variedad hija del cruce del h\u00edbrido Cinderella 99 y la sativa Jack Herer. Primero<br \/>\nfloreci\u00f3 bajo el cuidado de los hermanos Grimm.<\/p>\n<\/div>\n","protected":false},"excerpt":{"rendered":"<p>Apollo 11 es una variedad de cannabis h\u00edbrida con indica dominante que produce cogollos con forma de cola de zorro, de color verde salvia y con finos racimos de pistilos \u00e1mbar junto con una capa arenosa de tricomas. Su\u00a0esencia es penetrantemente c\u00edtrica y su sabor es a limones sutiles y madera.<\/p>\n","protected":false},"featured_media":8270,"comment_status":"open","ping_status":"closed","template":"","meta":{"inline_featured_image":false},"product_brand":[],"product_cat":[60],"product_tag":[],"class_list":{"0":"post-8268","1":"product","2":"type-product","3":"status-publish","4":"has-post-thumbnail","6":"product_cat-cbd-camo-flor","8":"first","9":"instock","10":"shipping-taxable","11":"purchasable","12":"product-type-simple"},"yoast_head":"<!-- This site is optimized with the Yoast SEO Premium plugin v19.2 (Yoast SEO v27.3) - https:\/\/yoast.com\/product\/yoast-seo-premium-wordpress\/ -->\n<title>Mejor grado de marihuana Apollo 11 - Everyday Chem Shop<\/title>\n<meta name=\"description\" content=\"Mejor grado de marihuana Apollo 11 en l\u00ednea. Vendemos marihuana Apollo 11 de la mejor calidad, p\u00f3ngase en contacto para obtener m\u00e1s informaci\u00f3n y precios.\" \/>\n<meta name=\"robots\" content=\"index, follow, max-snippet:-1, max-image-preview:large, max-video-preview:-1\" \/>\n<link rel=\"canonical\" href=\"https:\/\/everydaychemshop.com\/es\/product\/apolo-11-marihuana\/\" \/>\n<meta property=\"og:locale\" content=\"en_US\" \/>\n<meta property=\"og:type\" content=\"article\" \/>\n<meta property=\"og:title\" content=\"Marihuana Apolo 11\" \/>\n<meta property=\"og:description\" content=\"Mejor grado de marihuana Apollo 11 en l\u00ednea. Vendemos marihuana Apollo 11 de la mejor calidad, p\u00f3ngase en contacto para obtener m\u00e1s informaci\u00f3n y precios.\" \/>\n<meta property=\"og:url\" content=\"https:\/\/everydaychemshop.com\/es\/product\/apolo-11-marihuana\/\" \/>\n<meta property=\"og:site_name\" content=\"Everyday Chem Shop\" \/>\n<meta property=\"article:modified_time\" content=\"2023-04-07T07:22:14+00:00\" \/>\n<meta property=\"og:image\" content=\"https:\/\/everydaychemshop.com\/es\/wp-content\/uploads\/sites\/4\/2022\/11\/Apollo-11.webp\" \/>\n\t<meta property=\"og:image:width\" content=\"800\" \/>\n\t<meta property=\"og:image:height\" content=\"1200\" \/>\n\t<meta property=\"og:image:type\" content=\"image\/webp\" \/>\n<meta name=\"twitter:card\" content=\"summary_large_image\" \/>\n<meta name=\"twitter:label1\" content=\"Est. reading time\" \/>\n\t<meta name=\"twitter:data1\" content=\"2 minutes\" \/>\n<script type=\"application\/ld+json\" class=\"yoast-schema-graph\">{\"@context\":\"https:\\\/\\\/schema.org\",\"@graph\":[{\"@type\":\"WebPage\",\"@id\":\"https:\\\/\\\/everydaychemshop.com\\\/es\\\/product\\\/apolo-11-marihuana\\\/\",\"url\":\"https:\\\/\\\/everydaychemshop.com\\\/es\\\/product\\\/apolo-11-marihuana\\\/\",\"name\":\"Mejor grado de marihuana Apollo 11 - Everyday Chem Shop\",\"isPartOf\":{\"@id\":\"https:\\\/\\\/everydaychemshop.com\\\/es\\\/#website\"},\"primaryImageOfPage\":{\"@id\":\"https:\\\/\\\/everydaychemshop.com\\\/es\\\/product\\\/apolo-11-marihuana\\\/#primaryimage\"},\"image\":{\"@id\":\"https:\\\/\\\/everydaychemshop.com\\\/es\\\/product\\\/apolo-11-marihuana\\\/#primaryimage\"},\"thumbnailUrl\":\"https:\\\/\\\/everydaychemshop.com\\\/es\\\/wp-content\\\/uploads\\\/sites\\\/4\\\/2022\\\/11\\\/Apollo-11.webp\",\"datePublished\":\"2022-11-20T06:26:14+00:00\",\"dateModified\":\"2023-04-07T07:22:14+00:00\",\"description\":\"Mejor grado de marihuana Apollo 11 en l\u00ednea. Vendemos marihuana Apollo 11 de la mejor calidad, p\u00f3ngase en contacto para obtener m\u00e1s informaci\u00f3n y precios.\",\"breadcrumb\":{\"@id\":\"https:\\\/\\\/everydaychemshop.com\\\/es\\\/product\\\/apolo-11-marihuana\\\/#breadcrumb\"},\"inLanguage\":\"en-US\",\"potentialAction\":[{\"@type\":\"ReadAction\",\"target\":[\"https:\\\/\\\/everydaychemshop.com\\\/es\\\/product\\\/apolo-11-marihuana\\\/\"]}]},{\"@type\":\"ImageObject\",\"inLanguage\":\"en-US\",\"@id\":\"https:\\\/\\\/everydaychemshop.com\\\/es\\\/product\\\/apolo-11-marihuana\\\/#primaryimage\",\"url\":\"https:\\\/\\\/everydaychemshop.com\\\/es\\\/wp-content\\\/uploads\\\/sites\\\/4\\\/2022\\\/11\\\/Apollo-11.webp\",\"contentUrl\":\"https:\\\/\\\/everydaychemshop.com\\\/es\\\/wp-content\\\/uploads\\\/sites\\\/4\\\/2022\\\/11\\\/Apollo-11.webp\",\"width\":800,\"height\":1200,\"caption\":\"Mejor grado de marihuana Apollo 11 en l\u00ednea\"},{\"@type\":\"BreadcrumbList\",\"@id\":\"https:\\\/\\\/everydaychemshop.com\\\/es\\\/product\\\/apolo-11-marihuana\\\/#breadcrumb\",\"itemListElement\":[{\"@type\":\"ListItem\",\"position\":1,\"name\":\"Home\",\"item\":\"https:\\\/\\\/everydaychemshop.com\\\/es\\\/\"},{\"@type\":\"ListItem\",\"position\":2,\"name\":\"Productos\",\"item\":\"https:\\\/\\\/everydaychemshop.com\\\/es\\\/productos\\\/\"},{\"@type\":\"ListItem\",\"position\":3,\"name\":\"Marihuana Apolo 11\"}]},{\"@type\":\"WebSite\",\"@id\":\"https:\\\/\\\/everydaychemshop.com\\\/es\\\/#website\",\"url\":\"https:\\\/\\\/everydaychemshop.com\\\/es\\\/\",\"name\":\"Everyday Chem Shop\",\"description\":\"\",\"potentialAction\":[{\"@type\":\"SearchAction\",\"target\":{\"@type\":\"EntryPoint\",\"urlTemplate\":\"https:\\\/\\\/everydaychemshop.com\\\/es\\\/?s={search_term_string}\"},\"query-input\":{\"@type\":\"PropertyValueSpecification\",\"valueRequired\":true,\"valueName\":\"search_term_string\"}}],\"inLanguage\":\"en-US\"}]}<\/script>\n<!-- \/ Yoast SEO Premium plugin. -->","yoast_head_json":{"title":"Mejor grado de marihuana Apollo 11 - Everyday Chem Shop","description":"Mejor grado de marihuana Apollo 11 en l\u00ednea. Vendemos marihuana Apollo 11 de la mejor calidad, p\u00f3ngase en contacto para obtener m\u00e1s informaci\u00f3n y precios.","robots":{"index":"index","follow":"follow","max-snippet":"max-snippet:-1","max-image-preview":"max-image-preview:large","max-video-preview":"max-video-preview:-1"},"canonical":"https:\/\/everydaychemshop.com\/es\/product\/apolo-11-marihuana\/","og_locale":"en_US","og_type":"article","og_title":"Marihuana Apolo 11","og_description":"Mejor grado de marihuana Apollo 11 en l\u00ednea. Vendemos marihuana Apollo 11 de la mejor calidad, p\u00f3ngase en contacto para obtener m\u00e1s informaci\u00f3n y precios.","og_url":"https:\/\/everydaychemshop.com\/es\/product\/apolo-11-marihuana\/","og_site_name":"Everyday Chem Shop","article_modified_time":"2023-04-07T07:22:14+00:00","og_image":[{"width":800,"height":1200,"url":"https:\/\/everydaychemshop.com\/es\/wp-content\/uploads\/sites\/4\/2022\/11\/Apollo-11.webp","type":"image\/webp"}],"twitter_card":"summary_large_image","twitter_misc":{"Est. reading time":"2 minutes"},"schema":{"@context":"https:\/\/schema.org","@graph":[{"@type":"WebPage","@id":"https:\/\/everydaychemshop.com\/es\/product\/apolo-11-marihuana\/","url":"https:\/\/everydaychemshop.com\/es\/product\/apolo-11-marihuana\/","name":"Mejor grado de marihuana Apollo 11 - Everyday Chem Shop","isPartOf":{"@id":"https:\/\/everydaychemshop.com\/es\/#website"},"primaryImageOfPage":{"@id":"https:\/\/everydaychemshop.com\/es\/product\/apolo-11-marihuana\/#primaryimage"},"image":{"@id":"https:\/\/everydaychemshop.com\/es\/product\/apolo-11-marihuana\/#primaryimage"},"thumbnailUrl":"https:\/\/everydaychemshop.com\/es\/wp-content\/uploads\/sites\/4\/2022\/11\/Apollo-11.webp","datePublished":"2022-11-20T06:26:14+00:00","dateModified":"2023-04-07T07:22:14+00:00","description":"Mejor grado de marihuana Apollo 11 en l\u00ednea. Vendemos marihuana Apollo 11 de la mejor calidad, p\u00f3ngase en contacto para obtener m\u00e1s informaci\u00f3n y precios.","breadcrumb":{"@id":"https:\/\/everydaychemshop.com\/es\/product\/apolo-11-marihuana\/#breadcrumb"},"inLanguage":"en-US","potentialAction":[{"@type":"ReadAction","target":["https:\/\/everydaychemshop.com\/es\/product\/apolo-11-marihuana\/"]}]},{"@type":"ImageObject","inLanguage":"en-US","@id":"https:\/\/everydaychemshop.com\/es\/product\/apolo-11-marihuana\/#primaryimage","url":"https:\/\/everydaychemshop.com\/es\/wp-content\/uploads\/sites\/4\/2022\/11\/Apollo-11.webp","contentUrl":"https:\/\/everydaychemshop.com\/es\/wp-content\/uploads\/sites\/4\/2022\/11\/Apollo-11.webp","width":800,"height":1200,"caption":"Mejor grado de marihuana Apollo 11 en l\u00ednea"},{"@type":"BreadcrumbList","@id":"https:\/\/everydaychemshop.com\/es\/product\/apolo-11-marihuana\/#breadcrumb","itemListElement":[{"@type":"ListItem","position":1,"name":"Home","item":"https:\/\/everydaychemshop.com\/es\/"},{"@type":"ListItem","position":2,"name":"Productos","item":"https:\/\/everydaychemshop.com\/es\/productos\/"},{"@type":"ListItem","position":3,"name":"Marihuana Apolo 11"}]},{"@type":"WebSite","@id":"https:\/\/everydaychemshop.com\/es\/#website","url":"https:\/\/everydaychemshop.com\/es\/","name":"Everyday Chem Shop","description":"","potentialAction":[{"@type":"SearchAction","target":{"@type":"EntryPoint","urlTemplate":"https:\/\/everydaychemshop.com\/es\/?s={search_term_string}"},"query-input":{"@type":"PropertyValueSpecification","valueRequired":true,"valueName":"search_term_string"}}],"inLanguage":"en-US"}]}},"_links":{"self":[{"href":"https:\/\/everydaychemshop.com\/es\/wp-json\/wp\/v2\/product\/8268","targetHints":{"allow":["GET"]}}],"collection":[{"href":"https:\/\/everydaychemshop.com\/es\/wp-json\/wp\/v2\/product"}],"about":[{"href":"https:\/\/everydaychemshop.com\/es\/wp-json\/wp\/v2\/types\/product"}],"replies":[{"embeddable":true,"href":"https:\/\/everydaychemshop.com\/es\/wp-json\/wp\/v2\/comments?post=8268"}],"wp:featuredmedia":[{"embeddable":true,"href":"https:\/\/everydaychemshop.com\/es\/wp-json\/wp\/v2\/media\/8270"}],"wp:attachment":[{"href":"https:\/\/everydaychemshop.com\/es\/wp-json\/wp\/v2\/media?parent=8268"}],"wp:term":[{"taxonomy":"product_brand","embeddable":true,"href":"https:\/\/everydaychemshop.com\/es\/wp-json\/wp\/v2\/product_brand?post=8268"},{"taxonomy":"product_cat","embeddable":true,"href":"https:\/\/everydaychemshop.com\/es\/wp-json\/wp\/v2\/product_cat?post=8268"},{"taxonomy":"product_tag","embeddable":true,"href":"https:\/\/everydaychemshop.com\/es\/wp-json\/wp\/v2\/product_tag?post=8268"}],"curies":[{"name":"wp","href":"https:\/\/api.w.org\/{rel}","templated":true}]}}