{"id":8271,"date":"2022-11-20T06:36:40","date_gmt":"2022-11-20T06:36:40","guid":{"rendered":"https:\/\/everydaychemshop.com\/es\/?post_type=product&#038;p=8271"},"modified":"2023-04-07T07:20:49","modified_gmt":"2023-04-07T07:20:49","slug":"blackberry-kush","status":"publish","type":"product","link":"https:\/\/everydaychemshop.com\/es\/product\/blackberry-kush\/","title":{"rendered":"Blackberry Kush"},"content":{"rendered":"<h1 class=\"fusion-woocommerce-tab-title fusion-responsive-typography-calculated\" data-fontsize=\"29\" data-lineheight=\"33.06px\">Blackberry Kush de primera calidad<\/h1>\n<p><a href=\"https:\/\/everydaychemshop.com\/es\/product\/blackberry-kush\/\">Blackberry Kush de primera calidad<\/a>. M\u00e1s conocidas por su distintivo aroma a skunk pero afrutado, la marihuana Blackberry Kush es una de esas cepas mayoritariamente \u00edndica que es poderosamente calmante y excelente para controlar el dolor cr\u00f3nico.<\/p>\n<p>Alcanzando entre un 16 % y un 20 % de THC, Blackberry La marihuana kush es potente, pero este gran bateador es excelente para revertir un estado de \u00e1nimo agrio y brindar una dosis de dulce relajaci\u00f3n que elimina el estr\u00e9s y la ansiedad. Junto con su atractivo perfil, Blackberry Kush se ha vuelto popular en la comunidad m\u00e9dica por <a href=\"https:\/\/es.wikipedia.org\/wiki\/Distrito_financiero\">su<\/a> capacidad para revertir h\u00e1bilmente los trastornos mentales, el insomnio y los efectos secundarios relacionados con el c\u00e1ncer.<\/p>\n<p>Las semillas de marihuana Blackberry Kush se consideran f\u00e1ciles de cultivar y produce plantas que son resistentes al moho y otras plagas comunes, pero es mejor cultivarlas en interiores, donde se puede tener cuidado para mantener su altura y forma. Blackberry Kush tardar\u00e1 entre 7 y 9 semanas en florecer y estar\u00e1 lista con un rendimiento impresionante: entre 14 y 42 onzas, seg\u00fan el entorno elegido.<\/p>\n","protected":false},"excerpt":{"rendered":"<p>La marihuana Blackberry Kush es bien conocida por su dulce fragancia y perfil vers\u00e1til. F\u00e1cil para los principiantes, florece r\u00e1pidamente y proporciona un rendimiento impresionante.<\/p>\n","protected":false},"featured_media":8273,"comment_status":"open","ping_status":"closed","template":"","meta":{"inline_featured_image":false},"product_brand":[],"product_cat":[60],"product_tag":[],"class_list":{"0":"post-8271","1":"product","2":"type-product","3":"status-publish","4":"has-post-thumbnail","6":"product_cat-cbd-camo-flor","8":"first","9":"instock","10":"shipping-taxable","11":"purchasable","12":"product-type-variable","13":"has-default-attributes"},"yoast_head":"<!-- This site is optimized with the Yoast SEO Premium plugin v19.2 (Yoast SEO v27.3) - https:\/\/yoast.com\/product\/yoast-seo-premium-wordpress\/ -->\n<title>Blackberry Kush de primera calidad - Everyday Chem Shop<\/title>\n<meta name=\"description\" content=\"Blackberry Kush de primera calidad. Vendemos Blackberry Kush de la mejor calidad en l\u00ednea. P\u00f3ngase en contacto para obtener m\u00e1s informaci\u00f3n y precios.\" \/>\n<meta name=\"robots\" content=\"index, follow, max-snippet:-1, max-image-preview:large, max-video-preview:-1\" \/>\n<link rel=\"canonical\" href=\"https:\/\/everydaychemshop.com\/es\/product\/blackberry-kush\/\" \/>\n<meta property=\"og:locale\" content=\"en_US\" \/>\n<meta property=\"og:type\" content=\"article\" \/>\n<meta property=\"og:title\" content=\"Blackberry Kush\" \/>\n<meta property=\"og:description\" content=\"Blackberry Kush de primera calidad. Vendemos Blackberry Kush de la mejor calidad en l\u00ednea. P\u00f3ngase en contacto para obtener m\u00e1s informaci\u00f3n y precios.\" \/>\n<meta property=\"og:url\" content=\"https:\/\/everydaychemshop.com\/es\/product\/blackberry-kush\/\" \/>\n<meta property=\"og:site_name\" content=\"Everyday Chem Shop\" \/>\n<meta property=\"article:modified_time\" content=\"2023-04-07T07:20:49+00:00\" \/>\n<meta property=\"og:image\" content=\"https:\/\/everydaychemshop.com\/es\/wp-content\/uploads\/sites\/4\/2022\/11\/buy-best-marijuana-seeds-backberry-kush.jpg\" \/>\n\t<meta property=\"og:image:width\" content=\"360\" \/>\n\t<meta property=\"og:image:height\" content=\"450\" \/>\n\t<meta property=\"og:image:type\" content=\"image\/jpeg\" \/>\n<meta name=\"twitter:card\" content=\"summary_large_image\" \/>\n<meta name=\"twitter:label1\" content=\"Est. reading time\" \/>\n\t<meta name=\"twitter:data1\" content=\"1 minute\" \/>\n<script type=\"application\/ld+json\" class=\"yoast-schema-graph\">{\"@context\":\"https:\\\/\\\/schema.org\",\"@graph\":[{\"@type\":\"WebPage\",\"@id\":\"https:\\\/\\\/everydaychemshop.com\\\/es\\\/product\\\/blackberry-kush\\\/\",\"url\":\"https:\\\/\\\/everydaychemshop.com\\\/es\\\/product\\\/blackberry-kush\\\/\",\"name\":\"Blackberry Kush de primera calidad - Everyday Chem Shop\",\"isPartOf\":{\"@id\":\"https:\\\/\\\/everydaychemshop.com\\\/es\\\/#website\"},\"primaryImageOfPage\":{\"@id\":\"https:\\\/\\\/everydaychemshop.com\\\/es\\\/product\\\/blackberry-kush\\\/#primaryimage\"},\"image\":{\"@id\":\"https:\\\/\\\/everydaychemshop.com\\\/es\\\/product\\\/blackberry-kush\\\/#primaryimage\"},\"thumbnailUrl\":\"https:\\\/\\\/everydaychemshop.com\\\/es\\\/wp-content\\\/uploads\\\/sites\\\/4\\\/2022\\\/11\\\/buy-best-marijuana-seeds-backberry-kush.jpg\",\"datePublished\":\"2022-11-20T06:36:40+00:00\",\"dateModified\":\"2023-04-07T07:20:49+00:00\",\"description\":\"Blackberry Kush de primera calidad. Vendemos Blackberry Kush de la mejor calidad en l\u00ednea. P\u00f3ngase en contacto para obtener m\u00e1s informaci\u00f3n y precios.\",\"breadcrumb\":{\"@id\":\"https:\\\/\\\/everydaychemshop.com\\\/es\\\/product\\\/blackberry-kush\\\/#breadcrumb\"},\"inLanguage\":\"en-US\",\"potentialAction\":[{\"@type\":\"ReadAction\",\"target\":[\"https:\\\/\\\/everydaychemshop.com\\\/es\\\/product\\\/blackberry-kush\\\/\"]}]},{\"@type\":\"ImageObject\",\"inLanguage\":\"en-US\",\"@id\":\"https:\\\/\\\/everydaychemshop.com\\\/es\\\/product\\\/blackberry-kush\\\/#primaryimage\",\"url\":\"https:\\\/\\\/everydaychemshop.com\\\/es\\\/wp-content\\\/uploads\\\/sites\\\/4\\\/2022\\\/11\\\/buy-best-marijuana-seeds-backberry-kush.jpg\",\"contentUrl\":\"https:\\\/\\\/everydaychemshop.com\\\/es\\\/wp-content\\\/uploads\\\/sites\\\/4\\\/2022\\\/11\\\/buy-best-marijuana-seeds-backberry-kush.jpg\",\"width\":360,\"height\":450,\"caption\":\"Blackberry Kush de primera calidad\"},{\"@type\":\"BreadcrumbList\",\"@id\":\"https:\\\/\\\/everydaychemshop.com\\\/es\\\/product\\\/blackberry-kush\\\/#breadcrumb\",\"itemListElement\":[{\"@type\":\"ListItem\",\"position\":1,\"name\":\"Home\",\"item\":\"https:\\\/\\\/everydaychemshop.com\\\/es\\\/\"},{\"@type\":\"ListItem\",\"position\":2,\"name\":\"Productos\",\"item\":\"https:\\\/\\\/everydaychemshop.com\\\/es\\\/productos\\\/\"},{\"@type\":\"ListItem\",\"position\":3,\"name\":\"Blackberry Kush\"}]},{\"@type\":\"WebSite\",\"@id\":\"https:\\\/\\\/everydaychemshop.com\\\/es\\\/#website\",\"url\":\"https:\\\/\\\/everydaychemshop.com\\\/es\\\/\",\"name\":\"Everyday Chem Shop\",\"description\":\"\",\"potentialAction\":[{\"@type\":\"SearchAction\",\"target\":{\"@type\":\"EntryPoint\",\"urlTemplate\":\"https:\\\/\\\/everydaychemshop.com\\\/es\\\/?s={search_term_string}\"},\"query-input\":{\"@type\":\"PropertyValueSpecification\",\"valueRequired\":true,\"valueName\":\"search_term_string\"}}],\"inLanguage\":\"en-US\"}]}<\/script>\n<!-- \/ Yoast SEO Premium plugin. -->","yoast_head_json":{"title":"Blackberry Kush de primera calidad - Everyday Chem Shop","description":"Blackberry Kush de primera calidad. Vendemos Blackberry Kush de la mejor calidad en l\u00ednea. P\u00f3ngase en contacto para obtener m\u00e1s informaci\u00f3n y precios.","robots":{"index":"index","follow":"follow","max-snippet":"max-snippet:-1","max-image-preview":"max-image-preview:large","max-video-preview":"max-video-preview:-1"},"canonical":"https:\/\/everydaychemshop.com\/es\/product\/blackberry-kush\/","og_locale":"en_US","og_type":"article","og_title":"Blackberry Kush","og_description":"Blackberry Kush de primera calidad. Vendemos Blackberry Kush de la mejor calidad en l\u00ednea. P\u00f3ngase en contacto para obtener m\u00e1s informaci\u00f3n y precios.","og_url":"https:\/\/everydaychemshop.com\/es\/product\/blackberry-kush\/","og_site_name":"Everyday Chem Shop","article_modified_time":"2023-04-07T07:20:49+00:00","og_image":[{"width":360,"height":450,"url":"https:\/\/everydaychemshop.com\/es\/wp-content\/uploads\/sites\/4\/2022\/11\/buy-best-marijuana-seeds-backberry-kush.jpg","type":"image\/jpeg"}],"twitter_card":"summary_large_image","twitter_misc":{"Est. reading time":"1 minute"},"schema":{"@context":"https:\/\/schema.org","@graph":[{"@type":"WebPage","@id":"https:\/\/everydaychemshop.com\/es\/product\/blackberry-kush\/","url":"https:\/\/everydaychemshop.com\/es\/product\/blackberry-kush\/","name":"Blackberry Kush de primera calidad - Everyday Chem Shop","isPartOf":{"@id":"https:\/\/everydaychemshop.com\/es\/#website"},"primaryImageOfPage":{"@id":"https:\/\/everydaychemshop.com\/es\/product\/blackberry-kush\/#primaryimage"},"image":{"@id":"https:\/\/everydaychemshop.com\/es\/product\/blackberry-kush\/#primaryimage"},"thumbnailUrl":"https:\/\/everydaychemshop.com\/es\/wp-content\/uploads\/sites\/4\/2022\/11\/buy-best-marijuana-seeds-backberry-kush.jpg","datePublished":"2022-11-20T06:36:40+00:00","dateModified":"2023-04-07T07:20:49+00:00","description":"Blackberry Kush de primera calidad. Vendemos Blackberry Kush de la mejor calidad en l\u00ednea. P\u00f3ngase en contacto para obtener m\u00e1s informaci\u00f3n y precios.","breadcrumb":{"@id":"https:\/\/everydaychemshop.com\/es\/product\/blackberry-kush\/#breadcrumb"},"inLanguage":"en-US","potentialAction":[{"@type":"ReadAction","target":["https:\/\/everydaychemshop.com\/es\/product\/blackberry-kush\/"]}]},{"@type":"ImageObject","inLanguage":"en-US","@id":"https:\/\/everydaychemshop.com\/es\/product\/blackberry-kush\/#primaryimage","url":"https:\/\/everydaychemshop.com\/es\/wp-content\/uploads\/sites\/4\/2022\/11\/buy-best-marijuana-seeds-backberry-kush.jpg","contentUrl":"https:\/\/everydaychemshop.com\/es\/wp-content\/uploads\/sites\/4\/2022\/11\/buy-best-marijuana-seeds-backberry-kush.jpg","width":360,"height":450,"caption":"Blackberry Kush de primera calidad"},{"@type":"BreadcrumbList","@id":"https:\/\/everydaychemshop.com\/es\/product\/blackberry-kush\/#breadcrumb","itemListElement":[{"@type":"ListItem","position":1,"name":"Home","item":"https:\/\/everydaychemshop.com\/es\/"},{"@type":"ListItem","position":2,"name":"Productos","item":"https:\/\/everydaychemshop.com\/es\/productos\/"},{"@type":"ListItem","position":3,"name":"Blackberry Kush"}]},{"@type":"WebSite","@id":"https:\/\/everydaychemshop.com\/es\/#website","url":"https:\/\/everydaychemshop.com\/es\/","name":"Everyday Chem Shop","description":"","potentialAction":[{"@type":"SearchAction","target":{"@type":"EntryPoint","urlTemplate":"https:\/\/everydaychemshop.com\/es\/?s={search_term_string}"},"query-input":{"@type":"PropertyValueSpecification","valueRequired":true,"valueName":"search_term_string"}}],"inLanguage":"en-US"}]}},"_links":{"self":[{"href":"https:\/\/everydaychemshop.com\/es\/wp-json\/wp\/v2\/product\/8271","targetHints":{"allow":["GET"]}}],"collection":[{"href":"https:\/\/everydaychemshop.com\/es\/wp-json\/wp\/v2\/product"}],"about":[{"href":"https:\/\/everydaychemshop.com\/es\/wp-json\/wp\/v2\/types\/product"}],"replies":[{"embeddable":true,"href":"https:\/\/everydaychemshop.com\/es\/wp-json\/wp\/v2\/comments?post=8271"}],"wp:featuredmedia":[{"embeddable":true,"href":"https:\/\/everydaychemshop.com\/es\/wp-json\/wp\/v2\/media\/8273"}],"wp:attachment":[{"href":"https:\/\/everydaychemshop.com\/es\/wp-json\/wp\/v2\/media?parent=8271"}],"wp:term":[{"taxonomy":"product_brand","embeddable":true,"href":"https:\/\/everydaychemshop.com\/es\/wp-json\/wp\/v2\/product_brand?post=8271"},{"taxonomy":"product_cat","embeddable":true,"href":"https:\/\/everydaychemshop.com\/es\/wp-json\/wp\/v2\/product_cat?post=8271"},{"taxonomy":"product_tag","embeddable":true,"href":"https:\/\/everydaychemshop.com\/es\/wp-json\/wp\/v2\/product_tag?post=8271"}],"curies":[{"name":"wp","href":"https:\/\/api.w.org\/{rel}","templated":true}]}}