{"id":8278,"date":"2022-11-20T06:44:49","date_gmt":"2022-11-20T06:44:49","guid":{"rendered":"https:\/\/everydaychemshop.com\/es\/?post_type=product&#038;p=8278"},"modified":"2023-04-07T07:19:15","modified_gmt":"2023-04-07T07:19:15","slug":"cepa-sueno-azul","status":"publish","type":"product","link":"https:\/\/everydaychemshop.com\/es\/product\/cepa-sueno-azul\/","title":{"rendered":"Variedad de sue\u00f1o azul"},"content":{"rendered":"<h1>Semillas Feminizadas Blue Dream<\/h1>\n<p><a href=\"https:\/\/everydaychemshop.com\/es\/product\/cepa-sueno-azul\/\">Semillas Feminizadas Blue Dream<\/a>. Sin duda, las semillas Blue Dream son una de las variedades de marihuana m\u00e1s populares en los EE. UU. Blue Dream da ese subid\u00f3n &#8216;Cool West Coast Vibe&#8217; sativa-dominante\u00a0los h\u00edbridos son conocidos. Es el comienzo ideal para un d\u00eda relajante y vigorizante que luego lo lleva a una euforia f\u00e1cil. Si buscas un gran subid\u00f3n durante el d\u00eda, no busques m\u00e1s.<\/p>\n<p>Blue Dream presenta un\u00a0alto nivel de THC\u00a0del 21 %, el dulce aroma de las bayas cuando se fuma <a href=\"https:\/\/es.wikipedia.org\/wiki\/Distrito_financiero\">y<\/a> un efecto sedante que alivia varios s\u00edntomas. Si est\u00e1 buscando ayuda para las n\u00e1useas, la depresi\u00f3n o el dolor, \u00a1le encantar\u00e1 la experiencia de alto contenido de THC que trae Blue Dream!<\/p>\n<table>\n<tbody>\n<tr>\n<td>Tipo de planta<\/td>\n<td>20%\u00a0indica\u00a080%\u00a0sativa<\/td>\n<\/tr>\n<tr>\n<td>THC<\/td>\n<td>Hasta 21%<\/td>\n<\/tr>\n<tr>\n<td>CBD<\/td>\n<td>Hasta 2%<\/td>\n<\/tr>\n<tr>\n<td>Dificultad<\/td>\n<td>Moderada<\/td>\n<\/tr>\n<tr>\n<td>Clima<\/td>\n<td>Interior\u00a0| templado\u00a0| Mediterr\u00e1nea<\/td>\n<\/tr>\n<tr>\n<td>Tama\u00f1o de la planta<\/td>\n<td>Alta<\/td>\n<\/tr>\n<tr>\n<td>Etapa vegetativa<\/td>\n<td>4 a 8 semanas<\/td>\n<\/tr>\n<tr>\n<td>Tiempo de floraci\u00f3n<\/td>\n<td>9 a 12 semanas<\/td>\n<\/tr>\n<tr>\n<td>Rendimiento<\/td>\n<td>21 oz por planta<\/td>\n<\/tr>\n<tr>\n<td>Sabor y olor<\/td>\n<td>Baya | terroso | a base de hierbas | dulce | Vanilla<\/td>\n<\/tr>\n<\/tbody>\n<\/table>\n<h3>Origen de la variedad Blue Dream<\/h3>\n<p>Esta variedad se origin\u00f3 en la escena de la marihuana medicinal de California. Se hizo conocido por ofrecer ese ambiente de California sin\u00f3nimo de grandes subidones durante el d\u00eda. La variedad es una de las m\u00e1s solicitadas en el mercado debido a su gran combinaci\u00f3n entre Blueberry indica y Super Silver Haze.<\/p>\n<p>Blue Dream es Cannabis de primer nivel. Tiene una reputaci\u00f3n estelar por su subid\u00f3n f\u00e1cil durante todo el d\u00eda, lo que la convierte en la elecci\u00f3n preferida de los fumadores diurnos. Si quieres un gran subid\u00f3n que te ayude a pasar el d\u00eda sin dejarte tirado en el sof\u00e1, esto es para ti.<\/p>\n<p>Padres de Blue Dream<\/p>\n<ul>\n<li>Blueberry indica<\/li>\n<li>Haze sativa<\/li>\n<\/ul>\n","protected":false},"excerpt":{"rendered":"<p>H\u00edbrido 20 % \u00edndica 80 % sativa<br \/>\ncheckmarkAltos niveles de THC de hasta el 21 %<br \/>\ncheckmarkCosechas consistentes<br \/>\ncheckmarkF\u00e1cil de colocar para el uso diario<br \/>\ncheckmarkSemillas feminizadas para obtener cogollos garantizados<\/p>\n","protected":false},"featured_media":8280,"comment_status":"open","ping_status":"closed","template":"","meta":{"inline_featured_image":false},"product_brand":[],"product_cat":[60],"product_tag":[],"class_list":{"0":"post-8278","1":"product","2":"type-product","3":"status-publish","4":"has-post-thumbnail","6":"product_cat-cbd-camo-flor","8":"first","9":"instock","10":"shipping-taxable","11":"purchasable","12":"product-type-variable","13":"has-default-attributes"},"yoast_head":"<!-- This site is optimized with the Yoast SEO Premium plugin v19.2 (Yoast SEO v27.3) - https:\/\/yoast.com\/product\/yoast-seo-premium-wordpress\/ -->\n<title>Semillas Feminizadas Blue Dream - Everyday Chem Shop<\/title>\n<meta name=\"description\" content=\"Semillas Feminizadas Blue Dream. Sin duda, las semillas de Blue Dream son una de las variedades de marihuana m\u00e1s populares en los EE. UU.\" \/>\n<meta name=\"robots\" content=\"index, follow, max-snippet:-1, max-image-preview:large, max-video-preview:-1\" \/>\n<link rel=\"canonical\" href=\"https:\/\/everydaychemshop.com\/es\/product\/cepa-sueno-azul\/\" \/>\n<meta property=\"og:locale\" content=\"en_US\" \/>\n<meta property=\"og:type\" content=\"article\" \/>\n<meta property=\"og:title\" content=\"Variedad de sue\u00f1o azul\" \/>\n<meta property=\"og:description\" content=\"Semillas Feminizadas Blue Dream. Sin duda, las semillas de Blue Dream son una de las variedades de marihuana m\u00e1s populares en los EE. UU.\" \/>\n<meta property=\"og:url\" content=\"https:\/\/everydaychemshop.com\/es\/product\/cepa-sueno-azul\/\" \/>\n<meta property=\"og:site_name\" content=\"Everyday Chem Shop\" \/>\n<meta property=\"article:modified_time\" content=\"2023-04-07T07:19:15+00:00\" \/>\n<meta property=\"og:image\" content=\"https:\/\/everydaychemshop.com\/es\/wp-content\/uploads\/sites\/4\/2022\/11\/blue-dream-marijuana-seeds_feminized.jpg\" \/>\n\t<meta property=\"og:image:width\" content=\"480\" \/>\n\t<meta property=\"og:image:height\" content=\"480\" \/>\n\t<meta property=\"og:image:type\" content=\"image\/jpeg\" \/>\n<meta name=\"twitter:card\" content=\"summary_large_image\" \/>\n<meta name=\"twitter:label1\" content=\"Est. reading time\" \/>\n\t<meta name=\"twitter:data1\" content=\"2 minutes\" \/>\n<script type=\"application\/ld+json\" class=\"yoast-schema-graph\">{\"@context\":\"https:\\\/\\\/schema.org\",\"@graph\":[{\"@type\":\"WebPage\",\"@id\":\"https:\\\/\\\/everydaychemshop.com\\\/es\\\/product\\\/cepa-sueno-azul\\\/\",\"url\":\"https:\\\/\\\/everydaychemshop.com\\\/es\\\/product\\\/cepa-sueno-azul\\\/\",\"name\":\"Semillas Feminizadas Blue Dream - Everyday Chem Shop\",\"isPartOf\":{\"@id\":\"https:\\\/\\\/everydaychemshop.com\\\/es\\\/#website\"},\"primaryImageOfPage\":{\"@id\":\"https:\\\/\\\/everydaychemshop.com\\\/es\\\/product\\\/cepa-sueno-azul\\\/#primaryimage\"},\"image\":{\"@id\":\"https:\\\/\\\/everydaychemshop.com\\\/es\\\/product\\\/cepa-sueno-azul\\\/#primaryimage\"},\"thumbnailUrl\":\"https:\\\/\\\/everydaychemshop.com\\\/es\\\/wp-content\\\/uploads\\\/sites\\\/4\\\/2022\\\/11\\\/blue-dream-marijuana-seeds_feminized.jpg\",\"datePublished\":\"2022-11-20T06:44:49+00:00\",\"dateModified\":\"2023-04-07T07:19:15+00:00\",\"description\":\"Semillas Feminizadas Blue Dream. Sin duda, las semillas de Blue Dream son una de las variedades de marihuana m\u00e1s populares en los EE. UU.\",\"breadcrumb\":{\"@id\":\"https:\\\/\\\/everydaychemshop.com\\\/es\\\/product\\\/cepa-sueno-azul\\\/#breadcrumb\"},\"inLanguage\":\"en-US\",\"potentialAction\":[{\"@type\":\"ReadAction\",\"target\":[\"https:\\\/\\\/everydaychemshop.com\\\/es\\\/product\\\/cepa-sueno-azul\\\/\"]}]},{\"@type\":\"ImageObject\",\"inLanguage\":\"en-US\",\"@id\":\"https:\\\/\\\/everydaychemshop.com\\\/es\\\/product\\\/cepa-sueno-azul\\\/#primaryimage\",\"url\":\"https:\\\/\\\/everydaychemshop.com\\\/es\\\/wp-content\\\/uploads\\\/sites\\\/4\\\/2022\\\/11\\\/blue-dream-marijuana-seeds_feminized.jpg\",\"contentUrl\":\"https:\\\/\\\/everydaychemshop.com\\\/es\\\/wp-content\\\/uploads\\\/sites\\\/4\\\/2022\\\/11\\\/blue-dream-marijuana-seeds_feminized.jpg\",\"width\":480,\"height\":480,\"caption\":\"Semillas Feminizadas Blue Dream\"},{\"@type\":\"BreadcrumbList\",\"@id\":\"https:\\\/\\\/everydaychemshop.com\\\/es\\\/product\\\/cepa-sueno-azul\\\/#breadcrumb\",\"itemListElement\":[{\"@type\":\"ListItem\",\"position\":1,\"name\":\"Home\",\"item\":\"https:\\\/\\\/everydaychemshop.com\\\/es\\\/\"},{\"@type\":\"ListItem\",\"position\":2,\"name\":\"Productos\",\"item\":\"https:\\\/\\\/everydaychemshop.com\\\/es\\\/productos\\\/\"},{\"@type\":\"ListItem\",\"position\":3,\"name\":\"Variedad de sue\u00f1o azul\"}]},{\"@type\":\"WebSite\",\"@id\":\"https:\\\/\\\/everydaychemshop.com\\\/es\\\/#website\",\"url\":\"https:\\\/\\\/everydaychemshop.com\\\/es\\\/\",\"name\":\"Everyday Chem Shop\",\"description\":\"\",\"potentialAction\":[{\"@type\":\"SearchAction\",\"target\":{\"@type\":\"EntryPoint\",\"urlTemplate\":\"https:\\\/\\\/everydaychemshop.com\\\/es\\\/?s={search_term_string}\"},\"query-input\":{\"@type\":\"PropertyValueSpecification\",\"valueRequired\":true,\"valueName\":\"search_term_string\"}}],\"inLanguage\":\"en-US\"}]}<\/script>\n<!-- \/ Yoast SEO Premium plugin. -->","yoast_head_json":{"title":"Semillas Feminizadas Blue Dream - Everyday Chem Shop","description":"Semillas Feminizadas Blue Dream. Sin duda, las semillas de Blue Dream son una de las variedades de marihuana m\u00e1s populares en los EE. UU.","robots":{"index":"index","follow":"follow","max-snippet":"max-snippet:-1","max-image-preview":"max-image-preview:large","max-video-preview":"max-video-preview:-1"},"canonical":"https:\/\/everydaychemshop.com\/es\/product\/cepa-sueno-azul\/","og_locale":"en_US","og_type":"article","og_title":"Variedad de sue\u00f1o azul","og_description":"Semillas Feminizadas Blue Dream. Sin duda, las semillas de Blue Dream son una de las variedades de marihuana m\u00e1s populares en los EE. UU.","og_url":"https:\/\/everydaychemshop.com\/es\/product\/cepa-sueno-azul\/","og_site_name":"Everyday Chem Shop","article_modified_time":"2023-04-07T07:19:15+00:00","og_image":[{"width":480,"height":480,"url":"https:\/\/everydaychemshop.com\/es\/wp-content\/uploads\/sites\/4\/2022\/11\/blue-dream-marijuana-seeds_feminized.jpg","type":"image\/jpeg"}],"twitter_card":"summary_large_image","twitter_misc":{"Est. reading time":"2 minutes"},"schema":{"@context":"https:\/\/schema.org","@graph":[{"@type":"WebPage","@id":"https:\/\/everydaychemshop.com\/es\/product\/cepa-sueno-azul\/","url":"https:\/\/everydaychemshop.com\/es\/product\/cepa-sueno-azul\/","name":"Semillas Feminizadas Blue Dream - Everyday Chem Shop","isPartOf":{"@id":"https:\/\/everydaychemshop.com\/es\/#website"},"primaryImageOfPage":{"@id":"https:\/\/everydaychemshop.com\/es\/product\/cepa-sueno-azul\/#primaryimage"},"image":{"@id":"https:\/\/everydaychemshop.com\/es\/product\/cepa-sueno-azul\/#primaryimage"},"thumbnailUrl":"https:\/\/everydaychemshop.com\/es\/wp-content\/uploads\/sites\/4\/2022\/11\/blue-dream-marijuana-seeds_feminized.jpg","datePublished":"2022-11-20T06:44:49+00:00","dateModified":"2023-04-07T07:19:15+00:00","description":"Semillas Feminizadas Blue Dream. Sin duda, las semillas de Blue Dream son una de las variedades de marihuana m\u00e1s populares en los EE. UU.","breadcrumb":{"@id":"https:\/\/everydaychemshop.com\/es\/product\/cepa-sueno-azul\/#breadcrumb"},"inLanguage":"en-US","potentialAction":[{"@type":"ReadAction","target":["https:\/\/everydaychemshop.com\/es\/product\/cepa-sueno-azul\/"]}]},{"@type":"ImageObject","inLanguage":"en-US","@id":"https:\/\/everydaychemshop.com\/es\/product\/cepa-sueno-azul\/#primaryimage","url":"https:\/\/everydaychemshop.com\/es\/wp-content\/uploads\/sites\/4\/2022\/11\/blue-dream-marijuana-seeds_feminized.jpg","contentUrl":"https:\/\/everydaychemshop.com\/es\/wp-content\/uploads\/sites\/4\/2022\/11\/blue-dream-marijuana-seeds_feminized.jpg","width":480,"height":480,"caption":"Semillas Feminizadas Blue Dream"},{"@type":"BreadcrumbList","@id":"https:\/\/everydaychemshop.com\/es\/product\/cepa-sueno-azul\/#breadcrumb","itemListElement":[{"@type":"ListItem","position":1,"name":"Home","item":"https:\/\/everydaychemshop.com\/es\/"},{"@type":"ListItem","position":2,"name":"Productos","item":"https:\/\/everydaychemshop.com\/es\/productos\/"},{"@type":"ListItem","position":3,"name":"Variedad de sue\u00f1o azul"}]},{"@type":"WebSite","@id":"https:\/\/everydaychemshop.com\/es\/#website","url":"https:\/\/everydaychemshop.com\/es\/","name":"Everyday Chem Shop","description":"","potentialAction":[{"@type":"SearchAction","target":{"@type":"EntryPoint","urlTemplate":"https:\/\/everydaychemshop.com\/es\/?s={search_term_string}"},"query-input":{"@type":"PropertyValueSpecification","valueRequired":true,"valueName":"search_term_string"}}],"inLanguage":"en-US"}]}},"_links":{"self":[{"href":"https:\/\/everydaychemshop.com\/es\/wp-json\/wp\/v2\/product\/8278","targetHints":{"allow":["GET"]}}],"collection":[{"href":"https:\/\/everydaychemshop.com\/es\/wp-json\/wp\/v2\/product"}],"about":[{"href":"https:\/\/everydaychemshop.com\/es\/wp-json\/wp\/v2\/types\/product"}],"replies":[{"embeddable":true,"href":"https:\/\/everydaychemshop.com\/es\/wp-json\/wp\/v2\/comments?post=8278"}],"wp:featuredmedia":[{"embeddable":true,"href":"https:\/\/everydaychemshop.com\/es\/wp-json\/wp\/v2\/media\/8280"}],"wp:attachment":[{"href":"https:\/\/everydaychemshop.com\/es\/wp-json\/wp\/v2\/media?parent=8278"}],"wp:term":[{"taxonomy":"product_brand","embeddable":true,"href":"https:\/\/everydaychemshop.com\/es\/wp-json\/wp\/v2\/product_brand?post=8278"},{"taxonomy":"product_cat","embeddable":true,"href":"https:\/\/everydaychemshop.com\/es\/wp-json\/wp\/v2\/product_cat?post=8278"},{"taxonomy":"product_tag","embeddable":true,"href":"https:\/\/everydaychemshop.com\/es\/wp-json\/wp\/v2\/product_tag?post=8278"}],"curies":[{"name":"wp","href":"https:\/\/api.w.org\/{rel}","templated":true}]}}