{"id":8284,"date":"2022-11-20T06:47:12","date_gmt":"2022-11-20T06:47:12","guid":{"rendered":"https:\/\/everydaychemshop.com\/es\/?post_type=product&#038;p=8284"},"modified":"2023-04-07T07:18:00","modified_gmt":"2023-04-07T07:18:00","slug":"pegamento-de-cereza-gorila","status":"publish","type":"product","link":"https:\/\/everydaychemshop.com\/es\/product\/pegamento-de-cereza-gorila\/","title":{"rendered":"Cherry Gorilla tambi\u00e9n conocido como Cherry Gorilla Glue"},"content":{"rendered":"<h1>Gorila de cereza de primera calidad<\/h1>\n<p><a href=\"https:\/\/everydaychemshop.com\/es\/product\/pegamento-de-cereza-gorila\/\">Gorila de cereza de primera calidad<\/a>. Cherry Gorilla, tambi\u00e9n conocida como &#8220;Cherry Gorilla Glue&#8221;, es una variedad de marihuana h\u00edbrida. Los efectos de Cherry Gorilla son m\u00e1s calmantes que energizantes. <a href=\"https:\/\/es.wikipedia.org\/wiki\/Distrito_financiero\">Los<\/a> consumidores dicen que esta cepa ofrece un subid\u00f3n incre\u00edble con sensaciones instant\u00e1neas de euforia antes de que eventualmente te lleve a un estado de sue\u00f1o. La Cherry Gorilla tiene un 17 % de THC, pero las variedades de esta variedad han probado hasta un 20 % de THC o m\u00e1s. Por este motivo, es mejor reservar la Cherry Gorilla para consumidores de cannabis experimentados con una alta tolerancia al THC. Esta variedad ofrece un perfil de sabor terroso respaldado por notas de bayas y di\u00e9sel. Los pacientes de marihuana medicinal pueden elegir Cherry Gorilla para aliviar los s\u00edntomas asociados con la depresi\u00f3n, el estr\u00e9s y el dolor.<\/p>\n","protected":false},"excerpt":{"rendered":"<p>Cherry Gorilla, tambi\u00e9n conocida como &#8220;Cherry Gorilla Glue&#8221;, es una variedad de marihuana h\u00edbrida. Los efectos de Cherry Gorilla son m\u00e1s calmantes que energizantes. Los consumidores dicen que esta variedad ofrece un subid\u00f3n incre\u00edble con sensaciones instant\u00e1neas de euforia antes de que eventualmente te lleve a un estado de sue\u00f1o.<\/p>\n","protected":false},"featured_media":8286,"comment_status":"open","ping_status":"closed","template":"","meta":{"inline_featured_image":false},"product_brand":[],"product_cat":[60],"product_tag":[],"class_list":{"0":"post-8284","1":"product","2":"type-product","3":"status-publish","4":"has-post-thumbnail","6":"product_cat-cbd-camo-flor","8":"first","9":"instock","10":"shipping-taxable","11":"purchasable","12":"product-type-variable","13":"has-default-attributes"},"yoast_head":"<!-- This site is optimized with the Yoast SEO Premium plugin v19.2 (Yoast SEO v27.3) - https:\/\/yoast.com\/product\/yoast-seo-premium-wordpress\/ -->\n<title>Gorila de cereza de primera calidad - Everyday Chem Shop<\/title>\n<meta name=\"description\" content=\"Gorila de cereza de primera calidad. Vendemos Cherry Gorilla de la mejor calidad en l\u00ednea. P\u00f3ngase en contacto para obtener m\u00e1s informaci\u00f3n y precios.\" \/>\n<meta name=\"robots\" content=\"index, follow, max-snippet:-1, max-image-preview:large, max-video-preview:-1\" \/>\n<link rel=\"canonical\" href=\"https:\/\/everydaychemshop.com\/es\/product\/pegamento-de-cereza-gorila\/\" \/>\n<meta property=\"og:locale\" content=\"en_US\" \/>\n<meta property=\"og:type\" content=\"article\" \/>\n<meta property=\"og:title\" content=\"Cherry Gorilla tambi\u00e9n conocido como Cherry Gorilla Glue\" \/>\n<meta property=\"og:description\" content=\"Gorila de cereza de primera calidad. Vendemos Cherry Gorilla de la mejor calidad en l\u00ednea. P\u00f3ngase en contacto para obtener m\u00e1s informaci\u00f3n y precios.\" \/>\n<meta property=\"og:url\" content=\"https:\/\/everydaychemshop.com\/es\/product\/pegamento-de-cereza-gorila\/\" \/>\n<meta property=\"og:site_name\" content=\"Everyday Chem Shop\" \/>\n<meta property=\"article:modified_time\" content=\"2023-04-07T07:18:00+00:00\" \/>\n<meta property=\"og:image\" content=\"https:\/\/everydaychemshop.com\/es\/wp-content\/uploads\/sites\/4\/2022\/11\/Cherry-Gorilla-C-scaled-1.jpeg\" \/>\n\t<meta property=\"og:image:width\" content=\"1920\" \/>\n\t<meta property=\"og:image:height\" content=\"2560\" \/>\n\t<meta property=\"og:image:type\" content=\"image\/jpeg\" \/>\n<meta name=\"twitter:card\" content=\"summary_large_image\" \/>\n<meta name=\"twitter:label1\" content=\"Est. reading time\" \/>\n\t<meta name=\"twitter:data1\" content=\"1 minute\" \/>\n<script type=\"application\/ld+json\" class=\"yoast-schema-graph\">{\"@context\":\"https:\\\/\\\/schema.org\",\"@graph\":[{\"@type\":\"WebPage\",\"@id\":\"https:\\\/\\\/everydaychemshop.com\\\/es\\\/product\\\/pegamento-de-cereza-gorila\\\/\",\"url\":\"https:\\\/\\\/everydaychemshop.com\\\/es\\\/product\\\/pegamento-de-cereza-gorila\\\/\",\"name\":\"Gorila de cereza de primera calidad - Everyday Chem Shop\",\"isPartOf\":{\"@id\":\"https:\\\/\\\/everydaychemshop.com\\\/es\\\/#website\"},\"primaryImageOfPage\":{\"@id\":\"https:\\\/\\\/everydaychemshop.com\\\/es\\\/product\\\/pegamento-de-cereza-gorila\\\/#primaryimage\"},\"image\":{\"@id\":\"https:\\\/\\\/everydaychemshop.com\\\/es\\\/product\\\/pegamento-de-cereza-gorila\\\/#primaryimage\"},\"thumbnailUrl\":\"https:\\\/\\\/everydaychemshop.com\\\/es\\\/wp-content\\\/uploads\\\/sites\\\/4\\\/2022\\\/11\\\/Cherry-Gorilla-C-scaled-1.jpeg\",\"datePublished\":\"2022-11-20T06:47:12+00:00\",\"dateModified\":\"2023-04-07T07:18:00+00:00\",\"description\":\"Gorila de cereza de primera calidad. Vendemos Cherry Gorilla de la mejor calidad en l\u00ednea. P\u00f3ngase en contacto para obtener m\u00e1s informaci\u00f3n y precios.\",\"breadcrumb\":{\"@id\":\"https:\\\/\\\/everydaychemshop.com\\\/es\\\/product\\\/pegamento-de-cereza-gorila\\\/#breadcrumb\"},\"inLanguage\":\"en-US\",\"potentialAction\":[{\"@type\":\"ReadAction\",\"target\":[\"https:\\\/\\\/everydaychemshop.com\\\/es\\\/product\\\/pegamento-de-cereza-gorila\\\/\"]}]},{\"@type\":\"ImageObject\",\"inLanguage\":\"en-US\",\"@id\":\"https:\\\/\\\/everydaychemshop.com\\\/es\\\/product\\\/pegamento-de-cereza-gorila\\\/#primaryimage\",\"url\":\"https:\\\/\\\/everydaychemshop.com\\\/es\\\/wp-content\\\/uploads\\\/sites\\\/4\\\/2022\\\/11\\\/Cherry-Gorilla-C-scaled-1.jpeg\",\"contentUrl\":\"https:\\\/\\\/everydaychemshop.com\\\/es\\\/wp-content\\\/uploads\\\/sites\\\/4\\\/2022\\\/11\\\/Cherry-Gorilla-C-scaled-1.jpeg\",\"width\":1920,\"height\":2560,\"caption\":\"Gorila de cereza de primera calidad\"},{\"@type\":\"BreadcrumbList\",\"@id\":\"https:\\\/\\\/everydaychemshop.com\\\/es\\\/product\\\/pegamento-de-cereza-gorila\\\/#breadcrumb\",\"itemListElement\":[{\"@type\":\"ListItem\",\"position\":1,\"name\":\"Home\",\"item\":\"https:\\\/\\\/everydaychemshop.com\\\/es\\\/\"},{\"@type\":\"ListItem\",\"position\":2,\"name\":\"Productos\",\"item\":\"https:\\\/\\\/everydaychemshop.com\\\/es\\\/productos\\\/\"},{\"@type\":\"ListItem\",\"position\":3,\"name\":\"Cherry Gorilla tambi\u00e9n conocido como Cherry Gorilla Glue\"}]},{\"@type\":\"WebSite\",\"@id\":\"https:\\\/\\\/everydaychemshop.com\\\/es\\\/#website\",\"url\":\"https:\\\/\\\/everydaychemshop.com\\\/es\\\/\",\"name\":\"Everyday Chem Shop\",\"description\":\"\",\"potentialAction\":[{\"@type\":\"SearchAction\",\"target\":{\"@type\":\"EntryPoint\",\"urlTemplate\":\"https:\\\/\\\/everydaychemshop.com\\\/es\\\/?s={search_term_string}\"},\"query-input\":{\"@type\":\"PropertyValueSpecification\",\"valueRequired\":true,\"valueName\":\"search_term_string\"}}],\"inLanguage\":\"en-US\"}]}<\/script>\n<!-- \/ Yoast SEO Premium plugin. -->","yoast_head_json":{"title":"Gorila de cereza de primera calidad - Everyday Chem Shop","description":"Gorila de cereza de primera calidad. Vendemos Cherry Gorilla de la mejor calidad en l\u00ednea. P\u00f3ngase en contacto para obtener m\u00e1s informaci\u00f3n y precios.","robots":{"index":"index","follow":"follow","max-snippet":"max-snippet:-1","max-image-preview":"max-image-preview:large","max-video-preview":"max-video-preview:-1"},"canonical":"https:\/\/everydaychemshop.com\/es\/product\/pegamento-de-cereza-gorila\/","og_locale":"en_US","og_type":"article","og_title":"Cherry Gorilla tambi\u00e9n conocido como Cherry Gorilla Glue","og_description":"Gorila de cereza de primera calidad. Vendemos Cherry Gorilla de la mejor calidad en l\u00ednea. P\u00f3ngase en contacto para obtener m\u00e1s informaci\u00f3n y precios.","og_url":"https:\/\/everydaychemshop.com\/es\/product\/pegamento-de-cereza-gorila\/","og_site_name":"Everyday Chem Shop","article_modified_time":"2023-04-07T07:18:00+00:00","og_image":[{"width":1920,"height":2560,"url":"https:\/\/everydaychemshop.com\/es\/wp-content\/uploads\/sites\/4\/2022\/11\/Cherry-Gorilla-C-scaled-1.jpeg","type":"image\/jpeg"}],"twitter_card":"summary_large_image","twitter_misc":{"Est. reading time":"1 minute"},"schema":{"@context":"https:\/\/schema.org","@graph":[{"@type":"WebPage","@id":"https:\/\/everydaychemshop.com\/es\/product\/pegamento-de-cereza-gorila\/","url":"https:\/\/everydaychemshop.com\/es\/product\/pegamento-de-cereza-gorila\/","name":"Gorila de cereza de primera calidad - Everyday Chem Shop","isPartOf":{"@id":"https:\/\/everydaychemshop.com\/es\/#website"},"primaryImageOfPage":{"@id":"https:\/\/everydaychemshop.com\/es\/product\/pegamento-de-cereza-gorila\/#primaryimage"},"image":{"@id":"https:\/\/everydaychemshop.com\/es\/product\/pegamento-de-cereza-gorila\/#primaryimage"},"thumbnailUrl":"https:\/\/everydaychemshop.com\/es\/wp-content\/uploads\/sites\/4\/2022\/11\/Cherry-Gorilla-C-scaled-1.jpeg","datePublished":"2022-11-20T06:47:12+00:00","dateModified":"2023-04-07T07:18:00+00:00","description":"Gorila de cereza de primera calidad. Vendemos Cherry Gorilla de la mejor calidad en l\u00ednea. P\u00f3ngase en contacto para obtener m\u00e1s informaci\u00f3n y precios.","breadcrumb":{"@id":"https:\/\/everydaychemshop.com\/es\/product\/pegamento-de-cereza-gorila\/#breadcrumb"},"inLanguage":"en-US","potentialAction":[{"@type":"ReadAction","target":["https:\/\/everydaychemshop.com\/es\/product\/pegamento-de-cereza-gorila\/"]}]},{"@type":"ImageObject","inLanguage":"en-US","@id":"https:\/\/everydaychemshop.com\/es\/product\/pegamento-de-cereza-gorila\/#primaryimage","url":"https:\/\/everydaychemshop.com\/es\/wp-content\/uploads\/sites\/4\/2022\/11\/Cherry-Gorilla-C-scaled-1.jpeg","contentUrl":"https:\/\/everydaychemshop.com\/es\/wp-content\/uploads\/sites\/4\/2022\/11\/Cherry-Gorilla-C-scaled-1.jpeg","width":1920,"height":2560,"caption":"Gorila de cereza de primera calidad"},{"@type":"BreadcrumbList","@id":"https:\/\/everydaychemshop.com\/es\/product\/pegamento-de-cereza-gorila\/#breadcrumb","itemListElement":[{"@type":"ListItem","position":1,"name":"Home","item":"https:\/\/everydaychemshop.com\/es\/"},{"@type":"ListItem","position":2,"name":"Productos","item":"https:\/\/everydaychemshop.com\/es\/productos\/"},{"@type":"ListItem","position":3,"name":"Cherry Gorilla tambi\u00e9n conocido como Cherry Gorilla Glue"}]},{"@type":"WebSite","@id":"https:\/\/everydaychemshop.com\/es\/#website","url":"https:\/\/everydaychemshop.com\/es\/","name":"Everyday Chem Shop","description":"","potentialAction":[{"@type":"SearchAction","target":{"@type":"EntryPoint","urlTemplate":"https:\/\/everydaychemshop.com\/es\/?s={search_term_string}"},"query-input":{"@type":"PropertyValueSpecification","valueRequired":true,"valueName":"search_term_string"}}],"inLanguage":"en-US"}]}},"_links":{"self":[{"href":"https:\/\/everydaychemshop.com\/es\/wp-json\/wp\/v2\/product\/8284","targetHints":{"allow":["GET"]}}],"collection":[{"href":"https:\/\/everydaychemshop.com\/es\/wp-json\/wp\/v2\/product"}],"about":[{"href":"https:\/\/everydaychemshop.com\/es\/wp-json\/wp\/v2\/types\/product"}],"replies":[{"embeddable":true,"href":"https:\/\/everydaychemshop.com\/es\/wp-json\/wp\/v2\/comments?post=8284"}],"wp:featuredmedia":[{"embeddable":true,"href":"https:\/\/everydaychemshop.com\/es\/wp-json\/wp\/v2\/media\/8286"}],"wp:attachment":[{"href":"https:\/\/everydaychemshop.com\/es\/wp-json\/wp\/v2\/media?parent=8284"}],"wp:term":[{"taxonomy":"product_brand","embeddable":true,"href":"https:\/\/everydaychemshop.com\/es\/wp-json\/wp\/v2\/product_brand?post=8284"},{"taxonomy":"product_cat","embeddable":true,"href":"https:\/\/everydaychemshop.com\/es\/wp-json\/wp\/v2\/product_cat?post=8284"},{"taxonomy":"product_tag","embeddable":true,"href":"https:\/\/everydaychemshop.com\/es\/wp-json\/wp\/v2\/product_tag?post=8284"}],"curies":[{"name":"wp","href":"https:\/\/api.w.org\/{rel}","templated":true}]}}