{"id":8293,"date":"2022-11-20T06:59:04","date_gmt":"2022-11-20T06:59:04","guid":{"rendered":"https:\/\/everydaychemshop.com\/es\/?post_type=product&#038;p=8293"},"modified":"2023-04-07T07:16:47","modified_gmt":"2023-04-07T07:16:47","slug":"flor-de-canamo-pino-hawaiano","status":"publish","type":"product","link":"https:\/\/everydaychemshop.com\/es\/product\/flor-de-canamo-pino-hawaiano\/","title":{"rendered":"Flor de c\u00e1\u00f1amo de pino hawaiano"},"content":{"rendered":"<h1><strong>Flor de c\u00e1\u00f1amo de pino hawaiano<\/strong><\/h1>\n<p><a href=\"https:\/\/everydaychemshop.com\/es\/product\/flor-de-canamo-pino-hawaiano\/\">Flor de c\u00e1\u00f1amo de pino hawaiano<\/a>. \u00a1Vuela hacia los tr\u00f3picos con nuestro delicioso h\u00edbrido, la Hawaiian Haze! Esta cepa CBD especial de Plain Jane cuenta con sabores y efectos excepcionales que te dejar\u00e1n tranquilo y alegre. Cultivadas bajo los cielos soleados de Oreg\u00f3n, las flores de CBD de la Hawaiian Haze vienen perfectamente recortadas, listas para usar. Sus cogollos curados desprenden un intenso aroma tropical que recuerda a la papaya, la pi\u00f1a y la maracuy\u00e1. Los dulces sabores afrutados creados por sus terpenos se complementan a\u00fan m\u00e1s con notas suaves de pino y madera. \u00a1Las flores de c\u00e1\u00f1amo Hawaiian Haze son atrevidas y hermosas! Poseen un rico color verde pino y, a menudo, est\u00e1n cubiertos por una gruesa capa de vibrantes pistilos de color naranja sangre. Ahora, las flores de CBD Plain Jane Hawaiian Haze contienen <a href=\"https:\/\/es.wikipedia.org\/wiki\/Distrito_financiero\">una<\/a> gran cantidad de cannabinoides y terpenos, ambos act\u00faan en sinergia, creando efectos calmantes y relajantes. Cuando se fuma o se vaporiza, los fan\u00e1ticos a menudo describen los efectos como energizantes combinados con una relajaci\u00f3n gradual de los m\u00fasculos y la mente. El nivel principal de CBD de esta cepa es 11,0226 %. Y, los principales terpenos que se encuentran en sus flores incluyen alfa-pineno, mirceno y terpinoleno.<\/p>\n<p>Todas las flores de c\u00e1\u00f1amo Plain Jane cumplen con la Ley Agr\u00edcola de 2018, por lo que contienen niveles de THC inferiores al 0,3 %. Esto significa que nuestras flores de c\u00e1\u00f1amo Hawaiian Haze no producir\u00e1n efectos intoxicantes psicoactivos. Las flores de CBD Plain Jane Hawaiian Haze contienen niveles de CBD de\u00a011,0226\u00a0%.<\/p>\n<h2><strong>Instrucciones<\/strong><\/h2>\n<p>Las flores de c\u00e1\u00f1amo Plain Jane Hawaiian Haze CBD se consumen mejor fumando o vapeando. Muchos fan\u00e1ticos eligen moler, enrollar y fumar sus flores de c\u00e1\u00f1amo Plain Jane. Sin embargo, tambi\u00e9n puedes consumir flores de c\u00e1\u00f1amo a trav\u00e9s de bongs y vaporizadores secos.<\/p>\n<p>Echa un vistazo a nuestro Plain Jane puro y totalmente natural Rolling papers!<\/p>\n<h2><strong>\u00bfQu\u00e9 es el CBD?<\/strong><\/h2>\n<p>CBD, tambi\u00e9n conocido como cannabidiol, es un cannabinoide dominante bien investigado en nuestras flores de c\u00e1\u00f1amo Plain Jane . Las flores de c\u00e1\u00f1amo ricas en CBD no son psicoactivas, lo que significa que no har\u00e1n que su usuario se drogue. Hoy en d\u00eda, el CBD se considera uno de los cannabinoides de la planta de c\u00e1\u00f1amo m\u00e1s estudiados, principalmente porque se cree que tiene una variedad de propiedades terap\u00e9uticas.<\/p>\n<p>Algunos de los beneficios m\u00e1s comunes informados por los clientes incluyen:<\/p>\n<ul>\n<li style=\"list-style-type: none\">\n<ul>\n<li>Alivio de la ansiedad<\/li>\n<\/ul>\n<\/li>\n<\/ul>\n<p>&nbsp;<\/p>\n<ul>\n<li style=\"list-style-type: none\">\n<ul>\n<li>Alivio de migra\u00f1as y dolores de cabeza<\/li>\n<\/ul>\n<\/li>\n<\/ul>\n<p>Plain Jane actualmente almacena CBD de alta calidad producido en los EE. UU. Algunos de nuestros mejores vendedores incluyen nuestros \u00a0aceites y t\u00f3picos de CBD,\u00a0flores de c\u00e1\u00f1amo CBD,\u00a0gomitas de CBD y m\u00e1s !<\/p>\n<h2><strong>Precauci\u00f3n<\/strong><\/h2>\n<p>&nbsp;<\/p>\n<ul>\n<li style=\"list-style-type: none\">\n<ul>\n<li>No utilice el producto mientras opera un veh\u00edculo o maquinaria pesada.<\/li>\n<\/ul>\n<\/li>\n<\/ul>\n<p>&nbsp;<\/p>\n<ul>\n<li>\n<ul>\n<li>\u00daselo con responsabilidad y mant\u00e9ngalo fuera del alcance de los ni\u00f1os.<\/li>\n<\/ul>\n<\/li>\n<\/ul>\n<p>&nbsp;<\/p>\n<ul>\n<li style=\"list-style-type: none\">\n<ul>\n<li>\u00a0Si est\u00e1 sujeto a pruebas de detecci\u00f3n de drogas peri\u00f3dicas o aleatorias, es mejor no consumir este producto. La mayor\u00eda de las pruebas de drogas est\u00e1ndar no podr\u00e1n diferenciar entre Delta-8-THC y Delta-9.<\/li>\n<\/ul>\n<\/li>\n<\/ul>\n<p>&nbsp;<\/p>\n<ul>\n<li style=\"list-style-type: none\">\n<ul>\n<li>\u00a0Plain Jane no se hace responsable de ninguna persona que consuma este producto.<\/li>\n<\/ul>\n<\/li>\n<\/ul>\n<p>&nbsp;<\/p>\n<ul>\n<li style=\"list-style-type: none\">\n<ul>\n<li>\u00a0El\u00a0La Administraci\u00f3n de Drogas y Alimentos\u00a0no ha evaluado estas declaraciones.<\/li>\n<\/ul>\n<\/li>\n<\/ul>\n<p>&nbsp;<\/p>\n<ul>\n<li style=\"list-style-type: none\">\n<ul>\n<li>\u00a0Este producto no est\u00e1 dise\u00f1ado para diagnosticar, tratar, curar o prevenir ninguna enfermedad. Usar con precauci\u00f3n.<\/li>\n<\/ul>\n<\/li>\n<\/ul>\n<p>&nbsp;<\/p>\n<ul>\n<li style=\"list-style-type: none\">\n<ul>\n<li>No lo use si est\u00e1 embarazada.<\/li>\n<\/ul>\n<\/li>\n<\/ul>\n<p>&nbsp;<\/p>\n<h2><strong>Pol\u00edtica de env\u00edo de Plain Jane<\/strong><\/h2>\n<p>Plain Jane siempre tiene como objetivo enviar los pedidos desde nuestro centro log\u00edstico en un plazo de 1 a 3 d\u00edas h\u00e1biles. Sin embargo, el tiempo que tarda en llegar su paquete depende del m\u00e9todo de env\u00edo que haya elegido.<\/p>\n<p>Si elige el env\u00edo expr\u00e9s, el producto llegar\u00e1 entre 1 y 2 d\u00edas h\u00e1biles despu\u00e9s de haber sido enviado.<\/p>\n<p>Nota: Nuestra estimaci\u00f3n del tiempo de env\u00edo comienza cuando se env\u00eda su paquete, lo que puede demorar entre 3 y 7 d\u00edas h\u00e1biles despu\u00e9s de que se haya procesado su compra.<\/p>\n<p>Ofrecemos env\u00edo gratuito en todos los pedidos de EE. UU. superiores a $ 40 . Estos pedidos se enviar\u00e1n a trav\u00e9s del env\u00edo de primera clase de USPS. Si necesita su producto antes, a\u00fan tiene la opci\u00f3n de elegir otro m\u00e9todo de env\u00edo durante el pago. Debido a las regulaciones actuales, se requiere la firma de un adulto en algunos art\u00edculos y se enviar\u00e1n por UPS. El costo de env\u00edo adicional se ver\u00e1 al finalizar la compra.<\/p>\n<p>Enviamos un correo electr\u00f3nico de confirmaci\u00f3n con un n\u00famero de seguimiento cuando su pedido ha sido enviado. Los gastos de env\u00edo no son reembolsables. Solo enviamos a los Estados Unidos y los territorios de los Estados Unidos.<\/p>\n<p>Plain Jane se esfuerza por garantizar la m\u00e1xima satisfacci\u00f3n del cliente con cada compra.<\/p>\n<p>Env\u00edenos un correo electr\u00f3nico a\u00a0hi@tryplainjane.com\u00a0para informarnos usted est\u00e1 devolviendo un producto. Le proporcionaremos una direcci\u00f3n de env\u00edo. Considere utilizar servicios de env\u00edo rastreables para todas las devoluciones superiores a $75. No podemos garantizar que recibiremos sus productos devueltos. Una vez recibidos los productos, reembolsaremos los art\u00edculos sin abrir y sin usar. Los gastos de env\u00edo no son reembolsables. Espere hasta 10 d\u00edas h\u00e1biles para que se procese el reembolso.<\/p>\n<p>Si recibe productos da\u00f1ados o defectuosos, inf\u00f3rmenos y le reembolsaremos o reemplazaremos sus art\u00edculos. Solo aceptamos devoluciones y reembolsos por compras realizadas a trav\u00e9s de nuestra tienda en l\u00ednea.<\/p>\n<p>No tenemos garant\u00eda de devoluci\u00f3n de dinero, ya que el CBD afecta a cada individuo de manera diferente.<\/p>\n<p>No ofrecemos reembolsos en productos que han sido usados \u200b\u200bo abiertos.<\/p>\n<p>Si su paquete se pierde o se retrasa, le recomendamos que se ponga en contacto con su servicio de mensajer\u00eda. Por lo general, ser\u00e1 USPS. Si tiene alguna consulta, puede comunicarse con USPS al 800-ASK-USPS. Si ha pasado por UPS, comun\u00edquese con ellos llamando al 866-PICK-UPS.<\/p>\n<p>Para pedidos de flores usando First Class Mail, no hay p\u00f3liza de seguro. Por lo tanto, si se pierde el paquete, no ofreceremos un reemplazo ni un reembolso.<\/p>\n<p>No somos responsables de los paquetes robados de su buz\u00f3n o puerta<\/p>\n","protected":false},"excerpt":{"rendered":"<p>\u00a1Vuela hacia los tr\u00f3picos con nuestro delicioso h\u00edbrido, la Hawaiian Haze! Esta variedad especial de CBD de Plain Jane cuenta con sabores y efectos excepcionales que te har\u00e1n sentir tranquilo y alegre.<\/p>\n","protected":false},"featured_media":8295,"comment_status":"open","ping_status":"closed","template":"","meta":{"inline_featured_image":false},"product_brand":[],"product_cat":[60],"product_tag":[],"class_list":{"0":"post-8293","1":"product","2":"type-product","3":"status-publish","4":"has-post-thumbnail","6":"product_cat-cbd-camo-flor","8":"first","9":"instock","10":"shipping-taxable","11":"purchasable","12":"product-type-variable","13":"has-default-attributes"},"yoast_head":"<!-- This site is optimized with the Yoast SEO Premium plugin v19.2 (Yoast SEO v27.3) - https:\/\/yoast.com\/product\/yoast-seo-premium-wordpress\/ -->\n<title>Flor de c\u00e1\u00f1amo de pino hawaiano - Everyday Chem Shop<\/title>\n<meta name=\"description\" content=\"Flor de c\u00e1\u00f1amo de pino hawaiano. Vendemos flores de c\u00e1\u00f1amo de pino hawaiano de primera calidad en l\u00ednea. P\u00f3ngase en contacto para obtener m\u00e1s informaci\u00f3n y precios.\" \/>\n<meta name=\"robots\" content=\"index, follow, max-snippet:-1, max-image-preview:large, max-video-preview:-1\" \/>\n<link rel=\"canonical\" href=\"https:\/\/everydaychemshop.com\/es\/product\/flor-de-canamo-pino-hawaiano\/\" \/>\n<meta property=\"og:locale\" content=\"en_US\" \/>\n<meta property=\"og:type\" content=\"article\" \/>\n<meta property=\"og:title\" content=\"Flor de c\u00e1\u00f1amo de pino hawaiano\" \/>\n<meta property=\"og:description\" content=\"Flor de c\u00e1\u00f1amo de pino hawaiano. Vendemos flores de c\u00e1\u00f1amo de pino hawaiano de primera calidad en l\u00ednea. P\u00f3ngase en contacto para obtener m\u00e1s informaci\u00f3n y precios.\" \/>\n<meta property=\"og:url\" content=\"https:\/\/everydaychemshop.com\/es\/product\/flor-de-canamo-pino-hawaiano\/\" \/>\n<meta property=\"og:site_name\" content=\"Everyday Chem Shop\" \/>\n<meta property=\"article:modified_time\" content=\"2023-04-07T07:16:47+00:00\" \/>\n<meta property=\"og:image\" content=\"https:\/\/everydaychemshop.com\/es\/wp-content\/uploads\/sites\/4\/2022\/11\/plain_jane_-_hawaiian_haze_02__46672_1592418041_1280_1280__73248.jpg\" \/>\n\t<meta property=\"og:image:width\" content=\"640\" \/>\n\t<meta property=\"og:image:height\" content=\"640\" \/>\n\t<meta property=\"og:image:type\" content=\"image\/jpeg\" \/>\n<meta name=\"twitter:card\" content=\"summary_large_image\" \/>\n<meta name=\"twitter:label1\" content=\"Est. reading time\" \/>\n\t<meta name=\"twitter:data1\" content=\"5 minutes\" \/>\n<script type=\"application\/ld+json\" class=\"yoast-schema-graph\">{\"@context\":\"https:\\\/\\\/schema.org\",\"@graph\":[{\"@type\":\"WebPage\",\"@id\":\"https:\\\/\\\/everydaychemshop.com\\\/es\\\/product\\\/flor-de-canamo-pino-hawaiano\\\/\",\"url\":\"https:\\\/\\\/everydaychemshop.com\\\/es\\\/product\\\/flor-de-canamo-pino-hawaiano\\\/\",\"name\":\"Flor de c\u00e1\u00f1amo de pino hawaiano - Everyday Chem Shop\",\"isPartOf\":{\"@id\":\"https:\\\/\\\/everydaychemshop.com\\\/es\\\/#website\"},\"primaryImageOfPage\":{\"@id\":\"https:\\\/\\\/everydaychemshop.com\\\/es\\\/product\\\/flor-de-canamo-pino-hawaiano\\\/#primaryimage\"},\"image\":{\"@id\":\"https:\\\/\\\/everydaychemshop.com\\\/es\\\/product\\\/flor-de-canamo-pino-hawaiano\\\/#primaryimage\"},\"thumbnailUrl\":\"https:\\\/\\\/everydaychemshop.com\\\/es\\\/wp-content\\\/uploads\\\/sites\\\/4\\\/2022\\\/11\\\/plain_jane_-_hawaiian_haze_02__46672_1592418041_1280_1280__73248.jpg\",\"datePublished\":\"2022-11-20T06:59:04+00:00\",\"dateModified\":\"2023-04-07T07:16:47+00:00\",\"description\":\"Flor de c\u00e1\u00f1amo de pino hawaiano. Vendemos flores de c\u00e1\u00f1amo de pino hawaiano de primera calidad en l\u00ednea. P\u00f3ngase en contacto para obtener m\u00e1s informaci\u00f3n y precios.\",\"breadcrumb\":{\"@id\":\"https:\\\/\\\/everydaychemshop.com\\\/es\\\/product\\\/flor-de-canamo-pino-hawaiano\\\/#breadcrumb\"},\"inLanguage\":\"en-US\",\"potentialAction\":[{\"@type\":\"ReadAction\",\"target\":[\"https:\\\/\\\/everydaychemshop.com\\\/es\\\/product\\\/flor-de-canamo-pino-hawaiano\\\/\"]}]},{\"@type\":\"ImageObject\",\"inLanguage\":\"en-US\",\"@id\":\"https:\\\/\\\/everydaychemshop.com\\\/es\\\/product\\\/flor-de-canamo-pino-hawaiano\\\/#primaryimage\",\"url\":\"https:\\\/\\\/everydaychemshop.com\\\/es\\\/wp-content\\\/uploads\\\/sites\\\/4\\\/2022\\\/11\\\/plain_jane_-_hawaiian_haze_02__46672_1592418041_1280_1280__73248.jpg\",\"contentUrl\":\"https:\\\/\\\/everydaychemshop.com\\\/es\\\/wp-content\\\/uploads\\\/sites\\\/4\\\/2022\\\/11\\\/plain_jane_-_hawaiian_haze_02__46672_1592418041_1280_1280__73248.jpg\",\"width\":640,\"height\":640,\"caption\":\"Flor de c\u00e1\u00f1amo de pino hawaiano\"},{\"@type\":\"BreadcrumbList\",\"@id\":\"https:\\\/\\\/everydaychemshop.com\\\/es\\\/product\\\/flor-de-canamo-pino-hawaiano\\\/#breadcrumb\",\"itemListElement\":[{\"@type\":\"ListItem\",\"position\":1,\"name\":\"Home\",\"item\":\"https:\\\/\\\/everydaychemshop.com\\\/es\\\/\"},{\"@type\":\"ListItem\",\"position\":2,\"name\":\"Productos\",\"item\":\"https:\\\/\\\/everydaychemshop.com\\\/es\\\/productos\\\/\"},{\"@type\":\"ListItem\",\"position\":3,\"name\":\"Flor de c\u00e1\u00f1amo de pino hawaiano\"}]},{\"@type\":\"WebSite\",\"@id\":\"https:\\\/\\\/everydaychemshop.com\\\/es\\\/#website\",\"url\":\"https:\\\/\\\/everydaychemshop.com\\\/es\\\/\",\"name\":\"Everyday Chem Shop\",\"description\":\"\",\"potentialAction\":[{\"@type\":\"SearchAction\",\"target\":{\"@type\":\"EntryPoint\",\"urlTemplate\":\"https:\\\/\\\/everydaychemshop.com\\\/es\\\/?s={search_term_string}\"},\"query-input\":{\"@type\":\"PropertyValueSpecification\",\"valueRequired\":true,\"valueName\":\"search_term_string\"}}],\"inLanguage\":\"en-US\"}]}<\/script>\n<!-- \/ Yoast SEO Premium plugin. -->","yoast_head_json":{"title":"Flor de c\u00e1\u00f1amo de pino hawaiano - Everyday Chem Shop","description":"Flor de c\u00e1\u00f1amo de pino hawaiano. Vendemos flores de c\u00e1\u00f1amo de pino hawaiano de primera calidad en l\u00ednea. P\u00f3ngase en contacto para obtener m\u00e1s informaci\u00f3n y precios.","robots":{"index":"index","follow":"follow","max-snippet":"max-snippet:-1","max-image-preview":"max-image-preview:large","max-video-preview":"max-video-preview:-1"},"canonical":"https:\/\/everydaychemshop.com\/es\/product\/flor-de-canamo-pino-hawaiano\/","og_locale":"en_US","og_type":"article","og_title":"Flor de c\u00e1\u00f1amo de pino hawaiano","og_description":"Flor de c\u00e1\u00f1amo de pino hawaiano. Vendemos flores de c\u00e1\u00f1amo de pino hawaiano de primera calidad en l\u00ednea. P\u00f3ngase en contacto para obtener m\u00e1s informaci\u00f3n y precios.","og_url":"https:\/\/everydaychemshop.com\/es\/product\/flor-de-canamo-pino-hawaiano\/","og_site_name":"Everyday Chem Shop","article_modified_time":"2023-04-07T07:16:47+00:00","og_image":[{"width":640,"height":640,"url":"https:\/\/everydaychemshop.com\/es\/wp-content\/uploads\/sites\/4\/2022\/11\/plain_jane_-_hawaiian_haze_02__46672_1592418041_1280_1280__73248.jpg","type":"image\/jpeg"}],"twitter_card":"summary_large_image","twitter_misc":{"Est. reading time":"5 minutes"},"schema":{"@context":"https:\/\/schema.org","@graph":[{"@type":"WebPage","@id":"https:\/\/everydaychemshop.com\/es\/product\/flor-de-canamo-pino-hawaiano\/","url":"https:\/\/everydaychemshop.com\/es\/product\/flor-de-canamo-pino-hawaiano\/","name":"Flor de c\u00e1\u00f1amo de pino hawaiano - Everyday Chem Shop","isPartOf":{"@id":"https:\/\/everydaychemshop.com\/es\/#website"},"primaryImageOfPage":{"@id":"https:\/\/everydaychemshop.com\/es\/product\/flor-de-canamo-pino-hawaiano\/#primaryimage"},"image":{"@id":"https:\/\/everydaychemshop.com\/es\/product\/flor-de-canamo-pino-hawaiano\/#primaryimage"},"thumbnailUrl":"https:\/\/everydaychemshop.com\/es\/wp-content\/uploads\/sites\/4\/2022\/11\/plain_jane_-_hawaiian_haze_02__46672_1592418041_1280_1280__73248.jpg","datePublished":"2022-11-20T06:59:04+00:00","dateModified":"2023-04-07T07:16:47+00:00","description":"Flor de c\u00e1\u00f1amo de pino hawaiano. Vendemos flores de c\u00e1\u00f1amo de pino hawaiano de primera calidad en l\u00ednea. P\u00f3ngase en contacto para obtener m\u00e1s informaci\u00f3n y precios.","breadcrumb":{"@id":"https:\/\/everydaychemshop.com\/es\/product\/flor-de-canamo-pino-hawaiano\/#breadcrumb"},"inLanguage":"en-US","potentialAction":[{"@type":"ReadAction","target":["https:\/\/everydaychemshop.com\/es\/product\/flor-de-canamo-pino-hawaiano\/"]}]},{"@type":"ImageObject","inLanguage":"en-US","@id":"https:\/\/everydaychemshop.com\/es\/product\/flor-de-canamo-pino-hawaiano\/#primaryimage","url":"https:\/\/everydaychemshop.com\/es\/wp-content\/uploads\/sites\/4\/2022\/11\/plain_jane_-_hawaiian_haze_02__46672_1592418041_1280_1280__73248.jpg","contentUrl":"https:\/\/everydaychemshop.com\/es\/wp-content\/uploads\/sites\/4\/2022\/11\/plain_jane_-_hawaiian_haze_02__46672_1592418041_1280_1280__73248.jpg","width":640,"height":640,"caption":"Flor de c\u00e1\u00f1amo de pino hawaiano"},{"@type":"BreadcrumbList","@id":"https:\/\/everydaychemshop.com\/es\/product\/flor-de-canamo-pino-hawaiano\/#breadcrumb","itemListElement":[{"@type":"ListItem","position":1,"name":"Home","item":"https:\/\/everydaychemshop.com\/es\/"},{"@type":"ListItem","position":2,"name":"Productos","item":"https:\/\/everydaychemshop.com\/es\/productos\/"},{"@type":"ListItem","position":3,"name":"Flor de c\u00e1\u00f1amo de pino hawaiano"}]},{"@type":"WebSite","@id":"https:\/\/everydaychemshop.com\/es\/#website","url":"https:\/\/everydaychemshop.com\/es\/","name":"Everyday Chem Shop","description":"","potentialAction":[{"@type":"SearchAction","target":{"@type":"EntryPoint","urlTemplate":"https:\/\/everydaychemshop.com\/es\/?s={search_term_string}"},"query-input":{"@type":"PropertyValueSpecification","valueRequired":true,"valueName":"search_term_string"}}],"inLanguage":"en-US"}]}},"_links":{"self":[{"href":"https:\/\/everydaychemshop.com\/es\/wp-json\/wp\/v2\/product\/8293","targetHints":{"allow":["GET"]}}],"collection":[{"href":"https:\/\/everydaychemshop.com\/es\/wp-json\/wp\/v2\/product"}],"about":[{"href":"https:\/\/everydaychemshop.com\/es\/wp-json\/wp\/v2\/types\/product"}],"replies":[{"embeddable":true,"href":"https:\/\/everydaychemshop.com\/es\/wp-json\/wp\/v2\/comments?post=8293"}],"wp:featuredmedia":[{"embeddable":true,"href":"https:\/\/everydaychemshop.com\/es\/wp-json\/wp\/v2\/media\/8295"}],"wp:attachment":[{"href":"https:\/\/everydaychemshop.com\/es\/wp-json\/wp\/v2\/media?parent=8293"}],"wp:term":[{"taxonomy":"product_brand","embeddable":true,"href":"https:\/\/everydaychemshop.com\/es\/wp-json\/wp\/v2\/product_brand?post=8293"},{"taxonomy":"product_cat","embeddable":true,"href":"https:\/\/everydaychemshop.com\/es\/wp-json\/wp\/v2\/product_cat?post=8293"},{"taxonomy":"product_tag","embeddable":true,"href":"https:\/\/everydaychemshop.com\/es\/wp-json\/wp\/v2\/product_tag?post=8293"}],"curies":[{"name":"wp","href":"https:\/\/api.w.org\/{rel}","templated":true}]}}