{"id":8309,"date":"2022-11-20T07:19:03","date_gmt":"2022-11-20T07:19:03","guid":{"rendered":"https:\/\/everydaychemshop.com\/es\/?post_type=product&#038;p=8309"},"modified":"2023-04-07T07:14:02","modified_gmt":"2023-04-07T07:14:02","slug":"sour-diesel-cdb-canamo-flor","status":"publish","type":"product","link":"https:\/\/everydaychemshop.com\/es\/product\/sour-diesel-cdb-canamo-flor\/","title":{"rendered":"Flor de c\u00e1\u00f1amo CBD Sour Diesel"},"content":{"rendered":"<h1><strong>Flor de c\u00e1\u00f1amo CBD Sour Diesel<\/strong><\/h1>\n<p><a href=\"https:\/\/everydaychemshop.com\/es\/product\/sour-diesel-cdb-canamo-flor\/\">Flor de c\u00e1\u00f1amo CBD Sour Diesel<\/a>. Las flores de c\u00e1\u00f1amo Sour Diesel CBD originales son una cepa h\u00edbrida que comparte su linaje con la ic\u00f3nica Chemdog 91 y la Super Skunk. Las flores de c\u00e1\u00f1amo Sour Diesel de Plain Jane son la elecci\u00f3n perfecta para los conocedores que buscan experimentar el sabor a gasolina h\u00famedo que a menudo asociamos <a href=\"https:\/\/es.wikipedia.org\/wiki\/Distrito_financiero\">con<\/a> la variedad Sour Diesel. Cuando compre por primera vez estas flores de CBD cultivadas en Oreg\u00f3n, notar\u00e1 que son bastante densas y jugosas. Cada flor de CBD cortada a mano liberar\u00e1 un intenso aroma a gasolina y c\u00edtricos que se filtrar\u00e1 a trav\u00e9s de su empaque. Cuando se fuman o se vaporizan, estas flores arom\u00e1ticas crean una calada suave y un humo cremoso que dejar\u00e1 un sabor c\u00edtrico particularmente picante en tus papilas gustativas. El inicio de los efectos tiende a ser una combinaci\u00f3n de relajaci\u00f3n y energizaci\u00f3n. Puede comenzar como una profunda ola de calma, aliviando la tensi\u00f3n muscular y el estr\u00e9s. Gradualmente, los efectos del CBD pueden evolucionar, energizando a su usuario y despejando la mente. Las flores de c\u00e1\u00f1amo Sour Diesel CBD de Plain Jane poseen un perfil diverso de cannabinoides, por lo que es una excelente opci\u00f3n para aquellos que buscan oler los beneficios del efecto s\u00e9quito. Los principales cannabinoides que florecen en sus cogollos son CBDA, CBGA, CBD y THCA. Ahora, si te preguntas si el perfil de terpenos es igual de colorido, \u00a1tenemos buenas noticias! Las flores de c\u00e1\u00f1amo Sour Diesel poseen un perfil diverso de terpenos, la mayor\u00eda de los cuales incluyen cariofileno, d-limoneno, mirceno, beta-pineno y linalool.<\/p>\n<p>Todas las flores de c\u00e1\u00f1amo Plain Jane cumplen con la Ley Agr\u00edcola de 2018 de tal manera que contienen niveles de THC inferiores al 0,3%. Esto significa que nuestras flores de c\u00e1\u00f1amo Sour Diesel no producir\u00e1n efectos psicoactivos o intoxicantes. Las flores de CBD Plain Jane Sour Diesel pueden contener niveles de CBD que van del 19 % al 25 %.<\/p>\n<h2><b>Instrucciones<\/b><\/h2>\n<p>Las flores de c\u00e1\u00f1amo Plain Jane Sour Diesel CBD se consumen mejor al fumar o vapear. Muchos fan\u00e1ticos eligen moler, enrollar y fumar sus flores de c\u00e1\u00f1amo Plain Jane. Sin embargo, tambi\u00e9n puedes consumir flores de c\u00e1\u00f1amo a trav\u00e9s de bongs y vaporizadores secos.<\/p>\n<h2><b>\u00bfQu\u00e9 es el CBD?<\/b><\/h2>\n<p>CBD, tambi\u00e9n conocido como cannabidiol, es un cannabinoide bien investigado. dominante en nuestras flores de c\u00e1\u00f1amo Plain Jane. Las flores de c\u00e1\u00f1amo ricas en CBD no son psicoactivas, lo que significa que no har\u00e1n que su usuario se drogue. Hoy en d\u00eda, el CBD se considera uno de los cannabinoides de la planta de c\u00e1\u00f1amo m\u00e1s estudiados, principalmente porque se cree que tiene una variedad de propiedades terap\u00e9uticas.<\/p>\n<p>Algunos de los beneficios m\u00e1s comunes informados por los clientes incluyen:<\/p>\n<ul>\n<li style=\"list-style-type: none\">\n<ul>\n<li>Alivio de la ansiedad<\/li>\n<\/ul>\n<\/li>\n<\/ul>\n<p>&nbsp;<\/p>\n<ul>\n<li style=\"list-style-type: none\">\n<ul>\n<li>Alivio de migra\u00f1as y dolores de cabeza<\/li>\n<\/ul>\n<\/li>\n<\/ul>\n<p>Plain Jane actualmente almacena CBD de alta calidad producido en los EE. UU. \u00a1Algunos de nuestros mejores vendedores incluyen nuestros aceites y t\u00f3picos de CBD, flores de c\u00e1\u00f1amo de CBD, gomitas de CBD y m\u00e1s!<\/p>\n<h2><b>Precauci\u00f3n<\/b><\/h2>\n<p>&nbsp;<\/p>\n<ul>\n<li>\n<ul>\n<li style=\"list-style-type: none\">\n<ul>\n<li>No utilice el producto mientras opera un veh\u00edculo o maquinaria pesada.<\/li>\n<\/ul>\n<\/li>\n<\/ul>\n<ul>\n<li style=\"list-style-type: none\">\n<ul>\n<li>Usar responsablemente y mantener fuera del alcance de los ni\u00f1os.<\/li>\n<\/ul>\n<\/li>\n<\/ul>\n<ul>\n<li style=\"list-style-type: none\">\n<ul>\n<li>\u00a0Si est\u00e1 sujeto a pruebas de detecci\u00f3n de drogas peri\u00f3dicas o aleatorias, es mejor no consumir este producto. La mayor\u00eda de las pruebas de drogas est\u00e1ndar no podr\u00e1n diferenciar entre Delta-8-THC y Delta-9.<\/li>\n<\/ul>\n<\/li>\n<\/ul>\n<ul>\n<li>\n<ul>\n<li>\u00a0Plain Jane no se hace responsable de ninguna persona que consuma este producto.<\/li>\n<\/ul>\n<\/li>\n<\/ul>\n<ul>\n<li style=\"list-style-type: none\">\n<ul>\n<li>\u00a0La\u00a0Administraci\u00f3n de Alimentos y Medicamentos\u00a0no ha evaluado estas declaraciones.<\/li>\n<\/ul>\n<\/li>\n<\/ul>\n<ul>\n<li style=\"list-style-type: none\">\n<ul>\n<li>\u00a0Este producto no est\u00e1 dise\u00f1ado para diagnosticar, tratar, curar o prevenir ninguna enfermedad. \u00daselo con precauci\u00f3n.<\/li>\n<\/ul>\n<\/li>\n<\/ul>\n<ul>\n<li>No lo use si est\u00e1 embarazada.<\/li>\n<\/ul>\n<\/li>\n<\/ul>\n","protected":false},"excerpt":{"rendered":"<p>Las flores de c\u00e1\u00f1amo originales Sour Diesel CBD son una variedad h\u00edbrida que comparte su linaje con la ic\u00f3nica variedad Chemdog 91 y Super Skunk.<\/p>\n","protected":false},"featured_media":8311,"comment_status":"open","ping_status":"closed","template":"","meta":{"inline_featured_image":false},"product_brand":[],"product_cat":[60],"product_tag":[],"class_list":{"0":"post-8309","1":"product","2":"type-product","3":"status-publish","4":"has-post-thumbnail","6":"product_cat-cbd-camo-flor","8":"first","9":"instock","10":"shipping-taxable","11":"purchasable","12":"product-type-variable","13":"has-default-attributes"},"yoast_head":"<!-- This site is optimized with the Yoast SEO Premium plugin v19.2 (Yoast SEO v27.3) - https:\/\/yoast.com\/product\/yoast-seo-premium-wordpress\/ -->\n<title>Flor de c\u00e1\u00f1amo CBD Sour Diesel - Everyday Chem Shop<\/title>\n<meta name=\"description\" content=\"Flor de c\u00e1\u00f1amo CBD Sour Diesel. Vendemos flor de c\u00e1\u00f1amo CBD Sour Diesel de alta calidad en l\u00ednea. P\u00f3ngase en contacto para obtener m\u00e1s informaci\u00f3n y precios.\" \/>\n<meta name=\"robots\" content=\"index, follow, max-snippet:-1, max-image-preview:large, max-video-preview:-1\" \/>\n<link rel=\"canonical\" href=\"https:\/\/everydaychemshop.com\/es\/product\/sour-diesel-cdb-canamo-flor\/\" \/>\n<meta property=\"og:locale\" content=\"en_US\" \/>\n<meta property=\"og:type\" content=\"article\" \/>\n<meta property=\"og:title\" content=\"Flor de c\u00e1\u00f1amo CBD Sour Diesel\" \/>\n<meta property=\"og:description\" content=\"Flor de c\u00e1\u00f1amo CBD Sour Diesel. Vendemos flor de c\u00e1\u00f1amo CBD Sour Diesel de alta calidad en l\u00ednea. P\u00f3ngase en contacto para obtener m\u00e1s informaci\u00f3n y precios.\" \/>\n<meta property=\"og:url\" content=\"https:\/\/everydaychemshop.com\/es\/product\/sour-diesel-cdb-canamo-flor\/\" \/>\n<meta property=\"og:site_name\" content=\"Everyday Chem Shop\" \/>\n<meta property=\"article:modified_time\" content=\"2023-04-07T07:14:02+00:00\" \/>\n<meta property=\"og:image\" content=\"https:\/\/everydaychemshop.com\/es\/wp-content\/uploads\/sites\/4\/2022\/11\/Sour-Diesel-CBD-Hemp-Flower.jpg\" \/>\n\t<meta property=\"og:image:width\" content=\"640\" \/>\n\t<meta property=\"og:image:height\" content=\"965\" \/>\n\t<meta property=\"og:image:type\" content=\"image\/jpeg\" \/>\n<meta name=\"twitter:card\" content=\"summary_large_image\" \/>\n<meta name=\"twitter:label1\" content=\"Est. reading time\" \/>\n\t<meta name=\"twitter:data1\" content=\"3 minutes\" \/>\n<script type=\"application\/ld+json\" class=\"yoast-schema-graph\">{\"@context\":\"https:\\\/\\\/schema.org\",\"@graph\":[{\"@type\":\"WebPage\",\"@id\":\"https:\\\/\\\/everydaychemshop.com\\\/es\\\/product\\\/sour-diesel-cdb-canamo-flor\\\/\",\"url\":\"https:\\\/\\\/everydaychemshop.com\\\/es\\\/product\\\/sour-diesel-cdb-canamo-flor\\\/\",\"name\":\"Flor de c\u00e1\u00f1amo CBD Sour Diesel - Everyday Chem Shop\",\"isPartOf\":{\"@id\":\"https:\\\/\\\/everydaychemshop.com\\\/es\\\/#website\"},\"primaryImageOfPage\":{\"@id\":\"https:\\\/\\\/everydaychemshop.com\\\/es\\\/product\\\/sour-diesel-cdb-canamo-flor\\\/#primaryimage\"},\"image\":{\"@id\":\"https:\\\/\\\/everydaychemshop.com\\\/es\\\/product\\\/sour-diesel-cdb-canamo-flor\\\/#primaryimage\"},\"thumbnailUrl\":\"https:\\\/\\\/everydaychemshop.com\\\/es\\\/wp-content\\\/uploads\\\/sites\\\/4\\\/2022\\\/11\\\/Sour-Diesel-CBD-Hemp-Flower.jpg\",\"datePublished\":\"2022-11-20T07:19:03+00:00\",\"dateModified\":\"2023-04-07T07:14:02+00:00\",\"description\":\"Flor de c\u00e1\u00f1amo CBD Sour Diesel. Vendemos flor de c\u00e1\u00f1amo CBD Sour Diesel de alta calidad en l\u00ednea. P\u00f3ngase en contacto para obtener m\u00e1s informaci\u00f3n y precios.\",\"breadcrumb\":{\"@id\":\"https:\\\/\\\/everydaychemshop.com\\\/es\\\/product\\\/sour-diesel-cdb-canamo-flor\\\/#breadcrumb\"},\"inLanguage\":\"en-US\",\"potentialAction\":[{\"@type\":\"ReadAction\",\"target\":[\"https:\\\/\\\/everydaychemshop.com\\\/es\\\/product\\\/sour-diesel-cdb-canamo-flor\\\/\"]}]},{\"@type\":\"ImageObject\",\"inLanguage\":\"en-US\",\"@id\":\"https:\\\/\\\/everydaychemshop.com\\\/es\\\/product\\\/sour-diesel-cdb-canamo-flor\\\/#primaryimage\",\"url\":\"https:\\\/\\\/everydaychemshop.com\\\/es\\\/wp-content\\\/uploads\\\/sites\\\/4\\\/2022\\\/11\\\/Sour-Diesel-CBD-Hemp-Flower.jpg\",\"contentUrl\":\"https:\\\/\\\/everydaychemshop.com\\\/es\\\/wp-content\\\/uploads\\\/sites\\\/4\\\/2022\\\/11\\\/Sour-Diesel-CBD-Hemp-Flower.jpg\",\"width\":640,\"height\":965,\"caption\":\"Flor de c\u00e1\u00f1amo CBD Sour Diesel\"},{\"@type\":\"BreadcrumbList\",\"@id\":\"https:\\\/\\\/everydaychemshop.com\\\/es\\\/product\\\/sour-diesel-cdb-canamo-flor\\\/#breadcrumb\",\"itemListElement\":[{\"@type\":\"ListItem\",\"position\":1,\"name\":\"Home\",\"item\":\"https:\\\/\\\/everydaychemshop.com\\\/es\\\/\"},{\"@type\":\"ListItem\",\"position\":2,\"name\":\"Productos\",\"item\":\"https:\\\/\\\/everydaychemshop.com\\\/es\\\/productos\\\/\"},{\"@type\":\"ListItem\",\"position\":3,\"name\":\"Flor de c\u00e1\u00f1amo CBD Sour Diesel\"}]},{\"@type\":\"WebSite\",\"@id\":\"https:\\\/\\\/everydaychemshop.com\\\/es\\\/#website\",\"url\":\"https:\\\/\\\/everydaychemshop.com\\\/es\\\/\",\"name\":\"Everyday Chem Shop\",\"description\":\"\",\"potentialAction\":[{\"@type\":\"SearchAction\",\"target\":{\"@type\":\"EntryPoint\",\"urlTemplate\":\"https:\\\/\\\/everydaychemshop.com\\\/es\\\/?s={search_term_string}\"},\"query-input\":{\"@type\":\"PropertyValueSpecification\",\"valueRequired\":true,\"valueName\":\"search_term_string\"}}],\"inLanguage\":\"en-US\"}]}<\/script>\n<!-- \/ Yoast SEO Premium plugin. -->","yoast_head_json":{"title":"Flor de c\u00e1\u00f1amo CBD Sour Diesel - Everyday Chem Shop","description":"Flor de c\u00e1\u00f1amo CBD Sour Diesel. Vendemos flor de c\u00e1\u00f1amo CBD Sour Diesel de alta calidad en l\u00ednea. P\u00f3ngase en contacto para obtener m\u00e1s informaci\u00f3n y precios.","robots":{"index":"index","follow":"follow","max-snippet":"max-snippet:-1","max-image-preview":"max-image-preview:large","max-video-preview":"max-video-preview:-1"},"canonical":"https:\/\/everydaychemshop.com\/es\/product\/sour-diesel-cdb-canamo-flor\/","og_locale":"en_US","og_type":"article","og_title":"Flor de c\u00e1\u00f1amo CBD Sour Diesel","og_description":"Flor de c\u00e1\u00f1amo CBD Sour Diesel. Vendemos flor de c\u00e1\u00f1amo CBD Sour Diesel de alta calidad en l\u00ednea. P\u00f3ngase en contacto para obtener m\u00e1s informaci\u00f3n y precios.","og_url":"https:\/\/everydaychemshop.com\/es\/product\/sour-diesel-cdb-canamo-flor\/","og_site_name":"Everyday Chem Shop","article_modified_time":"2023-04-07T07:14:02+00:00","og_image":[{"width":640,"height":965,"url":"https:\/\/everydaychemshop.com\/es\/wp-content\/uploads\/sites\/4\/2022\/11\/Sour-Diesel-CBD-Hemp-Flower.jpg","type":"image\/jpeg"}],"twitter_card":"summary_large_image","twitter_misc":{"Est. reading time":"3 minutes"},"schema":{"@context":"https:\/\/schema.org","@graph":[{"@type":"WebPage","@id":"https:\/\/everydaychemshop.com\/es\/product\/sour-diesel-cdb-canamo-flor\/","url":"https:\/\/everydaychemshop.com\/es\/product\/sour-diesel-cdb-canamo-flor\/","name":"Flor de c\u00e1\u00f1amo CBD Sour Diesel - Everyday Chem Shop","isPartOf":{"@id":"https:\/\/everydaychemshop.com\/es\/#website"},"primaryImageOfPage":{"@id":"https:\/\/everydaychemshop.com\/es\/product\/sour-diesel-cdb-canamo-flor\/#primaryimage"},"image":{"@id":"https:\/\/everydaychemshop.com\/es\/product\/sour-diesel-cdb-canamo-flor\/#primaryimage"},"thumbnailUrl":"https:\/\/everydaychemshop.com\/es\/wp-content\/uploads\/sites\/4\/2022\/11\/Sour-Diesel-CBD-Hemp-Flower.jpg","datePublished":"2022-11-20T07:19:03+00:00","dateModified":"2023-04-07T07:14:02+00:00","description":"Flor de c\u00e1\u00f1amo CBD Sour Diesel. Vendemos flor de c\u00e1\u00f1amo CBD Sour Diesel de alta calidad en l\u00ednea. P\u00f3ngase en contacto para obtener m\u00e1s informaci\u00f3n y precios.","breadcrumb":{"@id":"https:\/\/everydaychemshop.com\/es\/product\/sour-diesel-cdb-canamo-flor\/#breadcrumb"},"inLanguage":"en-US","potentialAction":[{"@type":"ReadAction","target":["https:\/\/everydaychemshop.com\/es\/product\/sour-diesel-cdb-canamo-flor\/"]}]},{"@type":"ImageObject","inLanguage":"en-US","@id":"https:\/\/everydaychemshop.com\/es\/product\/sour-diesel-cdb-canamo-flor\/#primaryimage","url":"https:\/\/everydaychemshop.com\/es\/wp-content\/uploads\/sites\/4\/2022\/11\/Sour-Diesel-CBD-Hemp-Flower.jpg","contentUrl":"https:\/\/everydaychemshop.com\/es\/wp-content\/uploads\/sites\/4\/2022\/11\/Sour-Diesel-CBD-Hemp-Flower.jpg","width":640,"height":965,"caption":"Flor de c\u00e1\u00f1amo CBD Sour Diesel"},{"@type":"BreadcrumbList","@id":"https:\/\/everydaychemshop.com\/es\/product\/sour-diesel-cdb-canamo-flor\/#breadcrumb","itemListElement":[{"@type":"ListItem","position":1,"name":"Home","item":"https:\/\/everydaychemshop.com\/es\/"},{"@type":"ListItem","position":2,"name":"Productos","item":"https:\/\/everydaychemshop.com\/es\/productos\/"},{"@type":"ListItem","position":3,"name":"Flor de c\u00e1\u00f1amo CBD Sour Diesel"}]},{"@type":"WebSite","@id":"https:\/\/everydaychemshop.com\/es\/#website","url":"https:\/\/everydaychemshop.com\/es\/","name":"Everyday Chem Shop","description":"","potentialAction":[{"@type":"SearchAction","target":{"@type":"EntryPoint","urlTemplate":"https:\/\/everydaychemshop.com\/es\/?s={search_term_string}"},"query-input":{"@type":"PropertyValueSpecification","valueRequired":true,"valueName":"search_term_string"}}],"inLanguage":"en-US"}]}},"_links":{"self":[{"href":"https:\/\/everydaychemshop.com\/es\/wp-json\/wp\/v2\/product\/8309","targetHints":{"allow":["GET"]}}],"collection":[{"href":"https:\/\/everydaychemshop.com\/es\/wp-json\/wp\/v2\/product"}],"about":[{"href":"https:\/\/everydaychemshop.com\/es\/wp-json\/wp\/v2\/types\/product"}],"replies":[{"embeddable":true,"href":"https:\/\/everydaychemshop.com\/es\/wp-json\/wp\/v2\/comments?post=8309"}],"wp:featuredmedia":[{"embeddable":true,"href":"https:\/\/everydaychemshop.com\/es\/wp-json\/wp\/v2\/media\/8311"}],"wp:attachment":[{"href":"https:\/\/everydaychemshop.com\/es\/wp-json\/wp\/v2\/media?parent=8309"}],"wp:term":[{"taxonomy":"product_brand","embeddable":true,"href":"https:\/\/everydaychemshop.com\/es\/wp-json\/wp\/v2\/product_brand?post=8309"},{"taxonomy":"product_cat","embeddable":true,"href":"https:\/\/everydaychemshop.com\/es\/wp-json\/wp\/v2\/product_cat?post=8309"},{"taxonomy":"product_tag","embeddable":true,"href":"https:\/\/everydaychemshop.com\/es\/wp-json\/wp\/v2\/product_tag?post=8309"}],"curies":[{"name":"wp","href":"https:\/\/api.w.org\/{rel}","templated":true}]}}