{"id":8315,"date":"2022-11-20T07:29:18","date_gmt":"2022-11-20T07:29:18","guid":{"rendered":"https:\/\/everydaychemshop.com\/es\/?post_type=product&#038;p=8315"},"modified":"2023-04-07T07:12:33","modified_gmt":"2023-04-07T07:12:33","slug":"suzy-q-cdb-canamo-flor","status":"publish","type":"product","link":"https:\/\/everydaychemshop.com\/es\/product\/suzy-q-cdb-canamo-flor\/","title":{"rendered":"Flor de c\u00e1\u00f1amo Suzy Q CBD"},"content":{"rendered":"<h1>Flor de c\u00e1\u00f1amo Suzy Q CBD<\/h1>\n<p><a href=\"https:\/\/everydaychemshop.com\/es\/product\/suzy-q-cdb-canamo-flor\/\">Flor de c\u00e1\u00f1amo Suzy Q CBD<\/a>. Asegurando la calidad de la flor de c\u00e1\u00f1amo desde la granja hasta la venta<\/p>\n<p>La flor de c\u00e1\u00f1amo Suzy Q se cultiva en una hermosa finca de 100 acres en el norte de California. El clima id\u00edlico del norte de California se siente como un verano sin fin, y esos d\u00edas secos y luminosos significan abundantes cosechas de hermosas flores que no sufren de moho ni mildiu polvoriento.<\/p>\n<p>Nuestra granja es org\u00e1nica, lo que significa que nunca usar fertilizantes qu\u00edmicos <a href=\"https:\/\/es.wikipedia.org\/wiki\/Distrito_financiero\">o<\/a> pesticidas. Nos preocupamos mucho por garantizar una permacultura adecuada, un ecosistema agr\u00edcola que sea sostenible y autosuficiente. Una forma en que lo hacemos es con fertilizantes de cobertura, lo que hace que las ra\u00edces trabajen m\u00e1s para promover un suelo saludable en el que prosperar\u00e1n nuestras plantas.<\/p>\n<p>Una vez que han alcanzado su m\u00e1ximo potencial, nuestras plantas de c\u00e1\u00f1amo se cuelgan boca abajo para secar, luego secar en seco y recortar a mano. El cannabis es un cultivo delicado. Incluso los peque\u00f1os errores durante el cultivo o la cosecha pueden afectar r\u00e1pidamente la calidad de los cogollos. Insistimos en la transparencia total y el control de calidad&#8230; y usted tambi\u00e9n deber\u00eda hacerlo. Las flores de c\u00e1\u00f1amo no requieren nada menos.<\/p>\n<p>Pruebas independientes en nuestra flor de c\u00e1\u00f1amo con CBD<br \/>\nSe prueba la pureza y la potencia de cada cultivo en un\u00a0independiente\u00a0que est\u00e1 registrado por la DEA, acreditado por ISO 17025, acreditado por AHCA y acreditado por CLIA. Las pruebas de panel completo detectan:<\/p>\n<p>La potencia de CBD, THC y otros cannabinoides.<br \/>\nMetales pesados \u200b\u200b(plomo, mercurio, ars\u00e9nico, cadmio).<br \/>\nBacterias como coli y otros pat\u00f3genos.<br \/>\nMicotoxinas y otros contaminantes.<br \/>\nIncluimos un Certificado de an\u00e1lisis con cada pedido, para que siempre sepa exactamente lo que obtiene cuando compra Crescent Flower.<\/p>\n","protected":false},"excerpt":{"rendered":"<p>Compre Suzy Q CBD Hemp Flower Flor de c\u00e1\u00f1amo de espectro completo. Suzy Q es una variedad rica en CBD y baja en THC con un sabor a pino que ayuda a tratar los s\u00edntomas con poca o ninguna euforia.<\/p>\n<p>Suzy Q es una variedad rica en CBD y baja en THC con un sabor a pino que ayuda a tratar los s\u00edntomas con poco o ning\u00fan subid\u00f3n. Una gran variedad para a\u00f1adir a la familia CBD.<br \/>\nCbd : 15-17 %<\/p>\n<p>Thc : 0,2 %<\/p>\n","protected":false},"featured_media":8317,"comment_status":"open","ping_status":"closed","template":"","meta":{"inline_featured_image":false},"product_brand":[],"product_cat":[60],"product_tag":[],"class_list":{"0":"post-8315","1":"product","2":"type-product","3":"status-publish","4":"has-post-thumbnail","6":"product_cat-cbd-camo-flor","8":"first","9":"instock","10":"shipping-taxable","11":"purchasable","12":"product-type-variable","13":"has-default-attributes"},"yoast_head":"<!-- This site is optimized with the Yoast SEO Premium plugin v19.2 (Yoast SEO v27.3) - https:\/\/yoast.com\/product\/yoast-seo-premium-wordpress\/ -->\n<title>Flor de c\u00e1\u00f1amo Suzy Q CBD - Everyday Chem Shop<\/title>\n<meta name=\"description\" content=\"Flor de c\u00e1\u00f1amo Suzy Q CBD. Vendemos flor de c\u00e1\u00f1amo Suzy Q CBD de alta calidad. P\u00f3ngase en contacto para obtener m\u00e1s informaci\u00f3n y precios sobre c\u00f3mo hacer un pedido.\" \/>\n<meta name=\"robots\" content=\"index, follow, max-snippet:-1, max-image-preview:large, max-video-preview:-1\" \/>\n<link rel=\"canonical\" href=\"https:\/\/everydaychemshop.com\/es\/product\/suzy-q-cdb-canamo-flor\/\" \/>\n<meta property=\"og:locale\" content=\"en_US\" \/>\n<meta property=\"og:type\" content=\"article\" \/>\n<meta property=\"og:title\" content=\"Flor de c\u00e1\u00f1amo Suzy Q CBD\" \/>\n<meta property=\"og:description\" content=\"Flor de c\u00e1\u00f1amo Suzy Q CBD. Vendemos flor de c\u00e1\u00f1amo Suzy Q CBD de alta calidad. P\u00f3ngase en contacto para obtener m\u00e1s informaci\u00f3n y precios sobre c\u00f3mo hacer un pedido.\" \/>\n<meta property=\"og:url\" content=\"https:\/\/everydaychemshop.com\/es\/product\/suzy-q-cdb-canamo-flor\/\" \/>\n<meta property=\"og:site_name\" content=\"Everyday Chem Shop\" \/>\n<meta property=\"article:modified_time\" content=\"2023-04-07T07:12:33+00:00\" \/>\n<meta property=\"og:image\" content=\"https:\/\/everydaychemshop.com\/es\/wp-content\/uploads\/sites\/4\/2022\/11\/Buy-Suzy-Q-CBD-Hemp-Flower-Online.jpg\" \/>\n\t<meta property=\"og:image:width\" content=\"600\" \/>\n\t<meta property=\"og:image:height\" content=\"600\" \/>\n\t<meta property=\"og:image:type\" content=\"image\/jpeg\" \/>\n<meta name=\"twitter:card\" content=\"summary_large_image\" \/>\n<meta name=\"twitter:label1\" content=\"Est. reading time\" \/>\n\t<meta name=\"twitter:data1\" content=\"2 minutes\" \/>\n<script type=\"application\/ld+json\" class=\"yoast-schema-graph\">{\"@context\":\"https:\\\/\\\/schema.org\",\"@graph\":[{\"@type\":\"WebPage\",\"@id\":\"https:\\\/\\\/everydaychemshop.com\\\/es\\\/product\\\/suzy-q-cdb-canamo-flor\\\/\",\"url\":\"https:\\\/\\\/everydaychemshop.com\\\/es\\\/product\\\/suzy-q-cdb-canamo-flor\\\/\",\"name\":\"Flor de c\u00e1\u00f1amo Suzy Q CBD - Everyday Chem Shop\",\"isPartOf\":{\"@id\":\"https:\\\/\\\/everydaychemshop.com\\\/es\\\/#website\"},\"primaryImageOfPage\":{\"@id\":\"https:\\\/\\\/everydaychemshop.com\\\/es\\\/product\\\/suzy-q-cdb-canamo-flor\\\/#primaryimage\"},\"image\":{\"@id\":\"https:\\\/\\\/everydaychemshop.com\\\/es\\\/product\\\/suzy-q-cdb-canamo-flor\\\/#primaryimage\"},\"thumbnailUrl\":\"https:\\\/\\\/everydaychemshop.com\\\/es\\\/wp-content\\\/uploads\\\/sites\\\/4\\\/2022\\\/11\\\/Buy-Suzy-Q-CBD-Hemp-Flower-Online.jpg\",\"datePublished\":\"2022-11-20T07:29:18+00:00\",\"dateModified\":\"2023-04-07T07:12:33+00:00\",\"description\":\"Flor de c\u00e1\u00f1amo Suzy Q CBD. Vendemos flor de c\u00e1\u00f1amo Suzy Q CBD de alta calidad. P\u00f3ngase en contacto para obtener m\u00e1s informaci\u00f3n y precios sobre c\u00f3mo hacer un pedido.\",\"breadcrumb\":{\"@id\":\"https:\\\/\\\/everydaychemshop.com\\\/es\\\/product\\\/suzy-q-cdb-canamo-flor\\\/#breadcrumb\"},\"inLanguage\":\"en-US\",\"potentialAction\":[{\"@type\":\"ReadAction\",\"target\":[\"https:\\\/\\\/everydaychemshop.com\\\/es\\\/product\\\/suzy-q-cdb-canamo-flor\\\/\"]}]},{\"@type\":\"ImageObject\",\"inLanguage\":\"en-US\",\"@id\":\"https:\\\/\\\/everydaychemshop.com\\\/es\\\/product\\\/suzy-q-cdb-canamo-flor\\\/#primaryimage\",\"url\":\"https:\\\/\\\/everydaychemshop.com\\\/es\\\/wp-content\\\/uploads\\\/sites\\\/4\\\/2022\\\/11\\\/Buy-Suzy-Q-CBD-Hemp-Flower-Online.jpg\",\"contentUrl\":\"https:\\\/\\\/everydaychemshop.com\\\/es\\\/wp-content\\\/uploads\\\/sites\\\/4\\\/2022\\\/11\\\/Buy-Suzy-Q-CBD-Hemp-Flower-Online.jpg\",\"width\":600,\"height\":600,\"caption\":\"Flor de c\u00e1\u00f1amo Suzy Q CBD\"},{\"@type\":\"BreadcrumbList\",\"@id\":\"https:\\\/\\\/everydaychemshop.com\\\/es\\\/product\\\/suzy-q-cdb-canamo-flor\\\/#breadcrumb\",\"itemListElement\":[{\"@type\":\"ListItem\",\"position\":1,\"name\":\"Home\",\"item\":\"https:\\\/\\\/everydaychemshop.com\\\/es\\\/\"},{\"@type\":\"ListItem\",\"position\":2,\"name\":\"Productos\",\"item\":\"https:\\\/\\\/everydaychemshop.com\\\/es\\\/productos\\\/\"},{\"@type\":\"ListItem\",\"position\":3,\"name\":\"Flor de c\u00e1\u00f1amo Suzy Q CBD\"}]},{\"@type\":\"WebSite\",\"@id\":\"https:\\\/\\\/everydaychemshop.com\\\/es\\\/#website\",\"url\":\"https:\\\/\\\/everydaychemshop.com\\\/es\\\/\",\"name\":\"Everyday Chem Shop\",\"description\":\"\",\"potentialAction\":[{\"@type\":\"SearchAction\",\"target\":{\"@type\":\"EntryPoint\",\"urlTemplate\":\"https:\\\/\\\/everydaychemshop.com\\\/es\\\/?s={search_term_string}\"},\"query-input\":{\"@type\":\"PropertyValueSpecification\",\"valueRequired\":true,\"valueName\":\"search_term_string\"}}],\"inLanguage\":\"en-US\"}]}<\/script>\n<!-- \/ Yoast SEO Premium plugin. -->","yoast_head_json":{"title":"Flor de c\u00e1\u00f1amo Suzy Q CBD - Everyday Chem Shop","description":"Flor de c\u00e1\u00f1amo Suzy Q CBD. Vendemos flor de c\u00e1\u00f1amo Suzy Q CBD de alta calidad. P\u00f3ngase en contacto para obtener m\u00e1s informaci\u00f3n y precios sobre c\u00f3mo hacer un pedido.","robots":{"index":"index","follow":"follow","max-snippet":"max-snippet:-1","max-image-preview":"max-image-preview:large","max-video-preview":"max-video-preview:-1"},"canonical":"https:\/\/everydaychemshop.com\/es\/product\/suzy-q-cdb-canamo-flor\/","og_locale":"en_US","og_type":"article","og_title":"Flor de c\u00e1\u00f1amo Suzy Q CBD","og_description":"Flor de c\u00e1\u00f1amo Suzy Q CBD. Vendemos flor de c\u00e1\u00f1amo Suzy Q CBD de alta calidad. P\u00f3ngase en contacto para obtener m\u00e1s informaci\u00f3n y precios sobre c\u00f3mo hacer un pedido.","og_url":"https:\/\/everydaychemshop.com\/es\/product\/suzy-q-cdb-canamo-flor\/","og_site_name":"Everyday Chem Shop","article_modified_time":"2023-04-07T07:12:33+00:00","og_image":[{"width":600,"height":600,"url":"https:\/\/everydaychemshop.com\/es\/wp-content\/uploads\/sites\/4\/2022\/11\/Buy-Suzy-Q-CBD-Hemp-Flower-Online.jpg","type":"image\/jpeg"}],"twitter_card":"summary_large_image","twitter_misc":{"Est. reading time":"2 minutes"},"schema":{"@context":"https:\/\/schema.org","@graph":[{"@type":"WebPage","@id":"https:\/\/everydaychemshop.com\/es\/product\/suzy-q-cdb-canamo-flor\/","url":"https:\/\/everydaychemshop.com\/es\/product\/suzy-q-cdb-canamo-flor\/","name":"Flor de c\u00e1\u00f1amo Suzy Q CBD - Everyday Chem Shop","isPartOf":{"@id":"https:\/\/everydaychemshop.com\/es\/#website"},"primaryImageOfPage":{"@id":"https:\/\/everydaychemshop.com\/es\/product\/suzy-q-cdb-canamo-flor\/#primaryimage"},"image":{"@id":"https:\/\/everydaychemshop.com\/es\/product\/suzy-q-cdb-canamo-flor\/#primaryimage"},"thumbnailUrl":"https:\/\/everydaychemshop.com\/es\/wp-content\/uploads\/sites\/4\/2022\/11\/Buy-Suzy-Q-CBD-Hemp-Flower-Online.jpg","datePublished":"2022-11-20T07:29:18+00:00","dateModified":"2023-04-07T07:12:33+00:00","description":"Flor de c\u00e1\u00f1amo Suzy Q CBD. Vendemos flor de c\u00e1\u00f1amo Suzy Q CBD de alta calidad. P\u00f3ngase en contacto para obtener m\u00e1s informaci\u00f3n y precios sobre c\u00f3mo hacer un pedido.","breadcrumb":{"@id":"https:\/\/everydaychemshop.com\/es\/product\/suzy-q-cdb-canamo-flor\/#breadcrumb"},"inLanguage":"en-US","potentialAction":[{"@type":"ReadAction","target":["https:\/\/everydaychemshop.com\/es\/product\/suzy-q-cdb-canamo-flor\/"]}]},{"@type":"ImageObject","inLanguage":"en-US","@id":"https:\/\/everydaychemshop.com\/es\/product\/suzy-q-cdb-canamo-flor\/#primaryimage","url":"https:\/\/everydaychemshop.com\/es\/wp-content\/uploads\/sites\/4\/2022\/11\/Buy-Suzy-Q-CBD-Hemp-Flower-Online.jpg","contentUrl":"https:\/\/everydaychemshop.com\/es\/wp-content\/uploads\/sites\/4\/2022\/11\/Buy-Suzy-Q-CBD-Hemp-Flower-Online.jpg","width":600,"height":600,"caption":"Flor de c\u00e1\u00f1amo Suzy Q CBD"},{"@type":"BreadcrumbList","@id":"https:\/\/everydaychemshop.com\/es\/product\/suzy-q-cdb-canamo-flor\/#breadcrumb","itemListElement":[{"@type":"ListItem","position":1,"name":"Home","item":"https:\/\/everydaychemshop.com\/es\/"},{"@type":"ListItem","position":2,"name":"Productos","item":"https:\/\/everydaychemshop.com\/es\/productos\/"},{"@type":"ListItem","position":3,"name":"Flor de c\u00e1\u00f1amo Suzy Q CBD"}]},{"@type":"WebSite","@id":"https:\/\/everydaychemshop.com\/es\/#website","url":"https:\/\/everydaychemshop.com\/es\/","name":"Everyday Chem Shop","description":"","potentialAction":[{"@type":"SearchAction","target":{"@type":"EntryPoint","urlTemplate":"https:\/\/everydaychemshop.com\/es\/?s={search_term_string}"},"query-input":{"@type":"PropertyValueSpecification","valueRequired":true,"valueName":"search_term_string"}}],"inLanguage":"en-US"}]}},"_links":{"self":[{"href":"https:\/\/everydaychemshop.com\/es\/wp-json\/wp\/v2\/product\/8315","targetHints":{"allow":["GET"]}}],"collection":[{"href":"https:\/\/everydaychemshop.com\/es\/wp-json\/wp\/v2\/product"}],"about":[{"href":"https:\/\/everydaychemshop.com\/es\/wp-json\/wp\/v2\/types\/product"}],"replies":[{"embeddable":true,"href":"https:\/\/everydaychemshop.com\/es\/wp-json\/wp\/v2\/comments?post=8315"}],"wp:featuredmedia":[{"embeddable":true,"href":"https:\/\/everydaychemshop.com\/es\/wp-json\/wp\/v2\/media\/8317"}],"wp:attachment":[{"href":"https:\/\/everydaychemshop.com\/es\/wp-json\/wp\/v2\/media?parent=8315"}],"wp:term":[{"taxonomy":"product_brand","embeddable":true,"href":"https:\/\/everydaychemshop.com\/es\/wp-json\/wp\/v2\/product_brand?post=8315"},{"taxonomy":"product_cat","embeddable":true,"href":"https:\/\/everydaychemshop.com\/es\/wp-json\/wp\/v2\/product_cat?post=8315"},{"taxonomy":"product_tag","embeddable":true,"href":"https:\/\/everydaychemshop.com\/es\/wp-json\/wp\/v2\/product_tag?post=8315"}],"curies":[{"name":"wp","href":"https:\/\/api.w.org\/{rel}","templated":true}]}}