{"id":8320,"date":"2022-11-20T07:45:50","date_gmt":"2022-11-20T07:45:50","guid":{"rendered":"https:\/\/everydaychemshop.com\/es\/?post_type=product&#038;p=8320"},"modified":"2023-04-07T07:11:23","modified_gmt":"2023-04-07T07:11:23","slug":"rick-simpson-aceite-comprar-rso-cdb-aceite","status":"publish","type":"product","link":"https:\/\/everydaychemshop.com\/es\/product\/rick-simpson-aceite-comprar-rso-cdb-aceite\/","title":{"rendered":"Aceite de Rick Simpson | Comprar aceite de CBD RSO"},"content":{"rendered":"<h1>Aceite de CBD de Rick Simpson (RSO)<\/h1>\n<p><a href=\"https:\/\/everydaychemshop.com\/es\/product\/rick-simpson-aceite-comprar-rso-cdb-aceite\/\">Aceite de CBD de Rick Simpson (RSO)<\/a>. el aceite de cannabis de Rick Simpson es un tipo de aceite de c\u00e1\u00f1amo formulado por el activista de la marihuana medicinal Rick Simpson. Despu\u00e9s de descubrir los poderes curativos del aceite de cannabis y curarse a s\u00ed mismo de su c\u00e1ncer de piel metast\u00e1sico en 2003, Rick Simpson decidi\u00f3 compartir su conocimiento.<\/p>\n<p>El poder medicinal del cannabis<br \/>\nUtilizado como tratamiento para el c\u00e1ncer y como variedad de otras dolencias, el aceite se llama aceite de cannabis Rick Simpson y aceite de c\u00e1\u00f1amo Rick Simpson. El aceite aprovecha los poderes curativos de la planta de cannabis, partes de las cuales se han utilizado con fines medicinales durante siglos. El aceite es uno de los productos curativos modernos <a href=\"https:\/\/es.wikipedia.org\/wiki\/Distrito_financiero\">m\u00e1s<\/a> efectivos derivados de la planta de cannabis.<\/p>\n<p>No solo puede aprender a hacer el aceite usted mismo, sino que tambi\u00e9n puede comprar f\u00e1cilmente aceite de cannabis listo para usar a los mejores precios.<\/p>\n<p>Receta del aceite de Rick Simpson<br \/>\nMuchas personas est\u00e1n buscando la receta del aceite de Rick Simpson para crear la cura para el c\u00e1ncer y muchas otras afecciones. A continuaci\u00f3n se muestra el procedimiento para hacer el aceite de cannabis de Rick Simpson. Puedes seguir las instrucciones pero ten en cuenta que legalmente encontrar la planta de cannabis y su fibra (c\u00e1\u00f1amo) es bastante dif\u00edcil. Es por eso que proporcionamos tanto la receta del aceite de Rick Simpson como el aceite en s\u00ed mismo para comenzar a usarlo directamente de la botella.<\/p>\n<p>C\u00f3mo hacer aceite de cannabis de Rick Simpson<br \/>\nImportante: tenga MUCHO cuidado cuando hervir el solvente. No use estufas o elementos de calefacci\u00f3n al rojo vivo. Adem\u00e1s, evite las chispas, el humo y aseg\u00farese de usar un ventilador para evitar los humos de la olla. Todo el proceso debe realizarse en un \u00e1rea bien ventilada.<\/p>\n<p>1. Ponga la planta completamente seca en un recipiente de pl\u00e1stico.<\/p>\n<p>2. Use un solvente (\u00e9ter, nafta pura, butano, alcohol oprop\u00edlico al 99% o agua) para humedecer el material. Para una libra de material, necesitar\u00e1 dos galones de solvente. Para 1 onza, 500 ml son suficientes.<\/p>\n<p>3. Use un palo de madera limpio (sin tratar) para aplastar la planta. Tambi\u00e9n se puede usar otra herramienta similar.<\/p>\n<p>4. Empape completamente el material vegetal con el solvente mientras contin\u00faa la trituraci\u00f3n. Revuelva la mezcla durante tres minutos.<\/p>\n<p>5. Verter la mezcla en otro recipiente.<\/p>\n<p>6. Agregue m\u00e1s solvente a la mezcla y luego revuelva por tres minutos m\u00e1s.<\/p>\n<p>7. Vierta esta mezcla de aceite solvente en el balde.<\/p>\n<p>8. Retire el material vegetal.<\/p>\n<p>9. Usando un filtro de caf\u00e9, vierte la mezcla en otro recipiente limpio.<\/p>\n<p>10. Hierve el solvente. Aseg\u00farate de estar seguro en todo momento. Una olla arrocera te ayudar\u00e1 a lograrlo a la perfecci\u00f3n.<\/p>\n<p>11. Llena el 75% de la olla con el solvente y ponla a fuego ALTO. Sigue agregando la mezcla a medida que el solvente se evapora. Verter toda la mezcla en la olla.<\/p>\n<p>12. Cuando el nivel de la mezcla baje por \u00faltima vez, agregue un poco de agua (10 gotas por 1 libra de material seco).<\/p>\n<p>13. Levante la olla (use guantes para horno) y agite la mezcla cuando quede una pulgada de mezcla.<\/p>\n<p>14. Encienda la unidad a temperatura BAJA una vez que haya hervido el solvente. Tenga en cuenta que el aceite debe permanecer siempre por debajo de los 140 \u00b0C (290 \u00b0F).<\/p>\n<p>15. Vierta con cuidado el aceite en un recipiente de acero inoxidable.<\/p>\n<p>16. Coloque este recipiente en un deshidratador o en un dispositivo de calentamiento suave como un calentador de caf\u00e9. Espera a que los terpenos vol\u00e1tiles y el agua se evaporen. Una vez que la actividad de la superficie disminuye en el aceite, est\u00e1 listo para usar.<\/p>\n<p>17. Rellene el aceite en una jeringa de pl\u00e1stico o cualquier otro recipiente de su elecci\u00f3n.<\/p>\n<p>Material de cannabis y aceite de Rick Simpson a la venta<br \/>\nSi busca un m\u00e9todo m\u00e1s simple para obtener el incre\u00edble aceite de c\u00e1\u00f1amo de Rick Simpson , cons\u00edguelo f\u00e1cilmente aqu\u00ed a los precios m\u00e1s razonables que puedas encontrar en l\u00ednea.<\/p>\n<p>Te traemos cannabis de alta calidad para hacer el aceite de cannabis Risk Simpson aqu\u00ed mismo. Tambi\u00e9n puedes comprar el aceite listo para usar a los mejores precios. D\u00edganos qu\u00e9 necesita y lo ayudaremos a estar mucho m\u00e1s cerca de vencer el c\u00e1ncer u otras dolencias que desee vencer.<\/p>\n<p>&nbsp;<\/p>\n","protected":false},"excerpt":{"rendered":"<ul>\n<li>Env\u00edo a todo el mundo<\/li>\n<li><strong>Cont\u00e1ctenos<\/strong>\u00a0para pedidos m\u00e1s grandes<\/li>\n<\/ul>\n<p>Suministramos productos de alta pureza con un env\u00edo muy bueno y discreto sistema. Con experiencia de 12 a\u00f1os con entrega en investigaci\u00f3n qu\u00edmica; nos concentramos en la seguridad.<\/p>\n<p>Somos confiables, confiables, Entrega r\u00e1pida y productos de alta calidad solo a un precio asequible.<\/p>\n","protected":false},"featured_media":8328,"comment_status":"open","ping_status":"closed","template":"","meta":{"inline_featured_image":false},"product_brand":[],"product_cat":[61],"product_tag":[565,568,566,572,549,574,550,544,543,546,542,573,583,577,576,582,579,552,554,555,560,562,564,563,548,571,584,570,569,567,551,541,557,558,561,556,559,545,547,581,580,553,575,578],"class_list":{"0":"post-8320","1":"product","2":"type-product","3":"status-publish","4":"has-post-thumbnail","6":"product_cat-productos-de-cannabis","7":"product_tag-es-legal-comprar-aceite-de-cdb-online","8":"product_tag-es-seguro-comprar-aceite-de-cdb-en-linea","9":"product_tag-puede-usted-comprar-aceite-de-cdb-en-linea-legalmente","10":"product_tag-cbd-oil-amazon","11":"product_tag-aceite-de-cbd","12":"product_tag-aceite-de-cdb-cerca-de-mi","13":"product_tag-aceite-de-cdb-natural-puro","14":"product_tag-aceite-de-cdb-orgnico","15":"product_tag-aceite-de-cdb-para-el-dolor","16":"product_tag-aceite-de-cdb-para-la-ansiedad","17":"product_tag-aceite-de-cdb-puro","18":"product_tag-aceite-de-cdb-real","19":"product_tag-rick-simpson-aceite-comprar-florida","20":"product_tag-aceite-de-rso-cdb-para-la-ansiedad","21":"product_tag-rso-aceite-para-el-dolor","22":"product_tag-rso-aceite-a-la-venta-en-ohio","23":"product_tag-alto-cdb-rso","24":"product_tag-beneficios-del-aceite-de-cbd","25":"product_tag-best-cbd-oil","26":"product_tag-buy-cbd-oil-online-california","27":"product_tag-buy-cbd-oil-online-canada-reddit","28":"product_tag-buy-cbd-oil-online-coupon","29":"product_tag-buy-cbd-oil-online-edmonton","30":"product_tag-buy-cbd-oil-online-spain","31":"product_tag-buy-cbd-oil-wholesale","32":"product_tag-buy-legal-cbd-oil-online","33":"product_tag-buy-rso-cannabis-oil","34":"product_tag-buy-sunmed-cbd-oil-online","35":"product_tag-buying-cbd-oil-online","36":"product_tag-can-you-buy-cbd-oil-online-uk","37":"product_tag-cannabidiol-buy","38":"product_tag-comprar-aceptar-desde-cdb","39":"product_tag-comprar-aceite-de-cdb-online-envios-internacionales","40":"product_tag-comprar-aceite-de-cdb-online-europa","41":"product_tag-comprar-aceite-de-cdb-online-francia","42":"product_tag-comprar-aceite-de-cdb-online-alberta","43":"product_tag-comprar-aceite-de-cdb-online-ny","44":"product_tag-comprar-aceptar-cbd-amazon","45":"product_tag-comprar-aceite-de-cdb-online","46":"product_tag-cbd-rso-efectos","47":"product_tag-rso-precio-del-petrleo","48":"product_tag-productos-cbd","49":"product_tag-reseas-de-aceite-de-cbd","50":"product_tag-rso-online","52":"first","53":"instock","54":"shipping-taxable","55":"purchasable","56":"product-type-variable","57":"has-default-attributes"},"yoast_head":"<!-- This site is optimized with the Yoast SEO Premium plugin v19.2 (Yoast SEO v27.3) - https:\/\/yoast.com\/product\/yoast-seo-premium-wordpress\/ -->\n<title>Aceite de CBD de Rick Simpson (RSO) - Everyday Chem Shop<\/title>\n<meta name=\"description\" content=\"Aceite de CBD de Rick Simpson (RSO). Vendemos aceite de CBD Rick Simpson (RSO) de alta calidad. P\u00f3ngase en contacto para obtener m\u00e1s informaci\u00f3n sobre precios y c\u00f3mo realizar un pedido.\" \/>\n<meta name=\"robots\" content=\"index, follow, max-snippet:-1, max-image-preview:large, max-video-preview:-1\" \/>\n<link rel=\"canonical\" href=\"https:\/\/everydaychemshop.com\/es\/product\/rick-simpson-aceite-comprar-rso-cdb-aceite\/\" \/>\n<meta property=\"og:locale\" content=\"en_US\" \/>\n<meta property=\"og:type\" content=\"article\" \/>\n<meta property=\"og:title\" content=\"Aceite de Rick Simpson | Comprar aceite de CBD RSO\" \/>\n<meta property=\"og:description\" content=\"Aceite de CBD de Rick Simpson (RSO). Vendemos aceite de CBD Rick Simpson (RSO) de alta calidad. P\u00f3ngase en contacto para obtener m\u00e1s informaci\u00f3n sobre precios y c\u00f3mo realizar un pedido.\" \/>\n<meta property=\"og:url\" content=\"https:\/\/everydaychemshop.com\/es\/product\/rick-simpson-aceite-comprar-rso-cdb-aceite\/\" \/>\n<meta property=\"og:site_name\" content=\"Everyday Chem Shop\" \/>\n<meta property=\"article:modified_time\" content=\"2023-04-07T07:11:23+00:00\" \/>\n<meta property=\"og:image\" content=\"https:\/\/everydaychemshop.com\/es\/wp-content\/uploads\/sites\/4\/2022\/11\/Buy-RSO-CBD-Oil.jpg\" \/>\n\t<meta property=\"og:image:width\" content=\"600\" \/>\n\t<meta property=\"og:image:height\" content=\"600\" \/>\n\t<meta property=\"og:image:type\" content=\"image\/jpeg\" \/>\n<meta name=\"twitter:card\" content=\"summary_large_image\" \/>\n<meta name=\"twitter:label1\" content=\"Est. reading time\" \/>\n\t<meta name=\"twitter:data1\" content=\"4 minutes\" \/>\n<script type=\"application\/ld+json\" class=\"yoast-schema-graph\">{\"@context\":\"https:\\\/\\\/schema.org\",\"@graph\":[{\"@type\":\"WebPage\",\"@id\":\"https:\\\/\\\/everydaychemshop.com\\\/es\\\/product\\\/rick-simpson-aceite-comprar-rso-cdb-aceite\\\/\",\"url\":\"https:\\\/\\\/everydaychemshop.com\\\/es\\\/product\\\/rick-simpson-aceite-comprar-rso-cdb-aceite\\\/\",\"name\":\"Aceite de CBD de Rick Simpson (RSO) - Everyday Chem Shop\",\"isPartOf\":{\"@id\":\"https:\\\/\\\/everydaychemshop.com\\\/es\\\/#website\"},\"primaryImageOfPage\":{\"@id\":\"https:\\\/\\\/everydaychemshop.com\\\/es\\\/product\\\/rick-simpson-aceite-comprar-rso-cdb-aceite\\\/#primaryimage\"},\"image\":{\"@id\":\"https:\\\/\\\/everydaychemshop.com\\\/es\\\/product\\\/rick-simpson-aceite-comprar-rso-cdb-aceite\\\/#primaryimage\"},\"thumbnailUrl\":\"https:\\\/\\\/everydaychemshop.com\\\/es\\\/wp-content\\\/uploads\\\/sites\\\/4\\\/2022\\\/11\\\/Buy-RSO-CBD-Oil.jpg\",\"datePublished\":\"2022-11-20T07:45:50+00:00\",\"dateModified\":\"2023-04-07T07:11:23+00:00\",\"description\":\"Aceite de CBD de Rick Simpson (RSO). Vendemos aceite de CBD Rick Simpson (RSO) de alta calidad. P\u00f3ngase en contacto para obtener m\u00e1s informaci\u00f3n sobre precios y c\u00f3mo realizar un pedido.\",\"breadcrumb\":{\"@id\":\"https:\\\/\\\/everydaychemshop.com\\\/es\\\/product\\\/rick-simpson-aceite-comprar-rso-cdb-aceite\\\/#breadcrumb\"},\"inLanguage\":\"en-US\",\"potentialAction\":[{\"@type\":\"ReadAction\",\"target\":[\"https:\\\/\\\/everydaychemshop.com\\\/es\\\/product\\\/rick-simpson-aceite-comprar-rso-cdb-aceite\\\/\"]}]},{\"@type\":\"ImageObject\",\"inLanguage\":\"en-US\",\"@id\":\"https:\\\/\\\/everydaychemshop.com\\\/es\\\/product\\\/rick-simpson-aceite-comprar-rso-cdb-aceite\\\/#primaryimage\",\"url\":\"https:\\\/\\\/everydaychemshop.com\\\/es\\\/wp-content\\\/uploads\\\/sites\\\/4\\\/2022\\\/11\\\/Buy-RSO-CBD-Oil.jpg\",\"contentUrl\":\"https:\\\/\\\/everydaychemshop.com\\\/es\\\/wp-content\\\/uploads\\\/sites\\\/4\\\/2022\\\/11\\\/Buy-RSO-CBD-Oil.jpg\",\"width\":600,\"height\":600,\"caption\":\"Aceite de CBD de Rick Simpson (RSO)\"},{\"@type\":\"BreadcrumbList\",\"@id\":\"https:\\\/\\\/everydaychemshop.com\\\/es\\\/product\\\/rick-simpson-aceite-comprar-rso-cdb-aceite\\\/#breadcrumb\",\"itemListElement\":[{\"@type\":\"ListItem\",\"position\":1,\"name\":\"Home\",\"item\":\"https:\\\/\\\/everydaychemshop.com\\\/es\\\/\"},{\"@type\":\"ListItem\",\"position\":2,\"name\":\"Productos\",\"item\":\"https:\\\/\\\/everydaychemshop.com\\\/es\\\/productos\\\/\"},{\"@type\":\"ListItem\",\"position\":3,\"name\":\"Aceite de Rick Simpson | Comprar aceite de CBD RSO\"}]},{\"@type\":\"WebSite\",\"@id\":\"https:\\\/\\\/everydaychemshop.com\\\/es\\\/#website\",\"url\":\"https:\\\/\\\/everydaychemshop.com\\\/es\\\/\",\"name\":\"Everyday Chem Shop\",\"description\":\"\",\"potentialAction\":[{\"@type\":\"SearchAction\",\"target\":{\"@type\":\"EntryPoint\",\"urlTemplate\":\"https:\\\/\\\/everydaychemshop.com\\\/es\\\/?s={search_term_string}\"},\"query-input\":{\"@type\":\"PropertyValueSpecification\",\"valueRequired\":true,\"valueName\":\"search_term_string\"}}],\"inLanguage\":\"en-US\"}]}<\/script>\n<!-- \/ Yoast SEO Premium plugin. -->","yoast_head_json":{"title":"Aceite de CBD de Rick Simpson (RSO) - Everyday Chem Shop","description":"Aceite de CBD de Rick Simpson (RSO). Vendemos aceite de CBD Rick Simpson (RSO) de alta calidad. P\u00f3ngase en contacto para obtener m\u00e1s informaci\u00f3n sobre precios y c\u00f3mo realizar un pedido.","robots":{"index":"index","follow":"follow","max-snippet":"max-snippet:-1","max-image-preview":"max-image-preview:large","max-video-preview":"max-video-preview:-1"},"canonical":"https:\/\/everydaychemshop.com\/es\/product\/rick-simpson-aceite-comprar-rso-cdb-aceite\/","og_locale":"en_US","og_type":"article","og_title":"Aceite de Rick Simpson | Comprar aceite de CBD RSO","og_description":"Aceite de CBD de Rick Simpson (RSO). Vendemos aceite de CBD Rick Simpson (RSO) de alta calidad. P\u00f3ngase en contacto para obtener m\u00e1s informaci\u00f3n sobre precios y c\u00f3mo realizar un pedido.","og_url":"https:\/\/everydaychemshop.com\/es\/product\/rick-simpson-aceite-comprar-rso-cdb-aceite\/","og_site_name":"Everyday Chem Shop","article_modified_time":"2023-04-07T07:11:23+00:00","og_image":[{"width":600,"height":600,"url":"https:\/\/everydaychemshop.com\/es\/wp-content\/uploads\/sites\/4\/2022\/11\/Buy-RSO-CBD-Oil.jpg","type":"image\/jpeg"}],"twitter_card":"summary_large_image","twitter_misc":{"Est. reading time":"4 minutes"},"schema":{"@context":"https:\/\/schema.org","@graph":[{"@type":"WebPage","@id":"https:\/\/everydaychemshop.com\/es\/product\/rick-simpson-aceite-comprar-rso-cdb-aceite\/","url":"https:\/\/everydaychemshop.com\/es\/product\/rick-simpson-aceite-comprar-rso-cdb-aceite\/","name":"Aceite de CBD de Rick Simpson (RSO) - Everyday Chem Shop","isPartOf":{"@id":"https:\/\/everydaychemshop.com\/es\/#website"},"primaryImageOfPage":{"@id":"https:\/\/everydaychemshop.com\/es\/product\/rick-simpson-aceite-comprar-rso-cdb-aceite\/#primaryimage"},"image":{"@id":"https:\/\/everydaychemshop.com\/es\/product\/rick-simpson-aceite-comprar-rso-cdb-aceite\/#primaryimage"},"thumbnailUrl":"https:\/\/everydaychemshop.com\/es\/wp-content\/uploads\/sites\/4\/2022\/11\/Buy-RSO-CBD-Oil.jpg","datePublished":"2022-11-20T07:45:50+00:00","dateModified":"2023-04-07T07:11:23+00:00","description":"Aceite de CBD de Rick Simpson (RSO). Vendemos aceite de CBD Rick Simpson (RSO) de alta calidad. P\u00f3ngase en contacto para obtener m\u00e1s informaci\u00f3n sobre precios y c\u00f3mo realizar un pedido.","breadcrumb":{"@id":"https:\/\/everydaychemshop.com\/es\/product\/rick-simpson-aceite-comprar-rso-cdb-aceite\/#breadcrumb"},"inLanguage":"en-US","potentialAction":[{"@type":"ReadAction","target":["https:\/\/everydaychemshop.com\/es\/product\/rick-simpson-aceite-comprar-rso-cdb-aceite\/"]}]},{"@type":"ImageObject","inLanguage":"en-US","@id":"https:\/\/everydaychemshop.com\/es\/product\/rick-simpson-aceite-comprar-rso-cdb-aceite\/#primaryimage","url":"https:\/\/everydaychemshop.com\/es\/wp-content\/uploads\/sites\/4\/2022\/11\/Buy-RSO-CBD-Oil.jpg","contentUrl":"https:\/\/everydaychemshop.com\/es\/wp-content\/uploads\/sites\/4\/2022\/11\/Buy-RSO-CBD-Oil.jpg","width":600,"height":600,"caption":"Aceite de CBD de Rick Simpson (RSO)"},{"@type":"BreadcrumbList","@id":"https:\/\/everydaychemshop.com\/es\/product\/rick-simpson-aceite-comprar-rso-cdb-aceite\/#breadcrumb","itemListElement":[{"@type":"ListItem","position":1,"name":"Home","item":"https:\/\/everydaychemshop.com\/es\/"},{"@type":"ListItem","position":2,"name":"Productos","item":"https:\/\/everydaychemshop.com\/es\/productos\/"},{"@type":"ListItem","position":3,"name":"Aceite de Rick Simpson | Comprar aceite de CBD RSO"}]},{"@type":"WebSite","@id":"https:\/\/everydaychemshop.com\/es\/#website","url":"https:\/\/everydaychemshop.com\/es\/","name":"Everyday Chem Shop","description":"","potentialAction":[{"@type":"SearchAction","target":{"@type":"EntryPoint","urlTemplate":"https:\/\/everydaychemshop.com\/es\/?s={search_term_string}"},"query-input":{"@type":"PropertyValueSpecification","valueRequired":true,"valueName":"search_term_string"}}],"inLanguage":"en-US"}]}},"_links":{"self":[{"href":"https:\/\/everydaychemshop.com\/es\/wp-json\/wp\/v2\/product\/8320","targetHints":{"allow":["GET"]}}],"collection":[{"href":"https:\/\/everydaychemshop.com\/es\/wp-json\/wp\/v2\/product"}],"about":[{"href":"https:\/\/everydaychemshop.com\/es\/wp-json\/wp\/v2\/types\/product"}],"replies":[{"embeddable":true,"href":"https:\/\/everydaychemshop.com\/es\/wp-json\/wp\/v2\/comments?post=8320"}],"wp:featuredmedia":[{"embeddable":true,"href":"https:\/\/everydaychemshop.com\/es\/wp-json\/wp\/v2\/media\/8328"}],"wp:attachment":[{"href":"https:\/\/everydaychemshop.com\/es\/wp-json\/wp\/v2\/media?parent=8320"}],"wp:term":[{"taxonomy":"product_brand","embeddable":true,"href":"https:\/\/everydaychemshop.com\/es\/wp-json\/wp\/v2\/product_brand?post=8320"},{"taxonomy":"product_cat","embeddable":true,"href":"https:\/\/everydaychemshop.com\/es\/wp-json\/wp\/v2\/product_cat?post=8320"},{"taxonomy":"product_tag","embeddable":true,"href":"https:\/\/everydaychemshop.com\/es\/wp-json\/wp\/v2\/product_tag?post=8320"}],"curies":[{"name":"wp","href":"https:\/\/api.w.org\/{rel}","templated":true}]}}