{"id":8332,"date":"2022-11-22T22:31:34","date_gmt":"2022-11-22T22:31:34","guid":{"rendered":"https:\/\/everydaychemshop.com\/es\/?post_type=product&#038;p=8332"},"modified":"2023-01-03T19:57:11","modified_gmt":"2023-01-03T19:57:11","slug":"comprar-pastel-de-boda-thc-destilado-top-shelf","status":"publish","type":"product","link":"https:\/\/everydaychemshop.com\/es\/product\/comprar-pastel-de-boda-thc-destilado-top-shelf\/","title":{"rendered":"Comprar pastel de bodas destilado de THC &#8211; Estante superior"},"content":{"rendered":"<h1>Comprar Destilado Wedding Cake THC \u2013 Top Shelf<\/h1>\n<p>Comprar Destilado Wedding Cake THC \u2013 Top Shelf \u2013 THC<a href=\"https:\/\/casadelamedicina.es\/english\/contact-us\/\">\u00a0destilado <\/a>\u00a0es un extracto de cannabis purificado y sin disolventes que tiene\u00a0<a href=\"https:\/\/www.lawsonspharmacy24.com\/product\/drug\/buy-mephedrone-hydrochloride-4-mmc-online\/\">THC niveles<\/a>\u00a0del 98% . Es un concentrado dorado claro que se purga de todas las ceras, grasas y aceites durante el proceso de filtraci\u00f3n\/destilaci\u00f3n utilizando la tecnolog\u00eda m\u00e1s avanzada para producir un aceite puro, espeso y transparente que se puede consumir como comestible, como t\u00f3pico o ahumado\/vaporizado. ! Este es un aceite extremadamente espeso en una jeringa de vidrio. Caliente suavemente la jeringa antes de usarla.<\/p>\n","protected":false},"excerpt":{"rendered":"<p>Env\u00edo a todo el mundo<br \/> La cantidad m\u00ednima de pedido es 2<br \/> Cont\u00e1ctenos para pedidos m\u00e1s grandes<br \/> Suministramos productos de alta pureza con un sistema de env\u00edo muy bueno y discreto. Con experiencia de 12 a\u00f1os con entrega en investigaci\u00f3n qu\u00edmica; nos concentramos en la seguridad.<\/p>\n<p>Somos confiables, confiables, Entrega r\u00e1pida y productos de alta calidad solo a un precio asequible.<\/p>\n","protected":false},"featured_media":8340,"comment_status":"open","ping_status":"closed","template":"","meta":{"inline_featured_image":false},"product_brand":[],"product_cat":[61],"product_tag":[593,594,599,592,588,586,587,621,604,591,589,609,607,585,598,590,597,596,595,602,608,603,605,606,601,612,615,614,619,613,616,617,618,620,600,610,611],"class_list":{"0":"post-8332","1":"product","2":"type-product","3":"status-publish","4":"has-post-thumbnail","6":"product_cat-productos-de-cannabis","7":"product_tag-buy-cbd-distillate","8":"product_tag-buy-cbd-distillate-uk","9":"product_tag-buy-oz-of-thc-distillate","10":"product_tag-buy-thc-distillate-oil-online-uk","11":"product_tag-buy-thc-distillate-oil-online-usa","12":"product_tag-buy-thc-distillate-online","13":"product_tag-buy-thc-distillate-online-usa","14":"product_tag-buy-wedding-cake-thc-distillate","15":"product_tag-thc-destilado-compra","16":"product_tag-comprar-thc-destilado-de-aceite-en-linea-canada","17":"product_tag-comprar-thc-destilado-de-aceite-online","18":"product_tag-comprar-granel-thc-destilado","19":"product_tag-comprar-barato-thc-destilado","20":"product_tag-comprar-thc-destilado","21":"product_tag-comprar-thc-destilado-colorado","22":"product_tag-comprar-jeringa-destilada-thc","23":"product_tag-donde-comprar-thc-destilado-en-california","24":"product_tag-donde-comprar-thc-destilado-online","25":"product_tag-donde-comprar-thc-destilado","26":"product_tag-thc-destilado-para-la-venta","27":"product_tag-thc-destilado-qumico","28":"product_tag-equipo-destilacion-thc","29":"product_tag-thc-destilacin-temperatura","30":"product_tag-thc-destilado-temperatura","31":"product_tag-ordenar-thc-destilado","32":"product_tag-pedir-thc-destilado-online","33":"product_tag-pedir-thc-destilado-de-aceite-en-linea","34":"product_tag-ordenar-thc-destilado-de-aceite-online-usa","35":"product_tag-order-cbd-distillate","36":"product_tag-order-thc-distillate-online-usa","37":"product_tag-order-thc-distillate-syringe","38":"product_tag-ordenar-thc-destilado-de-aceite-online-canada","39":"product_tag-ordenar-thc-destilado-de-aceite-online-uk","40":"product_tag-order-cbd-distillate-uk","41":"product_tag-thc-destilado-precio","42":"product_tag-precio-por-destilado-thc-a-granel","43":"product_tag-mayorista-thc-destilado","45":"first","46":"instock","47":"shipping-taxable","48":"purchasable","49":"product-type-variable","50":"has-default-attributes"},"yoast_head":"<!-- This site is optimized with the Yoast SEO Premium plugin v19.2 (Yoast SEO v27.3) - https:\/\/yoast.com\/product\/yoast-seo-premium-wordpress\/ -->\n<title>Comprar pastel de bodas destilado de THC - Estante superior - Everyday Chem Shop<\/title>\n<meta name=\"robots\" content=\"index, follow, max-snippet:-1, max-image-preview:large, max-video-preview:-1\" \/>\n<link rel=\"canonical\" href=\"https:\/\/everydaychemshop.com\/es\/product\/comprar-pastel-de-boda-thc-destilado-top-shelf\/\" \/>\n<meta property=\"og:locale\" content=\"en_US\" \/>\n<meta property=\"og:type\" content=\"article\" \/>\n<meta property=\"og:title\" content=\"Comprar pastel de bodas destilado de THC - Estante superior\" \/>\n<meta property=\"og:description\" content=\"Env\u00edo a todo el mundo La cantidad m\u00ednima de pedido es 2 Cont\u00e1ctenos para pedidos m\u00e1s grandes Suministramos productos de alta pureza con un sistema de env\u00edo muy bueno y discreto. Con experiencia de 12 a\u00f1os con entrega en investigaci\u00f3n qu\u00edmica; nos concentramos en la seguridad. Somos confiables, confiables, Entrega r\u00e1pida y productos de alta calidad solo a un precio asequible.\" \/>\n<meta property=\"og:url\" content=\"https:\/\/everydaychemshop.com\/es\/product\/comprar-pastel-de-boda-thc-destilado-top-shelf\/\" \/>\n<meta property=\"og:site_name\" content=\"Everyday Chem Shop\" \/>\n<meta property=\"article:modified_time\" content=\"2023-01-03T19:57:11+00:00\" \/>\n<meta property=\"og:image\" content=\"https:\/\/everydaychemshop.com\/es\/wp-content\/uploads\/sites\/4\/2022\/11\/Buy-Wedding-Cake-THC-Distillate-\u2013-Top-Shelf.jpg\" \/>\n\t<meta property=\"og:image:width\" content=\"600\" \/>\n\t<meta property=\"og:image:height\" content=\"600\" \/>\n\t<meta property=\"og:image:type\" content=\"image\/jpeg\" \/>\n<meta name=\"twitter:card\" content=\"summary_large_image\" \/>\n<meta name=\"twitter:label1\" content=\"Est. reading time\" \/>\n\t<meta name=\"twitter:data1\" content=\"1 minute\" \/>\n<script type=\"application\/ld+json\" class=\"yoast-schema-graph\">{\"@context\":\"https:\\\/\\\/schema.org\",\"@graph\":[{\"@type\":\"WebPage\",\"@id\":\"https:\\\/\\\/everydaychemshop.com\\\/es\\\/product\\\/comprar-pastel-de-boda-thc-destilado-top-shelf\\\/\",\"url\":\"https:\\\/\\\/everydaychemshop.com\\\/es\\\/product\\\/comprar-pastel-de-boda-thc-destilado-top-shelf\\\/\",\"name\":\"Comprar pastel de bodas destilado de THC - Estante superior - Everyday Chem Shop\",\"isPartOf\":{\"@id\":\"https:\\\/\\\/everydaychemshop.com\\\/es\\\/#website\"},\"primaryImageOfPage\":{\"@id\":\"https:\\\/\\\/everydaychemshop.com\\\/es\\\/product\\\/comprar-pastel-de-boda-thc-destilado-top-shelf\\\/#primaryimage\"},\"image\":{\"@id\":\"https:\\\/\\\/everydaychemshop.com\\\/es\\\/product\\\/comprar-pastel-de-boda-thc-destilado-top-shelf\\\/#primaryimage\"},\"thumbnailUrl\":\"https:\\\/\\\/everydaychemshop.com\\\/es\\\/wp-content\\\/uploads\\\/sites\\\/4\\\/2022\\\/11\\\/Buy-Wedding-Cake-THC-Distillate-\u2013-Top-Shelf.jpg\",\"datePublished\":\"2022-11-22T22:31:34+00:00\",\"dateModified\":\"2023-01-03T19:57:11+00:00\",\"breadcrumb\":{\"@id\":\"https:\\\/\\\/everydaychemshop.com\\\/es\\\/product\\\/comprar-pastel-de-boda-thc-destilado-top-shelf\\\/#breadcrumb\"},\"inLanguage\":\"en-US\",\"potentialAction\":[{\"@type\":\"ReadAction\",\"target\":[\"https:\\\/\\\/everydaychemshop.com\\\/es\\\/product\\\/comprar-pastel-de-boda-thc-destilado-top-shelf\\\/\"]}]},{\"@type\":\"ImageObject\",\"inLanguage\":\"en-US\",\"@id\":\"https:\\\/\\\/everydaychemshop.com\\\/es\\\/product\\\/comprar-pastel-de-boda-thc-destilado-top-shelf\\\/#primaryimage\",\"url\":\"https:\\\/\\\/everydaychemshop.com\\\/es\\\/wp-content\\\/uploads\\\/sites\\\/4\\\/2022\\\/11\\\/Buy-Wedding-Cake-THC-Distillate-\u2013-Top-Shelf.jpg\",\"contentUrl\":\"https:\\\/\\\/everydaychemshop.com\\\/es\\\/wp-content\\\/uploads\\\/sites\\\/4\\\/2022\\\/11\\\/Buy-Wedding-Cake-THC-Distillate-\u2013-Top-Shelf.jpg\",\"width\":600,\"height\":600},{\"@type\":\"BreadcrumbList\",\"@id\":\"https:\\\/\\\/everydaychemshop.com\\\/es\\\/product\\\/comprar-pastel-de-boda-thc-destilado-top-shelf\\\/#breadcrumb\",\"itemListElement\":[{\"@type\":\"ListItem\",\"position\":1,\"name\":\"Home\",\"item\":\"https:\\\/\\\/everydaychemshop.com\\\/es\\\/\"},{\"@type\":\"ListItem\",\"position\":2,\"name\":\"Productos\",\"item\":\"https:\\\/\\\/everydaychemshop.com\\\/es\\\/productos\\\/\"},{\"@type\":\"ListItem\",\"position\":3,\"name\":\"Comprar pastel de bodas destilado de THC &#8211; Estante superior\"}]},{\"@type\":\"WebSite\",\"@id\":\"https:\\\/\\\/everydaychemshop.com\\\/es\\\/#website\",\"url\":\"https:\\\/\\\/everydaychemshop.com\\\/es\\\/\",\"name\":\"Everyday Chem Shop\",\"description\":\"\",\"potentialAction\":[{\"@type\":\"SearchAction\",\"target\":{\"@type\":\"EntryPoint\",\"urlTemplate\":\"https:\\\/\\\/everydaychemshop.com\\\/es\\\/?s={search_term_string}\"},\"query-input\":{\"@type\":\"PropertyValueSpecification\",\"valueRequired\":true,\"valueName\":\"search_term_string\"}}],\"inLanguage\":\"en-US\"}]}<\/script>\n<!-- \/ Yoast SEO Premium plugin. -->","yoast_head_json":{"title":"Comprar pastel de bodas destilado de THC - Estante superior - Everyday Chem Shop","robots":{"index":"index","follow":"follow","max-snippet":"max-snippet:-1","max-image-preview":"max-image-preview:large","max-video-preview":"max-video-preview:-1"},"canonical":"https:\/\/everydaychemshop.com\/es\/product\/comprar-pastel-de-boda-thc-destilado-top-shelf\/","og_locale":"en_US","og_type":"article","og_title":"Comprar pastel de bodas destilado de THC - Estante superior","og_description":"Env\u00edo a todo el mundo La cantidad m\u00ednima de pedido es 2 Cont\u00e1ctenos para pedidos m\u00e1s grandes Suministramos productos de alta pureza con un sistema de env\u00edo muy bueno y discreto. Con experiencia de 12 a\u00f1os con entrega en investigaci\u00f3n qu\u00edmica; nos concentramos en la seguridad. Somos confiables, confiables, Entrega r\u00e1pida y productos de alta calidad solo a un precio asequible.","og_url":"https:\/\/everydaychemshop.com\/es\/product\/comprar-pastel-de-boda-thc-destilado-top-shelf\/","og_site_name":"Everyday Chem Shop","article_modified_time":"2023-01-03T19:57:11+00:00","og_image":[{"width":600,"height":600,"url":"https:\/\/everydaychemshop.com\/es\/wp-content\/uploads\/sites\/4\/2022\/11\/Buy-Wedding-Cake-THC-Distillate-\u2013-Top-Shelf.jpg","type":"image\/jpeg"}],"twitter_card":"summary_large_image","twitter_misc":{"Est. reading time":"1 minute"},"schema":{"@context":"https:\/\/schema.org","@graph":[{"@type":"WebPage","@id":"https:\/\/everydaychemshop.com\/es\/product\/comprar-pastel-de-boda-thc-destilado-top-shelf\/","url":"https:\/\/everydaychemshop.com\/es\/product\/comprar-pastel-de-boda-thc-destilado-top-shelf\/","name":"Comprar pastel de bodas destilado de THC - Estante superior - Everyday Chem Shop","isPartOf":{"@id":"https:\/\/everydaychemshop.com\/es\/#website"},"primaryImageOfPage":{"@id":"https:\/\/everydaychemshop.com\/es\/product\/comprar-pastel-de-boda-thc-destilado-top-shelf\/#primaryimage"},"image":{"@id":"https:\/\/everydaychemshop.com\/es\/product\/comprar-pastel-de-boda-thc-destilado-top-shelf\/#primaryimage"},"thumbnailUrl":"https:\/\/everydaychemshop.com\/es\/wp-content\/uploads\/sites\/4\/2022\/11\/Buy-Wedding-Cake-THC-Distillate-\u2013-Top-Shelf.jpg","datePublished":"2022-11-22T22:31:34+00:00","dateModified":"2023-01-03T19:57:11+00:00","breadcrumb":{"@id":"https:\/\/everydaychemshop.com\/es\/product\/comprar-pastel-de-boda-thc-destilado-top-shelf\/#breadcrumb"},"inLanguage":"en-US","potentialAction":[{"@type":"ReadAction","target":["https:\/\/everydaychemshop.com\/es\/product\/comprar-pastel-de-boda-thc-destilado-top-shelf\/"]}]},{"@type":"ImageObject","inLanguage":"en-US","@id":"https:\/\/everydaychemshop.com\/es\/product\/comprar-pastel-de-boda-thc-destilado-top-shelf\/#primaryimage","url":"https:\/\/everydaychemshop.com\/es\/wp-content\/uploads\/sites\/4\/2022\/11\/Buy-Wedding-Cake-THC-Distillate-\u2013-Top-Shelf.jpg","contentUrl":"https:\/\/everydaychemshop.com\/es\/wp-content\/uploads\/sites\/4\/2022\/11\/Buy-Wedding-Cake-THC-Distillate-\u2013-Top-Shelf.jpg","width":600,"height":600},{"@type":"BreadcrumbList","@id":"https:\/\/everydaychemshop.com\/es\/product\/comprar-pastel-de-boda-thc-destilado-top-shelf\/#breadcrumb","itemListElement":[{"@type":"ListItem","position":1,"name":"Home","item":"https:\/\/everydaychemshop.com\/es\/"},{"@type":"ListItem","position":2,"name":"Productos","item":"https:\/\/everydaychemshop.com\/es\/productos\/"},{"@type":"ListItem","position":3,"name":"Comprar pastel de bodas destilado de THC &#8211; Estante superior"}]},{"@type":"WebSite","@id":"https:\/\/everydaychemshop.com\/es\/#website","url":"https:\/\/everydaychemshop.com\/es\/","name":"Everyday Chem Shop","description":"","potentialAction":[{"@type":"SearchAction","target":{"@type":"EntryPoint","urlTemplate":"https:\/\/everydaychemshop.com\/es\/?s={search_term_string}"},"query-input":{"@type":"PropertyValueSpecification","valueRequired":true,"valueName":"search_term_string"}}],"inLanguage":"en-US"}]}},"_links":{"self":[{"href":"https:\/\/everydaychemshop.com\/es\/wp-json\/wp\/v2\/product\/8332","targetHints":{"allow":["GET"]}}],"collection":[{"href":"https:\/\/everydaychemshop.com\/es\/wp-json\/wp\/v2\/product"}],"about":[{"href":"https:\/\/everydaychemshop.com\/es\/wp-json\/wp\/v2\/types\/product"}],"replies":[{"embeddable":true,"href":"https:\/\/everydaychemshop.com\/es\/wp-json\/wp\/v2\/comments?post=8332"}],"wp:featuredmedia":[{"embeddable":true,"href":"https:\/\/everydaychemshop.com\/es\/wp-json\/wp\/v2\/media\/8340"}],"wp:attachment":[{"href":"https:\/\/everydaychemshop.com\/es\/wp-json\/wp\/v2\/media?parent=8332"}],"wp:term":[{"taxonomy":"product_brand","embeddable":true,"href":"https:\/\/everydaychemshop.com\/es\/wp-json\/wp\/v2\/product_brand?post=8332"},{"taxonomy":"product_cat","embeddable":true,"href":"https:\/\/everydaychemshop.com\/es\/wp-json\/wp\/v2\/product_cat?post=8332"},{"taxonomy":"product_tag","embeddable":true,"href":"https:\/\/everydaychemshop.com\/es\/wp-json\/wp\/v2\/product_tag?post=8332"}],"curies":[{"name":"wp","href":"https:\/\/api.w.org\/{rel}","templated":true}]}}