{"id":8341,"date":"2022-11-22T22:43:59","date_gmt":"2022-11-22T22:43:59","guid":{"rendered":"https:\/\/everydaychemshop.com\/es\/?post_type=product&#038;p=8341"},"modified":"2023-04-07T07:09:56","modified_gmt":"2023-04-07T07:09:56","slug":"cbd-premium-co2-extraido-aceite","status":"publish","type":"product","link":"https:\/\/everydaychemshop.com\/es\/product\/cbd-premium-co2-extraido-aceite\/","title":{"rendered":"Aceite extra\u00eddo de CO2 premium de CBD"},"content":{"rendered":"<h1>Comprar THC Destilado en l\u00ednea<\/h1>\n<p><a href=\"https:\/\/everydaychemshop.com\/es\/product\/cbd-premium-co2-extraido-aceite\/\">Comprar THC Destilado en l\u00ednea<\/a>. Compre aceite extra\u00eddo de CO2 premium con alto contenido de CBD en l\u00ednea en EE. UU.<\/p>\n<p>Los cannabinoides se recolectan durante la extracci\u00f3n con CO2. Lo que parece producir un aceite <a href=\"https:\/\/es.wikipedia.org\/wiki\/Tetrahidrocannabinol\">que<\/a> es mucho m\u00e1s f\u00e1cil de inhalar sin asperezas.<br \/>\nEste lote particular de medicamento se deriva de\u00a0ACDC, una variedad de cannabis que se sabe que tiene un alto contenido de CBD.<\/p>\n<p>&nbsp;<\/p>\n<p>Los cannabinoides se recolectaron durante la extracci\u00f3n con CO2. Eso parece ser un aceite que es mucho m\u00e1s f\u00e1cil de respirar sin ser \u00e1spero.<br \/>\nEste lote particular de medicamentos est\u00e1 hecho de ACDC, una variedad de cannabis conocida por ser probada para niveles altos de CBD.<\/p>\n<p>Nuestros cartuchos de aceite para vaporizador se encuentran entre los m\u00e1s potentes del mercado. Lo que ves es lo que bostezas. Nuestras pruebas de laboratorio para cada lote est\u00e1n impresas en el empaque y la mayor\u00eda de los lotes tienen m\u00e1s del 70 % de THC. Adem\u00e1s, el sabor y extracci\u00f3n de nuestros cartuchos es muy delicado debido a nuestro proceso natural donde utilizamos terpenos que se encuentran de forma natural en las flores. pero<\/p>\n<p>Compre Cartucho de aceite con THC Vape Pen, Cartucho de THC a la venta en l\u00ednea, Cartucho de aceite para Vape Pen, Cartucho precargado con aceite de hach\u00eds a la venta<\/p>\n<p>Nuestro aceite es uno de los m\u00e1s fuertes en El mercado. A diferencia de muchas otras marcas que te dan un rendimiento crudo y luego diluido, con Pure, lo que ves es lo que vaporizas. Nuestras pruebas de laboratorio para cada lote est\u00e1n impresas en el empaque y la mayor\u00eda de los lotes tienen m\u00e1s del 70 % de THC. Adem\u00e1s, el sabor y extracci\u00f3n de nuestros cartuchos es muy delicado debido a nuestro proceso natural donde utilizamos terpenos que se encuentran de forma natural en las flores.<\/p>\n","protected":false},"excerpt":{"rendered":"<p>Aceite extra\u00eddo de CO2 Premium con alto contenido de CBD\u00a0en Green Valley CBD USA. Aceite de CO2 premium con alto contenido de CBD. Cannabinoides activos totales: 80 % THC: 24 % CBD: 56 % Cartucho de aceite de marihuana de extracci\u00f3n con CO2. Viene en 1 g. Ordene online cbd Co2 oil.<\/p>\n<p>&nbsp;<\/p>\n<p>Cannabinoides activos totales: 80 %<br \/>\nTHC: 24 %<br \/>\nCBD: 56 %<\/p>\n<h3>Comprar cartuchos de aceite de cannabis THC<\/h3>\n<p>el precio del producto es: por cartucho de 1 g<br \/>\n<strong>La cantidad m\u00ednima de pedido es: 3 cartuchos<\/strong><\/p>\n","protected":false},"featured_media":8349,"comment_status":"open","ping_status":"closed","template":"","meta":{"inline_featured_image":false},"product_brand":[],"product_cat":[61],"product_tag":[643,637,639,635,634,638,627,633,625,629,632,630,622,640,642,628,631,624,623,626,641,636],"class_list":{"0":"post-8341","1":"product","2":"type-product","3":"status-publish","4":"has-post-thumbnail","6":"product_cat-productos-de-cannabis","7":"product_tag-is-cbd-premium-co2-extrado-legal-en-canad","8":"product_tag-venta-de-aceite-de-cannabis-alto-en-thc","9":"product_tag-aceite-extrado-con-co2","10":"product_tag-cbd-premium-co2-extrado-de-aceite-para-la-venta","11":"product_tag-cbd-premium-co2-extrado-aceite","12":"product_tag-alto-alto-cdb-premium-para-la-venta","13":"product_tag-buy-cbd-premium-co2","14":"product_tag-buy-cbd-premium-co2-extracted","15":"product_tag-buy-co2-extracted-oil-online-usa","16":"product_tag-buy-high-cbd-premium-co2","17":"product_tag-buy-high-cbd-premium-co2-extracted-oil","18":"product_tag-buy-high-cbd-premium-co2-extracted-oil-online","19":"product_tag-buy-high-cbd-premium-co2-extracted-oil-online-usa-cbd-premium-co2-extracted-oil-for-sale-online","20":"product_tag-cbd-premium-co2-extracted-legal-in-usa","21":"product_tag-cmo-pedir-cbd-premium-co2-extrado","22":"product_tag-comprar-co2-extraido-de-aceite-de-cannabis","23":"product_tag-comprar-co2-extraido-de-aceite","24":"product_tag-comprar-cbd-premium-co2-extrado-de-aceptado-online","25":"product_tag-comprar-cbd-premium-co2-online","26":"product_tag-comprar-cbd-premium-co2-extraido-online","27":"product_tag-comprar-cbd-premium-co2-extraido-online-usa","28":"product_tag-venta-de-aceite-extraido-de-co2","30":"first","31":"instock","32":"shipping-taxable","33":"purchasable","34":"product-type-variable","35":"has-default-attributes"},"yoast_head":"<!-- This site is optimized with the Yoast SEO Premium plugin v19.2 (Yoast SEO v27.3) - https:\/\/yoast.com\/product\/yoast-seo-premium-wordpress\/ -->\n<title>Comprar THC Destilado en l\u00ednea - Everyday Chem Shop<\/title>\n<meta name=\"description\" content=\"Comprar THC Destilado en l\u00ednea. Vendemos destilado de THC de primera calidad. P\u00f3ngase en contacto para obtener m\u00e1s informaci\u00f3n sobre precios y c\u00f3mo hacer un pedido.\" \/>\n<meta name=\"robots\" content=\"index, follow, max-snippet:-1, max-image-preview:large, max-video-preview:-1\" \/>\n<link rel=\"canonical\" href=\"https:\/\/everydaychemshop.com\/es\/product\/cbd-premium-co2-extraido-aceite\/\" \/>\n<meta property=\"og:locale\" content=\"en_US\" \/>\n<meta property=\"og:type\" content=\"article\" \/>\n<meta property=\"og:title\" content=\"Aceite extra\u00eddo de CO2 premium de CBD\" \/>\n<meta property=\"og:description\" content=\"Comprar THC Destilado en l\u00ednea. Vendemos destilado de THC de primera calidad. P\u00f3ngase en contacto para obtener m\u00e1s informaci\u00f3n sobre precios y c\u00f3mo hacer un pedido.\" \/>\n<meta property=\"og:url\" content=\"https:\/\/everydaychemshop.com\/es\/product\/cbd-premium-co2-extraido-aceite\/\" \/>\n<meta property=\"og:site_name\" content=\"Everyday Chem Shop\" \/>\n<meta property=\"article:modified_time\" content=\"2023-04-07T07:09:56+00:00\" \/>\n<meta property=\"og:image\" content=\"https:\/\/everydaychemshop.com\/es\/wp-content\/uploads\/sites\/4\/2022\/11\/Buy-High-CBD-Premium-CO2-Extracted-Oil-Online-USA.jpg\" \/>\n\t<meta property=\"og:image:width\" content=\"600\" \/>\n\t<meta property=\"og:image:height\" content=\"600\" \/>\n\t<meta property=\"og:image:type\" content=\"image\/jpeg\" \/>\n<meta name=\"twitter:card\" content=\"summary_large_image\" \/>\n<meta name=\"twitter:label1\" content=\"Est. reading time\" \/>\n\t<meta name=\"twitter:data1\" content=\"2 minutes\" \/>\n<script type=\"application\/ld+json\" class=\"yoast-schema-graph\">{\"@context\":\"https:\\\/\\\/schema.org\",\"@graph\":[{\"@type\":\"WebPage\",\"@id\":\"https:\\\/\\\/everydaychemshop.com\\\/es\\\/product\\\/cbd-premium-co2-extraido-aceite\\\/\",\"url\":\"https:\\\/\\\/everydaychemshop.com\\\/es\\\/product\\\/cbd-premium-co2-extraido-aceite\\\/\",\"name\":\"Comprar THC Destilado en l\u00ednea - Everyday Chem Shop\",\"isPartOf\":{\"@id\":\"https:\\\/\\\/everydaychemshop.com\\\/es\\\/#website\"},\"primaryImageOfPage\":{\"@id\":\"https:\\\/\\\/everydaychemshop.com\\\/es\\\/product\\\/cbd-premium-co2-extraido-aceite\\\/#primaryimage\"},\"image\":{\"@id\":\"https:\\\/\\\/everydaychemshop.com\\\/es\\\/product\\\/cbd-premium-co2-extraido-aceite\\\/#primaryimage\"},\"thumbnailUrl\":\"https:\\\/\\\/everydaychemshop.com\\\/es\\\/wp-content\\\/uploads\\\/sites\\\/4\\\/2022\\\/11\\\/Buy-High-CBD-Premium-CO2-Extracted-Oil-Online-USA.jpg\",\"datePublished\":\"2022-11-22T22:43:59+00:00\",\"dateModified\":\"2023-04-07T07:09:56+00:00\",\"description\":\"Comprar THC Destilado en l\u00ednea. Vendemos destilado de THC de primera calidad. P\u00f3ngase en contacto para obtener m\u00e1s informaci\u00f3n sobre precios y c\u00f3mo hacer un pedido.\",\"breadcrumb\":{\"@id\":\"https:\\\/\\\/everydaychemshop.com\\\/es\\\/product\\\/cbd-premium-co2-extraido-aceite\\\/#breadcrumb\"},\"inLanguage\":\"en-US\",\"potentialAction\":[{\"@type\":\"ReadAction\",\"target\":[\"https:\\\/\\\/everydaychemshop.com\\\/es\\\/product\\\/cbd-premium-co2-extraido-aceite\\\/\"]}]},{\"@type\":\"ImageObject\",\"inLanguage\":\"en-US\",\"@id\":\"https:\\\/\\\/everydaychemshop.com\\\/es\\\/product\\\/cbd-premium-co2-extraido-aceite\\\/#primaryimage\",\"url\":\"https:\\\/\\\/everydaychemshop.com\\\/es\\\/wp-content\\\/uploads\\\/sites\\\/4\\\/2022\\\/11\\\/Buy-High-CBD-Premium-CO2-Extracted-Oil-Online-USA.jpg\",\"contentUrl\":\"https:\\\/\\\/everydaychemshop.com\\\/es\\\/wp-content\\\/uploads\\\/sites\\\/4\\\/2022\\\/11\\\/Buy-High-CBD-Premium-CO2-Extracted-Oil-Online-USA.jpg\",\"width\":600,\"height\":600,\"caption\":\"Comprar THC Destilado en l\u00ednea\"},{\"@type\":\"BreadcrumbList\",\"@id\":\"https:\\\/\\\/everydaychemshop.com\\\/es\\\/product\\\/cbd-premium-co2-extraido-aceite\\\/#breadcrumb\",\"itemListElement\":[{\"@type\":\"ListItem\",\"position\":1,\"name\":\"Home\",\"item\":\"https:\\\/\\\/everydaychemshop.com\\\/es\\\/\"},{\"@type\":\"ListItem\",\"position\":2,\"name\":\"Productos\",\"item\":\"https:\\\/\\\/everydaychemshop.com\\\/es\\\/productos\\\/\"},{\"@type\":\"ListItem\",\"position\":3,\"name\":\"Aceite extra\u00eddo de CO2 premium de CBD\"}]},{\"@type\":\"WebSite\",\"@id\":\"https:\\\/\\\/everydaychemshop.com\\\/es\\\/#website\",\"url\":\"https:\\\/\\\/everydaychemshop.com\\\/es\\\/\",\"name\":\"Everyday Chem Shop\",\"description\":\"\",\"potentialAction\":[{\"@type\":\"SearchAction\",\"target\":{\"@type\":\"EntryPoint\",\"urlTemplate\":\"https:\\\/\\\/everydaychemshop.com\\\/es\\\/?s={search_term_string}\"},\"query-input\":{\"@type\":\"PropertyValueSpecification\",\"valueRequired\":true,\"valueName\":\"search_term_string\"}}],\"inLanguage\":\"en-US\"}]}<\/script>\n<!-- \/ Yoast SEO Premium plugin. -->","yoast_head_json":{"title":"Comprar THC Destilado en l\u00ednea - Everyday Chem Shop","description":"Comprar THC Destilado en l\u00ednea. Vendemos destilado de THC de primera calidad. P\u00f3ngase en contacto para obtener m\u00e1s informaci\u00f3n sobre precios y c\u00f3mo hacer un pedido.","robots":{"index":"index","follow":"follow","max-snippet":"max-snippet:-1","max-image-preview":"max-image-preview:large","max-video-preview":"max-video-preview:-1"},"canonical":"https:\/\/everydaychemshop.com\/es\/product\/cbd-premium-co2-extraido-aceite\/","og_locale":"en_US","og_type":"article","og_title":"Aceite extra\u00eddo de CO2 premium de CBD","og_description":"Comprar THC Destilado en l\u00ednea. Vendemos destilado de THC de primera calidad. P\u00f3ngase en contacto para obtener m\u00e1s informaci\u00f3n sobre precios y c\u00f3mo hacer un pedido.","og_url":"https:\/\/everydaychemshop.com\/es\/product\/cbd-premium-co2-extraido-aceite\/","og_site_name":"Everyday Chem Shop","article_modified_time":"2023-04-07T07:09:56+00:00","og_image":[{"width":600,"height":600,"url":"https:\/\/everydaychemshop.com\/es\/wp-content\/uploads\/sites\/4\/2022\/11\/Buy-High-CBD-Premium-CO2-Extracted-Oil-Online-USA.jpg","type":"image\/jpeg"}],"twitter_card":"summary_large_image","twitter_misc":{"Est. reading time":"2 minutes"},"schema":{"@context":"https:\/\/schema.org","@graph":[{"@type":"WebPage","@id":"https:\/\/everydaychemshop.com\/es\/product\/cbd-premium-co2-extraido-aceite\/","url":"https:\/\/everydaychemshop.com\/es\/product\/cbd-premium-co2-extraido-aceite\/","name":"Comprar THC Destilado en l\u00ednea - Everyday Chem Shop","isPartOf":{"@id":"https:\/\/everydaychemshop.com\/es\/#website"},"primaryImageOfPage":{"@id":"https:\/\/everydaychemshop.com\/es\/product\/cbd-premium-co2-extraido-aceite\/#primaryimage"},"image":{"@id":"https:\/\/everydaychemshop.com\/es\/product\/cbd-premium-co2-extraido-aceite\/#primaryimage"},"thumbnailUrl":"https:\/\/everydaychemshop.com\/es\/wp-content\/uploads\/sites\/4\/2022\/11\/Buy-High-CBD-Premium-CO2-Extracted-Oil-Online-USA.jpg","datePublished":"2022-11-22T22:43:59+00:00","dateModified":"2023-04-07T07:09:56+00:00","description":"Comprar THC Destilado en l\u00ednea. Vendemos destilado de THC de primera calidad. P\u00f3ngase en contacto para obtener m\u00e1s informaci\u00f3n sobre precios y c\u00f3mo hacer un pedido.","breadcrumb":{"@id":"https:\/\/everydaychemshop.com\/es\/product\/cbd-premium-co2-extraido-aceite\/#breadcrumb"},"inLanguage":"en-US","potentialAction":[{"@type":"ReadAction","target":["https:\/\/everydaychemshop.com\/es\/product\/cbd-premium-co2-extraido-aceite\/"]}]},{"@type":"ImageObject","inLanguage":"en-US","@id":"https:\/\/everydaychemshop.com\/es\/product\/cbd-premium-co2-extraido-aceite\/#primaryimage","url":"https:\/\/everydaychemshop.com\/es\/wp-content\/uploads\/sites\/4\/2022\/11\/Buy-High-CBD-Premium-CO2-Extracted-Oil-Online-USA.jpg","contentUrl":"https:\/\/everydaychemshop.com\/es\/wp-content\/uploads\/sites\/4\/2022\/11\/Buy-High-CBD-Premium-CO2-Extracted-Oil-Online-USA.jpg","width":600,"height":600,"caption":"Comprar THC Destilado en l\u00ednea"},{"@type":"BreadcrumbList","@id":"https:\/\/everydaychemshop.com\/es\/product\/cbd-premium-co2-extraido-aceite\/#breadcrumb","itemListElement":[{"@type":"ListItem","position":1,"name":"Home","item":"https:\/\/everydaychemshop.com\/es\/"},{"@type":"ListItem","position":2,"name":"Productos","item":"https:\/\/everydaychemshop.com\/es\/productos\/"},{"@type":"ListItem","position":3,"name":"Aceite extra\u00eddo de CO2 premium de CBD"}]},{"@type":"WebSite","@id":"https:\/\/everydaychemshop.com\/es\/#website","url":"https:\/\/everydaychemshop.com\/es\/","name":"Everyday Chem Shop","description":"","potentialAction":[{"@type":"SearchAction","target":{"@type":"EntryPoint","urlTemplate":"https:\/\/everydaychemshop.com\/es\/?s={search_term_string}"},"query-input":{"@type":"PropertyValueSpecification","valueRequired":true,"valueName":"search_term_string"}}],"inLanguage":"en-US"}]}},"_links":{"self":[{"href":"https:\/\/everydaychemshop.com\/es\/wp-json\/wp\/v2\/product\/8341","targetHints":{"allow":["GET"]}}],"collection":[{"href":"https:\/\/everydaychemshop.com\/es\/wp-json\/wp\/v2\/product"}],"about":[{"href":"https:\/\/everydaychemshop.com\/es\/wp-json\/wp\/v2\/types\/product"}],"replies":[{"embeddable":true,"href":"https:\/\/everydaychemshop.com\/es\/wp-json\/wp\/v2\/comments?post=8341"}],"wp:featuredmedia":[{"embeddable":true,"href":"https:\/\/everydaychemshop.com\/es\/wp-json\/wp\/v2\/media\/8349"}],"wp:attachment":[{"href":"https:\/\/everydaychemshop.com\/es\/wp-json\/wp\/v2\/media?parent=8341"}],"wp:term":[{"taxonomy":"product_brand","embeddable":true,"href":"https:\/\/everydaychemshop.com\/es\/wp-json\/wp\/v2\/product_brand?post=8341"},{"taxonomy":"product_cat","embeddable":true,"href":"https:\/\/everydaychemshop.com\/es\/wp-json\/wp\/v2\/product_cat?post=8341"},{"taxonomy":"product_tag","embeddable":true,"href":"https:\/\/everydaychemshop.com\/es\/wp-json\/wp\/v2\/product_tag?post=8341"}],"curies":[{"name":"wp","href":"https:\/\/api.w.org\/{rel}","templated":true}]}}