{"id":8350,"date":"2022-11-22T22:49:42","date_gmt":"2022-11-22T22:49:42","guid":{"rendered":"https:\/\/everydaychemshop.com\/es\/?post_type=product&#038;p=8350"},"modified":"2023-04-07T07:08:40","modified_gmt":"2023-04-07T07:08:40","slug":"100mg-thc-canamo-capsulas-de-aceite","status":"publish","type":"product","link":"https:\/\/everydaychemshop.com\/es\/product\/100mg-thc-canamo-capsulas-de-aceite\/","title":{"rendered":"C\u00e1psulas de aceite de semilla de c\u00e1\u00f1amo de 100 mg de THC"},"content":{"rendered":"<h1>Aceite extra\u00eddo de CBD Premium CO2 en l\u00ednea<\/h1>\n<p><a href=\"https:\/\/everydaychemshop.com\/es\/product\/100mg-thc-canamo-capsulas-de-aceite\/\">Aceite extra\u00eddo de CBD Premium CO2 en l\u00ednea<\/a>. No debe confundirse con las populares pero inferiores c\u00e1psulas de polvo de THC, cada una de estas c\u00e1psulas contiene 100 mg de aceite de semilla de c\u00e1\u00f1amo THC. Se venden en paquetes de 3<\/p>\n<p>Nuestras c\u00e1psulas de aceite de THC est\u00e1n formuladas a partir de toda la planta de Cannabis y son ricas en terpenos. Estas c\u00e1psulas contienen THC de la m\u00e1s alta calidad y aceite de semilla de c\u00e1\u00f1amo. El aceite de semilla de c\u00e1\u00f1amo tiene una proporci\u00f3n de 3 a 1 de omega 6 a omega 3, proporcionando los requisitos \u00f3ptimos para una salud a largo plazo. Todo nuestro aceite de THC se somete a pruebas de laboratorio para garantizar la <a href=\"https:\/\/es.wikipedia.org\/wiki\/Distrito_financiero\">m\u00e1xima<\/a> calidad y seguridad.<\/p>\n","protected":false},"excerpt":{"rendered":"<p>El aceite de c\u00e1\u00f1amo se utiliza regularmente como acondicionador para el cabello o crema para la piel. Algunas pruebas observaron que el aceite de semilla de c\u00e1\u00f1amo podr\u00eda funcionar en la piel seca e irritada y aliviar los efectos secundarios de la dermatitis, una condici\u00f3n t\u00edpica de la piel. Cuando se utiliza para las manifestaciones de la dermatitis, puede disminuir la necesidad de un f\u00e1rmaco aprobado por un m\u00e9dico<\/p>\n<p>&nbsp;<\/p>\n<ul>\n<li>Env\u00edo mundial<\/li>\n<li>Cada c\u00e1psula contiene 100 mg de THC .<\/li>\n<li>Cada frasco contiene 3 c\u00e1psulas.<\/li>\n<li>La cantidad m\u00ednima de pedido es\u00a0<strong><em>3 frascos<\/em><\/strong><\/li>\n<li>Cont\u00e1ctenos para pedidos m\u00e1s grandes<\/li>\n<\/ul>\n","protected":false},"featured_media":8357,"comment_status":"open","ping_status":"closed","template":"","meta":{"inline_featured_image":false},"product_brand":[],"product_cat":[61],"product_tag":[664,661,652,662,646,654,648,663,656,645,650,644,647,651,653,657,659,658,655,660,649],"class_list":{"0":"post-8350","1":"product","2":"type-product","3":"status-publish","4":"has-post-thumbnail","6":"product_cat-productos-de-cannabis","7":"product_tag-es-1000mg-thc-aceite-de-camo-legal-en-canad","8":"product_tag-is-1000mg-thc-hemp-seed-oil-capsule-legal-in-usa","9":"product_tag-1000mg-thc-aceite-para-la-venta-en-ee-uu","10":"product_tag-buy-1000mg-thc-online-oil-usa","11":"product_tag-buy-thc-capsules-online","12":"product_tag-canada","13":"product_tag-1000mg-thc-camo-cpsula-de-aceite-en-venta","14":"product_tag-cmo-pedir-1000mg-thc-capsule","15":"product_tag-comprar","16":"product_tag-comprar-semillas-de-camo","17":"product_tag-comprar-thc-semillas-de-camo-online","18":"product_tag-comprar-100mg-thc-camo-cpsulas-de-aceite-comprar-thc-cpsulas","19":"product_tag-donde-comprar-1000mg-thc-aceite-de-camo","20":"product_tag-donde-comprar-aceite-thc-online","21":"product_tag-ee-uu","22":"product_tag-en-lnea","23":"product_tag-entrega-segura","24":"product_tag-proveedores","25":"product_tag-reino-unido","26":"product_tag-usted-todava-puede-obtener-1000mg-thc-capsule","27":"product_tag-thc-semillas-de-camo-para-la-venta","29":"first","30":"instock","31":"shipping-taxable","32":"purchasable","33":"product-type-variable","34":"has-default-attributes"},"yoast_head":"<!-- This site is optimized with the Yoast SEO Premium plugin v19.2 (Yoast SEO v27.3) - https:\/\/yoast.com\/product\/yoast-seo-premium-wordpress\/ -->\n<title>Aceite extra\u00eddo de CBD Premium CO2 - Everyday Chem Shop<\/title>\n<meta name=\"description\" content=\"Aceite extra\u00eddo de CBD Premium CO2 en l\u00ednea. Puede comprar CBD Premium CO2 Extracted Oil Online USA en l\u00ednea. Contacta para m\u00e1s informaci\u00f3n y precios.\" \/>\n<meta name=\"robots\" content=\"index, follow, max-snippet:-1, max-image-preview:large, max-video-preview:-1\" \/>\n<link rel=\"canonical\" href=\"https:\/\/everydaychemshop.com\/es\/product\/100mg-thc-canamo-capsulas-de-aceite\/\" \/>\n<meta property=\"og:locale\" content=\"en_US\" \/>\n<meta property=\"og:type\" content=\"article\" \/>\n<meta property=\"og:title\" content=\"C\u00e1psulas de aceite de semilla de c\u00e1\u00f1amo de 100 mg de THC\" \/>\n<meta property=\"og:description\" content=\"Aceite extra\u00eddo de CBD Premium CO2 en l\u00ednea. Puede comprar CBD Premium CO2 Extracted Oil Online USA en l\u00ednea. Contacta para m\u00e1s informaci\u00f3n y precios.\" \/>\n<meta property=\"og:url\" content=\"https:\/\/everydaychemshop.com\/es\/product\/100mg-thc-canamo-capsulas-de-aceite\/\" \/>\n<meta property=\"og:site_name\" content=\"Everyday Chem Shop\" \/>\n<meta property=\"article:modified_time\" content=\"2023-04-07T07:08:40+00:00\" \/>\n<meta property=\"og:image\" content=\"https:\/\/everydaychemshop.com\/es\/wp-content\/uploads\/sites\/4\/2022\/11\/Buy-100mg-THC-Hemp-Seed-Oil-Capsules.jpg\" \/>\n\t<meta property=\"og:image:width\" content=\"600\" \/>\n\t<meta property=\"og:image:height\" content=\"600\" \/>\n\t<meta property=\"og:image:type\" content=\"image\/jpeg\" \/>\n<meta name=\"twitter:card\" content=\"summary_large_image\" \/>\n<meta name=\"twitter:label1\" content=\"Est. reading time\" \/>\n\t<meta name=\"twitter:data1\" content=\"1 minute\" \/>\n<script type=\"application\/ld+json\" class=\"yoast-schema-graph\">{\"@context\":\"https:\\\/\\\/schema.org\",\"@graph\":[{\"@type\":\"WebPage\",\"@id\":\"https:\\\/\\\/everydaychemshop.com\\\/es\\\/product\\\/100mg-thc-canamo-capsulas-de-aceite\\\/\",\"url\":\"https:\\\/\\\/everydaychemshop.com\\\/es\\\/product\\\/100mg-thc-canamo-capsulas-de-aceite\\\/\",\"name\":\"Aceite extra\u00eddo de CBD Premium CO2 - Everyday Chem Shop\",\"isPartOf\":{\"@id\":\"https:\\\/\\\/everydaychemshop.com\\\/es\\\/#website\"},\"primaryImageOfPage\":{\"@id\":\"https:\\\/\\\/everydaychemshop.com\\\/es\\\/product\\\/100mg-thc-canamo-capsulas-de-aceite\\\/#primaryimage\"},\"image\":{\"@id\":\"https:\\\/\\\/everydaychemshop.com\\\/es\\\/product\\\/100mg-thc-canamo-capsulas-de-aceite\\\/#primaryimage\"},\"thumbnailUrl\":\"https:\\\/\\\/everydaychemshop.com\\\/es\\\/wp-content\\\/uploads\\\/sites\\\/4\\\/2022\\\/11\\\/Buy-100mg-THC-Hemp-Seed-Oil-Capsules.jpg\",\"datePublished\":\"2022-11-22T22:49:42+00:00\",\"dateModified\":\"2023-04-07T07:08:40+00:00\",\"description\":\"Aceite extra\u00eddo de CBD Premium CO2 en l\u00ednea. Puede comprar CBD Premium CO2 Extracted Oil Online USA en l\u00ednea. Contacta para m\u00e1s informaci\u00f3n y precios.\",\"breadcrumb\":{\"@id\":\"https:\\\/\\\/everydaychemshop.com\\\/es\\\/product\\\/100mg-thc-canamo-capsulas-de-aceite\\\/#breadcrumb\"},\"inLanguage\":\"en-US\",\"potentialAction\":[{\"@type\":\"ReadAction\",\"target\":[\"https:\\\/\\\/everydaychemshop.com\\\/es\\\/product\\\/100mg-thc-canamo-capsulas-de-aceite\\\/\"]}]},{\"@type\":\"ImageObject\",\"inLanguage\":\"en-US\",\"@id\":\"https:\\\/\\\/everydaychemshop.com\\\/es\\\/product\\\/100mg-thc-canamo-capsulas-de-aceite\\\/#primaryimage\",\"url\":\"https:\\\/\\\/everydaychemshop.com\\\/es\\\/wp-content\\\/uploads\\\/sites\\\/4\\\/2022\\\/11\\\/Buy-100mg-THC-Hemp-Seed-Oil-Capsules.jpg\",\"contentUrl\":\"https:\\\/\\\/everydaychemshop.com\\\/es\\\/wp-content\\\/uploads\\\/sites\\\/4\\\/2022\\\/11\\\/Buy-100mg-THC-Hemp-Seed-Oil-Capsules.jpg\",\"width\":600,\"height\":600,\"caption\":\"Aceite extra\u00eddo de CBD Premium CO2 en l\u00ednea\"},{\"@type\":\"BreadcrumbList\",\"@id\":\"https:\\\/\\\/everydaychemshop.com\\\/es\\\/product\\\/100mg-thc-canamo-capsulas-de-aceite\\\/#breadcrumb\",\"itemListElement\":[{\"@type\":\"ListItem\",\"position\":1,\"name\":\"Home\",\"item\":\"https:\\\/\\\/everydaychemshop.com\\\/es\\\/\"},{\"@type\":\"ListItem\",\"position\":2,\"name\":\"Productos\",\"item\":\"https:\\\/\\\/everydaychemshop.com\\\/es\\\/productos\\\/\"},{\"@type\":\"ListItem\",\"position\":3,\"name\":\"C\u00e1psulas de aceite de semilla de c\u00e1\u00f1amo de 100 mg de THC\"}]},{\"@type\":\"WebSite\",\"@id\":\"https:\\\/\\\/everydaychemshop.com\\\/es\\\/#website\",\"url\":\"https:\\\/\\\/everydaychemshop.com\\\/es\\\/\",\"name\":\"Everyday Chem Shop\",\"description\":\"\",\"potentialAction\":[{\"@type\":\"SearchAction\",\"target\":{\"@type\":\"EntryPoint\",\"urlTemplate\":\"https:\\\/\\\/everydaychemshop.com\\\/es\\\/?s={search_term_string}\"},\"query-input\":{\"@type\":\"PropertyValueSpecification\",\"valueRequired\":true,\"valueName\":\"search_term_string\"}}],\"inLanguage\":\"en-US\"}]}<\/script>\n<!-- \/ Yoast SEO Premium plugin. -->","yoast_head_json":{"title":"Aceite extra\u00eddo de CBD Premium CO2 - Everyday Chem Shop","description":"Aceite extra\u00eddo de CBD Premium CO2 en l\u00ednea. Puede comprar CBD Premium CO2 Extracted Oil Online USA en l\u00ednea. Contacta para m\u00e1s informaci\u00f3n y precios.","robots":{"index":"index","follow":"follow","max-snippet":"max-snippet:-1","max-image-preview":"max-image-preview:large","max-video-preview":"max-video-preview:-1"},"canonical":"https:\/\/everydaychemshop.com\/es\/product\/100mg-thc-canamo-capsulas-de-aceite\/","og_locale":"en_US","og_type":"article","og_title":"C\u00e1psulas de aceite de semilla de c\u00e1\u00f1amo de 100 mg de THC","og_description":"Aceite extra\u00eddo de CBD Premium CO2 en l\u00ednea. Puede comprar CBD Premium CO2 Extracted Oil Online USA en l\u00ednea. Contacta para m\u00e1s informaci\u00f3n y precios.","og_url":"https:\/\/everydaychemshop.com\/es\/product\/100mg-thc-canamo-capsulas-de-aceite\/","og_site_name":"Everyday Chem Shop","article_modified_time":"2023-04-07T07:08:40+00:00","og_image":[{"width":600,"height":600,"url":"https:\/\/everydaychemshop.com\/es\/wp-content\/uploads\/sites\/4\/2022\/11\/Buy-100mg-THC-Hemp-Seed-Oil-Capsules.jpg","type":"image\/jpeg"}],"twitter_card":"summary_large_image","twitter_misc":{"Est. reading time":"1 minute"},"schema":{"@context":"https:\/\/schema.org","@graph":[{"@type":"WebPage","@id":"https:\/\/everydaychemshop.com\/es\/product\/100mg-thc-canamo-capsulas-de-aceite\/","url":"https:\/\/everydaychemshop.com\/es\/product\/100mg-thc-canamo-capsulas-de-aceite\/","name":"Aceite extra\u00eddo de CBD Premium CO2 - Everyday Chem Shop","isPartOf":{"@id":"https:\/\/everydaychemshop.com\/es\/#website"},"primaryImageOfPage":{"@id":"https:\/\/everydaychemshop.com\/es\/product\/100mg-thc-canamo-capsulas-de-aceite\/#primaryimage"},"image":{"@id":"https:\/\/everydaychemshop.com\/es\/product\/100mg-thc-canamo-capsulas-de-aceite\/#primaryimage"},"thumbnailUrl":"https:\/\/everydaychemshop.com\/es\/wp-content\/uploads\/sites\/4\/2022\/11\/Buy-100mg-THC-Hemp-Seed-Oil-Capsules.jpg","datePublished":"2022-11-22T22:49:42+00:00","dateModified":"2023-04-07T07:08:40+00:00","description":"Aceite extra\u00eddo de CBD Premium CO2 en l\u00ednea. Puede comprar CBD Premium CO2 Extracted Oil Online USA en l\u00ednea. Contacta para m\u00e1s informaci\u00f3n y precios.","breadcrumb":{"@id":"https:\/\/everydaychemshop.com\/es\/product\/100mg-thc-canamo-capsulas-de-aceite\/#breadcrumb"},"inLanguage":"en-US","potentialAction":[{"@type":"ReadAction","target":["https:\/\/everydaychemshop.com\/es\/product\/100mg-thc-canamo-capsulas-de-aceite\/"]}]},{"@type":"ImageObject","inLanguage":"en-US","@id":"https:\/\/everydaychemshop.com\/es\/product\/100mg-thc-canamo-capsulas-de-aceite\/#primaryimage","url":"https:\/\/everydaychemshop.com\/es\/wp-content\/uploads\/sites\/4\/2022\/11\/Buy-100mg-THC-Hemp-Seed-Oil-Capsules.jpg","contentUrl":"https:\/\/everydaychemshop.com\/es\/wp-content\/uploads\/sites\/4\/2022\/11\/Buy-100mg-THC-Hemp-Seed-Oil-Capsules.jpg","width":600,"height":600,"caption":"Aceite extra\u00eddo de CBD Premium CO2 en l\u00ednea"},{"@type":"BreadcrumbList","@id":"https:\/\/everydaychemshop.com\/es\/product\/100mg-thc-canamo-capsulas-de-aceite\/#breadcrumb","itemListElement":[{"@type":"ListItem","position":1,"name":"Home","item":"https:\/\/everydaychemshop.com\/es\/"},{"@type":"ListItem","position":2,"name":"Productos","item":"https:\/\/everydaychemshop.com\/es\/productos\/"},{"@type":"ListItem","position":3,"name":"C\u00e1psulas de aceite de semilla de c\u00e1\u00f1amo de 100 mg de THC"}]},{"@type":"WebSite","@id":"https:\/\/everydaychemshop.com\/es\/#website","url":"https:\/\/everydaychemshop.com\/es\/","name":"Everyday Chem Shop","description":"","potentialAction":[{"@type":"SearchAction","target":{"@type":"EntryPoint","urlTemplate":"https:\/\/everydaychemshop.com\/es\/?s={search_term_string}"},"query-input":{"@type":"PropertyValueSpecification","valueRequired":true,"valueName":"search_term_string"}}],"inLanguage":"en-US"}]}},"_links":{"self":[{"href":"https:\/\/everydaychemshop.com\/es\/wp-json\/wp\/v2\/product\/8350","targetHints":{"allow":["GET"]}}],"collection":[{"href":"https:\/\/everydaychemshop.com\/es\/wp-json\/wp\/v2\/product"}],"about":[{"href":"https:\/\/everydaychemshop.com\/es\/wp-json\/wp\/v2\/types\/product"}],"replies":[{"embeddable":true,"href":"https:\/\/everydaychemshop.com\/es\/wp-json\/wp\/v2\/comments?post=8350"}],"wp:featuredmedia":[{"embeddable":true,"href":"https:\/\/everydaychemshop.com\/es\/wp-json\/wp\/v2\/media\/8357"}],"wp:attachment":[{"href":"https:\/\/everydaychemshop.com\/es\/wp-json\/wp\/v2\/media?parent=8350"}],"wp:term":[{"taxonomy":"product_brand","embeddable":true,"href":"https:\/\/everydaychemshop.com\/es\/wp-json\/wp\/v2\/product_brand?post=8350"},{"taxonomy":"product_cat","embeddable":true,"href":"https:\/\/everydaychemshop.com\/es\/wp-json\/wp\/v2\/product_cat?post=8350"},{"taxonomy":"product_tag","embeddable":true,"href":"https:\/\/everydaychemshop.com\/es\/wp-json\/wp\/v2\/product_tag?post=8350"}],"curies":[{"name":"wp","href":"https:\/\/api.w.org\/{rel}","templated":true}]}}