{"id":8358,"date":"2022-11-22T22:53:32","date_gmt":"2022-11-22T22:53:32","guid":{"rendered":"https:\/\/everydaychemshop.com\/es\/?post_type=product&#038;p=8358"},"modified":"2023-04-07T07:07:15","modified_gmt":"2023-04-07T07:07:15","slug":"comprar-1000mg-thc-sabor-tintura-keey","status":"publish","type":"product","link":"https:\/\/everydaychemshop.com\/es\/product\/comprar-1000mg-thc-sabor-tintura-keey\/","title":{"rendered":"Comprar tintura con sabor a THC de 1000 mg \u2013 Keey"},"content":{"rendered":"<h1>Tintura con sabor a THC de 1000 mg: Keey<\/h1>\n<p><a href=\"https:\/\/everydaychemshop.com\/es\/product\/comprar-1000mg-thc-sabor-tintura-keey\/\">Tintura con sabor a THC de 1000 mg<\/a>.\u00a0 es probablemente el producto m\u00e1s popular en el mercado. Esto se debe a que es una gran dosis tanto para principiantes como para usuarios intensivos, y te durar\u00e1 mucho tiempo antes de que necesites m\u00e1s. Tambi\u00e9n hay muchos beneficios para la salud asociados con el uso de THC.<\/p>\n<p>Estamos aqu\u00ed para ayudarlo con todas sus necesidades y requisitos. Solo tienes que contactar con nuestra tienda online y realizar tu compra c\u00f3modamente. Sus requisitos ahora est\u00e1n a solo un clic de distancia. \u00a1Cont\u00e1ctenos inmediatamente!<\/p>\n<p>Las tinturas de THC tambi\u00e9n se pueden agregar a su comida y refrescos favoritos, para personas que buscan efectos confiables. Recuerda; en cualquier caso, ese picor puede corromper los cannabinoides, <a href=\"https:\/\/es.wikipedia.org\/wiki\/Tetrahidrocannabinol\">as\u00ed<\/a> que a\u00f1ade tu porci\u00f3n de THC a tu cena o refresco cuando est\u00e9 en condiciones de ser servido<\/p>\n<p>Env\u00edo a todo el mundo<br \/>\n1000 mg de THC por 30 ml<br \/>\nM\u00ednimo la cantidad del pedido es 2<br \/>\nCont\u00e1ctenos para pedidos m\u00e1s grandes<\/p>\n","protected":false},"excerpt":{"rendered":"<p>Las tinturas ofrecen enormes beneficios sobre las diferentes t\u00e9cnicas para regular los cannabinoides cl\u00ednicos. Nuestras tinturas Keey THC vienen en una botella de vidrio de 30 ml con un utensilio de perlas f\u00e1cil de usar que tiene en cuenta las dosis exactas y controladas sin falta. Las tinturas se pueden controlar en una variedad de formas y ofrecen una manera cuidadosa para que las personas se seden. El aceite de THC se puede tomar por v\u00eda sublingual, aplicando las tinturas debajo de la lengua y manteni\u00e9ndolas durante unos 60 segundos para considerar la retenci\u00f3n por el corredor sublingual debajo de la lengua. La investigaci\u00f3n ha observado que este m\u00e9todo de transporte tiene en cuenta que los cannabinoides se vuelven m\u00e1s efectivos y r\u00e1pidamente accesibles para que el cuerpo los absorba dentro del sistema circulatorio.<\/p>\n<p>&nbsp;<\/p>\n<ul>\n<li>Env\u00edo a todo el mundo<\/li>\n<li>La cantidad m\u00ednima de pedido es\u00a0<strong>2<\/strong><\/li>\n<li>Cont\u00e1ctenos para pedidos m\u00e1s grandes<\/li>\n<\/ul>\n<p>&nbsp;<\/p>\n","protected":false},"featured_media":8360,"comment_status":"open","ping_status":"closed","template":"","meta":{"inline_featured_image":false},"product_brand":[],"product_cat":[61],"product_tag":[678,675,669,673,665,654,677,656,671,666,667,676,668,672,653,657,659,658,655,674,670],"class_list":{"0":"post-8358","1":"product","2":"type-product","3":"status-publish","4":"has-post-thumbnail","6":"product_cat-productos-de-cannabis","7":"product_tag-es-1000mg-thc-tintura-legal-en-canada","8":"product_tag-is-1000mg-thc-flavored-tincture-legal-in-usa","9":"product_tag-1000mg-thc-tincture-for-sale","10":"product_tag-1000mg-thc-tincture-for-sale-in-usa","11":"product_tag-buy-1000mg-thc-flavoured-tincture-buy-thc-tincture","12":"product_tag-canada","13":"product_tag-como-pedir-1000mg-thc-tintura","14":"product_tag-comprar","15":"product_tag-comprar-tintura-online","16":"product_tag-comprar-tintura-saborizada","17":"product_tag-comprar-tintura-thc-online","18":"product_tag-comprar-1000mg-thc-tintura-online-usa","19":"product_tag-donde-comprar-1000mg-thc-tintura","20":"product_tag-donde-comprar-tintura-thc-online","21":"product_tag-ee-uu","22":"product_tag-en-lnea","23":"product_tag-entrega-segura","24":"product_tag-proveedores","25":"product_tag-reino-unido","26":"product_tag-usted-todava-puede-obtener-1000mg-thc-tintura","27":"product_tag-thc-tintura-para-la-venta","29":"first","30":"instock","31":"shipping-taxable","32":"purchasable","33":"product-type-simple"},"yoast_head":"<!-- This site is optimized with the Yoast SEO Premium plugin v19.2 (Yoast SEO v27.3) - https:\/\/yoast.com\/product\/yoast-seo-premium-wordpress\/ -->\n<title>Tintura con sabor a THC de 1000 mg- Everyday Chem Shop<\/title>\n<meta name=\"description\" content=\"Tintura con sabor a THC de 1000 mg. Las tinturas ofrecen enormes beneficios sobre las diferentes t\u00e9cnicas para regular los cannabinoides cl\u00ednicos.\" \/>\n<meta name=\"robots\" content=\"index, follow, max-snippet:-1, max-image-preview:large, max-video-preview:-1\" \/>\n<link rel=\"canonical\" href=\"https:\/\/everydaychemshop.com\/es\/product\/comprar-1000mg-thc-sabor-tintura-keey\/\" \/>\n<meta property=\"og:locale\" content=\"en_US\" \/>\n<meta property=\"og:type\" content=\"article\" \/>\n<meta property=\"og:title\" content=\"Comprar tintura con sabor a THC de 1000 mg \u2013 Keey\" \/>\n<meta property=\"og:description\" content=\"Tintura con sabor a THC de 1000 mg. Las tinturas ofrecen enormes beneficios sobre las diferentes t\u00e9cnicas para regular los cannabinoides cl\u00ednicos.\" \/>\n<meta property=\"og:url\" content=\"https:\/\/everydaychemshop.com\/es\/product\/comprar-1000mg-thc-sabor-tintura-keey\/\" \/>\n<meta property=\"og:site_name\" content=\"Everyday Chem Shop\" \/>\n<meta property=\"article:modified_time\" content=\"2023-04-07T07:07:15+00:00\" \/>\n<meta property=\"og:image\" content=\"https:\/\/everydaychemshop.com\/es\/wp-content\/uploads\/sites\/4\/2022\/11\/Buy-1000mg-THC-Flavoured-Tincture.jpg\" \/>\n\t<meta property=\"og:image:width\" content=\"600\" \/>\n\t<meta property=\"og:image:height\" content=\"600\" \/>\n\t<meta property=\"og:image:type\" content=\"image\/jpeg\" \/>\n<meta name=\"twitter:card\" content=\"summary_large_image\" \/>\n<meta name=\"twitter:label1\" content=\"Est. reading time\" \/>\n\t<meta name=\"twitter:data1\" content=\"1 minute\" \/>\n<script type=\"application\/ld+json\" class=\"yoast-schema-graph\">{\"@context\":\"https:\\\/\\\/schema.org\",\"@graph\":[{\"@type\":\"WebPage\",\"@id\":\"https:\\\/\\\/everydaychemshop.com\\\/es\\\/product\\\/comprar-1000mg-thc-sabor-tintura-keey\\\/\",\"url\":\"https:\\\/\\\/everydaychemshop.com\\\/es\\\/product\\\/comprar-1000mg-thc-sabor-tintura-keey\\\/\",\"name\":\"Tintura con sabor a THC de 1000 mg- Everyday Chem Shop\",\"isPartOf\":{\"@id\":\"https:\\\/\\\/everydaychemshop.com\\\/es\\\/#website\"},\"primaryImageOfPage\":{\"@id\":\"https:\\\/\\\/everydaychemshop.com\\\/es\\\/product\\\/comprar-1000mg-thc-sabor-tintura-keey\\\/#primaryimage\"},\"image\":{\"@id\":\"https:\\\/\\\/everydaychemshop.com\\\/es\\\/product\\\/comprar-1000mg-thc-sabor-tintura-keey\\\/#primaryimage\"},\"thumbnailUrl\":\"https:\\\/\\\/everydaychemshop.com\\\/es\\\/wp-content\\\/uploads\\\/sites\\\/4\\\/2022\\\/11\\\/Buy-1000mg-THC-Flavoured-Tincture.jpg\",\"datePublished\":\"2022-11-22T22:53:32+00:00\",\"dateModified\":\"2023-04-07T07:07:15+00:00\",\"description\":\"Tintura con sabor a THC de 1000 mg. Las tinturas ofrecen enormes beneficios sobre las diferentes t\u00e9cnicas para regular los cannabinoides cl\u00ednicos.\",\"breadcrumb\":{\"@id\":\"https:\\\/\\\/everydaychemshop.com\\\/es\\\/product\\\/comprar-1000mg-thc-sabor-tintura-keey\\\/#breadcrumb\"},\"inLanguage\":\"en-US\",\"potentialAction\":[{\"@type\":\"ReadAction\",\"target\":[\"https:\\\/\\\/everydaychemshop.com\\\/es\\\/product\\\/comprar-1000mg-thc-sabor-tintura-keey\\\/\"]}]},{\"@type\":\"ImageObject\",\"inLanguage\":\"en-US\",\"@id\":\"https:\\\/\\\/everydaychemshop.com\\\/es\\\/product\\\/comprar-1000mg-thc-sabor-tintura-keey\\\/#primaryimage\",\"url\":\"https:\\\/\\\/everydaychemshop.com\\\/es\\\/wp-content\\\/uploads\\\/sites\\\/4\\\/2022\\\/11\\\/Buy-1000mg-THC-Flavoured-Tincture.jpg\",\"contentUrl\":\"https:\\\/\\\/everydaychemshop.com\\\/es\\\/wp-content\\\/uploads\\\/sites\\\/4\\\/2022\\\/11\\\/Buy-1000mg-THC-Flavoured-Tincture.jpg\",\"width\":600,\"height\":600,\"caption\":\"Tintura con sabor a THC de 1000 mg\"},{\"@type\":\"BreadcrumbList\",\"@id\":\"https:\\\/\\\/everydaychemshop.com\\\/es\\\/product\\\/comprar-1000mg-thc-sabor-tintura-keey\\\/#breadcrumb\",\"itemListElement\":[{\"@type\":\"ListItem\",\"position\":1,\"name\":\"Home\",\"item\":\"https:\\\/\\\/everydaychemshop.com\\\/es\\\/\"},{\"@type\":\"ListItem\",\"position\":2,\"name\":\"Productos\",\"item\":\"https:\\\/\\\/everydaychemshop.com\\\/es\\\/productos\\\/\"},{\"@type\":\"ListItem\",\"position\":3,\"name\":\"Comprar tintura con sabor a THC de 1000 mg \u2013 Keey\"}]},{\"@type\":\"WebSite\",\"@id\":\"https:\\\/\\\/everydaychemshop.com\\\/es\\\/#website\",\"url\":\"https:\\\/\\\/everydaychemshop.com\\\/es\\\/\",\"name\":\"Everyday Chem Shop\",\"description\":\"\",\"potentialAction\":[{\"@type\":\"SearchAction\",\"target\":{\"@type\":\"EntryPoint\",\"urlTemplate\":\"https:\\\/\\\/everydaychemshop.com\\\/es\\\/?s={search_term_string}\"},\"query-input\":{\"@type\":\"PropertyValueSpecification\",\"valueRequired\":true,\"valueName\":\"search_term_string\"}}],\"inLanguage\":\"en-US\"}]}<\/script>\n<!-- \/ Yoast SEO Premium plugin. -->","yoast_head_json":{"title":"Tintura con sabor a THC de 1000 mg- Everyday Chem Shop","description":"Tintura con sabor a THC de 1000 mg. Las tinturas ofrecen enormes beneficios sobre las diferentes t\u00e9cnicas para regular los cannabinoides cl\u00ednicos.","robots":{"index":"index","follow":"follow","max-snippet":"max-snippet:-1","max-image-preview":"max-image-preview:large","max-video-preview":"max-video-preview:-1"},"canonical":"https:\/\/everydaychemshop.com\/es\/product\/comprar-1000mg-thc-sabor-tintura-keey\/","og_locale":"en_US","og_type":"article","og_title":"Comprar tintura con sabor a THC de 1000 mg \u2013 Keey","og_description":"Tintura con sabor a THC de 1000 mg. Las tinturas ofrecen enormes beneficios sobre las diferentes t\u00e9cnicas para regular los cannabinoides cl\u00ednicos.","og_url":"https:\/\/everydaychemshop.com\/es\/product\/comprar-1000mg-thc-sabor-tintura-keey\/","og_site_name":"Everyday Chem Shop","article_modified_time":"2023-04-07T07:07:15+00:00","og_image":[{"width":600,"height":600,"url":"https:\/\/everydaychemshop.com\/es\/wp-content\/uploads\/sites\/4\/2022\/11\/Buy-1000mg-THC-Flavoured-Tincture.jpg","type":"image\/jpeg"}],"twitter_card":"summary_large_image","twitter_misc":{"Est. reading time":"1 minute"},"schema":{"@context":"https:\/\/schema.org","@graph":[{"@type":"WebPage","@id":"https:\/\/everydaychemshop.com\/es\/product\/comprar-1000mg-thc-sabor-tintura-keey\/","url":"https:\/\/everydaychemshop.com\/es\/product\/comprar-1000mg-thc-sabor-tintura-keey\/","name":"Tintura con sabor a THC de 1000 mg- Everyday Chem Shop","isPartOf":{"@id":"https:\/\/everydaychemshop.com\/es\/#website"},"primaryImageOfPage":{"@id":"https:\/\/everydaychemshop.com\/es\/product\/comprar-1000mg-thc-sabor-tintura-keey\/#primaryimage"},"image":{"@id":"https:\/\/everydaychemshop.com\/es\/product\/comprar-1000mg-thc-sabor-tintura-keey\/#primaryimage"},"thumbnailUrl":"https:\/\/everydaychemshop.com\/es\/wp-content\/uploads\/sites\/4\/2022\/11\/Buy-1000mg-THC-Flavoured-Tincture.jpg","datePublished":"2022-11-22T22:53:32+00:00","dateModified":"2023-04-07T07:07:15+00:00","description":"Tintura con sabor a THC de 1000 mg. Las tinturas ofrecen enormes beneficios sobre las diferentes t\u00e9cnicas para regular los cannabinoides cl\u00ednicos.","breadcrumb":{"@id":"https:\/\/everydaychemshop.com\/es\/product\/comprar-1000mg-thc-sabor-tintura-keey\/#breadcrumb"},"inLanguage":"en-US","potentialAction":[{"@type":"ReadAction","target":["https:\/\/everydaychemshop.com\/es\/product\/comprar-1000mg-thc-sabor-tintura-keey\/"]}]},{"@type":"ImageObject","inLanguage":"en-US","@id":"https:\/\/everydaychemshop.com\/es\/product\/comprar-1000mg-thc-sabor-tintura-keey\/#primaryimage","url":"https:\/\/everydaychemshop.com\/es\/wp-content\/uploads\/sites\/4\/2022\/11\/Buy-1000mg-THC-Flavoured-Tincture.jpg","contentUrl":"https:\/\/everydaychemshop.com\/es\/wp-content\/uploads\/sites\/4\/2022\/11\/Buy-1000mg-THC-Flavoured-Tincture.jpg","width":600,"height":600,"caption":"Tintura con sabor a THC de 1000 mg"},{"@type":"BreadcrumbList","@id":"https:\/\/everydaychemshop.com\/es\/product\/comprar-1000mg-thc-sabor-tintura-keey\/#breadcrumb","itemListElement":[{"@type":"ListItem","position":1,"name":"Home","item":"https:\/\/everydaychemshop.com\/es\/"},{"@type":"ListItem","position":2,"name":"Productos","item":"https:\/\/everydaychemshop.com\/es\/productos\/"},{"@type":"ListItem","position":3,"name":"Comprar tintura con sabor a THC de 1000 mg \u2013 Keey"}]},{"@type":"WebSite","@id":"https:\/\/everydaychemshop.com\/es\/#website","url":"https:\/\/everydaychemshop.com\/es\/","name":"Everyday Chem Shop","description":"","potentialAction":[{"@type":"SearchAction","target":{"@type":"EntryPoint","urlTemplate":"https:\/\/everydaychemshop.com\/es\/?s={search_term_string}"},"query-input":{"@type":"PropertyValueSpecification","valueRequired":true,"valueName":"search_term_string"}}],"inLanguage":"en-US"}]}},"_links":{"self":[{"href":"https:\/\/everydaychemshop.com\/es\/wp-json\/wp\/v2\/product\/8358","targetHints":{"allow":["GET"]}}],"collection":[{"href":"https:\/\/everydaychemshop.com\/es\/wp-json\/wp\/v2\/product"}],"about":[{"href":"https:\/\/everydaychemshop.com\/es\/wp-json\/wp\/v2\/types\/product"}],"replies":[{"embeddable":true,"href":"https:\/\/everydaychemshop.com\/es\/wp-json\/wp\/v2\/comments?post=8358"}],"wp:featuredmedia":[{"embeddable":true,"href":"https:\/\/everydaychemshop.com\/es\/wp-json\/wp\/v2\/media\/8360"}],"wp:attachment":[{"href":"https:\/\/everydaychemshop.com\/es\/wp-json\/wp\/v2\/media?parent=8358"}],"wp:term":[{"taxonomy":"product_brand","embeddable":true,"href":"https:\/\/everydaychemshop.com\/es\/wp-json\/wp\/v2\/product_brand?post=8358"},{"taxonomy":"product_cat","embeddable":true,"href":"https:\/\/everydaychemshop.com\/es\/wp-json\/wp\/v2\/product_cat?post=8358"},{"taxonomy":"product_tag","embeddable":true,"href":"https:\/\/everydaychemshop.com\/es\/wp-json\/wp\/v2\/product_tag?post=8358"}],"curies":[{"name":"wp","href":"https:\/\/api.w.org\/{rel}","templated":true}]}}