{"id":5728,"date":"2018-10-22T13:46:00","date_gmt":"2018-10-22T13:46:00","guid":{"rendered":"https:\/\/www.ekko-wp.com\/?page_id=5728"},"modified":"2023-01-04T11:10:59","modified_gmt":"2023-01-04T11:10:59","slug":"a-propos-de-nous","status":"publish","type":"page","link":"https:\/\/everydaychemshop.com\/fr\/a-propos-de-nous\/","title":{"rendered":"\u00c0 propos de nous"},"content":{"rendered":"<p>[vc_row css=&#8221;.vc_custom_1658098987410{margin-top: -100px !important;padding-top: 70px !important;padding-right: 50px !important;padding-left: 50px !important;background-color: #ffffff !important;}&#8221; el_id=&#8221;our-company-1522842082520-613dd28d-aa9d&#8221;][vc_column][vc_row_inner][vc_column_inner width=&#8221;1\/3&#8243; css=&#8221;.vc_custom_1519734939213{padding-right: 50px !important;}&#8221; offset=&#8221;vc_col-lg-4 vc_col-md-12&#8243;][vc_custom_heading text=&#8221;Everyday Chem Shop&#8221; font_container=&#8221;tag:h2|font_size:36px|text_align:left|line_height:42px&#8221; use_theme_fonts=&#8221;yes&#8221;][\/vc_column_inner][vc_column_inner width=&#8221;2\/3&#8243; offset=&#8221;vc_col-lg-8 vc_col-md-12&#8243;][vc_custom_heading text=&#8221;Avec plus de 15 ans d&#8217;exp\u00e9rience au service exclusif des patients, nous sommes des experts dans ce que nous faisons et nous sommes impatients de vous servir.&#8221; font_container=&#8221;tag:h6|text_align:left&#8221; use_theme_fonts=&#8221;yes&#8221; link=&#8221;url:%23our-company-1522842082520-613dd28d-aa9d&#8221;][\/vc_column_inner][\/vc_row_inner][\/vc_column][\/vc_row][vc_row full_width=&#8221;stretch_row&#8221; css=&#8221;.vc_custom_1555684303434{padding-top: 100px !important;padding-bottom: 70px !important;background-color: #f5f5f5 !important;}&#8221;][vc_column][vc_row_inner][vc_column_inner width=&#8221;1\/4&#8243; offset=&#8221;vc_hidden-xs&#8221;][\/vc_column_inner][vc_column_inner width=&#8221;1\/2&#8243;][vc_column_text css_animation=&#8221;fadeIn&#8221;]<\/p>\n<h6 style=\"text-align: center;\"><a href=\"\/\">Everyday Chem Shop<\/a> ont la plate-forme que vous m\u00e9ritez<\/h6>\n<p>[\/vc_column_text][vc_empty_space height=&#8221;25px&#8221;]<header class=\"kd-section-title col-lg-12 text-center  kd-animated fadeIn  \" data-animation-delay=200><h2 class=\"separator_off\" >Nous veillons \u00e0 maintenir la qualit\u00e9 et la puret\u00e9 de nos produits<\/h2><\/header>[\/vc_column_inner][vc_column_inner width=&#8221;1\/4&#8243; offset=&#8221;vc_hidden-xs&#8221;][\/vc_column_inner][\/vc_row_inner][vc_row_inner css=&#8221;.vc_custom_1556018075864{margin-top: 40px !important;}&#8221;][vc_column_inner]<div class=\"templatera_shortcode\"><div class=\"vc_row wpb_row vc_row-fluid\"><div class=\"wpb_column vc_column_container vc_col-sm-12\"><div class=\"vc_column-inner\"><div class=\"wpb_wrapper\">\r\n            <div class=\"kd-process-steps process_three_elem process-checkbox-template \">\r\n                <ul>\r\n                <li class=\"pss-item kd-animated fadeIn \"  >\r\n                    <div class=\"pss-container\"><div class=\"pss-step-number\"><span >1<\/span><\/div><div class=\"pss-text-area\">\r\n                            <h5 >M\u00e9decins qualifi\u00e9s<\/h5>\r\n                            <p >Nous avons une \u00e9quipe de m\u00e9decins exp\u00e9riment\u00e9s et qualifi\u00e9s. Appelez-nous pour en savoir plus sur nos m\u00e9decins et notre personnel. Nous sommes l\u00e0 et pr\u00eats \u00e0 vous aider.<\/p><a href=\"\/fr\/nous-contacter\/\" class=\"tt_button  \"  target=\"_self\" title=\"\">EN SAVOIR PLUS +<\/a><\/div>\r\n                    <\/div>\r\n                <\/li>\r\n                <li class=\"pss-item kd-animated fadeIn \"  data-animation-delay=200>\r\n                    <div class=\"pss-container\"><div class=\"pss-step-number\"><span >2<\/span><\/div><div class=\"pss-text-area\">\r\n                            <h5 >Traitement de confiance<\/h5>\r\n                            <p >Notre programme Trusted Treatment contient des contr\u00f4les de mousse, des contr\u00f4les de mauvaises herbes et des engrais pour garder votre pelouse luxuriante et saine toute l'ann\u00e9e. Traitement de confiance.<\/p><a href=\"\/fr\/nous-contacter\/\" class=\"tt_button  btn_secondary_color\"  target=\"_self\" title=\"\">EN SAVOIR PLUS +<\/a><\/div>\r\n                    <\/div>\r\n                <\/li>\r\n                <li class=\"pss-item kd-animated fadeIn \"  data-animation-delay=400>\r\n                    <div class=\"pss-container\"><div class=\"pss-step-number\"><span >3<\/span><\/div><div class=\"pss-text-area\">\r\n                            <h5 >Services 24h\/24 et 7j\/7<\/h5>\r\n                            <p >Les services d'urgence sont disponibles 24 heures sur 24, 365 jours par an. Toutes sortes d'urgences m\u00e9dicales sont g\u00e9r\u00e9es par la salle d'urgence.<\/p><a href=\"\/fr\/nous-contacter\/\" class=\"tt_button  \"  target=\"_self\" title=\"\">EN SAVOIR PLUS +<\/a><\/div>\r\n                    <\/div>\r\n                <\/li><\/ul>\r\n            <\/div><\/div><\/div><\/div><\/div>\r\n<\/div>[\/vc_column_inner][\/vc_row_inner][\/vc_column][\/vc_row][vc_row full_width=&#8221;stretch_row&#8221; css=&#8221;.vc_custom_1555684701846{padding-top: 85px !important;}&#8221;][vc_column css=&#8221;.vc_custom_1516029502203{padding-right: 0px !important;padding-left: 0px !important;}&#8221;][vc_row_inner css=&#8221;.vc_custom_1516030120585{padding-bottom: 80px !important;}&#8221;][vc_column_inner css=&#8221;.vc_custom_1516029494833{padding-right: 0px !important;padding-left: 0px !important;}&#8221;]<div class=\"templatera_shortcode\"><div class=\"vc_row wpb_row vc_row-fluid\"><div class=\"wpb_column vc_column_container vc_col-sm-12\"><div class=\"vc_column-inner\"><div class=\"wpb_wrapper\">\r\n                <div class=\"review-carousel rc-parent kd-rwc-69f0842b173f8 black-navigation nav-arrows-dots\">\r\n                    <div class=\"rc-content\">\r\n                <div class=\"key-reviews kd-animated fadeInUp \"  ><div class=\"rw-author-details\"><div class=\"rw_img_wrapper\">\r\n                            <div class=\"rw-authorimg\"><img loading=\"lazy\" decoding=\"async\" width=\"150\" height=\"150\" src=\"https:\/\/everydaychemshop.com\/fr\/wp-content\/uploads\/sites\/5\/2022\/11\/placeholder-testimonials.png\" class=\"attachment-full\" alt=\"\" title=\"placeholder-testimonials\" \/><\/div>\r\n                        <\/div><h5 >Nathan Becker<\/h5>\r\n                      <p >Los Angeles, California<\/p>\r\n                    <\/div><div class=\"rw_message\" >J'\u00e9cris cette lettre pour remercier tout le monde dans votre merveilleux h\u00f4pital pour les excellents soins qui m'ont \u00e9t\u00e9 prodigu\u00e9s. Maintenant je vais bien.<\/div><div class=\"rw_rating\">\r\n                         <span class=\"fa fa-star\" style=\"color: #ffc662;\"><\/span><span class=\"fa fa-star\" style=\"color: #ffc662;\"><\/span><span class=\"fa fa-star\" style=\"color: #ffc662;\"><\/span><span class=\"fa fa-star\" style=\"color: #ffc662;\"><\/span><span class=\"fa fa-star\" style=\"color: #ffc662;\"><\/span>\r\n                      <\/div><\/div>\r\n                <div class=\"key-reviews kd-animated fadeInUp \"  data-animation-delay=200><div class=\"rw-author-details\"><div class=\"rw_img_wrapper\">\r\n                            <div class=\"rw-authorimg\"><img loading=\"lazy\" decoding=\"async\" width=\"150\" height=\"150\" src=\"https:\/\/everydaychemshop.com\/fr\/wp-content\/uploads\/sites\/5\/2022\/11\/placeholder-testimonials.png\" class=\"attachment-full\" alt=\"\" title=\"placeholder-testimonials\" \/><\/div>\r\n                        <\/div><h5 >Norman<\/h5>\r\n                      <p >San Antonio, Texas<\/p>\r\n                    <\/div><div class=\"rw_message\" >\u00c0 partir du moment o\u00f9 elle a franchi les portes de la salle d'urgence, mes craintes se sont imm\u00e9diatement calm\u00e9es. mon \u0153il \u00e9tait imm\u00e9diatement<\/div><div class=\"rw_rating\">\r\n                         <span class=\"fa fa-star\" style=\"color: #ffc662;\"><\/span><span class=\"fa fa-star\" style=\"color: #ffc662;\"><\/span><span class=\"fa fa-star\" style=\"color: #ffc662;\"><\/span><span class=\"fa fa-star\" style=\"color: #ffc662;\"><\/span><span class=\"fa fa-star\" style=\"color: #ffc662;\"><\/span>\r\n                      <\/div><\/div>\r\n                <div class=\"key-reviews kd-animated fadeInUp \"  data-animation-delay=400><div class=\"rw-author-details\"><div class=\"rw_img_wrapper\">\r\n                            <div class=\"rw-authorimg\"><img loading=\"lazy\" decoding=\"async\" width=\"150\" height=\"150\" src=\"https:\/\/everydaychemshop.com\/fr\/wp-content\/uploads\/sites\/5\/2022\/11\/placeholder-testimonials.png\" class=\"attachment-full\" alt=\"\" title=\"placeholder-testimonials\" \/><\/div>\r\n                        <\/div><h5 >Sara Lisbon<\/h5>\r\n                      <p >Seattle, Washington<\/p>\r\n                    <\/div><div class=\"rw_message\" >Un membre de ma famille m'a propos\u00e9 Everyday Chem Shop et pr\u00e9parez-vous \u00e0 \u00eatre \u00e9poustoufl\u00e9. Ils ont v\u00e9hicul\u00e9 mes m\u00e9dicaments dans une capacit\u00e9 de concentration limit\u00e9e.<\/div><div class=\"rw_rating\">\r\n                         <span class=\"fa fa-star\" style=\"color: #ffc662;\"><\/span><span class=\"fa fa-star\" style=\"color: #ffc662;\"><\/span><span class=\"fa fa-star\" style=\"color: #ffc662;\"><\/span><span class=\"fa fa-star\" style=\"color: #ffc662;\"><\/span><span class=\"fa fa-star\" style=\"color: #ffc662;\"><\/span>\r\n                      <\/div><\/div>\r\n                <div class=\"key-reviews  \"  ><div class=\"rw-author-details\"><div class=\"rw_img_wrapper\">\r\n                            <div class=\"rw-authorimg\"><img loading=\"lazy\" decoding=\"async\" width=\"150\" height=\"150\" src=\"https:\/\/everydaychemshop.com\/fr\/wp-content\/uploads\/sites\/5\/2022\/11\/placeholder-testimonials.png\" class=\"attachment-full\" alt=\"\" title=\"placeholder-testimonials\" \/><\/div>\r\n                        <\/div><h5 >Rufus Lewis<\/h5>\r\n                      <p >Detroit, Michigan<\/p>\r\n                    <\/div><div class=\"rw_message\" >J'ai senti que vous aviez besoin de conna\u00eetre mon exp\u00e9rience chez Everyday Chem Shop. Je dis \u00e0 tout le monde \u00e0 quel point vous avez \u00e9t\u00e9 merveilleux pour nous pendant une p\u00e9riode tr\u00e8s difficile de notre vie.<\/div><div class=\"rw_rating\">\r\n                         <span class=\"fa fa-star\" style=\"color: #ffc662;\"><\/span><span class=\"fa fa-star\" style=\"color: #ffc662;\"><\/span><span class=\"fa fa-star\" style=\"color: #ffc662;\"><\/span><span class=\"fa fa-star\" style=\"color: #ffc662;\"><\/span><span class=\"fa fa-star\" style=\"color: #ffc662;\"><\/span>\r\n                      <\/div><\/div>\r\n                <div class=\"key-reviews  \"  ><div class=\"rw-author-details\"><div class=\"rw_img_wrapper\">\r\n                            <div class=\"rw-authorimg\"><img loading=\"lazy\" decoding=\"async\" width=\"150\" height=\"150\" src=\"https:\/\/everydaychemshop.com\/fr\/wp-content\/uploads\/sites\/5\/2022\/11\/placeholder-testimonials.png\" class=\"attachment-full\" alt=\"\" title=\"placeholder-testimonials\" \/><\/div>\r\n                        <\/div><h5 >Buyer<\/h5>\r\n                      <p >Portland, Oregon<\/p>\r\n                    <\/div><div class=\"rw_message\" >Pour \u00eatre honn\u00eate, je ne sais pas ce qui peut \u00eatre mieux en temps opportun, un devis rapide, une livraison rapide, je pense que c'est une bonne entreprise avec un bon produit.<\/div><div class=\"rw_rating\">\r\n                         <span class=\"fa fa-star\" style=\"color: #ffc662;\"><\/span><span class=\"fa fa-star\" style=\"color: #ffc662;\"><\/span><span class=\"fa fa-star\" style=\"color: #ffc662;\"><\/span><span class=\"fa fa-star\" style=\"color: #ffc662;\"><\/span><span class=\"fa fa-star\" style=\"color: #ffc662;\"><\/span>\r\n                      <\/div><\/div><\/div>\r\n                <\/div><script type=\"text\/javascript\">\r\n          \t\t\t\tjQuery(document).ready(function($){\r\n                    if ($(\".review-carousel.kd-rwc-69f0842b173f8 .rc-content\").length) {\r\n                      $(\".review-carousel.kd-rwc-69f0842b173f8 .rc-content\").owlCarousel({\r\n                        stageClass: \"owl-wrapper\",\r\n                        stageOuterClass: \"owl-wrapper-outer\",\r\n                        loadedClass: \"owl-carousel\",\r\n                        responsive:{\r\n                            0:{\r\n                                items:1,\r\n                                dots: false,\r\n                                nav: true,\r\n                                navSpeed: 500,\r\n                            },\r\n                            768:{\r\n                                items:2,\r\n                            },\r\n                            1024:{\r\n                                items:3,\r\n                            },\r\n                            1366:{\nnav: true,\r\n                                  navSpeed: 500,\r\n                                  dots: true,\r\n                                  dotsSpeed: 500,\r\n                                  dotsEach: true,}\r\n                        },loop: true,rewind: true,\r\n                        addClassActive: true,\r\n                      });\r\n                    }\r\n          \t\t\t\t});\r\n          \t\t\t<\/script><\/div><\/div><\/div><\/div>\r\n<\/div>[\/vc_column_inner][\/vc_row_inner][\/vc_column][\/vc_row][vc_row full_width=&#8221;stretch_row&#8221; css=&#8221;.vc_custom_1555684579349{border-bottom-width: 1px !important;border-bottom-color: #eaeaea !important;border-bottom-style: solid !important;}&#8221;][vc_column][vc_separator border_width=&#8221;2&#8243;][vc_row_inner css=&#8221;.vc_custom_1555684724267{padding-top: 80px !important;padding-bottom: 80px !important;}&#8221;][vc_column_inner]<div class=\"templatera_shortcode\"><div class=\"vc_row wpb_row vc_row-fluid\"><div class=\"wpb_column vc_column_container vc_col-sm-12\"><div class=\"vc_column-inner\"><div class=\"wpb_wrapper\"><div class=\"slider clients grayscale-effect kd-client-69f0842b17e28 black-navigation \"><div class=\"clients-content kd-animated zoomIn\" data-animation-delay=200><img loading=\"lazy\" decoding=\"async\" width=\"150\" height=\"50\" src=\"https:\/\/everydaychemshop.com\/fr\/wp-content\/uploads\/sites\/5\/2022\/11\/logo7.png\" class=\"attachment-full\" alt=\"\" title=\"logo7\" \/><\/div><div class=\"clients-content kd-animated zoomIn\" data-animation-delay=200><img loading=\"lazy\" decoding=\"async\" width=\"150\" height=\"50\" src=\"https:\/\/everydaychemshop.com\/fr\/wp-content\/uploads\/sites\/5\/2022\/11\/logo6.png\" class=\"attachment-full\" alt=\"\" title=\"logo6\" \/><\/div><div class=\"clients-content kd-animated zoomIn\" data-animation-delay=200><img loading=\"lazy\" decoding=\"async\" width=\"150\" height=\"50\" src=\"https:\/\/everydaychemshop.com\/fr\/wp-content\/uploads\/sites\/5\/2022\/11\/logo5.png\" class=\"attachment-full\" alt=\"\" title=\"logo5\" \/><\/div><div class=\"clients-content kd-animated zoomIn\" data-animation-delay=200><img loading=\"lazy\" decoding=\"async\" width=\"150\" height=\"50\" src=\"https:\/\/everydaychemshop.com\/fr\/wp-content\/uploads\/sites\/5\/2022\/11\/logo4.png\" class=\"attachment-full\" alt=\"\" title=\"logo4\" \/><\/div><div class=\"clients-content kd-animated zoomIn\" data-animation-delay=200><img loading=\"lazy\" decoding=\"async\" width=\"150\" height=\"50\" src=\"https:\/\/everydaychemshop.com\/fr\/wp-content\/uploads\/sites\/5\/2022\/11\/logo3.png\" class=\"attachment-full\" alt=\"\" title=\"logo3\" \/><\/div><div class=\"clients-content kd-animated zoomIn\" data-animation-delay=200><img loading=\"lazy\" decoding=\"async\" width=\"150\" height=\"50\" src=\"https:\/\/everydaychemshop.com\/fr\/wp-content\/uploads\/sites\/5\/2022\/11\/logo2.png\" class=\"attachment-full\" alt=\"\" title=\"logo2\" \/><\/div><div class=\"clients-content kd-animated zoomIn\" data-animation-delay=200><img loading=\"lazy\" decoding=\"async\" width=\"150\" height=\"50\" src=\"https:\/\/everydaychemshop.com\/fr\/wp-content\/uploads\/sites\/5\/2022\/11\/logo1.png\" class=\"attachment-full\" alt=\"\" title=\"logo1\" \/><\/div><\/div><script type=\"text\/javascript\">\r\n              jQuery(document).ready(function($){\r\n                if ($(\".slider.clients.kd-client-69f0842b17e28\").length) {\r\n                  $(\".slider.clients.kd-client-69f0842b17e28\").owlCarousel({\r\n                    stageClass: \"owl-wrapper\",\r\n                    stageOuterClass: \"owl-wrapper-outer\",\r\n                    loadedClass: \"owl-carousel\",\r\n                    responsiveClass:true,\r\n                    responsive:{\r\n                      0:{\r\n                          items:1,nav: true,\r\n                            navSpeed: 500,\r\n                            dots: false,},\r\n                      415:{\r\n                          items:3,nav: true,\r\n                            navSpeed: 500,\r\n                            dots: false,},\r\n                      960:{\r\n                          items:5,nav: true,\r\n                              navSpeed: 500,\r\n                              dots: false,}\r\n                    },loop: true,autoplay: true,autoplayTimeout: 8000,autoplayHoverPause: true,\r\n                  });\r\n                }\r\n              });\r\n            <\/script><\/div><\/div><\/div><\/div><\/div>[\/vc_column_inner][\/vc_row_inner][\/vc_column][\/vc_row]<\/p>\n","protected":false},"excerpt":{"rendered":"Everyday Chem ShopAvec plus de 15 ans d'exp\u00e9rience au service exclusif des patients, nous sommes des experts dans ce que [...]","protected":false},"author":1,"featured_media":0,"parent":0,"menu_order":0,"comment_status":"closed","ping_status":"closed","template":"","meta":{"inline_featured_image":false,"footnotes":""},"class_list":["post-5728","page","type-page","status-publish","hentry"],"yoast_head":"<!-- This site is optimized with the Yoast SEO Premium plugin v19.2 (Yoast SEO v27.3) - https:\/\/yoast.com\/product\/yoast-seo-premium-wordpress\/ -->\n<title>\u00c0 propos de nous - Everyday Chem Shop<\/title>\n<meta name=\"robots\" content=\"index, follow, max-snippet:-1, max-image-preview:large, max-video-preview:-1\" \/>\n<link rel=\"canonical\" href=\"https:\/\/everydaychemshop.com\/fr\/a-propos-de-nous\/\" \/>\n<meta property=\"og:locale\" content=\"en_US\" \/>\n<meta property=\"og:type\" content=\"article\" \/>\n<meta property=\"og:title\" content=\"\u00c0 propos de nous\" \/>\n<meta property=\"og:url\" content=\"https:\/\/everydaychemshop.com\/fr\/a-propos-de-nous\/\" \/>\n<meta property=\"og:site_name\" content=\"Everyday Chem Shop\" \/>\n<meta property=\"article:modified_time\" content=\"2023-01-04T11:10:59+00:00\" \/>\n<meta name=\"twitter:card\" content=\"summary_large_image\" \/>\n<meta name=\"twitter:label1\" content=\"Est. reading time\" \/>\n\t<meta name=\"twitter:data1\" content=\"1 minute\" \/>\n<script type=\"application\/ld+json\" class=\"yoast-schema-graph\">{\"@context\":\"https:\\\/\\\/schema.org\",\"@graph\":[{\"@type\":\"WebPage\",\"@id\":\"https:\\\/\\\/everydaychemshop.com\\\/fr\\\/a-propos-de-nous\\\/\",\"url\":\"https:\\\/\\\/everydaychemshop.com\\\/fr\\\/a-propos-de-nous\\\/\",\"name\":\"\u00c0 propos de nous - Everyday Chem Shop\",\"isPartOf\":{\"@id\":\"https:\\\/\\\/everydaychemshop.com\\\/fr\\\/#website\"},\"datePublished\":\"2018-10-22T13:46:00+00:00\",\"dateModified\":\"2023-01-04T11:10:59+00:00\",\"breadcrumb\":{\"@id\":\"https:\\\/\\\/everydaychemshop.com\\\/fr\\\/a-propos-de-nous\\\/#breadcrumb\"},\"inLanguage\":\"en-US\",\"potentialAction\":[{\"@type\":\"ReadAction\",\"target\":[\"https:\\\/\\\/everydaychemshop.com\\\/fr\\\/a-propos-de-nous\\\/\"]}]},{\"@type\":\"BreadcrumbList\",\"@id\":\"https:\\\/\\\/everydaychemshop.com\\\/fr\\\/a-propos-de-nous\\\/#breadcrumb\",\"itemListElement\":[{\"@type\":\"ListItem\",\"position\":1,\"name\":\"Home\",\"item\":\"https:\\\/\\\/everydaychemshop.com\\\/fr\\\/\"},{\"@type\":\"ListItem\",\"position\":2,\"name\":\"\u00c0 propos de nous\"}]},{\"@type\":\"WebSite\",\"@id\":\"https:\\\/\\\/everydaychemshop.com\\\/fr\\\/#website\",\"url\":\"https:\\\/\\\/everydaychemshop.com\\\/fr\\\/\",\"name\":\"Everyday Chem Shop\",\"description\":\"\",\"potentialAction\":[{\"@type\":\"SearchAction\",\"target\":{\"@type\":\"EntryPoint\",\"urlTemplate\":\"https:\\\/\\\/everydaychemshop.com\\\/fr\\\/?s={search_term_string}\"},\"query-input\":{\"@type\":\"PropertyValueSpecification\",\"valueRequired\":true,\"valueName\":\"search_term_string\"}}],\"inLanguage\":\"en-US\"}]}<\/script>\n<!-- \/ Yoast SEO Premium plugin. -->","yoast_head_json":{"title":"\u00c0 propos de nous - Everyday Chem Shop","robots":{"index":"index","follow":"follow","max-snippet":"max-snippet:-1","max-image-preview":"max-image-preview:large","max-video-preview":"max-video-preview:-1"},"canonical":"https:\/\/everydaychemshop.com\/fr\/a-propos-de-nous\/","og_locale":"en_US","og_type":"article","og_title":"\u00c0 propos de nous","og_url":"https:\/\/everydaychemshop.com\/fr\/a-propos-de-nous\/","og_site_name":"Everyday Chem Shop","article_modified_time":"2023-01-04T11:10:59+00:00","twitter_card":"summary_large_image","twitter_misc":{"Est. reading time":"1 minute"},"schema":{"@context":"https:\/\/schema.org","@graph":[{"@type":"WebPage","@id":"https:\/\/everydaychemshop.com\/fr\/a-propos-de-nous\/","url":"https:\/\/everydaychemshop.com\/fr\/a-propos-de-nous\/","name":"\u00c0 propos de nous - Everyday Chem Shop","isPartOf":{"@id":"https:\/\/everydaychemshop.com\/fr\/#website"},"datePublished":"2018-10-22T13:46:00+00:00","dateModified":"2023-01-04T11:10:59+00:00","breadcrumb":{"@id":"https:\/\/everydaychemshop.com\/fr\/a-propos-de-nous\/#breadcrumb"},"inLanguage":"en-US","potentialAction":[{"@type":"ReadAction","target":["https:\/\/everydaychemshop.com\/fr\/a-propos-de-nous\/"]}]},{"@type":"BreadcrumbList","@id":"https:\/\/everydaychemshop.com\/fr\/a-propos-de-nous\/#breadcrumb","itemListElement":[{"@type":"ListItem","position":1,"name":"Home","item":"https:\/\/everydaychemshop.com\/fr\/"},{"@type":"ListItem","position":2,"name":"\u00c0 propos de nous"}]},{"@type":"WebSite","@id":"https:\/\/everydaychemshop.com\/fr\/#website","url":"https:\/\/everydaychemshop.com\/fr\/","name":"Everyday Chem Shop","description":"","potentialAction":[{"@type":"SearchAction","target":{"@type":"EntryPoint","urlTemplate":"https:\/\/everydaychemshop.com\/fr\/?s={search_term_string}"},"query-input":{"@type":"PropertyValueSpecification","valueRequired":true,"valueName":"search_term_string"}}],"inLanguage":"en-US"}]}},"_links":{"self":[{"href":"https:\/\/everydaychemshop.com\/fr\/wp-json\/wp\/v2\/pages\/5728","targetHints":{"allow":["GET"]}}],"collection":[{"href":"https:\/\/everydaychemshop.com\/fr\/wp-json\/wp\/v2\/pages"}],"about":[{"href":"https:\/\/everydaychemshop.com\/fr\/wp-json\/wp\/v2\/types\/page"}],"author":[{"embeddable":true,"href":"https:\/\/everydaychemshop.com\/fr\/wp-json\/wp\/v2\/users\/1"}],"replies":[{"embeddable":true,"href":"https:\/\/everydaychemshop.com\/fr\/wp-json\/wp\/v2\/comments?post=5728"}],"version-history":[{"count":11,"href":"https:\/\/everydaychemshop.com\/fr\/wp-json\/wp\/v2\/pages\/5728\/revisions"}],"predecessor-version":[{"id":8503,"href":"https:\/\/everydaychemshop.com\/fr\/wp-json\/wp\/v2\/pages\/5728\/revisions\/8503"}],"wp:attachment":[{"href":"https:\/\/everydaychemshop.com\/fr\/wp-json\/wp\/v2\/media?parent=5728"}],"curies":[{"name":"wp","href":"https:\/\/api.w.org\/{rel}","templated":true}]}}