{"id":7583,"date":"2022-11-16T09:42:03","date_gmt":"2022-11-16T09:42:03","guid":{"rendered":"https:\/\/everydaychemshop.com\/fr\/?post_type=product&#038;p=7583"},"modified":"2023-04-07T12:48:55","modified_gmt":"2023-04-07T12:48:55","slug":"acheter-aprobarbitone-en-ligne","status":"publish","type":"product","link":"https:\/\/everydaychemshop.com\/fr\/product\/acheter-aprobarbitone-en-ligne\/","title":{"rendered":"Aaprobarbital"},"content":{"rendered":"<h1>Acheter des pilules d&#8217;aprobarbitone en ligne<\/h1>\n<p class=\"tt\"><a href=\"https:\/\/everydaychemshop.com\/fr\/product\/acheter-aprobarbitone-en-ligne\/\">Acheter des pilules d&#8217;aprobarbitone en ligne<\/a>. La pharmacie en ligne Nembutal travaille dans ce secteur depuis longtemps. Nous avons maintenant parfaitement compris les perspectives et les exigences des clients du monde entier. Nous sommes ici pour r\u00e9pondre \u00e0 toutes les exigences concernant l&#8217;Aprobarbitone. Si vous souhaitez acheter de l&#8217;Aprobarbitone en ligne, notre pharmacie est la meilleure pour le faire. Nous sommes disponibles avec ce m\u00e9dicament \u00e0 des prix modestes. Vous pouvez facilement l&#8217;acheter chez nous et nous vous le livrerons dans le d\u00e9lai mentionn\u00e9 <a href=\"https:\/\/en.wikipedia.org\/wiki\/Aprobarbital\">span<\/a>.<\/p>\n<h4 class=\"tt\">Que peut faire l&#8217;aprobarbitone pour vous\u00a0?<\/h4>\n<p>L&#8217;utilisation de l&#8217;aprobarbitone peut vous aider \u00e0 passer une bonne nuit de sommeil. Bref, c&#8217;est un traitement parfait pour les personnes insomniaques. Il est connu pour ses incroyables propri\u00e9t\u00e9s s\u00e9datives, hypnotiques et anticonvulsives.<\/p>\n<h4 class=\"tt\">Pourquoi devriez-vous nous choisir pour acheter de l&#8217;aprobarbitone en ligne\u00a0?<\/h4>\n<p>Nous sommes un \u00e9quipe sp\u00e9cialis\u00e9e de personnes ayant une exp\u00e9rience approfondie dans le domaine des m\u00e9dicaments et des drogues. En plus de cela, nous rendons l&#8217;Aprobarbitone et d&#8217;autres produits disponibles dans toutes les r\u00e9gions du monde. Vous pouvez d\u00e9sormais acheter l&#8217;Aprobarbitone en ligne au meilleur prix depuis votre domicile m\u00eame. Nous ne sommes qu&#8217;\u00e0 un clic. Soumettez votre commande pour acheter de l&#8217;Aprobarbitone en ligne d\u00e8s aujourd&#8217;hui et faites-la livrer rapidement \u00e0 l&#8217;adresse que vous avez indiqu\u00e9e.<\/p>\n<p><strong>Savez-vous o\u00f9 acheter de l&#8217;Aprobarbitone sans ordonnance\u00a0?<\/strong><\/p>\n<p>Aprobarbitone \u00e0 vendre, valeur marchande du brallobarbital, dosage de l&#8217;aprobarbital, comment fabriquer de l&#8217;aprobarbital, o\u00f9 puis-je acheter de l&#8217;aprobarbital en ligne, o\u00f9 trouver de l&#8217;aprobarbital, qu&#8217;est-ce que l&#8217;aprobarbital, de l&#8217;aprobarbital de qualit\u00e9 sup\u00e9rieure \u00e0 vendre. Toutes ces questions sans r\u00e9ponse peuvent trouver leurs r\u00e9ponses gr\u00e2ce \u00e0 nous. Il vous suffit de parcourir notre site Web et vous obtiendrez les r\u00e9ponses sur comment et o\u00f9 vous pouvez acheter des pilules d&#8217;Aprobarbitone sans ordonnance en ligne.<\/p>\n","protected":false},"excerpt":{"rendered":"<p><strong>Comment commander de l&#8217;aprobarbital \u00e0 la pharmacie en ligne de Nembutal\u00a0?<\/strong><\/p>\n<p>La pharmacie en ligne de Nembutal est une destination id\u00e9ale pour r\u00e9pondre \u00e0 vos besoins et exigences concernant l&#8217;aprobarbital. Vous pouvez simplement ajouter votre m\u00e9dicament au panier, terminer la proc\u00e9dure de paiement et passer une commande sur notre site Web. Contactez notre pharmacie maintenant et obtenez le meilleur pour votre sant\u00e9.Procurez-vous l&#8217;Aprobarbital en vente d\u00e8s aujourd&#8217;hui\u00a0!<\/p>\n","protected":false},"featured_media":7613,"comment_status":"open","ping_status":"closed","template":"","meta":{"inline_featured_image":false},"product_brand":[],"product_cat":[58],"product_tag":[],"class_list":{"0":"post-7583","1":"product","2":"type-product","3":"status-publish","4":"has-post-thumbnail","6":"product_cat-produits-nembutal","8":"first","9":"instock","10":"featured","11":"shipping-taxable","12":"purchasable","13":"product-type-variable","14":"has-default-attributes"},"yoast_head":"<!-- This site is optimized with the Yoast SEO Premium plugin v19.2 (Yoast SEO v27.3) - https:\/\/yoast.com\/product\/yoast-seo-premium-wordpress\/ -->\n<title>Acheter des pilules d&#039;aprobarbitone - Everyday Chem Shop<\/title>\n<meta name=\"description\" content=\"Acheter des pilules d&#039;aprobarbitone en ligne. Si vous cherchez comment acheter de l&#039;Aprobarbitone, vous \u00eates au bon endroit pour acheter de l&#039;Aprobarbitone en ligne.\" \/>\n<meta name=\"robots\" content=\"index, follow, max-snippet:-1, max-image-preview:large, max-video-preview:-1\" \/>\n<link rel=\"canonical\" href=\"https:\/\/everydaychemshop.com\/fr\/product\/acheter-aprobarbitone-en-ligne\/\" \/>\n<meta property=\"og:locale\" content=\"en_US\" \/>\n<meta property=\"og:type\" content=\"article\" \/>\n<meta property=\"og:title\" content=\"Aaprobarbital\" \/>\n<meta property=\"og:description\" content=\"Acheter des pilules d&#039;aprobarbitone en ligne. Si vous cherchez comment acheter de l&#039;Aprobarbitone, vous \u00eates au bon endroit pour acheter de l&#039;Aprobarbitone en ligne.\" \/>\n<meta property=\"og:url\" content=\"https:\/\/everydaychemshop.com\/fr\/product\/acheter-aprobarbitone-en-ligne\/\" \/>\n<meta property=\"og:site_name\" content=\"Everyday Chem Shop\" \/>\n<meta property=\"article:modified_time\" content=\"2023-04-07T12:48:55+00:00\" \/>\n<meta property=\"og:image\" content=\"https:\/\/everydaychemshop.com\/fr\/wp-content\/uploads\/sites\/5\/2022\/11\/Aprobarbitone-1.jpg\" \/>\n\t<meta property=\"og:image:width\" content=\"600\" \/>\n\t<meta property=\"og:image:height\" content=\"600\" \/>\n\t<meta property=\"og:image:type\" content=\"image\/jpeg\" \/>\n<meta name=\"twitter:card\" content=\"summary_large_image\" \/>\n<meta name=\"twitter:label1\" content=\"Est. reading time\" \/>\n\t<meta name=\"twitter:data1\" content=\"2 minutes\" \/>\n<script type=\"application\/ld+json\" class=\"yoast-schema-graph\">{\"@context\":\"https:\\\/\\\/schema.org\",\"@graph\":[{\"@type\":\"WebPage\",\"@id\":\"https:\\\/\\\/everydaychemshop.com\\\/fr\\\/product\\\/acheter-aprobarbitone-en-ligne\\\/\",\"url\":\"https:\\\/\\\/everydaychemshop.com\\\/fr\\\/product\\\/acheter-aprobarbitone-en-ligne\\\/\",\"name\":\"Acheter des pilules d'aprobarbitone - Everyday Chem Shop\",\"isPartOf\":{\"@id\":\"https:\\\/\\\/everydaychemshop.com\\\/fr\\\/#website\"},\"primaryImageOfPage\":{\"@id\":\"https:\\\/\\\/everydaychemshop.com\\\/fr\\\/product\\\/acheter-aprobarbitone-en-ligne\\\/#primaryimage\"},\"image\":{\"@id\":\"https:\\\/\\\/everydaychemshop.com\\\/fr\\\/product\\\/acheter-aprobarbitone-en-ligne\\\/#primaryimage\"},\"thumbnailUrl\":\"https:\\\/\\\/everydaychemshop.com\\\/fr\\\/wp-content\\\/uploads\\\/sites\\\/5\\\/2022\\\/11\\\/Aprobarbitone-1.jpg\",\"datePublished\":\"2022-11-16T09:42:03+00:00\",\"dateModified\":\"2023-04-07T12:48:55+00:00\",\"description\":\"Acheter des pilules d'aprobarbitone en ligne. Si vous cherchez comment acheter de l'Aprobarbitone, vous \u00eates au bon endroit pour acheter de l'Aprobarbitone en ligne.\",\"breadcrumb\":{\"@id\":\"https:\\\/\\\/everydaychemshop.com\\\/fr\\\/product\\\/acheter-aprobarbitone-en-ligne\\\/#breadcrumb\"},\"inLanguage\":\"en-US\",\"potentialAction\":[{\"@type\":\"ReadAction\",\"target\":[\"https:\\\/\\\/everydaychemshop.com\\\/fr\\\/product\\\/acheter-aprobarbitone-en-ligne\\\/\"]}]},{\"@type\":\"ImageObject\",\"inLanguage\":\"en-US\",\"@id\":\"https:\\\/\\\/everydaychemshop.com\\\/fr\\\/product\\\/acheter-aprobarbitone-en-ligne\\\/#primaryimage\",\"url\":\"https:\\\/\\\/everydaychemshop.com\\\/fr\\\/wp-content\\\/uploads\\\/sites\\\/5\\\/2022\\\/11\\\/Aprobarbitone-1.jpg\",\"contentUrl\":\"https:\\\/\\\/everydaychemshop.com\\\/fr\\\/wp-content\\\/uploads\\\/sites\\\/5\\\/2022\\\/11\\\/Aprobarbitone-1.jpg\",\"width\":600,\"height\":600,\"caption\":\"Acheter des pilules d'aprobarbitone en ligne\"},{\"@type\":\"BreadcrumbList\",\"@id\":\"https:\\\/\\\/everydaychemshop.com\\\/fr\\\/product\\\/acheter-aprobarbitone-en-ligne\\\/#breadcrumb\",\"itemListElement\":[{\"@type\":\"ListItem\",\"position\":1,\"name\":\"Home\",\"item\":\"https:\\\/\\\/everydaychemshop.com\\\/fr\\\/\"},{\"@type\":\"ListItem\",\"position\":2,\"name\":\"Des produits\",\"item\":\"https:\\\/\\\/everydaychemshop.com\\\/fr\\\/des-produits\\\/\"},{\"@type\":\"ListItem\",\"position\":3,\"name\":\"Aaprobarbital\"}]},{\"@type\":\"WebSite\",\"@id\":\"https:\\\/\\\/everydaychemshop.com\\\/fr\\\/#website\",\"url\":\"https:\\\/\\\/everydaychemshop.com\\\/fr\\\/\",\"name\":\"Everyday Chem Shop\",\"description\":\"\",\"potentialAction\":[{\"@type\":\"SearchAction\",\"target\":{\"@type\":\"EntryPoint\",\"urlTemplate\":\"https:\\\/\\\/everydaychemshop.com\\\/fr\\\/?s={search_term_string}\"},\"query-input\":{\"@type\":\"PropertyValueSpecification\",\"valueRequired\":true,\"valueName\":\"search_term_string\"}}],\"inLanguage\":\"en-US\"}]}<\/script>\n<!-- \/ Yoast SEO Premium plugin. -->","yoast_head_json":{"title":"Acheter des pilules d'aprobarbitone - Everyday Chem Shop","description":"Acheter des pilules d'aprobarbitone en ligne. Si vous cherchez comment acheter de l'Aprobarbitone, vous \u00eates au bon endroit pour acheter de l'Aprobarbitone en ligne.","robots":{"index":"index","follow":"follow","max-snippet":"max-snippet:-1","max-image-preview":"max-image-preview:large","max-video-preview":"max-video-preview:-1"},"canonical":"https:\/\/everydaychemshop.com\/fr\/product\/acheter-aprobarbitone-en-ligne\/","og_locale":"en_US","og_type":"article","og_title":"Aaprobarbital","og_description":"Acheter des pilules d'aprobarbitone en ligne. Si vous cherchez comment acheter de l'Aprobarbitone, vous \u00eates au bon endroit pour acheter de l'Aprobarbitone en ligne.","og_url":"https:\/\/everydaychemshop.com\/fr\/product\/acheter-aprobarbitone-en-ligne\/","og_site_name":"Everyday Chem Shop","article_modified_time":"2023-04-07T12:48:55+00:00","og_image":[{"width":600,"height":600,"url":"https:\/\/everydaychemshop.com\/fr\/wp-content\/uploads\/sites\/5\/2022\/11\/Aprobarbitone-1.jpg","type":"image\/jpeg"}],"twitter_card":"summary_large_image","twitter_misc":{"Est. reading time":"2 minutes"},"schema":{"@context":"https:\/\/schema.org","@graph":[{"@type":"WebPage","@id":"https:\/\/everydaychemshop.com\/fr\/product\/acheter-aprobarbitone-en-ligne\/","url":"https:\/\/everydaychemshop.com\/fr\/product\/acheter-aprobarbitone-en-ligne\/","name":"Acheter des pilules d'aprobarbitone - Everyday Chem Shop","isPartOf":{"@id":"https:\/\/everydaychemshop.com\/fr\/#website"},"primaryImageOfPage":{"@id":"https:\/\/everydaychemshop.com\/fr\/product\/acheter-aprobarbitone-en-ligne\/#primaryimage"},"image":{"@id":"https:\/\/everydaychemshop.com\/fr\/product\/acheter-aprobarbitone-en-ligne\/#primaryimage"},"thumbnailUrl":"https:\/\/everydaychemshop.com\/fr\/wp-content\/uploads\/sites\/5\/2022\/11\/Aprobarbitone-1.jpg","datePublished":"2022-11-16T09:42:03+00:00","dateModified":"2023-04-07T12:48:55+00:00","description":"Acheter des pilules d'aprobarbitone en ligne. Si vous cherchez comment acheter de l'Aprobarbitone, vous \u00eates au bon endroit pour acheter de l'Aprobarbitone en ligne.","breadcrumb":{"@id":"https:\/\/everydaychemshop.com\/fr\/product\/acheter-aprobarbitone-en-ligne\/#breadcrumb"},"inLanguage":"en-US","potentialAction":[{"@type":"ReadAction","target":["https:\/\/everydaychemshop.com\/fr\/product\/acheter-aprobarbitone-en-ligne\/"]}]},{"@type":"ImageObject","inLanguage":"en-US","@id":"https:\/\/everydaychemshop.com\/fr\/product\/acheter-aprobarbitone-en-ligne\/#primaryimage","url":"https:\/\/everydaychemshop.com\/fr\/wp-content\/uploads\/sites\/5\/2022\/11\/Aprobarbitone-1.jpg","contentUrl":"https:\/\/everydaychemshop.com\/fr\/wp-content\/uploads\/sites\/5\/2022\/11\/Aprobarbitone-1.jpg","width":600,"height":600,"caption":"Acheter des pilules d'aprobarbitone en ligne"},{"@type":"BreadcrumbList","@id":"https:\/\/everydaychemshop.com\/fr\/product\/acheter-aprobarbitone-en-ligne\/#breadcrumb","itemListElement":[{"@type":"ListItem","position":1,"name":"Home","item":"https:\/\/everydaychemshop.com\/fr\/"},{"@type":"ListItem","position":2,"name":"Des produits","item":"https:\/\/everydaychemshop.com\/fr\/des-produits\/"},{"@type":"ListItem","position":3,"name":"Aaprobarbital"}]},{"@type":"WebSite","@id":"https:\/\/everydaychemshop.com\/fr\/#website","url":"https:\/\/everydaychemshop.com\/fr\/","name":"Everyday Chem Shop","description":"","potentialAction":[{"@type":"SearchAction","target":{"@type":"EntryPoint","urlTemplate":"https:\/\/everydaychemshop.com\/fr\/?s={search_term_string}"},"query-input":{"@type":"PropertyValueSpecification","valueRequired":true,"valueName":"search_term_string"}}],"inLanguage":"en-US"}]}},"_links":{"self":[{"href":"https:\/\/everydaychemshop.com\/fr\/wp-json\/wp\/v2\/product\/7583","targetHints":{"allow":["GET"]}}],"collection":[{"href":"https:\/\/everydaychemshop.com\/fr\/wp-json\/wp\/v2\/product"}],"about":[{"href":"https:\/\/everydaychemshop.com\/fr\/wp-json\/wp\/v2\/types\/product"}],"replies":[{"embeddable":true,"href":"https:\/\/everydaychemshop.com\/fr\/wp-json\/wp\/v2\/comments?post=7583"}],"wp:featuredmedia":[{"embeddable":true,"href":"https:\/\/everydaychemshop.com\/fr\/wp-json\/wp\/v2\/media\/7613"}],"wp:attachment":[{"href":"https:\/\/everydaychemshop.com\/fr\/wp-json\/wp\/v2\/media?parent=7583"}],"wp:term":[{"taxonomy":"product_brand","embeddable":true,"href":"https:\/\/everydaychemshop.com\/fr\/wp-json\/wp\/v2\/product_brand?post=7583"},{"taxonomy":"product_cat","embeddable":true,"href":"https:\/\/everydaychemshop.com\/fr\/wp-json\/wp\/v2\/product_cat?post=7583"},{"taxonomy":"product_tag","embeddable":true,"href":"https:\/\/everydaychemshop.com\/fr\/wp-json\/wp\/v2\/product_tag?post=7583"}],"curies":[{"name":"wp","href":"https:\/\/api.w.org\/{rel}","templated":true}]}}