{"id":7585,"date":"2022-11-16T09:42:03","date_gmt":"2022-11-16T09:42:03","guid":{"rendered":"https:\/\/everydaychemshop.com\/fr\/?post_type=product&#038;p=7585"},"modified":"2023-04-07T12:45:56","modified_gmt":"2023-04-07T12:45:56","slug":"acheter-butabarbital-en-ligne","status":"publish","type":"product","link":"https:\/\/everydaychemshop.com\/fr\/product\/acheter-butabarbital-en-ligne\/","title":{"rendered":"Acheter Butabarbital en ligne"},"content":{"rendered":"<h1>Acheter des pilules de butabarbital en ligne<\/h1>\n<p class=\"tt\"><a href=\"https:\/\/everydaychemshop.com\/fr\/product\/acheter-butabarbital-en-ligne\/\">Acheter des pilules de butabarbital en ligne<\/a>. Acheter des comprim\u00e9s de butabarbital sodique 50 mg en ligne de la meilleure pharmacie<\/p>\n<p>La pharmacie en ligne Nembutal est une pharmacie id\u00e9ale pour acheter des comprim\u00e9s de butabarbital sodique 50 mg au meilleur prix. Nous sommes engag\u00e9s dans cette industrie de la m\u00e9decine <a href=\"https:\/\/en.wikipedia.org\/wiki\/Butabarbital\">pour<\/a> une longue p\u00e9riode de temps. Vous pouvez compter <a href=\"https:\/\/en.wikipedia.org\/wiki\/Butabarbital\">sur<\/a> nous pour recevoir le meilleur pour votre sant\u00e9. Les membres de notre \u00e9quipe professionnelle ne laisseront pas tomber vos attentes de toute fa\u00e7on. Achetez maintenant\u00a0!<\/p>\n<h4 class=\"tt\">Comment pouvez-vous tirer le meilleur parti du butabarbital sodique apr\u00e8s l&#8217;avoir achet\u00e9 chez nous\u00a0?<\/h4>\n<p>Le butabarbital sodique est un m\u00e9dicament parfait qui peut \u00eatre utilis\u00e9 pour traitement de l&#8217;insomnie chez les personnes. Il s&#8217;agit g\u00e9n\u00e9ralement d&#8217;un m\u00e9dicament \u00e0 court terme. L&#8217;industrie m\u00e9dicale peut utiliser ce produit comme s\u00e9datif avant toute intervention chirurgicale.<\/p>\n<p>Pour assurer une m\u00e9dication appropri\u00e9e sur le butabarbital sodique, nous proposons un guide manuel \u00e0 nos clients. Dans ce guide manuel, toutes les instructions relatives au m\u00e9dicament sont mentionn\u00e9es. Vous pouvez facilement les lire un par un et les utiliser aux fins pr\u00e9vues. Vous pouvez faire enti\u00e8rement confiance \u00e0 notre pharmacie en ligne professionnelle. Nous pensons toujours au mieux pour nos pr\u00e9cieux clients. Nous nous soucions toujours de la sant\u00e9 des personnes et v\u00e9rifions tous les produits avant de les livrer.<\/p>\n<p>Afin d&#8217;acheter Butabarbital Sodium au meilleur prix, vous pouvez nous contacter. Notre \u00e9quipe interpr\u00e9tera votre commande et la pr\u00e9parera pour la livraison dans l&#8217;instant suivant. Vos m\u00e9dicaments vous parviendront dans les d\u00e9lais impartis par notre pharmacie en ligne. Commandez du Nembutal pas cher maintenant\u00a0!<\/p>\n<p>&nbsp;<\/p>\n","protected":false},"excerpt":{"rendered":"<p><strong>Comment commander du butabarbital sodique aupr\u00e8s de la pharmacie en ligne Nembutal\u00a0?<\/strong><\/p>\n<p>La pharmacie en ligne Nembutal est d\u00e9sormais disponible au stade en ligne. Soumettez les d\u00e9tails de votre commande pour acheter des comprim\u00e9s de butabarbital sodique 50 mg sur notre site officiel, suivi du paiement correspondant. Une fois la commande pass\u00e9e, elle sera compl\u00e9t\u00e9e dans le d\u00e9lai mentionn\u00e9. Commandez aujourd&#8217;hui\u00a0!<\/p>\n","protected":false},"featured_media":7615,"comment_status":"closed","ping_status":"closed","template":"","meta":{"inline_featured_image":false},"product_brand":[],"product_cat":[58],"product_tag":[],"class_list":{"0":"post-7585","1":"product","2":"type-product","3":"status-publish","4":"has-post-thumbnail","6":"product_cat-produits-nembutal","8":"first","9":"instock","10":"featured","11":"shipping-taxable","12":"purchasable","13":"product-type-variable","14":"has-default-attributes"},"yoast_head":"<!-- This site is optimized with the Yoast SEO Premium plugin v19.2 (Yoast SEO v27.3) - https:\/\/yoast.com\/product\/yoast-seo-premium-wordpress\/ -->\n<title>Acheter des pilules de butabarbital en ligne - Everyday Chem Shop<\/title>\n<meta name=\"description\" content=\"Acheter des pilules de butabarbital en ligne. Si vous cherchez comment acheter du butabarbital, vous \u00eates au bon endroit pour acheter du butabarbital en ligne.\" \/>\n<meta name=\"robots\" content=\"index, follow, max-snippet:-1, max-image-preview:large, max-video-preview:-1\" \/>\n<link rel=\"canonical\" href=\"https:\/\/everydaychemshop.com\/fr\/product\/acheter-butabarbital-en-ligne\/\" \/>\n<meta property=\"og:locale\" content=\"en_US\" \/>\n<meta property=\"og:type\" content=\"article\" \/>\n<meta property=\"og:title\" content=\"Acheter Butabarbital en ligne\" \/>\n<meta property=\"og:description\" content=\"Acheter des pilules de butabarbital en ligne. Si vous cherchez comment acheter du butabarbital, vous \u00eates au bon endroit pour acheter du butabarbital en ligne.\" \/>\n<meta property=\"og:url\" content=\"https:\/\/everydaychemshop.com\/fr\/product\/acheter-butabarbital-en-ligne\/\" \/>\n<meta property=\"og:site_name\" content=\"Everyday Chem Shop\" \/>\n<meta property=\"article:modified_time\" content=\"2023-04-07T12:45:56+00:00\" \/>\n<meta property=\"og:image\" content=\"https:\/\/everydaychemshop.com\/fr\/wp-content\/uploads\/sites\/5\/2022\/11\/Butabarbital.jpg\" \/>\n\t<meta property=\"og:image:width\" content=\"600\" \/>\n\t<meta property=\"og:image:height\" content=\"600\" \/>\n\t<meta property=\"og:image:type\" content=\"image\/jpeg\" \/>\n<meta name=\"twitter:card\" content=\"summary_large_image\" \/>\n<meta name=\"twitter:label1\" content=\"Est. reading time\" \/>\n\t<meta name=\"twitter:data1\" content=\"2 minutes\" \/>\n<script type=\"application\/ld+json\" class=\"yoast-schema-graph\">{\"@context\":\"https:\\\/\\\/schema.org\",\"@graph\":[{\"@type\":\"WebPage\",\"@id\":\"https:\\\/\\\/everydaychemshop.com\\\/fr\\\/product\\\/acheter-butabarbital-en-ligne\\\/\",\"url\":\"https:\\\/\\\/everydaychemshop.com\\\/fr\\\/product\\\/acheter-butabarbital-en-ligne\\\/\",\"name\":\"Acheter des pilules de butabarbital en ligne - Everyday Chem Shop\",\"isPartOf\":{\"@id\":\"https:\\\/\\\/everydaychemshop.com\\\/fr\\\/#website\"},\"primaryImageOfPage\":{\"@id\":\"https:\\\/\\\/everydaychemshop.com\\\/fr\\\/product\\\/acheter-butabarbital-en-ligne\\\/#primaryimage\"},\"image\":{\"@id\":\"https:\\\/\\\/everydaychemshop.com\\\/fr\\\/product\\\/acheter-butabarbital-en-ligne\\\/#primaryimage\"},\"thumbnailUrl\":\"https:\\\/\\\/everydaychemshop.com\\\/fr\\\/wp-content\\\/uploads\\\/sites\\\/5\\\/2022\\\/11\\\/Butabarbital.jpg\",\"datePublished\":\"2022-11-16T09:42:03+00:00\",\"dateModified\":\"2023-04-07T12:45:56+00:00\",\"description\":\"Acheter des pilules de butabarbital en ligne. Si vous cherchez comment acheter du butabarbital, vous \u00eates au bon endroit pour acheter du butabarbital en ligne.\",\"breadcrumb\":{\"@id\":\"https:\\\/\\\/everydaychemshop.com\\\/fr\\\/product\\\/acheter-butabarbital-en-ligne\\\/#breadcrumb\"},\"inLanguage\":\"en-US\",\"potentialAction\":[{\"@type\":\"ReadAction\",\"target\":[\"https:\\\/\\\/everydaychemshop.com\\\/fr\\\/product\\\/acheter-butabarbital-en-ligne\\\/\"]}]},{\"@type\":\"ImageObject\",\"inLanguage\":\"en-US\",\"@id\":\"https:\\\/\\\/everydaychemshop.com\\\/fr\\\/product\\\/acheter-butabarbital-en-ligne\\\/#primaryimage\",\"url\":\"https:\\\/\\\/everydaychemshop.com\\\/fr\\\/wp-content\\\/uploads\\\/sites\\\/5\\\/2022\\\/11\\\/Butabarbital.jpg\",\"contentUrl\":\"https:\\\/\\\/everydaychemshop.com\\\/fr\\\/wp-content\\\/uploads\\\/sites\\\/5\\\/2022\\\/11\\\/Butabarbital.jpg\",\"width\":600,\"height\":600,\"caption\":\"Acheter des pilules de butabarbital en ligne\"},{\"@type\":\"BreadcrumbList\",\"@id\":\"https:\\\/\\\/everydaychemshop.com\\\/fr\\\/product\\\/acheter-butabarbital-en-ligne\\\/#breadcrumb\",\"itemListElement\":[{\"@type\":\"ListItem\",\"position\":1,\"name\":\"Home\",\"item\":\"https:\\\/\\\/everydaychemshop.com\\\/fr\\\/\"},{\"@type\":\"ListItem\",\"position\":2,\"name\":\"Des produits\",\"item\":\"https:\\\/\\\/everydaychemshop.com\\\/fr\\\/des-produits\\\/\"},{\"@type\":\"ListItem\",\"position\":3,\"name\":\"Acheter Butabarbital en ligne\"}]},{\"@type\":\"WebSite\",\"@id\":\"https:\\\/\\\/everydaychemshop.com\\\/fr\\\/#website\",\"url\":\"https:\\\/\\\/everydaychemshop.com\\\/fr\\\/\",\"name\":\"Everyday Chem Shop\",\"description\":\"\",\"potentialAction\":[{\"@type\":\"SearchAction\",\"target\":{\"@type\":\"EntryPoint\",\"urlTemplate\":\"https:\\\/\\\/everydaychemshop.com\\\/fr\\\/?s={search_term_string}\"},\"query-input\":{\"@type\":\"PropertyValueSpecification\",\"valueRequired\":true,\"valueName\":\"search_term_string\"}}],\"inLanguage\":\"en-US\"}]}<\/script>\n<!-- \/ Yoast SEO Premium plugin. -->","yoast_head_json":{"title":"Acheter des pilules de butabarbital en ligne - Everyday Chem Shop","description":"Acheter des pilules de butabarbital en ligne. Si vous cherchez comment acheter du butabarbital, vous \u00eates au bon endroit pour acheter du butabarbital en ligne.","robots":{"index":"index","follow":"follow","max-snippet":"max-snippet:-1","max-image-preview":"max-image-preview:large","max-video-preview":"max-video-preview:-1"},"canonical":"https:\/\/everydaychemshop.com\/fr\/product\/acheter-butabarbital-en-ligne\/","og_locale":"en_US","og_type":"article","og_title":"Acheter Butabarbital en ligne","og_description":"Acheter des pilules de butabarbital en ligne. Si vous cherchez comment acheter du butabarbital, vous \u00eates au bon endroit pour acheter du butabarbital en ligne.","og_url":"https:\/\/everydaychemshop.com\/fr\/product\/acheter-butabarbital-en-ligne\/","og_site_name":"Everyday Chem Shop","article_modified_time":"2023-04-07T12:45:56+00:00","og_image":[{"width":600,"height":600,"url":"https:\/\/everydaychemshop.com\/fr\/wp-content\/uploads\/sites\/5\/2022\/11\/Butabarbital.jpg","type":"image\/jpeg"}],"twitter_card":"summary_large_image","twitter_misc":{"Est. reading time":"2 minutes"},"schema":{"@context":"https:\/\/schema.org","@graph":[{"@type":"WebPage","@id":"https:\/\/everydaychemshop.com\/fr\/product\/acheter-butabarbital-en-ligne\/","url":"https:\/\/everydaychemshop.com\/fr\/product\/acheter-butabarbital-en-ligne\/","name":"Acheter des pilules de butabarbital en ligne - Everyday Chem Shop","isPartOf":{"@id":"https:\/\/everydaychemshop.com\/fr\/#website"},"primaryImageOfPage":{"@id":"https:\/\/everydaychemshop.com\/fr\/product\/acheter-butabarbital-en-ligne\/#primaryimage"},"image":{"@id":"https:\/\/everydaychemshop.com\/fr\/product\/acheter-butabarbital-en-ligne\/#primaryimage"},"thumbnailUrl":"https:\/\/everydaychemshop.com\/fr\/wp-content\/uploads\/sites\/5\/2022\/11\/Butabarbital.jpg","datePublished":"2022-11-16T09:42:03+00:00","dateModified":"2023-04-07T12:45:56+00:00","description":"Acheter des pilules de butabarbital en ligne. Si vous cherchez comment acheter du butabarbital, vous \u00eates au bon endroit pour acheter du butabarbital en ligne.","breadcrumb":{"@id":"https:\/\/everydaychemshop.com\/fr\/product\/acheter-butabarbital-en-ligne\/#breadcrumb"},"inLanguage":"en-US","potentialAction":[{"@type":"ReadAction","target":["https:\/\/everydaychemshop.com\/fr\/product\/acheter-butabarbital-en-ligne\/"]}]},{"@type":"ImageObject","inLanguage":"en-US","@id":"https:\/\/everydaychemshop.com\/fr\/product\/acheter-butabarbital-en-ligne\/#primaryimage","url":"https:\/\/everydaychemshop.com\/fr\/wp-content\/uploads\/sites\/5\/2022\/11\/Butabarbital.jpg","contentUrl":"https:\/\/everydaychemshop.com\/fr\/wp-content\/uploads\/sites\/5\/2022\/11\/Butabarbital.jpg","width":600,"height":600,"caption":"Acheter des pilules de butabarbital en ligne"},{"@type":"BreadcrumbList","@id":"https:\/\/everydaychemshop.com\/fr\/product\/acheter-butabarbital-en-ligne\/#breadcrumb","itemListElement":[{"@type":"ListItem","position":1,"name":"Home","item":"https:\/\/everydaychemshop.com\/fr\/"},{"@type":"ListItem","position":2,"name":"Des produits","item":"https:\/\/everydaychemshop.com\/fr\/des-produits\/"},{"@type":"ListItem","position":3,"name":"Acheter Butabarbital en ligne"}]},{"@type":"WebSite","@id":"https:\/\/everydaychemshop.com\/fr\/#website","url":"https:\/\/everydaychemshop.com\/fr\/","name":"Everyday Chem Shop","description":"","potentialAction":[{"@type":"SearchAction","target":{"@type":"EntryPoint","urlTemplate":"https:\/\/everydaychemshop.com\/fr\/?s={search_term_string}"},"query-input":{"@type":"PropertyValueSpecification","valueRequired":true,"valueName":"search_term_string"}}],"inLanguage":"en-US"}]}},"_links":{"self":[{"href":"https:\/\/everydaychemshop.com\/fr\/wp-json\/wp\/v2\/product\/7585","targetHints":{"allow":["GET"]}}],"collection":[{"href":"https:\/\/everydaychemshop.com\/fr\/wp-json\/wp\/v2\/product"}],"about":[{"href":"https:\/\/everydaychemshop.com\/fr\/wp-json\/wp\/v2\/types\/product"}],"replies":[{"embeddable":true,"href":"https:\/\/everydaychemshop.com\/fr\/wp-json\/wp\/v2\/comments?post=7585"}],"wp:featuredmedia":[{"embeddable":true,"href":"https:\/\/everydaychemshop.com\/fr\/wp-json\/wp\/v2\/media\/7615"}],"wp:attachment":[{"href":"https:\/\/everydaychemshop.com\/fr\/wp-json\/wp\/v2\/media?parent=7585"}],"wp:term":[{"taxonomy":"product_brand","embeddable":true,"href":"https:\/\/everydaychemshop.com\/fr\/wp-json\/wp\/v2\/product_brand?post=7585"},{"taxonomy":"product_cat","embeddable":true,"href":"https:\/\/everydaychemshop.com\/fr\/wp-json\/wp\/v2\/product_cat?post=7585"},{"taxonomy":"product_tag","embeddable":true,"href":"https:\/\/everydaychemshop.com\/fr\/wp-json\/wp\/v2\/product_tag?post=7585"}],"curies":[{"name":"wp","href":"https:\/\/api.w.org\/{rel}","templated":true}]}}