{"id":7590,"date":"2022-11-16T09:42:05","date_gmt":"2022-11-16T09:42:05","guid":{"rendered":"https:\/\/everydaychemshop.com\/fr\/?post_type=product&#038;p=7590"},"modified":"2023-04-07T12:38:39","modified_gmt":"2023-04-07T12:38:39","slug":"acheter-pentobarbital-sodique-liquide-oral-en-ligne","status":"publish","type":"product","link":"https:\/\/everydaychemshop.com\/fr\/product\/acheter-pentobarbital-sodique-liquide-oral-en-ligne\/","title":{"rendered":"Pentobarbital sodique (liquide) (oral)"},"content":{"rendered":"<h1 class=\"tt\">Acheter pentobarbital sodique oral en ligne<\/h1>\n<p><a href=\"https:\/\/everydaychemshop.com\/fr\/product\/acheter-pentobarbital-sodique-liquide-oral-en-ligne\/\">Acheter pentobarbital sodique oral en ligne<\/a>. La solution de sodium NEMBUTAL (injection de pentobarbital sodique) est une solution st\u00e9rile pour injection intraveineuse ou intramusculaire. Chaque mL contient 50 mg de pentobarbital sodique, dans un v\u00e9hicule de propyl\u00e8ne glycol, 40 %, alcool, 10 % et eau pour injection, au volume. Le pH est ajust\u00e9 \u00e0 environ 9,5 avec de l&#8217;acide chlorhydrique <a href=\"https:\/\/en.wikipedia.org\/wiki\/Pentobarbital\">et<\/a>\/ou de l&#8217;hydroxyde de sodium. Ce m\u00e9dicament est destin\u00e9 \u00e0 \u00eatre inject\u00e9 dans un muscle ou une veine. Achetez du pentobarbital sodique en ligne, du pentobarbital pour l&#8217;euthanasie, du groupe pentobarbital sodique, du pentobarbital sodique liquide, du pentobarbital sodique pour l&#8217;euthanasie des animaux.<\/p>\n<p>L&#8217;achat de pentobarbital sodique en ligne est d\u00e9sormais possible chez Nembutal Group. Vous pouvez maintenant acheter Pentobarbital Sodium Injection et le faire livrer \u00e0 votre adresse dans les d\u00e9lais promis. Contactez-nous maintenant! Le pentobarbital pour l&#8217;euthanasie, le pentobarbital sodique liquide, le pentobarbital de sodium pour l&#8217;euthanasie des animaux,<\/p>\n<p class=\"tt\"><strong>Qu&#8217;est-ce que le pentobarbital et ses utilisations\u00a0?<\/strong><\/p>\n<p>Le pentobarbital est un barbiturique qui agit comme d\u00e9presseur, ou s\u00e9datif, utilis\u00e9 \u00e0 court terme pour traiter l&#8217;insomnie. Le pentobarbital est \u00e9galement utilis\u00e9 comme traitement d&#8217;urgence pour les convulsions et pour endormir les patients en vue d&#8217;une intervention chirurgicale. Achetez du pentobarbital sodique en ligne, du pentobarbital pour l&#8217;euthanasie, du pentobarbital sodique pour l&#8217;euthanasie des animaux.<\/p>\n<p>A fortes doses, le pentobarbital provoque la mort par arr\u00eat respiratoire. Il est utilis\u00e9 pour l&#8217;euthanasie v\u00e9t\u00e9rinaire et est utilis\u00e9 par certains \u00c9tats am\u00e9ricains et le gouvernement f\u00e9d\u00e9ral am\u00e9ricain pour l&#8217;ex\u00e9cution de criminels condamn\u00e9s. Acheter du pentobarbital sodique en ligne<sup id=\"cite_ref-2\" class=\"reference\"><\/sup><\/p>\n<p>Le pentobarbital peut entra\u00eener la mort lorsqu&#8217;il est utilis\u00e9 \u00e0 fortes doses. Il est utilis\u00e9 pour l&#8217;euthanasie des humains et des animaux. Il est \u00e9galement utilis\u00e9 seul ou en association avec des agents compl\u00e9mentaires tels que la ph\u00e9nyto\u00efne, dans les solutions injectables commerciales d&#8217;euthanasie animale.<\/p>\n<p><strong>Pentobarbital pour l&#8217;euthanasie<\/strong><\/p>\n<p>Pentobarbital ( Nembutal) est un s\u00e9datif-hypnotique barbiturique \u00e0 courte dur\u00e9e d&#8217;action largement utilis\u00e9 dans la pratique v\u00e9t\u00e9rinaire pour l&#8217;anesth\u00e9sie et l&#8217;euthanasie. Il est \u00e9galement recommand\u00e9 comme m\u00e9dicament pour l&#8217;euthanasie ou le suicide assist\u00e9 en raison de son apparition rapide du coma et de la perception d&#8217;une mort paisible. Acheter du pentobarbital sodique en ligne<\/p>\n<p><strong>Comment le pentobarbital sodique est-il administr\u00e9\u00a0?<\/strong><\/p>\n<div id=\"_joT9X9rQHMb1gQa08rz4CA32\" class=\"gy6Qzb oNjtBb V1sL5c\" aria-labelledby=\"_joT9X9rQHMb1gQa08rz4CA33\">\n<div>\n<div id=\"_joT9X9rQHMb1gQa08rz4CA34\" class=\"y8URue\" data-hveid=\"CBEQDA\" data-ved=\"2ahUKEwjaz5v_oZbuAhXGesAKHTQ5D48Qu04oAXoECBEQDA\">\n<div class=\"mod\" data-md=\"61\">\n<div class=\" LGOjhe\" role=\"heading\" data-attrid=\"wa:\/description\" data-hveid=\"CAsQAA\"><span class=\"ILfuVd NA6bn\"><span class=\"hgKElc\">Le pentobarbital peut \u00eatre\u00a0administr\u00e9\u00a0par voie intrap\u00e9riton\u00e9ale ou intraveineuse. Lorsqu&#8217;il est utilis\u00e9 comme anesth\u00e9sique g\u00e9n\u00e9ral, le pentobarbital peut \u00eatre administr\u00e9 en bolus (Borkowski et al., 1990) ou en IRC. Les solutions commerciales contiennent g\u00e9n\u00e9ralement du propyl\u00e8ne glycol, qui peut provoquer des douleurs lors de l&#8217;injection et une thrombophl\u00e9bite. Acheter du pentobarbital sodique en ligne<\/span><\/span><\/div>\n<\/div>\n<\/div>\n<\/div>\n<\/div>\n<p>&nbsp;<\/p>\n","protected":false},"excerpt":{"rendered":"<p>Le pentobarbital sodique injectable est une solution st\u00e9rile pour injection intraveineuse ou intramusculaire. Chaque mL contient 50 mg de pentobarbital sodique, dans un v\u00e9hicule de propyl\u00e8ne glycol, 40 %, alcool, 10 % et eau pour injection, au volume. Le pH est ajust\u00e9 \u00e0 environ 9,5 avec de l&#8217;acide chlorhydrique et\/ou de la soude.<\/p>\n","protected":false},"featured_media":7628,"comment_status":"open","ping_status":"closed","template":"","meta":{"inline_featured_image":false},"product_brand":[],"product_cat":[58],"product_tag":[67,64,63,65,66,74,69,70,97,103,107,106,81,82,83,85,77,71,92,113,114,112,110,109,108,115,72,73,104,102,75,76,89,86,87,98,80,105,96,79,88,93,94,99,100,90,78,91,68,101,84,95],"class_list":{"0":"post-7590","1":"product","2":"type-product","3":"status-publish","4":"has-post-thumbnail","6":"product_cat-produits-nembutal","7":"product_tag-acheter-pentobarbital-sodique-fr","8":"product_tag-acheter-pentobarbital-sodique","9":"product_tag-acheter-nembutal-pentobarbital-sodique","10":"product_tag-acheter-pentobarbital-sodique-2021","11":"product_tag-acheter-pentobarbital-sodium-pentobarbital-sodium-sel","12":"product_tag-pentobarbital-sodium-anesthsie","13":"product_tag-can-you-buy-pentobarbital-sodium-over-the-counter","14":"product_tag-can-you-buy-sodium-pentobarbital","15":"product_tag-comprims-de-pentobarbital-sodique","16":"product_tag-sodium-pentobarbital-cot","17":"product_tag-dure-de-conservation-du-pentobarbital-sodique","18":"product_tag-fabricants-de-sodium-pentobarbital","19":"product_tag-groupe-pentobarbital-sodique","20":"product_tag-pentobarbital-sodique-injection-pour-chiens","21":"product_tag-pentobarbital-sodique-injection-pour-humains","22":"product_tag-pentobarbital-sodique-injection-usp","23":"product_tag-pentobarbital-sodium-mort","24":"product_tag-nembutal","25":"product_tag-pentobarbital-sodique-prescription","26":"product_tag-o-acheter-le-pentobarbital-sodique","27":"product_tag-o-acheter-le-pentobarbital-sodique-pour-chiens","28":"product_tag-o-acheter-du-pentobarbital-sodique","29":"product_tag-o-puis-je-acheter-des-somnifres-au-pentobarbital-sodique","30":"product_tag-o-puis-je-acheter-le-pentobarbital-sodique","31":"product_tag-o-puis-je-acheter-nembutal-pentobarbital-sodique","32":"product_tag-o-se-procurer-le-pentobarbital-sodique","33":"product_tag-pentobarbital","34":"product_tag-pentobarbital-de-sodium-dose-ltale","35":"product_tag-pentobarbital-sodique-pour-leuthanasie-des-animaux","36":"product_tag-sodium-pentobarbital-nembutal","37":"product_tag-pentobarbital-sodique-acheter","38":"product_tag-pentobarbital-sodium-chine","39":"product_tag-pentobarbital-sodique-en-vente-libre","40":"product_tag-pentobarbital-sodique-liquide","41":"product_tag-pentobarbital-sodique-nz","42":"product_tag-pentobarbital-sodique-ou-acheter","43":"product_tag-pentobarbital-sodique-pour-humains","44":"product_tag-pentobarbital-sodique-pour-leuthanasie","45":"product_tag-somnifres-au-pentobarbital-sodique-en-vente-libre","46":"product_tag-pentobarbital-sodium-for-dogs","47":"product_tag-pentobarbital-sodium-oral","48":"product_tag-pentobarbital-sodium-price","49":"product_tag-pentobarbital-sodium-salt","50":"product_tag-pentobarbital-use","51":"product_tag-phnobarbital-sodique-intraveineux","52":"product_tag-pilules-de-pentobarbital-sodique","53":"product_tag-pentobarbital-sodique-dosage","54":"product_tag-poudre-de-pentobarbital-sodique","55":"product_tag-puis-je-acheter-du-pentobarbital","56":"product_tag-sodium","57":"product_tag-solution-injectable-de-pentobarbital-sodique","58":"product_tag-somnifres-au-pentobarbital-sodique","60":"first","61":"instock","62":"shipping-taxable","63":"purchasable","64":"product-type-variable","65":"has-default-attributes"},"yoast_head":"<!-- This site is optimized with the Yoast SEO Premium plugin v19.2 (Yoast SEO v27.3) - https:\/\/yoast.com\/product\/yoast-seo-premium-wordpress\/ -->\n<title>Acheter pentobarbital sodique oral en ligne - Everyday Chem Shop<\/title>\n<meta name=\"description\" content=\"Acheter pentobarbital sodique oral en ligne. Si vous cherchez comment acheter du liquide oral de pentobarbital sodique, vous \u00eates au bon endroit pour acheter du liquide oral de pentobarbital sodique en ligne.\" \/>\n<meta name=\"robots\" content=\"index, follow, max-snippet:-1, max-image-preview:large, max-video-preview:-1\" \/>\n<link rel=\"canonical\" href=\"https:\/\/everydaychemshop.com\/fr\/product\/acheter-pentobarbital-sodique-liquide-oral-en-ligne\/\" \/>\n<meta property=\"og:locale\" content=\"en_US\" \/>\n<meta property=\"og:type\" content=\"article\" \/>\n<meta property=\"og:title\" content=\"Pentobarbital sodique (liquide) (oral)\" \/>\n<meta property=\"og:description\" content=\"Acheter pentobarbital sodique oral en ligne. Si vous cherchez comment acheter du liquide oral de pentobarbital sodique, vous \u00eates au bon endroit pour acheter du liquide oral de pentobarbital sodique en ligne.\" \/>\n<meta property=\"og:url\" content=\"https:\/\/everydaychemshop.com\/fr\/product\/acheter-pentobarbital-sodique-liquide-oral-en-ligne\/\" \/>\n<meta property=\"og:site_name\" content=\"Everyday Chem Shop\" \/>\n<meta property=\"article:modified_time\" content=\"2023-04-07T12:38:39+00:00\" \/>\n<meta property=\"og:image\" content=\"https:\/\/everydaychemshop.com\/fr\/wp-content\/uploads\/sites\/5\/2022\/11\/Pentobarbital-sodium.jpg\" \/>\n\t<meta property=\"og:image:width\" content=\"600\" \/>\n\t<meta property=\"og:image:height\" content=\"600\" \/>\n\t<meta property=\"og:image:type\" content=\"image\/jpeg\" \/>\n<meta name=\"twitter:card\" content=\"summary_large_image\" \/>\n<meta name=\"twitter:label1\" content=\"Est. reading time\" \/>\n\t<meta name=\"twitter:data1\" content=\"2 minutes\" \/>\n<script type=\"application\/ld+json\" class=\"yoast-schema-graph\">{\"@context\":\"https:\\\/\\\/schema.org\",\"@graph\":[{\"@type\":\"WebPage\",\"@id\":\"https:\\\/\\\/everydaychemshop.com\\\/fr\\\/product\\\/acheter-pentobarbital-sodique-liquide-oral-en-ligne\\\/\",\"url\":\"https:\\\/\\\/everydaychemshop.com\\\/fr\\\/product\\\/acheter-pentobarbital-sodique-liquide-oral-en-ligne\\\/\",\"name\":\"Acheter pentobarbital sodique oral en ligne - Everyday Chem Shop\",\"isPartOf\":{\"@id\":\"https:\\\/\\\/everydaychemshop.com\\\/fr\\\/#website\"},\"primaryImageOfPage\":{\"@id\":\"https:\\\/\\\/everydaychemshop.com\\\/fr\\\/product\\\/acheter-pentobarbital-sodique-liquide-oral-en-ligne\\\/#primaryimage\"},\"image\":{\"@id\":\"https:\\\/\\\/everydaychemshop.com\\\/fr\\\/product\\\/acheter-pentobarbital-sodique-liquide-oral-en-ligne\\\/#primaryimage\"},\"thumbnailUrl\":\"https:\\\/\\\/everydaychemshop.com\\\/fr\\\/wp-content\\\/uploads\\\/sites\\\/5\\\/2022\\\/11\\\/Pentobarbital-sodium.jpg\",\"datePublished\":\"2022-11-16T09:42:05+00:00\",\"dateModified\":\"2023-04-07T12:38:39+00:00\",\"description\":\"Acheter pentobarbital sodique oral en ligne. Si vous cherchez comment acheter du liquide oral de pentobarbital sodique, vous \u00eates au bon endroit pour acheter du liquide oral de pentobarbital sodique en ligne.\",\"breadcrumb\":{\"@id\":\"https:\\\/\\\/everydaychemshop.com\\\/fr\\\/product\\\/acheter-pentobarbital-sodique-liquide-oral-en-ligne\\\/#breadcrumb\"},\"inLanguage\":\"en-US\",\"potentialAction\":[{\"@type\":\"ReadAction\",\"target\":[\"https:\\\/\\\/everydaychemshop.com\\\/fr\\\/product\\\/acheter-pentobarbital-sodique-liquide-oral-en-ligne\\\/\"]}]},{\"@type\":\"ImageObject\",\"inLanguage\":\"en-US\",\"@id\":\"https:\\\/\\\/everydaychemshop.com\\\/fr\\\/product\\\/acheter-pentobarbital-sodique-liquide-oral-en-ligne\\\/#primaryimage\",\"url\":\"https:\\\/\\\/everydaychemshop.com\\\/fr\\\/wp-content\\\/uploads\\\/sites\\\/5\\\/2022\\\/11\\\/Pentobarbital-sodium.jpg\",\"contentUrl\":\"https:\\\/\\\/everydaychemshop.com\\\/fr\\\/wp-content\\\/uploads\\\/sites\\\/5\\\/2022\\\/11\\\/Pentobarbital-sodium.jpg\",\"width\":600,\"height\":600,\"caption\":\"Acheter pentobarbital sodique oral en ligne\"},{\"@type\":\"BreadcrumbList\",\"@id\":\"https:\\\/\\\/everydaychemshop.com\\\/fr\\\/product\\\/acheter-pentobarbital-sodique-liquide-oral-en-ligne\\\/#breadcrumb\",\"itemListElement\":[{\"@type\":\"ListItem\",\"position\":1,\"name\":\"Home\",\"item\":\"https:\\\/\\\/everydaychemshop.com\\\/fr\\\/\"},{\"@type\":\"ListItem\",\"position\":2,\"name\":\"Des produits\",\"item\":\"https:\\\/\\\/everydaychemshop.com\\\/fr\\\/des-produits\\\/\"},{\"@type\":\"ListItem\",\"position\":3,\"name\":\"Pentobarbital sodique (liquide) (oral)\"}]},{\"@type\":\"WebSite\",\"@id\":\"https:\\\/\\\/everydaychemshop.com\\\/fr\\\/#website\",\"url\":\"https:\\\/\\\/everydaychemshop.com\\\/fr\\\/\",\"name\":\"Everyday Chem Shop\",\"description\":\"\",\"potentialAction\":[{\"@type\":\"SearchAction\",\"target\":{\"@type\":\"EntryPoint\",\"urlTemplate\":\"https:\\\/\\\/everydaychemshop.com\\\/fr\\\/?s={search_term_string}\"},\"query-input\":{\"@type\":\"PropertyValueSpecification\",\"valueRequired\":true,\"valueName\":\"search_term_string\"}}],\"inLanguage\":\"en-US\"}]}<\/script>\n<!-- \/ Yoast SEO Premium plugin. -->","yoast_head_json":{"title":"Acheter pentobarbital sodique oral en ligne - Everyday Chem Shop","description":"Acheter pentobarbital sodique oral en ligne. Si vous cherchez comment acheter du liquide oral de pentobarbital sodique, vous \u00eates au bon endroit pour acheter du liquide oral de pentobarbital sodique en ligne.","robots":{"index":"index","follow":"follow","max-snippet":"max-snippet:-1","max-image-preview":"max-image-preview:large","max-video-preview":"max-video-preview:-1"},"canonical":"https:\/\/everydaychemshop.com\/fr\/product\/acheter-pentobarbital-sodique-liquide-oral-en-ligne\/","og_locale":"en_US","og_type":"article","og_title":"Pentobarbital sodique (liquide) (oral)","og_description":"Acheter pentobarbital sodique oral en ligne. Si vous cherchez comment acheter du liquide oral de pentobarbital sodique, vous \u00eates au bon endroit pour acheter du liquide oral de pentobarbital sodique en ligne.","og_url":"https:\/\/everydaychemshop.com\/fr\/product\/acheter-pentobarbital-sodique-liquide-oral-en-ligne\/","og_site_name":"Everyday Chem Shop","article_modified_time":"2023-04-07T12:38:39+00:00","og_image":[{"width":600,"height":600,"url":"https:\/\/everydaychemshop.com\/fr\/wp-content\/uploads\/sites\/5\/2022\/11\/Pentobarbital-sodium.jpg","type":"image\/jpeg"}],"twitter_card":"summary_large_image","twitter_misc":{"Est. reading time":"2 minutes"},"schema":{"@context":"https:\/\/schema.org","@graph":[{"@type":"WebPage","@id":"https:\/\/everydaychemshop.com\/fr\/product\/acheter-pentobarbital-sodique-liquide-oral-en-ligne\/","url":"https:\/\/everydaychemshop.com\/fr\/product\/acheter-pentobarbital-sodique-liquide-oral-en-ligne\/","name":"Acheter pentobarbital sodique oral en ligne - Everyday Chem Shop","isPartOf":{"@id":"https:\/\/everydaychemshop.com\/fr\/#website"},"primaryImageOfPage":{"@id":"https:\/\/everydaychemshop.com\/fr\/product\/acheter-pentobarbital-sodique-liquide-oral-en-ligne\/#primaryimage"},"image":{"@id":"https:\/\/everydaychemshop.com\/fr\/product\/acheter-pentobarbital-sodique-liquide-oral-en-ligne\/#primaryimage"},"thumbnailUrl":"https:\/\/everydaychemshop.com\/fr\/wp-content\/uploads\/sites\/5\/2022\/11\/Pentobarbital-sodium.jpg","datePublished":"2022-11-16T09:42:05+00:00","dateModified":"2023-04-07T12:38:39+00:00","description":"Acheter pentobarbital sodique oral en ligne. Si vous cherchez comment acheter du liquide oral de pentobarbital sodique, vous \u00eates au bon endroit pour acheter du liquide oral de pentobarbital sodique en ligne.","breadcrumb":{"@id":"https:\/\/everydaychemshop.com\/fr\/product\/acheter-pentobarbital-sodique-liquide-oral-en-ligne\/#breadcrumb"},"inLanguage":"en-US","potentialAction":[{"@type":"ReadAction","target":["https:\/\/everydaychemshop.com\/fr\/product\/acheter-pentobarbital-sodique-liquide-oral-en-ligne\/"]}]},{"@type":"ImageObject","inLanguage":"en-US","@id":"https:\/\/everydaychemshop.com\/fr\/product\/acheter-pentobarbital-sodique-liquide-oral-en-ligne\/#primaryimage","url":"https:\/\/everydaychemshop.com\/fr\/wp-content\/uploads\/sites\/5\/2022\/11\/Pentobarbital-sodium.jpg","contentUrl":"https:\/\/everydaychemshop.com\/fr\/wp-content\/uploads\/sites\/5\/2022\/11\/Pentobarbital-sodium.jpg","width":600,"height":600,"caption":"Acheter pentobarbital sodique oral en ligne"},{"@type":"BreadcrumbList","@id":"https:\/\/everydaychemshop.com\/fr\/product\/acheter-pentobarbital-sodique-liquide-oral-en-ligne\/#breadcrumb","itemListElement":[{"@type":"ListItem","position":1,"name":"Home","item":"https:\/\/everydaychemshop.com\/fr\/"},{"@type":"ListItem","position":2,"name":"Des produits","item":"https:\/\/everydaychemshop.com\/fr\/des-produits\/"},{"@type":"ListItem","position":3,"name":"Pentobarbital sodique (liquide) (oral)"}]},{"@type":"WebSite","@id":"https:\/\/everydaychemshop.com\/fr\/#website","url":"https:\/\/everydaychemshop.com\/fr\/","name":"Everyday Chem Shop","description":"","potentialAction":[{"@type":"SearchAction","target":{"@type":"EntryPoint","urlTemplate":"https:\/\/everydaychemshop.com\/fr\/?s={search_term_string}"},"query-input":{"@type":"PropertyValueSpecification","valueRequired":true,"valueName":"search_term_string"}}],"inLanguage":"en-US"}]}},"_links":{"self":[{"href":"https:\/\/everydaychemshop.com\/fr\/wp-json\/wp\/v2\/product\/7590","targetHints":{"allow":["GET"]}}],"collection":[{"href":"https:\/\/everydaychemshop.com\/fr\/wp-json\/wp\/v2\/product"}],"about":[{"href":"https:\/\/everydaychemshop.com\/fr\/wp-json\/wp\/v2\/types\/product"}],"replies":[{"embeddable":true,"href":"https:\/\/everydaychemshop.com\/fr\/wp-json\/wp\/v2\/comments?post=7590"}],"wp:featuredmedia":[{"embeddable":true,"href":"https:\/\/everydaychemshop.com\/fr\/wp-json\/wp\/v2\/media\/7628"}],"wp:attachment":[{"href":"https:\/\/everydaychemshop.com\/fr\/wp-json\/wp\/v2\/media?parent=7590"}],"wp:term":[{"taxonomy":"product_brand","embeddable":true,"href":"https:\/\/everydaychemshop.com\/fr\/wp-json\/wp\/v2\/product_brand?post=7590"},{"taxonomy":"product_cat","embeddable":true,"href":"https:\/\/everydaychemshop.com\/fr\/wp-json\/wp\/v2\/product_cat?post=7590"},{"taxonomy":"product_tag","embeddable":true,"href":"https:\/\/everydaychemshop.com\/fr\/wp-json\/wp\/v2\/product_tag?post=7590"}],"curies":[{"name":"wp","href":"https:\/\/api.w.org\/{rel}","templated":true}]}}