{"id":7626,"date":"2022-11-16T09:42:44","date_gmt":"2022-11-16T09:42:44","guid":{"rendered":"https:\/\/everydaychemshop.com\/fr\/?post_type=product&#038;p=7626"},"modified":"2023-04-07T12:37:31","modified_gmt":"2023-04-07T12:37:31","slug":"acheter-seconal-sodium-en-ligne","status":"publish","type":"product","link":"https:\/\/everydaychemshop.com\/fr\/product\/acheter-seconal-sodium-en-ligne\/","title":{"rendered":"Seconal Sodium"},"content":{"rendered":"<h1 class=\"tt\">Acheter Seconal Sodium en ligne<\/h1>\n<p><a href=\"https:\/\/everydaychemshop.com\/fr\/product\/acheter-seconal-sodium-en-ligne\/\">Acheter Seconal Sodium en ligne<\/a>. Everyday Chem Shop est maintenant disponible avec Seconal Sodium aux meilleurs prix. Si vous souhaitez acheter Seconal Sodium en ligne, r\u00e9pondez \u00e0 vos besoins dans notre pharmacie en ligne d\u00e8s aujourd&#8217;hui et faites-les accomplir dans un court laps de temps. Tout ce que vous avez \u00e0 faire est de commander Seconal Sodium et les membres de notre \u00e9quipe le pr\u00e9pareront et l&#8217;emballeront pour vous, suivi d&#8217;une livraison <a href=\"https:\/\/fr.wikipedia.org\/wiki\/Pentobarbital\">rapide<\/a>. Nous sommes une pharmacie professionnelle et fiable qui travaille de mani\u00e8re constante dans cette industrie depuis des d\u00e9cennies. Vous pouvez compter sur nous pour obtenir les meilleurs m\u00e9dicaments de qualit\u00e9 et cela aussi dans le d\u00e9lai mentionn\u00e9.<\/p>\n<h3 class=\"tt\">Que peut vous apporter Seconal Sodium\u00a0? Pourquoi nous choisir pour l&#8217;acheter\u00a0?<\/h3>\n<p>Seconal Sodium est utilis\u00e9 pour vous calmer juste avant la chirurgie. Seconal Sodium a sa place dans une classe de m\u00e9dicaments appel\u00e9s hypnotiques barbituriques. Il agit en influen\u00e7ant certaines parties du cerveau pour vous calmer. Les personnes \u00e2g\u00e9es devraient parler des risques et des avantages de ce m\u00e9dicament avec leur m\u00e9decin ou sp\u00e9cialiste des m\u00e9dicaments, tout comme d&#8217;autres traitements puissants et potentiellement plus s\u00fbrs. Lisez attentivement le Guide des m\u00e9dicaments fourni avec le produit par notre pharmacie en ligne avant de commencer \u00e0 prendre Seconal Sodium et chaque fois que vous faites le plein. Si vous avez des questions, consultez votre m\u00e9decin ou votre sp\u00e9cialiste des m\u00e9dicaments. Prenez ce m\u00e9dicament par voie orale sur un estomac non rempli comme coordonn\u00e9 par votre m\u00e9decin avant la chirurgie.<\/p>\n<p><strong>Seconal Sodium est exclusivement utilis\u00e9 pour les conditions suivantes\u00a0:<\/strong><\/p>\n<ul>\n<li>anesth\u00e9sie locale suppl\u00e9mentaire<\/li>\n<li>agent suppl\u00e9mentaire pour induire une anesth\u00e9sie g\u00e9n\u00e9rale<\/li>\n<\/ul>\n<p>Seconal Sodium Secobarbital en vente \u00e0 Online Nembutal Pharmacy et nous vous livrerons le m\u00eame \u00e0 votre emplacement pr\u00e9f\u00e9r\u00e9 d\u00e8s que possible. Permettez-nous de vous servir de la meilleure fa\u00e7on possible. Vous pouvez enti\u00e8rement compter sur notre pharmacie Nembutal en ligne et attendre le meilleur de nous. Nous sommes toujours disponibles pour nos clients importants dans l&#8217;accomplissement de leurs besoins et exigences. Contactez-nous tout de suite\u00a0!<\/p>\n<p><strong>Savez-vous o\u00f9 acheter Seconal Sodium en ligne\u00a0?<\/strong><\/p>\n<p>Seconal Sodium \u00e0 vendre, valeur marchande Seconal Sodium, dosage Seconal Sodium, comment faire du Seconal Sodium, o\u00f9 puis-je acheter du Seconal Sodium en ligne, o\u00f9 trouver du Seconal Sodium, qu&#8217;est-ce que le Seconal Sodium, du Seconal Sodium de qualit\u00e9 sup\u00e9rieure \u00e0 vendre. Toutes ces questions sans r\u00e9ponse peuvent trouver leurs r\u00e9ponses gr\u00e2ce \u00e0 nous. Il vous suffit de parcourir notre site Web et vous obtiendrez les r\u00e9ponses sur comment et o\u00f9 vous pouvez acheter du Seconal Sodium en ligne.<\/p>\n<p>Qu&#8217;en est-il du Seconal Sodium\u00a0? Savez-vous \u00e9galement o\u00f9 acheter Seconal Sodium en vente en ligne\u00a0? acheter du Seconal Sodium \u00e0 vendre, comment fabriquer du Seconal Sodium, \u00e0 quoi ressemble le Seconal Sodium, le prix public du Seconal Sodium, le prix du Seconal Sodium, o\u00f9 acheter du Seconal Sodium, du Seconal Sodium pur, o\u00f9 puis-je acheter du Seconal Sodium en ligne, des fournisseurs de Seconal Sodium, acheter Seconal Sodium pur en ligne.<\/p>\n<p>&nbsp;<\/p>\n","protected":false},"excerpt":{"rendered":"<p><strong>Entrez en contact avec la pharmacie Nembutal en ligne<\/strong><\/p>\n<p>La pharmacie Nembutal en ligne est accessible \u00e0 tous dans le monde. Vous pouvez nous joindre \u00e0 tout moment, n&#8217;importe o\u00f9. Nous r\u00e9pondons toujours \u00e0 nos clients en quelques instants et les aidons dans leurs questions. Une fois que nous avons re\u00e7u les d\u00e9tails de la commande de votre part, nous commen\u00e7ons l&#8217;emballage de la m\u00eame chose dans l&#8217;instant suivant. Nous veillons \u00e0 ce que tous les m\u00e9dicaments parviennent \u00e0 nos clients dans un emballage s\u00fbr et appropri\u00e9 sans \u00eatre endommag\u00e9s. Avec nous, vous n&#8217;avez pas \u00e0 vous soucier de la qualit\u00e9 des m\u00e9dicaments ou de l&#8217;\u00e9tat de la livraison. Nous sommes pr\u00e9sents pour prendre toutes les responsabilit\u00e9s. Vous ne recevrez que le meilleur pour votre sant\u00e9 d&#8217;ici. Vous pouvez nous appeler, envoyer un e-mail ou nous envoyer un SMS. Achetez Seconal Sodium Secobarbital 100mg aujourd&#8217;hui et faites-vous livrer dans un court laps de temps par Online Nembutal Pharmacy.<\/p>\n","protected":false},"featured_media":7629,"comment_status":"closed","ping_status":"closed","template":"","meta":{"inline_featured_image":false},"product_brand":[],"product_cat":[58],"product_tag":[],"class_list":{"0":"post-7626","1":"product","2":"type-product","3":"status-publish","4":"has-post-thumbnail","6":"product_cat-produits-nembutal","8":"first","9":"instock","10":"shipping-taxable","11":"purchasable","12":"product-type-variable","13":"has-default-attributes"},"yoast_head":"<!-- This site is optimized with the Yoast SEO Premium plugin v19.2 (Yoast SEO v27.3) - https:\/\/yoast.com\/product\/yoast-seo-premium-wordpress\/ -->\n<title>Acheter Seconal Sodium en ligne - Everyday Chem Shop<\/title>\n<meta name=\"description\" content=\"Acheter Seconal Sodium en ligne. Chez Everyday Chem Shop, nous vendons Seconal Sodium en ligne \u00e0 un tarif avantageux et abordable. N&#039;h\u00e9sitez pas \u00e0 nous contacter si vous souhaitez acheter en ligne Seconal Sodium\" \/>\n<meta name=\"robots\" content=\"index, follow, max-snippet:-1, max-image-preview:large, max-video-preview:-1\" \/>\n<link rel=\"canonical\" href=\"https:\/\/everydaychemshop.com\/fr\/product\/acheter-seconal-sodium-en-ligne\/\" \/>\n<meta property=\"og:locale\" content=\"en_US\" \/>\n<meta property=\"og:type\" content=\"article\" \/>\n<meta property=\"og:title\" content=\"Seconal Sodium\" \/>\n<meta property=\"og:description\" content=\"Acheter Seconal Sodium en ligne. Chez Everyday Chem Shop, nous vendons Seconal Sodium en ligne \u00e0 un tarif avantageux et abordable. N&#039;h\u00e9sitez pas \u00e0 nous contacter si vous souhaitez acheter en ligne Seconal Sodium\" \/>\n<meta property=\"og:url\" content=\"https:\/\/everydaychemshop.com\/fr\/product\/acheter-seconal-sodium-en-ligne\/\" \/>\n<meta property=\"og:site_name\" content=\"Everyday Chem Shop\" \/>\n<meta property=\"article:modified_time\" content=\"2023-04-07T12:37:31+00:00\" \/>\n<meta property=\"og:image\" content=\"https:\/\/everydaychemshop.com\/fr\/wp-content\/uploads\/sites\/5\/2022\/11\/seconal-sodium.jpg\" \/>\n\t<meta property=\"og:image:width\" content=\"600\" \/>\n\t<meta property=\"og:image:height\" content=\"600\" \/>\n\t<meta property=\"og:image:type\" content=\"image\/jpeg\" \/>\n<meta name=\"twitter:card\" content=\"summary_large_image\" \/>\n<meta name=\"twitter:label1\" content=\"Est. reading time\" \/>\n\t<meta name=\"twitter:data1\" content=\"3 minutes\" \/>\n<script type=\"application\/ld+json\" class=\"yoast-schema-graph\">{\"@context\":\"https:\\\/\\\/schema.org\",\"@graph\":[{\"@type\":\"WebPage\",\"@id\":\"https:\\\/\\\/everydaychemshop.com\\\/fr\\\/product\\\/acheter-seconal-sodium-en-ligne\\\/\",\"url\":\"https:\\\/\\\/everydaychemshop.com\\\/fr\\\/product\\\/acheter-seconal-sodium-en-ligne\\\/\",\"name\":\"Acheter Seconal Sodium en ligne - Everyday Chem Shop\",\"isPartOf\":{\"@id\":\"https:\\\/\\\/everydaychemshop.com\\\/fr\\\/#website\"},\"primaryImageOfPage\":{\"@id\":\"https:\\\/\\\/everydaychemshop.com\\\/fr\\\/product\\\/acheter-seconal-sodium-en-ligne\\\/#primaryimage\"},\"image\":{\"@id\":\"https:\\\/\\\/everydaychemshop.com\\\/fr\\\/product\\\/acheter-seconal-sodium-en-ligne\\\/#primaryimage\"},\"thumbnailUrl\":\"https:\\\/\\\/everydaychemshop.com\\\/fr\\\/wp-content\\\/uploads\\\/sites\\\/5\\\/2022\\\/11\\\/seconal-sodium.jpg\",\"datePublished\":\"2022-11-16T09:42:44+00:00\",\"dateModified\":\"2023-04-07T12:37:31+00:00\",\"description\":\"Acheter Seconal Sodium en ligne. Chez Everyday Chem Shop, nous vendons Seconal Sodium en ligne \u00e0 un tarif avantageux et abordable. N'h\u00e9sitez pas \u00e0 nous contacter si vous souhaitez acheter en ligne Seconal Sodium\",\"breadcrumb\":{\"@id\":\"https:\\\/\\\/everydaychemshop.com\\\/fr\\\/product\\\/acheter-seconal-sodium-en-ligne\\\/#breadcrumb\"},\"inLanguage\":\"en-US\",\"potentialAction\":[{\"@type\":\"ReadAction\",\"target\":[\"https:\\\/\\\/everydaychemshop.com\\\/fr\\\/product\\\/acheter-seconal-sodium-en-ligne\\\/\"]}]},{\"@type\":\"ImageObject\",\"inLanguage\":\"en-US\",\"@id\":\"https:\\\/\\\/everydaychemshop.com\\\/fr\\\/product\\\/acheter-seconal-sodium-en-ligne\\\/#primaryimage\",\"url\":\"https:\\\/\\\/everydaychemshop.com\\\/fr\\\/wp-content\\\/uploads\\\/sites\\\/5\\\/2022\\\/11\\\/seconal-sodium.jpg\",\"contentUrl\":\"https:\\\/\\\/everydaychemshop.com\\\/fr\\\/wp-content\\\/uploads\\\/sites\\\/5\\\/2022\\\/11\\\/seconal-sodium.jpg\",\"width\":600,\"height\":600,\"caption\":\"Acheter Seconal Sodium en ligne\"},{\"@type\":\"BreadcrumbList\",\"@id\":\"https:\\\/\\\/everydaychemshop.com\\\/fr\\\/product\\\/acheter-seconal-sodium-en-ligne\\\/#breadcrumb\",\"itemListElement\":[{\"@type\":\"ListItem\",\"position\":1,\"name\":\"Home\",\"item\":\"https:\\\/\\\/everydaychemshop.com\\\/fr\\\/\"},{\"@type\":\"ListItem\",\"position\":2,\"name\":\"Des produits\",\"item\":\"https:\\\/\\\/everydaychemshop.com\\\/fr\\\/des-produits\\\/\"},{\"@type\":\"ListItem\",\"position\":3,\"name\":\"Seconal Sodium\"}]},{\"@type\":\"WebSite\",\"@id\":\"https:\\\/\\\/everydaychemshop.com\\\/fr\\\/#website\",\"url\":\"https:\\\/\\\/everydaychemshop.com\\\/fr\\\/\",\"name\":\"Everyday Chem Shop\",\"description\":\"\",\"potentialAction\":[{\"@type\":\"SearchAction\",\"target\":{\"@type\":\"EntryPoint\",\"urlTemplate\":\"https:\\\/\\\/everydaychemshop.com\\\/fr\\\/?s={search_term_string}\"},\"query-input\":{\"@type\":\"PropertyValueSpecification\",\"valueRequired\":true,\"valueName\":\"search_term_string\"}}],\"inLanguage\":\"en-US\"}]}<\/script>\n<!-- \/ Yoast SEO Premium plugin. -->","yoast_head_json":{"title":"Acheter Seconal Sodium en ligne - Everyday Chem Shop","description":"Acheter Seconal Sodium en ligne. Chez Everyday Chem Shop, nous vendons Seconal Sodium en ligne \u00e0 un tarif avantageux et abordable. N'h\u00e9sitez pas \u00e0 nous contacter si vous souhaitez acheter en ligne Seconal Sodium","robots":{"index":"index","follow":"follow","max-snippet":"max-snippet:-1","max-image-preview":"max-image-preview:large","max-video-preview":"max-video-preview:-1"},"canonical":"https:\/\/everydaychemshop.com\/fr\/product\/acheter-seconal-sodium-en-ligne\/","og_locale":"en_US","og_type":"article","og_title":"Seconal Sodium","og_description":"Acheter Seconal Sodium en ligne. Chez Everyday Chem Shop, nous vendons Seconal Sodium en ligne \u00e0 un tarif avantageux et abordable. N'h\u00e9sitez pas \u00e0 nous contacter si vous souhaitez acheter en ligne Seconal Sodium","og_url":"https:\/\/everydaychemshop.com\/fr\/product\/acheter-seconal-sodium-en-ligne\/","og_site_name":"Everyday Chem Shop","article_modified_time":"2023-04-07T12:37:31+00:00","og_image":[{"width":600,"height":600,"url":"https:\/\/everydaychemshop.com\/fr\/wp-content\/uploads\/sites\/5\/2022\/11\/seconal-sodium.jpg","type":"image\/jpeg"}],"twitter_card":"summary_large_image","twitter_misc":{"Est. reading time":"3 minutes"},"schema":{"@context":"https:\/\/schema.org","@graph":[{"@type":"WebPage","@id":"https:\/\/everydaychemshop.com\/fr\/product\/acheter-seconal-sodium-en-ligne\/","url":"https:\/\/everydaychemshop.com\/fr\/product\/acheter-seconal-sodium-en-ligne\/","name":"Acheter Seconal Sodium en ligne - Everyday Chem Shop","isPartOf":{"@id":"https:\/\/everydaychemshop.com\/fr\/#website"},"primaryImageOfPage":{"@id":"https:\/\/everydaychemshop.com\/fr\/product\/acheter-seconal-sodium-en-ligne\/#primaryimage"},"image":{"@id":"https:\/\/everydaychemshop.com\/fr\/product\/acheter-seconal-sodium-en-ligne\/#primaryimage"},"thumbnailUrl":"https:\/\/everydaychemshop.com\/fr\/wp-content\/uploads\/sites\/5\/2022\/11\/seconal-sodium.jpg","datePublished":"2022-11-16T09:42:44+00:00","dateModified":"2023-04-07T12:37:31+00:00","description":"Acheter Seconal Sodium en ligne. Chez Everyday Chem Shop, nous vendons Seconal Sodium en ligne \u00e0 un tarif avantageux et abordable. N'h\u00e9sitez pas \u00e0 nous contacter si vous souhaitez acheter en ligne Seconal Sodium","breadcrumb":{"@id":"https:\/\/everydaychemshop.com\/fr\/product\/acheter-seconal-sodium-en-ligne\/#breadcrumb"},"inLanguage":"en-US","potentialAction":[{"@type":"ReadAction","target":["https:\/\/everydaychemshop.com\/fr\/product\/acheter-seconal-sodium-en-ligne\/"]}]},{"@type":"ImageObject","inLanguage":"en-US","@id":"https:\/\/everydaychemshop.com\/fr\/product\/acheter-seconal-sodium-en-ligne\/#primaryimage","url":"https:\/\/everydaychemshop.com\/fr\/wp-content\/uploads\/sites\/5\/2022\/11\/seconal-sodium.jpg","contentUrl":"https:\/\/everydaychemshop.com\/fr\/wp-content\/uploads\/sites\/5\/2022\/11\/seconal-sodium.jpg","width":600,"height":600,"caption":"Acheter Seconal Sodium en ligne"},{"@type":"BreadcrumbList","@id":"https:\/\/everydaychemshop.com\/fr\/product\/acheter-seconal-sodium-en-ligne\/#breadcrumb","itemListElement":[{"@type":"ListItem","position":1,"name":"Home","item":"https:\/\/everydaychemshop.com\/fr\/"},{"@type":"ListItem","position":2,"name":"Des produits","item":"https:\/\/everydaychemshop.com\/fr\/des-produits\/"},{"@type":"ListItem","position":3,"name":"Seconal Sodium"}]},{"@type":"WebSite","@id":"https:\/\/everydaychemshop.com\/fr\/#website","url":"https:\/\/everydaychemshop.com\/fr\/","name":"Everyday Chem Shop","description":"","potentialAction":[{"@type":"SearchAction","target":{"@type":"EntryPoint","urlTemplate":"https:\/\/everydaychemshop.com\/fr\/?s={search_term_string}"},"query-input":{"@type":"PropertyValueSpecification","valueRequired":true,"valueName":"search_term_string"}}],"inLanguage":"en-US"}]}},"_links":{"self":[{"href":"https:\/\/everydaychemshop.com\/fr\/wp-json\/wp\/v2\/product\/7626","targetHints":{"allow":["GET"]}}],"collection":[{"href":"https:\/\/everydaychemshop.com\/fr\/wp-json\/wp\/v2\/product"}],"about":[{"href":"https:\/\/everydaychemshop.com\/fr\/wp-json\/wp\/v2\/types\/product"}],"replies":[{"embeddable":true,"href":"https:\/\/everydaychemshop.com\/fr\/wp-json\/wp\/v2\/comments?post=7626"}],"wp:featuredmedia":[{"embeddable":true,"href":"https:\/\/everydaychemshop.com\/fr\/wp-json\/wp\/v2\/media\/7629"}],"wp:attachment":[{"href":"https:\/\/everydaychemshop.com\/fr\/wp-json\/wp\/v2\/media?parent=7626"}],"wp:term":[{"taxonomy":"product_brand","embeddable":true,"href":"https:\/\/everydaychemshop.com\/fr\/wp-json\/wp\/v2\/product_brand?post=7626"},{"taxonomy":"product_cat","embeddable":true,"href":"https:\/\/everydaychemshop.com\/fr\/wp-json\/wp\/v2\/product_cat?post=7626"},{"taxonomy":"product_tag","embeddable":true,"href":"https:\/\/everydaychemshop.com\/fr\/wp-json\/wp\/v2\/product_tag?post=7626"}],"curies":[{"name":"wp","href":"https:\/\/api.w.org\/{rel}","templated":true}]}}