{"id":7634,"date":"2022-11-16T09:43:11","date_gmt":"2022-11-16T09:43:11","guid":{"rendered":"https:\/\/everydaychemshop.com\/fr\/?post_type=product&#038;p=7634"},"modified":"2023-04-07T12:35:42","modified_gmt":"2023-04-07T12:35:42","slug":"acheter-phenobarbital-phenobarbital-luminal","status":"publish","type":"product","link":"https:\/\/everydaychemshop.com\/fr\/product\/acheter-phenobarbital-phenobarbital-luminal\/","title":{"rendered":"Ph\u00e9nobarbital (Ph\u00e9nobarbital) \/ Luminal"},"content":{"rendered":"<h1 class=\"tt\">Acheter des pilules de ph\u00e9nobarbital en ligne<\/h1>\n<p><a href=\"https:\/\/everydaychemshop.com\/fr\/product\/acheter-phenobarbital-phenobarbital-luminal\/\">Acheter des pilules de ph\u00e9nobarbital en ligne<\/a>. Everyday Chem Shop est une pharmacie fiable qui <a href=\"https:\/\/en.wikipedia.org\/wiki\/Phenobarbital\">aide<\/a> les gens \u00e0 recevoir leurs m\u00e9dicaments et m\u00e9dicaments de mani\u00e8re pratique. Si vous souhaitez acheter du ph\u00e9nobarbital Luminal en ligne, ne manquez aucune occasion de nous rendre visite en ligne. Nous vendons ce m\u00e9dicament \u00e0 des tarifs abordables ici.<\/p>\n<p>Notre pharmacie en ligne a toujours fourni aux clients des m\u00e9dicaments de qualit\u00e9 sup\u00e9rieure. Tous <a href=\"https:\/\/fr.wikipedia.org\/wiki\/Ph%C3%A9nobarbital\">les<\/a> m\u00e9dicaments sont livr\u00e9s ici dans le d\u00e9lai imparti aux clients. Nous n&#8217;entretenons aucun retard dans notre travail et sommes rapides \u00e0 chaque traitement. Si vous \u00eates \u00e0 la recherche d&#8217;une pharmacie en ligne comme la n\u00f4tre, contactez-nous d\u00e8s aujourd&#8217;hui et commandez pour acheter Ph\u00e9nobarbital Luminal en ligne au meilleur prix et faites-vous livrer rapidement\u00a0!<\/p>\n<h3 class=\"tt\">Comment pouvons-nous vous aider en toute s\u00e9curit\u00e9 Utiliser du ph\u00e9nobarbital Luminal\u00a0?<\/h3>\n<p>Le ph\u00e9nobarbital Luminal est un m\u00e9dicament efficace largement utilis\u00e9 pour contr\u00f4ler certains types de crises. Vous pouvez \u00e9galement utiliser ce m\u00e9dicament pour le traitement de l&#8217;anxi\u00e9t\u00e9, des probl\u00e8mes de sommeil et autres. Il est tr\u00e8s important de parler \u00e0 votre m\u00e9decin avant d&#8217;utiliser ce m\u00e9dicament. Parlez \u00e0 votre m\u00e9decin pour plus de d\u00e9tails, puis commencez le traitement par Ph\u00e9nobarbital Luminal.<\/p>\n<p>Notre pharmacie en ligne propose un guide des m\u00e9dicaments avec tous les produits. Par cons\u00e9quent, vous pouvez suivre les instructions et utiliser ce m\u00e9dicament en toute s\u00e9curit\u00e9. Nous sommes l\u00e0 pour vous aider \u00e0 acheter du Ph\u00e9nobarbital Luminal en ligne de mani\u00e8re simple. Contactez-nous aujourd&#8217;hui et profitez des avantages de ce m\u00e9dicament. Nous sommes l\u00e0 pour vous offrir une assistance constante.<\/p>\n<p><strong>Savez-vous o\u00f9 acheter du ph\u00e9nobarbital Luminal en ligne\u00a0?<\/strong><\/p>\n<p>Ph\u00e9nobarbital Luminal \u00e0 vendre, valeur marchande du ph\u00e9nobarbital Luminal , dosage du ph\u00e9nobarbital Luminal, comment fabriquer du ph\u00e9nobarbital Luminal, o\u00f9 puis-je acheter du ph\u00e9nobarbital Luminal en ligne, o\u00f9 se procurer du ph\u00e9nobarbital Luminal en ligne, qu&#8217;est-ce que le ph\u00e9nobarbital Luminal, du ph\u00e9nobarbital Luminal de qualit\u00e9 sup\u00e9rieure \u00e0 vendre. Toutes ces questions sans r\u00e9ponse peuvent trouver leurs r\u00e9ponses gr\u00e2ce \u00e0 nous. Il vous suffit de parcourir notre site Web et vous obtiendrez les r\u00e9ponses sur comment et o\u00f9 vous pouvez acheter du Ph\u00e9nobarbital Luminal en ligne.<\/p>\n<p>Qu&#8217;en est-il du Ph\u00e9nobarbital Luminal\u00a0? Savez-vous \u00e9galement o\u00f9 trouver du ph\u00e9nobarbital en vente en ligne\u00a0? acheter ph\u00e9nobarbital luminal ph\u00e9nobarbital luminal \u00e0 vendre, comment fabriquer du ph\u00e9nobarbital luminal, \u00e0 quoi ressemble le ph\u00e9nobarbital luminal, prix public du ph\u00e9nobarbital luminal, prix du ph\u00e9nobarbital luminal, o\u00f9 acheter du ph\u00e9nobarbital luminal, du ph\u00e9nobarbital pur, o\u00f9 puis-je acheter du ph\u00e9nobarbital luminal en ligne, de la poudre de fentanyl fournisseurs, achetez Ph\u00e9nobarbital Luminal pur en ligne.<\/p>\n","protected":false},"excerpt":{"rendered":"<p><strong>O\u00f9 puis-je acheter du ph\u00e9nobarbital luminal au meilleur prix\u00a0?<\/strong><\/p>\n<p>Vous pouvez d\u00e9sormais acheter du ph\u00e9nobarbital luminal dans la pharmacie en ligne Nembutal. Votre commande \u00e0 Ph\u00e9nobarbital Luminal \u00e0 vendre sera compl\u00e9t\u00e9e dans les plus brefs d\u00e9lais. Tout ce que vous avez \u00e0 faire est de nous appeler, envoyer un SMS ou envoyer un e-mail aujourd&#8217;hui et recevoir vos m\u00e9dicaments rapidement. Connectez-vous maintenant\u00a0!<\/p>\n","protected":false},"featured_media":7660,"comment_status":"closed","ping_status":"closed","template":"","meta":{"inline_featured_image":false},"product_brand":[],"product_cat":[58],"product_tag":[],"class_list":{"0":"post-7634","1":"product","2":"type-product","3":"status-publish","4":"has-post-thumbnail","6":"product_cat-produits-nembutal","8":"first","9":"instock","10":"shipping-taxable","11":"purchasable","12":"product-type-variable","13":"has-default-attributes"},"yoast_head":"<!-- This site is optimized with the Yoast SEO Premium plugin v19.2 (Yoast SEO v27.3) - https:\/\/yoast.com\/product\/yoast-seo-premium-wordpress\/ -->\n<title>Acheter des pilules de ph\u00e9nobarbital - Everyday Chem Shop<\/title>\n<meta name=\"description\" content=\"Acheter des pilules de ph\u00e9nobarbital en ligne. Si vous cherchez comment acheter du ph\u00e9nobarbital Luminal en ligne, vous \u00eates au bon endroit pour acheter du ph\u00e9nobarbital Luminal en ligne.\" \/>\n<meta name=\"robots\" content=\"index, follow, max-snippet:-1, max-image-preview:large, max-video-preview:-1\" \/>\n<link rel=\"canonical\" href=\"https:\/\/everydaychemshop.com\/fr\/product\/acheter-phenobarbital-phenobarbital-luminal\/\" \/>\n<meta property=\"og:locale\" content=\"en_US\" \/>\n<meta property=\"og:type\" content=\"article\" \/>\n<meta property=\"og:title\" content=\"Ph\u00e9nobarbital (Ph\u00e9nobarbital) \/ Luminal\" \/>\n<meta property=\"og:description\" content=\"Acheter des pilules de ph\u00e9nobarbital en ligne. Si vous cherchez comment acheter du ph\u00e9nobarbital Luminal en ligne, vous \u00eates au bon endroit pour acheter du ph\u00e9nobarbital Luminal en ligne.\" \/>\n<meta property=\"og:url\" content=\"https:\/\/everydaychemshop.com\/fr\/product\/acheter-phenobarbital-phenobarbital-luminal\/\" \/>\n<meta property=\"og:site_name\" content=\"Everyday Chem Shop\" \/>\n<meta property=\"article:modified_time\" content=\"2023-04-07T12:35:42+00:00\" \/>\n<meta property=\"og:image\" content=\"https:\/\/everydaychemshop.com\/fr\/wp-content\/uploads\/sites\/5\/2022\/11\/PhenobarbitalLuminal.jpg\" \/>\n\t<meta property=\"og:image:width\" content=\"600\" \/>\n\t<meta property=\"og:image:height\" content=\"600\" \/>\n\t<meta property=\"og:image:type\" content=\"image\/jpeg\" \/>\n<meta name=\"twitter:card\" content=\"summary_large_image\" \/>\n<meta name=\"twitter:label1\" content=\"Est. reading time\" \/>\n\t<meta name=\"twitter:data1\" content=\"2 minutes\" \/>\n<script type=\"application\/ld+json\" class=\"yoast-schema-graph\">{\"@context\":\"https:\\\/\\\/schema.org\",\"@graph\":[{\"@type\":\"WebPage\",\"@id\":\"https:\\\/\\\/everydaychemshop.com\\\/fr\\\/product\\\/acheter-phenobarbital-phenobarbital-luminal\\\/\",\"url\":\"https:\\\/\\\/everydaychemshop.com\\\/fr\\\/product\\\/acheter-phenobarbital-phenobarbital-luminal\\\/\",\"name\":\"Acheter des pilules de ph\u00e9nobarbital - Everyday Chem Shop\",\"isPartOf\":{\"@id\":\"https:\\\/\\\/everydaychemshop.com\\\/fr\\\/#website\"},\"primaryImageOfPage\":{\"@id\":\"https:\\\/\\\/everydaychemshop.com\\\/fr\\\/product\\\/acheter-phenobarbital-phenobarbital-luminal\\\/#primaryimage\"},\"image\":{\"@id\":\"https:\\\/\\\/everydaychemshop.com\\\/fr\\\/product\\\/acheter-phenobarbital-phenobarbital-luminal\\\/#primaryimage\"},\"thumbnailUrl\":\"https:\\\/\\\/everydaychemshop.com\\\/fr\\\/wp-content\\\/uploads\\\/sites\\\/5\\\/2022\\\/11\\\/PhenobarbitalLuminal.jpg\",\"datePublished\":\"2022-11-16T09:43:11+00:00\",\"dateModified\":\"2023-04-07T12:35:42+00:00\",\"description\":\"Acheter des pilules de ph\u00e9nobarbital en ligne. Si vous cherchez comment acheter du ph\u00e9nobarbital Luminal en ligne, vous \u00eates au bon endroit pour acheter du ph\u00e9nobarbital Luminal en ligne.\",\"breadcrumb\":{\"@id\":\"https:\\\/\\\/everydaychemshop.com\\\/fr\\\/product\\\/acheter-phenobarbital-phenobarbital-luminal\\\/#breadcrumb\"},\"inLanguage\":\"en-US\",\"potentialAction\":[{\"@type\":\"ReadAction\",\"target\":[\"https:\\\/\\\/everydaychemshop.com\\\/fr\\\/product\\\/acheter-phenobarbital-phenobarbital-luminal\\\/\"]}]},{\"@type\":\"ImageObject\",\"inLanguage\":\"en-US\",\"@id\":\"https:\\\/\\\/everydaychemshop.com\\\/fr\\\/product\\\/acheter-phenobarbital-phenobarbital-luminal\\\/#primaryimage\",\"url\":\"https:\\\/\\\/everydaychemshop.com\\\/fr\\\/wp-content\\\/uploads\\\/sites\\\/5\\\/2022\\\/11\\\/PhenobarbitalLuminal.jpg\",\"contentUrl\":\"https:\\\/\\\/everydaychemshop.com\\\/fr\\\/wp-content\\\/uploads\\\/sites\\\/5\\\/2022\\\/11\\\/PhenobarbitalLuminal.jpg\",\"width\":600,\"height\":600,\"caption\":\"Acheter des pilules de ph\u00e9nobarbital en ligne\"},{\"@type\":\"BreadcrumbList\",\"@id\":\"https:\\\/\\\/everydaychemshop.com\\\/fr\\\/product\\\/acheter-phenobarbital-phenobarbital-luminal\\\/#breadcrumb\",\"itemListElement\":[{\"@type\":\"ListItem\",\"position\":1,\"name\":\"Home\",\"item\":\"https:\\\/\\\/everydaychemshop.com\\\/fr\\\/\"},{\"@type\":\"ListItem\",\"position\":2,\"name\":\"Des produits\",\"item\":\"https:\\\/\\\/everydaychemshop.com\\\/fr\\\/des-produits\\\/\"},{\"@type\":\"ListItem\",\"position\":3,\"name\":\"Ph\u00e9nobarbital (Ph\u00e9nobarbital) \\\/ Luminal\"}]},{\"@type\":\"WebSite\",\"@id\":\"https:\\\/\\\/everydaychemshop.com\\\/fr\\\/#website\",\"url\":\"https:\\\/\\\/everydaychemshop.com\\\/fr\\\/\",\"name\":\"Everyday Chem Shop\",\"description\":\"\",\"potentialAction\":[{\"@type\":\"SearchAction\",\"target\":{\"@type\":\"EntryPoint\",\"urlTemplate\":\"https:\\\/\\\/everydaychemshop.com\\\/fr\\\/?s={search_term_string}\"},\"query-input\":{\"@type\":\"PropertyValueSpecification\",\"valueRequired\":true,\"valueName\":\"search_term_string\"}}],\"inLanguage\":\"en-US\"}]}<\/script>\n<!-- \/ Yoast SEO Premium plugin. -->","yoast_head_json":{"title":"Acheter des pilules de ph\u00e9nobarbital - Everyday Chem Shop","description":"Acheter des pilules de ph\u00e9nobarbital en ligne. Si vous cherchez comment acheter du ph\u00e9nobarbital Luminal en ligne, vous \u00eates au bon endroit pour acheter du ph\u00e9nobarbital Luminal en ligne.","robots":{"index":"index","follow":"follow","max-snippet":"max-snippet:-1","max-image-preview":"max-image-preview:large","max-video-preview":"max-video-preview:-1"},"canonical":"https:\/\/everydaychemshop.com\/fr\/product\/acheter-phenobarbital-phenobarbital-luminal\/","og_locale":"en_US","og_type":"article","og_title":"Ph\u00e9nobarbital (Ph\u00e9nobarbital) \/ Luminal","og_description":"Acheter des pilules de ph\u00e9nobarbital en ligne. Si vous cherchez comment acheter du ph\u00e9nobarbital Luminal en ligne, vous \u00eates au bon endroit pour acheter du ph\u00e9nobarbital Luminal en ligne.","og_url":"https:\/\/everydaychemshop.com\/fr\/product\/acheter-phenobarbital-phenobarbital-luminal\/","og_site_name":"Everyday Chem Shop","article_modified_time":"2023-04-07T12:35:42+00:00","og_image":[{"width":600,"height":600,"url":"https:\/\/everydaychemshop.com\/fr\/wp-content\/uploads\/sites\/5\/2022\/11\/PhenobarbitalLuminal.jpg","type":"image\/jpeg"}],"twitter_card":"summary_large_image","twitter_misc":{"Est. reading time":"2 minutes"},"schema":{"@context":"https:\/\/schema.org","@graph":[{"@type":"WebPage","@id":"https:\/\/everydaychemshop.com\/fr\/product\/acheter-phenobarbital-phenobarbital-luminal\/","url":"https:\/\/everydaychemshop.com\/fr\/product\/acheter-phenobarbital-phenobarbital-luminal\/","name":"Acheter des pilules de ph\u00e9nobarbital - Everyday Chem Shop","isPartOf":{"@id":"https:\/\/everydaychemshop.com\/fr\/#website"},"primaryImageOfPage":{"@id":"https:\/\/everydaychemshop.com\/fr\/product\/acheter-phenobarbital-phenobarbital-luminal\/#primaryimage"},"image":{"@id":"https:\/\/everydaychemshop.com\/fr\/product\/acheter-phenobarbital-phenobarbital-luminal\/#primaryimage"},"thumbnailUrl":"https:\/\/everydaychemshop.com\/fr\/wp-content\/uploads\/sites\/5\/2022\/11\/PhenobarbitalLuminal.jpg","datePublished":"2022-11-16T09:43:11+00:00","dateModified":"2023-04-07T12:35:42+00:00","description":"Acheter des pilules de ph\u00e9nobarbital en ligne. Si vous cherchez comment acheter du ph\u00e9nobarbital Luminal en ligne, vous \u00eates au bon endroit pour acheter du ph\u00e9nobarbital Luminal en ligne.","breadcrumb":{"@id":"https:\/\/everydaychemshop.com\/fr\/product\/acheter-phenobarbital-phenobarbital-luminal\/#breadcrumb"},"inLanguage":"en-US","potentialAction":[{"@type":"ReadAction","target":["https:\/\/everydaychemshop.com\/fr\/product\/acheter-phenobarbital-phenobarbital-luminal\/"]}]},{"@type":"ImageObject","inLanguage":"en-US","@id":"https:\/\/everydaychemshop.com\/fr\/product\/acheter-phenobarbital-phenobarbital-luminal\/#primaryimage","url":"https:\/\/everydaychemshop.com\/fr\/wp-content\/uploads\/sites\/5\/2022\/11\/PhenobarbitalLuminal.jpg","contentUrl":"https:\/\/everydaychemshop.com\/fr\/wp-content\/uploads\/sites\/5\/2022\/11\/PhenobarbitalLuminal.jpg","width":600,"height":600,"caption":"Acheter des pilules de ph\u00e9nobarbital en ligne"},{"@type":"BreadcrumbList","@id":"https:\/\/everydaychemshop.com\/fr\/product\/acheter-phenobarbital-phenobarbital-luminal\/#breadcrumb","itemListElement":[{"@type":"ListItem","position":1,"name":"Home","item":"https:\/\/everydaychemshop.com\/fr\/"},{"@type":"ListItem","position":2,"name":"Des produits","item":"https:\/\/everydaychemshop.com\/fr\/des-produits\/"},{"@type":"ListItem","position":3,"name":"Ph\u00e9nobarbital (Ph\u00e9nobarbital) \/ Luminal"}]},{"@type":"WebSite","@id":"https:\/\/everydaychemshop.com\/fr\/#website","url":"https:\/\/everydaychemshop.com\/fr\/","name":"Everyday Chem Shop","description":"","potentialAction":[{"@type":"SearchAction","target":{"@type":"EntryPoint","urlTemplate":"https:\/\/everydaychemshop.com\/fr\/?s={search_term_string}"},"query-input":{"@type":"PropertyValueSpecification","valueRequired":true,"valueName":"search_term_string"}}],"inLanguage":"en-US"}]}},"_links":{"self":[{"href":"https:\/\/everydaychemshop.com\/fr\/wp-json\/wp\/v2\/product\/7634","targetHints":{"allow":["GET"]}}],"collection":[{"href":"https:\/\/everydaychemshop.com\/fr\/wp-json\/wp\/v2\/product"}],"about":[{"href":"https:\/\/everydaychemshop.com\/fr\/wp-json\/wp\/v2\/types\/product"}],"replies":[{"embeddable":true,"href":"https:\/\/everydaychemshop.com\/fr\/wp-json\/wp\/v2\/comments?post=7634"}],"wp:featuredmedia":[{"embeddable":true,"href":"https:\/\/everydaychemshop.com\/fr\/wp-json\/wp\/v2\/media\/7660"}],"wp:attachment":[{"href":"https:\/\/everydaychemshop.com\/fr\/wp-json\/wp\/v2\/media?parent=7634"}],"wp:term":[{"taxonomy":"product_brand","embeddable":true,"href":"https:\/\/everydaychemshop.com\/fr\/wp-json\/wp\/v2\/product_brand?post=7634"},{"taxonomy":"product_cat","embeddable":true,"href":"https:\/\/everydaychemshop.com\/fr\/wp-json\/wp\/v2\/product_cat?post=7634"},{"taxonomy":"product_tag","embeddable":true,"href":"https:\/\/everydaychemshop.com\/fr\/wp-json\/wp\/v2\/product_tag?post=7634"}],"curies":[{"name":"wp","href":"https:\/\/api.w.org\/{rel}","templated":true}]}}