{"id":7648,"date":"2022-11-16T09:43:14","date_gmt":"2022-11-16T09:43:14","guid":{"rendered":"https:\/\/everydaychemshop.com\/fr\/?post_type=product&#038;p=7648"},"modified":"2023-04-07T12:30:28","modified_gmt":"2023-04-07T12:30:28","slug":"acheter-pilules-xanax-en-ligne","status":"publish","type":"product","link":"https:\/\/everydaychemshop.com\/fr\/product\/acheter-pilules-xanax-en-ligne\/","title":{"rendered":"Pilules Xanax"},"content":{"rendered":"<h1>Acheter des pilules Xanax en ligne<\/h1>\n<p><a href=\"https:\/\/everydaychemshop.com\/fr\/product\/acheter-pilules-xanax-en-ligne\/\">Acheter des pilules Xanax en ligne<\/a>. Xanax, \u00e9galement appel\u00e9 Aprazolam, est un m\u00e9dicament de la classe des benzodiaz\u00e9pines <a href=\"https:\/\/en.wikipedia.org\/wiki\/Alprazolam\">utilis\u00e9<\/a> pour all\u00e9ger les manifestations li\u00e9es \u00e0 la tension et aux crises d&#8217;anxi\u00e9t\u00e9 comme la mis\u00e8re, le syndrome pr\u00e9menstruel (\u00e9tat pr\u00e9menstruel), certaines peurs et crises d&#8217;\u00e9pilepsie. XANAX est d\u00e9montr\u00e9 pour l&#8217;administration des probl\u00e8mes de nervosit\u00e9 et l&#8217;aide momentan\u00e9e des effets secondaires de l&#8217;anxi\u00e9t\u00e9 chez les adultes. XANAX est <a href=\"https:\/\/fr.wikipedia.org\/wiki\/Alprazolam\">\u00e9galement<\/a> d\u00e9montr\u00e9 pour le traitement du probl\u00e8me de fr\u00e9n\u00e9sie chez les adultes avec ou sans peur des taches et des circonstances qui peuvent provoquer la fr\u00e9n\u00e9sie, l&#8217;impuissance ou la honte (agoraphobie). Achetez des pilules Xanax sur le Web<\/p>\n<p>Est-il exact de dire que vous \u00e9prouvez des tourments\u00a0?\u00a0? actuellement, vous pouvez obtenir vos prescriptions de tourments depuis le confort de votre maison ou de votre bureau, nous vendons les meilleures pilules d&#8217;agonie cliniques pour vous aider \u00e0 soulager l&#8217;inconfort et de nombreuses autres maladies telles que Inclure\u00a0; xanax, oxycontin, oxycodone, dilaudid, d\u00e9m\u00e9rol, m\u00e9thadone (dolophine, m\u00e9thadose), roxycodone, diaz\u00e9pam, ritalin, percocet, concerta, tramadol, adderall, hydrocodone, morphine. Nous avons un record de 100% dans les transports fructueux. Achetez des pilules Xanax sur le Web<\/p>\n<p>Nous avons des m\u00e9dicaments pour la th\u00e9rapie des tourments de dos continus, du piratage, de la nervosit\u00e9, des probl\u00e8mes d&#8217;alarme, du d\u00e9couragement, des troubles de l&#8217;\u00e9rection, des troubles sexuels, de la narcolepsie, de la corpulence, de la mis\u00e8re, de la lassitude, des suppl\u00e9ments de r\u00e9duction de poids et plus sur le Web (aucun recours requis).<\/p>\n<p>&#8211; Aucun recours requis<\/p>\n<p>&#8211; Express plus t\u00f4t pour le moment ou transport 24 heures<\/p>\n<p>&#8211; L&#8217;emballage est fixe exceptionnellement avec tact, envelopp\u00e9 d&#8217;une feuille d&#8217;aluminium, exempt de tout danger<\/p>\n<p>&#8211; Aucune marque d&#8217;approvisionnement sans fin de colis<\/p>\n<p>&#8211; 100\u00a0% d&#8217;attention et de soutien du client.<\/p>\n<p>&#8211; Garantie de remboursement<\/p>\n<p>&#8211; Nous proposons des administrations de transport de maison \u00e0 maison<\/p>\n<p>&#8211; Des co\u00fbts excellents et insurpassables.<\/p>\n<p>Nous emballons les paquets avec pr\u00e9caution avec du tungst\u00e8ne et des papiers carbone pour \u00e9viter par les traditions les machines \u00e0 poutres en X dans les a\u00e9rogares. Les liasses sont parfaitement charg\u00e9es de papiers de b\u00e9n\u00e9diction de l&#8217;ext\u00e9rieur. Achetez des pilules de Xanax sur le Web<\/p>\n<p>Vous cherchez du XANAX 2mg pas cher en ligne\u00a0? Commandez XANAX 2mg de Global Home Med \u00e0 des prix abordables et livraison directement \u00e0 votre domicile\u00a0!<\/p>\n<p>Achetez Alprazolam au Royaume-Uni\u2026 Alprazolam (Xanax) 2mg UK\/EU Brand\u2026 Le comprim\u00e9 de 2 mg est une version plus puissante de ce m\u00e9dicament efficace contre l&#8217;anxi\u00e9t\u00e9 au Royaume-Uni<\/p>\n<p>Acheter Xanax en ligne &#8211; Barre Xanax \u00e0 vendre -Acheter xanax 2mg en ligne -acheter xanax 1mg en ligne &#8211; Xanax peut se sentir s\u00e9datif et calmant, vous faisant vous sentir d\u00e9tendu et calme<\/p>\n<p>Acheter Xanax 2Mg Royaume-Uni Mat\u00e9rialisation ergonomique Commander Xanax Overnight salifi\u00e9 de mani\u00e8re convexe\u00a0? Fustier Wilburn d\u00e9force l&#8217;offre de subtilisation Reddit d&#8217;achat de Xanax en ligne<\/p>\n<p>Achetez pas cher, du xanax en ligne sans ordonnance. Zoloft g\u00e9n\u00e9rique meilleures pharmacies en ligne pas cher xanax en ligne acheter phentermine. Photos des barres g\u00e9n\u00e9riques xanax 2mg<\/p>\n<p>Acheter Xanax 2 mg Alprazolam 0,5 MG, 1MG, 2MG Tablet est utilis\u00e9 pour traiter les troubles paniques et l&#8217;anxi\u00e9t\u00e9, comme la peur et la tension extr\u00eames inattendues dues au stress. Il est recommand\u00e9 de commencer par une petite dose et de l&#8217;augmenter progressivement. N&#8217;arr\u00eatez pas de prendre ce m\u00e9dicament soudainement car cela pourrait provoquer des sympt\u00f4mes de sevrage tels que des convulsions, un comportement agressif, une vision floue, etc.<\/p>\n<p>Prenez Alprazolam 0,5 MG Tablet avec ou sans nourriture. Ne pas prendre de plus grandes quantit\u00e9s que conseill\u00e9. Consultez le m\u00e9decin si vous ressentez des effets ind\u00e9sirables. N&#8217;arr\u00eatez pas de prendre le m\u00e9dicament sans consulter votre m\u00e9decin car cela pourrait provoquer des sympt\u00f4mes de sevrage.<\/p>\n<p>Comment \u00e7a marche<br \/>\nCe m\u00e9dicament se lie aux canaux chlorure et facilite l&#8217;afflux d&#8217;ions chlorure, provoquant ainsi une hyperpolarisation et stabilisation de la membrane neuronale, emp\u00eachant une excitation suppl\u00e9mentaire de la cellule.<\/p>\n<p>&nbsp;<\/p>\n","protected":false},"excerpt":{"rendered":"<p>Acheter Xanax 2 MG Tablet est utilis\u00e9 pour traiter les troubles paniques et l&#8217;anxi\u00e9t\u00e9, comme la peur et la tension extr\u00eames inattendues dues au stress. Il est recommand\u00e9 de commencer par une petite dose et de l&#8217;augmenter progressivement. N&#8217;arr\u00eatez pas de prendre ce m\u00e9dicament soudainement car cela pourrait provoquer des sympt\u00f4mes de sevrage tels que des convulsions, un comportement agressif, une vision floue, etc.<\/p>\n","protected":false},"featured_media":7675,"comment_status":"open","ping_status":"closed","template":"","meta":{"inline_featured_image":false},"product_brand":[],"product_cat":[116],"product_tag":[117,119,123,118,127,128,135,121,120,134,124,125,132,133,122,126,129,130,131],"class_list":{"0":"post-7648","1":"product","2":"type-product","3":"status-publish","4":"has-post-thumbnail","6":"product_cat-pain-killers","7":"product_tag-2mg-xanax-en-vente","8":"product_tag-acheter-alprazolam-en-ligne","9":"product_tag-acheter-des-pilules-de-xanax-sur-le-web","10":"product_tag-alprazolam--vendre","11":"product_tag-barres-xanax-a-vendre","12":"product_tag-barres-xanax-en-vente-en-ligne","13":"product_tag-barres-xanax-jaunes-a-vendre","14":"product_tag-commander-alprazolam-en-ligne","15":"product_tag-comment-acheter-alprazolam-en-ligne","16":"product_tag-xanax-comprims--vendre","17":"product_tag-le-meilleur-endroit-pour-acheter-de-l-alprazolam-en-ligne","18":"product_tag-o-acheter-alprazolam-en-ligne","19":"product_tag-pilules-xanax-a-vendre","20":"product_tag-pilules-de-xanax-en-vente-en-ligne","21":"product_tag-purchase-alprazolam-online","22":"product_tag-xanax-2mg-en-vente","23":"product_tag-xanax--vendre","24":"product_tag-xanax-en-vente-en-ligne","25":"product_tag-xanax-en-vente-sans-ordonnance","27":"first","28":"instock","29":"featured","30":"shipping-taxable","31":"purchasable","32":"product-type-variable","33":"has-default-attributes"},"yoast_head":"<!-- This site is optimized with the Yoast SEO Premium plugin v19.2 (Yoast SEO v27.3) - https:\/\/yoast.com\/product\/yoast-seo-premium-wordpress\/ -->\n<title>Acheter des pilules Xanax en ligne - Everyday Chem Shop<\/title>\n<meta name=\"description\" content=\"Acheter des pilules Xanax en ligne. Si vous cherchez comment acheter des pilules Xanax en ligne, vous \u00eates au bon endroit pour acheter des pilules Xanax en ligne.\" \/>\n<meta name=\"robots\" content=\"index, follow, max-snippet:-1, max-image-preview:large, max-video-preview:-1\" \/>\n<link rel=\"canonical\" href=\"https:\/\/everydaychemshop.com\/fr\/product\/acheter-pilules-xanax-en-ligne\/\" \/>\n<meta property=\"og:locale\" content=\"en_US\" \/>\n<meta property=\"og:type\" content=\"article\" \/>\n<meta property=\"og:title\" content=\"Pilules Xanax\" \/>\n<meta property=\"og:description\" content=\"Acheter des pilules Xanax en ligne. Si vous cherchez comment acheter des pilules Xanax en ligne, vous \u00eates au bon endroit pour acheter des pilules Xanax en ligne.\" \/>\n<meta property=\"og:url\" content=\"https:\/\/everydaychemshop.com\/fr\/product\/acheter-pilules-xanax-en-ligne\/\" \/>\n<meta property=\"og:site_name\" content=\"Everyday Chem Shop\" \/>\n<meta property=\"article:modified_time\" content=\"2023-04-07T12:30:28+00:00\" \/>\n<meta property=\"og:image\" content=\"https:\/\/everydaychemshop.com\/fr\/wp-content\/uploads\/sites\/5\/2022\/11\/Buy-XANAX-XR-ALPRAZOLAM-EXTENDED-RELEASE-TABLETS-2-Mg-50-TABLETS-RX-ONLY.jpg\" \/>\n\t<meta property=\"og:image:width\" content=\"1200\" \/>\n\t<meta property=\"og:image:height\" content=\"1200\" \/>\n\t<meta property=\"og:image:type\" content=\"image\/jpeg\" \/>\n<meta name=\"twitter:card\" content=\"summary_large_image\" \/>\n<meta name=\"twitter:label1\" content=\"Est. reading time\" \/>\n\t<meta name=\"twitter:data1\" content=\"3 minutes\" \/>\n<script type=\"application\/ld+json\" class=\"yoast-schema-graph\">{\"@context\":\"https:\\\/\\\/schema.org\",\"@graph\":[{\"@type\":\"WebPage\",\"@id\":\"https:\\\/\\\/everydaychemshop.com\\\/fr\\\/product\\\/acheter-pilules-xanax-en-ligne\\\/\",\"url\":\"https:\\\/\\\/everydaychemshop.com\\\/fr\\\/product\\\/acheter-pilules-xanax-en-ligne\\\/\",\"name\":\"Acheter des pilules Xanax en ligne - Everyday Chem Shop\",\"isPartOf\":{\"@id\":\"https:\\\/\\\/everydaychemshop.com\\\/fr\\\/#website\"},\"primaryImageOfPage\":{\"@id\":\"https:\\\/\\\/everydaychemshop.com\\\/fr\\\/product\\\/acheter-pilules-xanax-en-ligne\\\/#primaryimage\"},\"image\":{\"@id\":\"https:\\\/\\\/everydaychemshop.com\\\/fr\\\/product\\\/acheter-pilules-xanax-en-ligne\\\/#primaryimage\"},\"thumbnailUrl\":\"https:\\\/\\\/everydaychemshop.com\\\/fr\\\/wp-content\\\/uploads\\\/sites\\\/5\\\/2022\\\/11\\\/Buy-XANAX-XR-ALPRAZOLAM-EXTENDED-RELEASE-TABLETS-2-Mg-50-TABLETS-RX-ONLY.jpg\",\"datePublished\":\"2022-11-16T09:43:14+00:00\",\"dateModified\":\"2023-04-07T12:30:28+00:00\",\"description\":\"Acheter des pilules Xanax en ligne. Si vous cherchez comment acheter des pilules Xanax en ligne, vous \u00eates au bon endroit pour acheter des pilules Xanax en ligne.\",\"breadcrumb\":{\"@id\":\"https:\\\/\\\/everydaychemshop.com\\\/fr\\\/product\\\/acheter-pilules-xanax-en-ligne\\\/#breadcrumb\"},\"inLanguage\":\"en-US\",\"potentialAction\":[{\"@type\":\"ReadAction\",\"target\":[\"https:\\\/\\\/everydaychemshop.com\\\/fr\\\/product\\\/acheter-pilules-xanax-en-ligne\\\/\"]}]},{\"@type\":\"ImageObject\",\"inLanguage\":\"en-US\",\"@id\":\"https:\\\/\\\/everydaychemshop.com\\\/fr\\\/product\\\/acheter-pilules-xanax-en-ligne\\\/#primaryimage\",\"url\":\"https:\\\/\\\/everydaychemshop.com\\\/fr\\\/wp-content\\\/uploads\\\/sites\\\/5\\\/2022\\\/11\\\/Buy-XANAX-XR-ALPRAZOLAM-EXTENDED-RELEASE-TABLETS-2-Mg-50-TABLETS-RX-ONLY.jpg\",\"contentUrl\":\"https:\\\/\\\/everydaychemshop.com\\\/fr\\\/wp-content\\\/uploads\\\/sites\\\/5\\\/2022\\\/11\\\/Buy-XANAX-XR-ALPRAZOLAM-EXTENDED-RELEASE-TABLETS-2-Mg-50-TABLETS-RX-ONLY.jpg\",\"width\":1200,\"height\":1200,\"caption\":\"Acheter des pilules Xanax en ligne\"},{\"@type\":\"BreadcrumbList\",\"@id\":\"https:\\\/\\\/everydaychemshop.com\\\/fr\\\/product\\\/acheter-pilules-xanax-en-ligne\\\/#breadcrumb\",\"itemListElement\":[{\"@type\":\"ListItem\",\"position\":1,\"name\":\"Home\",\"item\":\"https:\\\/\\\/everydaychemshop.com\\\/fr\\\/\"},{\"@type\":\"ListItem\",\"position\":2,\"name\":\"Des produits\",\"item\":\"https:\\\/\\\/everydaychemshop.com\\\/fr\\\/des-produits\\\/\"},{\"@type\":\"ListItem\",\"position\":3,\"name\":\"Pilules Xanax\"}]},{\"@type\":\"WebSite\",\"@id\":\"https:\\\/\\\/everydaychemshop.com\\\/fr\\\/#website\",\"url\":\"https:\\\/\\\/everydaychemshop.com\\\/fr\\\/\",\"name\":\"Everyday Chem Shop\",\"description\":\"\",\"potentialAction\":[{\"@type\":\"SearchAction\",\"target\":{\"@type\":\"EntryPoint\",\"urlTemplate\":\"https:\\\/\\\/everydaychemshop.com\\\/fr\\\/?s={search_term_string}\"},\"query-input\":{\"@type\":\"PropertyValueSpecification\",\"valueRequired\":true,\"valueName\":\"search_term_string\"}}],\"inLanguage\":\"en-US\"}]}<\/script>\n<!-- \/ Yoast SEO Premium plugin. -->","yoast_head_json":{"title":"Acheter des pilules Xanax en ligne - Everyday Chem Shop","description":"Acheter des pilules Xanax en ligne. Si vous cherchez comment acheter des pilules Xanax en ligne, vous \u00eates au bon endroit pour acheter des pilules Xanax en ligne.","robots":{"index":"index","follow":"follow","max-snippet":"max-snippet:-1","max-image-preview":"max-image-preview:large","max-video-preview":"max-video-preview:-1"},"canonical":"https:\/\/everydaychemshop.com\/fr\/product\/acheter-pilules-xanax-en-ligne\/","og_locale":"en_US","og_type":"article","og_title":"Pilules Xanax","og_description":"Acheter des pilules Xanax en ligne. Si vous cherchez comment acheter des pilules Xanax en ligne, vous \u00eates au bon endroit pour acheter des pilules Xanax en ligne.","og_url":"https:\/\/everydaychemshop.com\/fr\/product\/acheter-pilules-xanax-en-ligne\/","og_site_name":"Everyday Chem Shop","article_modified_time":"2023-04-07T12:30:28+00:00","og_image":[{"width":1200,"height":1200,"url":"https:\/\/everydaychemshop.com\/fr\/wp-content\/uploads\/sites\/5\/2022\/11\/Buy-XANAX-XR-ALPRAZOLAM-EXTENDED-RELEASE-TABLETS-2-Mg-50-TABLETS-RX-ONLY.jpg","type":"image\/jpeg"}],"twitter_card":"summary_large_image","twitter_misc":{"Est. reading time":"3 minutes"},"schema":{"@context":"https:\/\/schema.org","@graph":[{"@type":"WebPage","@id":"https:\/\/everydaychemshop.com\/fr\/product\/acheter-pilules-xanax-en-ligne\/","url":"https:\/\/everydaychemshop.com\/fr\/product\/acheter-pilules-xanax-en-ligne\/","name":"Acheter des pilules Xanax en ligne - Everyday Chem Shop","isPartOf":{"@id":"https:\/\/everydaychemshop.com\/fr\/#website"},"primaryImageOfPage":{"@id":"https:\/\/everydaychemshop.com\/fr\/product\/acheter-pilules-xanax-en-ligne\/#primaryimage"},"image":{"@id":"https:\/\/everydaychemshop.com\/fr\/product\/acheter-pilules-xanax-en-ligne\/#primaryimage"},"thumbnailUrl":"https:\/\/everydaychemshop.com\/fr\/wp-content\/uploads\/sites\/5\/2022\/11\/Buy-XANAX-XR-ALPRAZOLAM-EXTENDED-RELEASE-TABLETS-2-Mg-50-TABLETS-RX-ONLY.jpg","datePublished":"2022-11-16T09:43:14+00:00","dateModified":"2023-04-07T12:30:28+00:00","description":"Acheter des pilules Xanax en ligne. Si vous cherchez comment acheter des pilules Xanax en ligne, vous \u00eates au bon endroit pour acheter des pilules Xanax en ligne.","breadcrumb":{"@id":"https:\/\/everydaychemshop.com\/fr\/product\/acheter-pilules-xanax-en-ligne\/#breadcrumb"},"inLanguage":"en-US","potentialAction":[{"@type":"ReadAction","target":["https:\/\/everydaychemshop.com\/fr\/product\/acheter-pilules-xanax-en-ligne\/"]}]},{"@type":"ImageObject","inLanguage":"en-US","@id":"https:\/\/everydaychemshop.com\/fr\/product\/acheter-pilules-xanax-en-ligne\/#primaryimage","url":"https:\/\/everydaychemshop.com\/fr\/wp-content\/uploads\/sites\/5\/2022\/11\/Buy-XANAX-XR-ALPRAZOLAM-EXTENDED-RELEASE-TABLETS-2-Mg-50-TABLETS-RX-ONLY.jpg","contentUrl":"https:\/\/everydaychemshop.com\/fr\/wp-content\/uploads\/sites\/5\/2022\/11\/Buy-XANAX-XR-ALPRAZOLAM-EXTENDED-RELEASE-TABLETS-2-Mg-50-TABLETS-RX-ONLY.jpg","width":1200,"height":1200,"caption":"Acheter des pilules Xanax en ligne"},{"@type":"BreadcrumbList","@id":"https:\/\/everydaychemshop.com\/fr\/product\/acheter-pilules-xanax-en-ligne\/#breadcrumb","itemListElement":[{"@type":"ListItem","position":1,"name":"Home","item":"https:\/\/everydaychemshop.com\/fr\/"},{"@type":"ListItem","position":2,"name":"Des produits","item":"https:\/\/everydaychemshop.com\/fr\/des-produits\/"},{"@type":"ListItem","position":3,"name":"Pilules Xanax"}]},{"@type":"WebSite","@id":"https:\/\/everydaychemshop.com\/fr\/#website","url":"https:\/\/everydaychemshop.com\/fr\/","name":"Everyday Chem Shop","description":"","potentialAction":[{"@type":"SearchAction","target":{"@type":"EntryPoint","urlTemplate":"https:\/\/everydaychemshop.com\/fr\/?s={search_term_string}"},"query-input":{"@type":"PropertyValueSpecification","valueRequired":true,"valueName":"search_term_string"}}],"inLanguage":"en-US"}]}},"_links":{"self":[{"href":"https:\/\/everydaychemshop.com\/fr\/wp-json\/wp\/v2\/product\/7648","targetHints":{"allow":["GET"]}}],"collection":[{"href":"https:\/\/everydaychemshop.com\/fr\/wp-json\/wp\/v2\/product"}],"about":[{"href":"https:\/\/everydaychemshop.com\/fr\/wp-json\/wp\/v2\/types\/product"}],"replies":[{"embeddable":true,"href":"https:\/\/everydaychemshop.com\/fr\/wp-json\/wp\/v2\/comments?post=7648"}],"wp:featuredmedia":[{"embeddable":true,"href":"https:\/\/everydaychemshop.com\/fr\/wp-json\/wp\/v2\/media\/7675"}],"wp:attachment":[{"href":"https:\/\/everydaychemshop.com\/fr\/wp-json\/wp\/v2\/media?parent=7648"}],"wp:term":[{"taxonomy":"product_brand","embeddable":true,"href":"https:\/\/everydaychemshop.com\/fr\/wp-json\/wp\/v2\/product_brand?post=7648"},{"taxonomy":"product_cat","embeddable":true,"href":"https:\/\/everydaychemshop.com\/fr\/wp-json\/wp\/v2\/product_cat?post=7648"},{"taxonomy":"product_tag","embeddable":true,"href":"https:\/\/everydaychemshop.com\/fr\/wp-json\/wp\/v2\/product_tag?post=7648"}],"curies":[{"name":"wp","href":"https:\/\/api.w.org\/{rel}","templated":true}]}}