{"id":7666,"date":"2022-11-16T09:43:44","date_gmt":"2022-11-16T09:43:44","guid":{"rendered":"https:\/\/everydaychemshop.com\/fr\/?post_type=product&#038;p=7666"},"modified":"2023-04-07T12:28:05","modified_gmt":"2023-04-07T12:28:05","slug":"acheter-pilules-adderall-en-ligne","status":"publish","type":"product","link":"https:\/\/everydaychemshop.com\/fr\/product\/acheter-pilules-adderall-en-ligne\/","title":{"rendered":"Pilules Adderall"},"content":{"rendered":"<h1>Acheter des pilules Adderall en ligne<\/h1>\n<p><a href=\"https:\/\/everydaychemshop.com\/fr\/product\/acheter-pilules-adderall-en-ligne\/\">Acheter des pilules Adderall en ligne<\/a>. Adderall 30 MG est une sorte de m\u00e9dicament qui est form\u00e9 en combinant et dextroamph\u00e9tamine. Ces deux composants servent de stimulants primaires du syst\u00e8me nerveux. De plus, ces stimulants ont un impact sur les substances chimiques du cerveau et les nerfs pour contr\u00f4ler les impulsions et l&#8217;hyperactivit\u00e9. Le m\u00e9dicament est essentiellement utilis\u00e9 pour soigner la narcolepsie et le trouble d&#8217;hyperactivit\u00e9 (TDAH). Il est autoris\u00e9 \u00e0 consommer dans des pays sp\u00e9cifiques, principalement au Canada et aux \u00c9tats-Unis.<\/p>\n<p>Le plus gros probl\u00e8me dans\u00a0<em>Acheter Adderall 30\u00a0Mg<\/em>\u00a0en ligne se r\u00e9sume \u00e0 ce mot qui commence <a href=\"https:\/\/fr.wikipedia.org\/wiki\/Adderall\">par<\/a> WChaque fille ou fils est n\u00e9 avec une m\u00e9moire d\u00e9cente<\/p>\n<p><em>Acheter Adderall 30mg<\/em>. Aucune ordonnance requise. Exp\u00e9dition 100% s\u00fbre et discr\u00e8te. La livraison le lendemain est disponible. Garantie de remboursement.<\/p>\n<p>Vous pouvez\u00a0<em>acheter des pilules Adderall<\/em>\u00a0en ligne sans ordonnance, adderall sur ordinateur ouvert, puis-je\u00a0<em>acheter Adderall<\/em>\u00a0en ligne\u00a0?<\/p>\n<h4><strong>Pr\u00e9cautions concernant le dosage\u00a0:<\/strong><\/h4>\n<p>Il pourrait \u00eatre n\u00e9cessaire de prendre\u00a0Adderall XR<strong><em>\u00a0<\/em><\/strong>chez une personne, mais il faut consulter un m\u00e9decin avant la premi\u00e8re dose s&#8217;il a une thyro\u00efde hyperactive, une hypertension art\u00e9rielle mod\u00e9r\u00e9e \u00e0 s\u00e9v\u00e8re, un glaucome, une maladie cardiaque ou m\u00eame si une personne \u00e9tait toxicomane ou alcoolique auparavant. Il est \u00e9galement conseill\u00e9 aux gens de ne pas abuser de son dosage car cela pourrait provoquer des effets secondaires graves sur le c\u0153ur ou pire encore, la mort.<\/p>\n<h4><strong>R\u00e9sultat positif\u00a0:<\/strong><\/h4>\n<p>Comme la consommation de drogues de toutes sortes a des effets n\u00e9gatifs ou positifs. Adderall 30\u00a0MG<strong><em>\u00a0<\/em><\/strong>en a \u00e9galement. Il a \u00e9t\u00e9 observ\u00e9 que son utilisation sur une dur\u00e9e plus courte selon les directives du m\u00e9decin a un impact positif sur la sant\u00e9 de la personne en raison de la pr\u00e9vention des sympt\u00f4mes du TDAH. Cela se produit parce que\u00a0:<\/p>\n<ul>\n<li>Cela augmente la pr\u00e9sence de neurotransmetteurs dans notre cerveau tels que la dopamine et la noradr\u00e9naline. En outre, ces produits chimiques sp\u00e9cifiques dans le cerveau fonctionnent de mani\u00e8re \u00e0 augmenter les niveaux d&#8217;\u00e9nergie, la vigilance et l&#8217;attention.<\/li>\n<li>Le m\u00e9dicament peut augmenter la fr\u00e9quence cardiaque et maintenir le flux sanguin vers les muscles.<\/li>\n<li>Constant son utilisation selon les conseils des m\u00e9decins peut g\u00e9n\u00e9rer une \u00e9nergie et une revigoration plus \u00e9lev\u00e9es, ce qui serait similaire \u00e0 la consommation de coca\u00efne.<\/li>\n<\/ul>\n<h4><strong>R\u00e9sultat n\u00e9gatif\u00a0:<\/strong><\/h4>\n<p>Comme c&#8217;est l&#8217;un des m\u00e9dicaments sensibles et consommer Adderall 30 MG<strong><em>\u00a0<\/em><\/strong>m\u00eame apr\u00e8s la prescription d&#8217;un expert peut avoir un impact n\u00e9gatif sur la sant\u00e9.<\/p>\n<ul>\n<li>Irritabilit\u00e9<\/li>\n<li>Perte de poids malsaine due \u00e0 la suppression de l&#8217;app\u00e9tit<\/li>\n<li>Agitation et troubles du sommeil<\/li>\n<li>Probl\u00e8mes cardiaques graves<\/li>\n<\/ul>\n<h4><strong> En cas d&#8217;abus\u00a0:<\/strong><\/h4>\n<p>Les m\u00e9decins ont toujours averti les patients de prendre leurs m\u00e9dicaments avec prudence et m\u00eame \u00e0 contrec\u0153ur, la prise d&#8217;Adderall 30\u00a0MG\u00a0a \u00e9t\u00e9 abus\u00e9e, ce qui entra\u00eenerait une augmentation des niveaux d&#8217;\u00e9nergie ainsi qu&#8217;une revigoration intense. De plus, l&#8217;abus de cette derni\u00e8re drogue peut g\u00e9n\u00e9rer des sympt\u00f4mes d\u00e9sagr\u00e9ables tels que\u00a0:<\/p>\n<ul>\n<li>Moins de concentration sur les choses<\/li>\n<li>D\u00e9pression et l\u00e9thargie<\/li>\n<li>Fatigue<\/li>\n<\/ul>\n<h4><strong>Points \u00e0 garder \u00e0 l&#8217;esprit\u00a0:<\/strong><\/h4>\n<p>De plus, avant de prendre Adderall 30\u00a0MG<strong><em>\u00a0<\/em><\/strong>il y a quelques points \u00e0 m\u00e9diter.<\/p>\n<p>Les chercheurs ont sugg\u00e9r\u00e9 aux personnes de ne pas en consommer si elles ont utilis\u00e9 un inhibiteur de la MAO, notamment le lin\u00e9zoild, l&#8217;injection de bleu de m\u00e9thyl\u00e8ne, l&#8217;isocarboxazide, la rasagiline et d&#8217;autres au cours des 14\u00a0derniers jours, car cela peut entra\u00eener une interaction m\u00e9dicamenteuse intense ce qui n&#8217;est sans aucun doute pas sain.<\/p>\n<p>De plus, une personne souffrant d&#8217;allergies aux m\u00e9dicaments stimulants doit l&#8217;\u00e9viter ou si elle est d\u00e9j\u00e0 aux prises avec\u00a0:<\/p>\n<ul>\n<li>Tout probl\u00e8me cardiaque ou coronarien grave maladie<\/li>\n<li>Tension art\u00e9rielle (normale \u00e0 \u00e9lev\u00e9e)<\/li>\n<li>Anxi\u00e9t\u00e9 et tension intenses<\/li>\n<li>D\u00e9pendance \u00e0 la drogue ou \u00e0 l&#8217;alcool<\/li>\n<\/ul>\n<h4><strong> Que se passe-t-il si une personne est d\u00e9pendante d&#8217;Adderall\u00a0XR\u00a0?<\/strong><\/h4>\n<p>D\u00e9pendance \u00e0 un tel m\u00e9dicament aurait deux types de r\u00e9sultats, \u00e0 savoir psychologique et physique.<\/p>\n<p>A personne la trouverait psychologiquement d\u00e9pendante ou accro si elle en prenait quotidiennement et que cela faisait partie de sa vie. De plus, un acc\u00e8s moindre pour une raison quelconque pourrait \u00eatre d\u00e9rangeant et le stress ou les maux de t\u00eate surviendraient fr\u00e9quemment chez les personnes psychologiquement addictives.<\/p>\n<p>De plus, premi\u00e8rement, pour les personnes psychologiquement d\u00e9pendantes qui en consommaient, elles prenaient souvent des niveaux dangereux et elles ont continuer \u00e0 en consommer quitte \u00e0 mettre leur vie en danger. Cependant, dans ce cas, un rem\u00e8de est disponible. Cette habitude peut \u00eatre am\u00e9lior\u00e9e par un traitement psychologique pour modifier les comportements. Selon les experts, une th\u00e9rapie appel\u00e9e th\u00e9rapie cognitivo-comportementale pourrait \u00eatre utile.<\/p>\n<p>Deuxi\u00e8mement, lorsqu&#8217;une personne est habitu\u00e9e \u00e0 la disponibilit\u00e9 d&#8217;un niveau de dopamine plus \u00e9lev\u00e9 dans son cerveau et \u00e0 la restriction d&#8217;Adderall XR<em><strong>\u00a0<\/strong> <\/em>dans ce cas, le niveau de dopamine pourrait chuter et la personne est alors confront\u00e9e\u00a0:<\/p>\n<p>&nbsp;<\/p>\n<p>&nbsp;<\/p>\n","protected":false},"excerpt":{"rendered":"<p>Adderall 30 MG est une sorte de m\u00e9dicament qui est form\u00e9 en combinant et dextroamph\u00e9tamine. Ces deux composants servent de stimulants primaires du syst\u00e8me nerveux. De plus, ces stimulants ont un impact sur les substances chimiques du cerveau et les nerfs pour contr\u00f4ler les impulsions et l&#8217;hyperactivit\u00e9<\/p>\n","protected":false},"featured_media":7692,"comment_status":"open","ping_status":"closed","template":"","meta":{"inline_featured_image":false},"product_brand":[],"product_cat":[116],"product_tag":[154,153,156,155,158,159,157],"class_list":{"0":"post-7666","1":"product","2":"type-product","3":"status-publish","4":"has-post-thumbnail","6":"product_cat-pain-killers","7":"product_tag-acheter-adderall-30-mg-en-ligne","8":"product_tag-adderall-30-mg-en-vente","9":"product_tag-commander-adderall-30-mg-en-ligne","10":"product_tag-comment-acheter-adderall-30-mg-en-ligne","11":"product_tag-le-meilleur-endroit-pour-acheter-adderall-30-mg-en-ligne","12":"product_tag-o-acheter-adderall-30-mg-en-ligne","13":"product_tag-purchase-adderall-30-mg-online","15":"first","16":"instock","17":"shipping-taxable","18":"purchasable","19":"product-type-variable","20":"has-default-attributes"},"yoast_head":"<!-- This site is optimized with the Yoast SEO Premium plugin v19.2 (Yoast SEO v27.3) - https:\/\/yoast.com\/product\/yoast-seo-premium-wordpress\/ -->\n<title>Acheter des pilules Adderall en ligne - Everyday Chem Shop<\/title>\n<meta name=\"description\" content=\"Acheter des pilules Adderall en ligne. Si vous cherchez comment acheter des pilules Adderall en ligne, vous \u00eates au bon endroit pour acheter des pilules Adderall en ligne.\" \/>\n<meta name=\"robots\" content=\"index, follow, max-snippet:-1, max-image-preview:large, max-video-preview:-1\" \/>\n<link rel=\"canonical\" href=\"https:\/\/everydaychemshop.com\/fr\/product\/acheter-pilules-adderall-en-ligne\/\" \/>\n<meta property=\"og:locale\" content=\"en_US\" \/>\n<meta property=\"og:type\" content=\"article\" \/>\n<meta property=\"og:title\" content=\"Pilules Adderall\" \/>\n<meta property=\"og:description\" content=\"Acheter des pilules Adderall en ligne. Si vous cherchez comment acheter des pilules Adderall en ligne, vous \u00eates au bon endroit pour acheter des pilules Adderall en ligne.\" \/>\n<meta property=\"og:url\" content=\"https:\/\/everydaychemshop.com\/fr\/product\/acheter-pilules-adderall-en-ligne\/\" \/>\n<meta property=\"og:site_name\" content=\"Everyday Chem Shop\" \/>\n<meta property=\"article:modified_time\" content=\"2023-04-07T12:28:05+00:00\" \/>\n<meta property=\"og:image\" content=\"https:\/\/everydaychemshop.com\/fr\/wp-content\/uploads\/sites\/5\/2022\/11\/Buy-Adderall-30-MG.jpg\" \/>\n\t<meta property=\"og:image:width\" content=\"1200\" \/>\n\t<meta property=\"og:image:height\" content=\"1200\" \/>\n\t<meta property=\"og:image:type\" content=\"image\/jpeg\" \/>\n<meta name=\"twitter:card\" content=\"summary_large_image\" \/>\n<meta name=\"twitter:label1\" content=\"Est. reading time\" \/>\n\t<meta name=\"twitter:data1\" content=\"4 minutes\" \/>\n<script type=\"application\/ld+json\" class=\"yoast-schema-graph\">{\"@context\":\"https:\\\/\\\/schema.org\",\"@graph\":[{\"@type\":\"WebPage\",\"@id\":\"https:\\\/\\\/everydaychemshop.com\\\/fr\\\/product\\\/acheter-pilules-adderall-en-ligne\\\/\",\"url\":\"https:\\\/\\\/everydaychemshop.com\\\/fr\\\/product\\\/acheter-pilules-adderall-en-ligne\\\/\",\"name\":\"Acheter des pilules Adderall en ligne - Everyday Chem Shop\",\"isPartOf\":{\"@id\":\"https:\\\/\\\/everydaychemshop.com\\\/fr\\\/#website\"},\"primaryImageOfPage\":{\"@id\":\"https:\\\/\\\/everydaychemshop.com\\\/fr\\\/product\\\/acheter-pilules-adderall-en-ligne\\\/#primaryimage\"},\"image\":{\"@id\":\"https:\\\/\\\/everydaychemshop.com\\\/fr\\\/product\\\/acheter-pilules-adderall-en-ligne\\\/#primaryimage\"},\"thumbnailUrl\":\"https:\\\/\\\/everydaychemshop.com\\\/fr\\\/wp-content\\\/uploads\\\/sites\\\/5\\\/2022\\\/11\\\/Buy-Adderall-30-MG.jpg\",\"datePublished\":\"2022-11-16T09:43:44+00:00\",\"dateModified\":\"2023-04-07T12:28:05+00:00\",\"description\":\"Acheter des pilules Adderall en ligne. Si vous cherchez comment acheter des pilules Adderall en ligne, vous \u00eates au bon endroit pour acheter des pilules Adderall en ligne.\",\"breadcrumb\":{\"@id\":\"https:\\\/\\\/everydaychemshop.com\\\/fr\\\/product\\\/acheter-pilules-adderall-en-ligne\\\/#breadcrumb\"},\"inLanguage\":\"en-US\",\"potentialAction\":[{\"@type\":\"ReadAction\",\"target\":[\"https:\\\/\\\/everydaychemshop.com\\\/fr\\\/product\\\/acheter-pilules-adderall-en-ligne\\\/\"]}]},{\"@type\":\"ImageObject\",\"inLanguage\":\"en-US\",\"@id\":\"https:\\\/\\\/everydaychemshop.com\\\/fr\\\/product\\\/acheter-pilules-adderall-en-ligne\\\/#primaryimage\",\"url\":\"https:\\\/\\\/everydaychemshop.com\\\/fr\\\/wp-content\\\/uploads\\\/sites\\\/5\\\/2022\\\/11\\\/Buy-Adderall-30-MG.jpg\",\"contentUrl\":\"https:\\\/\\\/everydaychemshop.com\\\/fr\\\/wp-content\\\/uploads\\\/sites\\\/5\\\/2022\\\/11\\\/Buy-Adderall-30-MG.jpg\",\"width\":1200,\"height\":1200,\"caption\":\"Acheter des pilules Adderall en ligne\"},{\"@type\":\"BreadcrumbList\",\"@id\":\"https:\\\/\\\/everydaychemshop.com\\\/fr\\\/product\\\/acheter-pilules-adderall-en-ligne\\\/#breadcrumb\",\"itemListElement\":[{\"@type\":\"ListItem\",\"position\":1,\"name\":\"Home\",\"item\":\"https:\\\/\\\/everydaychemshop.com\\\/fr\\\/\"},{\"@type\":\"ListItem\",\"position\":2,\"name\":\"Des produits\",\"item\":\"https:\\\/\\\/everydaychemshop.com\\\/fr\\\/des-produits\\\/\"},{\"@type\":\"ListItem\",\"position\":3,\"name\":\"Pilules Adderall\"}]},{\"@type\":\"WebSite\",\"@id\":\"https:\\\/\\\/everydaychemshop.com\\\/fr\\\/#website\",\"url\":\"https:\\\/\\\/everydaychemshop.com\\\/fr\\\/\",\"name\":\"Everyday Chem Shop\",\"description\":\"\",\"potentialAction\":[{\"@type\":\"SearchAction\",\"target\":{\"@type\":\"EntryPoint\",\"urlTemplate\":\"https:\\\/\\\/everydaychemshop.com\\\/fr\\\/?s={search_term_string}\"},\"query-input\":{\"@type\":\"PropertyValueSpecification\",\"valueRequired\":true,\"valueName\":\"search_term_string\"}}],\"inLanguage\":\"en-US\"}]}<\/script>\n<!-- \/ Yoast SEO Premium plugin. -->","yoast_head_json":{"title":"Acheter des pilules Adderall en ligne - Everyday Chem Shop","description":"Acheter des pilules Adderall en ligne. Si vous cherchez comment acheter des pilules Adderall en ligne, vous \u00eates au bon endroit pour acheter des pilules Adderall en ligne.","robots":{"index":"index","follow":"follow","max-snippet":"max-snippet:-1","max-image-preview":"max-image-preview:large","max-video-preview":"max-video-preview:-1"},"canonical":"https:\/\/everydaychemshop.com\/fr\/product\/acheter-pilules-adderall-en-ligne\/","og_locale":"en_US","og_type":"article","og_title":"Pilules Adderall","og_description":"Acheter des pilules Adderall en ligne. Si vous cherchez comment acheter des pilules Adderall en ligne, vous \u00eates au bon endroit pour acheter des pilules Adderall en ligne.","og_url":"https:\/\/everydaychemshop.com\/fr\/product\/acheter-pilules-adderall-en-ligne\/","og_site_name":"Everyday Chem Shop","article_modified_time":"2023-04-07T12:28:05+00:00","og_image":[{"width":1200,"height":1200,"url":"https:\/\/everydaychemshop.com\/fr\/wp-content\/uploads\/sites\/5\/2022\/11\/Buy-Adderall-30-MG.jpg","type":"image\/jpeg"}],"twitter_card":"summary_large_image","twitter_misc":{"Est. reading time":"4 minutes"},"schema":{"@context":"https:\/\/schema.org","@graph":[{"@type":"WebPage","@id":"https:\/\/everydaychemshop.com\/fr\/product\/acheter-pilules-adderall-en-ligne\/","url":"https:\/\/everydaychemshop.com\/fr\/product\/acheter-pilules-adderall-en-ligne\/","name":"Acheter des pilules Adderall en ligne - Everyday Chem Shop","isPartOf":{"@id":"https:\/\/everydaychemshop.com\/fr\/#website"},"primaryImageOfPage":{"@id":"https:\/\/everydaychemshop.com\/fr\/product\/acheter-pilules-adderall-en-ligne\/#primaryimage"},"image":{"@id":"https:\/\/everydaychemshop.com\/fr\/product\/acheter-pilules-adderall-en-ligne\/#primaryimage"},"thumbnailUrl":"https:\/\/everydaychemshop.com\/fr\/wp-content\/uploads\/sites\/5\/2022\/11\/Buy-Adderall-30-MG.jpg","datePublished":"2022-11-16T09:43:44+00:00","dateModified":"2023-04-07T12:28:05+00:00","description":"Acheter des pilules Adderall en ligne. Si vous cherchez comment acheter des pilules Adderall en ligne, vous \u00eates au bon endroit pour acheter des pilules Adderall en ligne.","breadcrumb":{"@id":"https:\/\/everydaychemshop.com\/fr\/product\/acheter-pilules-adderall-en-ligne\/#breadcrumb"},"inLanguage":"en-US","potentialAction":[{"@type":"ReadAction","target":["https:\/\/everydaychemshop.com\/fr\/product\/acheter-pilules-adderall-en-ligne\/"]}]},{"@type":"ImageObject","inLanguage":"en-US","@id":"https:\/\/everydaychemshop.com\/fr\/product\/acheter-pilules-adderall-en-ligne\/#primaryimage","url":"https:\/\/everydaychemshop.com\/fr\/wp-content\/uploads\/sites\/5\/2022\/11\/Buy-Adderall-30-MG.jpg","contentUrl":"https:\/\/everydaychemshop.com\/fr\/wp-content\/uploads\/sites\/5\/2022\/11\/Buy-Adderall-30-MG.jpg","width":1200,"height":1200,"caption":"Acheter des pilules Adderall en ligne"},{"@type":"BreadcrumbList","@id":"https:\/\/everydaychemshop.com\/fr\/product\/acheter-pilules-adderall-en-ligne\/#breadcrumb","itemListElement":[{"@type":"ListItem","position":1,"name":"Home","item":"https:\/\/everydaychemshop.com\/fr\/"},{"@type":"ListItem","position":2,"name":"Des produits","item":"https:\/\/everydaychemshop.com\/fr\/des-produits\/"},{"@type":"ListItem","position":3,"name":"Pilules Adderall"}]},{"@type":"WebSite","@id":"https:\/\/everydaychemshop.com\/fr\/#website","url":"https:\/\/everydaychemshop.com\/fr\/","name":"Everyday Chem Shop","description":"","potentialAction":[{"@type":"SearchAction","target":{"@type":"EntryPoint","urlTemplate":"https:\/\/everydaychemshop.com\/fr\/?s={search_term_string}"},"query-input":{"@type":"PropertyValueSpecification","valueRequired":true,"valueName":"search_term_string"}}],"inLanguage":"en-US"}]}},"_links":{"self":[{"href":"https:\/\/everydaychemshop.com\/fr\/wp-json\/wp\/v2\/product\/7666","targetHints":{"allow":["GET"]}}],"collection":[{"href":"https:\/\/everydaychemshop.com\/fr\/wp-json\/wp\/v2\/product"}],"about":[{"href":"https:\/\/everydaychemshop.com\/fr\/wp-json\/wp\/v2\/types\/product"}],"replies":[{"embeddable":true,"href":"https:\/\/everydaychemshop.com\/fr\/wp-json\/wp\/v2\/comments?post=7666"}],"wp:featuredmedia":[{"embeddable":true,"href":"https:\/\/everydaychemshop.com\/fr\/wp-json\/wp\/v2\/media\/7692"}],"wp:attachment":[{"href":"https:\/\/everydaychemshop.com\/fr\/wp-json\/wp\/v2\/media?parent=7666"}],"wp:term":[{"taxonomy":"product_brand","embeddable":true,"href":"https:\/\/everydaychemshop.com\/fr\/wp-json\/wp\/v2\/product_brand?post=7666"},{"taxonomy":"product_cat","embeddable":true,"href":"https:\/\/everydaychemshop.com\/fr\/wp-json\/wp\/v2\/product_cat?post=7666"},{"taxonomy":"product_tag","embeddable":true,"href":"https:\/\/everydaychemshop.com\/fr\/wp-json\/wp\/v2\/product_tag?post=7666"}],"curies":[{"name":"wp","href":"https:\/\/api.w.org\/{rel}","templated":true}]}}