{"id":7672,"date":"2022-11-16T09:43:46","date_gmt":"2022-11-16T09:43:46","guid":{"rendered":"https:\/\/everydaychemshop.com\/fr\/?post_type=product&#038;p=7672"},"modified":"2023-04-07T12:25:11","modified_gmt":"2023-04-07T12:25:11","slug":"acheter-des-pilules-de-methadone-en-ligne","status":"publish","type":"product","link":"https:\/\/everydaychemshop.com\/fr\/product\/acheter-des-pilules-de-methadone-en-ligne\/","title":{"rendered":"Pilules de m\u00e9thadone"},"content":{"rendered":"<h1>Acheter des pilules de m\u00e9thadone en ligne<\/h1>\n<p><a href=\"https:\/\/everydaychemshop.com\/fr\/product\/acheter-des-pilules-de-methadone-en-ligne\/\">Acheter des pilules de m\u00e9thadone en ligne<\/a>. la m\u00e9thadone est un m\u00e9dicament opio\u00efde \u00e0 action prolong\u00e9e utilis\u00e9 pour remplacer les opio\u00efdes \u00e0 action plus courte auxquels une personne peut \u00eatre d\u00e9pendante, tels que l&#8217;h\u00e9ro\u00efne, l&#8217;oxycodone, le fentanyl ou l&#8217;hydromorphone. Longue dur\u00e9e d&#8217;action signifie que le m\u00e9dicament agit plus lentement dans le corps et sur une plus longue p\u00e9riode de temps. Les effets de la m\u00e9thadone durent de 24 \u00e0 36 heures. En revanche, une personne utilisant des opio\u00efdes \u00e0 courte dur\u00e9e d&#8217;action pour \u00e9viter le sevrage doit en prendre trois \u00e0 quatre <a href=\"https:\/\/fr.wikipedia.org\/wiki\/M%C3%A9thadone\">fois<\/a> par jour. Achetez des pilules de m\u00e9thadone sur le Web<\/p>\n<p>Lorsque la m\u00e9thadone est prise \u00e0 la bonne dose, elle pr\u00e9vient les sympt\u00f4mes de sevrage et r\u00e9duit les envies de drogue sans que la personne se sente euphorique ou somnolente. Cela r\u00e9duit les m\u00e9faits associ\u00e9s \u00e0 l&#8217;abus d&#8217;opio\u00efdes et donne aux personnes d\u00e9pendantes aux opio\u00efdes une chance de stabiliser leur vie. Ce traitement est connu sous le nom de th\u00e9rapie d&#8217;entretien \u00e0 la m\u00e9thadone, qui est un type de th\u00e9rapie agoniste des opio\u00efdes. La th\u00e9rapie \u00e0 la m\u00e9thadone pour la d\u00e9pendance aux opio\u00efdes fonctionne de la m\u00eame mani\u00e8re que la bupr\u00e9norphine, <a href=\"https:\/\/en.wikipedia.org\/wiki\/Methadone\">une autre<\/a> th\u00e9rapie agoniste des opio\u00efdes. Acheter des pilules de m\u00e9thadone en ligne<\/p>\n<p>Souffrez-vous de douleurs\u00a0? Maintenant, vous pouvez obtenir vos analg\u00e9siques dans le confort de votre maison ou de votre bureau, nous vendons les meilleurs analg\u00e9siques m\u00e9dicaux pour soulager la douleur et de nombreuses autres conditions telles que ; Xanax, Oxycontin, Oxycodone, Dilaudid, Demerol, M\u00e9thadone (Dolophine, Methadose), Roxycodone, Diaz\u00e9pam, Ritalin, Percocet, Concerta, Tramadol, Adderall, Hydrocodone, Morphine. Nous avons un dossier de 100\u00a0% d&#8217;accouchements r\u00e9ussis.<\/p>\n<p>Nous avons des m\u00e9dicaments pour le traitement des maux de dos chroniques, de la toux, de l&#8217;anxi\u00e9t\u00e9, du trouble panique, de la d\u00e9pression, de la dysfonction \u00e9rectile, de la dysfonction sexuelle, de la narcolepsie, de l&#8217;ob\u00e9sit\u00e9, de la d\u00e9pression, de la fatigue , suppl\u00e9ment de perte de poids et plus en ligne (sans ordonnance) acheter des pilules de m\u00e9thadone en ligne<\/p>\n<p>&#8211; Aucune ordonnance n\u00e9cessaire<br \/>\n&#8211; Livraison express le lendemain ou le lendemain<br \/>\n&#8211; Le paquet est tr\u00e8s discr\u00e8tement scell\u00e9, emball\u00e9 avec une feuille d&#8217;aluminium, s\u00fbre et s\u00e9curis\u00e9e<br \/>\n&#8211; Aucune signature requise \u00e0 l&#8217;arriv\u00e9e du colis<br \/>\n&#8211; Service client et assistance \u00e0 100 %.<br \/>\n&#8211; Garantie de remboursement<br \/>\n&#8211; Nous proposons une livraison porte \u00e0 porte service<br \/>\n&#8211; Prix excellents et imbattables.<\/p>\n<p>Nous emballons soigneusement les colis avec du tungst\u00e8ne et du papier carbone pour \u00e9viter les machines \u00e0 rayons X des douanes dans les a\u00e9roports. Les colis sont joliment emball\u00e9s avec des papiers d&#8217;emballage de l&#8217;ext\u00e9rieur.<\/p>\n<h4>Dolophine (M\u00e9thadone)<\/h4>\n<p>Dolophine M\u00e9thadone 10MG,\u00a0ce\u00a0m\u00e9dicament\u00a0est utilis\u00e9 pour traiter les douleurs persistantes s\u00e9v\u00e8res (comme celles dues au cancer). La m\u00e9thadone appartient \u00e0 une classe de m\u00e9dicaments appel\u00e9s analg\u00e9siques opio\u00efdes (narcotiques). Il agit dans le cerveau pour modifier la fa\u00e7on dont votre corps ressent et r\u00e9agit \u00e0 la douleur.<\/p>\n<p>Dolophine M\u00e9thadone 10MG, N&#8217;utilisez pas ce m\u00e9dicament pour soulager une douleur l\u00e9g\u00e8re ou qui dispara\u00eetra en quelques jours (comme douleur de la chirurgie). Ce m\u00e9dicament n&#8217;est pas destin\u00e9 \u00e0 une utilisation occasionnelle (&#8220;au besoin&#8221;).<\/p>\n<p>Dolophine M\u00e9thadone 10MG, ce m\u00e9dicament est \u00e9galement utilis\u00e9 pour traiter la d\u00e9pendance aux opio\u00efdes (comme l&#8217;h\u00e9riode) dans le cadre d&#8217;un programme de traitement approuv\u00e9. Il aide \u00e0 pr\u00e9venir les sympt\u00f4mes de sevrage caus\u00e9s par l&#8217;arr\u00eat d&#8217;autres opio\u00efdes.<\/p>\n<h4>Comment utiliser Dolophine (M\u00e9thadone) 10MG<\/h4>\n<p>Voir \u00e9galement la section Avertissement.<\/p>\n<p>Lire la\u00a0Dolophine M\u00e9thadone 10MG Guide et notice d&#8217;information du patient si disponibles aupr\u00e8s de votre\u00a0pharmacien\u00a0avant de commencer \u00e0 utiliser\u00a0la m\u00e9thadone\u00a0et chaque fois que vous recevez une recharge. Si vous avez des questions, posez-les \u00e0 votre m\u00e9decin ou \u00e0 votre pharmacien.<\/p>\n<p>Dolophine M\u00e9thadone 10MG, Prenez ce m\u00e9dicament par voie orale selon un horaire r\u00e9gulier selon les directives de votre m\u00e9decin et non au besoin en cas de douleur soudaine (perc\u00e9e). Vous pouvez prendre ce m\u00e9dicament avec ou sans nourriture. Si vous avez des naus\u00e9es, il peut \u00eatre utile de prendre ce m\u00e9dicament avec de la nourriture. Demandez \u00e0 votre m\u00e9decin ou \u00e0 votre pharmacien s&#8217;il existe d&#8217;autres moyens de diminuer les naus\u00e9es (par exemple, rester allong\u00e9 pendant 1 \u00e0 2 heures avec le moins de mouvements de t\u00eate possible).<\/p>\n<p>Si vous utilisez la forme liquide de ce m\u00e9dicament, mesurez la doser soigneusement \u00e0 l&#8217;aide d&#8217;un appareil de mesure\/cuill\u00e8re sp\u00e9cial. N&#8217;utilisez pas de cuill\u00e8re domestique car vous risquez de ne pas obtenir la bonne dose.<\/p>\n<p>La posologie est bas\u00e9e sur votre \u00e9tat de sant\u00e9 et votre r\u00e9ponse au traitement.<\/p>\n<p>Dolophine M\u00e9thadone 10MG, ce\u00a0m\u00e9dicament\u00a0est utilis\u00e9 pour traiter une douleur persistante s\u00e9v\u00e8re (comme due au cancer). La m\u00e9thadone appartient \u00e0 une classe de m\u00e9dicaments appel\u00e9s analg\u00e9siques opio\u00efdes (narcotiques). Il agit dans le cerveau pour modifier la fa\u00e7on dont votre corps ressent et r\u00e9agit \u00e0 la douleur. Ce m\u00e9dicament peut provoquer des r\u00e9actions de sevrage, surtout s&#8217;il a \u00e9t\u00e9 utilis\u00e9 r\u00e9guli\u00e8rement pendant une longue p\u00e9riode ou \u00e0 fortes doses. Dans de tels cas, des sympt\u00f4mes de sevrage (tels qu&#8217;agitation, larmoiement, bruit de ruissellement, naus\u00e9es, transpiration, douleurs musculaires) peuvent survenir si vous arr\u00eatez soudainement d&#8217;utiliser ce m\u00e9dicament. Pour pr\u00e9venir les r\u00e9actions de sevrage, votre m\u00e9decin peut r\u00e9duire progressivement votre dose. Consultez votre m\u00e9decin ou votre pharmacien pour plus de d\u00e9tails et signalez imm\u00e9diatement toute r\u00e9action de sevrage.<\/p>\n<p>Bien qu&#8217;il aide de nombreuses personnes, ce m\u00e9dicament peut parfois provoquer une surconsommation. Ce risque peut \u00eatre plus \u00e9lev\u00e9 si vous souffrez d&#8217;un trouble li\u00e9 \u00e0 l&#8217;utilisation de substances (comme une surconsommation ou une d\u00e9pendance aux drogues\/alcool). Prenez ce m\u00e9dicament exactement comme prescrit pour r\u00e9duire le risque de d\u00e9pendance. L&#8217;arr\u00eat du traitement d&#8217;entretien \u00e0 la m\u00e9thadone pr\u00e9sente un risque \u00e9lev\u00e9 de retour \u00e0 l&#8217;abus de\u00a0Dolophine M\u00e9thadone 10\u00a0MG. Demandez plus de d\u00e9tails \u00e0 votre m\u00e9decin ou \u00e0 votre pharmacien.<\/p>\n<p>Dites \u00e0 votre m\u00e9decin si votre \u00e9tat persiste ou s&#8217;aggrave. Dolophine (M\u00e9thadone) 10MG.<\/p>\n<p>Pilules de m\u00e9thadone \u00e0 vendre, m\u00e9thadone \u00e0 vendre, m\u00e9thadone \u00e0 vendre en ligne, comprim\u00e9s de m\u00e9thadone \u00e0 vendre, m\u00e9thadone \u00e0 vendre sans ordonnance, valeur marchande de la m\u00e9thadone, acheter des pilules de m\u00e9thadone sur le Web.<\/p>\n<p>&nbsp;<\/p>\n","protected":false},"excerpt":{"rendered":"<p>METHADONE est un analg\u00e9sique. Il est utilis\u00e9 pour traiter les douleurs intenses. Le m\u00e9dicament est \u00e9galement utilis\u00e9 pour pr\u00e9venir les sympt\u00f4mes de sevrage chez les personnes d\u00e9pendantes d&#8217;autres drogues<\/p>\n","protected":false},"featured_media":7693,"comment_status":"open","ping_status":"closed","template":"","meta":{"inline_featured_image":false},"product_brand":[],"product_cat":[116],"product_tag":[160,167,162,163,164,161,165,166],"class_list":{"0":"post-7672","1":"product","2":"type-product","3":"status-publish","4":"has-post-thumbnail","6":"product_cat-pain-killers","7":"product_tag-comment-obtenir-de-la-methadone","8":"product_tag-comprims-de-methadone-a-vendre","9":"product_tag-methadone-for-sale","10":"product_tag-methadone-for-sale-no-prescription","11":"product_tag-methadone-for-sale-online","12":"product_tag-pilules-mthadone-10mg","13":"product_tag-pilules-de-methadone-a-vendre","14":"product_tag-mthadone-rue-valeur","16":"first","17":"instock","18":"shipping-taxable","19":"purchasable","20":"product-type-variable","21":"has-default-attributes"},"yoast_head":"<!-- This site is optimized with the Yoast SEO Premium plugin v19.2 (Yoast SEO v27.3) - https:\/\/yoast.com\/product\/yoast-seo-premium-wordpress\/ -->\n<title>Acheter des pilules de m\u00e9thadone en ligne - Everyday Chem Shop<\/title>\n<meta name=\"description\" content=\"Acheter des pilules de m\u00e9thadone en ligne. Si vous cherchez comment acheter des pilules de m\u00e9thadone en ligne, vous \u00eates au bon endroit pour acheter des pilules de m\u00e9thadone en ligne.\" \/>\n<meta name=\"robots\" content=\"index, follow, max-snippet:-1, max-image-preview:large, max-video-preview:-1\" \/>\n<link rel=\"canonical\" href=\"https:\/\/everydaychemshop.com\/fr\/product\/acheter-des-pilules-de-methadone-en-ligne\/\" \/>\n<meta property=\"og:locale\" content=\"en_US\" \/>\n<meta property=\"og:type\" content=\"article\" \/>\n<meta property=\"og:title\" content=\"Pilules de m\u00e9thadone\" \/>\n<meta property=\"og:description\" content=\"Acheter des pilules de m\u00e9thadone en ligne. Si vous cherchez comment acheter des pilules de m\u00e9thadone en ligne, vous \u00eates au bon endroit pour acheter des pilules de m\u00e9thadone en ligne.\" \/>\n<meta property=\"og:url\" content=\"https:\/\/everydaychemshop.com\/fr\/product\/acheter-des-pilules-de-methadone-en-ligne\/\" \/>\n<meta property=\"og:site_name\" content=\"Everyday Chem Shop\" \/>\n<meta property=\"article:modified_time\" content=\"2023-04-07T12:25:11+00:00\" \/>\n<meta property=\"og:image\" content=\"https:\/\/everydaychemshop.com\/fr\/wp-content\/uploads\/sites\/5\/2022\/11\/Dolophine-Methadone-10-MG.jpg\" \/>\n\t<meta property=\"og:image:width\" content=\"1200\" \/>\n\t<meta property=\"og:image:height\" content=\"1200\" \/>\n\t<meta property=\"og:image:type\" content=\"image\/jpeg\" \/>\n<meta name=\"twitter:card\" content=\"summary_large_image\" \/>\n<meta name=\"twitter:label1\" content=\"Est. reading time\" \/>\n\t<meta name=\"twitter:data1\" content=\"5 minutes\" \/>\n<script type=\"application\/ld+json\" class=\"yoast-schema-graph\">{\"@context\":\"https:\\\/\\\/schema.org\",\"@graph\":[{\"@type\":\"WebPage\",\"@id\":\"https:\\\/\\\/everydaychemshop.com\\\/fr\\\/product\\\/acheter-des-pilules-de-methadone-en-ligne\\\/\",\"url\":\"https:\\\/\\\/everydaychemshop.com\\\/fr\\\/product\\\/acheter-des-pilules-de-methadone-en-ligne\\\/\",\"name\":\"Acheter des pilules de m\u00e9thadone en ligne - Everyday Chem Shop\",\"isPartOf\":{\"@id\":\"https:\\\/\\\/everydaychemshop.com\\\/fr\\\/#website\"},\"primaryImageOfPage\":{\"@id\":\"https:\\\/\\\/everydaychemshop.com\\\/fr\\\/product\\\/acheter-des-pilules-de-methadone-en-ligne\\\/#primaryimage\"},\"image\":{\"@id\":\"https:\\\/\\\/everydaychemshop.com\\\/fr\\\/product\\\/acheter-des-pilules-de-methadone-en-ligne\\\/#primaryimage\"},\"thumbnailUrl\":\"https:\\\/\\\/everydaychemshop.com\\\/fr\\\/wp-content\\\/uploads\\\/sites\\\/5\\\/2022\\\/11\\\/Dolophine-Methadone-10-MG.jpg\",\"datePublished\":\"2022-11-16T09:43:46+00:00\",\"dateModified\":\"2023-04-07T12:25:11+00:00\",\"description\":\"Acheter des pilules de m\u00e9thadone en ligne. Si vous cherchez comment acheter des pilules de m\u00e9thadone en ligne, vous \u00eates au bon endroit pour acheter des pilules de m\u00e9thadone en ligne.\",\"breadcrumb\":{\"@id\":\"https:\\\/\\\/everydaychemshop.com\\\/fr\\\/product\\\/acheter-des-pilules-de-methadone-en-ligne\\\/#breadcrumb\"},\"inLanguage\":\"en-US\",\"potentialAction\":[{\"@type\":\"ReadAction\",\"target\":[\"https:\\\/\\\/everydaychemshop.com\\\/fr\\\/product\\\/acheter-des-pilules-de-methadone-en-ligne\\\/\"]}]},{\"@type\":\"ImageObject\",\"inLanguage\":\"en-US\",\"@id\":\"https:\\\/\\\/everydaychemshop.com\\\/fr\\\/product\\\/acheter-des-pilules-de-methadone-en-ligne\\\/#primaryimage\",\"url\":\"https:\\\/\\\/everydaychemshop.com\\\/fr\\\/wp-content\\\/uploads\\\/sites\\\/5\\\/2022\\\/11\\\/Dolophine-Methadone-10-MG.jpg\",\"contentUrl\":\"https:\\\/\\\/everydaychemshop.com\\\/fr\\\/wp-content\\\/uploads\\\/sites\\\/5\\\/2022\\\/11\\\/Dolophine-Methadone-10-MG.jpg\",\"width\":1200,\"height\":1200,\"caption\":\"Acheter des pilules de m\u00e9thadone en ligne\"},{\"@type\":\"BreadcrumbList\",\"@id\":\"https:\\\/\\\/everydaychemshop.com\\\/fr\\\/product\\\/acheter-des-pilules-de-methadone-en-ligne\\\/#breadcrumb\",\"itemListElement\":[{\"@type\":\"ListItem\",\"position\":1,\"name\":\"Home\",\"item\":\"https:\\\/\\\/everydaychemshop.com\\\/fr\\\/\"},{\"@type\":\"ListItem\",\"position\":2,\"name\":\"Des produits\",\"item\":\"https:\\\/\\\/everydaychemshop.com\\\/fr\\\/des-produits\\\/\"},{\"@type\":\"ListItem\",\"position\":3,\"name\":\"Pilules de m\u00e9thadone\"}]},{\"@type\":\"WebSite\",\"@id\":\"https:\\\/\\\/everydaychemshop.com\\\/fr\\\/#website\",\"url\":\"https:\\\/\\\/everydaychemshop.com\\\/fr\\\/\",\"name\":\"Everyday Chem Shop\",\"description\":\"\",\"potentialAction\":[{\"@type\":\"SearchAction\",\"target\":{\"@type\":\"EntryPoint\",\"urlTemplate\":\"https:\\\/\\\/everydaychemshop.com\\\/fr\\\/?s={search_term_string}\"},\"query-input\":{\"@type\":\"PropertyValueSpecification\",\"valueRequired\":true,\"valueName\":\"search_term_string\"}}],\"inLanguage\":\"en-US\"}]}<\/script>\n<!-- \/ Yoast SEO Premium plugin. -->","yoast_head_json":{"title":"Acheter des pilules de m\u00e9thadone en ligne - Everyday Chem Shop","description":"Acheter des pilules de m\u00e9thadone en ligne. Si vous cherchez comment acheter des pilules de m\u00e9thadone en ligne, vous \u00eates au bon endroit pour acheter des pilules de m\u00e9thadone en ligne.","robots":{"index":"index","follow":"follow","max-snippet":"max-snippet:-1","max-image-preview":"max-image-preview:large","max-video-preview":"max-video-preview:-1"},"canonical":"https:\/\/everydaychemshop.com\/fr\/product\/acheter-des-pilules-de-methadone-en-ligne\/","og_locale":"en_US","og_type":"article","og_title":"Pilules de m\u00e9thadone","og_description":"Acheter des pilules de m\u00e9thadone en ligne. Si vous cherchez comment acheter des pilules de m\u00e9thadone en ligne, vous \u00eates au bon endroit pour acheter des pilules de m\u00e9thadone en ligne.","og_url":"https:\/\/everydaychemshop.com\/fr\/product\/acheter-des-pilules-de-methadone-en-ligne\/","og_site_name":"Everyday Chem Shop","article_modified_time":"2023-04-07T12:25:11+00:00","og_image":[{"width":1200,"height":1200,"url":"https:\/\/everydaychemshop.com\/fr\/wp-content\/uploads\/sites\/5\/2022\/11\/Dolophine-Methadone-10-MG.jpg","type":"image\/jpeg"}],"twitter_card":"summary_large_image","twitter_misc":{"Est. reading time":"5 minutes"},"schema":{"@context":"https:\/\/schema.org","@graph":[{"@type":"WebPage","@id":"https:\/\/everydaychemshop.com\/fr\/product\/acheter-des-pilules-de-methadone-en-ligne\/","url":"https:\/\/everydaychemshop.com\/fr\/product\/acheter-des-pilules-de-methadone-en-ligne\/","name":"Acheter des pilules de m\u00e9thadone en ligne - Everyday Chem Shop","isPartOf":{"@id":"https:\/\/everydaychemshop.com\/fr\/#website"},"primaryImageOfPage":{"@id":"https:\/\/everydaychemshop.com\/fr\/product\/acheter-des-pilules-de-methadone-en-ligne\/#primaryimage"},"image":{"@id":"https:\/\/everydaychemshop.com\/fr\/product\/acheter-des-pilules-de-methadone-en-ligne\/#primaryimage"},"thumbnailUrl":"https:\/\/everydaychemshop.com\/fr\/wp-content\/uploads\/sites\/5\/2022\/11\/Dolophine-Methadone-10-MG.jpg","datePublished":"2022-11-16T09:43:46+00:00","dateModified":"2023-04-07T12:25:11+00:00","description":"Acheter des pilules de m\u00e9thadone en ligne. Si vous cherchez comment acheter des pilules de m\u00e9thadone en ligne, vous \u00eates au bon endroit pour acheter des pilules de m\u00e9thadone en ligne.","breadcrumb":{"@id":"https:\/\/everydaychemshop.com\/fr\/product\/acheter-des-pilules-de-methadone-en-ligne\/#breadcrumb"},"inLanguage":"en-US","potentialAction":[{"@type":"ReadAction","target":["https:\/\/everydaychemshop.com\/fr\/product\/acheter-des-pilules-de-methadone-en-ligne\/"]}]},{"@type":"ImageObject","inLanguage":"en-US","@id":"https:\/\/everydaychemshop.com\/fr\/product\/acheter-des-pilules-de-methadone-en-ligne\/#primaryimage","url":"https:\/\/everydaychemshop.com\/fr\/wp-content\/uploads\/sites\/5\/2022\/11\/Dolophine-Methadone-10-MG.jpg","contentUrl":"https:\/\/everydaychemshop.com\/fr\/wp-content\/uploads\/sites\/5\/2022\/11\/Dolophine-Methadone-10-MG.jpg","width":1200,"height":1200,"caption":"Acheter des pilules de m\u00e9thadone en ligne"},{"@type":"BreadcrumbList","@id":"https:\/\/everydaychemshop.com\/fr\/product\/acheter-des-pilules-de-methadone-en-ligne\/#breadcrumb","itemListElement":[{"@type":"ListItem","position":1,"name":"Home","item":"https:\/\/everydaychemshop.com\/fr\/"},{"@type":"ListItem","position":2,"name":"Des produits","item":"https:\/\/everydaychemshop.com\/fr\/des-produits\/"},{"@type":"ListItem","position":3,"name":"Pilules de m\u00e9thadone"}]},{"@type":"WebSite","@id":"https:\/\/everydaychemshop.com\/fr\/#website","url":"https:\/\/everydaychemshop.com\/fr\/","name":"Everyday Chem Shop","description":"","potentialAction":[{"@type":"SearchAction","target":{"@type":"EntryPoint","urlTemplate":"https:\/\/everydaychemshop.com\/fr\/?s={search_term_string}"},"query-input":{"@type":"PropertyValueSpecification","valueRequired":true,"valueName":"search_term_string"}}],"inLanguage":"en-US"}]}},"_links":{"self":[{"href":"https:\/\/everydaychemshop.com\/fr\/wp-json\/wp\/v2\/product\/7672","targetHints":{"allow":["GET"]}}],"collection":[{"href":"https:\/\/everydaychemshop.com\/fr\/wp-json\/wp\/v2\/product"}],"about":[{"href":"https:\/\/everydaychemshop.com\/fr\/wp-json\/wp\/v2\/types\/product"}],"replies":[{"embeddable":true,"href":"https:\/\/everydaychemshop.com\/fr\/wp-json\/wp\/v2\/comments?post=7672"}],"wp:featuredmedia":[{"embeddable":true,"href":"https:\/\/everydaychemshop.com\/fr\/wp-json\/wp\/v2\/media\/7693"}],"wp:attachment":[{"href":"https:\/\/everydaychemshop.com\/fr\/wp-json\/wp\/v2\/media?parent=7672"}],"wp:term":[{"taxonomy":"product_brand","embeddable":true,"href":"https:\/\/everydaychemshop.com\/fr\/wp-json\/wp\/v2\/product_brand?post=7672"},{"taxonomy":"product_cat","embeddable":true,"href":"https:\/\/everydaychemshop.com\/fr\/wp-json\/wp\/v2\/product_cat?post=7672"},{"taxonomy":"product_tag","embeddable":true,"href":"https:\/\/everydaychemshop.com\/fr\/wp-json\/wp\/v2\/product_tag?post=7672"}],"curies":[{"name":"wp","href":"https:\/\/api.w.org\/{rel}","templated":true}]}}