{"id":7680,"date":"2022-11-16T09:44:11","date_gmt":"2022-11-16T09:44:11","guid":{"rendered":"https:\/\/everydaychemshop.com\/fr\/?post_type=product&#038;p=7680"},"modified":"2023-04-07T12:23:24","modified_gmt":"2023-04-07T12:23:24","slug":"acheter-pilules-de-percocet-en-ligne","status":"publish","type":"product","link":"https:\/\/everydaychemshop.com\/fr\/product\/acheter-pilules-de-percocet-en-ligne\/","title":{"rendered":"Acheter des pilules de Percocet en ligne"},"content":{"rendered":"<h1>Acheter des pilules de Percocet en ligne<\/h1>\n<p><span class=\"MUxGbd wuQ4Ob WZ8Tjf\"><a href=\"https:\/\/everydaychemshop.com\/fr\/product\/acheter-pilules-de-percocet-en-ligne\/\">Acheter des pilules de Percocet en ligne<\/a>. <\/span><em>Acheter du Percocet<\/em>\u00a0en ligne avec des bitcoins | Pas de r\u00e9ception. <em>Acheter du Percocet<\/em>\u00a0sans ordonnance en ligne. <em>percocet 10 325<\/em>\u00a0\u00e0 vendre. <em>Acheter<\/em><\/p>\n<p><em>Percocet<\/em> g\u00e9n\u00e9rique et original de haute qualit\u00e9. Pilules bon march\u00e9 en ligne sans ordonnance MAINTENANT. <a href=\"https:\/\/en.wikipedia.org\/wiki\/Oxycodone\/paracetamol\">Trusted<\/a> RX approuv\u00e9. 100% s\u00e9curis\u00e9 et anonyme. <em>Achat<\/em><\/p>\n<p>PERCOCET 10\/325 est class\u00e9 dans la classe des m\u00e9dicaments qui sont fabriqu\u00e9s en <a href=\"https:\/\/fr.wikipedia.org\/wiki\/Oxycodone\">combinant<\/a> deux ou plusieurs sels pour am\u00e9liorer leur capacit\u00e9 de travail.<\/p>\n<p>Achat Percocet, Acheter Percocet USA, Acheter Percocet en gros, Acheter Percocet Canada<\/p>\n<p>Cette combinaison de m\u00e9dicaments est utilis\u00e9e pour aider \u00e0 soulager la douleur mod\u00e9r\u00e9e \u00e0 s\u00e9v\u00e8re. Il contient un analg\u00e9sique opio\u00efde (narcotique) (oxycodone) et un analg\u00e9sique non opio\u00efde (ac\u00e9taminoph\u00e8ne). L&#8217;oxycodone agit dans le cerveau pour modifier la fa\u00e7on dont votre corps ressent et r\u00e9agit \u00e0 la douleur. L&#8217;ac\u00e9taminoph\u00e8ne peut \u00e9galement r\u00e9duire la fi\u00e8vre.<\/p>\n<p><strong>Savez-vous o\u00f9 acheter des pilules de Percocet sans ordonnance\u00a0?<\/strong><\/p>\n<p>Pilules de Percocet \u00e0 vendre, valeur marchande des pilules de Percocet, Percocet dosage des pilules, comment fabriquer des pilules Percocet, o\u00f9 puis-je obtenir des pilules Percocet en ligne, o\u00f9 obtenir des pilules Percocet, qu&#8217;est-ce que des pilules Percocet, des pilules Percocet de qualit\u00e9 sup\u00e9rieure \u00e0 vendre. Toutes ces questions sans r\u00e9ponse peuvent trouver leurs r\u00e9ponses gr\u00e2ce \u00e0 nous. Il vous suffit de parcourir notre site Web et vous obtiendrez les r\u00e9ponses sur comment et o\u00f9 vous pouvez acheter des pilules de Percocet sans ordonnance en ligne.<\/p>\n","protected":false},"excerpt":{"rendered":"<p>Ce m\u00e9dicament est utilis\u00e9 pour traiter la douleur mod\u00e9r\u00e9e \u00e0 s\u00e9v\u00e8re.<\/p>\n","protected":false},"featured_media":7694,"comment_status":"open","ping_status":"closed","template":"","meta":{"inline_featured_image":false},"product_brand":[],"product_cat":[116],"product_tag":[168,170,169,173,174,171],"class_list":{"0":"post-7680","1":"product","2":"type-product","3":"status-publish","4":"has-post-thumbnail","6":"product_cat-pain-killers","7":"product_tag-acheter-percocet-10-325-en-ligne","8":"product_tag-commander-percocet-10-325-en-ligne","9":"product_tag-comment-acheter-percocet-10-325-en-ligne","10":"product_tag-le-meilleur-endroit-pour-acheter-percocet-10-325-en-ligne","11":"product_tag-o-acheter-percocet-10-325-en-ligne","12":"product_tag-percocet-10-325-a-vendre","14":"first","15":"instock","16":"shipping-taxable","17":"purchasable","18":"product-type-variable","19":"has-default-attributes"},"yoast_head":"<!-- This site is optimized with the Yoast SEO Premium plugin v19.2 (Yoast SEO v27.3) - https:\/\/yoast.com\/product\/yoast-seo-premium-wordpress\/ -->\n<title>Acheter des pilules de Percocet en ligne - Everyday Chem Shop<\/title>\n<meta name=\"description\" content=\"Acheter des pilules de Percocet en ligne. Si vous cherchez comment acheter des pilules Percocet en ligne, alors vous \u00eates au bon endroit pour acheter des pilules Percocet en ligne.\" \/>\n<meta name=\"robots\" content=\"index, follow, max-snippet:-1, max-image-preview:large, max-video-preview:-1\" \/>\n<link rel=\"canonical\" href=\"https:\/\/everydaychemshop.com\/fr\/product\/acheter-pilules-de-percocet-en-ligne\/\" \/>\n<meta property=\"og:locale\" content=\"en_US\" \/>\n<meta property=\"og:type\" content=\"article\" \/>\n<meta property=\"og:title\" content=\"Acheter des pilules de Percocet en ligne\" \/>\n<meta property=\"og:description\" content=\"Acheter des pilules de Percocet en ligne. Si vous cherchez comment acheter des pilules Percocet en ligne, alors vous \u00eates au bon endroit pour acheter des pilules Percocet en ligne.\" \/>\n<meta property=\"og:url\" content=\"https:\/\/everydaychemshop.com\/fr\/product\/acheter-pilules-de-percocet-en-ligne\/\" \/>\n<meta property=\"og:site_name\" content=\"Everyday Chem Shop\" \/>\n<meta property=\"article:modified_time\" content=\"2023-04-07T12:23:24+00:00\" \/>\n<meta property=\"og:image\" content=\"https:\/\/everydaychemshop.com\/fr\/wp-content\/uploads\/sites\/5\/2022\/11\/Buy-PERCOCET-10-mg.jpg\" \/>\n\t<meta property=\"og:image:width\" content=\"1200\" \/>\n\t<meta property=\"og:image:height\" content=\"1200\" \/>\n\t<meta property=\"og:image:type\" content=\"image\/jpeg\" \/>\n<meta name=\"twitter:card\" content=\"summary_large_image\" \/>\n<meta name=\"twitter:label1\" content=\"Est. reading time\" \/>\n\t<meta name=\"twitter:data1\" content=\"2 minutes\" \/>\n<script type=\"application\/ld+json\" class=\"yoast-schema-graph\">{\"@context\":\"https:\\\/\\\/schema.org\",\"@graph\":[{\"@type\":\"WebPage\",\"@id\":\"https:\\\/\\\/everydaychemshop.com\\\/fr\\\/product\\\/acheter-pilules-de-percocet-en-ligne\\\/\",\"url\":\"https:\\\/\\\/everydaychemshop.com\\\/fr\\\/product\\\/acheter-pilules-de-percocet-en-ligne\\\/\",\"name\":\"Acheter des pilules de Percocet en ligne - Everyday Chem Shop\",\"isPartOf\":{\"@id\":\"https:\\\/\\\/everydaychemshop.com\\\/fr\\\/#website\"},\"primaryImageOfPage\":{\"@id\":\"https:\\\/\\\/everydaychemshop.com\\\/fr\\\/product\\\/acheter-pilules-de-percocet-en-ligne\\\/#primaryimage\"},\"image\":{\"@id\":\"https:\\\/\\\/everydaychemshop.com\\\/fr\\\/product\\\/acheter-pilules-de-percocet-en-ligne\\\/#primaryimage\"},\"thumbnailUrl\":\"https:\\\/\\\/everydaychemshop.com\\\/fr\\\/wp-content\\\/uploads\\\/sites\\\/5\\\/2022\\\/11\\\/Buy-PERCOCET-10-mg.jpg\",\"datePublished\":\"2022-11-16T09:44:11+00:00\",\"dateModified\":\"2023-04-07T12:23:24+00:00\",\"description\":\"Acheter des pilules de Percocet en ligne. Si vous cherchez comment acheter des pilules Percocet en ligne, alors vous \u00eates au bon endroit pour acheter des pilules Percocet en ligne.\",\"breadcrumb\":{\"@id\":\"https:\\\/\\\/everydaychemshop.com\\\/fr\\\/product\\\/acheter-pilules-de-percocet-en-ligne\\\/#breadcrumb\"},\"inLanguage\":\"en-US\",\"potentialAction\":[{\"@type\":\"ReadAction\",\"target\":[\"https:\\\/\\\/everydaychemshop.com\\\/fr\\\/product\\\/acheter-pilules-de-percocet-en-ligne\\\/\"]}]},{\"@type\":\"ImageObject\",\"inLanguage\":\"en-US\",\"@id\":\"https:\\\/\\\/everydaychemshop.com\\\/fr\\\/product\\\/acheter-pilules-de-percocet-en-ligne\\\/#primaryimage\",\"url\":\"https:\\\/\\\/everydaychemshop.com\\\/fr\\\/wp-content\\\/uploads\\\/sites\\\/5\\\/2022\\\/11\\\/Buy-PERCOCET-10-mg.jpg\",\"contentUrl\":\"https:\\\/\\\/everydaychemshop.com\\\/fr\\\/wp-content\\\/uploads\\\/sites\\\/5\\\/2022\\\/11\\\/Buy-PERCOCET-10-mg.jpg\",\"width\":1200,\"height\":1200,\"caption\":\"Acheter des pilules de Percocet en ligne\"},{\"@type\":\"BreadcrumbList\",\"@id\":\"https:\\\/\\\/everydaychemshop.com\\\/fr\\\/product\\\/acheter-pilules-de-percocet-en-ligne\\\/#breadcrumb\",\"itemListElement\":[{\"@type\":\"ListItem\",\"position\":1,\"name\":\"Home\",\"item\":\"https:\\\/\\\/everydaychemshop.com\\\/fr\\\/\"},{\"@type\":\"ListItem\",\"position\":2,\"name\":\"Des produits\",\"item\":\"https:\\\/\\\/everydaychemshop.com\\\/fr\\\/des-produits\\\/\"},{\"@type\":\"ListItem\",\"position\":3,\"name\":\"Acheter des pilules de Percocet en ligne\"}]},{\"@type\":\"WebSite\",\"@id\":\"https:\\\/\\\/everydaychemshop.com\\\/fr\\\/#website\",\"url\":\"https:\\\/\\\/everydaychemshop.com\\\/fr\\\/\",\"name\":\"Everyday Chem Shop\",\"description\":\"\",\"potentialAction\":[{\"@type\":\"SearchAction\",\"target\":{\"@type\":\"EntryPoint\",\"urlTemplate\":\"https:\\\/\\\/everydaychemshop.com\\\/fr\\\/?s={search_term_string}\"},\"query-input\":{\"@type\":\"PropertyValueSpecification\",\"valueRequired\":true,\"valueName\":\"search_term_string\"}}],\"inLanguage\":\"en-US\"}]}<\/script>\n<!-- \/ Yoast SEO Premium plugin. -->","yoast_head_json":{"title":"Acheter des pilules de Percocet en ligne - Everyday Chem Shop","description":"Acheter des pilules de Percocet en ligne. Si vous cherchez comment acheter des pilules Percocet en ligne, alors vous \u00eates au bon endroit pour acheter des pilules Percocet en ligne.","robots":{"index":"index","follow":"follow","max-snippet":"max-snippet:-1","max-image-preview":"max-image-preview:large","max-video-preview":"max-video-preview:-1"},"canonical":"https:\/\/everydaychemshop.com\/fr\/product\/acheter-pilules-de-percocet-en-ligne\/","og_locale":"en_US","og_type":"article","og_title":"Acheter des pilules de Percocet en ligne","og_description":"Acheter des pilules de Percocet en ligne. Si vous cherchez comment acheter des pilules Percocet en ligne, alors vous \u00eates au bon endroit pour acheter des pilules Percocet en ligne.","og_url":"https:\/\/everydaychemshop.com\/fr\/product\/acheter-pilules-de-percocet-en-ligne\/","og_site_name":"Everyday Chem Shop","article_modified_time":"2023-04-07T12:23:24+00:00","og_image":[{"width":1200,"height":1200,"url":"https:\/\/everydaychemshop.com\/fr\/wp-content\/uploads\/sites\/5\/2022\/11\/Buy-PERCOCET-10-mg.jpg","type":"image\/jpeg"}],"twitter_card":"summary_large_image","twitter_misc":{"Est. reading time":"2 minutes"},"schema":{"@context":"https:\/\/schema.org","@graph":[{"@type":"WebPage","@id":"https:\/\/everydaychemshop.com\/fr\/product\/acheter-pilules-de-percocet-en-ligne\/","url":"https:\/\/everydaychemshop.com\/fr\/product\/acheter-pilules-de-percocet-en-ligne\/","name":"Acheter des pilules de Percocet en ligne - Everyday Chem Shop","isPartOf":{"@id":"https:\/\/everydaychemshop.com\/fr\/#website"},"primaryImageOfPage":{"@id":"https:\/\/everydaychemshop.com\/fr\/product\/acheter-pilules-de-percocet-en-ligne\/#primaryimage"},"image":{"@id":"https:\/\/everydaychemshop.com\/fr\/product\/acheter-pilules-de-percocet-en-ligne\/#primaryimage"},"thumbnailUrl":"https:\/\/everydaychemshop.com\/fr\/wp-content\/uploads\/sites\/5\/2022\/11\/Buy-PERCOCET-10-mg.jpg","datePublished":"2022-11-16T09:44:11+00:00","dateModified":"2023-04-07T12:23:24+00:00","description":"Acheter des pilules de Percocet en ligne. Si vous cherchez comment acheter des pilules Percocet en ligne, alors vous \u00eates au bon endroit pour acheter des pilules Percocet en ligne.","breadcrumb":{"@id":"https:\/\/everydaychemshop.com\/fr\/product\/acheter-pilules-de-percocet-en-ligne\/#breadcrumb"},"inLanguage":"en-US","potentialAction":[{"@type":"ReadAction","target":["https:\/\/everydaychemshop.com\/fr\/product\/acheter-pilules-de-percocet-en-ligne\/"]}]},{"@type":"ImageObject","inLanguage":"en-US","@id":"https:\/\/everydaychemshop.com\/fr\/product\/acheter-pilules-de-percocet-en-ligne\/#primaryimage","url":"https:\/\/everydaychemshop.com\/fr\/wp-content\/uploads\/sites\/5\/2022\/11\/Buy-PERCOCET-10-mg.jpg","contentUrl":"https:\/\/everydaychemshop.com\/fr\/wp-content\/uploads\/sites\/5\/2022\/11\/Buy-PERCOCET-10-mg.jpg","width":1200,"height":1200,"caption":"Acheter des pilules de Percocet en ligne"},{"@type":"BreadcrumbList","@id":"https:\/\/everydaychemshop.com\/fr\/product\/acheter-pilules-de-percocet-en-ligne\/#breadcrumb","itemListElement":[{"@type":"ListItem","position":1,"name":"Home","item":"https:\/\/everydaychemshop.com\/fr\/"},{"@type":"ListItem","position":2,"name":"Des produits","item":"https:\/\/everydaychemshop.com\/fr\/des-produits\/"},{"@type":"ListItem","position":3,"name":"Acheter des pilules de Percocet en ligne"}]},{"@type":"WebSite","@id":"https:\/\/everydaychemshop.com\/fr\/#website","url":"https:\/\/everydaychemshop.com\/fr\/","name":"Everyday Chem Shop","description":"","potentialAction":[{"@type":"SearchAction","target":{"@type":"EntryPoint","urlTemplate":"https:\/\/everydaychemshop.com\/fr\/?s={search_term_string}"},"query-input":{"@type":"PropertyValueSpecification","valueRequired":true,"valueName":"search_term_string"}}],"inLanguage":"en-US"}]}},"_links":{"self":[{"href":"https:\/\/everydaychemshop.com\/fr\/wp-json\/wp\/v2\/product\/7680","targetHints":{"allow":["GET"]}}],"collection":[{"href":"https:\/\/everydaychemshop.com\/fr\/wp-json\/wp\/v2\/product"}],"about":[{"href":"https:\/\/everydaychemshop.com\/fr\/wp-json\/wp\/v2\/types\/product"}],"replies":[{"embeddable":true,"href":"https:\/\/everydaychemshop.com\/fr\/wp-json\/wp\/v2\/comments?post=7680"}],"wp:featuredmedia":[{"embeddable":true,"href":"https:\/\/everydaychemshop.com\/fr\/wp-json\/wp\/v2\/media\/7694"}],"wp:attachment":[{"href":"https:\/\/everydaychemshop.com\/fr\/wp-json\/wp\/v2\/media?parent=7680"}],"wp:term":[{"taxonomy":"product_brand","embeddable":true,"href":"https:\/\/everydaychemshop.com\/fr\/wp-json\/wp\/v2\/product_brand?post=7680"},{"taxonomy":"product_cat","embeddable":true,"href":"https:\/\/everydaychemshop.com\/fr\/wp-json\/wp\/v2\/product_cat?post=7680"},{"taxonomy":"product_tag","embeddable":true,"href":"https:\/\/everydaychemshop.com\/fr\/wp-json\/wp\/v2\/product_tag?post=7680"}],"curies":[{"name":"wp","href":"https:\/\/api.w.org\/{rel}","templated":true}]}}