{"id":7699,"date":"2022-11-16T09:44:40","date_gmt":"2022-11-16T09:44:40","guid":{"rendered":"https:\/\/everydaychemshop.com\/fr\/?post_type=product&#038;p=7699"},"modified":"2023-04-07T12:20:14","modified_gmt":"2023-04-07T12:20:14","slug":"acheter-pilules-de-dilaudid-en-ligne","status":"publish","type":"product","link":"https:\/\/everydaychemshop.com\/fr\/product\/acheter-pilules-de-dilaudid-en-ligne\/","title":{"rendered":"Pilules Dilaudid"},"content":{"rendered":"<h1>Acheter des pilules Dilaudid en ligne<\/h1>\n<p><a href=\"https:\/\/everydaychemshop.com\/fr\/product\/acheter-pilules-de-dilaudid-en-ligne\/\">Acheter des pilules Dilaudid en ligne<\/a>. Acheter Dilaudid 8 mg, Hydromorphone est un analg\u00e9sique opio\u00efde. Un opio\u00efde est parfois appel\u00e9 narcotique.<\/p>\n<p>Dilaudid 8 mg est utilis\u00e9 pour traiter les douleurs <a href=\"https:\/\/en.wikipedia.org\/wiki\/Hydromorphone\">mod\u00e9r\u00e9es<\/a> \u00e0 s\u00e9v\u00e8res .<\/p>\n<p>La forme \u00e0 lib\u00e9ration prolong\u00e9e de ce m\u00e9dicament est destin\u00e9e au traitement 24 heures sur 24 des douleurs mod\u00e9r\u00e9es \u00e0 s\u00e9v\u00e8res. Cette forme de Dilaudid 8 mg ne doit pas \u00eatre utilis\u00e9e au besoin pour la douleur.<\/p>\n<p>Dilaudid 8 mg Hydromorphone peut \u00e9galement \u00eatre utilis\u00e9 \u00e0 des fins non mentionn\u00e9es dans ce guide de m\u00e9dicament.<\/p>\n<h4>Quelle est l&#8217;information la plus importante que je devrais conna\u00eetre sur l&#8217;hydromorphone\u00a0?<\/h4>\n<p>Vous ne devez pas prendre d&#8217;hydromorphone si vous avez de graves probl\u00e8mes respiratoires <a href=\"https:\/\/fr.wikipedia.org\/wiki\/Hydromorphone\">ou<\/a> si vous avez un blocage de l&#8217;estomac ou des intestins.<\/p>\n<p><b> Dilaudid 8\u00a0mg d&#8217;hydromorphone peut ralentir ou arr\u00eater votre respiration et peut cr\u00e9er une accoutumance.<\/b>\u00a0N&#8217;utilisez que la dose prescrite et avalez un comprim\u00e9 \u00e0 lib\u00e9ration prolong\u00e9e en entier pour \u00e9viter une dose potentiellement mortelle. Ne partagez jamais Dilaudid 8 mg avec une autre personne.<\/p>\n<figure class=\"promo-box vmig slideshow ga-event\" data-ga_event-category=\"Slideshow\" data-ga_event-action=\"SS-Promo-Impression\" data-ga_event-noninteraction=\"true\"><figcaption><\/figcaption><\/figure>\n<p><strong>L&#8217;ABUS DE NARCOTIQUE PEUT PROVOQUER UNE ADDICTION, UNE SURDOSE OU LA MORT, en particulier chez un enfant ou une autre personne utilisant le m\u00e9dicament sans ordonnance.<\/strong><\/p>\n<p><strong>Dilaudid 8 mg peut provoquer des sympt\u00f4mes de sevrage potentiellement mortels chez un nouveau-n\u00e9 si la m\u00e8re a pris ce m\u00e9dicament pendant la grossesse.<\/strong><\/p>\n<p><b>Ne buvez pas d&#8217;alcool.<\/b>\u00a0Des effets secondaires dangereux ou la mort pourraient survenir.<\/p>\n<p>De quoi dois-je discuter avec mon professionnel de la sant\u00e9 avant d&#8217;utiliser l&#8217;hydromorphone\u00a0?<\/p>\n<p>Vous devriez ne prenez pas ce m\u00e9dicament si vous avez d\u00e9j\u00e0 eu une r\u00e9action allergique \u00e0 l&#8217;hydromorphone ou \u00e0 d&#8217;autres m\u00e9dicaments narcotiques, ou si vous avez\u00a0:<\/p>\n<ul>\n<li>un asthme s\u00e9v\u00e8re ou des probl\u00e8mes respiratoires\u00a0;<\/li>\n<li>un blocage dans votre estomac ou vos intestins\u00a0; ou<\/li>\n<li>une occlusion intestinale appel\u00e9e il\u00e9us paralytique.<\/li>\n<\/ul>\n<p>Dilaudid 8 mg hydromorphone si vous avez utilis\u00e9 un inhibiteur de la MAO au cours des 14 derniers jours. Une interaction m\u00e9dicamenteuse dangereuse pourrait se produire. Les inhibiteurs de la MAO comprennent l&#8217;isocarboxazide, le lin\u00e9zolide, l&#8217;injection de bleu de m\u00e9thyl\u00e8ne, la ph\u00e9nelzine, la rasagiline, la s\u00e9l\u00e9giline, la tranylcypromine et d&#8217;autres.<\/p>\n<p>Certains m\u00e9dicaments peuvent interagir avec l&#8217;hydromorphone et provoquer une maladie grave appel\u00e9e syndrome s\u00e9rotoninergique. Assurez-vous que votre m\u00e9decin sait si vous prenez \u00e9galement des m\u00e9dicaments pour la d\u00e9pression, la maladie mentale, la maladie de Parkinson, les migraines, les infections graves ou la pr\u00e9vention des naus\u00e9es et des vomissements. Demandez \u00e0 votre m\u00e9decin avant de modifier la fa\u00e7on dont vous prenez vos m\u00e9dicaments ou le moment o\u00f9 vous les prenez.<\/p>\n<p>Vous ne pourrez peut-\u00eatre pas prendre Dilaudid 8 mg d&#8217;hydromorphone si vous n&#8217;\u00eates PAS d\u00e9j\u00e0 trait\u00e9 avec un analg\u00e9sique opio\u00efde (narcotique) similaire. et y sont tol\u00e9rants. Discutez avec votre m\u00e9decin si vous n&#8217;\u00eates pas s\u00fbr d&#8217;\u00eatre tol\u00e9rant aux opio\u00efdes.<\/p>\n<p>Pour vous assurer que l&#8217;hydromorphone est sans danger pour vous, informez votre m\u00e9decin si vous avez\u00a0:<\/p>\n<ul>\n<li>tout type de probl\u00e8me respiratoire ou de maladie pulmonaire\u00a0;<\/li>\n<li>un ant\u00e9c\u00e9dent de traumatisme cr\u00e2nien, de tumeur au cerveau ou de convulsions\u00a0;<\/li>\n<li>un ant\u00e9c\u00e9dent de toxicomanie, d&#8217;alcoolisme ou de maladie mentale\u00a0;<\/li>\n<li>probl\u00e8mes de miction\u00a0;<\/li>\n<li>maladie du foie ou des reins\u00a0;<\/li>\n<li>allergie aux sulfites\u00a0;<\/li>\n<li>maladie d&#8217;Addison ou autres troubles des glandes surr\u00e9nales\u00a0;<\/li>\n<li>probl\u00e8mes de v\u00e9sicule biliaire, de pancr\u00e9as ou de thyro\u00efde; ou<\/li>\n<li>si vous utilisez un s\u00e9datif comme le Valium (diaz\u00e9pam, alprazolam, loraz\u00e9pam, Ativan, Klonopin, Restoril, Tranxene, Versed, Xanax et autres).<\/li>\n<\/ul>\n<p>&nbsp;<\/p>\n","protected":false},"excerpt":{"rendered":"<p><b>Dilaudid 8\u00a0mg d&#8217;hydromorphone peut ralentir ou arr\u00eater votre respiration et peut cr\u00e9er une accoutumance.<\/b>\u00a0N&#8217;utilisez que la dose prescrite et avalez un comprim\u00e9 \u00e0 lib\u00e9ration prolong\u00e9e en entier pour \u00e9viter une dose potentiellement mortelle. Ne partagez jamais Dilaudid 8 mg avec une autre personne.<\/p>\n","protected":false},"featured_media":7715,"comment_status":"open","ping_status":"closed","template":"","meta":{"inline_featured_image":false},"product_brand":[],"product_cat":[116],"product_tag":[186,189,188,187,191,192],"class_list":{"0":"post-7699","1":"product","2":"type-product","3":"status-publish","4":"has-post-thumbnail","6":"product_cat-pain-killers","7":"product_tag-acheter-dilaudid-8-mg-en-ligne","8":"product_tag-commander-dilaudid-8-mg-en-ligne","9":"product_tag-comment-acheter-dilaudid-8-mg-en-ligne","10":"product_tag-dilaudid-8-mg-en-vente","11":"product_tag-la-place-de-paris-pour-acheter-dilaudid-8-mg-en-ligne","12":"product_tag-o-acheter-dilaudid-8-mg-en-ligne","14":"first","15":"instock","16":"shipping-taxable","17":"purchasable","18":"product-type-variable","19":"has-default-attributes"},"yoast_head":"<!-- This site is optimized with the Yoast SEO Premium plugin v19.2 (Yoast SEO v27.3) - https:\/\/yoast.com\/product\/yoast-seo-premium-wordpress\/ -->\n<title>Acheter des pilules Dilaudid en ligne - Everyday Chem Shop<\/title>\n<meta name=\"description\" content=\"Acheter des pilules Dilaudid en ligne. Si vous cherchez comment acheter des pilules Dilaudid en ligne, alors vous \u00eates au bon endroit pour acheter des pilules Dilaudid en ligne.\" \/>\n<meta name=\"robots\" content=\"index, follow, max-snippet:-1, max-image-preview:large, max-video-preview:-1\" \/>\n<link rel=\"canonical\" href=\"https:\/\/everydaychemshop.com\/fr\/product\/acheter-pilules-de-dilaudid-en-ligne\/\" \/>\n<meta property=\"og:locale\" content=\"en_US\" \/>\n<meta property=\"og:type\" content=\"article\" \/>\n<meta property=\"og:title\" content=\"Pilules Dilaudid\" \/>\n<meta property=\"og:description\" content=\"Acheter des pilules Dilaudid en ligne. Si vous cherchez comment acheter des pilules Dilaudid en ligne, alors vous \u00eates au bon endroit pour acheter des pilules Dilaudid en ligne.\" \/>\n<meta property=\"og:url\" content=\"https:\/\/everydaychemshop.com\/fr\/product\/acheter-pilules-de-dilaudid-en-ligne\/\" \/>\n<meta property=\"og:site_name\" content=\"Everyday Chem Shop\" \/>\n<meta property=\"article:modified_time\" content=\"2023-04-07T12:20:14+00:00\" \/>\n<meta property=\"og:image\" content=\"https:\/\/everydaychemshop.com\/fr\/wp-content\/uploads\/sites\/5\/2022\/11\/Buy-Dilaudid-8-mg.jpg\" \/>\n\t<meta property=\"og:image:width\" content=\"1200\" \/>\n\t<meta property=\"og:image:height\" content=\"1200\" \/>\n\t<meta property=\"og:image:type\" content=\"image\/jpeg\" \/>\n<meta name=\"twitter:card\" content=\"summary_large_image\" \/>\n<meta name=\"twitter:label1\" content=\"Est. reading time\" \/>\n\t<meta name=\"twitter:data1\" content=\"3 minutes\" \/>\n<script type=\"application\/ld+json\" class=\"yoast-schema-graph\">{\"@context\":\"https:\\\/\\\/schema.org\",\"@graph\":[{\"@type\":\"WebPage\",\"@id\":\"https:\\\/\\\/everydaychemshop.com\\\/fr\\\/product\\\/acheter-pilules-de-dilaudid-en-ligne\\\/\",\"url\":\"https:\\\/\\\/everydaychemshop.com\\\/fr\\\/product\\\/acheter-pilules-de-dilaudid-en-ligne\\\/\",\"name\":\"Acheter des pilules Dilaudid en ligne - Everyday Chem Shop\",\"isPartOf\":{\"@id\":\"https:\\\/\\\/everydaychemshop.com\\\/fr\\\/#website\"},\"primaryImageOfPage\":{\"@id\":\"https:\\\/\\\/everydaychemshop.com\\\/fr\\\/product\\\/acheter-pilules-de-dilaudid-en-ligne\\\/#primaryimage\"},\"image\":{\"@id\":\"https:\\\/\\\/everydaychemshop.com\\\/fr\\\/product\\\/acheter-pilules-de-dilaudid-en-ligne\\\/#primaryimage\"},\"thumbnailUrl\":\"https:\\\/\\\/everydaychemshop.com\\\/fr\\\/wp-content\\\/uploads\\\/sites\\\/5\\\/2022\\\/11\\\/Buy-Dilaudid-8-mg.jpg\",\"datePublished\":\"2022-11-16T09:44:40+00:00\",\"dateModified\":\"2023-04-07T12:20:14+00:00\",\"description\":\"Acheter des pilules Dilaudid en ligne. Si vous cherchez comment acheter des pilules Dilaudid en ligne, alors vous \u00eates au bon endroit pour acheter des pilules Dilaudid en ligne.\",\"breadcrumb\":{\"@id\":\"https:\\\/\\\/everydaychemshop.com\\\/fr\\\/product\\\/acheter-pilules-de-dilaudid-en-ligne\\\/#breadcrumb\"},\"inLanguage\":\"en-US\",\"potentialAction\":[{\"@type\":\"ReadAction\",\"target\":[\"https:\\\/\\\/everydaychemshop.com\\\/fr\\\/product\\\/acheter-pilules-de-dilaudid-en-ligne\\\/\"]}]},{\"@type\":\"ImageObject\",\"inLanguage\":\"en-US\",\"@id\":\"https:\\\/\\\/everydaychemshop.com\\\/fr\\\/product\\\/acheter-pilules-de-dilaudid-en-ligne\\\/#primaryimage\",\"url\":\"https:\\\/\\\/everydaychemshop.com\\\/fr\\\/wp-content\\\/uploads\\\/sites\\\/5\\\/2022\\\/11\\\/Buy-Dilaudid-8-mg.jpg\",\"contentUrl\":\"https:\\\/\\\/everydaychemshop.com\\\/fr\\\/wp-content\\\/uploads\\\/sites\\\/5\\\/2022\\\/11\\\/Buy-Dilaudid-8-mg.jpg\",\"width\":1200,\"height\":1200,\"caption\":\"Acheter des pilules Dilaudid en ligne\"},{\"@type\":\"BreadcrumbList\",\"@id\":\"https:\\\/\\\/everydaychemshop.com\\\/fr\\\/product\\\/acheter-pilules-de-dilaudid-en-ligne\\\/#breadcrumb\",\"itemListElement\":[{\"@type\":\"ListItem\",\"position\":1,\"name\":\"Home\",\"item\":\"https:\\\/\\\/everydaychemshop.com\\\/fr\\\/\"},{\"@type\":\"ListItem\",\"position\":2,\"name\":\"Des produits\",\"item\":\"https:\\\/\\\/everydaychemshop.com\\\/fr\\\/des-produits\\\/\"},{\"@type\":\"ListItem\",\"position\":3,\"name\":\"Pilules Dilaudid\"}]},{\"@type\":\"WebSite\",\"@id\":\"https:\\\/\\\/everydaychemshop.com\\\/fr\\\/#website\",\"url\":\"https:\\\/\\\/everydaychemshop.com\\\/fr\\\/\",\"name\":\"Everyday Chem Shop\",\"description\":\"\",\"potentialAction\":[{\"@type\":\"SearchAction\",\"target\":{\"@type\":\"EntryPoint\",\"urlTemplate\":\"https:\\\/\\\/everydaychemshop.com\\\/fr\\\/?s={search_term_string}\"},\"query-input\":{\"@type\":\"PropertyValueSpecification\",\"valueRequired\":true,\"valueName\":\"search_term_string\"}}],\"inLanguage\":\"en-US\"}]}<\/script>\n<!-- \/ Yoast SEO Premium plugin. -->","yoast_head_json":{"title":"Acheter des pilules Dilaudid en ligne - Everyday Chem Shop","description":"Acheter des pilules Dilaudid en ligne. Si vous cherchez comment acheter des pilules Dilaudid en ligne, alors vous \u00eates au bon endroit pour acheter des pilules Dilaudid en ligne.","robots":{"index":"index","follow":"follow","max-snippet":"max-snippet:-1","max-image-preview":"max-image-preview:large","max-video-preview":"max-video-preview:-1"},"canonical":"https:\/\/everydaychemshop.com\/fr\/product\/acheter-pilules-de-dilaudid-en-ligne\/","og_locale":"en_US","og_type":"article","og_title":"Pilules Dilaudid","og_description":"Acheter des pilules Dilaudid en ligne. Si vous cherchez comment acheter des pilules Dilaudid en ligne, alors vous \u00eates au bon endroit pour acheter des pilules Dilaudid en ligne.","og_url":"https:\/\/everydaychemshop.com\/fr\/product\/acheter-pilules-de-dilaudid-en-ligne\/","og_site_name":"Everyday Chem Shop","article_modified_time":"2023-04-07T12:20:14+00:00","og_image":[{"width":1200,"height":1200,"url":"https:\/\/everydaychemshop.com\/fr\/wp-content\/uploads\/sites\/5\/2022\/11\/Buy-Dilaudid-8-mg.jpg","type":"image\/jpeg"}],"twitter_card":"summary_large_image","twitter_misc":{"Est. reading time":"3 minutes"},"schema":{"@context":"https:\/\/schema.org","@graph":[{"@type":"WebPage","@id":"https:\/\/everydaychemshop.com\/fr\/product\/acheter-pilules-de-dilaudid-en-ligne\/","url":"https:\/\/everydaychemshop.com\/fr\/product\/acheter-pilules-de-dilaudid-en-ligne\/","name":"Acheter des pilules Dilaudid en ligne - Everyday Chem Shop","isPartOf":{"@id":"https:\/\/everydaychemshop.com\/fr\/#website"},"primaryImageOfPage":{"@id":"https:\/\/everydaychemshop.com\/fr\/product\/acheter-pilules-de-dilaudid-en-ligne\/#primaryimage"},"image":{"@id":"https:\/\/everydaychemshop.com\/fr\/product\/acheter-pilules-de-dilaudid-en-ligne\/#primaryimage"},"thumbnailUrl":"https:\/\/everydaychemshop.com\/fr\/wp-content\/uploads\/sites\/5\/2022\/11\/Buy-Dilaudid-8-mg.jpg","datePublished":"2022-11-16T09:44:40+00:00","dateModified":"2023-04-07T12:20:14+00:00","description":"Acheter des pilules Dilaudid en ligne. Si vous cherchez comment acheter des pilules Dilaudid en ligne, alors vous \u00eates au bon endroit pour acheter des pilules Dilaudid en ligne.","breadcrumb":{"@id":"https:\/\/everydaychemshop.com\/fr\/product\/acheter-pilules-de-dilaudid-en-ligne\/#breadcrumb"},"inLanguage":"en-US","potentialAction":[{"@type":"ReadAction","target":["https:\/\/everydaychemshop.com\/fr\/product\/acheter-pilules-de-dilaudid-en-ligne\/"]}]},{"@type":"ImageObject","inLanguage":"en-US","@id":"https:\/\/everydaychemshop.com\/fr\/product\/acheter-pilules-de-dilaudid-en-ligne\/#primaryimage","url":"https:\/\/everydaychemshop.com\/fr\/wp-content\/uploads\/sites\/5\/2022\/11\/Buy-Dilaudid-8-mg.jpg","contentUrl":"https:\/\/everydaychemshop.com\/fr\/wp-content\/uploads\/sites\/5\/2022\/11\/Buy-Dilaudid-8-mg.jpg","width":1200,"height":1200,"caption":"Acheter des pilules Dilaudid en ligne"},{"@type":"BreadcrumbList","@id":"https:\/\/everydaychemshop.com\/fr\/product\/acheter-pilules-de-dilaudid-en-ligne\/#breadcrumb","itemListElement":[{"@type":"ListItem","position":1,"name":"Home","item":"https:\/\/everydaychemshop.com\/fr\/"},{"@type":"ListItem","position":2,"name":"Des produits","item":"https:\/\/everydaychemshop.com\/fr\/des-produits\/"},{"@type":"ListItem","position":3,"name":"Pilules Dilaudid"}]},{"@type":"WebSite","@id":"https:\/\/everydaychemshop.com\/fr\/#website","url":"https:\/\/everydaychemshop.com\/fr\/","name":"Everyday Chem Shop","description":"","potentialAction":[{"@type":"SearchAction","target":{"@type":"EntryPoint","urlTemplate":"https:\/\/everydaychemshop.com\/fr\/?s={search_term_string}"},"query-input":{"@type":"PropertyValueSpecification","valueRequired":true,"valueName":"search_term_string"}}],"inLanguage":"en-US"}]}},"_links":{"self":[{"href":"https:\/\/everydaychemshop.com\/fr\/wp-json\/wp\/v2\/product\/7699","targetHints":{"allow":["GET"]}}],"collection":[{"href":"https:\/\/everydaychemshop.com\/fr\/wp-json\/wp\/v2\/product"}],"about":[{"href":"https:\/\/everydaychemshop.com\/fr\/wp-json\/wp\/v2\/types\/product"}],"replies":[{"embeddable":true,"href":"https:\/\/everydaychemshop.com\/fr\/wp-json\/wp\/v2\/comments?post=7699"}],"wp:featuredmedia":[{"embeddable":true,"href":"https:\/\/everydaychemshop.com\/fr\/wp-json\/wp\/v2\/media\/7715"}],"wp:attachment":[{"href":"https:\/\/everydaychemshop.com\/fr\/wp-json\/wp\/v2\/media?parent=7699"}],"wp:term":[{"taxonomy":"product_brand","embeddable":true,"href":"https:\/\/everydaychemshop.com\/fr\/wp-json\/wp\/v2\/product_brand?post=7699"},{"taxonomy":"product_cat","embeddable":true,"href":"https:\/\/everydaychemshop.com\/fr\/wp-json\/wp\/v2\/product_cat?post=7699"},{"taxonomy":"product_tag","embeddable":true,"href":"https:\/\/everydaychemshop.com\/fr\/wp-json\/wp\/v2\/product_tag?post=7699"}],"curies":[{"name":"wp","href":"https:\/\/api.w.org\/{rel}","templated":true}]}}