{"id":7704,"date":"2022-11-16T09:44:41","date_gmt":"2022-11-16T09:44:41","guid":{"rendered":"https:\/\/everydaychemshop.com\/fr\/?post_type=product&#038;p=7704"},"modified":"2025-11-26T20:01:44","modified_gmt":"2025-11-26T20:01:44","slug":"acheter-des-pilules-de-fentanyl-en-ligne","status":"publish","type":"product","link":"https:\/\/everydaychemshop.com\/fr\/product\/acheter-des-pilules-de-fentanyl-en-ligne\/","title":{"rendered":"Acheter des pilules de Fentanyl en ligne"},"content":{"rendered":"<h1>Acheter des comprim\u00e9s de fentanyl en ligne \u2013 Livraison discr\u00e8te et rapide pour soulager la douleur<\/h1>\n<p><a href=\"https:\/\/everydaychemshop.com\/fr\/product\/acheter-des-pilules-de-fentanyl-en-ligne\/\">Acheter des comprim\u00e9s de fentanyl en ligne<\/a>. Vous recherchez du fentanyl fiable pour g\u00e9rer des douleurs aigu\u00ebs ou chroniques intenses ? Chez Everyday Chem Shop, nous proposons du fentanyl de qualit\u00e9 pharmaceutique, con\u00e7u pour un soulagement s\u00fbr et efficace de la douleur. Nos pastilles de citrate de fentanyl transmuqueuses (100 mcg) offrent une absorption rapide pour les crises de douleur les plus fortes.<\/p>\n<p>En tant que pharmacie en ligne de confiance, nous accordons une grande importance \u00e0 votre confidentialit\u00e9 et \u00e0 votre confort. Commandez du fentanyl en ligne d\u00e8s aujourd\u2019hui en toute confiance\u00a0: des analg\u00e9siques opio\u00efdes de synth\u00e8se de qualit\u00e9 sup\u00e9rieure, livr\u00e9s directement chez vous.<\/p>\n<p>Pourquoi choisir nos comprim\u00e9s de fentanyl pour soulager la douleur\u00a0?<\/p>\n<p>Le fentanyl est un puissant analg\u00e9sique opio\u00efde prescrit aux adultes souffrant de douleurs persistantes, mod\u00e9r\u00e9es \u00e0 s\u00e9v\u00e8res, ne r\u00e9pondant pas aux autres traitements. Nos comprim\u00e9s de fentanyl 100 mcg sont\u00a0:<\/p>\n<p>\u00c0 action rapide\u00a0: Ils se dissolvent rapidement sous la langue pour un soulagement imm\u00e9diat \u2013 id\u00e9al pour les douleurs canc\u00e9reuses ou la convalescence post-op\u00e9ratoire.<\/p>\n<p>Emballage discret\u00a0: Exp\u00e9di\u00e9s dans des colis neutres pour garantir la confidentialit\u00e9 de votre achat de fentanyl en ligne.<\/p>\n<p>Qualit\u00e9 pharmaceutique\u00a0: Provenant de fournisseurs certifi\u00e9s, ils garantissent puret\u00e9 et dosage pr\u00e9cis afin de minimiser les risques li\u00e9s \u00e0 la gestion de la douleur chronique intense.<\/p>\n<p>Livraison dans tous les \u00c9tats-Unis\u00a0: B\u00e9n\u00e9ficiez de la livraison express gratuite pour toute commande sup\u00e9rieure \u00e0 200\u00a0$, avec suivi pour plus de s\u00e9r\u00e9nit\u00e9.<\/p>\n<p>Conseil\u00a0: Consultez toujours votre professionnel de sant\u00e9 avant d\u2019utiliser des pastilles de fentanyl. Commencez par la dose efficace la plus faible afin d\u2019\u00e9viter les effets secondaires tels que naus\u00e9es ou d\u00e9pression respiratoire.<\/p>\n<p>Sp\u00e9cifications du produit<\/p>\n<p>Caract\u00e9ristiques d\u00e9taill\u00e9es<br \/>\nIngr\u00e9dient actif\u00a0: Citrate de fentanyl<br \/>\nDosage\u00a0: 100\u00a0mcg par pastille<br \/>\nForme\u00a0: Pastille orale transmuqueuse (ar\u00f4me fruit\u00e9)<br \/>\nQuantit\u00e9\u00a0: Bo\u00eetes de 10 ou 30\u00a0pastilles<\/p>\n<p>Livraison\u00a0: 3\u00a0jours ouvrables, discr\u00e8te<\/p>\n<p>Avis clients<\/p>\n<p>\u00ab\u00a0J\u2019ai enfin trouv\u00e9 un site fiable pour acheter du fentanyl en ligne. La livraison a \u00e9t\u00e9 ultra-rapide et la qualit\u00e9 est excellente pour la gestion de ma douleur.\u00bb \u2013 Sarah K. \u00ab\u00a0Comprim\u00e9s de fentanyl discrets et efficaces contre la douleur. Je recommande vivement Everyday Chem Shop\u00a0!\u00bb \u2013 Mike R.<\/p>\n<p>Pr\u00eat \u00e0 commander du fentanyl\u00a0?<\/p>\n<p>Ne laissez pas la douleur vous g\u00e2cher la vie. Achetez d\u00e8s maintenant des comprim\u00e9s de fentanyl 100\u00a0mcg avec livraison discr\u00e8te et constatez la diff\u00e9rence. Ajoutez au panier aujourd\u2019hui pour un paiement s\u00e9curis\u00e9 et une satisfaction garantie. Des questions\u00a0? Contactez notre service client pour obtenir des conseils sur l\u2019achat de fentanyl en toute l\u00e9galit\u00e9.<\/p>\n<p>Avertissement\u00a0: Ce produit est r\u00e9serv\u00e9 \u00e0 un usage m\u00e9dical. Usage non r\u00e9cr\u00e9atif. Veuillez v\u00e9rifier la r\u00e9glementation locale avant de commander.<\/p>\n","protected":false},"excerpt":{"rendered":"<p>Pilules de fentanyl Au milieu des ann\u00e9es 1990, le fentanyl a \u00e9t\u00e9 introduit \u00e0 des fins palliatives avec le patch de fentanyl, suivi au cours de la d\u00e9cennie suivante par l&#8217;introduction de la sucette de fentanyl, des comprim\u00e9s dissolvants et du spray sublingual qui sont r\u00e9sorb\u00e9s \u00e0 travers la peau \u00e0 l&#8217;int\u00e9rieur de la bouche .<\/p>\n","protected":false},"featured_media":7716,"comment_status":"open","ping_status":"closed","template":"","meta":{"inline_featured_image":false},"product_brand":[],"product_cat":[116],"product_tag":[196,197,195,193,214,212,211,213,207,200,202,203,204,205,209,210,219,194,223,222,224,215,201,218,206,198,199,216,221,220,208],"class_list":{"0":"post-7704","1":"product","2":"type-product","3":"status-publish","4":"has-post-thumbnail","6":"product_cat-pain-killers","7":"product_tag-acheter-des-pilules-de-fentanyl","8":"product_tag-acheter-des-pilules-de-fentanyl-en-ligne","9":"product_tag-acheter-fentanyl-liquide-en-ligne","10":"product_tag-flacon-de-pilules-de-fentanyl","11":"product_tag-commander-le-fentanyl-liquide-en-ligne","12":"product_tag-comment-acheter-des-pilules-de-fentanyl-en-ligne","13":"product_tag-comment-acheter-le-fentanyl-liquide-en-ligne","14":"product_tag-comment-faire-des-pilules-de-fentanyl","15":"product_tag-dtaillants-de-pilules-de-fentanyl","16":"product_tag-fentanyl-liquid-for-sale","17":"product_tag-fentanyl-pills-contact","18":"product_tag-fentanyl-pills-for-sale","19":"product_tag-fentanyl-pills-high","20":"product_tag-fentanyl-pills-how-long-does-it-take-to-work","21":"product_tag-fentanyl-sans-ordonnance","22":"product_tag-how-fentanyl-pills-works","23":"product_tag-le-meilleur-endroit-pour-acheter-du-fentanyl-liquide-en-ligne","24":"product_tag-marques-de-fentanyl-pilules","25":"product_tag-o-acheter-des-pilules-de-fentanyl-en-ligne","26":"product_tag-o-acheter-le-fentanyl-liquide-en-ligne","27":"product_tag-o-obtenir-des-pilules-de-fentanyl","28":"product_tag-photos-de-pilules-de-fentanyl","29":"product_tag-pilules-de-fentanyl-canada","30":"product_tag-pilules-de-fentanyl-de-qualite-a-prix-pas-cher","31":"product_tag-pilules-fentanyl-mg","32":"product_tag-pouvez-vous-fumer-des-pilules-de-fentanyl","33":"product_tag-pouvez-vous-prendre-des-pilules-de-fentanyl-et-de-lhydrocodone-ensemble","34":"product_tag-prescription-de-fentanyl-pilules","35":"product_tag-que-sont-les-pilules-de-fentanyl","36":"product_tag-utilisations-des-pilules-de-fentanyl","37":"product_tag-fentanyl-pilules-valeur-de-rue","39":"first","40":"instock","41":"sale","42":"shipping-taxable","43":"purchasable","44":"product-type-variable","45":"has-default-attributes"},"yoast_head":"<!-- This site is optimized with the Yoast SEO Premium plugin v19.2 (Yoast SEO v27.3) - https:\/\/yoast.com\/product\/yoast-seo-premium-wordpress\/ -->\n<title>Acheter des comprim\u00e9s de fentanyl en ligne - Everyday Chem Shop<\/title>\n<meta name=\"description\" content=\"Achetez des comprim\u00e9s de fentanyl de qualit\u00e9 sup\u00e9rieure en ligne sur Everyday Chem Shop\u00a0: livraison rapide et discr\u00e8te pour un soulagement efficace des douleurs intenses. Pastilles de 100\u00a0mcg de qualit\u00e9 m\u00e9dicale disponibles. Commandez d\u00e8s maintenant pour une livraison fiable de vos m\u00e9dicaments opio\u00efdes partout dans le monde.\" \/>\n<meta name=\"robots\" content=\"index, follow, max-snippet:-1, max-image-preview:large, max-video-preview:-1\" \/>\n<link rel=\"canonical\" href=\"https:\/\/everydaychemshop.com\/fr\/product\/acheter-des-pilules-de-fentanyl-en-ligne\/\" \/>\n<meta property=\"og:locale\" content=\"en_US\" \/>\n<meta property=\"og:type\" content=\"article\" \/>\n<meta property=\"og:title\" content=\"Acheter des pilules de Fentanyl en ligne\" \/>\n<meta property=\"og:description\" content=\"Achetez des comprim\u00e9s de fentanyl de qualit\u00e9 sup\u00e9rieure en ligne sur Everyday Chem Shop\u00a0: livraison rapide et discr\u00e8te pour un soulagement efficace des douleurs intenses. Pastilles de 100\u00a0mcg de qualit\u00e9 m\u00e9dicale disponibles. Commandez d\u00e8s maintenant pour une livraison fiable de vos m\u00e9dicaments opio\u00efdes partout dans le monde.\" \/>\n<meta property=\"og:url\" content=\"https:\/\/everydaychemshop.com\/fr\/product\/acheter-des-pilules-de-fentanyl-en-ligne\/\" \/>\n<meta property=\"og:site_name\" content=\"Everyday Chem Shop\" \/>\n<meta property=\"article:modified_time\" content=\"2025-11-26T20:01:44+00:00\" \/>\n<meta property=\"og:image\" content=\"https:\/\/everydaychemshop.com\/fr\/wp-content\/uploads\/sites\/5\/2022\/11\/FENTANYL-Pills.jpg\" \/>\n\t<meta property=\"og:image:width\" content=\"1200\" \/>\n\t<meta property=\"og:image:height\" content=\"1200\" \/>\n\t<meta property=\"og:image:type\" content=\"image\/jpeg\" \/>\n<meta name=\"twitter:card\" content=\"summary_large_image\" \/>\n<meta name=\"twitter:label1\" content=\"Est. reading time\" \/>\n\t<meta name=\"twitter:data1\" content=\"3 minutes\" \/>\n<script type=\"application\/ld+json\" class=\"yoast-schema-graph\">{\"@context\":\"https:\\\/\\\/schema.org\",\"@graph\":[{\"@type\":\"WebPage\",\"@id\":\"https:\\\/\\\/everydaychemshop.com\\\/fr\\\/product\\\/acheter-des-pilules-de-fentanyl-en-ligne\\\/\",\"url\":\"https:\\\/\\\/everydaychemshop.com\\\/fr\\\/product\\\/acheter-des-pilules-de-fentanyl-en-ligne\\\/\",\"name\":\"Acheter des comprim\u00e9s de fentanyl en ligne - Everyday Chem Shop\",\"isPartOf\":{\"@id\":\"https:\\\/\\\/everydaychemshop.com\\\/fr\\\/#website\"},\"primaryImageOfPage\":{\"@id\":\"https:\\\/\\\/everydaychemshop.com\\\/fr\\\/product\\\/acheter-des-pilules-de-fentanyl-en-ligne\\\/#primaryimage\"},\"image\":{\"@id\":\"https:\\\/\\\/everydaychemshop.com\\\/fr\\\/product\\\/acheter-des-pilules-de-fentanyl-en-ligne\\\/#primaryimage\"},\"thumbnailUrl\":\"https:\\\/\\\/everydaychemshop.com\\\/fr\\\/wp-content\\\/uploads\\\/sites\\\/5\\\/2022\\\/11\\\/FENTANYL-Pills.jpg\",\"datePublished\":\"2022-11-16T09:44:41+00:00\",\"dateModified\":\"2025-11-26T20:01:44+00:00\",\"description\":\"Achetez des comprim\u00e9s de fentanyl de qualit\u00e9 sup\u00e9rieure en ligne sur Everyday Chem Shop\u00a0: livraison rapide et discr\u00e8te pour un soulagement efficace des douleurs intenses. Pastilles de 100\u00a0mcg de qualit\u00e9 m\u00e9dicale disponibles. Commandez d\u00e8s maintenant pour une livraison fiable de vos m\u00e9dicaments opio\u00efdes partout dans le monde.\",\"breadcrumb\":{\"@id\":\"https:\\\/\\\/everydaychemshop.com\\\/fr\\\/product\\\/acheter-des-pilules-de-fentanyl-en-ligne\\\/#breadcrumb\"},\"inLanguage\":\"en-US\",\"potentialAction\":[{\"@type\":\"ReadAction\",\"target\":[\"https:\\\/\\\/everydaychemshop.com\\\/fr\\\/product\\\/acheter-des-pilules-de-fentanyl-en-ligne\\\/\"]}]},{\"@type\":\"ImageObject\",\"inLanguage\":\"en-US\",\"@id\":\"https:\\\/\\\/everydaychemshop.com\\\/fr\\\/product\\\/acheter-des-pilules-de-fentanyl-en-ligne\\\/#primaryimage\",\"url\":\"https:\\\/\\\/everydaychemshop.com\\\/fr\\\/wp-content\\\/uploads\\\/sites\\\/5\\\/2022\\\/11\\\/FENTANYL-Pills.jpg\",\"contentUrl\":\"https:\\\/\\\/everydaychemshop.com\\\/fr\\\/wp-content\\\/uploads\\\/sites\\\/5\\\/2022\\\/11\\\/FENTANYL-Pills.jpg\",\"width\":1200,\"height\":1200,\"caption\":\"Acheter des comprim\u00e9s de fentanyl en ligne\"},{\"@type\":\"BreadcrumbList\",\"@id\":\"https:\\\/\\\/everydaychemshop.com\\\/fr\\\/product\\\/acheter-des-pilules-de-fentanyl-en-ligne\\\/#breadcrumb\",\"itemListElement\":[{\"@type\":\"ListItem\",\"position\":1,\"name\":\"Home\",\"item\":\"https:\\\/\\\/everydaychemshop.com\\\/fr\\\/\"},{\"@type\":\"ListItem\",\"position\":2,\"name\":\"Des produits\",\"item\":\"https:\\\/\\\/everydaychemshop.com\\\/fr\\\/des-produits\\\/\"},{\"@type\":\"ListItem\",\"position\":3,\"name\":\"Acheter des pilules de Fentanyl en ligne\"}]},{\"@type\":\"WebSite\",\"@id\":\"https:\\\/\\\/everydaychemshop.com\\\/fr\\\/#website\",\"url\":\"https:\\\/\\\/everydaychemshop.com\\\/fr\\\/\",\"name\":\"Everyday Chem Shop\",\"description\":\"\",\"potentialAction\":[{\"@type\":\"SearchAction\",\"target\":{\"@type\":\"EntryPoint\",\"urlTemplate\":\"https:\\\/\\\/everydaychemshop.com\\\/fr\\\/?s={search_term_string}\"},\"query-input\":{\"@type\":\"PropertyValueSpecification\",\"valueRequired\":true,\"valueName\":\"search_term_string\"}}],\"inLanguage\":\"en-US\"}]}<\/script>\n<!-- \/ Yoast SEO Premium plugin. -->","yoast_head_json":{"title":"Acheter des comprim\u00e9s de fentanyl en ligne - Everyday Chem Shop","description":"Achetez des comprim\u00e9s de fentanyl de qualit\u00e9 sup\u00e9rieure en ligne sur Everyday Chem Shop\u00a0: livraison rapide et discr\u00e8te pour un soulagement efficace des douleurs intenses. Pastilles de 100\u00a0mcg de qualit\u00e9 m\u00e9dicale disponibles. Commandez d\u00e8s maintenant pour une livraison fiable de vos m\u00e9dicaments opio\u00efdes partout dans le monde.","robots":{"index":"index","follow":"follow","max-snippet":"max-snippet:-1","max-image-preview":"max-image-preview:large","max-video-preview":"max-video-preview:-1"},"canonical":"https:\/\/everydaychemshop.com\/fr\/product\/acheter-des-pilules-de-fentanyl-en-ligne\/","og_locale":"en_US","og_type":"article","og_title":"Acheter des pilules de Fentanyl en ligne","og_description":"Achetez des comprim\u00e9s de fentanyl de qualit\u00e9 sup\u00e9rieure en ligne sur Everyday Chem Shop\u00a0: livraison rapide et discr\u00e8te pour un soulagement efficace des douleurs intenses. Pastilles de 100\u00a0mcg de qualit\u00e9 m\u00e9dicale disponibles. Commandez d\u00e8s maintenant pour une livraison fiable de vos m\u00e9dicaments opio\u00efdes partout dans le monde.","og_url":"https:\/\/everydaychemshop.com\/fr\/product\/acheter-des-pilules-de-fentanyl-en-ligne\/","og_site_name":"Everyday Chem Shop","article_modified_time":"2025-11-26T20:01:44+00:00","og_image":[{"width":1200,"height":1200,"url":"https:\/\/everydaychemshop.com\/fr\/wp-content\/uploads\/sites\/5\/2022\/11\/FENTANYL-Pills.jpg","type":"image\/jpeg"}],"twitter_card":"summary_large_image","twitter_misc":{"Est. reading time":"3 minutes"},"schema":{"@context":"https:\/\/schema.org","@graph":[{"@type":"WebPage","@id":"https:\/\/everydaychemshop.com\/fr\/product\/acheter-des-pilules-de-fentanyl-en-ligne\/","url":"https:\/\/everydaychemshop.com\/fr\/product\/acheter-des-pilules-de-fentanyl-en-ligne\/","name":"Acheter des comprim\u00e9s de fentanyl en ligne - Everyday Chem Shop","isPartOf":{"@id":"https:\/\/everydaychemshop.com\/fr\/#website"},"primaryImageOfPage":{"@id":"https:\/\/everydaychemshop.com\/fr\/product\/acheter-des-pilules-de-fentanyl-en-ligne\/#primaryimage"},"image":{"@id":"https:\/\/everydaychemshop.com\/fr\/product\/acheter-des-pilules-de-fentanyl-en-ligne\/#primaryimage"},"thumbnailUrl":"https:\/\/everydaychemshop.com\/fr\/wp-content\/uploads\/sites\/5\/2022\/11\/FENTANYL-Pills.jpg","datePublished":"2022-11-16T09:44:41+00:00","dateModified":"2025-11-26T20:01:44+00:00","description":"Achetez des comprim\u00e9s de fentanyl de qualit\u00e9 sup\u00e9rieure en ligne sur Everyday Chem Shop\u00a0: livraison rapide et discr\u00e8te pour un soulagement efficace des douleurs intenses. Pastilles de 100\u00a0mcg de qualit\u00e9 m\u00e9dicale disponibles. Commandez d\u00e8s maintenant pour une livraison fiable de vos m\u00e9dicaments opio\u00efdes partout dans le monde.","breadcrumb":{"@id":"https:\/\/everydaychemshop.com\/fr\/product\/acheter-des-pilules-de-fentanyl-en-ligne\/#breadcrumb"},"inLanguage":"en-US","potentialAction":[{"@type":"ReadAction","target":["https:\/\/everydaychemshop.com\/fr\/product\/acheter-des-pilules-de-fentanyl-en-ligne\/"]}]},{"@type":"ImageObject","inLanguage":"en-US","@id":"https:\/\/everydaychemshop.com\/fr\/product\/acheter-des-pilules-de-fentanyl-en-ligne\/#primaryimage","url":"https:\/\/everydaychemshop.com\/fr\/wp-content\/uploads\/sites\/5\/2022\/11\/FENTANYL-Pills.jpg","contentUrl":"https:\/\/everydaychemshop.com\/fr\/wp-content\/uploads\/sites\/5\/2022\/11\/FENTANYL-Pills.jpg","width":1200,"height":1200,"caption":"Acheter des comprim\u00e9s de fentanyl en ligne"},{"@type":"BreadcrumbList","@id":"https:\/\/everydaychemshop.com\/fr\/product\/acheter-des-pilules-de-fentanyl-en-ligne\/#breadcrumb","itemListElement":[{"@type":"ListItem","position":1,"name":"Home","item":"https:\/\/everydaychemshop.com\/fr\/"},{"@type":"ListItem","position":2,"name":"Des produits","item":"https:\/\/everydaychemshop.com\/fr\/des-produits\/"},{"@type":"ListItem","position":3,"name":"Acheter des pilules de Fentanyl en ligne"}]},{"@type":"WebSite","@id":"https:\/\/everydaychemshop.com\/fr\/#website","url":"https:\/\/everydaychemshop.com\/fr\/","name":"Everyday Chem Shop","description":"","potentialAction":[{"@type":"SearchAction","target":{"@type":"EntryPoint","urlTemplate":"https:\/\/everydaychemshop.com\/fr\/?s={search_term_string}"},"query-input":{"@type":"PropertyValueSpecification","valueRequired":true,"valueName":"search_term_string"}}],"inLanguage":"en-US"}]}},"_links":{"self":[{"href":"https:\/\/everydaychemshop.com\/fr\/wp-json\/wp\/v2\/product\/7704","targetHints":{"allow":["GET"]}}],"collection":[{"href":"https:\/\/everydaychemshop.com\/fr\/wp-json\/wp\/v2\/product"}],"about":[{"href":"https:\/\/everydaychemshop.com\/fr\/wp-json\/wp\/v2\/types\/product"}],"replies":[{"embeddable":true,"href":"https:\/\/everydaychemshop.com\/fr\/wp-json\/wp\/v2\/comments?post=7704"}],"wp:featuredmedia":[{"embeddable":true,"href":"https:\/\/everydaychemshop.com\/fr\/wp-json\/wp\/v2\/media\/7716"}],"wp:attachment":[{"href":"https:\/\/everydaychemshop.com\/fr\/wp-json\/wp\/v2\/media?parent=7704"}],"wp:term":[{"taxonomy":"product_brand","embeddable":true,"href":"https:\/\/everydaychemshop.com\/fr\/wp-json\/wp\/v2\/product_brand?post=7704"},{"taxonomy":"product_cat","embeddable":true,"href":"https:\/\/everydaychemshop.com\/fr\/wp-json\/wp\/v2\/product_cat?post=7704"},{"taxonomy":"product_tag","embeddable":true,"href":"https:\/\/everydaychemshop.com\/fr\/wp-json\/wp\/v2\/product_tag?post=7704"}],"curies":[{"name":"wp","href":"https:\/\/api.w.org\/{rel}","templated":true}]}}