{"id":7746,"date":"2022-11-16T09:45:59","date_gmt":"2022-11-16T09:45:59","guid":{"rendered":"https:\/\/everydaychemshop.com\/fr\/?post_type=product&#038;p=7746"},"modified":"2023-04-07T12:09:39","modified_gmt":"2023-04-07T12:09:39","slug":"acheter-methylone-en-ligne","status":"publish","type":"product","link":"https:\/\/everydaychemshop.com\/fr\/product\/acheter-methylone-en-ligne\/","title":{"rendered":"M\u00e9thylone"},"content":{"rendered":"<h1>Acheter du cristal de m\u00e9thylone en ligne<\/h1>\n<p><a href=\"https:\/\/everydaychemshop.com\/fr\/product\/acheter-methylone-en-ligne\/\">Acheter du cristal de m\u00e9thylone en ligne<\/a>. Acheter de la m\u00e9thylone (Bk-MDMA) bon march\u00e9 en ligne &#8211; M\u00e9dicament mondial Nous proposons de la poudre et des <em>cristaux<\/em> de Bk-MDMA bon march\u00e9 au Royaume-Uni, en Europe, en Allemagne, en Russie et aux \u00c9tats-Unis, de tr\u00e8s haute qualit\u00e9.<\/p>\n<p>\u00c9thylone\u00a0<em>Cristal<\/em>\u00a0BK-ebdp 4-CMC\u00a0<em>Cristal<\/em>\u00a03-CMC\u00a0<em>Cristal<\/em>\u00a04CMC\u00a0<em>Cristal<\/em>\u00a04- BMC,\u00a0<em>cristal<\/em>\u00a0M\u00e9ph\u00e9drone 4mmc MDPV\u00a0<em>M\u00e9thylone<\/em>\u00a0(bk-MDMA)<\/p>\n<p>La m\u00e9thylone est un m\u00e9dicament chimique dont la structure est tr\u00e8s similaire \u00e0 la MDMA et qui a des effets comparables .<\/p>\n<p>La m\u00e9thylone est un stimulant avec un l\u00e9ger effet hallucinog\u00e8ne. <a href=\"https:\/\/fr.wikipedia.org\/wiki\/M%C3%A9thylone\">Comme<\/a> il s&#8217;agit d&#8217;une substance relativement nouvelle, on l&#8217;appelle un produit chimique de recherche. Il est recommand\u00e9 de traiter la m\u00e9thylone avec prudence\u00a0: en raison de sa courte existence, peu de recherches ont \u00e9t\u00e9 men\u00e9es et on ne sait pas grand-chose sur les effets \u00e0 long terme ou les taux de d\u00e9pendance.<\/p>\n<p>Habituellement, elle est offerte sous forme de poudre, mais les pilules sont \u00e9galement en circulation. Comme pour XTC, ces comprim\u00e9s peuvent diff\u00e9rer en taille, couleur et force.<\/p>\n<p>La m\u00e9thylone peut \u00eatre achet\u00e9e aupr\u00e8s de\u00a0First Trust Chemical\u00a0sous l&#8217;une des trois\u00a0formes\u00a0: gros cristaux (notre plus populaire), poudre pharmaceutique fine ou petits cristaux . Veuillez consulter notre liste d&#8217;autres produits raffin\u00e9s disponibles pour vous maintenant. First Trust Chemical est votre fournisseur de produits de haute qualit\u00e9 et vous pouvez les acheter maintenant.<\/p>\n<h3>VOTRE COMPTE SERA TRAIT\u00c9 AVEC SOIN POUR ACHETER DE LA METHYLONE<\/h3>\n<p>Toutes les demandes de vente restent confidentielles. Lorsque vous devenez client, les informations de votre compte ne sont jamais partag\u00e9es ou distribu\u00e9es. Nous pouvons vous poser des questions avant de proc\u00e9der \u00e0 la vente que vous demandez, mais c&#8217;est pour votre propre s\u00e9curit\u00e9. First Trust Chemical ne veut \u00eatre connu que pour sa haute qualit\u00e9 et la satisfaction de ses clients.<\/p>\n<p>Une fois votre achat approuv\u00e9 par First Trust Chemical, achetez . Votre livraison est garantie. Nous ne promettrons pas la vente de toute commande que nous ne pouvons pas livrer.<\/p>\n<p>La m\u00e9thylone est une drogue chimique dont la structure est tr\u00e8s similaire \u00e0 la MDMA et qui a des effets comparables. c&#8217;est un stimulant avec un l\u00e9ger effet hallucinog\u00e8ne. Comme il s&#8217;agit d&#8217;une substance relativement nouvelle, on l&#8217;appelle un produit chimique de recherche. Il est recommand\u00e9 de traiter la m\u00e9thylone avec prudence\u00a0: en raison de sa courte existence, peu de recherches ont \u00e9t\u00e9 men\u00e9es et on ne sait pas grand-chose sur les effets \u00e0 long terme ou les taux de d\u00e9pendance.<\/p>\n<p>G\u00e9n\u00e9ralement, elle est offerte sous forme de poudre, mais les pilules sont en <a href=\"https:\/\/en.wikipedia.org\/wiki\/Methylone\">circulation<\/a> \u00e9galement. Comme avec XTC, ces comprim\u00e9s peuvent diff\u00e9rer en taille, couleur et force.<\/p>\n<p><strong>Savez-vous o\u00f9 acheter Methylone\u00a0?<\/strong><\/p>\n<p>Methylone \u00e0 vendre, rue Methylone valeur, dosage de m\u00e9thylone, comment fabriquer du m\u00e9thylone, o\u00f9 puis-je m\u00e9thylone en ligne, o\u00f9 trouver du m\u00e9thylone, qu&#8217;est-ce que le m\u00e9thylone, du m\u00e9thylone de qualit\u00e9 sup\u00e9rieure \u00e0 vendre. Toutes ces questions sans r\u00e9ponse peuvent trouver leurs r\u00e9ponses gr\u00e2ce \u00e0 nous. Il vous suffit de parcourir notre site Web et vous obtiendrez les r\u00e9ponses sur comment et o\u00f9 vous pouvez acheter de la m\u00e9thylone en ligne.<\/p>\n<p>Qu&#8217;en est-il de la m\u00e9thylone\u00a0? Savez-vous \u00e9galement o\u00f9 trouver de la m\u00e9thylone en vente en ligne\u00a0? acheter de la m\u00e9thylone \u00e0 vendre, comment fabriquer de la m\u00e9thylone, \u00e0 quoi ressemble la m\u00e9thylone, prix public de la m\u00e9thylone, prix de la m\u00e9thylone, o\u00f9 acheter de la m\u00e9thylone, de la m\u00e9thylone pure, o\u00f9 puis-je acheter de la m\u00e9thylone en ligne, acheter de la m\u00e9thylone pure en ligne.<\/p>\n<p>M\u00e9thylone de bonne qualit\u00e9 en ligne : Il est tout \u00e0 fait entendu que les gens ne font pas rapidement confiance \u00e0 la qualit\u00e9 de la m\u00e9thylone en ligne vendue en ligne car ils ne peuvent pas l&#8217;examiner physiquement. Mais ce n&#8217;est pas la m\u00eame chose avec les fournisseurs en ligne de m\u00e9thylone en ligne. Les produits ici sont fid\u00e8les \u00e0 leur description avec un entretien de haute qualit\u00e9 effectu\u00e9 sous la supervision d&#8217;experts.<\/p>\n<p>Rapide &amp; Exp\u00e9dition discr\u00e8te : La livraison du Methylone en ligne apr\u00e8s r\u00e9ception de la commande se fait dans les d\u00e9lais promis. L&#8217;\u00e9quipe d&#8217;exp\u00e9dition met tout en \u0153uvre pour rendre la proc\u00e9dure d&#8217;exp\u00e9dition et de livraison fluide et rapide. Vous pouvez \u00e9galement vous attendre \u00e0 d&#8217;excellents services lors de l&#8217;achat en ligne de Methylone aupr\u00e8s du professionnel sur la plateforme en ligne.<\/p>\n","protected":false},"excerpt":{"rendered":"<p>La m\u00e9thylone est un stimulant avec un l\u00e9ger effet hallucinog\u00e8ne. Comme il s&#8217;agit d&#8217;une substance relativement nouvelle, on l&#8217;appelle un produit chimique de recherche. Il est recommand\u00e9 de traiter la m\u00e9thylone avec prudence\u00a0: en raison de sa courte existence, peu de recherches ont \u00e9t\u00e9 men\u00e9es et on ne sait pas grand-chose sur les effets \u00e0 long terme ou les taux de d\u00e9pendance.<\/p>\n","protected":false},"featured_media":7773,"comment_status":"open","ping_status":"closed","template":"","meta":{"inline_featured_image":false},"product_brand":[],"product_cat":[264],"product_tag":[324,329,328,325,326,327,330],"class_list":{"0":"post-7746","1":"product","2":"type-product","3":"status-publish","4":"has-post-thumbnail","6":"product_cat-recherche-chimique","7":"product_tag-acheter-methylone-en-ligne","8":"product_tag-achat-methylone-en-ligne","9":"product_tag-commander-methylone-en-ligne","10":"product_tag-comment-acheter-methylone-en-ligne","11":"product_tag-methylone","12":"product_tag-methylone-for-sale","13":"product_tag-o-acheter-methylone-en-ligne","15":"first","16":"instock","17":"shipping-taxable","18":"purchasable","19":"product-type-variable","20":"has-default-attributes"},"yoast_head":"<!-- This site is optimized with the Yoast SEO Premium plugin v19.2 (Yoast SEO v27.3) - https:\/\/yoast.com\/product\/yoast-seo-premium-wordpress\/ -->\n<title>Acheter du cristal de m\u00e9thylone en ligne - Everyday Chem Shop<\/title>\n<meta name=\"description\" content=\"Acheter du cristal de m\u00e9thylone en ligne. Si vous cherchez comment acheter de la m\u00e9thylone en ligne, vous \u00eates au bon endroit pour acheter de la m\u00e9thylone en ligne.\" \/>\n<meta name=\"robots\" content=\"index, follow, max-snippet:-1, max-image-preview:large, max-video-preview:-1\" \/>\n<link rel=\"canonical\" href=\"https:\/\/everydaychemshop.com\/fr\/product\/acheter-methylone-en-ligne\/\" \/>\n<meta property=\"og:locale\" content=\"en_US\" \/>\n<meta property=\"og:type\" content=\"article\" \/>\n<meta property=\"og:title\" content=\"M\u00e9thylone\" \/>\n<meta property=\"og:description\" content=\"Acheter du cristal de m\u00e9thylone en ligne. Si vous cherchez comment acheter de la m\u00e9thylone en ligne, vous \u00eates au bon endroit pour acheter de la m\u00e9thylone en ligne.\" \/>\n<meta property=\"og:url\" content=\"https:\/\/everydaychemshop.com\/fr\/product\/acheter-methylone-en-ligne\/\" \/>\n<meta property=\"og:site_name\" content=\"Everyday Chem Shop\" \/>\n<meta property=\"article:modified_time\" content=\"2023-04-07T12:09:39+00:00\" \/>\n<meta property=\"og:image\" content=\"https:\/\/everydaychemshop.com\/fr\/wp-content\/uploads\/sites\/5\/2022\/11\/Buy-METHYLONE-CRYSTAL.jpg\" \/>\n\t<meta property=\"og:image:width\" content=\"1200\" \/>\n\t<meta property=\"og:image:height\" content=\"1200\" \/>\n\t<meta property=\"og:image:type\" content=\"image\/jpeg\" \/>\n<meta name=\"twitter:card\" content=\"summary_large_image\" \/>\n<meta name=\"twitter:label1\" content=\"Est. reading time\" \/>\n\t<meta name=\"twitter:data1\" content=\"4 minutes\" \/>\n<script type=\"application\/ld+json\" class=\"yoast-schema-graph\">{\"@context\":\"https:\\\/\\\/schema.org\",\"@graph\":[{\"@type\":\"WebPage\",\"@id\":\"https:\\\/\\\/everydaychemshop.com\\\/fr\\\/product\\\/acheter-methylone-en-ligne\\\/\",\"url\":\"https:\\\/\\\/everydaychemshop.com\\\/fr\\\/product\\\/acheter-methylone-en-ligne\\\/\",\"name\":\"Acheter du cristal de m\u00e9thylone en ligne - Everyday Chem Shop\",\"isPartOf\":{\"@id\":\"https:\\\/\\\/everydaychemshop.com\\\/fr\\\/#website\"},\"primaryImageOfPage\":{\"@id\":\"https:\\\/\\\/everydaychemshop.com\\\/fr\\\/product\\\/acheter-methylone-en-ligne\\\/#primaryimage\"},\"image\":{\"@id\":\"https:\\\/\\\/everydaychemshop.com\\\/fr\\\/product\\\/acheter-methylone-en-ligne\\\/#primaryimage\"},\"thumbnailUrl\":\"https:\\\/\\\/everydaychemshop.com\\\/fr\\\/wp-content\\\/uploads\\\/sites\\\/5\\\/2022\\\/11\\\/Buy-METHYLONE-CRYSTAL.jpg\",\"datePublished\":\"2022-11-16T09:45:59+00:00\",\"dateModified\":\"2023-04-07T12:09:39+00:00\",\"description\":\"Acheter du cristal de m\u00e9thylone en ligne. Si vous cherchez comment acheter de la m\u00e9thylone en ligne, vous \u00eates au bon endroit pour acheter de la m\u00e9thylone en ligne.\",\"breadcrumb\":{\"@id\":\"https:\\\/\\\/everydaychemshop.com\\\/fr\\\/product\\\/acheter-methylone-en-ligne\\\/#breadcrumb\"},\"inLanguage\":\"en-US\",\"potentialAction\":[{\"@type\":\"ReadAction\",\"target\":[\"https:\\\/\\\/everydaychemshop.com\\\/fr\\\/product\\\/acheter-methylone-en-ligne\\\/\"]}]},{\"@type\":\"ImageObject\",\"inLanguage\":\"en-US\",\"@id\":\"https:\\\/\\\/everydaychemshop.com\\\/fr\\\/product\\\/acheter-methylone-en-ligne\\\/#primaryimage\",\"url\":\"https:\\\/\\\/everydaychemshop.com\\\/fr\\\/wp-content\\\/uploads\\\/sites\\\/5\\\/2022\\\/11\\\/Buy-METHYLONE-CRYSTAL.jpg\",\"contentUrl\":\"https:\\\/\\\/everydaychemshop.com\\\/fr\\\/wp-content\\\/uploads\\\/sites\\\/5\\\/2022\\\/11\\\/Buy-METHYLONE-CRYSTAL.jpg\",\"width\":1200,\"height\":1200,\"caption\":\"Acheter du cristal de m\u00e9thylone en ligne\"},{\"@type\":\"BreadcrumbList\",\"@id\":\"https:\\\/\\\/everydaychemshop.com\\\/fr\\\/product\\\/acheter-methylone-en-ligne\\\/#breadcrumb\",\"itemListElement\":[{\"@type\":\"ListItem\",\"position\":1,\"name\":\"Home\",\"item\":\"https:\\\/\\\/everydaychemshop.com\\\/fr\\\/\"},{\"@type\":\"ListItem\",\"position\":2,\"name\":\"Des produits\",\"item\":\"https:\\\/\\\/everydaychemshop.com\\\/fr\\\/des-produits\\\/\"},{\"@type\":\"ListItem\",\"position\":3,\"name\":\"M\u00e9thylone\"}]},{\"@type\":\"WebSite\",\"@id\":\"https:\\\/\\\/everydaychemshop.com\\\/fr\\\/#website\",\"url\":\"https:\\\/\\\/everydaychemshop.com\\\/fr\\\/\",\"name\":\"Everyday Chem Shop\",\"description\":\"\",\"potentialAction\":[{\"@type\":\"SearchAction\",\"target\":{\"@type\":\"EntryPoint\",\"urlTemplate\":\"https:\\\/\\\/everydaychemshop.com\\\/fr\\\/?s={search_term_string}\"},\"query-input\":{\"@type\":\"PropertyValueSpecification\",\"valueRequired\":true,\"valueName\":\"search_term_string\"}}],\"inLanguage\":\"en-US\"}]}<\/script>\n<!-- \/ Yoast SEO Premium plugin. -->","yoast_head_json":{"title":"Acheter du cristal de m\u00e9thylone en ligne - Everyday Chem Shop","description":"Acheter du cristal de m\u00e9thylone en ligne. Si vous cherchez comment acheter de la m\u00e9thylone en ligne, vous \u00eates au bon endroit pour acheter de la m\u00e9thylone en ligne.","robots":{"index":"index","follow":"follow","max-snippet":"max-snippet:-1","max-image-preview":"max-image-preview:large","max-video-preview":"max-video-preview:-1"},"canonical":"https:\/\/everydaychemshop.com\/fr\/product\/acheter-methylone-en-ligne\/","og_locale":"en_US","og_type":"article","og_title":"M\u00e9thylone","og_description":"Acheter du cristal de m\u00e9thylone en ligne. Si vous cherchez comment acheter de la m\u00e9thylone en ligne, vous \u00eates au bon endroit pour acheter de la m\u00e9thylone en ligne.","og_url":"https:\/\/everydaychemshop.com\/fr\/product\/acheter-methylone-en-ligne\/","og_site_name":"Everyday Chem Shop","article_modified_time":"2023-04-07T12:09:39+00:00","og_image":[{"width":1200,"height":1200,"url":"https:\/\/everydaychemshop.com\/fr\/wp-content\/uploads\/sites\/5\/2022\/11\/Buy-METHYLONE-CRYSTAL.jpg","type":"image\/jpeg"}],"twitter_card":"summary_large_image","twitter_misc":{"Est. reading time":"4 minutes"},"schema":{"@context":"https:\/\/schema.org","@graph":[{"@type":"WebPage","@id":"https:\/\/everydaychemshop.com\/fr\/product\/acheter-methylone-en-ligne\/","url":"https:\/\/everydaychemshop.com\/fr\/product\/acheter-methylone-en-ligne\/","name":"Acheter du cristal de m\u00e9thylone en ligne - Everyday Chem Shop","isPartOf":{"@id":"https:\/\/everydaychemshop.com\/fr\/#website"},"primaryImageOfPage":{"@id":"https:\/\/everydaychemshop.com\/fr\/product\/acheter-methylone-en-ligne\/#primaryimage"},"image":{"@id":"https:\/\/everydaychemshop.com\/fr\/product\/acheter-methylone-en-ligne\/#primaryimage"},"thumbnailUrl":"https:\/\/everydaychemshop.com\/fr\/wp-content\/uploads\/sites\/5\/2022\/11\/Buy-METHYLONE-CRYSTAL.jpg","datePublished":"2022-11-16T09:45:59+00:00","dateModified":"2023-04-07T12:09:39+00:00","description":"Acheter du cristal de m\u00e9thylone en ligne. Si vous cherchez comment acheter de la m\u00e9thylone en ligne, vous \u00eates au bon endroit pour acheter de la m\u00e9thylone en ligne.","breadcrumb":{"@id":"https:\/\/everydaychemshop.com\/fr\/product\/acheter-methylone-en-ligne\/#breadcrumb"},"inLanguage":"en-US","potentialAction":[{"@type":"ReadAction","target":["https:\/\/everydaychemshop.com\/fr\/product\/acheter-methylone-en-ligne\/"]}]},{"@type":"ImageObject","inLanguage":"en-US","@id":"https:\/\/everydaychemshop.com\/fr\/product\/acheter-methylone-en-ligne\/#primaryimage","url":"https:\/\/everydaychemshop.com\/fr\/wp-content\/uploads\/sites\/5\/2022\/11\/Buy-METHYLONE-CRYSTAL.jpg","contentUrl":"https:\/\/everydaychemshop.com\/fr\/wp-content\/uploads\/sites\/5\/2022\/11\/Buy-METHYLONE-CRYSTAL.jpg","width":1200,"height":1200,"caption":"Acheter du cristal de m\u00e9thylone en ligne"},{"@type":"BreadcrumbList","@id":"https:\/\/everydaychemshop.com\/fr\/product\/acheter-methylone-en-ligne\/#breadcrumb","itemListElement":[{"@type":"ListItem","position":1,"name":"Home","item":"https:\/\/everydaychemshop.com\/fr\/"},{"@type":"ListItem","position":2,"name":"Des produits","item":"https:\/\/everydaychemshop.com\/fr\/des-produits\/"},{"@type":"ListItem","position":3,"name":"M\u00e9thylone"}]},{"@type":"WebSite","@id":"https:\/\/everydaychemshop.com\/fr\/#website","url":"https:\/\/everydaychemshop.com\/fr\/","name":"Everyday Chem Shop","description":"","potentialAction":[{"@type":"SearchAction","target":{"@type":"EntryPoint","urlTemplate":"https:\/\/everydaychemshop.com\/fr\/?s={search_term_string}"},"query-input":{"@type":"PropertyValueSpecification","valueRequired":true,"valueName":"search_term_string"}}],"inLanguage":"en-US"}]}},"_links":{"self":[{"href":"https:\/\/everydaychemshop.com\/fr\/wp-json\/wp\/v2\/product\/7746","targetHints":{"allow":["GET"]}}],"collection":[{"href":"https:\/\/everydaychemshop.com\/fr\/wp-json\/wp\/v2\/product"}],"about":[{"href":"https:\/\/everydaychemshop.com\/fr\/wp-json\/wp\/v2\/types\/product"}],"replies":[{"embeddable":true,"href":"https:\/\/everydaychemshop.com\/fr\/wp-json\/wp\/v2\/comments?post=7746"}],"wp:featuredmedia":[{"embeddable":true,"href":"https:\/\/everydaychemshop.com\/fr\/wp-json\/wp\/v2\/media\/7773"}],"wp:attachment":[{"href":"https:\/\/everydaychemshop.com\/fr\/wp-json\/wp\/v2\/media?parent=7746"}],"wp:term":[{"taxonomy":"product_brand","embeddable":true,"href":"https:\/\/everydaychemshop.com\/fr\/wp-json\/wp\/v2\/product_brand?post=7746"},{"taxonomy":"product_cat","embeddable":true,"href":"https:\/\/everydaychemshop.com\/fr\/wp-json\/wp\/v2\/product_cat?post=7746"},{"taxonomy":"product_tag","embeddable":true,"href":"https:\/\/everydaychemshop.com\/fr\/wp-json\/wp\/v2\/product_tag?post=7746"}],"curies":[{"name":"wp","href":"https:\/\/api.w.org\/{rel}","templated":true}]}}