{"id":7751,"date":"2022-11-16T09:46:01","date_gmt":"2022-11-16T09:46:01","guid":{"rendered":"https:\/\/everydaychemshop.com\/fr\/?post_type=product&#038;p=7751"},"modified":"2025-11-26T19:42:52","modified_gmt":"2025-11-26T19:42:52","slug":"acheter-ephedrine-poudre-en-ligne","status":"publish","type":"product","link":"https:\/\/everydaychemshop.com\/fr\/product\/acheter-ephedrine-poudre-en-ligne\/","title":{"rendered":"Poudre d&#8217;\u00e9ph\u00e9drine"},"content":{"rendered":"<h1>Achetez de l&#8217;\u00e9ph\u00e9drine en poudre en ligne \u2013 \u00c9ph\u00e9drine HCL pure \u00e0 99 % disponible<\/h1>\n<p><a href=\"https:\/\/everydaychemshop.com\/fr\/product\/acheter-ephedrine-poudre-en-ligne\/\">Achetez de l&#8217;\u00e9ph\u00e9drine en poudre en ligne<\/a>. Vous recherchez de l&#8217;\u00e9ph\u00e9drine en poudre de qualit\u00e9 et fiable ? Chez Everyday Chem Shop, nous proposons de l&#8217;\u00e9ph\u00e9drine en poudre de qualit\u00e9 sup\u00e9rieure, provenant de fabricants pharmaceutiques de confiance. Notre \u00e9ph\u00e9drine HCL pure est id\u00e9ale pour la recherche, les applications en laboratoire et un usage professionnel. Gr\u00e2ce \u00e0 un emballage discret et une livraison internationale, commander de l&#8217;\u00e9ph\u00e9drine en poudre en gros n&#8217;a jamais \u00e9t\u00e9 aussi simple et s\u00fbr.<\/p>\n<p>Qu&#8217;est-ce que l&#8217;\u00e9ph\u00e9drine en poudre ?<\/p>\n<p>L&#8217;\u00e9ph\u00e9drine en poudre, et plus pr\u00e9cis\u00e9ment le chlorhydrate d&#8217;\u00e9ph\u00e9drine (HCL), est une amine sympathomim\u00e9tique polyvalente extraite de la plante d&#8217;\u00e9ph\u00e9dra. Reconnue pour ses propri\u00e9t\u00e9s bronchodilatatrices et d\u00e9congestionnantes nasales, cette poudre cristalline blanche est un ingr\u00e9dient essentiel des formulations pharmaceutiques depuis des d\u00e9cennies. Notre \u00e9ph\u00e9drine en poudre de haute puret\u00e9 (99 %) garantit une efficacit\u00e9 maximale pour vos besoins, que vous \u00e9tudiiez son r\u00f4le dans la sant\u00e9 respiratoire ou les \u00e9tudes m\u00e9taboliques.<\/p>\n<p>Contrairement aux alternatives dilu\u00e9es, notre poudre d&#8217;\u00e9ph\u00e9drine pharmaceutique est soumise \u00e0 des tests rigoureux afin de r\u00e9pondre aux normes USP, garantissant ainsi des r\u00e9sultats constants.<\/p>\n<p>Avantages cl\u00e9s de notre poudre d&#8217;\u00e9ph\u00e9drine<\/p>\n<p>Pourquoi choisir Everyday Chem Shop pour votre poudre d&#8217;\u00e9ph\u00e9drine\u00a0? Voici ce qui nous distingue\u00a0:<\/p>\n<p>Puret\u00e9 in\u00e9gal\u00e9e\u00a0: teneur en chlorhydrate d&#8217;\u00e9ph\u00e9drine sup\u00e9rieure \u00e0 99\u00a0%, v\u00e9rifi\u00e9e en laboratoire pour garantir son authenticit\u00e9 et sa puissance.<\/p>\n<p>Applications polyvalentes\u00a0: id\u00e9ale comme bronchodilatateur en poudre pour la recherche sur l&#8217;asthme, comme d\u00e9congestionnant nasal dans les essais cliniques ou comme pr\u00e9curseur dans les \u00e9tudes sur la gestion du poids (toujours consulter la r\u00e9glementation en vigueur).<\/p>\n<p>Options \u00e9conomiques pour les commandes en gros\u00a0: r\u00e9alisez des \u00e9conomies en commandant en grandes quantit\u00e9s \u2013 de 50\u00a0g \u00e0 1\u00a0kg.<\/p>\n<p>Livraison rapide et discr\u00e8te\u00a0: commandez votre poudre d&#8217;\u00e9ph\u00e9drine aux \u00c9tats-Unis ou \u00e0 l&#8217;international avec un suivi de livraison en 3\u00a0jours ouvrables. Nous privil\u00e9gions la confidentialit\u00e9 gr\u00e2ce \u00e0 un emballage neutre. Transactions s\u00e9curis\u00e9es\u00a0: Paiements crypt\u00e9s par carte bancaire, Bitcoin ou virement bancaire \u2013 sans tracas, remboursement int\u00e9gral en cas d\u2019insatisfaction.<\/p>\n<p>Les propri\u00e9t\u00e9s stimulantes naturelles de l\u2019\u00e9ph\u00e9drine en font un produit de choix pour les professionnels recherchant un produit chimique de recherche fiable. Remarque\u00a0: Ce produit est strictement r\u00e9serv\u00e9 \u00e0 un usage en laboratoire et \u00e0 la recherche\u00a0; il ne doit pas \u00eatre consomm\u00e9 sans autorisation.<\/p>\n<p>Sp\u00e9cifications du produit<\/p>\n<p>D\u00e9tails des sp\u00e9cifications<\/p>\n<p>Nom du produit\u00a0: Chlorhydrate d\u2019\u00e9ph\u00e9drine en poudre<\/p>\n<p>Puret\u00e9\u00a0: 99\u00a0%+ (test\u00e9e par HPLC)<\/p>\n<p>Aspect\u00a0: Poudre cristalline blanche fine<\/p>\n<p>Num\u00e9ro CAS\u00a0: 50-98-6<\/p>\n<p>Formule mol\u00e9culaire\u00a0: C10H15NO\u00b7HCl<\/p>\n<p>Formats disponibles\u00a0: 50\u00a0g, 100\u00a0g, 500\u00a0g, 1\u00a0kg<\/p>\n<p>Conservation\u00a0: Endroit frais et sec, \u00e0 l\u2019abri de la lumi\u00e8re<\/p>\n<p>Dur\u00e9e de conservation\u00a0: 2\u00a0ans et plus<\/p>\n<p>Tarifs\u00a0: Remises sur quantit\u00e9 disponibles \u2013 contactez-nous pour obtenir un devis pour l\u2019achat d\u2019\u00e9ph\u00e9drine en poudre en gros.<\/p>\n<p>Consignes l\u00e9gales et de s\u00e9curit\u00e9<\/p>\n<p>Nous respectons toutes les r\u00e9glementations internationales relatives aux normes de fourniture d&#8217;\u00e9ph\u00e9drine en poudre. L&#8217;\u00e9ph\u00e9drine est une substance contr\u00f4l\u00e9e dans de nombreuses r\u00e9gions\u00a0; assurez-vous de disposer des autorisations n\u00e9cessaires \u00e0 son importation et \u00e0 son utilisation. Manipulez-la toujours avec un \u00e9quipement de protection et respectez les protocoles de s\u00e9curit\u00e9 en laboratoire. Pour en savoir plus sur l&#8217;\u00e9ph\u00e9drine pour la perte de poids ou ses applications th\u00e9rapeutiques, consultez les recommandations de la FDA.<\/p>\n<p>Avertissements\u00a0: Ce produit n&#8217;est pas destin\u00e9 \u00e0 un usage personnel. Un usage abusif peut entra\u00eener des effets secondaires tels qu&#8217;une augmentation du rythme cardiaque. Consultez un professionnel de sant\u00e9 pour toute application m\u00e9dicale.<\/p>\n<p>Pourquoi acheter de l&#8217;\u00e9ph\u00e9drine en poudre chez Everyday Chem Shop\u00a0?<\/p>\n<p>En tant que leader de l&#8217;achat d&#8217;\u00e9ph\u00e9drine en poudre en ligne, nous privil\u00e9gions la qualit\u00e9, la rapidit\u00e9 et la satisfaction client. Rejoignez les milliers de chercheurs satisfaits qui nous font confiance pour leurs besoins en \u00e9ph\u00e9drine de haute puret\u00e9 (99\u00a0%). Notre \u00e9quipe d&#8217;assistance est disponible 24\u00a0h\/24 et 7\u00a0j\/7 pour r\u00e9pondre \u00e0 vos questions concernant la livraison, les certificats de puret\u00e9 ou les commandes personnalis\u00e9es.<\/p>\n<p>Pr\u00eat \u00e0 commander\u00a0? Achetez maintenant\u00a0!<\/p>\n<p>N&#8217;attendez plus\u00a0! Commandez votre \u00e9ph\u00e9drine en poudre d\u00e8s aujourd&#8217;hui et d\u00e9couvrez par vous-m\u00eame sa qualit\u00e9 sup\u00e9rieure. Ajoutez au panier ci-dessous ou contactez-nous par chat en direct pour une assistance personnalis\u00e9e. S\u00e9curisez votre approvisionnement en poudre d&#8217;\u00e9ph\u00e9drine HCL pure en toute confiance\u00a0!<\/p>\n","protected":false},"excerpt":{"rendered":"<p>La poudre d&#8217;\u00e9ph\u00e9drine est un stimulant naturel du syst\u00e8me nerveux central obtenu \u00e0 partir de la plante Ephedra equisetina. Il est d\u00e9sormais \u00e9galement produit par synth\u00e8se chimique, le produit de synth\u00e8se \u00e9tant commercialis\u00e9 sous la forme de son sel.<\/p>\n","protected":false},"featured_media":7774,"comment_status":"open","ping_status":"closed","template":"","meta":{"inline_featured_image":false},"product_brand":[],"product_cat":[264],"product_tag":[331,334,333,336,332,335],"class_list":{"0":"post-7751","1":"product","2":"type-product","3":"status-publish","4":"has-post-thumbnail","6":"product_cat-recherche-chimique","7":"product_tag-acheter-ephedrine-poudre-en-ligne","8":"product_tag-commander-ephedrine-poudre-en-ligne","9":"product_tag-comment-acheter-de-la-poudre-d-ephedrine-en-ligne","10":"product_tag-o-acheter-de-la-poudre-dphdrine-en-ligne","11":"product_tag-ephedrine-poudre-a-vendre","12":"product_tag-purchase-ephedrine-powder-online","14":"first","15":"instock","16":"featured","17":"shipping-taxable","18":"purchasable","19":"product-type-variable","20":"has-default-attributes"},"yoast_head":"<!-- This site is optimized with the Yoast SEO Premium plugin v19.2 (Yoast SEO v27.3) - https:\/\/yoast.com\/product\/yoast-seo-premium-wordpress\/ -->\n<title>Achetez de l&#039;\u00e9ph\u00e9drine en poudre en ligne - Everyday Chem Shop<\/title>\n<meta name=\"description\" content=\"D\u00e9couvrez notre poudre d&#039;\u00e9ph\u00e9drine de qualit\u00e9 sup\u00e9rieure, disponible en ligne chez Everyday Chem Shop. \u00c9ph\u00e9drine HCL pure \u00e0 99 % pour la recherche et l&#039;usage pharmaceutique \u2013 commandez d\u00e8s maintenant\u00a0! Livraison discr\u00e8te et rapide dans le monde entier, paiements s\u00e9curis\u00e9s. Commandez votre poudre d&#039;\u00e9ph\u00e9drine en gros d\u00e8s aujourd&#039;hui\u00a0!\" \/>\n<meta name=\"robots\" content=\"index, follow, max-snippet:-1, max-image-preview:large, max-video-preview:-1\" \/>\n<link rel=\"canonical\" href=\"https:\/\/everydaychemshop.com\/fr\/product\/acheter-ephedrine-poudre-en-ligne\/\" \/>\n<meta property=\"og:locale\" content=\"en_US\" \/>\n<meta property=\"og:type\" content=\"article\" \/>\n<meta property=\"og:title\" content=\"Poudre d&#039;\u00e9ph\u00e9drine\" \/>\n<meta property=\"og:description\" content=\"D\u00e9couvrez notre poudre d&#039;\u00e9ph\u00e9drine de qualit\u00e9 sup\u00e9rieure, disponible en ligne chez Everyday Chem Shop. \u00c9ph\u00e9drine HCL pure \u00e0 99 % pour la recherche et l&#039;usage pharmaceutique \u2013 commandez d\u00e8s maintenant\u00a0! Livraison discr\u00e8te et rapide dans le monde entier, paiements s\u00e9curis\u00e9s. Commandez votre poudre d&#039;\u00e9ph\u00e9drine en gros d\u00e8s aujourd&#039;hui\u00a0!\" \/>\n<meta property=\"og:url\" content=\"https:\/\/everydaychemshop.com\/fr\/product\/acheter-ephedrine-poudre-en-ligne\/\" \/>\n<meta property=\"og:site_name\" content=\"Everyday Chem Shop\" \/>\n<meta property=\"article:modified_time\" content=\"2025-11-26T19:42:52+00:00\" \/>\n<meta property=\"og:image\" content=\"https:\/\/everydaychemshop.com\/fr\/wp-content\/uploads\/sites\/5\/2022\/11\/EPHEDRINE-POWDER.jpg\" \/>\n\t<meta property=\"og:image:width\" content=\"1200\" \/>\n\t<meta property=\"og:image:height\" content=\"1200\" \/>\n\t<meta property=\"og:image:type\" content=\"image\/jpeg\" \/>\n<meta name=\"twitter:card\" content=\"summary_large_image\" \/>\n<meta name=\"twitter:label1\" content=\"Est. reading time\" \/>\n\t<meta name=\"twitter:data1\" content=\"4 minutes\" \/>\n<script type=\"application\/ld+json\" class=\"yoast-schema-graph\">{\"@context\":\"https:\\\/\\\/schema.org\",\"@graph\":[{\"@type\":\"WebPage\",\"@id\":\"https:\\\/\\\/everydaychemshop.com\\\/fr\\\/product\\\/acheter-ephedrine-poudre-en-ligne\\\/\",\"url\":\"https:\\\/\\\/everydaychemshop.com\\\/fr\\\/product\\\/acheter-ephedrine-poudre-en-ligne\\\/\",\"name\":\"Achetez de l'\u00e9ph\u00e9drine en poudre en ligne - Everyday Chem Shop\",\"isPartOf\":{\"@id\":\"https:\\\/\\\/everydaychemshop.com\\\/fr\\\/#website\"},\"primaryImageOfPage\":{\"@id\":\"https:\\\/\\\/everydaychemshop.com\\\/fr\\\/product\\\/acheter-ephedrine-poudre-en-ligne\\\/#primaryimage\"},\"image\":{\"@id\":\"https:\\\/\\\/everydaychemshop.com\\\/fr\\\/product\\\/acheter-ephedrine-poudre-en-ligne\\\/#primaryimage\"},\"thumbnailUrl\":\"https:\\\/\\\/everydaychemshop.com\\\/fr\\\/wp-content\\\/uploads\\\/sites\\\/5\\\/2022\\\/11\\\/EPHEDRINE-POWDER.jpg\",\"datePublished\":\"2022-11-16T09:46:01+00:00\",\"dateModified\":\"2025-11-26T19:42:52+00:00\",\"description\":\"D\u00e9couvrez notre poudre d'\u00e9ph\u00e9drine de qualit\u00e9 sup\u00e9rieure, disponible en ligne chez Everyday Chem Shop. \u00c9ph\u00e9drine HCL pure \u00e0 99 % pour la recherche et l'usage pharmaceutique \u2013 commandez d\u00e8s maintenant\u00a0! Livraison discr\u00e8te et rapide dans le monde entier, paiements s\u00e9curis\u00e9s. Commandez votre poudre d'\u00e9ph\u00e9drine en gros d\u00e8s aujourd'hui\u00a0!\",\"breadcrumb\":{\"@id\":\"https:\\\/\\\/everydaychemshop.com\\\/fr\\\/product\\\/acheter-ephedrine-poudre-en-ligne\\\/#breadcrumb\"},\"inLanguage\":\"en-US\",\"potentialAction\":[{\"@type\":\"ReadAction\",\"target\":[\"https:\\\/\\\/everydaychemshop.com\\\/fr\\\/product\\\/acheter-ephedrine-poudre-en-ligne\\\/\"]}]},{\"@type\":\"ImageObject\",\"inLanguage\":\"en-US\",\"@id\":\"https:\\\/\\\/everydaychemshop.com\\\/fr\\\/product\\\/acheter-ephedrine-poudre-en-ligne\\\/#primaryimage\",\"url\":\"https:\\\/\\\/everydaychemshop.com\\\/fr\\\/wp-content\\\/uploads\\\/sites\\\/5\\\/2022\\\/11\\\/EPHEDRINE-POWDER.jpg\",\"contentUrl\":\"https:\\\/\\\/everydaychemshop.com\\\/fr\\\/wp-content\\\/uploads\\\/sites\\\/5\\\/2022\\\/11\\\/EPHEDRINE-POWDER.jpg\",\"width\":1200,\"height\":1200,\"caption\":\"Achetez de l'\u00e9ph\u00e9drine en poudre en ligne\"},{\"@type\":\"BreadcrumbList\",\"@id\":\"https:\\\/\\\/everydaychemshop.com\\\/fr\\\/product\\\/acheter-ephedrine-poudre-en-ligne\\\/#breadcrumb\",\"itemListElement\":[{\"@type\":\"ListItem\",\"position\":1,\"name\":\"Home\",\"item\":\"https:\\\/\\\/everydaychemshop.com\\\/fr\\\/\"},{\"@type\":\"ListItem\",\"position\":2,\"name\":\"Des produits\",\"item\":\"https:\\\/\\\/everydaychemshop.com\\\/fr\\\/des-produits\\\/\"},{\"@type\":\"ListItem\",\"position\":3,\"name\":\"Poudre d&#8217;\u00e9ph\u00e9drine\"}]},{\"@type\":\"WebSite\",\"@id\":\"https:\\\/\\\/everydaychemshop.com\\\/fr\\\/#website\",\"url\":\"https:\\\/\\\/everydaychemshop.com\\\/fr\\\/\",\"name\":\"Everyday Chem Shop\",\"description\":\"\",\"potentialAction\":[{\"@type\":\"SearchAction\",\"target\":{\"@type\":\"EntryPoint\",\"urlTemplate\":\"https:\\\/\\\/everydaychemshop.com\\\/fr\\\/?s={search_term_string}\"},\"query-input\":{\"@type\":\"PropertyValueSpecification\",\"valueRequired\":true,\"valueName\":\"search_term_string\"}}],\"inLanguage\":\"en-US\"}]}<\/script>\n<!-- \/ Yoast SEO Premium plugin. -->","yoast_head_json":{"title":"Achetez de l'\u00e9ph\u00e9drine en poudre en ligne - Everyday Chem Shop","description":"D\u00e9couvrez notre poudre d'\u00e9ph\u00e9drine de qualit\u00e9 sup\u00e9rieure, disponible en ligne chez Everyday Chem Shop. \u00c9ph\u00e9drine HCL pure \u00e0 99 % pour la recherche et l'usage pharmaceutique \u2013 commandez d\u00e8s maintenant\u00a0! Livraison discr\u00e8te et rapide dans le monde entier, paiements s\u00e9curis\u00e9s. Commandez votre poudre d'\u00e9ph\u00e9drine en gros d\u00e8s aujourd'hui\u00a0!","robots":{"index":"index","follow":"follow","max-snippet":"max-snippet:-1","max-image-preview":"max-image-preview:large","max-video-preview":"max-video-preview:-1"},"canonical":"https:\/\/everydaychemshop.com\/fr\/product\/acheter-ephedrine-poudre-en-ligne\/","og_locale":"en_US","og_type":"article","og_title":"Poudre d'\u00e9ph\u00e9drine","og_description":"D\u00e9couvrez notre poudre d'\u00e9ph\u00e9drine de qualit\u00e9 sup\u00e9rieure, disponible en ligne chez Everyday Chem Shop. \u00c9ph\u00e9drine HCL pure \u00e0 99 % pour la recherche et l'usage pharmaceutique \u2013 commandez d\u00e8s maintenant\u00a0! Livraison discr\u00e8te et rapide dans le monde entier, paiements s\u00e9curis\u00e9s. Commandez votre poudre d'\u00e9ph\u00e9drine en gros d\u00e8s aujourd'hui\u00a0!","og_url":"https:\/\/everydaychemshop.com\/fr\/product\/acheter-ephedrine-poudre-en-ligne\/","og_site_name":"Everyday Chem Shop","article_modified_time":"2025-11-26T19:42:52+00:00","og_image":[{"width":1200,"height":1200,"url":"https:\/\/everydaychemshop.com\/fr\/wp-content\/uploads\/sites\/5\/2022\/11\/EPHEDRINE-POWDER.jpg","type":"image\/jpeg"}],"twitter_card":"summary_large_image","twitter_misc":{"Est. reading time":"4 minutes"},"schema":{"@context":"https:\/\/schema.org","@graph":[{"@type":"WebPage","@id":"https:\/\/everydaychemshop.com\/fr\/product\/acheter-ephedrine-poudre-en-ligne\/","url":"https:\/\/everydaychemshop.com\/fr\/product\/acheter-ephedrine-poudre-en-ligne\/","name":"Achetez de l'\u00e9ph\u00e9drine en poudre en ligne - Everyday Chem Shop","isPartOf":{"@id":"https:\/\/everydaychemshop.com\/fr\/#website"},"primaryImageOfPage":{"@id":"https:\/\/everydaychemshop.com\/fr\/product\/acheter-ephedrine-poudre-en-ligne\/#primaryimage"},"image":{"@id":"https:\/\/everydaychemshop.com\/fr\/product\/acheter-ephedrine-poudre-en-ligne\/#primaryimage"},"thumbnailUrl":"https:\/\/everydaychemshop.com\/fr\/wp-content\/uploads\/sites\/5\/2022\/11\/EPHEDRINE-POWDER.jpg","datePublished":"2022-11-16T09:46:01+00:00","dateModified":"2025-11-26T19:42:52+00:00","description":"D\u00e9couvrez notre poudre d'\u00e9ph\u00e9drine de qualit\u00e9 sup\u00e9rieure, disponible en ligne chez Everyday Chem Shop. \u00c9ph\u00e9drine HCL pure \u00e0 99 % pour la recherche et l'usage pharmaceutique \u2013 commandez d\u00e8s maintenant\u00a0! Livraison discr\u00e8te et rapide dans le monde entier, paiements s\u00e9curis\u00e9s. Commandez votre poudre d'\u00e9ph\u00e9drine en gros d\u00e8s aujourd'hui\u00a0!","breadcrumb":{"@id":"https:\/\/everydaychemshop.com\/fr\/product\/acheter-ephedrine-poudre-en-ligne\/#breadcrumb"},"inLanguage":"en-US","potentialAction":[{"@type":"ReadAction","target":["https:\/\/everydaychemshop.com\/fr\/product\/acheter-ephedrine-poudre-en-ligne\/"]}]},{"@type":"ImageObject","inLanguage":"en-US","@id":"https:\/\/everydaychemshop.com\/fr\/product\/acheter-ephedrine-poudre-en-ligne\/#primaryimage","url":"https:\/\/everydaychemshop.com\/fr\/wp-content\/uploads\/sites\/5\/2022\/11\/EPHEDRINE-POWDER.jpg","contentUrl":"https:\/\/everydaychemshop.com\/fr\/wp-content\/uploads\/sites\/5\/2022\/11\/EPHEDRINE-POWDER.jpg","width":1200,"height":1200,"caption":"Achetez de l'\u00e9ph\u00e9drine en poudre en ligne"},{"@type":"BreadcrumbList","@id":"https:\/\/everydaychemshop.com\/fr\/product\/acheter-ephedrine-poudre-en-ligne\/#breadcrumb","itemListElement":[{"@type":"ListItem","position":1,"name":"Home","item":"https:\/\/everydaychemshop.com\/fr\/"},{"@type":"ListItem","position":2,"name":"Des produits","item":"https:\/\/everydaychemshop.com\/fr\/des-produits\/"},{"@type":"ListItem","position":3,"name":"Poudre d&#8217;\u00e9ph\u00e9drine"}]},{"@type":"WebSite","@id":"https:\/\/everydaychemshop.com\/fr\/#website","url":"https:\/\/everydaychemshop.com\/fr\/","name":"Everyday Chem Shop","description":"","potentialAction":[{"@type":"SearchAction","target":{"@type":"EntryPoint","urlTemplate":"https:\/\/everydaychemshop.com\/fr\/?s={search_term_string}"},"query-input":{"@type":"PropertyValueSpecification","valueRequired":true,"valueName":"search_term_string"}}],"inLanguage":"en-US"}]}},"_links":{"self":[{"href":"https:\/\/everydaychemshop.com\/fr\/wp-json\/wp\/v2\/product\/7751","targetHints":{"allow":["GET"]}}],"collection":[{"href":"https:\/\/everydaychemshop.com\/fr\/wp-json\/wp\/v2\/product"}],"about":[{"href":"https:\/\/everydaychemshop.com\/fr\/wp-json\/wp\/v2\/types\/product"}],"replies":[{"embeddable":true,"href":"https:\/\/everydaychemshop.com\/fr\/wp-json\/wp\/v2\/comments?post=7751"}],"wp:featuredmedia":[{"embeddable":true,"href":"https:\/\/everydaychemshop.com\/fr\/wp-json\/wp\/v2\/media\/7774"}],"wp:attachment":[{"href":"https:\/\/everydaychemshop.com\/fr\/wp-json\/wp\/v2\/media?parent=7751"}],"wp:term":[{"taxonomy":"product_brand","embeddable":true,"href":"https:\/\/everydaychemshop.com\/fr\/wp-json\/wp\/v2\/product_brand?post=7751"},{"taxonomy":"product_cat","embeddable":true,"href":"https:\/\/everydaychemshop.com\/fr\/wp-json\/wp\/v2\/product_cat?post=7751"},{"taxonomy":"product_tag","embeddable":true,"href":"https:\/\/everydaychemshop.com\/fr\/wp-json\/wp\/v2\/product_tag?post=7751"}],"curies":[{"name":"wp","href":"https:\/\/api.w.org\/{rel}","templated":true}]}}