{"id":7754,"date":"2022-11-16T09:46:02","date_gmt":"2022-11-16T09:46:02","guid":{"rendered":"https:\/\/everydaychemshop.com\/fr\/?post_type=product&#038;p=7754"},"modified":"2025-11-26T19:44:18","modified_gmt":"2025-11-26T19:44:18","slug":"acheter-jwh-018-en-ligne","status":"publish","type":"product","link":"https:\/\/everydaychemshop.com\/fr\/product\/acheter-jwh-018-en-ligne\/","title":{"rendered":"JWH-018"},"content":{"rendered":"<h1>JWH-018 en poudre de qualit\u00e9 sup\u00e9rieure pour la recherche \u2013 Achetez-le en ligne.<\/h1>\n<p><a href=\"https:\/\/everydaychemshop.com\/fr\/product\/acheter-jwh-018-en-ligne\/\">JWH-018 en poudre de qualit\u00e9 sup\u00e9rieure pour la recherche<\/a>. Vous cherchez \u00e0 acheter du JWH-018 en ligne pour des applications scientifiques ou de laboratoire l\u00e9gitimes ? Chez Everyday Chem Shop, nous proposons du JWH-018 en poudre de qualit\u00e9 sup\u00e9rieure, un puissant cannabino\u00efde synth\u00e9tique reconnu dans le milieu de la recherche pour son interaction avec les r\u00e9cepteurs CB1 et CB2. En tant que fournisseur de JWH-018 de confiance, nous privil\u00e9gions la puret\u00e9, la discr\u00e9tion et la fiabilit\u00e9 afin de r\u00e9pondre aux besoins des chercheurs du monde entier.<\/p>\n<p>Qu&#8217;est-ce que le JWH-018\u00a0? Caract\u00e9ristiques et sp\u00e9cifications principales<\/p>\n<p>Le JWH-018, \u00e9galement connu sous le nom de 1-pentyl-3-(1-naphtoyl)indole, est un cannabino\u00efde synth\u00e9tique classique synth\u00e9tis\u00e9 pour la premi\u00e8re fois par le Dr John W. Huffman au d\u00e9but des ann\u00e9es 1990. Ce compos\u00e9 est largement \u00e9tudi\u00e9 pour ses propri\u00e9t\u00e9s pharmacologiques en tant qu&#8217;agoniste partiel des r\u00e9cepteurs cannabino\u00efdes, ce qui en fait un produit de r\u00e9f\u00e9rence pour la recherche en neurochimie et en liaison aux r\u00e9cepteurs.<\/p>\n<p>Points forts du produit\u00a0:<\/p>\n<p>Puret\u00e9\u00a0: 99\u00a0% et plus. Test\u00e9 par HPLC pour une pr\u00e9cision maximale lors des exp\u00e9riences.<\/p>\n<p>Formule\u00a0: Poudre cristalline blanche fine, facile \u00e0 manipuler en laboratoire.<\/p>\n<p>Num\u00e9ro CAS\u00a0: 209220-51-1 \u2013 Garantit l&#8217;authenticit\u00e9 du produit pour la documentation.<\/p>\n<p>Formule mol\u00e9culaire\u00a0: C24H23NO \u2013 Id\u00e9al pour un dosage pr\u00e9cis dans les \u00e9tudes.<\/p>\n<p>Que vous recherchiez des cannabino\u00efdes de synth\u00e8se en ligne ou une alternative aux analogues naturels du THC, notre JWH-018, disponible \u00e0 la vente, vous garantit des r\u00e9sultats constants et une puret\u00e9 optimale.<\/p>\n<p>Pourquoi choisir Everyday Chem Shop pour l&#8217;achat de JWH-018\u00a0?<\/p>\n<p>Dans le secteur concurrentiel des produits chimiques de recherche de la s\u00e9rie JWH, la qualit\u00e9 est primordiale. Voici pourquoi les chercheurs nous font confiance\u00a0:<\/p>\n<p>Qualit\u00e9 v\u00e9rifi\u00e9e en laboratoire\u00a0: Chaque lot est soumis \u00e0 des tests rigoureux effectu\u00e9s par un organisme tiers afin de garantir l\u2019absence de contaminants.<\/p>\n<p>Prix comp\u00e9titifs\u00a0: Remises sur les commandes en gros de JWH-018.<\/p>\n<p>Emballage discret et s\u00e9curis\u00e9\u00a0: Sachets sous vide et inodores dans des bo\u00eetes neutres pour pr\u00e9server votre confidentialit\u00e9.<\/p>\n<p>Livraison rapide\u00a0: Commandez votre produit chimique de recherche JWH-018 d\u00e8s aujourd\u2019hui pour un traitement le jour m\u00eame et une livraison en 3\u00a0jours aux \u00c9tats-Unis et \u00e0 l\u2019international (avec suivi).<\/p>\n<p>Nous respectons toutes les r\u00e9glementations en vigueur pour la commande de JWH-018 en ligne aux \u00c9tats-Unis, garantissant ainsi que votre achat est destin\u00e9 exclusivement \u00e0 la recherche autoris\u00e9e. Ne pas consommer \u2013 veuillez toujours consulter les directives institutionnelles.<\/p>\n<p>Applications du JWH-018 en recherche<\/p>\n<p>La poudre de JWH-018 a jou\u00e9 un r\u00f4le d\u00e9terminant dans l\u2019avancement de la science des cannabino\u00efdes\u00a0:<\/p>\n<p>\u00c9tudes pharmacologiques\u00a0: Examen de l\u2019affinit\u00e9 de liaison et des voies de signalisation en aval.<\/p>\n<p>Analyse m\u00e9dico-l\u00e9gale\u00a0: En tant que norme de r\u00e9f\u00e9rence pour la d\u00e9tection des cannabino\u00efdes synth\u00e9tiques dans les \u00e9chantillons. Recherche neurocomportementale\u00a0: Exploration des effets sur l\u2019humeur, la cognition et la perception de la douleur dans des mod\u00e8les contr\u00f4l\u00e9s.<\/p>\n<p>Compar\u00e9 \u00e0 des compos\u00e9s apparent\u00e9s comme l\u2019AM-2201, le JWH-018 offre un profil de puissance \u00e9quilibr\u00e9, ce qui en fait un produit de choix pour la synth\u00e8se de cannabino\u00efdes de synth\u00e8se (K2 spice) dans les laboratoires d\u2019analyse. Associez-le \u00e0 nos autres produits, tels que le JWH-073 ou l\u2019UR-144, pour des \u00e9tudes compl\u00e8tes.<\/p>\n<p>Pr\u00eat \u00e0 commander\u00a0? \u00c9tapes simples pour acheter du JWH-018\u00a0:<\/p>\n<p>S\u00e9lectionnez la quantit\u00e9 souhait\u00e9e dans le menu d\u00e9roulant.<\/p>\n<p>Ajoutez au panier et payez en toute s\u00e9curit\u00e9 par cryptomonnaie, carte bancaire ou virement bancaire.<\/p>\n<p>Vous recevrez une confirmation et un num\u00e9ro de suivi en quelques heures.<\/p>\n<p>Alerte stock limit\u00e9\u00a0: Forte demande pour le JWH-018 de haute puret\u00e9 \u2013 commandez d\u00e8s maintenant pour garantir votre approvisionnement\u00a0!<\/p>\n<p>Pour toute question concernant l\u2019achat de JWH-018 (produit chimique de recherche) ou les tarifs de gros, contactez notre \u00e9quipe d\u2019assistance \u00e0 l\u2019adresse support@everydaychemshop.com. D\u00e9couvrez notre gamme compl\u00e8te de cannabino\u00efdes de synth\u00e8se et optimisez vos recherches d\u00e8s aujourd\u2019hui.<\/p>\n<p>Avertissement\u00a0: Ces produits sont strictement r\u00e9serv\u00e9s \u00e0 un usage en laboratoire. Ils ne sont pas destin\u00e9s \u00e0 des fins diagnostiques, th\u00e9rapeutiques ou r\u00e9cr\u00e9atives. L\u2019acheteur est enti\u00e8rement responsable du respect des lois locales.<\/p>\n","protected":false},"excerpt":{"rendered":"<p>Achetez\u00a0<a href=\"https:\/\/en.wikipedia.org\/wiki\/JWH-018\">JWH-018\u00a0<\/a>en ligne. Le JWH-018 est un cannabino\u00efde manufactur\u00e9 que l&#8217;on trouve sous diff\u00e9rentes formes du m\u00e9lange local &#8220;Zest&#8221;. L&#8217;utilisation ill\u00e9gale de ce cannabino\u00efde Spice est centr\u00e9e sur ses effets psychoactifs, qui imitent ceux du \u03949-THC dans le cannabis.<\/p>\n","protected":false},"featured_media":7789,"comment_status":"open","ping_status":"closed","template":"","meta":{"inline_featured_image":false},"product_brand":[],"product_cat":[264],"product_tag":[337,338,343,344,339,340,341,342],"class_list":{"0":"post-7754","1":"product","2":"type-product","3":"status-publish","4":"has-post-thumbnail","6":"product_cat-recherche-chimique","7":"product_tag-99-purity-jwh-018-en-ligne","8":"product_tag-acheter-jwh-018-en-ligne","9":"product_tag-commande-jwh-018","10":"product_tag-commander-jwh-018-en-ligne","11":"product_tag-comment-obtenir-jwh-018","12":"product_tag-jwh-018","13":"product_tag-jwh-018--vendre","14":"product_tag-jwh-018-street-value","16":"first","17":"instock","18":"shipping-taxable","19":"purchasable","20":"product-type-variable","21":"has-default-attributes"},"yoast_head":"<!-- This site is optimized with the Yoast SEO Premium plugin v19.2 (Yoast SEO v27.3) - https:\/\/yoast.com\/product\/yoast-seo-premium-wordpress\/ -->\n<title>JWH-018 en poudre de qualit\u00e9 sup\u00e9rieure pour la recherche - Everyday Chem Shop<\/title>\n<meta name=\"description\" content=\"Achetez en ligne de la poudre de JWH-018 de haute puret\u00e9 chez Everyday Chem Shop \u2013 un cannabino\u00efde synth\u00e9tique de qualit\u00e9 sup\u00e9rieure pour la recherche. Livraison discr\u00e8te, qualit\u00e9 test\u00e9e en laboratoire et livraison rapide aux \u00c9tats-Unis. Commandez du JWH-018 d\u00e8s maintenant \u00e0 prix comp\u00e9titifs\u00a0!\" \/>\n<meta name=\"robots\" content=\"index, follow, max-snippet:-1, max-image-preview:large, max-video-preview:-1\" \/>\n<link rel=\"canonical\" href=\"https:\/\/everydaychemshop.com\/fr\/product\/acheter-jwh-018-en-ligne\/\" \/>\n<meta property=\"og:locale\" content=\"en_US\" \/>\n<meta property=\"og:type\" content=\"article\" \/>\n<meta property=\"og:title\" content=\"JWH-018\" \/>\n<meta property=\"og:description\" content=\"Achetez en ligne de la poudre de JWH-018 de haute puret\u00e9 chez Everyday Chem Shop \u2013 un cannabino\u00efde synth\u00e9tique de qualit\u00e9 sup\u00e9rieure pour la recherche. Livraison discr\u00e8te, qualit\u00e9 test\u00e9e en laboratoire et livraison rapide aux \u00c9tats-Unis. Commandez du JWH-018 d\u00e8s maintenant \u00e0 prix comp\u00e9titifs\u00a0!\" \/>\n<meta property=\"og:url\" content=\"https:\/\/everydaychemshop.com\/fr\/product\/acheter-jwh-018-en-ligne\/\" \/>\n<meta property=\"og:site_name\" content=\"Everyday Chem Shop\" \/>\n<meta property=\"article:modified_time\" content=\"2025-11-26T19:44:18+00:00\" \/>\n<meta property=\"og:image\" content=\"https:\/\/everydaychemshop.com\/fr\/wp-content\/uploads\/sites\/5\/2022\/11\/Jwh018.jpg\" \/>\n\t<meta property=\"og:image:width\" content=\"1200\" \/>\n\t<meta property=\"og:image:height\" content=\"1200\" \/>\n\t<meta property=\"og:image:type\" content=\"image\/jpeg\" \/>\n<meta name=\"twitter:card\" content=\"summary_large_image\" \/>\n<meta name=\"twitter:label1\" content=\"Est. reading time\" \/>\n\t<meta name=\"twitter:data1\" content=\"4 minutes\" \/>\n<script type=\"application\/ld+json\" class=\"yoast-schema-graph\">{\"@context\":\"https:\\\/\\\/schema.org\",\"@graph\":[{\"@type\":\"WebPage\",\"@id\":\"https:\\\/\\\/everydaychemshop.com\\\/fr\\\/product\\\/acheter-jwh-018-en-ligne\\\/\",\"url\":\"https:\\\/\\\/everydaychemshop.com\\\/fr\\\/product\\\/acheter-jwh-018-en-ligne\\\/\",\"name\":\"JWH-018 en poudre de qualit\u00e9 sup\u00e9rieure pour la recherche - Everyday Chem Shop\",\"isPartOf\":{\"@id\":\"https:\\\/\\\/everydaychemshop.com\\\/fr\\\/#website\"},\"primaryImageOfPage\":{\"@id\":\"https:\\\/\\\/everydaychemshop.com\\\/fr\\\/product\\\/acheter-jwh-018-en-ligne\\\/#primaryimage\"},\"image\":{\"@id\":\"https:\\\/\\\/everydaychemshop.com\\\/fr\\\/product\\\/acheter-jwh-018-en-ligne\\\/#primaryimage\"},\"thumbnailUrl\":\"https:\\\/\\\/everydaychemshop.com\\\/fr\\\/wp-content\\\/uploads\\\/sites\\\/5\\\/2022\\\/11\\\/Jwh018.jpg\",\"datePublished\":\"2022-11-16T09:46:02+00:00\",\"dateModified\":\"2025-11-26T19:44:18+00:00\",\"description\":\"Achetez en ligne de la poudre de JWH-018 de haute puret\u00e9 chez Everyday Chem Shop \u2013 un cannabino\u00efde synth\u00e9tique de qualit\u00e9 sup\u00e9rieure pour la recherche. Livraison discr\u00e8te, qualit\u00e9 test\u00e9e en laboratoire et livraison rapide aux \u00c9tats-Unis. Commandez du JWH-018 d\u00e8s maintenant \u00e0 prix comp\u00e9titifs\u00a0!\",\"breadcrumb\":{\"@id\":\"https:\\\/\\\/everydaychemshop.com\\\/fr\\\/product\\\/acheter-jwh-018-en-ligne\\\/#breadcrumb\"},\"inLanguage\":\"en-US\",\"potentialAction\":[{\"@type\":\"ReadAction\",\"target\":[\"https:\\\/\\\/everydaychemshop.com\\\/fr\\\/product\\\/acheter-jwh-018-en-ligne\\\/\"]}]},{\"@type\":\"ImageObject\",\"inLanguage\":\"en-US\",\"@id\":\"https:\\\/\\\/everydaychemshop.com\\\/fr\\\/product\\\/acheter-jwh-018-en-ligne\\\/#primaryimage\",\"url\":\"https:\\\/\\\/everydaychemshop.com\\\/fr\\\/wp-content\\\/uploads\\\/sites\\\/5\\\/2022\\\/11\\\/Jwh018.jpg\",\"contentUrl\":\"https:\\\/\\\/everydaychemshop.com\\\/fr\\\/wp-content\\\/uploads\\\/sites\\\/5\\\/2022\\\/11\\\/Jwh018.jpg\",\"width\":1200,\"height\":1200,\"caption\":\"JWH-018 en poudre de qualit\u00e9 sup\u00e9rieure pour la recherche\"},{\"@type\":\"BreadcrumbList\",\"@id\":\"https:\\\/\\\/everydaychemshop.com\\\/fr\\\/product\\\/acheter-jwh-018-en-ligne\\\/#breadcrumb\",\"itemListElement\":[{\"@type\":\"ListItem\",\"position\":1,\"name\":\"Home\",\"item\":\"https:\\\/\\\/everydaychemshop.com\\\/fr\\\/\"},{\"@type\":\"ListItem\",\"position\":2,\"name\":\"Des produits\",\"item\":\"https:\\\/\\\/everydaychemshop.com\\\/fr\\\/des-produits\\\/\"},{\"@type\":\"ListItem\",\"position\":3,\"name\":\"JWH-018\"}]},{\"@type\":\"WebSite\",\"@id\":\"https:\\\/\\\/everydaychemshop.com\\\/fr\\\/#website\",\"url\":\"https:\\\/\\\/everydaychemshop.com\\\/fr\\\/\",\"name\":\"Everyday Chem Shop\",\"description\":\"\",\"potentialAction\":[{\"@type\":\"SearchAction\",\"target\":{\"@type\":\"EntryPoint\",\"urlTemplate\":\"https:\\\/\\\/everydaychemshop.com\\\/fr\\\/?s={search_term_string}\"},\"query-input\":{\"@type\":\"PropertyValueSpecification\",\"valueRequired\":true,\"valueName\":\"search_term_string\"}}],\"inLanguage\":\"en-US\"}]}<\/script>\n<!-- \/ Yoast SEO Premium plugin. -->","yoast_head_json":{"title":"JWH-018 en poudre de qualit\u00e9 sup\u00e9rieure pour la recherche - Everyday Chem Shop","description":"Achetez en ligne de la poudre de JWH-018 de haute puret\u00e9 chez Everyday Chem Shop \u2013 un cannabino\u00efde synth\u00e9tique de qualit\u00e9 sup\u00e9rieure pour la recherche. Livraison discr\u00e8te, qualit\u00e9 test\u00e9e en laboratoire et livraison rapide aux \u00c9tats-Unis. Commandez du JWH-018 d\u00e8s maintenant \u00e0 prix comp\u00e9titifs\u00a0!","robots":{"index":"index","follow":"follow","max-snippet":"max-snippet:-1","max-image-preview":"max-image-preview:large","max-video-preview":"max-video-preview:-1"},"canonical":"https:\/\/everydaychemshop.com\/fr\/product\/acheter-jwh-018-en-ligne\/","og_locale":"en_US","og_type":"article","og_title":"JWH-018","og_description":"Achetez en ligne de la poudre de JWH-018 de haute puret\u00e9 chez Everyday Chem Shop \u2013 un cannabino\u00efde synth\u00e9tique de qualit\u00e9 sup\u00e9rieure pour la recherche. Livraison discr\u00e8te, qualit\u00e9 test\u00e9e en laboratoire et livraison rapide aux \u00c9tats-Unis. Commandez du JWH-018 d\u00e8s maintenant \u00e0 prix comp\u00e9titifs\u00a0!","og_url":"https:\/\/everydaychemshop.com\/fr\/product\/acheter-jwh-018-en-ligne\/","og_site_name":"Everyday Chem Shop","article_modified_time":"2025-11-26T19:44:18+00:00","og_image":[{"width":1200,"height":1200,"url":"https:\/\/everydaychemshop.com\/fr\/wp-content\/uploads\/sites\/5\/2022\/11\/Jwh018.jpg","type":"image\/jpeg"}],"twitter_card":"summary_large_image","twitter_misc":{"Est. reading time":"4 minutes"},"schema":{"@context":"https:\/\/schema.org","@graph":[{"@type":"WebPage","@id":"https:\/\/everydaychemshop.com\/fr\/product\/acheter-jwh-018-en-ligne\/","url":"https:\/\/everydaychemshop.com\/fr\/product\/acheter-jwh-018-en-ligne\/","name":"JWH-018 en poudre de qualit\u00e9 sup\u00e9rieure pour la recherche - Everyday Chem Shop","isPartOf":{"@id":"https:\/\/everydaychemshop.com\/fr\/#website"},"primaryImageOfPage":{"@id":"https:\/\/everydaychemshop.com\/fr\/product\/acheter-jwh-018-en-ligne\/#primaryimage"},"image":{"@id":"https:\/\/everydaychemshop.com\/fr\/product\/acheter-jwh-018-en-ligne\/#primaryimage"},"thumbnailUrl":"https:\/\/everydaychemshop.com\/fr\/wp-content\/uploads\/sites\/5\/2022\/11\/Jwh018.jpg","datePublished":"2022-11-16T09:46:02+00:00","dateModified":"2025-11-26T19:44:18+00:00","description":"Achetez en ligne de la poudre de JWH-018 de haute puret\u00e9 chez Everyday Chem Shop \u2013 un cannabino\u00efde synth\u00e9tique de qualit\u00e9 sup\u00e9rieure pour la recherche. Livraison discr\u00e8te, qualit\u00e9 test\u00e9e en laboratoire et livraison rapide aux \u00c9tats-Unis. Commandez du JWH-018 d\u00e8s maintenant \u00e0 prix comp\u00e9titifs\u00a0!","breadcrumb":{"@id":"https:\/\/everydaychemshop.com\/fr\/product\/acheter-jwh-018-en-ligne\/#breadcrumb"},"inLanguage":"en-US","potentialAction":[{"@type":"ReadAction","target":["https:\/\/everydaychemshop.com\/fr\/product\/acheter-jwh-018-en-ligne\/"]}]},{"@type":"ImageObject","inLanguage":"en-US","@id":"https:\/\/everydaychemshop.com\/fr\/product\/acheter-jwh-018-en-ligne\/#primaryimage","url":"https:\/\/everydaychemshop.com\/fr\/wp-content\/uploads\/sites\/5\/2022\/11\/Jwh018.jpg","contentUrl":"https:\/\/everydaychemshop.com\/fr\/wp-content\/uploads\/sites\/5\/2022\/11\/Jwh018.jpg","width":1200,"height":1200,"caption":"JWH-018 en poudre de qualit\u00e9 sup\u00e9rieure pour la recherche"},{"@type":"BreadcrumbList","@id":"https:\/\/everydaychemshop.com\/fr\/product\/acheter-jwh-018-en-ligne\/#breadcrumb","itemListElement":[{"@type":"ListItem","position":1,"name":"Home","item":"https:\/\/everydaychemshop.com\/fr\/"},{"@type":"ListItem","position":2,"name":"Des produits","item":"https:\/\/everydaychemshop.com\/fr\/des-produits\/"},{"@type":"ListItem","position":3,"name":"JWH-018"}]},{"@type":"WebSite","@id":"https:\/\/everydaychemshop.com\/fr\/#website","url":"https:\/\/everydaychemshop.com\/fr\/","name":"Everyday Chem Shop","description":"","potentialAction":[{"@type":"SearchAction","target":{"@type":"EntryPoint","urlTemplate":"https:\/\/everydaychemshop.com\/fr\/?s={search_term_string}"},"query-input":{"@type":"PropertyValueSpecification","valueRequired":true,"valueName":"search_term_string"}}],"inLanguage":"en-US"}]}},"_links":{"self":[{"href":"https:\/\/everydaychemshop.com\/fr\/wp-json\/wp\/v2\/product\/7754","targetHints":{"allow":["GET"]}}],"collection":[{"href":"https:\/\/everydaychemshop.com\/fr\/wp-json\/wp\/v2\/product"}],"about":[{"href":"https:\/\/everydaychemshop.com\/fr\/wp-json\/wp\/v2\/types\/product"}],"replies":[{"embeddable":true,"href":"https:\/\/everydaychemshop.com\/fr\/wp-json\/wp\/v2\/comments?post=7754"}],"wp:featuredmedia":[{"embeddable":true,"href":"https:\/\/everydaychemshop.com\/fr\/wp-json\/wp\/v2\/media\/7789"}],"wp:attachment":[{"href":"https:\/\/everydaychemshop.com\/fr\/wp-json\/wp\/v2\/media?parent=7754"}],"wp:term":[{"taxonomy":"product_brand","embeddable":true,"href":"https:\/\/everydaychemshop.com\/fr\/wp-json\/wp\/v2\/product_brand?post=7754"},{"taxonomy":"product_cat","embeddable":true,"href":"https:\/\/everydaychemshop.com\/fr\/wp-json\/wp\/v2\/product_cat?post=7754"},{"taxonomy":"product_tag","embeddable":true,"href":"https:\/\/everydaychemshop.com\/fr\/wp-json\/wp\/v2\/product_tag?post=7754"}],"curies":[{"name":"wp","href":"https:\/\/api.w.org\/{rel}","templated":true}]}}