{"id":7762,"date":"2022-11-16T09:46:33","date_gmt":"2022-11-16T09:46:33","guid":{"rendered":"https:\/\/everydaychemshop.com\/fr\/?post_type=product&#038;p=7762"},"modified":"2023-04-07T12:05:26","modified_gmt":"2023-04-07T12:05:26","slug":"acheter-jwh-250-en-ligne","status":"publish","type":"product","link":"https:\/\/everydaychemshop.com\/fr\/product\/acheter-jwh-250-en-ligne\/","title":{"rendered":"JWH-250"},"content":{"rendered":"<h1>Acheter de la poudre JWH-250 en ligne<\/h1>\n<p><a href=\"https:\/\/everydaychemshop.com\/fr\/product\/acheter-jwh-250-en-ligne\/\">Acheter de la poudre JWH-250 en ligne<\/a>. Le JWH-250 est un agoniste des r\u00e9cepteurs cannabino\u00efdes fabriqu\u00e9 qui a \u00e9t\u00e9 identifi\u00e9 dans des articles depuis la derni\u00e8re partie des ann\u00e9es 2000. Il a \u00e9t\u00e9 cr\u00e9\u00e9 par le Dr John W. Huffman et un rapport \u00e0 ce sujet a \u00e9t\u00e9 distribu\u00e9 en 2005 par Huffman et al Achat JWH-250 sur le Web.<\/p>\n<p>Le m\u00e9dicament est un ph\u00e9nylac\u00e9tylindole et il se comporte comme un agoniste aux r\u00e9cepteurs CB1 et CB2. Il a une partialit\u00e9 d&#8217;environ 11\u00a0nM \u00e0 CB1 et d&#8217;environ 33\u00a0nM \u00e0 CB2.<\/p>\n<p>Quelques ann\u00e9es apr\u00e8s sa premi\u00e8re r\u00e9f\u00e9rence dans le <a href=\"https:\/\/en.wikipedia.org\/ wiki\/JWH-250\">\u00e9criture<\/a>, JWH-250 est arriv\u00e9 sur le march\u00e9, avec l&#8217;identification primaire provenant de la police allemande en mai 2009. Ils ont d\u00e9couvert le m\u00e9dicament dans un m\u00e9lange naturel pour fumer. Achetez JWH-250 sur Internet<\/p>\n<p>Il a \u00e9galement \u00e9t\u00e9 reconnu dans les poudres et combinaisons vendues sur Internet aux analystes au Japon. Ces exemples contenaient 77 \u00e0 165 mg pour chaque article.<\/p>\n<p>En raison de la mani\u00e8re dont il a \u00e9t\u00e9 vendu, il est presque certain que des personnes <a href=\"https:\/\/en.wikipedia.org\/wiki\/JWH-250\">sont<\/a> entr\u00e9es en contact avec JWH-250 sans le reconna\u00eetre.<\/p>\n<p>Masse molaire\u00a0: 335,439 g\/mol<\/p>\n<p>Identifiant ChEMBL\u00a0: 188031<\/p>\n<p>Identifiant ChemSpider\u00a0: 23256117<\/p>\n<p>Identifiant PubChem\u00a0: 44397540<\/p>\n<p>Recette\u00a0: C22H25NO2<\/p>\n<p><strong>Savez-vous o\u00f9 acheter JWH-250\u00a0?<\/strong><\/p>\n<p>JWH-250 \u00e0 vendre, valeur de rue JWH-250, dosage JWH-250, comment pour fabriquer JWH-250, o\u00f9 puis-je JWH-250 en ligne, o\u00f9 obtenir JWH-250, qu&#8217;est-ce que JWH-250, JWH-250 de qualit\u00e9 sup\u00e9rieure \u00e0 vendre. Toutes ces questions sans r\u00e9ponse peuvent trouver leurs r\u00e9ponses gr\u00e2ce \u00e0 nous. Il vous suffit de parcourir notre site Web et vous obtiendrez les r\u00e9ponses sur comment et o\u00f9 vous pouvez acheter du JWH-250 en ligne.<\/p>\n<p>Qu&#8217;en est-il du JWH-250 ? Savez-vous \u00e9galement o\u00f9 trouver du JWH-250 en vente en ligne ? acheter du JWH-250 \u00e0 vendre, comment fabriquer du JWH-250, \u00e0 quoi ressemble le JWH-250, le prix public du JWH-250, le prix du JWH-250, o\u00f9 acheter du JWH-250, du JWH-250 pur, o\u00f9 puis-je acheter du JWH -250 en ligne, achetez du pur JWH-250 en ligne.<\/p>\n<p>Bonne qualit\u00e9 JWH-250 en ligne : Il est tout \u00e0 fait entendu que les gens ne font pas rapidement confiance \u00e0 la qualit\u00e9 du JWH-250 en ligne vendu en ligne car ils ne peuvent pas l&#8217;examiner physiquement. Mais ce n&#8217;est pas la m\u00eame chose avec les fournisseurs en ligne Online JWH-250. Les produits ici sont fid\u00e8les \u00e0 leur description avec un entretien de haute qualit\u00e9 effectu\u00e9 sous la supervision d&#8217;experts.<\/p>\n<p>Rapide &amp; Exp\u00e9dition discr\u00e8te : La livraison du JWH-250 en ligne apr\u00e8s r\u00e9ception de la commande est effectu\u00e9e dans les d\u00e9lais promis. L&#8217;\u00e9quipe d&#8217;exp\u00e9dition met tout en \u0153uvre pour rendre la proc\u00e9dure d&#8217;exp\u00e9dition et de livraison fluide et rapide. Vous pouvez \u00e9galement vous attendre \u00e0 d&#8217;excellents services lors de l&#8217;achat en ligne de JWH-250 aupr\u00e8s du professionnel sur la plate-forme en ligne.<\/p>\n","protected":false},"excerpt":{"rendered":"<p>Achetez\u00a0<a href=\"https:\/\/en.wikipedia.org\/wiki\/JWH-250\">JWH-250<\/a>\u00a0sur le Web. Le JWH-250 est un agoniste des r\u00e9cepteurs cannabino\u00efdes fabriqu\u00e9 qui a \u00e9t\u00e9 identifi\u00e9 dans des articles depuis la derni\u00e8re partie des ann\u00e9es 2000. Il a \u00e9t\u00e9 cr\u00e9\u00e9 par le Dr John W. Huffman et un rapport \u00e0 ce sujet a \u00e9t\u00e9 distribu\u00e9 en 2005 par Huffman et al Achat JWH-250 sur le Web.<\/p>\n","protected":false},"featured_media":7790,"comment_status":"open","ping_status":"closed","template":"","meta":{"inline_featured_image":false},"product_brand":[],"product_cat":[264],"product_tag":[353,376,346,347,372,373,349,374,348,375,350,377,352,351,370,345,380,355,354,364,369,359,357,356,358,361,381,362,367,368,366,360,383,384,385,386,382,379,378,365,363],"class_list":{"0":"post-7762","1":"product","2":"type-product","3":"status-publish","4":"has-post-thumbnail","6":"product_cat-recherche-chimique","7":"product_tag-acheter-modeste-mephedrone-en-ligne","8":"product_tag-achat-masse-jwh-250","9":"product_tag-acheter-jwh-250","10":"product_tag-acheter-jwh-250-a-prix-abordable","11":"product_tag-acheter-jwh-250--valeur-modeste","12":"product_tag-achat-jwh-250-disponible--lachat","13":"product_tag-acheter-jwh-250-en-ligne","14":"product_tag-achat-jwh-250-pour-usage-individuel","15":"product_tag-acheter-jwh-250-pour-usage-personnel","16":"product_tag-acheter-jwh-250-sur-le-web","17":"product_tag-acheter-legit-jwh-250-pour-vendre-page-web","18":"product_tag-achat-modeste-jwh-250","19":"product_tag-acheter-modeste-jwh-250-en-ligne","20":"product_tag-acheter-modeste-jwh-250-pour-plante","21":"product_tag-acheter-authentique-jwh-250-disponible-pour-tre-achet-page","22":"product_tag-best-spot-to-purchase-jwh-250","23":"product_tag-boutique-jwh-250","24":"product_tag-comment-acheter-modeste-jwh-250-expdition-dans-le-monde","25":"product_tag-comment-acheter-pas-cher-jwh-250-livraison-internationale","26":"product_tag-jwh-250-demande","27":"product_tag-mjwh-250-fournisseurs","28":"product_tag-jwh-250--vendre","29":"product_tag-jwh-250-deal","30":"product_tag-jwh-250-disponible--lachat","31":"product_tag-jwh-250-drogue-a-vendre","32":"product_tag-jwh-250-nourriture-plante-a-vendre","33":"product_tag-pur-jwh-250","34":"product_tag-jwh-250-purchase","35":"product_tag-jwh-250-where-to-purchase","36":"product_tag-jwh-250-wholesale","37":"product_tag-jwh-250-magasin","38":"product_tag-jwh-250-mdicaments-disponibles--lachat","39":"product_tag-o-acheter-jwh-250","40":"product_tag-o-acheter-jwh-250pour-usage-individuel","41":"product_tag-o-acheter-modest-jwh-250-shop","42":"product_tag-o-pourrais-je-acheter-jwh-250","43":"product_tag-o-se-procurer-jwh-250-disponible--lachat","44":"product_tag-qualit-jwh-250-a-vendre","45":"product_tag-qualit-jwh-250-disponible--lachat","46":"product_tag-jwh-250-sels-de-douche-disponibles-a-l-achat","47":"product_tag-jwh-250-sites-d-achat","49":"first","50":"instock","51":"sale","52":"featured","53":"shipping-taxable","54":"purchasable","55":"product-type-variable","56":"has-default-attributes"},"yoast_head":"<!-- This site is optimized with the Yoast SEO Premium plugin v19.2 (Yoast SEO v27.3) - https:\/\/yoast.com\/product\/yoast-seo-premium-wordpress\/ -->\n<title>Acheter de la poudre JWH-250 en ligne - Everyday Chem Shop<\/title>\n<meta name=\"description\" content=\"Acheter de la poudre JWH-250 en ligne. Si vous cherchez comment acheter du JWH-250 en ligne, vous \u00eates au bon endroit pour acheter du JWH-250 en ligne.\" \/>\n<meta name=\"robots\" content=\"index, follow, max-snippet:-1, max-image-preview:large, max-video-preview:-1\" \/>\n<link rel=\"canonical\" href=\"https:\/\/everydaychemshop.com\/fr\/product\/acheter-jwh-250-en-ligne\/\" \/>\n<meta property=\"og:locale\" content=\"en_US\" \/>\n<meta property=\"og:type\" content=\"article\" \/>\n<meta property=\"og:title\" content=\"JWH-250\" \/>\n<meta property=\"og:description\" content=\"Acheter de la poudre JWH-250 en ligne. Si vous cherchez comment acheter du JWH-250 en ligne, vous \u00eates au bon endroit pour acheter du JWH-250 en ligne.\" \/>\n<meta property=\"og:url\" content=\"https:\/\/everydaychemshop.com\/fr\/product\/acheter-jwh-250-en-ligne\/\" \/>\n<meta property=\"og:site_name\" content=\"Everyday Chem Shop\" \/>\n<meta property=\"article:modified_time\" content=\"2023-04-07T12:05:26+00:00\" \/>\n<meta property=\"og:image\" content=\"https:\/\/everydaychemshop.com\/fr\/wp-content\/uploads\/sites\/5\/2022\/11\/jwh-250.jpg\" \/>\n\t<meta property=\"og:image:width\" content=\"1200\" \/>\n\t<meta property=\"og:image:height\" content=\"1200\" \/>\n\t<meta property=\"og:image:type\" content=\"image\/jpeg\" \/>\n<meta name=\"twitter:card\" content=\"summary_large_image\" \/>\n<meta name=\"twitter:label1\" content=\"Est. reading time\" \/>\n\t<meta name=\"twitter:data1\" content=\"3 minutes\" \/>\n<script type=\"application\/ld+json\" class=\"yoast-schema-graph\">{\"@context\":\"https:\\\/\\\/schema.org\",\"@graph\":[{\"@type\":\"WebPage\",\"@id\":\"https:\\\/\\\/everydaychemshop.com\\\/fr\\\/product\\\/acheter-jwh-250-en-ligne\\\/\",\"url\":\"https:\\\/\\\/everydaychemshop.com\\\/fr\\\/product\\\/acheter-jwh-250-en-ligne\\\/\",\"name\":\"Acheter de la poudre JWH-250 en ligne - Everyday Chem Shop\",\"isPartOf\":{\"@id\":\"https:\\\/\\\/everydaychemshop.com\\\/fr\\\/#website\"},\"primaryImageOfPage\":{\"@id\":\"https:\\\/\\\/everydaychemshop.com\\\/fr\\\/product\\\/acheter-jwh-250-en-ligne\\\/#primaryimage\"},\"image\":{\"@id\":\"https:\\\/\\\/everydaychemshop.com\\\/fr\\\/product\\\/acheter-jwh-250-en-ligne\\\/#primaryimage\"},\"thumbnailUrl\":\"https:\\\/\\\/everydaychemshop.com\\\/fr\\\/wp-content\\\/uploads\\\/sites\\\/5\\\/2022\\\/11\\\/jwh-250.jpg\",\"datePublished\":\"2022-11-16T09:46:33+00:00\",\"dateModified\":\"2023-04-07T12:05:26+00:00\",\"description\":\"Acheter de la poudre JWH-250 en ligne. Si vous cherchez comment acheter du JWH-250 en ligne, vous \u00eates au bon endroit pour acheter du JWH-250 en ligne.\",\"breadcrumb\":{\"@id\":\"https:\\\/\\\/everydaychemshop.com\\\/fr\\\/product\\\/acheter-jwh-250-en-ligne\\\/#breadcrumb\"},\"inLanguage\":\"en-US\",\"potentialAction\":[{\"@type\":\"ReadAction\",\"target\":[\"https:\\\/\\\/everydaychemshop.com\\\/fr\\\/product\\\/acheter-jwh-250-en-ligne\\\/\"]}]},{\"@type\":\"ImageObject\",\"inLanguage\":\"en-US\",\"@id\":\"https:\\\/\\\/everydaychemshop.com\\\/fr\\\/product\\\/acheter-jwh-250-en-ligne\\\/#primaryimage\",\"url\":\"https:\\\/\\\/everydaychemshop.com\\\/fr\\\/wp-content\\\/uploads\\\/sites\\\/5\\\/2022\\\/11\\\/jwh-250.jpg\",\"contentUrl\":\"https:\\\/\\\/everydaychemshop.com\\\/fr\\\/wp-content\\\/uploads\\\/sites\\\/5\\\/2022\\\/11\\\/jwh-250.jpg\",\"width\":1200,\"height\":1200,\"caption\":\"Acheter de la poudre JWH-250 en ligne\"},{\"@type\":\"BreadcrumbList\",\"@id\":\"https:\\\/\\\/everydaychemshop.com\\\/fr\\\/product\\\/acheter-jwh-250-en-ligne\\\/#breadcrumb\",\"itemListElement\":[{\"@type\":\"ListItem\",\"position\":1,\"name\":\"Home\",\"item\":\"https:\\\/\\\/everydaychemshop.com\\\/fr\\\/\"},{\"@type\":\"ListItem\",\"position\":2,\"name\":\"Des produits\",\"item\":\"https:\\\/\\\/everydaychemshop.com\\\/fr\\\/des-produits\\\/\"},{\"@type\":\"ListItem\",\"position\":3,\"name\":\"JWH-250\"}]},{\"@type\":\"WebSite\",\"@id\":\"https:\\\/\\\/everydaychemshop.com\\\/fr\\\/#website\",\"url\":\"https:\\\/\\\/everydaychemshop.com\\\/fr\\\/\",\"name\":\"Everyday Chem Shop\",\"description\":\"\",\"potentialAction\":[{\"@type\":\"SearchAction\",\"target\":{\"@type\":\"EntryPoint\",\"urlTemplate\":\"https:\\\/\\\/everydaychemshop.com\\\/fr\\\/?s={search_term_string}\"},\"query-input\":{\"@type\":\"PropertyValueSpecification\",\"valueRequired\":true,\"valueName\":\"search_term_string\"}}],\"inLanguage\":\"en-US\"}]}<\/script>\n<!-- \/ Yoast SEO Premium plugin. -->","yoast_head_json":{"title":"Acheter de la poudre JWH-250 en ligne - Everyday Chem Shop","description":"Acheter de la poudre JWH-250 en ligne. Si vous cherchez comment acheter du JWH-250 en ligne, vous \u00eates au bon endroit pour acheter du JWH-250 en ligne.","robots":{"index":"index","follow":"follow","max-snippet":"max-snippet:-1","max-image-preview":"max-image-preview:large","max-video-preview":"max-video-preview:-1"},"canonical":"https:\/\/everydaychemshop.com\/fr\/product\/acheter-jwh-250-en-ligne\/","og_locale":"en_US","og_type":"article","og_title":"JWH-250","og_description":"Acheter de la poudre JWH-250 en ligne. Si vous cherchez comment acheter du JWH-250 en ligne, vous \u00eates au bon endroit pour acheter du JWH-250 en ligne.","og_url":"https:\/\/everydaychemshop.com\/fr\/product\/acheter-jwh-250-en-ligne\/","og_site_name":"Everyday Chem Shop","article_modified_time":"2023-04-07T12:05:26+00:00","og_image":[{"width":1200,"height":1200,"url":"https:\/\/everydaychemshop.com\/fr\/wp-content\/uploads\/sites\/5\/2022\/11\/jwh-250.jpg","type":"image\/jpeg"}],"twitter_card":"summary_large_image","twitter_misc":{"Est. reading time":"3 minutes"},"schema":{"@context":"https:\/\/schema.org","@graph":[{"@type":"WebPage","@id":"https:\/\/everydaychemshop.com\/fr\/product\/acheter-jwh-250-en-ligne\/","url":"https:\/\/everydaychemshop.com\/fr\/product\/acheter-jwh-250-en-ligne\/","name":"Acheter de la poudre JWH-250 en ligne - Everyday Chem Shop","isPartOf":{"@id":"https:\/\/everydaychemshop.com\/fr\/#website"},"primaryImageOfPage":{"@id":"https:\/\/everydaychemshop.com\/fr\/product\/acheter-jwh-250-en-ligne\/#primaryimage"},"image":{"@id":"https:\/\/everydaychemshop.com\/fr\/product\/acheter-jwh-250-en-ligne\/#primaryimage"},"thumbnailUrl":"https:\/\/everydaychemshop.com\/fr\/wp-content\/uploads\/sites\/5\/2022\/11\/jwh-250.jpg","datePublished":"2022-11-16T09:46:33+00:00","dateModified":"2023-04-07T12:05:26+00:00","description":"Acheter de la poudre JWH-250 en ligne. Si vous cherchez comment acheter du JWH-250 en ligne, vous \u00eates au bon endroit pour acheter du JWH-250 en ligne.","breadcrumb":{"@id":"https:\/\/everydaychemshop.com\/fr\/product\/acheter-jwh-250-en-ligne\/#breadcrumb"},"inLanguage":"en-US","potentialAction":[{"@type":"ReadAction","target":["https:\/\/everydaychemshop.com\/fr\/product\/acheter-jwh-250-en-ligne\/"]}]},{"@type":"ImageObject","inLanguage":"en-US","@id":"https:\/\/everydaychemshop.com\/fr\/product\/acheter-jwh-250-en-ligne\/#primaryimage","url":"https:\/\/everydaychemshop.com\/fr\/wp-content\/uploads\/sites\/5\/2022\/11\/jwh-250.jpg","contentUrl":"https:\/\/everydaychemshop.com\/fr\/wp-content\/uploads\/sites\/5\/2022\/11\/jwh-250.jpg","width":1200,"height":1200,"caption":"Acheter de la poudre JWH-250 en ligne"},{"@type":"BreadcrumbList","@id":"https:\/\/everydaychemshop.com\/fr\/product\/acheter-jwh-250-en-ligne\/#breadcrumb","itemListElement":[{"@type":"ListItem","position":1,"name":"Home","item":"https:\/\/everydaychemshop.com\/fr\/"},{"@type":"ListItem","position":2,"name":"Des produits","item":"https:\/\/everydaychemshop.com\/fr\/des-produits\/"},{"@type":"ListItem","position":3,"name":"JWH-250"}]},{"@type":"WebSite","@id":"https:\/\/everydaychemshop.com\/fr\/#website","url":"https:\/\/everydaychemshop.com\/fr\/","name":"Everyday Chem Shop","description":"","potentialAction":[{"@type":"SearchAction","target":{"@type":"EntryPoint","urlTemplate":"https:\/\/everydaychemshop.com\/fr\/?s={search_term_string}"},"query-input":{"@type":"PropertyValueSpecification","valueRequired":true,"valueName":"search_term_string"}}],"inLanguage":"en-US"}]}},"_links":{"self":[{"href":"https:\/\/everydaychemshop.com\/fr\/wp-json\/wp\/v2\/product\/7762","targetHints":{"allow":["GET"]}}],"collection":[{"href":"https:\/\/everydaychemshop.com\/fr\/wp-json\/wp\/v2\/product"}],"about":[{"href":"https:\/\/everydaychemshop.com\/fr\/wp-json\/wp\/v2\/types\/product"}],"replies":[{"embeddable":true,"href":"https:\/\/everydaychemshop.com\/fr\/wp-json\/wp\/v2\/comments?post=7762"}],"wp:featuredmedia":[{"embeddable":true,"href":"https:\/\/everydaychemshop.com\/fr\/wp-json\/wp\/v2\/media\/7790"}],"wp:attachment":[{"href":"https:\/\/everydaychemshop.com\/fr\/wp-json\/wp\/v2\/media?parent=7762"}],"wp:term":[{"taxonomy":"product_brand","embeddable":true,"href":"https:\/\/everydaychemshop.com\/fr\/wp-json\/wp\/v2\/product_brand?post=7762"},{"taxonomy":"product_cat","embeddable":true,"href":"https:\/\/everydaychemshop.com\/fr\/wp-json\/wp\/v2\/product_cat?post=7762"},{"taxonomy":"product_tag","embeddable":true,"href":"https:\/\/everydaychemshop.com\/fr\/wp-json\/wp\/v2\/product_tag?post=7762"}],"curies":[{"name":"wp","href":"https:\/\/api.w.org\/{rel}","templated":true}]}}