{"id":7767,"date":"2022-11-16T09:46:36","date_gmt":"2022-11-16T09:46:36","guid":{"rendered":"https:\/\/everydaychemshop.com\/fr\/?post_type=product&#038;p=7767"},"modified":"2025-11-26T19:45:34","modified_gmt":"2025-11-26T19:45:34","slug":"acheter-mdma-en-ligne","status":"publish","type":"product","link":"https:\/\/everydaychemshop.com\/fr\/product\/acheter-mdma-en-ligne\/","title":{"rendered":"Acheter des pilules de MDMA (ecstasy\/molly) en ligne"},"content":{"rendered":"<h1>Achetez de la MDMA en ligne \u2013 Cristaux et pilules d&#8217;ecstasy pures<\/h1>\n<p><a href=\"https:\/\/everydaychemshop.com\/fr\/product\/acheter-mdma-en-ligne\/\">Achetez de la MDMA en poudre (cristaux) en ligne<\/a>. Vous souhaitez acheter de la MDMA en ligne en toute confiance\u00a0? Chez Everyday Chem Shop, nous proposons de la MDMA de qualit\u00e9 pharmaceutique, test\u00e9e en laboratoire, id\u00e9ale pour des exp\u00e9riences intenses. Que vous recherchiez l&#8217;euphorie de l&#8217;ecstasy ou la clart\u00e9 de la Molly, notre boutique en ligne discr\u00e8te vous garantit une livraison rapide et s\u00e9curis\u00e9e \u00e0 domicile. \u00c9vitez les risques li\u00e9s aux achats dans la rue\u00a0: commandez votre MDMA aupr\u00e8s d&#8217;une source fiable d\u00e8s aujourd&#8217;hui.<\/p>\n<p>Pourquoi choisir notre MDMA\u00a0?<\/p>\n<p>La qualit\u00e9 et la satisfaction client sont nos priorit\u00e9s. Chaque lot de cristaux de MDMA purs ou de pilules d&#8217;ecstasy est soumis \u00e0 des tests rigoureux pour une puret\u00e9 sup\u00e9rieure \u00e0 99\u00a0%, sans aucun adult\u00e9rant nocif. Fini les soucis de produits impurs\u00a0: notre processus d&#8217;achat de MDMA en ligne est simple, s\u00e9curis\u00e9 et b\u00e9n\u00e9ficie d&#8217;excellents avis de clients satisfaits du monde entier.<\/p>\n<p>Puret\u00e9 test\u00e9e en laboratoire\u00a0: Puissance et s\u00e9curit\u00e9 garanties. Emballage discret : Emball\u00e9 sous vide et sans inscription pour une confidentialit\u00e9 optimale.<\/p>\n<p>Livraison rapide dans le monde entier : \u00c9tats-Unis, Europe et reste du monde en 5 jours.<\/p>\n<p>Prix comp\u00e9titifs : Remises sur les commandes en gros disponibles.<\/p>\n<p>Envie d&#8217;acheter des cristaux de MDMA purs en ligne ? D\u00e9couvrez nos options ci-dessous et vivez une exp\u00e9rience unique.<\/p>\n<p>Effets de la MDMA : \u00c0 quoi s&#8217;attendre avec l&#8217;ecstasy et la Molly ?<\/p>\n<p>La MDMA, aussi connue sous le nom d&#8217;ecstasy ou de Molly, est une substance psychoactive tr\u00e8s appr\u00e9ci\u00e9e pour son m\u00e9lange unique d&#8217;effets stimulants et empathiques. Les consommateurs rapportent une \u00e9nergie accrue, une plus grande ouverture \u00e9motionnelle et une intensification des sens \u2013 id\u00e9al pour les festivals, les soir\u00e9es intimes ou les moments de d\u00e9couverte de soi.<\/p>\n<p>Principaux avantages de notre MDMA :<\/p>\n<p>Euphorie intense : Lib\u00e8re la s\u00e9rotonine dans le cerveau pour une joie et une connexion profondes.<\/p>\n<p>Empathie accrue : Renforce les liens et rend les interactions sociales magiques.<\/p>\n<p>Plaisir sensoriel d\u00e9cupl\u00e9 : Le toucher, la musique et la lumi\u00e8re sont amplifi\u00e9s. Dur\u00e9e : 4 \u00e0 6 heures d&#8217;effets optimaux, suivis d&#8217;une descente douce.<\/p>\n<p>Conseil : Pour des r\u00e9sultats optimaux, suivez notre guide de dosage de MDMA \u2013 commencez par une faible dose (80 \u00e0 120 mg) dans un environnement s\u00e9curis\u00e9. Hydratez-vous toujours et prenez de la vitamine C pour faciliter la r\u00e9cup\u00e9ration.<\/p>\n<p>Noms de rue courants : E, XTC ou Hug Drug. Notre poudre de MDMA pure se distingue par sa puret\u00e9 cristalline. Vous cherchez o\u00f9 acheter de l&#8217;ecstasy discr\u00e8tement ? Nous proposons des options comme des comprim\u00e9s marqu\u00e9s ou des cristaux non aromatis\u00e9s.<\/p>\n<p>Comment commander de la MDMA en ligne en toute s\u00e9curit\u00e9<\/p>\n<p>Parcourir et choisir : Choisissez parmi les cristaux, la poudre ou les comprim\u00e9s.<\/p>\n<p>Paiement s\u00e9curis\u00e9 : Utilisez des cryptomonnaies, une carte de cr\u00e9dit ou un virement bancaire \u2013 le tout crypt\u00e9 pour une confidentialit\u00e9 optimale.<\/p>\n<p>Suivre votre commande : Recevez des mises \u00e0 jour en temps r\u00e9el sur la livraison discr\u00e8te de votre MDMA.<\/p>\n<p>Assistance client : Chat disponible 24h\/24 et 7j\/7 pour toute question concernant l&#8217;achat de MDMA en ligne en toute s\u00e9curit\u00e9.<\/p>\n<p>Nous livrons dans toutes les principales r\u00e9gions, y compris en Europe et aux \u00c9tats-Unis. Achats en gros ? Contactez-nous pour conna\u00eetre nos tarifs de gros sur les offres MDMA \u00e0 prix abordables de notre boutique en ligne.<\/p>\n<p>Foire aux questions<\/p>\n<p>Votre MDMA est-elle test\u00e9e en laboratoire\u00a0?<\/p>\n<p>Oui\u00a0! Chaque produit est test\u00e9 par un laboratoire ind\u00e9pendant pour garantir sa puret\u00e9. Certificats disponibles sur demande.<\/p>\n<p>Quelle est la meilleure fa\u00e7on de consommer de la MDMA\u00a0?<\/p>\n<p>Par voie orale. Les effets se font sentir en 30 \u00e0 45\u00a0minutes. \u00c9vitez de la m\u00e9langer avec de l\u2019alcool\u00a0; associez-la \u00e0 des compl\u00e9ments alimentaires pour en r\u00e9duire les risques.<\/p>\n<p>Livraison et retours\u00a0?<\/p>\n<p>Livraison rapide dans le monde entier. Si vous n\u2019\u00eates pas satisfait, nous proposons un nouvel envoi discret ou un remboursement sous 30\u00a0jours.<\/p>\n<p>Mentions l\u00e9gales<\/p>\n<p>La MDMA est une substance contr\u00f4l\u00e9e dans la plupart des pays. Ce produit est destin\u00e9 \u00e0 la recherche ou \u00e0 un usage personnel uniquement. Nous ne cautionnons aucune activit\u00e9 ill\u00e9gale. Consultez la l\u00e9gislation locale avant de commander de la MDMA.<\/p>\n<p>Pr\u00eat \u00e0 acheter de la MDMA en ligne\u00a0?<\/p>\n<p>N\u2019acceptez rien de moins\u00a0! Achetez votre MDMA en ligne chez Everyday Chem Shop et b\u00e9n\u00e9ficiez d\u2019une qualit\u00e9 et d\u2019un service exceptionnels. Ajoutez-la \u00e0 votre panier d\u00e8s maintenant et d\u00e9couvrez un monde d\u2019empathie et d\u2019\u00e9nergie d\u00e9cupl\u00e9es. Des questions\u00a0? Contactez-nous par chat\u00a0!<\/p>\n","protected":false},"excerpt":{"rendered":"<p>Achetez de la MDMA sur le Web. Les cristaux de <a href=\"https:\/\/en.wikipedia.org\/wiki\/MDMA\">MDMA en poudre<\/a> sont un m\u00e9dicament qui se comporte \u00e0 la fois comme un \u00e9nergisant et un hallucinog\u00e8ne, offrant un impact revigorant, du temps et des rebondissements perceptuels , et la joie accrue des exp\u00e9riences mat\u00e9rielles.<\/p>\n","protected":false},"featured_media":7791,"comment_status":"open","ping_status":"closed","template":"","meta":{"inline_featured_image":false},"product_brand":[],"product_cat":[264,116],"product_tag":[417,415,414,412,391,390,393,392,395,394,400,388,387,389,410,407,403,396,409,398,397,402,399,404,405,411,408,413,418,406,416,401],"class_list":{"0":"post-7767","1":"product","2":"type-product","3":"status-publish","4":"has-post-thumbnail","6":"product_cat-recherche-chimique","7":"product_cat-pain-killers","8":"product_tag--quoi-ressemble-pure-molly","9":"product_tag-achat-modeste-mdma-sur-le-web","10":"product_tag-acheter-mdma-avec-bitcoin","11":"product_tag-acheter-en-ligne-mdma","12":"product_tag-combien-la-vitesse-cot-par-gramme","13":"product_tag-combien-de-temps-molly-drange-t-elle","14":"product_tag-comment-acheter-mdma","15":"product_tag-comment-acheter-lsd","16":"product_tag-comment-parachuter-molly","17":"product_tag-comment-tirer-le-maximum-de-molly","18":"product_tag-cristaux-mda","19":"product_tag-diffrentes-faons-de-prendre-molly","20":"product_tag-effets-crystal-molly","21":"product_tag-effets-de-molly","22":"product_tag-molly-effets-secondaires-le-jour-suivant","23":"product_tag-effets-secondaires-des-cristaux-de-molly","24":"product_tag-mdma-gem-disponible--lachat","25":"product_tag-how-to-purchase-lsd","26":"product_tag-molly-drug-ingredients","27":"product_tag-bas-taux-mdma","28":"product_tag-mdma-pas-cher","29":"product_tag-mdma--vendre","30":"product_tag-mdma-de-faible-valeur","31":"product_tag-mdma-suppliers","32":"product_tag-mthylnedioxyphnthylamine","33":"product_tag-molly-vs-extase","34":"product_tag-molly-drug-effects","35":"product_tag-order-mdma","36":"product_tag-o-acheter-mdma-sur-le-web","37":"product_tag-molly-cristaux-prix","38":"product_tag-que-fait-molly-de-toi","39":"product_tag-mdma-discount","41":"first","42":"instock","43":"shipping-taxable","44":"purchasable","45":"product-type-variable","46":"has-default-attributes"},"yoast_head":"<!-- This site is optimized with the Yoast SEO Premium plugin v19.2 (Yoast SEO v27.3) - https:\/\/yoast.com\/product\/yoast-seo-premium-wordpress\/ -->\n<title>Achetez de la MDMA en poudre (cristaux) en ligne - Everyday Chem Shop<\/title>\n<meta name=\"description\" content=\"Achetez de la MDMA pure en ligne sur Everyday Chem Shop \u2013 cristaux et pilules d&#039;ecstasy de qualit\u00e9 sup\u00e9rieure. Livraison discr\u00e8te dans le monde entier, puret\u00e9 test\u00e9e en laboratoire et livraison rapide. Commandez de la Molly d\u00e8s maintenant pour plus d&#039;\u00e9nergie, d&#039;empathie et d&#039;euphorie. Paiements s\u00e9curis\u00e9s accept\u00e9s.\" \/>\n<meta name=\"robots\" content=\"index, follow, max-snippet:-1, max-image-preview:large, max-video-preview:-1\" \/>\n<link rel=\"canonical\" href=\"https:\/\/everydaychemshop.com\/fr\/product\/acheter-mdma-en-ligne\/\" \/>\n<meta property=\"og:locale\" content=\"en_US\" \/>\n<meta property=\"og:type\" content=\"article\" \/>\n<meta property=\"og:title\" content=\"Acheter des pilules de MDMA (ecstasy\/molly) en ligne\" \/>\n<meta property=\"og:description\" content=\"Achetez de la MDMA pure en ligne sur Everyday Chem Shop \u2013 cristaux et pilules d&#039;ecstasy de qualit\u00e9 sup\u00e9rieure. Livraison discr\u00e8te dans le monde entier, puret\u00e9 test\u00e9e en laboratoire et livraison rapide. Commandez de la Molly d\u00e8s maintenant pour plus d&#039;\u00e9nergie, d&#039;empathie et d&#039;euphorie. Paiements s\u00e9curis\u00e9s accept\u00e9s.\" \/>\n<meta property=\"og:url\" content=\"https:\/\/everydaychemshop.com\/fr\/product\/acheter-mdma-en-ligne\/\" \/>\n<meta property=\"og:site_name\" content=\"Everyday Chem Shop\" \/>\n<meta property=\"article:modified_time\" content=\"2025-11-26T19:45:34+00:00\" \/>\n<meta property=\"og:image\" content=\"https:\/\/everydaychemshop.com\/fr\/wp-content\/uploads\/sites\/5\/2022\/11\/Buy-Mdma-pills.jpg\" \/>\n\t<meta property=\"og:image:width\" content=\"1200\" \/>\n\t<meta property=\"og:image:height\" content=\"1200\" \/>\n\t<meta property=\"og:image:type\" content=\"image\/jpeg\" \/>\n<meta name=\"twitter:card\" content=\"summary_large_image\" \/>\n<meta name=\"twitter:label1\" content=\"Est. reading time\" \/>\n\t<meta name=\"twitter:data1\" content=\"4 minutes\" \/>\n<script type=\"application\/ld+json\" class=\"yoast-schema-graph\">{\"@context\":\"https:\\\/\\\/schema.org\",\"@graph\":[{\"@type\":\"WebPage\",\"@id\":\"https:\\\/\\\/everydaychemshop.com\\\/fr\\\/product\\\/acheter-mdma-en-ligne\\\/\",\"url\":\"https:\\\/\\\/everydaychemshop.com\\\/fr\\\/product\\\/acheter-mdma-en-ligne\\\/\",\"name\":\"Achetez de la MDMA en poudre (cristaux) en ligne - Everyday Chem Shop\",\"isPartOf\":{\"@id\":\"https:\\\/\\\/everydaychemshop.com\\\/fr\\\/#website\"},\"primaryImageOfPage\":{\"@id\":\"https:\\\/\\\/everydaychemshop.com\\\/fr\\\/product\\\/acheter-mdma-en-ligne\\\/#primaryimage\"},\"image\":{\"@id\":\"https:\\\/\\\/everydaychemshop.com\\\/fr\\\/product\\\/acheter-mdma-en-ligne\\\/#primaryimage\"},\"thumbnailUrl\":\"https:\\\/\\\/everydaychemshop.com\\\/fr\\\/wp-content\\\/uploads\\\/sites\\\/5\\\/2022\\\/11\\\/Buy-Mdma-pills.jpg\",\"datePublished\":\"2022-11-16T09:46:36+00:00\",\"dateModified\":\"2025-11-26T19:45:34+00:00\",\"description\":\"Achetez de la MDMA pure en ligne sur Everyday Chem Shop \u2013 cristaux et pilules d'ecstasy de qualit\u00e9 sup\u00e9rieure. Livraison discr\u00e8te dans le monde entier, puret\u00e9 test\u00e9e en laboratoire et livraison rapide. Commandez de la Molly d\u00e8s maintenant pour plus d'\u00e9nergie, d'empathie et d'euphorie. Paiements s\u00e9curis\u00e9s accept\u00e9s.\",\"breadcrumb\":{\"@id\":\"https:\\\/\\\/everydaychemshop.com\\\/fr\\\/product\\\/acheter-mdma-en-ligne\\\/#breadcrumb\"},\"inLanguage\":\"en-US\",\"potentialAction\":[{\"@type\":\"ReadAction\",\"target\":[\"https:\\\/\\\/everydaychemshop.com\\\/fr\\\/product\\\/acheter-mdma-en-ligne\\\/\"]}]},{\"@type\":\"ImageObject\",\"inLanguage\":\"en-US\",\"@id\":\"https:\\\/\\\/everydaychemshop.com\\\/fr\\\/product\\\/acheter-mdma-en-ligne\\\/#primaryimage\",\"url\":\"https:\\\/\\\/everydaychemshop.com\\\/fr\\\/wp-content\\\/uploads\\\/sites\\\/5\\\/2022\\\/11\\\/Buy-Mdma-pills.jpg\",\"contentUrl\":\"https:\\\/\\\/everydaychemshop.com\\\/fr\\\/wp-content\\\/uploads\\\/sites\\\/5\\\/2022\\\/11\\\/Buy-Mdma-pills.jpg\",\"width\":1200,\"height\":1200,\"caption\":\"Achetez de la MDMA en poudre (cristaux) en ligne\"},{\"@type\":\"BreadcrumbList\",\"@id\":\"https:\\\/\\\/everydaychemshop.com\\\/fr\\\/product\\\/acheter-mdma-en-ligne\\\/#breadcrumb\",\"itemListElement\":[{\"@type\":\"ListItem\",\"position\":1,\"name\":\"Home\",\"item\":\"https:\\\/\\\/everydaychemshop.com\\\/fr\\\/\"},{\"@type\":\"ListItem\",\"position\":2,\"name\":\"Des produits\",\"item\":\"https:\\\/\\\/everydaychemshop.com\\\/fr\\\/des-produits\\\/\"},{\"@type\":\"ListItem\",\"position\":3,\"name\":\"Acheter des pilules de MDMA (ecstasy\\\/molly) en ligne\"}]},{\"@type\":\"WebSite\",\"@id\":\"https:\\\/\\\/everydaychemshop.com\\\/fr\\\/#website\",\"url\":\"https:\\\/\\\/everydaychemshop.com\\\/fr\\\/\",\"name\":\"Everyday Chem Shop\",\"description\":\"\",\"potentialAction\":[{\"@type\":\"SearchAction\",\"target\":{\"@type\":\"EntryPoint\",\"urlTemplate\":\"https:\\\/\\\/everydaychemshop.com\\\/fr\\\/?s={search_term_string}\"},\"query-input\":{\"@type\":\"PropertyValueSpecification\",\"valueRequired\":true,\"valueName\":\"search_term_string\"}}],\"inLanguage\":\"en-US\"}]}<\/script>\n<!-- \/ Yoast SEO Premium plugin. -->","yoast_head_json":{"title":"Achetez de la MDMA en poudre (cristaux) en ligne - Everyday Chem Shop","description":"Achetez de la MDMA pure en ligne sur Everyday Chem Shop \u2013 cristaux et pilules d'ecstasy de qualit\u00e9 sup\u00e9rieure. Livraison discr\u00e8te dans le monde entier, puret\u00e9 test\u00e9e en laboratoire et livraison rapide. Commandez de la Molly d\u00e8s maintenant pour plus d'\u00e9nergie, d'empathie et d'euphorie. Paiements s\u00e9curis\u00e9s accept\u00e9s.","robots":{"index":"index","follow":"follow","max-snippet":"max-snippet:-1","max-image-preview":"max-image-preview:large","max-video-preview":"max-video-preview:-1"},"canonical":"https:\/\/everydaychemshop.com\/fr\/product\/acheter-mdma-en-ligne\/","og_locale":"en_US","og_type":"article","og_title":"Acheter des pilules de MDMA (ecstasy\/molly) en ligne","og_description":"Achetez de la MDMA pure en ligne sur Everyday Chem Shop \u2013 cristaux et pilules d'ecstasy de qualit\u00e9 sup\u00e9rieure. Livraison discr\u00e8te dans le monde entier, puret\u00e9 test\u00e9e en laboratoire et livraison rapide. Commandez de la Molly d\u00e8s maintenant pour plus d'\u00e9nergie, d'empathie et d'euphorie. Paiements s\u00e9curis\u00e9s accept\u00e9s.","og_url":"https:\/\/everydaychemshop.com\/fr\/product\/acheter-mdma-en-ligne\/","og_site_name":"Everyday Chem Shop","article_modified_time":"2025-11-26T19:45:34+00:00","og_image":[{"width":1200,"height":1200,"url":"https:\/\/everydaychemshop.com\/fr\/wp-content\/uploads\/sites\/5\/2022\/11\/Buy-Mdma-pills.jpg","type":"image\/jpeg"}],"twitter_card":"summary_large_image","twitter_misc":{"Est. reading time":"4 minutes"},"schema":{"@context":"https:\/\/schema.org","@graph":[{"@type":"WebPage","@id":"https:\/\/everydaychemshop.com\/fr\/product\/acheter-mdma-en-ligne\/","url":"https:\/\/everydaychemshop.com\/fr\/product\/acheter-mdma-en-ligne\/","name":"Achetez de la MDMA en poudre (cristaux) en ligne - Everyday Chem Shop","isPartOf":{"@id":"https:\/\/everydaychemshop.com\/fr\/#website"},"primaryImageOfPage":{"@id":"https:\/\/everydaychemshop.com\/fr\/product\/acheter-mdma-en-ligne\/#primaryimage"},"image":{"@id":"https:\/\/everydaychemshop.com\/fr\/product\/acheter-mdma-en-ligne\/#primaryimage"},"thumbnailUrl":"https:\/\/everydaychemshop.com\/fr\/wp-content\/uploads\/sites\/5\/2022\/11\/Buy-Mdma-pills.jpg","datePublished":"2022-11-16T09:46:36+00:00","dateModified":"2025-11-26T19:45:34+00:00","description":"Achetez de la MDMA pure en ligne sur Everyday Chem Shop \u2013 cristaux et pilules d'ecstasy de qualit\u00e9 sup\u00e9rieure. Livraison discr\u00e8te dans le monde entier, puret\u00e9 test\u00e9e en laboratoire et livraison rapide. Commandez de la Molly d\u00e8s maintenant pour plus d'\u00e9nergie, d'empathie et d'euphorie. Paiements s\u00e9curis\u00e9s accept\u00e9s.","breadcrumb":{"@id":"https:\/\/everydaychemshop.com\/fr\/product\/acheter-mdma-en-ligne\/#breadcrumb"},"inLanguage":"en-US","potentialAction":[{"@type":"ReadAction","target":["https:\/\/everydaychemshop.com\/fr\/product\/acheter-mdma-en-ligne\/"]}]},{"@type":"ImageObject","inLanguage":"en-US","@id":"https:\/\/everydaychemshop.com\/fr\/product\/acheter-mdma-en-ligne\/#primaryimage","url":"https:\/\/everydaychemshop.com\/fr\/wp-content\/uploads\/sites\/5\/2022\/11\/Buy-Mdma-pills.jpg","contentUrl":"https:\/\/everydaychemshop.com\/fr\/wp-content\/uploads\/sites\/5\/2022\/11\/Buy-Mdma-pills.jpg","width":1200,"height":1200,"caption":"Achetez de la MDMA en poudre (cristaux) en ligne"},{"@type":"BreadcrumbList","@id":"https:\/\/everydaychemshop.com\/fr\/product\/acheter-mdma-en-ligne\/#breadcrumb","itemListElement":[{"@type":"ListItem","position":1,"name":"Home","item":"https:\/\/everydaychemshop.com\/fr\/"},{"@type":"ListItem","position":2,"name":"Des produits","item":"https:\/\/everydaychemshop.com\/fr\/des-produits\/"},{"@type":"ListItem","position":3,"name":"Acheter des pilules de MDMA (ecstasy\/molly) en ligne"}]},{"@type":"WebSite","@id":"https:\/\/everydaychemshop.com\/fr\/#website","url":"https:\/\/everydaychemshop.com\/fr\/","name":"Everyday Chem Shop","description":"","potentialAction":[{"@type":"SearchAction","target":{"@type":"EntryPoint","urlTemplate":"https:\/\/everydaychemshop.com\/fr\/?s={search_term_string}"},"query-input":{"@type":"PropertyValueSpecification","valueRequired":true,"valueName":"search_term_string"}}],"inLanguage":"en-US"}]}},"_links":{"self":[{"href":"https:\/\/everydaychemshop.com\/fr\/wp-json\/wp\/v2\/product\/7767","targetHints":{"allow":["GET"]}}],"collection":[{"href":"https:\/\/everydaychemshop.com\/fr\/wp-json\/wp\/v2\/product"}],"about":[{"href":"https:\/\/everydaychemshop.com\/fr\/wp-json\/wp\/v2\/types\/product"}],"replies":[{"embeddable":true,"href":"https:\/\/everydaychemshop.com\/fr\/wp-json\/wp\/v2\/comments?post=7767"}],"wp:featuredmedia":[{"embeddable":true,"href":"https:\/\/everydaychemshop.com\/fr\/wp-json\/wp\/v2\/media\/7791"}],"wp:attachment":[{"href":"https:\/\/everydaychemshop.com\/fr\/wp-json\/wp\/v2\/media?parent=7767"}],"wp:term":[{"taxonomy":"product_brand","embeddable":true,"href":"https:\/\/everydaychemshop.com\/fr\/wp-json\/wp\/v2\/product_brand?post=7767"},{"taxonomy":"product_cat","embeddable":true,"href":"https:\/\/everydaychemshop.com\/fr\/wp-json\/wp\/v2\/product_cat?post=7767"},{"taxonomy":"product_tag","embeddable":true,"href":"https:\/\/everydaychemshop.com\/fr\/wp-json\/wp\/v2\/product_tag?post=7767"}],"curies":[{"name":"wp","href":"https:\/\/api.w.org\/{rel}","templated":true}]}}