{"id":7794,"date":"2022-11-16T09:47:42","date_gmt":"2022-11-16T09:47:42","guid":{"rendered":"https:\/\/everydaychemshop.com\/fr\/?post_type=product&#038;p=7794"},"modified":"2023-04-07T11:59:00","modified_gmt":"2023-04-07T11:59:00","slug":"acheter-butylone-en-ligne","status":"publish","type":"product","link":"https:\/\/everydaychemshop.com\/fr\/product\/acheter-butylone-en-ligne\/","title":{"rendered":"Butylone"},"content":{"rendered":"<h1>Acheter de la poudre de butylone en ligne<\/h1>\n<p><a href=\"https:\/\/everydaychemshop.com\/fr\/product\/acheter-butylone-en-ligne\/\">Acheter de la poudre de butylone en ligne<\/a>. La butylone (\u00e9galement connue sous le nom de \u03b2-c\u00e9to-N-m\u00e9thylbenzodioxolylbutanamine, \u03b2k-MBDB ou B1) est un entactog\u00e8ne synth\u00e9tique et un stimulant des classes de ph\u00e9n\u00e9thylamine et de cathinone. La butylone est l&#8217;analogue \u03b2-c\u00e9to du MBDB et l&#8217;analogue m\u00e9thyl\u00e8nedioxy substitu\u00e9 de la buph\u00e9drone.<\/p>\n<p>En tant que drogue de synth\u00e8se, elle est couramment vendue dans la rue avec l&#8217;\u00e9thylone comme substitut ou contrefa\u00e7on de la MDMA et de la m\u00e9thylone (toutes qui sont collectivement appel\u00e9s \u00ab\u00a0Molly\u00a0\u00bb) <a href=\"https:\/\/en.wikipedia.org\/wiki\/Butylone\">en<\/a> raison de la disponibilit\u00e9 d\u00e9croissante de la m\u00e9thylone sur le march\u00e9 des produits chimiques de recherche.<\/p>\n<p>Cependant, en d\u00e9pit des comportements et similitudes pharmacologiques entre la butylone et la MDMA, les effets subjectifs observ\u00e9s des deux substances ne sont pas compl\u00e8tement identiques.<\/p>\n<p>La butylone n&#8217;a qu&#8217;une courte histoire d&#8217;utilisation humaine et est signal\u00e9 comme \u00e9tant moins puissant que ses parents m\u00e9thylone et \u00e9thylone et poss\u00e9dant des effets stimulants plus classiques par opposition aux effets entactog\u00e8nes.<\/p>\n<p>Aussi appel\u00e9e \u03b2-c\u00e9to-N-m\u00e9thylbenzodioxolylbutanamine, est une mol\u00e9cule synth\u00e9tique de la famille des cathinones. Les cathinones sont structurellement similaires aux amph\u00e9tamines en ce qu&#8217;elles contiennent un noyau de ph\u00e9n\u00e9thylamine comportant un cycle ph\u00e9nyle li\u00e9 \u00e0 un groupe amino (NH2) via une cha\u00eene \u00e9thyle avec une substitution \u00e9thyle suppl\u00e9mentaire \u00e0 R\u03b1. Les cathinones telles que la butylone sont des ph\u00e9n\u00e9thylamines alpha-m\u00e9thyl\u00e9es (c&#8217;est-\u00e0-dire des amph\u00e9tamines) mais diff\u00e8rent d&#8217;elles par l&#8217;ajout d&#8217;un groupe fonctionnel c\u00e9tone (un groupe carbonyle en R\u03b2). La butylone contient une substitution m\u00e9thyle \u00e0 RN, une substitution qui est partag\u00e9e avec la MDEA, l&#8217;\u00e9thylone, la 4-MEC et certains autres stimulants et entactog\u00e8nes. De plus, la butylone contient des substitutions en R3 et R4 du cycle ph\u00e9nyle avec des groupes oxyg\u00e8ne. Ces groupes oxyg\u00e8ne sont incorpor\u00e9s dans un cycle m\u00e9thyl\u00e8nedioxy par l&#8217;interm\u00e9diaire d&#8217;une cha\u00eene m\u00e9thyl\u00e8ne. La butylone partage cet anneau m\u00e9thyl\u00e8nedioxy avec le MDA, le MDAI et le MDMA.<\/p>\n<p>Il agit comme un inhibiteur\/lib\u00e9rateur mixte de la s\u00e9rotonine, de la noradr\u00e9naline et de la dopamine. Ce sont les neurotransmetteurs responsables du plaisir, de la r\u00e9compense, de la motivation et de la concentration. Cela se fait en inhibant la recapture et la r\u00e9absorption des neurotransmetteurs apr\u00e8s qu&#8217;ils ont rempli leur fonction de transmission d&#8217;une impulsion neurale, leur permettant essentiellement de s&#8217;accumuler et d&#8217;\u00eatre r\u00e9utilis\u00e9s, provoquant des effets physiquement stimulants et euphorisants.<\/p>\n<p><strong> Savez-vous o\u00f9 acheter du Butylone en ligne\u00a0?<\/strong><\/p>\n<p>Butylone \u00e0 vendre, valeur marchande du Butylone, dosage du Butylone, comment fabriquer de la poudre de Butylone, o\u00f9 puis-je acheter du Butylone en ligne, o\u00f9 trouver du Butylone en ligne, qu&#8217;est-ce que le Butylone, poudre de Butylone de qualit\u00e9 sup\u00e9rieure \u00e0 vendre. Toutes ces questions sans r\u00e9ponse peuvent trouver leurs r\u00e9ponses gr\u00e2ce \u00e0 nous. Il vous suffit de parcourir notre site Web et vous obtiendrez les r\u00e9ponses sur comment et o\u00f9 vous pouvez acheter des pilules de fentanyl en ligne.<\/p>\n<p>Qu&#8217;en est-il de la poudre de butylone\u00a0? Savez-vous \u00e9galement o\u00f9 trouver du Butylone en vente en ligne ? acheter de la poudre de Butylone, de la poudre de Butylone \u00e0 vendre, comment fabriquer de la poudre de Butylone, \u00e0 quoi ressemble la poudre de Butylone, prix public de la poudre de Butylone, prix de la poudre de Butylone, o\u00f9 acheter de la poudre de Butylone, poudre de Butylone pure, o\u00f9 puis-je acheter de la poudre de Butylone en ligne, Butylone fournisseurs de poudre, forme de poudre de Butylone, acheter de la poudre de Butylone pure, prix de la poudre de Butylone<\/p>\n<p>Butylone de bonne qualit\u00e9 en ligne : Il est tout \u00e0 fait entendu que les gens ne font pas rapidement confiance \u00e0 la qualit\u00e9 du Butylone vendu en ligne car ils ne peuvent pas examiner \u00e7a physiquement. Mais ce n&#8217;est pas la m\u00eame chose avec les fournisseurs en ligne de butylone. Les produits ici sont fid\u00e8les \u00e0 leur description avec un entretien de haute qualit\u00e9 effectu\u00e9 sous la supervision d&#8217;experts.<\/p>\n<p>Rapide &amp; Exp\u00e9dition discr\u00e8te : La livraison du Butylone apr\u00e8s r\u00e9ception de la commande se fait dans les d\u00e9lais promis. L&#8217;\u00e9quipe d&#8217;exp\u00e9dition met tout en \u0153uvre pour rendre la proc\u00e9dure d&#8217;exp\u00e9dition et de livraison fluide et rapide. Vous pouvez \u00e9galement vous attendre \u00e0 d&#8217;excellents services lors de l&#8217;achat de Butylone de le professionnel sur la plateforme en ligne.<\/p>\n","protected":false},"excerpt":{"rendered":"<p>La butylone (\u00e9galement connue sous le nom de \u03b2-c\u00e9to-N-m\u00e9thylbenzodioxolylbutanamine, \u03b2k-MBDB ou B1) est un entactog\u00e8ne synth\u00e9tique et un stimulant des classes de ph\u00e9n\u00e9thylamine et de cathinone. La butylone est l&#8217;analogue \u03b2-c\u00e9to du MBDB et l&#8217;analogue m\u00e9thyl\u00e8nedioxy substitu\u00e9 de la buph\u00e9drone.<\/p>\n","protected":false},"featured_media":7808,"comment_status":"open","ping_status":"closed","template":"","meta":{"inline_featured_image":false},"product_brand":[],"product_cat":[264],"product_tag":[428,447,445,435,434,436,438,437,446,429,430,431,433,432,439,443,444,441,442,448,449,450,451,440],"class_list":{"0":"post-7794","1":"product","2":"type-product","3":"status-publish","4":"has-post-thumbnail","6":"product_cat-recherche-chimique","7":"product_tag-99-purity-butylone-en-ligne","8":"product_tag-acheter-butylone-avec-bitcoin","9":"product_tag-achat-butylone-cristal-en-ligne","10":"product_tag-acheter-butylone-en-ligne","11":"product_tag-acheter-butylone-cristal-en-ligne","12":"product_tag-acheter-butylone-poudre-et-cristaux-en-ligne-acheter-methylone-poudre-et-cristaux-en-ligne","13":"product_tag-acheter-ethylone-poudre-et-cristal-en-ligne","14":"product_tag-acheter-pas-cher-butylone-en-ligne","15":"product_tag-achat-butylone-en-ligne","16":"product_tag-butylone","17":"product_tag-butylone-bk-mbdb--vendre","18":"product_tag-butylone-bk-mbdb-en-vente-dans-le-monde","19":"product_tag-butylone--vendre","20":"product_tag-butylone-crystal-for-sale","21":"product_tag-cheap-butylone-for-sale","22":"product_tag-commander-butylone-cristal-en-ligne","23":"product_tag-commander-butylone-en-ligne","24":"product_tag-comment-acheter-butylone-cristal-en-ligne","25":"product_tag-comment-acheter-butylone-en-ligne","26":"product_tag-le-meilleur-endroit-pour-acheter-butylone-en-ligne","27":"product_tag-o-acheter-butylone-bk-mbdb","28":"product_tag-o-acheter-butylone-cristal-en-ligne","29":"product_tag-o-acheter-butylone-en-ligne","30":"product_tag-livraison-rapide-recherche-chimique","32":"first","33":"instock","34":"sale","35":"shipping-taxable","36":"purchasable","37":"product-type-variable","38":"has-default-attributes"},"yoast_head":"<!-- This site is optimized with the Yoast SEO Premium plugin v19.2 (Yoast SEO v27.3) - https:\/\/yoast.com\/product\/yoast-seo-premium-wordpress\/ -->\n<title>Acheter de la poudre de butylone en ligne - Everyday Chem Shop<\/title>\n<meta name=\"description\" content=\"Acheter de la poudre de butylone en ligne. Si vous cherchez comment acheter Butylone en ligne, alors vous \u00eates au bon endroit pour acheter Butylone en ligne.\" \/>\n<meta name=\"robots\" content=\"index, follow, max-snippet:-1, max-image-preview:large, max-video-preview:-1\" \/>\n<link rel=\"canonical\" href=\"https:\/\/everydaychemshop.com\/fr\/product\/acheter-butylone-en-ligne\/\" \/>\n<meta property=\"og:locale\" content=\"en_US\" \/>\n<meta property=\"og:type\" content=\"article\" \/>\n<meta property=\"og:title\" content=\"Butylone\" \/>\n<meta property=\"og:description\" content=\"Acheter de la poudre de butylone en ligne. Si vous cherchez comment acheter Butylone en ligne, alors vous \u00eates au bon endroit pour acheter Butylone en ligne.\" \/>\n<meta property=\"og:url\" content=\"https:\/\/everydaychemshop.com\/fr\/product\/acheter-butylone-en-ligne\/\" \/>\n<meta property=\"og:site_name\" content=\"Everyday Chem Shop\" \/>\n<meta property=\"article:modified_time\" content=\"2023-04-07T11:59:00+00:00\" \/>\n<meta property=\"og:image\" content=\"https:\/\/everydaychemshop.com\/fr\/wp-content\/uploads\/sites\/5\/2022\/11\/Buy-Butylone-powder.jpg\" \/>\n\t<meta property=\"og:image:width\" content=\"1200\" \/>\n\t<meta property=\"og:image:height\" content=\"1200\" \/>\n\t<meta property=\"og:image:type\" content=\"image\/jpeg\" \/>\n<meta name=\"twitter:card\" content=\"summary_large_image\" \/>\n<meta name=\"twitter:label1\" content=\"Est. reading time\" \/>\n\t<meta name=\"twitter:data1\" content=\"4 minutes\" \/>\n<script type=\"application\/ld+json\" class=\"yoast-schema-graph\">{\"@context\":\"https:\\\/\\\/schema.org\",\"@graph\":[{\"@type\":\"WebPage\",\"@id\":\"https:\\\/\\\/everydaychemshop.com\\\/fr\\\/product\\\/acheter-butylone-en-ligne\\\/\",\"url\":\"https:\\\/\\\/everydaychemshop.com\\\/fr\\\/product\\\/acheter-butylone-en-ligne\\\/\",\"name\":\"Acheter de la poudre de butylone en ligne - Everyday Chem Shop\",\"isPartOf\":{\"@id\":\"https:\\\/\\\/everydaychemshop.com\\\/fr\\\/#website\"},\"primaryImageOfPage\":{\"@id\":\"https:\\\/\\\/everydaychemshop.com\\\/fr\\\/product\\\/acheter-butylone-en-ligne\\\/#primaryimage\"},\"image\":{\"@id\":\"https:\\\/\\\/everydaychemshop.com\\\/fr\\\/product\\\/acheter-butylone-en-ligne\\\/#primaryimage\"},\"thumbnailUrl\":\"https:\\\/\\\/everydaychemshop.com\\\/fr\\\/wp-content\\\/uploads\\\/sites\\\/5\\\/2022\\\/11\\\/Buy-Butylone-powder.jpg\",\"datePublished\":\"2022-11-16T09:47:42+00:00\",\"dateModified\":\"2023-04-07T11:59:00+00:00\",\"description\":\"Acheter de la poudre de butylone en ligne. Si vous cherchez comment acheter Butylone en ligne, alors vous \u00eates au bon endroit pour acheter Butylone en ligne.\",\"breadcrumb\":{\"@id\":\"https:\\\/\\\/everydaychemshop.com\\\/fr\\\/product\\\/acheter-butylone-en-ligne\\\/#breadcrumb\"},\"inLanguage\":\"en-US\",\"potentialAction\":[{\"@type\":\"ReadAction\",\"target\":[\"https:\\\/\\\/everydaychemshop.com\\\/fr\\\/product\\\/acheter-butylone-en-ligne\\\/\"]}]},{\"@type\":\"ImageObject\",\"inLanguage\":\"en-US\",\"@id\":\"https:\\\/\\\/everydaychemshop.com\\\/fr\\\/product\\\/acheter-butylone-en-ligne\\\/#primaryimage\",\"url\":\"https:\\\/\\\/everydaychemshop.com\\\/fr\\\/wp-content\\\/uploads\\\/sites\\\/5\\\/2022\\\/11\\\/Buy-Butylone-powder.jpg\",\"contentUrl\":\"https:\\\/\\\/everydaychemshop.com\\\/fr\\\/wp-content\\\/uploads\\\/sites\\\/5\\\/2022\\\/11\\\/Buy-Butylone-powder.jpg\",\"width\":1200,\"height\":1200,\"caption\":\"Acheter de la poudre de butylone en ligne\"},{\"@type\":\"BreadcrumbList\",\"@id\":\"https:\\\/\\\/everydaychemshop.com\\\/fr\\\/product\\\/acheter-butylone-en-ligne\\\/#breadcrumb\",\"itemListElement\":[{\"@type\":\"ListItem\",\"position\":1,\"name\":\"Home\",\"item\":\"https:\\\/\\\/everydaychemshop.com\\\/fr\\\/\"},{\"@type\":\"ListItem\",\"position\":2,\"name\":\"Des produits\",\"item\":\"https:\\\/\\\/everydaychemshop.com\\\/fr\\\/des-produits\\\/\"},{\"@type\":\"ListItem\",\"position\":3,\"name\":\"Butylone\"}]},{\"@type\":\"WebSite\",\"@id\":\"https:\\\/\\\/everydaychemshop.com\\\/fr\\\/#website\",\"url\":\"https:\\\/\\\/everydaychemshop.com\\\/fr\\\/\",\"name\":\"Everyday Chem Shop\",\"description\":\"\",\"potentialAction\":[{\"@type\":\"SearchAction\",\"target\":{\"@type\":\"EntryPoint\",\"urlTemplate\":\"https:\\\/\\\/everydaychemshop.com\\\/fr\\\/?s={search_term_string}\"},\"query-input\":{\"@type\":\"PropertyValueSpecification\",\"valueRequired\":true,\"valueName\":\"search_term_string\"}}],\"inLanguage\":\"en-US\"}]}<\/script>\n<!-- \/ Yoast SEO Premium plugin. -->","yoast_head_json":{"title":"Acheter de la poudre de butylone en ligne - Everyday Chem Shop","description":"Acheter de la poudre de butylone en ligne. Si vous cherchez comment acheter Butylone en ligne, alors vous \u00eates au bon endroit pour acheter Butylone en ligne.","robots":{"index":"index","follow":"follow","max-snippet":"max-snippet:-1","max-image-preview":"max-image-preview:large","max-video-preview":"max-video-preview:-1"},"canonical":"https:\/\/everydaychemshop.com\/fr\/product\/acheter-butylone-en-ligne\/","og_locale":"en_US","og_type":"article","og_title":"Butylone","og_description":"Acheter de la poudre de butylone en ligne. Si vous cherchez comment acheter Butylone en ligne, alors vous \u00eates au bon endroit pour acheter Butylone en ligne.","og_url":"https:\/\/everydaychemshop.com\/fr\/product\/acheter-butylone-en-ligne\/","og_site_name":"Everyday Chem Shop","article_modified_time":"2023-04-07T11:59:00+00:00","og_image":[{"width":1200,"height":1200,"url":"https:\/\/everydaychemshop.com\/fr\/wp-content\/uploads\/sites\/5\/2022\/11\/Buy-Butylone-powder.jpg","type":"image\/jpeg"}],"twitter_card":"summary_large_image","twitter_misc":{"Est. reading time":"4 minutes"},"schema":{"@context":"https:\/\/schema.org","@graph":[{"@type":"WebPage","@id":"https:\/\/everydaychemshop.com\/fr\/product\/acheter-butylone-en-ligne\/","url":"https:\/\/everydaychemshop.com\/fr\/product\/acheter-butylone-en-ligne\/","name":"Acheter de la poudre de butylone en ligne - Everyday Chem Shop","isPartOf":{"@id":"https:\/\/everydaychemshop.com\/fr\/#website"},"primaryImageOfPage":{"@id":"https:\/\/everydaychemshop.com\/fr\/product\/acheter-butylone-en-ligne\/#primaryimage"},"image":{"@id":"https:\/\/everydaychemshop.com\/fr\/product\/acheter-butylone-en-ligne\/#primaryimage"},"thumbnailUrl":"https:\/\/everydaychemshop.com\/fr\/wp-content\/uploads\/sites\/5\/2022\/11\/Buy-Butylone-powder.jpg","datePublished":"2022-11-16T09:47:42+00:00","dateModified":"2023-04-07T11:59:00+00:00","description":"Acheter de la poudre de butylone en ligne. Si vous cherchez comment acheter Butylone en ligne, alors vous \u00eates au bon endroit pour acheter Butylone en ligne.","breadcrumb":{"@id":"https:\/\/everydaychemshop.com\/fr\/product\/acheter-butylone-en-ligne\/#breadcrumb"},"inLanguage":"en-US","potentialAction":[{"@type":"ReadAction","target":["https:\/\/everydaychemshop.com\/fr\/product\/acheter-butylone-en-ligne\/"]}]},{"@type":"ImageObject","inLanguage":"en-US","@id":"https:\/\/everydaychemshop.com\/fr\/product\/acheter-butylone-en-ligne\/#primaryimage","url":"https:\/\/everydaychemshop.com\/fr\/wp-content\/uploads\/sites\/5\/2022\/11\/Buy-Butylone-powder.jpg","contentUrl":"https:\/\/everydaychemshop.com\/fr\/wp-content\/uploads\/sites\/5\/2022\/11\/Buy-Butylone-powder.jpg","width":1200,"height":1200,"caption":"Acheter de la poudre de butylone en ligne"},{"@type":"BreadcrumbList","@id":"https:\/\/everydaychemshop.com\/fr\/product\/acheter-butylone-en-ligne\/#breadcrumb","itemListElement":[{"@type":"ListItem","position":1,"name":"Home","item":"https:\/\/everydaychemshop.com\/fr\/"},{"@type":"ListItem","position":2,"name":"Des produits","item":"https:\/\/everydaychemshop.com\/fr\/des-produits\/"},{"@type":"ListItem","position":3,"name":"Butylone"}]},{"@type":"WebSite","@id":"https:\/\/everydaychemshop.com\/fr\/#website","url":"https:\/\/everydaychemshop.com\/fr\/","name":"Everyday Chem Shop","description":"","potentialAction":[{"@type":"SearchAction","target":{"@type":"EntryPoint","urlTemplate":"https:\/\/everydaychemshop.com\/fr\/?s={search_term_string}"},"query-input":{"@type":"PropertyValueSpecification","valueRequired":true,"valueName":"search_term_string"}}],"inLanguage":"en-US"}]}},"_links":{"self":[{"href":"https:\/\/everydaychemshop.com\/fr\/wp-json\/wp\/v2\/product\/7794","targetHints":{"allow":["GET"]}}],"collection":[{"href":"https:\/\/everydaychemshop.com\/fr\/wp-json\/wp\/v2\/product"}],"about":[{"href":"https:\/\/everydaychemshop.com\/fr\/wp-json\/wp\/v2\/types\/product"}],"replies":[{"embeddable":true,"href":"https:\/\/everydaychemshop.com\/fr\/wp-json\/wp\/v2\/comments?post=7794"}],"wp:featuredmedia":[{"embeddable":true,"href":"https:\/\/everydaychemshop.com\/fr\/wp-json\/wp\/v2\/media\/7808"}],"wp:attachment":[{"href":"https:\/\/everydaychemshop.com\/fr\/wp-json\/wp\/v2\/media?parent=7794"}],"wp:term":[{"taxonomy":"product_brand","embeddable":true,"href":"https:\/\/everydaychemshop.com\/fr\/wp-json\/wp\/v2\/product_brand?post=7794"},{"taxonomy":"product_cat","embeddable":true,"href":"https:\/\/everydaychemshop.com\/fr\/wp-json\/wp\/v2\/product_cat?post=7794"},{"taxonomy":"product_tag","embeddable":true,"href":"https:\/\/everydaychemshop.com\/fr\/wp-json\/wp\/v2\/product_tag?post=7794"}],"curies":[{"name":"wp","href":"https:\/\/api.w.org\/{rel}","templated":true}]}}