{"id":7800,"date":"2022-11-16T09:47:44","date_gmt":"2022-11-16T09:47:44","guid":{"rendered":"https:\/\/everydaychemshop.com\/fr\/?post_type=product&#038;p=7800"},"modified":"2023-04-07T11:57:34","modified_gmt":"2023-04-07T11:57:34","slug":"acheter-buphedrone-en-ligne","status":"publish","type":"product","link":"https:\/\/everydaychemshop.com\/fr\/product\/acheter-buphedrone-en-ligne\/","title":{"rendered":"Buph\u00e9drone"},"content":{"rendered":"<h1>Acheter de la poudre de buph\u00e9drone en ligne<\/h1>\n<p><a href=\"https:\/\/everydaychemshop.com\/fr\/product\/acheter-buphedrone-en-ligne\/\">Acheter de la poudre de buph\u00e9drone en ligne<\/a>. L&#8217;histoire de la buph\u00e9drone commence en 1928. Lorsque le produit chimique de recherche a \u00e9t\u00e9 synth\u00e9tis\u00e9 pour la premi\u00e8re fois, il a \u00e9t\u00e9 inclus dans la classe des ph\u00e9n\u00e9thylamines et des cathinones. Il est interdit de consommer de la buph\u00e9drone pour la vente, mais elle est disponible sur le march\u00e9 des produits chimiques de recherche \u00e0 des fins de recherche et m\u00e9dico-l\u00e9gales. Dans notre boutique en ligne de buph\u00e9drone, vous trouverez de la buph\u00e9drone \u00e0 vendre ainsi que de nombreux autres stimulants similaires \u00e0 la buph\u00e9drone.<\/p>\n<p>Connu sous le nom de MABP, ce m\u00e9dicament de synth\u00e8se est une b\u00eata-c\u00e9tone. Si vous <a href=\"https:\/\/en.wikipedia.org\/wiki\/Buphedrone\">avez<\/a> besoin d&#8217;acheter des analogues de la m\u00e9thamph\u00e9tamine, MABP sera un bon choix.<\/p>\n<p>Vous pouvez acheter MABP en ligne avec une livraison dans le monde entier. Notre soci\u00e9t\u00e9 est engag\u00e9e dans la vente en gros de MABP. \u00catre inclus dans la zone grise de la recherche chimique MABP est largement utilis\u00e9 par les chercheurs et les scientifiques dans divers tests et exp\u00e9riences. Lorsque vous avez besoin de MABP Achetez en ligne UNIQUEMENT aupr\u00e8s de fournisseurs de confiance. De cette fa\u00e7on, vous obtiendrez des substances pures \u00e0 un prix abordable.<\/p>\n<p>Avant que les clients ne commandent MABP en ligne, nous conseillons de lire les informations sur les effets et les effets secondaires de MABP pour savoir \u00e0 quoi s&#8217;attendre de l&#8217;exp\u00e9rience MABP. Il est \u00e9galement possible de se familiariser avec les rapports de voyage MABP et les cas de d\u00e9c\u00e8s MABP ainsi que les mauvais voyages et blessures MABP \u00e0 partir des d\u00e9clarations d&#8217;utilisateurs pr\u00e9c\u00e9dents visitant la page MABP Erowid.<\/p>\n<p>Le sentiment d&#8217;euphorie a \u00e9t\u00e9 d\u00e9clar\u00e9 par tous les utilisateurs MABP. Ils ont \u00e9galement admis qu&#8217;il est tr\u00e8s important de savoir comment prendre et utiliser MABP. Cela conduit non seulement \u00e0 une humeur \u00e9lev\u00e9e, mais les gens sont devenus plus bavards, leur fr\u00e9quence cardiaque augmente. Leur discours est devenu brouill\u00e9 et ils ne peuvent pas s&#8217;endormir. Ils se sentaient agit\u00e9s et avaient des capacit\u00e9s de communication et une motivation accrues.<\/p>\n<p>MABP est un puissant lib\u00e9rateur de dopamine. En comparant le MABP et la m\u00e9thamph\u00e9tamine, le MABP est plus euphorique et moins stimulant.<\/p>\n<p>Le sentiment d&#8217;euphorie a \u00e9t\u00e9 d\u00e9clar\u00e9 par tous les utilisateurs de Buphedrone. Ils ont \u00e9galement admis qu&#8217;il est tr\u00e8s important de savoir comment prendre et utiliser Buphedrone. Cela conduit non seulement \u00e0 une humeur \u00e9lev\u00e9e, mais les gens sont devenus plus bavards, leur fr\u00e9quence cardiaque augmente. Leur discours est devenu brouill\u00e9 et ils ne peuvent pas s&#8217;endormir. Ils se sentaient agit\u00e9s et avaient des capacit\u00e9s de communication accrues ainsi que de la motivation.<\/p>\n<p>Savez-vous o\u00f9 acheter de la buph\u00e9drone en ligne\u00a0?<\/p>\n<p>Buph\u00e9drone \u00e0 vendre, valeur marchande de la buph\u00e9drone, dosage de la buph\u00e9drone, comment fabriquer Poudre de buph\u00e9drone, o\u00f9 puis-je acheter de la buph\u00e9drone en ligne, o\u00f9 se procurer de la buph\u00e9drone en ligne, qu&#8217;est-ce que la buph\u00e9drone, poudre de buph\u00e9drone de qualit\u00e9 sup\u00e9rieure \u00e0 vendre. Toutes ces questions sans r\u00e9ponse peuvent trouver leurs r\u00e9ponses gr\u00e2ce \u00e0 nous. Il vous suffit de parcourir notre site Web et vous obtiendrez les r\u00e9ponses sur comment et o\u00f9 vous pouvez acheter des pilules de fentanyl en ligne.<\/p>\n<p>Qu&#8217;en est-il de la poudre de buph\u00e9drone\u00a0? Savez-vous \u00e9galement o\u00f9 acheter de la buph\u00e9drone en ligne\u00a0? acheter de la poudre de buphedrone, de la poudre de buphedrone \u00e0 vendre, comment fabriquer de la poudre de buphedrone, \u00e0 quoi ressemble la poudre de buphedrone, prix public de la poudre de buphedrone, prix de la poudre de buphedrone, o\u00f9 acheter de la poudre de buphedrone, poudre de buphedrone pure, o\u00f9 puis-je acheter de la poudre de buphedrone en ligne, buphedrone fournisseurs de poudre, forme de poudre de Buphedrone, acheter de la poudre de Buphedrone pure, prix de la poudre de Buphedrone<\/p>\n<p>Buphedrone de bonne qualit\u00e9 en ligne : Il est parfaitement entendu que les gens ne font pas rapidement confiance \u00e0 la qualit\u00e9 de la Buphedrone vendue en ligne car ils ne peuvent pas examiner \u00e7a physiquement. Mais ce n&#8217;est pas la m\u00eame chose avec les fournisseurs de buphedrone en ligne. Les produits ici sont fid\u00e8les \u00e0 leur description avec un entretien de haute qualit\u00e9 effectu\u00e9 sous la supervision d&#8217;experts.<\/p>\n<p>Rapide &amp; Exp\u00e9dition discr\u00e8te : La livraison du Buphedrone apr\u00e8s r\u00e9ception de la commande se fait dans les d\u00e9lais promis. L&#8217;\u00e9quipe d&#8217;exp\u00e9dition met tout en \u0153uvre pour rendre la proc\u00e9dure d&#8217;exp\u00e9dition et de livraison fluide et rapide. Vous pouvez \u00e9galement vous attendre \u00e0 d&#8217;excellents services lors de l&#8217;achat de Buphedrone aupr\u00e8s du professionnel sur la plateforme en ligne.<\/p>\n","protected":false},"excerpt":{"rendered":"<p>Achetez du Buphedrone en ligne<a href=\"https:\/\/en.wikipedia.org\/wiki\/Buphedrone\">. L&#8217;histoire de la buph\u00e9drone commence en 1928. Lorsque le produit chimique de recherche a \u00e9t\u00e9 synth\u00e9tis\u00e9 pour la premi\u00e8re fois, il a \u00e9t\u00e9 inclus dans la classe des ph\u00e9n\u00e9thylamines et des cathinones. Il est interdit de consommer de la buph\u00e9drone pour la vente, mais elle est disponible sur le march\u00e9 des produits chimiques de recherche \u00e0 des fins de recherche et m\u00e9dico-l\u00e9gales. Dans notre boutique en ligne de buph\u00e9drone, vous trouverez de la buph\u00e9drone \u00e0 vendre ainsi que de nombreux autres stimulants \u00e0 vendre similaires \u00e0 la buph\u00e9drone.<\/a><\/p>\n","protected":false},"featured_media":7824,"comment_status":"open","ping_status":"closed","template":"","meta":{"inline_featured_image":false},"product_brand":[],"product_cat":[264],"product_tag":[456,457,458,452,453,454,460,459,455],"class_list":{"0":"post-7800","1":"product","2":"type-product","3":"status-publish","4":"has-post-thumbnail","6":"product_cat-recherche-chimique","7":"product_tag-acheter-buphedrone-en-ligne","8":"product_tag-acheter-mabp","9":"product_tag-acheter-mabp-en-ligne","10":"product_tag-buphdrone","11":"product_tag-buphedrone-buy","12":"product_tag-buphedrone-for-sale","13":"product_tag-commander-buphdrone","14":"product_tag-mabp-for-sale","15":"product_tag-prix-buphedrone","17":"first","18":"instock","19":"shipping-taxable","20":"purchasable","21":"product-type-variable","22":"has-default-attributes"},"yoast_head":"<!-- This site is optimized with the Yoast SEO Premium plugin v19.2 (Yoast SEO v27.3) - https:\/\/yoast.com\/product\/yoast-seo-premium-wordpress\/ -->\n<title>Acheter de la poudre de buph\u00e9drone - Everyday Chem Shop<\/title>\n<meta name=\"description\" content=\"Acheter de la poudre de buph\u00e9drone en ligne. Si vous cherchez comment acheter du Buphedrone en ligne, vous \u00eates au bon endroit pour acheter du Buphedrone en ligne.\" \/>\n<meta name=\"robots\" content=\"index, follow, max-snippet:-1, max-image-preview:large, max-video-preview:-1\" \/>\n<link rel=\"canonical\" href=\"https:\/\/everydaychemshop.com\/fr\/product\/acheter-buphedrone-en-ligne\/\" \/>\n<meta property=\"og:locale\" content=\"en_US\" \/>\n<meta property=\"og:type\" content=\"article\" \/>\n<meta property=\"og:title\" content=\"Buph\u00e9drone\" \/>\n<meta property=\"og:description\" content=\"Acheter de la poudre de buph\u00e9drone en ligne. Si vous cherchez comment acheter du Buphedrone en ligne, vous \u00eates au bon endroit pour acheter du Buphedrone en ligne.\" \/>\n<meta property=\"og:url\" content=\"https:\/\/everydaychemshop.com\/fr\/product\/acheter-buphedrone-en-ligne\/\" \/>\n<meta property=\"og:site_name\" content=\"Everyday Chem Shop\" \/>\n<meta property=\"article:modified_time\" content=\"2023-04-07T11:57:34+00:00\" \/>\n<meta property=\"og:image\" content=\"https:\/\/everydaychemshop.com\/fr\/wp-content\/uploads\/sites\/5\/2022\/11\/Buphedrone.jpg\" \/>\n\t<meta property=\"og:image:width\" content=\"1200\" \/>\n\t<meta property=\"og:image:height\" content=\"1200\" \/>\n\t<meta property=\"og:image:type\" content=\"image\/jpeg\" \/>\n<meta name=\"twitter:card\" content=\"summary_large_image\" \/>\n<meta name=\"twitter:label1\" content=\"Est. reading time\" \/>\n\t<meta name=\"twitter:data1\" content=\"4 minutes\" \/>\n<script type=\"application\/ld+json\" class=\"yoast-schema-graph\">{\"@context\":\"https:\\\/\\\/schema.org\",\"@graph\":[{\"@type\":\"WebPage\",\"@id\":\"https:\\\/\\\/everydaychemshop.com\\\/fr\\\/product\\\/acheter-buphedrone-en-ligne\\\/\",\"url\":\"https:\\\/\\\/everydaychemshop.com\\\/fr\\\/product\\\/acheter-buphedrone-en-ligne\\\/\",\"name\":\"Acheter de la poudre de buph\u00e9drone - Everyday Chem Shop\",\"isPartOf\":{\"@id\":\"https:\\\/\\\/everydaychemshop.com\\\/fr\\\/#website\"},\"primaryImageOfPage\":{\"@id\":\"https:\\\/\\\/everydaychemshop.com\\\/fr\\\/product\\\/acheter-buphedrone-en-ligne\\\/#primaryimage\"},\"image\":{\"@id\":\"https:\\\/\\\/everydaychemshop.com\\\/fr\\\/product\\\/acheter-buphedrone-en-ligne\\\/#primaryimage\"},\"thumbnailUrl\":\"https:\\\/\\\/everydaychemshop.com\\\/fr\\\/wp-content\\\/uploads\\\/sites\\\/5\\\/2022\\\/11\\\/Buphedrone.jpg\",\"datePublished\":\"2022-11-16T09:47:44+00:00\",\"dateModified\":\"2023-04-07T11:57:34+00:00\",\"description\":\"Acheter de la poudre de buph\u00e9drone en ligne. Si vous cherchez comment acheter du Buphedrone en ligne, vous \u00eates au bon endroit pour acheter du Buphedrone en ligne.\",\"breadcrumb\":{\"@id\":\"https:\\\/\\\/everydaychemshop.com\\\/fr\\\/product\\\/acheter-buphedrone-en-ligne\\\/#breadcrumb\"},\"inLanguage\":\"en-US\",\"potentialAction\":[{\"@type\":\"ReadAction\",\"target\":[\"https:\\\/\\\/everydaychemshop.com\\\/fr\\\/product\\\/acheter-buphedrone-en-ligne\\\/\"]}]},{\"@type\":\"ImageObject\",\"inLanguage\":\"en-US\",\"@id\":\"https:\\\/\\\/everydaychemshop.com\\\/fr\\\/product\\\/acheter-buphedrone-en-ligne\\\/#primaryimage\",\"url\":\"https:\\\/\\\/everydaychemshop.com\\\/fr\\\/wp-content\\\/uploads\\\/sites\\\/5\\\/2022\\\/11\\\/Buphedrone.jpg\",\"contentUrl\":\"https:\\\/\\\/everydaychemshop.com\\\/fr\\\/wp-content\\\/uploads\\\/sites\\\/5\\\/2022\\\/11\\\/Buphedrone.jpg\",\"width\":1200,\"height\":1200,\"caption\":\"Acheter de la poudre de buph\u00e9drone en ligne\"},{\"@type\":\"BreadcrumbList\",\"@id\":\"https:\\\/\\\/everydaychemshop.com\\\/fr\\\/product\\\/acheter-buphedrone-en-ligne\\\/#breadcrumb\",\"itemListElement\":[{\"@type\":\"ListItem\",\"position\":1,\"name\":\"Home\",\"item\":\"https:\\\/\\\/everydaychemshop.com\\\/fr\\\/\"},{\"@type\":\"ListItem\",\"position\":2,\"name\":\"Des produits\",\"item\":\"https:\\\/\\\/everydaychemshop.com\\\/fr\\\/des-produits\\\/\"},{\"@type\":\"ListItem\",\"position\":3,\"name\":\"Buph\u00e9drone\"}]},{\"@type\":\"WebSite\",\"@id\":\"https:\\\/\\\/everydaychemshop.com\\\/fr\\\/#website\",\"url\":\"https:\\\/\\\/everydaychemshop.com\\\/fr\\\/\",\"name\":\"Everyday Chem Shop\",\"description\":\"\",\"potentialAction\":[{\"@type\":\"SearchAction\",\"target\":{\"@type\":\"EntryPoint\",\"urlTemplate\":\"https:\\\/\\\/everydaychemshop.com\\\/fr\\\/?s={search_term_string}\"},\"query-input\":{\"@type\":\"PropertyValueSpecification\",\"valueRequired\":true,\"valueName\":\"search_term_string\"}}],\"inLanguage\":\"en-US\"}]}<\/script>\n<!-- \/ Yoast SEO Premium plugin. -->","yoast_head_json":{"title":"Acheter de la poudre de buph\u00e9drone - Everyday Chem Shop","description":"Acheter de la poudre de buph\u00e9drone en ligne. Si vous cherchez comment acheter du Buphedrone en ligne, vous \u00eates au bon endroit pour acheter du Buphedrone en ligne.","robots":{"index":"index","follow":"follow","max-snippet":"max-snippet:-1","max-image-preview":"max-image-preview:large","max-video-preview":"max-video-preview:-1"},"canonical":"https:\/\/everydaychemshop.com\/fr\/product\/acheter-buphedrone-en-ligne\/","og_locale":"en_US","og_type":"article","og_title":"Buph\u00e9drone","og_description":"Acheter de la poudre de buph\u00e9drone en ligne. Si vous cherchez comment acheter du Buphedrone en ligne, vous \u00eates au bon endroit pour acheter du Buphedrone en ligne.","og_url":"https:\/\/everydaychemshop.com\/fr\/product\/acheter-buphedrone-en-ligne\/","og_site_name":"Everyday Chem Shop","article_modified_time":"2023-04-07T11:57:34+00:00","og_image":[{"width":1200,"height":1200,"url":"https:\/\/everydaychemshop.com\/fr\/wp-content\/uploads\/sites\/5\/2022\/11\/Buphedrone.jpg","type":"image\/jpeg"}],"twitter_card":"summary_large_image","twitter_misc":{"Est. reading time":"4 minutes"},"schema":{"@context":"https:\/\/schema.org","@graph":[{"@type":"WebPage","@id":"https:\/\/everydaychemshop.com\/fr\/product\/acheter-buphedrone-en-ligne\/","url":"https:\/\/everydaychemshop.com\/fr\/product\/acheter-buphedrone-en-ligne\/","name":"Acheter de la poudre de buph\u00e9drone - Everyday Chem Shop","isPartOf":{"@id":"https:\/\/everydaychemshop.com\/fr\/#website"},"primaryImageOfPage":{"@id":"https:\/\/everydaychemshop.com\/fr\/product\/acheter-buphedrone-en-ligne\/#primaryimage"},"image":{"@id":"https:\/\/everydaychemshop.com\/fr\/product\/acheter-buphedrone-en-ligne\/#primaryimage"},"thumbnailUrl":"https:\/\/everydaychemshop.com\/fr\/wp-content\/uploads\/sites\/5\/2022\/11\/Buphedrone.jpg","datePublished":"2022-11-16T09:47:44+00:00","dateModified":"2023-04-07T11:57:34+00:00","description":"Acheter de la poudre de buph\u00e9drone en ligne. Si vous cherchez comment acheter du Buphedrone en ligne, vous \u00eates au bon endroit pour acheter du Buphedrone en ligne.","breadcrumb":{"@id":"https:\/\/everydaychemshop.com\/fr\/product\/acheter-buphedrone-en-ligne\/#breadcrumb"},"inLanguage":"en-US","potentialAction":[{"@type":"ReadAction","target":["https:\/\/everydaychemshop.com\/fr\/product\/acheter-buphedrone-en-ligne\/"]}]},{"@type":"ImageObject","inLanguage":"en-US","@id":"https:\/\/everydaychemshop.com\/fr\/product\/acheter-buphedrone-en-ligne\/#primaryimage","url":"https:\/\/everydaychemshop.com\/fr\/wp-content\/uploads\/sites\/5\/2022\/11\/Buphedrone.jpg","contentUrl":"https:\/\/everydaychemshop.com\/fr\/wp-content\/uploads\/sites\/5\/2022\/11\/Buphedrone.jpg","width":1200,"height":1200,"caption":"Acheter de la poudre de buph\u00e9drone en ligne"},{"@type":"BreadcrumbList","@id":"https:\/\/everydaychemshop.com\/fr\/product\/acheter-buphedrone-en-ligne\/#breadcrumb","itemListElement":[{"@type":"ListItem","position":1,"name":"Home","item":"https:\/\/everydaychemshop.com\/fr\/"},{"@type":"ListItem","position":2,"name":"Des produits","item":"https:\/\/everydaychemshop.com\/fr\/des-produits\/"},{"@type":"ListItem","position":3,"name":"Buph\u00e9drone"}]},{"@type":"WebSite","@id":"https:\/\/everydaychemshop.com\/fr\/#website","url":"https:\/\/everydaychemshop.com\/fr\/","name":"Everyday Chem Shop","description":"","potentialAction":[{"@type":"SearchAction","target":{"@type":"EntryPoint","urlTemplate":"https:\/\/everydaychemshop.com\/fr\/?s={search_term_string}"},"query-input":{"@type":"PropertyValueSpecification","valueRequired":true,"valueName":"search_term_string"}}],"inLanguage":"en-US"}]}},"_links":{"self":[{"href":"https:\/\/everydaychemshop.com\/fr\/wp-json\/wp\/v2\/product\/7800","targetHints":{"allow":["GET"]}}],"collection":[{"href":"https:\/\/everydaychemshop.com\/fr\/wp-json\/wp\/v2\/product"}],"about":[{"href":"https:\/\/everydaychemshop.com\/fr\/wp-json\/wp\/v2\/types\/product"}],"replies":[{"embeddable":true,"href":"https:\/\/everydaychemshop.com\/fr\/wp-json\/wp\/v2\/comments?post=7800"}],"wp:featuredmedia":[{"embeddable":true,"href":"https:\/\/everydaychemshop.com\/fr\/wp-json\/wp\/v2\/media\/7824"}],"wp:attachment":[{"href":"https:\/\/everydaychemshop.com\/fr\/wp-json\/wp\/v2\/media?parent=7800"}],"wp:term":[{"taxonomy":"product_brand","embeddable":true,"href":"https:\/\/everydaychemshop.com\/fr\/wp-json\/wp\/v2\/product_brand?post=7800"},{"taxonomy":"product_cat","embeddable":true,"href":"https:\/\/everydaychemshop.com\/fr\/wp-json\/wp\/v2\/product_cat?post=7800"},{"taxonomy":"product_tag","embeddable":true,"href":"https:\/\/everydaychemshop.com\/fr\/wp-json\/wp\/v2\/product_tag?post=7800"}],"curies":[{"name":"wp","href":"https:\/\/api.w.org\/{rel}","templated":true}]}}