{"id":7830,"date":"2022-11-16T18:06:49","date_gmt":"2022-11-16T18:06:49","guid":{"rendered":"https:\/\/everydaychemshop.com\/fr\/?post_type=product&#038;p=7830"},"modified":"2023-04-07T11:51:25","modified_gmt":"2023-04-07T11:51:25","slug":"papier-k2","status":"publish","type":"product","link":"https:\/\/everydaychemshop.com\/fr\/product\/papier-k2\/","title":{"rendered":"Papier K2"},"content":{"rendered":"<h1>Acheter du papier K2 en ligne<\/h1>\n<p><a href=\"https:\/\/everydaychemshop.com\/fr\/product\/papier-k2\/\">Acheter du papier K2 en ligne<\/a>. Bienvenue au meilleur endroit pour acheter du papier k2 \u00e0 vendre aux \u00c9tats-Unis sans complications ni flics. Nous sommes sp\u00e9cialis\u00e9s dans la fourniture en ligne de papier k2 de la meilleure qualit\u00e9. nous avons des m\u00e9thodes de paiement flexibles qui ne vous stresseront pas lorsque vous voudrez commander des feuilles de papier k2. obtenez un encens gratuit, achetez du papier k2 en gros en ligne, des feuilles de papier k2 \u00e0 vendre. Nous <a href=\"https:\/\/www.dea.gov\/factsheets\/spice-k2-synthetic-marijuana\">ne<\/a> plaisantons pas en ce qui concerne la livraison des produits car c&#8217;est l&#8217;entreprise que j&#8217;utilise pour payer mes factures, c&#8217;est pourquoi je m&#8217;assure toujours que vous recevez le meilleur produit car une bonne entreprise est plus d&#8217;affaires. notre livraison se fait du jour au lendemain, vous n&#8217;avez donc pas de probl\u00e8me lorsque vous commandez du papier k2 \u00e0 vendre aux \u00c9tats-Unis. Si vous \u00eates bas\u00e9 aux \u00c9tats-Unis et que vous souhaitez acheter du papier k2 \u00e0 vendre aux \u00c9tats-Unis \u00e0 un prix avantageux. <span class=\"css-a5m6co-text css-p8ym46-fontFamily css-11397xj-fontSize css-18j1nfb-display\">feuilles de papier k2 \u00e0 vendre.<\/span>feuilles de papier liquide k2,<\/p>\n<p>&amp;nbsp ;<\/p>\n<p><img loading=\"lazy\" decoding=\"async\" class=\"alignnone size-medium wp-image-7833\" src=\"https:\/\/everydaychemshop.com\/fr\/wp-content\/uploads\/sites\/5\/2022\/11\/ K2-Paper-spraying-300x169.jpg\" alt=\"\" width=\"300\" height=\"169\" \/><\/p>\n<p>Achetez du papier k2 \u00e0 vendre sans aucun probl\u00e8me, si vous ne comprenez pas comment passez une commande, vous devez toujours contacter notre WhatsApp, notre adresse e-mail et \u00e9galement notre chat en direct.K2 paper for sale USA En ce qui concerne la puissance, nous avons l&#8217;un des papiers k2 les plus puissants \u00e0 vendre.death grip potpourri est disponible, papier k2 feuilles \u00e0 vendre, et papier \u00e0 \u00e9pices l\u00e9gal high k2, Si vous ne savez pas comment passer votre commande, n&#8217;oubliez pas de nous contacter. Nous sommes toujours ouverts aux affaires, donc si vous souhaitez commander nos produits aujourd&#8217;hui, vous b\u00e9n\u00e9ficierez d&#8217;une r\u00e9duction de 20 % sur tous vos produits. Saisissez cette opportunit\u00e9 maintenant et passez votre commande car nous ne jouons pas avec des produits bon march\u00e9.K2 Spice Spray on Paper for Sale.<\/p>\n<p>Spice K2 Liquid Spray on Paper, Buy Spice Liquid K2 on Paper,\u00a0 Buy K2 Liquid spray on paper,\u00a0 k2 spray on paper for sale,\u00a0 spray \u00e9pice for paper, liquid k2 on paper online,\u00a0liquid k2\u00a0spray on paper for sale near me, spraying k2 on paper,<strong data-key=\"k2 infused paper for sale\">\u00a0<\/strong>papier d&#8217;\u00e9pice k2 l\u00e9gal \u00e9lev\u00e9<strong data-key=\"papier infus\u00e9 k2 \u00e0 vendre\">,<\/strong>\u00a0papier K2 \u00e0 vendre aux \u00c9tats-Unis, spray k2 le plus fort sur papier, qu&#8217;est-ce que le spray k2 sur papier, acheter a4 papier imbib\u00e9, feuilles de papier k2 bon march\u00e9, acheter du papier k2 en ligne<\/p>\n<h2>Acheter du papier K2 en gros en ligne USA Livraison le jour suivant<\/h2>\n<p>Nous comprenons quand vous n&#8217;avez pas de papiers k2 c&#8217;est pourquoi nous avons toujours assurez-vous que nous exp\u00e9dions le lendemain pour tous nos produits, si vous commandez du papier k2 \u00e0 vendre dans notre boutique, vous devez toujours vous assurer que vous \u00eates en s\u00e9curit\u00e9 lorsque vous achetez du papier k2 en ligne chez nous. Si vous voulez votre colis d\u00e8s que possible, essayez-nous et voyez de quoi je parle, si vous \u00eates aux \u00c9tats-Unis ou en Europe, vendez du papier k2 en gros en ligne. papier \u00e0 vendre acheter k2, notre processus d&#8217;exp\u00e9dition est le m\u00eame, vous n&#8217;avez donc pas de probl\u00e8mes \u00e0 acheter du papier k2 \u00e0 vendre \u00e0 un prix bon march\u00e9. Nous voulons nous assurer que vous \u00eates toujours pr\u00eat en cas de match.<\/p>\n<p>Il est toujours conseill\u00e9 d&#8217;\u00eatre \u00e0 votre emplacement lors de la livraison afin que vous n&#8217;ayez pas de probl\u00e8mes avec les flics. Visitez toujours notre boutique pour votre\u00a0encens aux herbes\u00a0et \u00e9galement du papier liquide. papier infus\u00e9 k2 et acheter du papier k2 liquide en ce qui concerne la qualit\u00e9 du produit et l&#8217;emballage discret, nous nous sommes m\u00e9rit\u00e9 le meilleur cadeau cette ann\u00e9e. 18j1nfb-display&#8221;&gt;feuilles de papier k2 \u00e0 vendre,\u00a0Dans chacun de nos papiers, la qualit\u00e9 sup\u00e9rieure est pulv\u00e9ris\u00e9e des deux c\u00f4t\u00e9s du\u00a0papier, chaque feuille A4 est infus\u00e9e avec 25 ml = 0,845351 oz liquide de K2 liquide<\/p>\n<p>Si vous \u00eates en prison et que vous souhaitez commander du papier k2 en ligne, vous n&#8217;\u00eates pas le meilleur car la plupart de nos clients sont en prison, nos produits sont surtout connus pour leur odeur incolore et inodore. papier en ligne. Nos produits sont tr\u00e8s purs car ils sont fabriqu\u00e9s par des techniciens de laboratoire qui sont dans le m\u00e9tier depuis plus de 15 ans. Oubliez les sentiments, notre bal est la meilleure chose \u00e0 faire en ce moment. Si vous \u00eates un ancien client, vous pouvez commander nos produits sans stress.<\/p>\n<h3>Achetez des feuilles K2 en ligne Prix \u200b\u200bbon march\u00e9<\/h3>\n<p>Les prix bon march\u00e9 vous feront \u00e9conomiser beaucoup lorsque vous commandez du papier \u00e0 \u00e9pices k2 en ligne dans notre boutique. il n&#8217;est pas n\u00e9cessaire d&#8217;acheter des feuilles k2 en ligne \u00e0 un prix bon march\u00e9 avec une qualit\u00e9 m\u00e9diocre. il y a beaucoup de gens qui ont besoin du papier k2 de la meilleure qualit\u00e9. Nous voulons que vous profitiez de la meilleure exp\u00e9rience en ligne. Achetez du papier k2 en gros en ligne, des feuilles de papier k2 \u00e0 vendre. magasins peu fiables, vous devriez plut\u00f4t commander chez nous car nous avons ce qu&#8217;il vous faut.<\/p>\n<p>Nous offrons \u00e9galement la livraison gratuite le lendemain lorsque c&#8217;est la premi\u00e8re fois que vous achetez du k2 spray en ligne. Nous voulons vous fournir les meilleurs produits de qualit\u00e9 \u00e0 travers le monde. Papier K2 \u00e0 vendre USA Le meilleur papier k2 disponible \u00e0 vendre en ligne est maintenant disponible dans notre boutique. feuilles de papier k2 bon march\u00e9, acheter du papier k2 en ligne, nous fournissons \u00e0 tous\u00a050\u00a0\u00e9tats aux \u00c9tats-Unis , si vous voulez \u00e9valuer notre h\u00f4pital, il vous suffit de visiter notre boutique et de passer votre commande. Achetez du papier k2 \u00e0 vendre chez nous et faites-vous livrer votre produit le lendemain via FedEx ou\u00a0DHL . Si vous trouvez qu&#8217;il est difficile de commander des papiers k2 dans notre boutique, contactez-nous afin que nous puissions traiter votre commande imm\u00e9diatement.<\/p>\n<h3>Feuilles de papier K2 \u00e0 vendre en vrac<\/h3>\n<p>Si vous \u00eates un d\u00e9taillant et vous recherchez les meilleures offres sur le papier k2 en ligne, pensez \u00e0 visiter notre boutique afin que nous puissions vous servir avec les meilleurs produits et aussi tr\u00e8s bon march\u00e9. -fontSize css-18j1nfb-display&#8221;&gt;feuilles de papier k2 \u00e0 vendre. Vous achetez chez nous en toute s\u00e9curit\u00e9 car notre m\u00e9thode de livraison est imbattable. Nous voulons nous assurer que les produits que vous recevez ne sont que les meilleurs. Si vous souhaitez acheter 10 papiers k2 et plus, vous devriez envisager de nous rendre visite car nous vous donnerons un prix bon march\u00e9 sans aucune complication.<\/p>\n<p><img decoding=\"async\" class=\"alignnone size-medium wp-image-7832\" src=\"https:\/\/everydaychemshop.com\/fr\/wp-content\/uploads\/sites\/5\/2022\/11\/K2-Paper-rolled-300x300.png\" alt=\"\" width=\"300\" srcset=\"https:\/\/everydaychemshop.com\/fr\/wp-content\/uploads\/sites\/5\/2022\/11\/K2-Paper-rolled-300x300.png 300w, https:\/\/everydaychemshop.com\/fr\/wp-content\/uploads\/sites\/5\/2022\/11\/K2-Paper-rolled-150x150.png 150w, https:\/\/everydaychemshop.com\/fr\/wp-content\/uploads\/sites\/5\/2022\/11\/K2-Paper-rolled-320x320.png 320w, https:\/\/everydaychemshop.com\/fr\/wp-content\/uploads\/sites\/5\/2022\/11\/K2-Paper-rolled.png 600w\" sizes=\"(max-width: 300px) 100vw, 300px\" \/><\/p>\n","protected":false},"excerpt":{"rendered":"<p>Commandez la meilleure qualit\u00e9 de papier k2 \u00e0 vendre en ligne aux \u00c9tats-Unis avec une livraison garantie le lendemain depuis le dispensaire en ligne le plus fiable et le plus fiable sans aucune complication, nous sommes l\u00e0 pour vous rendre heureux et rendre la commande tr\u00e8s facile pour quiconque papier k2 en ligne sans aucun probl\u00e8me. papier k2 en gros en ligne, acheter du papier k2 en gros en lignefeuilles de papier k2 \u00e0 vendre<\/p>\n","protected":false},"featured_media":7834,"comment_status":"open","ping_status":"closed","template":"","meta":{"inline_featured_image":false},"product_brand":[],"product_cat":[116],"product_tag":[],"class_list":{"0":"post-7830","1":"product","2":"type-product","3":"status-publish","4":"has-post-thumbnail","6":"product_cat-pain-killers","8":"first","9":"instock","10":"shipping-taxable","11":"purchasable","12":"product-type-variable","13":"has-default-attributes"},"yoast_head":"<!-- This site is optimized with the Yoast SEO Premium plugin v19.2 (Yoast SEO v27.3) - https:\/\/yoast.com\/product\/yoast-seo-premium-wordpress\/ -->\n<title>Acheter du papier K2 en ligne - Everyday Chem Shop<\/title>\n<meta name=\"description\" content=\"Acheter du papier K2 en ligne. Nous vendons en ligne la meilleure qualit\u00e9 de papier K2. Veuillez nous contacter pour plus d&#039;informations et les prix.\" \/>\n<meta name=\"robots\" content=\"index, follow, max-snippet:-1, max-image-preview:large, max-video-preview:-1\" \/>\n<link rel=\"canonical\" href=\"https:\/\/everydaychemshop.com\/fr\/product\/papier-k2\/\" \/>\n<meta property=\"og:locale\" content=\"en_US\" \/>\n<meta property=\"og:type\" content=\"article\" \/>\n<meta property=\"og:title\" content=\"Papier K2\" \/>\n<meta property=\"og:description\" content=\"Acheter du papier K2 en ligne. Nous vendons en ligne la meilleure qualit\u00e9 de papier K2. Veuillez nous contacter pour plus d&#039;informations et les prix.\" \/>\n<meta property=\"og:url\" content=\"https:\/\/everydaychemshop.com\/fr\/product\/papier-k2\/\" \/>\n<meta property=\"og:site_name\" content=\"Everyday Chem Shop\" \/>\n<meta property=\"article:modified_time\" content=\"2023-04-07T11:51:25+00:00\" \/>\n<meta property=\"og:image\" content=\"https:\/\/everydaychemshop.com\/fr\/wp-content\/uploads\/sites\/5\/2022\/11\/Legal-High-K2-Spice-Paper.jpg\" \/>\n\t<meta property=\"og:image:width\" content=\"225\" \/>\n\t<meta property=\"og:image:height\" content=\"225\" \/>\n\t<meta property=\"og:image:type\" content=\"image\/jpeg\" \/>\n<meta name=\"twitter:card\" content=\"summary_large_image\" \/>\n<meta name=\"twitter:label1\" content=\"Est. reading time\" \/>\n\t<meta name=\"twitter:data1\" content=\"6 minutes\" \/>\n<script type=\"application\/ld+json\" class=\"yoast-schema-graph\">{\"@context\":\"https:\\\/\\\/schema.org\",\"@graph\":[{\"@type\":\"WebPage\",\"@id\":\"https:\\\/\\\/everydaychemshop.com\\\/fr\\\/product\\\/papier-k2\\\/\",\"url\":\"https:\\\/\\\/everydaychemshop.com\\\/fr\\\/product\\\/papier-k2\\\/\",\"name\":\"Acheter du papier K2 en ligne - Everyday Chem Shop\",\"isPartOf\":{\"@id\":\"https:\\\/\\\/everydaychemshop.com\\\/fr\\\/#website\"},\"primaryImageOfPage\":{\"@id\":\"https:\\\/\\\/everydaychemshop.com\\\/fr\\\/product\\\/papier-k2\\\/#primaryimage\"},\"image\":{\"@id\":\"https:\\\/\\\/everydaychemshop.com\\\/fr\\\/product\\\/papier-k2\\\/#primaryimage\"},\"thumbnailUrl\":\"https:\\\/\\\/everydaychemshop.com\\\/fr\\\/wp-content\\\/uploads\\\/sites\\\/5\\\/2022\\\/11\\\/Legal-High-K2-Spice-Paper.jpg\",\"datePublished\":\"2022-11-16T18:06:49+00:00\",\"dateModified\":\"2023-04-07T11:51:25+00:00\",\"description\":\"Acheter du papier K2 en ligne. Nous vendons en ligne la meilleure qualit\u00e9 de papier K2. Veuillez nous contacter pour plus d'informations et les prix.\",\"breadcrumb\":{\"@id\":\"https:\\\/\\\/everydaychemshop.com\\\/fr\\\/product\\\/papier-k2\\\/#breadcrumb\"},\"inLanguage\":\"en-US\",\"potentialAction\":[{\"@type\":\"ReadAction\",\"target\":[\"https:\\\/\\\/everydaychemshop.com\\\/fr\\\/product\\\/papier-k2\\\/\"]}]},{\"@type\":\"ImageObject\",\"inLanguage\":\"en-US\",\"@id\":\"https:\\\/\\\/everydaychemshop.com\\\/fr\\\/product\\\/papier-k2\\\/#primaryimage\",\"url\":\"https:\\\/\\\/everydaychemshop.com\\\/fr\\\/wp-content\\\/uploads\\\/sites\\\/5\\\/2022\\\/11\\\/Legal-High-K2-Spice-Paper.jpg\",\"contentUrl\":\"https:\\\/\\\/everydaychemshop.com\\\/fr\\\/wp-content\\\/uploads\\\/sites\\\/5\\\/2022\\\/11\\\/Legal-High-K2-Spice-Paper.jpg\",\"width\":225,\"height\":225,\"caption\":\"Acheter du papier K2 en ligne\"},{\"@type\":\"BreadcrumbList\",\"@id\":\"https:\\\/\\\/everydaychemshop.com\\\/fr\\\/product\\\/papier-k2\\\/#breadcrumb\",\"itemListElement\":[{\"@type\":\"ListItem\",\"position\":1,\"name\":\"Home\",\"item\":\"https:\\\/\\\/everydaychemshop.com\\\/fr\\\/\"},{\"@type\":\"ListItem\",\"position\":2,\"name\":\"Des produits\",\"item\":\"https:\\\/\\\/everydaychemshop.com\\\/fr\\\/des-produits\\\/\"},{\"@type\":\"ListItem\",\"position\":3,\"name\":\"Papier K2\"}]},{\"@type\":\"WebSite\",\"@id\":\"https:\\\/\\\/everydaychemshop.com\\\/fr\\\/#website\",\"url\":\"https:\\\/\\\/everydaychemshop.com\\\/fr\\\/\",\"name\":\"Everyday Chem Shop\",\"description\":\"\",\"potentialAction\":[{\"@type\":\"SearchAction\",\"target\":{\"@type\":\"EntryPoint\",\"urlTemplate\":\"https:\\\/\\\/everydaychemshop.com\\\/fr\\\/?s={search_term_string}\"},\"query-input\":{\"@type\":\"PropertyValueSpecification\",\"valueRequired\":true,\"valueName\":\"search_term_string\"}}],\"inLanguage\":\"en-US\"}]}<\/script>\n<!-- \/ Yoast SEO Premium plugin. -->","yoast_head_json":{"title":"Acheter du papier K2 en ligne - Everyday Chem Shop","description":"Acheter du papier K2 en ligne. Nous vendons en ligne la meilleure qualit\u00e9 de papier K2. Veuillez nous contacter pour plus d'informations et les prix.","robots":{"index":"index","follow":"follow","max-snippet":"max-snippet:-1","max-image-preview":"max-image-preview:large","max-video-preview":"max-video-preview:-1"},"canonical":"https:\/\/everydaychemshop.com\/fr\/product\/papier-k2\/","og_locale":"en_US","og_type":"article","og_title":"Papier K2","og_description":"Acheter du papier K2 en ligne. Nous vendons en ligne la meilleure qualit\u00e9 de papier K2. Veuillez nous contacter pour plus d'informations et les prix.","og_url":"https:\/\/everydaychemshop.com\/fr\/product\/papier-k2\/","og_site_name":"Everyday Chem Shop","article_modified_time":"2023-04-07T11:51:25+00:00","og_image":[{"width":225,"height":225,"url":"https:\/\/everydaychemshop.com\/fr\/wp-content\/uploads\/sites\/5\/2022\/11\/Legal-High-K2-Spice-Paper.jpg","type":"image\/jpeg"}],"twitter_card":"summary_large_image","twitter_misc":{"Est. reading time":"6 minutes"},"schema":{"@context":"https:\/\/schema.org","@graph":[{"@type":"WebPage","@id":"https:\/\/everydaychemshop.com\/fr\/product\/papier-k2\/","url":"https:\/\/everydaychemshop.com\/fr\/product\/papier-k2\/","name":"Acheter du papier K2 en ligne - Everyday Chem Shop","isPartOf":{"@id":"https:\/\/everydaychemshop.com\/fr\/#website"},"primaryImageOfPage":{"@id":"https:\/\/everydaychemshop.com\/fr\/product\/papier-k2\/#primaryimage"},"image":{"@id":"https:\/\/everydaychemshop.com\/fr\/product\/papier-k2\/#primaryimage"},"thumbnailUrl":"https:\/\/everydaychemshop.com\/fr\/wp-content\/uploads\/sites\/5\/2022\/11\/Legal-High-K2-Spice-Paper.jpg","datePublished":"2022-11-16T18:06:49+00:00","dateModified":"2023-04-07T11:51:25+00:00","description":"Acheter du papier K2 en ligne. Nous vendons en ligne la meilleure qualit\u00e9 de papier K2. Veuillez nous contacter pour plus d'informations et les prix.","breadcrumb":{"@id":"https:\/\/everydaychemshop.com\/fr\/product\/papier-k2\/#breadcrumb"},"inLanguage":"en-US","potentialAction":[{"@type":"ReadAction","target":["https:\/\/everydaychemshop.com\/fr\/product\/papier-k2\/"]}]},{"@type":"ImageObject","inLanguage":"en-US","@id":"https:\/\/everydaychemshop.com\/fr\/product\/papier-k2\/#primaryimage","url":"https:\/\/everydaychemshop.com\/fr\/wp-content\/uploads\/sites\/5\/2022\/11\/Legal-High-K2-Spice-Paper.jpg","contentUrl":"https:\/\/everydaychemshop.com\/fr\/wp-content\/uploads\/sites\/5\/2022\/11\/Legal-High-K2-Spice-Paper.jpg","width":225,"height":225,"caption":"Acheter du papier K2 en ligne"},{"@type":"BreadcrumbList","@id":"https:\/\/everydaychemshop.com\/fr\/product\/papier-k2\/#breadcrumb","itemListElement":[{"@type":"ListItem","position":1,"name":"Home","item":"https:\/\/everydaychemshop.com\/fr\/"},{"@type":"ListItem","position":2,"name":"Des produits","item":"https:\/\/everydaychemshop.com\/fr\/des-produits\/"},{"@type":"ListItem","position":3,"name":"Papier K2"}]},{"@type":"WebSite","@id":"https:\/\/everydaychemshop.com\/fr\/#website","url":"https:\/\/everydaychemshop.com\/fr\/","name":"Everyday Chem Shop","description":"","potentialAction":[{"@type":"SearchAction","target":{"@type":"EntryPoint","urlTemplate":"https:\/\/everydaychemshop.com\/fr\/?s={search_term_string}"},"query-input":{"@type":"PropertyValueSpecification","valueRequired":true,"valueName":"search_term_string"}}],"inLanguage":"en-US"}]}},"_links":{"self":[{"href":"https:\/\/everydaychemshop.com\/fr\/wp-json\/wp\/v2\/product\/7830","targetHints":{"allow":["GET"]}}],"collection":[{"href":"https:\/\/everydaychemshop.com\/fr\/wp-json\/wp\/v2\/product"}],"about":[{"href":"https:\/\/everydaychemshop.com\/fr\/wp-json\/wp\/v2\/types\/product"}],"replies":[{"embeddable":true,"href":"https:\/\/everydaychemshop.com\/fr\/wp-json\/wp\/v2\/comments?post=7830"}],"wp:featuredmedia":[{"embeddable":true,"href":"https:\/\/everydaychemshop.com\/fr\/wp-json\/wp\/v2\/media\/7834"}],"wp:attachment":[{"href":"https:\/\/everydaychemshop.com\/fr\/wp-json\/wp\/v2\/media?parent=7830"}],"wp:term":[{"taxonomy":"product_brand","embeddable":true,"href":"https:\/\/everydaychemshop.com\/fr\/wp-json\/wp\/v2\/product_brand?post=7830"},{"taxonomy":"product_cat","embeddable":true,"href":"https:\/\/everydaychemshop.com\/fr\/wp-json\/wp\/v2\/product_cat?post=7830"},{"taxonomy":"product_tag","embeddable":true,"href":"https:\/\/everydaychemshop.com\/fr\/wp-json\/wp\/v2\/product_tag?post=7830"}],"curies":[{"name":"wp","href":"https:\/\/api.w.org\/{rel}","templated":true}]}}