{"id":7916,"date":"2022-11-17T09:10:35","date_gmt":"2022-11-17T09:10:35","guid":{"rendered":"https:\/\/everydaychemshop.com\/fr\/?post_type=product&#038;p=7916"},"modified":"2023-04-07T11:47:07","modified_gmt":"2023-04-07T11:47:07","slug":"sulfate-de-codeine","status":"publish","type":"product","link":"https:\/\/everydaychemshop.com\/fr\/product\/sulfate-de-codeine\/","title":{"rendered":"Sulfate de cod\u00e9ine"},"content":{"rendered":"<h1>Acheter des pilules de sulfate de cod\u00e9ine en ligne<\/h1>\n<p class=\"First\"><a href=\"https:\/\/everydaychemshop.com\/fr\/product\/sulfate-de-codeine\/\">Acheter des pilules de sulfate de cod\u00e9ine en ligne<\/a>. Les comprim\u00e9s de sulfate de cod\u00e9ine sont indiqu\u00e9s pour la gestion de la douleur l\u00e9g\u00e8re \u00e0 mod\u00e9r\u00e9e, lorsqu&#8217;un traitement avec un opio\u00efde est appropri\u00e9 et pour lequel les traitements alternatifs sont inad\u00e9quats.<\/p>\n<p><span class=\"Bold\">Limites d&#8217;utilisation\u00a0:<\/span><\/p>\n<p>En raison des risques de d\u00e9pendance, d&#8217;abus et de mauvaise utilisation des opio\u00efdes, m\u00eame aux doses recommand\u00e9es\u00a0<span class=\"Italics\">[voir Avertissements et pr\u00e9cautions ,<\/span>\u00a0r\u00e9server les comprim\u00e9s de sulfate de cod\u00e9ine pour une utilisation chez les patients pour lesquels d&#8217;autres options de traitement [par exemple, des analg\u00e9siques <a href=\"https:\/\/fr.wikipedia.org\/wiki\/Cod%C3%A9ine\">non<\/a> opio\u00efdes ou des produits combin\u00e9s opio\u00efdes]\u00a0:<\/p>\n<dl>\n<dt>\u2022<\/dt>\n<dd>N&#8217;ont pas \u00e9t\u00e9 tol\u00e9r\u00e9s, ou ne devraient pas \u00eatre tol\u00e9r\u00e9s.<\/dd>\n<dt>\u2022<\/dt>\n<dd>N&#8217;ont pas fourni d&#8217;analg\u00e9sie ad\u00e9quate, ou ne sont pas cens\u00e9s fournir une analg\u00e9sie ad\u00e9quate.<\/dd>\n<\/dl>\n<h2>Dosage et administration du sulfate de cod\u00e9ine<\/h2>\n<h3>Dosage important e et Instructions d&#8217;administration<\/h3>\n<p class=\"First\">Utilisez la dose efficace la plus faible pendant la dur\u00e9e la plus courte compatible avec les objectifs de traitement individuels du patient\u00a0<span class=\"Italics\">[voir Avertissements et pr\u00e9cautions.<\/span><\/p>\n<p>Lancer le sch\u00e9ma posologique pour chaque patient individuellement, en tenant compte de la gravit\u00e9 de la douleur du patient, de la r\u00e9ponse du patient, de l&#8217;exp\u00e9rience ant\u00e9rieure du traitement analg\u00e9sique et des facteurs de risque de d\u00e9pendance, d&#8217;abus et de m\u00e9susage\u00a0<span class=\"Italics\">[voir Avertissements et pr\u00e9cautions.<\/span><\/p>\n<p>Surveillez \u00e9troitement les patients pour d\u00e9tecter une d\u00e9pression respiratoire, en particulier dans les 24 \u00e0 72\u00a0premi\u00e8res heures suivant le d\u00e9but du traitement et apr\u00e8s une augmentation de la posologie avec les comprim\u00e9s de sulfate de cod\u00e9ine et ajustez la posologie en cons\u00e9quence\u00a0<span class=\"Italics\">[voir Avertissements et pr\u00e9cautions.<\/span><\/p>\n<h3>Acc\u00e8s du patient \u00e0 la naloxone pour le traitement d&#8217;urgence d&#8217;une surdose d&#8217;opio\u00efdes<\/h3>\n<p class=\"First\"><span class=\"following_xmChange\">Discutez de la disponibilit\u00e9 de la naloxone pour le traitement d&#8217;urgence d&#8217;une surdose d&#8217;opio\u00efdes avec le patient et le soignant et \u00e9valuer le besoin potentiel d&#8217;acc\u00e8s \u00e0 la naloxone, \u00e0 la fois lors de l&#8217;initiation et du renouvellement du traitement avec les comprim\u00e9s de sulfate de cod\u00e9ine\u00a0<span class=\"Italics\">[voir Avertissements et pr\u00e9cautions<\/span><\/span><span class=\"Italics\"><span class=\"following_xmChange\">, Conseil aux patients Informations<\/span><\/span><span class=\"following_xmChange\">.<\/span><\/p>\n<p><span class=\"following_xmChange\">Informer pa les patients et les soignants sur les diff\u00e9rentes fa\u00e7ons d&#8217;obtenir de la naloxone, comme le permettent les exigences ou les lignes directrices de chaque \u00c9tat en mati\u00e8re de distribution et de prescription de naloxone (par exemple, sur ordonnance, directement aupr\u00e8s d&#8217;un pharmacien ou dans le cadre d&#8217;un programme communautaire).<\/span><\/p>\n<p><span class=\"following_xmChange\">Envisagez de prescrire de la naloxone, en fonction des facteurs de risque de surdosage du patient, tels que l&#8217;utilisation concomitante de d\u00e9presseurs du SNC, des ant\u00e9c\u00e9dents de trouble li\u00e9 \u00e0 l&#8217;utilisation d&#8217;opio\u00efdes ou une surdose ant\u00e9rieure d&#8217;opio\u00efdes. La pr\u00e9sence de facteurs de risque de surdosage ne doit pas emp\u00eacher la prise en charge appropri\u00e9e de la douleur chez un patient donn\u00e9\u00a0<span class=\"Italics\">[voir Avertissements et pr\u00e9cautions<\/span><\/span><span class=\"Italics\">.<\/span><\/p>\n<p><span class=\"following_xmChange\">Envisager prescrire de la naloxone si le patient a des membres du m\u00e9nage (y compris des enfants) ou d&#8217;autres contacts \u00e9troits \u00e0 risque d&#8217;ingestion accidentelle ou de surdosage<\/span>.<\/p>\n","protected":false},"excerpt":{"rendered":"<p>La cod\u00e9ine fait partie de la classe des m\u00e9dicaments antitussifs et est couramment utilis\u00e9e pour la toux, la diarrh\u00e9e et la douleur.<\/p>\n","protected":false},"featured_media":7921,"comment_status":"open","ping_status":"closed","template":"","meta":{"inline_featured_image":false},"product_brand":[],"product_cat":[116],"product_tag":[],"class_list":{"0":"post-7916","1":"product","2":"type-product","3":"status-publish","4":"has-post-thumbnail","6":"product_cat-pain-killers","8":"first","9":"instock","10":"shipping-taxable","11":"purchasable","12":"product-type-variable","13":"has-default-attributes"},"yoast_head":"<!-- This site is optimized with the Yoast SEO Premium plugin v19.2 (Yoast SEO v27.3) - https:\/\/yoast.com\/product\/yoast-seo-premium-wordpress\/ -->\n<title>Acheter des pilules de sulfate de cod\u00e9ine- Everyday Chem Shop<\/title>\n<meta name=\"description\" content=\"Acheter des pilules de sulfate de cod\u00e9ine en ligne. Nous vendons en ligne des pilules de sulfate de cod\u00e9ine de la meilleure qualit\u00e9. Veuillez contacter pour plus d&#039;informations.\" \/>\n<meta name=\"robots\" content=\"index, follow, max-snippet:-1, max-image-preview:large, max-video-preview:-1\" \/>\n<link rel=\"canonical\" href=\"https:\/\/everydaychemshop.com\/fr\/product\/sulfate-de-codeine\/\" \/>\n<meta property=\"og:locale\" content=\"en_US\" \/>\n<meta property=\"og:type\" content=\"article\" \/>\n<meta property=\"og:title\" content=\"Sulfate de cod\u00e9ine\" \/>\n<meta property=\"og:description\" content=\"Acheter des pilules de sulfate de cod\u00e9ine en ligne. Nous vendons en ligne des pilules de sulfate de cod\u00e9ine de la meilleure qualit\u00e9. Veuillez contacter pour plus d&#039;informations.\" \/>\n<meta property=\"og:url\" content=\"https:\/\/everydaychemshop.com\/fr\/product\/sulfate-de-codeine\/\" \/>\n<meta property=\"og:site_name\" content=\"Everyday Chem Shop\" \/>\n<meta property=\"article:modified_time\" content=\"2023-04-07T11:47:07+00:00\" \/>\n<meta property=\"og:image\" content=\"https:\/\/everydaychemshop.com\/fr\/wp-content\/uploads\/sites\/5\/2022\/11\/Codeine-Sulfate-30-mg-ROX.jpg\" \/>\n\t<meta property=\"og:image:width\" content=\"300\" \/>\n\t<meta property=\"og:image:height\" content=\"225\" \/>\n\t<meta property=\"og:image:type\" content=\"image\/jpeg\" \/>\n<meta name=\"twitter:card\" content=\"summary_large_image\" \/>\n<meta name=\"twitter:label1\" content=\"Est. reading time\" \/>\n\t<meta name=\"twitter:data1\" content=\"3 minutes\" \/>\n<script type=\"application\/ld+json\" class=\"yoast-schema-graph\">{\"@context\":\"https:\\\/\\\/schema.org\",\"@graph\":[{\"@type\":\"WebPage\",\"@id\":\"https:\\\/\\\/everydaychemshop.com\\\/fr\\\/product\\\/sulfate-de-codeine\\\/\",\"url\":\"https:\\\/\\\/everydaychemshop.com\\\/fr\\\/product\\\/sulfate-de-codeine\\\/\",\"name\":\"Acheter des pilules de sulfate de cod\u00e9ine- Everyday Chem Shop\",\"isPartOf\":{\"@id\":\"https:\\\/\\\/everydaychemshop.com\\\/fr\\\/#website\"},\"primaryImageOfPage\":{\"@id\":\"https:\\\/\\\/everydaychemshop.com\\\/fr\\\/product\\\/sulfate-de-codeine\\\/#primaryimage\"},\"image\":{\"@id\":\"https:\\\/\\\/everydaychemshop.com\\\/fr\\\/product\\\/sulfate-de-codeine\\\/#primaryimage\"},\"thumbnailUrl\":\"https:\\\/\\\/everydaychemshop.com\\\/fr\\\/wp-content\\\/uploads\\\/sites\\\/5\\\/2022\\\/11\\\/Codeine-Sulfate-30-mg-ROX.jpg\",\"datePublished\":\"2022-11-17T09:10:35+00:00\",\"dateModified\":\"2023-04-07T11:47:07+00:00\",\"description\":\"Acheter des pilules de sulfate de cod\u00e9ine en ligne. Nous vendons en ligne des pilules de sulfate de cod\u00e9ine de la meilleure qualit\u00e9. Veuillez contacter pour plus d'informations.\",\"breadcrumb\":{\"@id\":\"https:\\\/\\\/everydaychemshop.com\\\/fr\\\/product\\\/sulfate-de-codeine\\\/#breadcrumb\"},\"inLanguage\":\"en-US\",\"potentialAction\":[{\"@type\":\"ReadAction\",\"target\":[\"https:\\\/\\\/everydaychemshop.com\\\/fr\\\/product\\\/sulfate-de-codeine\\\/\"]}]},{\"@type\":\"ImageObject\",\"inLanguage\":\"en-US\",\"@id\":\"https:\\\/\\\/everydaychemshop.com\\\/fr\\\/product\\\/sulfate-de-codeine\\\/#primaryimage\",\"url\":\"https:\\\/\\\/everydaychemshop.com\\\/fr\\\/wp-content\\\/uploads\\\/sites\\\/5\\\/2022\\\/11\\\/Codeine-Sulfate-30-mg-ROX.jpg\",\"contentUrl\":\"https:\\\/\\\/everydaychemshop.com\\\/fr\\\/wp-content\\\/uploads\\\/sites\\\/5\\\/2022\\\/11\\\/Codeine-Sulfate-30-mg-ROX.jpg\",\"width\":300,\"height\":225,\"caption\":\"Acheter des pilules de sulfate de cod\u00e9ine en ligne\"},{\"@type\":\"BreadcrumbList\",\"@id\":\"https:\\\/\\\/everydaychemshop.com\\\/fr\\\/product\\\/sulfate-de-codeine\\\/#breadcrumb\",\"itemListElement\":[{\"@type\":\"ListItem\",\"position\":1,\"name\":\"Home\",\"item\":\"https:\\\/\\\/everydaychemshop.com\\\/fr\\\/\"},{\"@type\":\"ListItem\",\"position\":2,\"name\":\"Des produits\",\"item\":\"https:\\\/\\\/everydaychemshop.com\\\/fr\\\/des-produits\\\/\"},{\"@type\":\"ListItem\",\"position\":3,\"name\":\"Sulfate de cod\u00e9ine\"}]},{\"@type\":\"WebSite\",\"@id\":\"https:\\\/\\\/everydaychemshop.com\\\/fr\\\/#website\",\"url\":\"https:\\\/\\\/everydaychemshop.com\\\/fr\\\/\",\"name\":\"Everyday Chem Shop\",\"description\":\"\",\"potentialAction\":[{\"@type\":\"SearchAction\",\"target\":{\"@type\":\"EntryPoint\",\"urlTemplate\":\"https:\\\/\\\/everydaychemshop.com\\\/fr\\\/?s={search_term_string}\"},\"query-input\":{\"@type\":\"PropertyValueSpecification\",\"valueRequired\":true,\"valueName\":\"search_term_string\"}}],\"inLanguage\":\"en-US\"}]}<\/script>\n<!-- \/ Yoast SEO Premium plugin. -->","yoast_head_json":{"title":"Acheter des pilules de sulfate de cod\u00e9ine- Everyday Chem Shop","description":"Acheter des pilules de sulfate de cod\u00e9ine en ligne. Nous vendons en ligne des pilules de sulfate de cod\u00e9ine de la meilleure qualit\u00e9. Veuillez contacter pour plus d'informations.","robots":{"index":"index","follow":"follow","max-snippet":"max-snippet:-1","max-image-preview":"max-image-preview:large","max-video-preview":"max-video-preview:-1"},"canonical":"https:\/\/everydaychemshop.com\/fr\/product\/sulfate-de-codeine\/","og_locale":"en_US","og_type":"article","og_title":"Sulfate de cod\u00e9ine","og_description":"Acheter des pilules de sulfate de cod\u00e9ine en ligne. Nous vendons en ligne des pilules de sulfate de cod\u00e9ine de la meilleure qualit\u00e9. Veuillez contacter pour plus d'informations.","og_url":"https:\/\/everydaychemshop.com\/fr\/product\/sulfate-de-codeine\/","og_site_name":"Everyday Chem Shop","article_modified_time":"2023-04-07T11:47:07+00:00","og_image":[{"width":300,"height":225,"url":"https:\/\/everydaychemshop.com\/fr\/wp-content\/uploads\/sites\/5\/2022\/11\/Codeine-Sulfate-30-mg-ROX.jpg","type":"image\/jpeg"}],"twitter_card":"summary_large_image","twitter_misc":{"Est. reading time":"3 minutes"},"schema":{"@context":"https:\/\/schema.org","@graph":[{"@type":"WebPage","@id":"https:\/\/everydaychemshop.com\/fr\/product\/sulfate-de-codeine\/","url":"https:\/\/everydaychemshop.com\/fr\/product\/sulfate-de-codeine\/","name":"Acheter des pilules de sulfate de cod\u00e9ine- Everyday Chem Shop","isPartOf":{"@id":"https:\/\/everydaychemshop.com\/fr\/#website"},"primaryImageOfPage":{"@id":"https:\/\/everydaychemshop.com\/fr\/product\/sulfate-de-codeine\/#primaryimage"},"image":{"@id":"https:\/\/everydaychemshop.com\/fr\/product\/sulfate-de-codeine\/#primaryimage"},"thumbnailUrl":"https:\/\/everydaychemshop.com\/fr\/wp-content\/uploads\/sites\/5\/2022\/11\/Codeine-Sulfate-30-mg-ROX.jpg","datePublished":"2022-11-17T09:10:35+00:00","dateModified":"2023-04-07T11:47:07+00:00","description":"Acheter des pilules de sulfate de cod\u00e9ine en ligne. Nous vendons en ligne des pilules de sulfate de cod\u00e9ine de la meilleure qualit\u00e9. Veuillez contacter pour plus d'informations.","breadcrumb":{"@id":"https:\/\/everydaychemshop.com\/fr\/product\/sulfate-de-codeine\/#breadcrumb"},"inLanguage":"en-US","potentialAction":[{"@type":"ReadAction","target":["https:\/\/everydaychemshop.com\/fr\/product\/sulfate-de-codeine\/"]}]},{"@type":"ImageObject","inLanguage":"en-US","@id":"https:\/\/everydaychemshop.com\/fr\/product\/sulfate-de-codeine\/#primaryimage","url":"https:\/\/everydaychemshop.com\/fr\/wp-content\/uploads\/sites\/5\/2022\/11\/Codeine-Sulfate-30-mg-ROX.jpg","contentUrl":"https:\/\/everydaychemshop.com\/fr\/wp-content\/uploads\/sites\/5\/2022\/11\/Codeine-Sulfate-30-mg-ROX.jpg","width":300,"height":225,"caption":"Acheter des pilules de sulfate de cod\u00e9ine en ligne"},{"@type":"BreadcrumbList","@id":"https:\/\/everydaychemshop.com\/fr\/product\/sulfate-de-codeine\/#breadcrumb","itemListElement":[{"@type":"ListItem","position":1,"name":"Home","item":"https:\/\/everydaychemshop.com\/fr\/"},{"@type":"ListItem","position":2,"name":"Des produits","item":"https:\/\/everydaychemshop.com\/fr\/des-produits\/"},{"@type":"ListItem","position":3,"name":"Sulfate de cod\u00e9ine"}]},{"@type":"WebSite","@id":"https:\/\/everydaychemshop.com\/fr\/#website","url":"https:\/\/everydaychemshop.com\/fr\/","name":"Everyday Chem Shop","description":"","potentialAction":[{"@type":"SearchAction","target":{"@type":"EntryPoint","urlTemplate":"https:\/\/everydaychemshop.com\/fr\/?s={search_term_string}"},"query-input":{"@type":"PropertyValueSpecification","valueRequired":true,"valueName":"search_term_string"}}],"inLanguage":"en-US"}]}},"_links":{"self":[{"href":"https:\/\/everydaychemshop.com\/fr\/wp-json\/wp\/v2\/product\/7916","targetHints":{"allow":["GET"]}}],"collection":[{"href":"https:\/\/everydaychemshop.com\/fr\/wp-json\/wp\/v2\/product"}],"about":[{"href":"https:\/\/everydaychemshop.com\/fr\/wp-json\/wp\/v2\/types\/product"}],"replies":[{"embeddable":true,"href":"https:\/\/everydaychemshop.com\/fr\/wp-json\/wp\/v2\/comments?post=7916"}],"wp:featuredmedia":[{"embeddable":true,"href":"https:\/\/everydaychemshop.com\/fr\/wp-json\/wp\/v2\/media\/7921"}],"wp:attachment":[{"href":"https:\/\/everydaychemshop.com\/fr\/wp-json\/wp\/v2\/media?parent=7916"}],"wp:term":[{"taxonomy":"product_brand","embeddable":true,"href":"https:\/\/everydaychemshop.com\/fr\/wp-json\/wp\/v2\/product_brand?post=7916"},{"taxonomy":"product_cat","embeddable":true,"href":"https:\/\/everydaychemshop.com\/fr\/wp-json\/wp\/v2\/product_cat?post=7916"},{"taxonomy":"product_tag","embeddable":true,"href":"https:\/\/everydaychemshop.com\/fr\/wp-json\/wp\/v2\/product_tag?post=7916"}],"curies":[{"name":"wp","href":"https:\/\/api.w.org\/{rel}","templated":true}]}}