{"id":7922,"date":"2022-11-17T09:26:52","date_gmt":"2022-11-17T09:26:52","guid":{"rendered":"https:\/\/everydaychemshop.com\/fr\/?post_type=product&#038;p=7922"},"modified":"2023-04-07T11:44:50","modified_gmt":"2023-04-07T11:44:50","slug":"klonopin-clonazepam","status":"publish","type":"product","link":"https:\/\/everydaychemshop.com\/fr\/product\/klonopin-clonazepam\/","title":{"rendered":"Klonopin Clonaz\u00e9pam"},"content":{"rendered":"<h1>Acheter des pilules de Klonopin en ligne<\/h1>\n<p><a href=\"https:\/\/everydaychemshop.com\/fr\/product\/klonopin-clonazepam\/\">Acheter des pilules de Klonopin en ligne<\/a>. Klonopin est une benzodiaz\u00e9pine (ben-zoe-dye-AZE-eh-peen). On pense que les benzodiaz\u00e9pines agissent en am\u00e9liorant l&#8217;activit\u00e9 de certains neurotransmetteurs dans le cerveau.<\/p>\n<p>Klonopin est utilis\u00e9 pour traiter certains troubles \u00e9pileptiques (y compris les <a href=\"https:\/\/en.wikipedia.org\/wiki\/Clonazepam\">crises<\/a> d&#8217;absence ou le syndrome de Lennox-Gastaut) chez les adultes et les enfants.<\/p>\n<p>Klonopin est \u00e9galement utilis\u00e9 pour traiter le trouble panique (y compris l&#8217;agoraphobie) chez les adultes.<\/p>\n<p>Avertissements<br \/>\nKlonopin peut ralentir ou arr\u00eater votre respiration, surtout si vous avez r\u00e9cemment utilis\u00e9 un m\u00e9dicament opio\u00efde, de l&#8217;alcool , ou d&#8217;autres m\u00e9dicaments qui peuvent ralentir votre respiration.<\/p>\n<p>L&#8217;ABUS DE CLONAZEPAM PEUT PROVOQUER UNE D\u00c9PENDANCE, UNE SURDOSE OU LA MORT. Conservez le m\u00e9dicament dans un endroit o\u00f9 les autres ne peuvent pas y acc\u00e9der. Ne partagez jamais Klonopin avec une autre personne. Vendre ou donner ce m\u00e9dicament est ill\u00e9gal.<\/p>\n<p>Certaines personnes ont des pens\u00e9es suicidaires pendant qu&#8217;elles prennent Klonopin. Informez imm\u00e9diatement votre m\u00e9decin si vous avez des changements soudains d&#8217;humeur ou de comportement, ou des pens\u00e9es suicidaires.<\/p>\n<p>Consultez imm\u00e9diatement un m\u00e9decin si vous arr\u00eatez d&#8217;utiliser Klonopin et pr\u00e9sentez des sympt\u00f4mes tels que\u00a0: mouvements musculaires inhabituels, \u00eatre plus changements d&#8217;humeur ou de comportement actifs ou bavards, soudains et graves, confusion, hallucinations, convulsions ou pens\u00e9es suicidaires.<\/p>\n<p>N&#8217;arr\u00eatez pas d&#8217;utiliser Klonopin sans en parler \u00e0 votre m\u00e9decin. Vous pouvez avoir des sympt\u00f4mes de sevrage potentiellement mortels si vous arr\u00eatez d&#8217;utiliser le m\u00e9dicament soudainement apr\u00e8s une utilisation \u00e0 long terme. Certains sympt\u00f4mes de sevrage peuvent durer jusqu&#8217;\u00e0 12 mois ou plus.<\/p>\n","protected":false},"excerpt":{"rendered":"<p>Klonopin (clonaz\u00e9pam) fait partie de la classe des anticonvulsivants benzodiaz\u00e9pines et est couramment utilis\u00e9 pour l\u2019\u00e9pilepsie, le trouble panique et la pr\u00e9vention des convulsions.<\/p>\n","protected":false},"featured_media":7928,"comment_status":"open","ping_status":"closed","template":"","meta":{"inline_featured_image":false},"product_brand":[],"product_cat":[116],"product_tag":[],"class_list":{"0":"post-7922","1":"product","2":"type-product","3":"status-publish","4":"has-post-thumbnail","6":"product_cat-pain-killers","8":"first","9":"instock","10":"shipping-taxable","11":"purchasable","12":"product-type-variable","13":"has-default-attributes"},"yoast_head":"<!-- This site is optimized with the Yoast SEO Premium plugin v19.2 (Yoast SEO v27.3) - https:\/\/yoast.com\/product\/yoast-seo-premium-wordpress\/ -->\n<title>Acheter des pilules de Klonopin en ligne - Everyday Chem Shop<\/title>\n<meta name=\"description\" content=\"Acheter des pilules de Klonopin en ligne. Nous vendons en ligne des pilules Klonopin de la meilleure qualit\u00e9. Veuillez contacter pour plus d&#039;informations et les prix.\" \/>\n<meta name=\"robots\" content=\"index, follow, max-snippet:-1, max-image-preview:large, max-video-preview:-1\" \/>\n<link rel=\"canonical\" href=\"https:\/\/everydaychemshop.com\/fr\/product\/klonopin-clonazepam\/\" \/>\n<meta property=\"og:locale\" content=\"en_US\" \/>\n<meta property=\"og:type\" content=\"article\" \/>\n<meta property=\"og:title\" content=\"Klonopin Clonaz\u00e9pam\" \/>\n<meta property=\"og:description\" content=\"Acheter des pilules de Klonopin en ligne. Nous vendons en ligne des pilules Klonopin de la meilleure qualit\u00e9. Veuillez contacter pour plus d&#039;informations et les prix.\" \/>\n<meta property=\"og:url\" content=\"https:\/\/everydaychemshop.com\/fr\/product\/klonopin-clonazepam\/\" \/>\n<meta property=\"og:site_name\" content=\"Everyday Chem Shop\" \/>\n<meta property=\"article:modified_time\" content=\"2023-04-07T11:44:50+00:00\" \/>\n<meta property=\"og:image\" content=\"https:\/\/everydaychemshop.com\/fr\/wp-content\/uploads\/sites\/5\/2022\/11\/Klonopin-1-mg.jpg\" \/>\n\t<meta property=\"og:image:width\" content=\"300\" \/>\n\t<meta property=\"og:image:height\" content=\"225\" \/>\n\t<meta property=\"og:image:type\" content=\"image\/jpeg\" \/>\n<meta name=\"twitter:card\" content=\"summary_large_image\" \/>\n<meta name=\"twitter:label1\" content=\"Est. reading time\" \/>\n\t<meta name=\"twitter:data1\" content=\"2 minutes\" \/>\n<script type=\"application\/ld+json\" class=\"yoast-schema-graph\">{\"@context\":\"https:\\\/\\\/schema.org\",\"@graph\":[{\"@type\":\"WebPage\",\"@id\":\"https:\\\/\\\/everydaychemshop.com\\\/fr\\\/product\\\/klonopin-clonazepam\\\/\",\"url\":\"https:\\\/\\\/everydaychemshop.com\\\/fr\\\/product\\\/klonopin-clonazepam\\\/\",\"name\":\"Acheter des pilules de Klonopin en ligne - Everyday Chem Shop\",\"isPartOf\":{\"@id\":\"https:\\\/\\\/everydaychemshop.com\\\/fr\\\/#website\"},\"primaryImageOfPage\":{\"@id\":\"https:\\\/\\\/everydaychemshop.com\\\/fr\\\/product\\\/klonopin-clonazepam\\\/#primaryimage\"},\"image\":{\"@id\":\"https:\\\/\\\/everydaychemshop.com\\\/fr\\\/product\\\/klonopin-clonazepam\\\/#primaryimage\"},\"thumbnailUrl\":\"https:\\\/\\\/everydaychemshop.com\\\/fr\\\/wp-content\\\/uploads\\\/sites\\\/5\\\/2022\\\/11\\\/Klonopin-1-mg.jpg\",\"datePublished\":\"2022-11-17T09:26:52+00:00\",\"dateModified\":\"2023-04-07T11:44:50+00:00\",\"description\":\"Acheter des pilules de Klonopin en ligne. Nous vendons en ligne des pilules Klonopin de la meilleure qualit\u00e9. Veuillez contacter pour plus d'informations et les prix.\",\"breadcrumb\":{\"@id\":\"https:\\\/\\\/everydaychemshop.com\\\/fr\\\/product\\\/klonopin-clonazepam\\\/#breadcrumb\"},\"inLanguage\":\"en-US\",\"potentialAction\":[{\"@type\":\"ReadAction\",\"target\":[\"https:\\\/\\\/everydaychemshop.com\\\/fr\\\/product\\\/klonopin-clonazepam\\\/\"]}]},{\"@type\":\"ImageObject\",\"inLanguage\":\"en-US\",\"@id\":\"https:\\\/\\\/everydaychemshop.com\\\/fr\\\/product\\\/klonopin-clonazepam\\\/#primaryimage\",\"url\":\"https:\\\/\\\/everydaychemshop.com\\\/fr\\\/wp-content\\\/uploads\\\/sites\\\/5\\\/2022\\\/11\\\/Klonopin-1-mg.jpg\",\"contentUrl\":\"https:\\\/\\\/everydaychemshop.com\\\/fr\\\/wp-content\\\/uploads\\\/sites\\\/5\\\/2022\\\/11\\\/Klonopin-1-mg.jpg\",\"width\":300,\"height\":225,\"caption\":\"Acheter des pilules de Klonopin en ligne\"},{\"@type\":\"BreadcrumbList\",\"@id\":\"https:\\\/\\\/everydaychemshop.com\\\/fr\\\/product\\\/klonopin-clonazepam\\\/#breadcrumb\",\"itemListElement\":[{\"@type\":\"ListItem\",\"position\":1,\"name\":\"Home\",\"item\":\"https:\\\/\\\/everydaychemshop.com\\\/fr\\\/\"},{\"@type\":\"ListItem\",\"position\":2,\"name\":\"Des produits\",\"item\":\"https:\\\/\\\/everydaychemshop.com\\\/fr\\\/des-produits\\\/\"},{\"@type\":\"ListItem\",\"position\":3,\"name\":\"Klonopin Clonaz\u00e9pam\"}]},{\"@type\":\"WebSite\",\"@id\":\"https:\\\/\\\/everydaychemshop.com\\\/fr\\\/#website\",\"url\":\"https:\\\/\\\/everydaychemshop.com\\\/fr\\\/\",\"name\":\"Everyday Chem Shop\",\"description\":\"\",\"potentialAction\":[{\"@type\":\"SearchAction\",\"target\":{\"@type\":\"EntryPoint\",\"urlTemplate\":\"https:\\\/\\\/everydaychemshop.com\\\/fr\\\/?s={search_term_string}\"},\"query-input\":{\"@type\":\"PropertyValueSpecification\",\"valueRequired\":true,\"valueName\":\"search_term_string\"}}],\"inLanguage\":\"en-US\"}]}<\/script>\n<!-- \/ Yoast SEO Premium plugin. -->","yoast_head_json":{"title":"Acheter des pilules de Klonopin en ligne - Everyday Chem Shop","description":"Acheter des pilules de Klonopin en ligne. Nous vendons en ligne des pilules Klonopin de la meilleure qualit\u00e9. Veuillez contacter pour plus d'informations et les prix.","robots":{"index":"index","follow":"follow","max-snippet":"max-snippet:-1","max-image-preview":"max-image-preview:large","max-video-preview":"max-video-preview:-1"},"canonical":"https:\/\/everydaychemshop.com\/fr\/product\/klonopin-clonazepam\/","og_locale":"en_US","og_type":"article","og_title":"Klonopin Clonaz\u00e9pam","og_description":"Acheter des pilules de Klonopin en ligne. Nous vendons en ligne des pilules Klonopin de la meilleure qualit\u00e9. Veuillez contacter pour plus d'informations et les prix.","og_url":"https:\/\/everydaychemshop.com\/fr\/product\/klonopin-clonazepam\/","og_site_name":"Everyday Chem Shop","article_modified_time":"2023-04-07T11:44:50+00:00","og_image":[{"width":300,"height":225,"url":"https:\/\/everydaychemshop.com\/fr\/wp-content\/uploads\/sites\/5\/2022\/11\/Klonopin-1-mg.jpg","type":"image\/jpeg"}],"twitter_card":"summary_large_image","twitter_misc":{"Est. reading time":"2 minutes"},"schema":{"@context":"https:\/\/schema.org","@graph":[{"@type":"WebPage","@id":"https:\/\/everydaychemshop.com\/fr\/product\/klonopin-clonazepam\/","url":"https:\/\/everydaychemshop.com\/fr\/product\/klonopin-clonazepam\/","name":"Acheter des pilules de Klonopin en ligne - Everyday Chem Shop","isPartOf":{"@id":"https:\/\/everydaychemshop.com\/fr\/#website"},"primaryImageOfPage":{"@id":"https:\/\/everydaychemshop.com\/fr\/product\/klonopin-clonazepam\/#primaryimage"},"image":{"@id":"https:\/\/everydaychemshop.com\/fr\/product\/klonopin-clonazepam\/#primaryimage"},"thumbnailUrl":"https:\/\/everydaychemshop.com\/fr\/wp-content\/uploads\/sites\/5\/2022\/11\/Klonopin-1-mg.jpg","datePublished":"2022-11-17T09:26:52+00:00","dateModified":"2023-04-07T11:44:50+00:00","description":"Acheter des pilules de Klonopin en ligne. Nous vendons en ligne des pilules Klonopin de la meilleure qualit\u00e9. Veuillez contacter pour plus d'informations et les prix.","breadcrumb":{"@id":"https:\/\/everydaychemshop.com\/fr\/product\/klonopin-clonazepam\/#breadcrumb"},"inLanguage":"en-US","potentialAction":[{"@type":"ReadAction","target":["https:\/\/everydaychemshop.com\/fr\/product\/klonopin-clonazepam\/"]}]},{"@type":"ImageObject","inLanguage":"en-US","@id":"https:\/\/everydaychemshop.com\/fr\/product\/klonopin-clonazepam\/#primaryimage","url":"https:\/\/everydaychemshop.com\/fr\/wp-content\/uploads\/sites\/5\/2022\/11\/Klonopin-1-mg.jpg","contentUrl":"https:\/\/everydaychemshop.com\/fr\/wp-content\/uploads\/sites\/5\/2022\/11\/Klonopin-1-mg.jpg","width":300,"height":225,"caption":"Acheter des pilules de Klonopin en ligne"},{"@type":"BreadcrumbList","@id":"https:\/\/everydaychemshop.com\/fr\/product\/klonopin-clonazepam\/#breadcrumb","itemListElement":[{"@type":"ListItem","position":1,"name":"Home","item":"https:\/\/everydaychemshop.com\/fr\/"},{"@type":"ListItem","position":2,"name":"Des produits","item":"https:\/\/everydaychemshop.com\/fr\/des-produits\/"},{"@type":"ListItem","position":3,"name":"Klonopin Clonaz\u00e9pam"}]},{"@type":"WebSite","@id":"https:\/\/everydaychemshop.com\/fr\/#website","url":"https:\/\/everydaychemshop.com\/fr\/","name":"Everyday Chem Shop","description":"","potentialAction":[{"@type":"SearchAction","target":{"@type":"EntryPoint","urlTemplate":"https:\/\/everydaychemshop.com\/fr\/?s={search_term_string}"},"query-input":{"@type":"PropertyValueSpecification","valueRequired":true,"valueName":"search_term_string"}}],"inLanguage":"en-US"}]}},"_links":{"self":[{"href":"https:\/\/everydaychemshop.com\/fr\/wp-json\/wp\/v2\/product\/7922","targetHints":{"allow":["GET"]}}],"collection":[{"href":"https:\/\/everydaychemshop.com\/fr\/wp-json\/wp\/v2\/product"}],"about":[{"href":"https:\/\/everydaychemshop.com\/fr\/wp-json\/wp\/v2\/types\/product"}],"replies":[{"embeddable":true,"href":"https:\/\/everydaychemshop.com\/fr\/wp-json\/wp\/v2\/comments?post=7922"}],"wp:featuredmedia":[{"embeddable":true,"href":"https:\/\/everydaychemshop.com\/fr\/wp-json\/wp\/v2\/media\/7928"}],"wp:attachment":[{"href":"https:\/\/everydaychemshop.com\/fr\/wp-json\/wp\/v2\/media?parent=7922"}],"wp:term":[{"taxonomy":"product_brand","embeddable":true,"href":"https:\/\/everydaychemshop.com\/fr\/wp-json\/wp\/v2\/product_brand?post=7922"},{"taxonomy":"product_cat","embeddable":true,"href":"https:\/\/everydaychemshop.com\/fr\/wp-json\/wp\/v2\/product_cat?post=7922"},{"taxonomy":"product_tag","embeddable":true,"href":"https:\/\/everydaychemshop.com\/fr\/wp-json\/wp\/v2\/product_tag?post=7922"}],"curies":[{"name":"wp","href":"https:\/\/api.w.org\/{rel}","templated":true}]}}