{"id":7935,"date":"2022-11-17T10:00:02","date_gmt":"2022-11-17T10:00:02","guid":{"rendered":"https:\/\/everydaychemshop.com\/fr\/?post_type=product&#038;p=7935"},"modified":"2023-04-07T11:41:54","modified_gmt":"2023-04-07T11:41:54","slug":"tramadol","status":"publish","type":"product","link":"https:\/\/everydaychemshop.com\/fr\/product\/tramadol\/","title":{"rendered":"Tramadol"},"content":{"rendered":"<h1>Acheter des pilules de tramadol en ligne<\/h1>\n<p><a href=\"https:\/\/everydaychemshop.com\/fr\/product\/tramadol\/\">Achetez des pilules de tramadol en ligne<\/a>. Le tramadol est un analg\u00e9sique puissant utilis\u00e9 pour traiter la douleur mod\u00e9r\u00e9e \u00e0 intense qui n&#8217;est pas soulag\u00e9e par d&#8217;autres types d&#8217;analg\u00e9siques. Le tramadol est un opio\u00efde synth\u00e9tique et agit dans le cerveau et la colonne vert\u00e9brale (syst\u00e8me nerveux central) pour r\u00e9duire la quantit\u00e9 <a href=\"https:\/\/fr.wikipedia.org\/wiki\/Tramadol\">de<\/a> douleur que vous ressentez.<\/p>\n<p>La forme \u00e0 lib\u00e9ration prolong\u00e9e du tramadol est destin\u00e9e au traitement 24 heures sur 24 de la douleur. Cette forme de tramadol ne doit pas \u00eatre utilis\u00e9e au besoin pour soulager la douleur.<\/p>\n","protected":false},"excerpt":{"rendered":"<p>Le tramadol fait partie de la classe des m\u00e9dicaments opio\u00efdes (analg\u00e9siques narcotiques) et est couramment utilis\u00e9 pour l&#8217;anxi\u00e9t\u00e9, les maux de dos, les douleurs chroniques et autres.<\/p>\n","protected":false},"featured_media":7962,"comment_status":"open","ping_status":"closed","template":"","meta":{"inline_featured_image":false},"product_brand":[],"product_cat":[116],"product_tag":[],"class_list":{"0":"post-7935","1":"product","2":"type-product","3":"status-publish","4":"has-post-thumbnail","6":"product_cat-pain-killers","8":"first","9":"instock","10":"shipping-taxable","11":"purchasable","12":"product-type-variable","13":"has-default-attributes"},"yoast_head":"<!-- This site is optimized with the Yoast SEO Premium plugin v19.2 (Yoast SEO v27.3) - https:\/\/yoast.com\/product\/yoast-seo-premium-wordpress\/ -->\n<title>Acheter des pilules de tramadol en ligne- Everyday Chem Shop<\/title>\n<meta name=\"description\" content=\"Acheter des pilules de tramadol en ligne. Nous vendons en ligne des pilules de Tramadol de la meilleure qualit\u00e9. Veuillez contacter pour plus d&#039;informations et les prix de votre commande.\" \/>\n<meta name=\"robots\" content=\"index, follow, max-snippet:-1, max-image-preview:large, max-video-preview:-1\" \/>\n<link rel=\"canonical\" href=\"https:\/\/everydaychemshop.com\/fr\/product\/tramadol\/\" \/>\n<meta property=\"og:locale\" content=\"en_US\" \/>\n<meta property=\"og:type\" content=\"article\" \/>\n<meta property=\"og:title\" content=\"Tramadol\" \/>\n<meta property=\"og:description\" content=\"Acheter des pilules de tramadol en ligne. Nous vendons en ligne des pilules de Tramadol de la meilleure qualit\u00e9. Veuillez contacter pour plus d&#039;informations et les prix de votre commande.\" \/>\n<meta property=\"og:url\" content=\"https:\/\/everydaychemshop.com\/fr\/product\/tramadol\/\" \/>\n<meta property=\"og:site_name\" content=\"Everyday Chem Shop\" \/>\n<meta property=\"article:modified_time\" content=\"2023-04-07T11:41:54+00:00\" \/>\n<meta property=\"og:image\" content=\"https:\/\/everydaychemshop.com\/fr\/wp-content\/uploads\/sites\/5\/2022\/11\/CCA03770.jpg\" \/>\n\t<meta property=\"og:image:width\" content=\"288\" \/>\n\t<meta property=\"og:image:height\" content=\"216\" \/>\n\t<meta property=\"og:image:type\" content=\"image\/jpeg\" \/>\n<meta name=\"twitter:card\" content=\"summary_large_image\" \/>\n<meta name=\"twitter:label1\" content=\"Est. reading time\" \/>\n\t<meta name=\"twitter:data1\" content=\"1 minute\" \/>\n<script type=\"application\/ld+json\" class=\"yoast-schema-graph\">{\"@context\":\"https:\\\/\\\/schema.org\",\"@graph\":[{\"@type\":\"WebPage\",\"@id\":\"https:\\\/\\\/everydaychemshop.com\\\/fr\\\/product\\\/tramadol\\\/\",\"url\":\"https:\\\/\\\/everydaychemshop.com\\\/fr\\\/product\\\/tramadol\\\/\",\"name\":\"Acheter des pilules de tramadol en ligne- Everyday Chem Shop\",\"isPartOf\":{\"@id\":\"https:\\\/\\\/everydaychemshop.com\\\/fr\\\/#website\"},\"primaryImageOfPage\":{\"@id\":\"https:\\\/\\\/everydaychemshop.com\\\/fr\\\/product\\\/tramadol\\\/#primaryimage\"},\"image\":{\"@id\":\"https:\\\/\\\/everydaychemshop.com\\\/fr\\\/product\\\/tramadol\\\/#primaryimage\"},\"thumbnailUrl\":\"https:\\\/\\\/everydaychemshop.com\\\/fr\\\/wp-content\\\/uploads\\\/sites\\\/5\\\/2022\\\/11\\\/CCA03770.jpg\",\"datePublished\":\"2022-11-17T10:00:02+00:00\",\"dateModified\":\"2023-04-07T11:41:54+00:00\",\"description\":\"Acheter des pilules de tramadol en ligne. Nous vendons en ligne des pilules de Tramadol de la meilleure qualit\u00e9. Veuillez contacter pour plus d'informations et les prix de votre commande.\",\"breadcrumb\":{\"@id\":\"https:\\\/\\\/everydaychemshop.com\\\/fr\\\/product\\\/tramadol\\\/#breadcrumb\"},\"inLanguage\":\"en-US\",\"potentialAction\":[{\"@type\":\"ReadAction\",\"target\":[\"https:\\\/\\\/everydaychemshop.com\\\/fr\\\/product\\\/tramadol\\\/\"]}]},{\"@type\":\"ImageObject\",\"inLanguage\":\"en-US\",\"@id\":\"https:\\\/\\\/everydaychemshop.com\\\/fr\\\/product\\\/tramadol\\\/#primaryimage\",\"url\":\"https:\\\/\\\/everydaychemshop.com\\\/fr\\\/wp-content\\\/uploads\\\/sites\\\/5\\\/2022\\\/11\\\/CCA03770.jpg\",\"contentUrl\":\"https:\\\/\\\/everydaychemshop.com\\\/fr\\\/wp-content\\\/uploads\\\/sites\\\/5\\\/2022\\\/11\\\/CCA03770.jpg\",\"width\":288,\"height\":216,\"caption\":\"Acheter des pilules de tramadol en ligne\"},{\"@type\":\"BreadcrumbList\",\"@id\":\"https:\\\/\\\/everydaychemshop.com\\\/fr\\\/product\\\/tramadol\\\/#breadcrumb\",\"itemListElement\":[{\"@type\":\"ListItem\",\"position\":1,\"name\":\"Home\",\"item\":\"https:\\\/\\\/everydaychemshop.com\\\/fr\\\/\"},{\"@type\":\"ListItem\",\"position\":2,\"name\":\"Des produits\",\"item\":\"https:\\\/\\\/everydaychemshop.com\\\/fr\\\/des-produits\\\/\"},{\"@type\":\"ListItem\",\"position\":3,\"name\":\"Tramadol\"}]},{\"@type\":\"WebSite\",\"@id\":\"https:\\\/\\\/everydaychemshop.com\\\/fr\\\/#website\",\"url\":\"https:\\\/\\\/everydaychemshop.com\\\/fr\\\/\",\"name\":\"Everyday Chem Shop\",\"description\":\"\",\"potentialAction\":[{\"@type\":\"SearchAction\",\"target\":{\"@type\":\"EntryPoint\",\"urlTemplate\":\"https:\\\/\\\/everydaychemshop.com\\\/fr\\\/?s={search_term_string}\"},\"query-input\":{\"@type\":\"PropertyValueSpecification\",\"valueRequired\":true,\"valueName\":\"search_term_string\"}}],\"inLanguage\":\"en-US\"}]}<\/script>\n<!-- \/ Yoast SEO Premium plugin. -->","yoast_head_json":{"title":"Acheter des pilules de tramadol en ligne- Everyday Chem Shop","description":"Acheter des pilules de tramadol en ligne. Nous vendons en ligne des pilules de Tramadol de la meilleure qualit\u00e9. Veuillez contacter pour plus d'informations et les prix de votre commande.","robots":{"index":"index","follow":"follow","max-snippet":"max-snippet:-1","max-image-preview":"max-image-preview:large","max-video-preview":"max-video-preview:-1"},"canonical":"https:\/\/everydaychemshop.com\/fr\/product\/tramadol\/","og_locale":"en_US","og_type":"article","og_title":"Tramadol","og_description":"Acheter des pilules de tramadol en ligne. Nous vendons en ligne des pilules de Tramadol de la meilleure qualit\u00e9. Veuillez contacter pour plus d'informations et les prix de votre commande.","og_url":"https:\/\/everydaychemshop.com\/fr\/product\/tramadol\/","og_site_name":"Everyday Chem Shop","article_modified_time":"2023-04-07T11:41:54+00:00","og_image":[{"width":288,"height":216,"url":"https:\/\/everydaychemshop.com\/fr\/wp-content\/uploads\/sites\/5\/2022\/11\/CCA03770.jpg","type":"image\/jpeg"}],"twitter_card":"summary_large_image","twitter_misc":{"Est. reading time":"1 minute"},"schema":{"@context":"https:\/\/schema.org","@graph":[{"@type":"WebPage","@id":"https:\/\/everydaychemshop.com\/fr\/product\/tramadol\/","url":"https:\/\/everydaychemshop.com\/fr\/product\/tramadol\/","name":"Acheter des pilules de tramadol en ligne- Everyday Chem Shop","isPartOf":{"@id":"https:\/\/everydaychemshop.com\/fr\/#website"},"primaryImageOfPage":{"@id":"https:\/\/everydaychemshop.com\/fr\/product\/tramadol\/#primaryimage"},"image":{"@id":"https:\/\/everydaychemshop.com\/fr\/product\/tramadol\/#primaryimage"},"thumbnailUrl":"https:\/\/everydaychemshop.com\/fr\/wp-content\/uploads\/sites\/5\/2022\/11\/CCA03770.jpg","datePublished":"2022-11-17T10:00:02+00:00","dateModified":"2023-04-07T11:41:54+00:00","description":"Acheter des pilules de tramadol en ligne. Nous vendons en ligne des pilules de Tramadol de la meilleure qualit\u00e9. Veuillez contacter pour plus d'informations et les prix de votre commande.","breadcrumb":{"@id":"https:\/\/everydaychemshop.com\/fr\/product\/tramadol\/#breadcrumb"},"inLanguage":"en-US","potentialAction":[{"@type":"ReadAction","target":["https:\/\/everydaychemshop.com\/fr\/product\/tramadol\/"]}]},{"@type":"ImageObject","inLanguage":"en-US","@id":"https:\/\/everydaychemshop.com\/fr\/product\/tramadol\/#primaryimage","url":"https:\/\/everydaychemshop.com\/fr\/wp-content\/uploads\/sites\/5\/2022\/11\/CCA03770.jpg","contentUrl":"https:\/\/everydaychemshop.com\/fr\/wp-content\/uploads\/sites\/5\/2022\/11\/CCA03770.jpg","width":288,"height":216,"caption":"Acheter des pilules de tramadol en ligne"},{"@type":"BreadcrumbList","@id":"https:\/\/everydaychemshop.com\/fr\/product\/tramadol\/#breadcrumb","itemListElement":[{"@type":"ListItem","position":1,"name":"Home","item":"https:\/\/everydaychemshop.com\/fr\/"},{"@type":"ListItem","position":2,"name":"Des produits","item":"https:\/\/everydaychemshop.com\/fr\/des-produits\/"},{"@type":"ListItem","position":3,"name":"Tramadol"}]},{"@type":"WebSite","@id":"https:\/\/everydaychemshop.com\/fr\/#website","url":"https:\/\/everydaychemshop.com\/fr\/","name":"Everyday Chem Shop","description":"","potentialAction":[{"@type":"SearchAction","target":{"@type":"EntryPoint","urlTemplate":"https:\/\/everydaychemshop.com\/fr\/?s={search_term_string}"},"query-input":{"@type":"PropertyValueSpecification","valueRequired":true,"valueName":"search_term_string"}}],"inLanguage":"en-US"}]}},"_links":{"self":[{"href":"https:\/\/everydaychemshop.com\/fr\/wp-json\/wp\/v2\/product\/7935","targetHints":{"allow":["GET"]}}],"collection":[{"href":"https:\/\/everydaychemshop.com\/fr\/wp-json\/wp\/v2\/product"}],"about":[{"href":"https:\/\/everydaychemshop.com\/fr\/wp-json\/wp\/v2\/types\/product"}],"replies":[{"embeddable":true,"href":"https:\/\/everydaychemshop.com\/fr\/wp-json\/wp\/v2\/comments?post=7935"}],"wp:featuredmedia":[{"embeddable":true,"href":"https:\/\/everydaychemshop.com\/fr\/wp-json\/wp\/v2\/media\/7962"}],"wp:attachment":[{"href":"https:\/\/everydaychemshop.com\/fr\/wp-json\/wp\/v2\/media?parent=7935"}],"wp:term":[{"taxonomy":"product_brand","embeddable":true,"href":"https:\/\/everydaychemshop.com\/fr\/wp-json\/wp\/v2\/product_brand?post=7935"},{"taxonomy":"product_cat","embeddable":true,"href":"https:\/\/everydaychemshop.com\/fr\/wp-json\/wp\/v2\/product_cat?post=7935"},{"taxonomy":"product_tag","embeddable":true,"href":"https:\/\/everydaychemshop.com\/fr\/wp-json\/wp\/v2\/product_tag?post=7935"}],"curies":[{"name":"wp","href":"https:\/\/api.w.org\/{rel}","templated":true}]}}